{"id":13289,"date":"2024-09-18T18:26:34","date_gmt":"2024-09-18T10:26:34","guid":{"rendered":"https:\/\/luxpowertek.com\/?page_id=13289"},"modified":"2024-09-18T21:15:03","modified_gmt":"2024-09-18T13:15:03","slug":"napelemes-energiatarolas-az-egyesult-kiralysagban-2024-ben","status":"publish","type":"page","link":"https:\/\/luxpowertek.com\/hu\/napelemes-energiatarolas-az-egyesult-kiralysagban-2024-ben\/","title":{"rendered":"Napelemes \u00e9s energiat\u00e1rol\u00e1si rendszerek Egyes\u00fclt Kir\u00e1lys\u00e1g 2024"},"content":{"rendered":"<div class=\"slider-wrapper relative\" id=\"slider-614571934\" >\n    <div class=\"slider slider-nav-circle slider-nav-large slider-nav-light slider-style-normal\"\n        data-flickity-options='{            \"cellAlign\": \"center\",            \"imagesLoaded\": true,            \"lazyLoad\": 1,            \"freeScroll\": false,            \"wrapAround\": true,            \"autoPlay\": 6000,            \"pauseAutoPlayOnHover\" : true,            \"prevNextButtons\": true,            \"contain\" : true,            \"adaptiveHeight\" : true,            \"dragThreshold\" : 10,            \"percentPosition\": true,            \"pageDots\": true,            \"rightToLeft\": false,            \"draggable\": true,            \"selectedAttraction\": 0.1,            \"parallax\" : 0,            \"friction\": 0.6        }'\n        >\n        \n\n  <div class=\"banner has-hover\" id=\"banner-886687917\">\n          <div class=\"banner-inner fill\">\n        <div class=\"banner-bg fill\" >\n            <div class=\"bg fill bg-fill\"><\/div>\n                        <div class=\"overlay\"><\/div>            \n                    <\/div>\n\t\t\n        <div class=\"banner-layers container\">\n            <div class=\"fill banner-link\"><\/div>            \n   <div id=\"text-box-1193099641\" class=\"text-box banner-layer x50 md-x50 lg-x50 y50 md-y50 lg-y50 res-text\">\n                                <div class=\"text-box-content text dark\">\n              \n              <div class=\"text-inner text-center\">\n                  \n<h1>Tal\u00e1lkozzon a Luxpowerrel az #B48-as standon<\/h1>\n<div id=\"timer-1722058025\" class=\"ux-timer light\" data-text-plural=\"s\" data-text-hour=\"hour\" data-text-day=\"day\" data-text-week=\"week\" data-text-min=\"min\" data-text-sec=\"sec\" data-text-hour-p=\"\" data-text-day-p=\"\" data-text-week-p=\"\" data-text-min-p=\"\" data-text-sec-p=\"\" data-countdown=\"2024\/9\/24 18:00\"><span>&nbsp;<div class=\"loading-spin dark centered\"><\/div><strong>&nbsp;<\/strong><\/span><\/div>\n<style>\n#timer-1722058025 {\n  font-size: 307%;\n}\n#timer-1722058025 span {\n  background-color: rgba(255, 255, 255, 0.86);\n}\n<\/style>\n\n\t<div id=\"gap-778285171\" class=\"gap-element clearfix\" style=\"display:block; height:auto;\">\n\t\t\n<style>\n#gap-778285171 {\n  padding-top: 30px;\n}\n<\/style>\n\t<\/div>\n\t\n<a href=\"https:\/\/secure.terrapinn.com\/V5\/step2.aspx?q=3759484CPSS&#038;TMID=4251512&#038;EID=10835\" target=\"_blank\" class=\"button secondary is-larger\" rel=\"noopener\"  style=\"border-radius:10px;\">\n    <span>Regisztr\u00e1ljon most<\/span>\n  <i class=\"icon-angle-right\" aria-hidden=\"true\" ><\/i><\/a>\n\n              <\/div>\n           <\/div>\n                            \n<style>\n#text-box-1193099641 {\n  width: 80%;\n}\n#text-box-1193099641 .text-box-content {\n  font-size: 100%;\n}\n@media (min-width:550px) {\n  #text-box-1193099641 {\n    width: 69%;\n  }\n}\n<\/style>\n    <\/div>\n \n        <\/div>\n      <\/div>\n\n            \n<style>\n#banner-886687917 {\n  padding-top: 706px;\n}\n#banner-886687917 .bg.bg-loaded {\n  background-image: url(https:\/\/luxpowertek.com\/wp-content\/uploads\/2024\/08\/UK-EXPO-scaled.webp);\n}\n#banner-886687917 .overlay {\n  background-color: rgba(79, 79, 79, 0.5);\n}\n#banner-886687917 .bg {\n  background-position: 40% 54%;\n}\n<\/style>\n  <\/div>\n\n\n     <\/div>\n\n     <div class=\"loading-spin dark large centered\"><\/div>\n\n\t<\/div>\n\n\n<div class=\"row\"  id=\"row-1841335300\">\n\n\t<div id=\"col-1410443294\" class=\"col small-12 large-12\"  >\n\t\t\t\t<div class=\"col-inner\"  >\n\t\t\t\n\t\t\t\n\t<div id=\"text-3950662626\" class=\"text\">\n\t\t\n<h1 class=\"uppercase\" style=\"text-align: center;\">Csatlakozzon hozz\u00e1nk a Solar &amp; Storage Live UK 2024 ki\u00e1ll\u00edt\u00e1son!<\/h1>\n<h1 class=\"uppercase\" style=\"text-align: center;\">A tiszta energiamegold\u00e1sok j\u00f6v\u0151j\u00e9nek mozgat\u00f3rug\u00f3i<\/h1>\n\t\t\n<style>\n#text-3950662626 {\n  text-align: center;\n}\n<\/style>\n\t<\/div>\n\t\n\t\t<\/div>\n\t\t\t\t\t<\/div>\n\n\t\n<\/div>\n<div class=\"row\"  id=\"row-1682427419\">\n\n\t<div id=\"col-110125306\" class=\"col medium-6 small-12 large-6\"  >\n\t\t\t\t<div class=\"col-inner\"  >\n\t\t\t\n\t\t\t\n\t<div id=\"text-1726049908\" class=\"text\">\n\t\t\n\t\t\n<style>\n#text-1726049908 {\n  text-align: left;\n}\n<\/style>\n\t<\/div>\n\t\n<ul>\n<li><span style=\"font-size: 120%;\"><strong>D\u00e1tum<\/strong>2024. szeptember 24\u201326.<\/span><\/li>\n<li><span style=\"font-size: 120%;\"><strong>Elhelyezked\u00e9s<\/strong>NEC, Birmingham, Egyes\u00fclt Kir\u00e1lys\u00e1g<\/span><\/li>\n<li><span style=\"font-size: 120%;\"><strong>B\u00f3d\u00e9<\/strong>: #B48<\/span><\/li>\n<\/ul>\n<p><span style=\"font-size: 100%;\">A Luxpower izgatottan mutatja be \u00e9lvonalbeli energiat\u00e1rol\u00e1si megold\u00e1sait a 2024-es Solar &amp; Storage Live UK ki\u00e1ll\u00edt\u00e1son. Ahogy az energiapiac fejl\u0151dik, hibrid \u00e9s h\u00e1l\u00f3zaton k\u00edv\u00fcli invertereinket \u00fagy tervezt\u00fck, hogy fenntarthat\u00f3 \u00e9s hat\u00e9kony energiamegold\u00e1sokat k\u00edn\u00e1ljanak mind lakoss\u00e1gi, mind kereskedelmi alkalmaz\u00e1sok sz\u00e1m\u00e1ra.<\/span><\/p>\n<a href=\"https:\/\/luxpowertek.com\/hu\/termekek\/\" class=\"button secondary\"  style=\"border-radius:10px;\">\n    <span>Fedezze fel term\u00e9keinket<\/span>\n  <i class=\"icon-angle-right\" aria-hidden=\"true\" ><\/i><\/a>\n\n\t\t<\/div>\n\t\t\t\t\t<\/div>\n\n\t\n\n\t<div id=\"col-225843125\" class=\"col medium-6 small-12 large-6\"  >\n\t\t\t\t<div class=\"col-inner\"  >\n\t\t\t\n\t\t\t\n\t<div id=\"gap-713977233\" class=\"gap-element clearfix\" style=\"display:block; height:auto;\">\n\t\t\n<style>\n#gap-713977233 {\n  padding-top: 30px;\n}\n<\/style>\n\t<\/div>\n\t\n\n  <div class=\"banner has-hover\" id=\"banner-52986683\">\n          <div class=\"banner-inner fill\">\n        <div class=\"banner-bg fill\" >\n            <div class=\"bg fill bg-fill\"><\/div>\n                                    \n                    <\/div>\n\t\t\n        <div class=\"banner-layers container\">\n            <div class=\"fill banner-link\"><\/div>            \n   <div id=\"text-box-1112401096\" class=\"text-box banner-layer x50 md-x50 lg-x50 y50 md-y50 lg-y50 res-text\">\n                                <div class=\"text-box-content text dark\">\n              \n              <div class=\"text-inner text-center\">\n                  \n              <\/div>\n           <\/div>\n                            \n<style>\n#text-box-1112401096 {\n  width: 60%;\n}\n#text-box-1112401096 .text-box-content {\n  font-size: 100%;\n}\n<\/style>\n    <\/div>\n \n        <\/div>\n      <\/div>\n\n            \n<style>\n#banner-52986683 {\n  padding-top: 56.25%;\n}\n#banner-52986683 .bg.bg-loaded {\n  background-image: url(https:\/\/luxpowertek.com\/wp-content\/uploads\/2024\/09\/EU-Series.webp);\n}\n<\/style>\n  <\/div>\n\n\n\t\t<\/div>\n\t\t\t\t\t<\/div>\n\n\t\n<\/div>\n<div class=\"row\"  id=\"row-422281703\">\n\n\t<div id=\"col-1880813887\" class=\"col medium-4 small-12 large-4\"  >\n\t\t\t\t<div class=\"col-inner\"  >\n\t\t\t\n\t\t\t\n\t\t<\/div>\n\t\t\t\t\t<\/div>\n\n\t\n\n\t<div id=\"col-482806680\" class=\"col medium-4 small-12 large-4\"  >\n\t\t\t\t<div class=\"col-inner\"  >\n\t\t\t\n\t\t\t\n\t\t<\/div>\n\t\t\t\t\t<\/div>\n\n\t\n\n\t<div id=\"col-1594631567\" class=\"col medium-4 small-12 large-4\"  >\n\t\t\t\t<div class=\"col-inner\"  >\n\t\t\t\n\t\t\t\n\t\t<\/div>\n\t\t\t\t\t<\/div>\n\n\t\n<\/div>\n\t<div id=\"gap-116782363\" class=\"gap-element clearfix\" style=\"display:block; height:auto;\">\n\t\t\n<style>\n#gap-116782363 {\n  padding-top: 30px;\n}\n<\/style>\n\t<\/div>\n\t\n<div class=\"row\"  id=\"row-1241254744\">\n\n\t<div id=\"col-2004947724\" class=\"col medium-6 small-12 large-6\"  >\n\t\t\t\t<div class=\"col-inner\"  >\n\t\t\t\n\t\t\t\n<h2>Mire sz\u00e1m\u00edthat a napelemes \u00e9s energiat\u00e1rol\u00f3s energia piac\u00e1n az Egyes\u00fclt Kir\u00e1lys\u00e1gban 2024-ben?<\/h2>\n<ul>\n<li><span style=\"font-size: 100%;\"><strong>Innovat\u00edv hibrid \u00e9s Off-Grid inverterek<\/strong>A luxpower cs\u00facstechnol\u00f3gi\u00e1s hibrid \u00e9s h\u00e1l\u00f3zaton k\u00edv\u00fcli invertereinek bemutat\u00f3ja, lakoss\u00e1gi \u00e9s kiskereskedelmi alkalmaz\u00e1sokhoz egyar\u00e1nt, split-f\u00e1zis\u00fa technol\u00f3gi\u00e1val.<\/span><\/li>\n<li><span style=\"font-size: 100%;\"><strong>Leg\u00fajabb intelligens terhel\u00e9s- \u00e9s v\u00e1lt\u00f3\u00e1ram-csatol\u00e1si megold\u00e1sok<\/strong>Hogyan k\u00e9pesek a luxpower inverterek intelligensen kezelni az energiafelhaszn\u00e1l\u00e1st, integr\u00e1l\u00f3dva a k\u00fcl\u00f6nf\u00e9le meg\u00fajul\u00f3 energiarendszerekkel.<\/span><\/li>\n<li><span style=\"font-size: 100%;\"><strong>\u00daj term\u00e9kbevezet\u00e9sek<\/strong>Bevezet\u00e9s a luxpower leg\u00fajabb SNA 12K off-grid term\u00e9kmodelljeibe \u00e9s jellemz\u0151ibe, amelyeket kiz\u00e1r\u00f3lag az esem\u00e9nyen mutatnak be.<\/span><\/li>\n<\/ul>\n<a href=\"https:\/\/secure.terrapinn.com\/V5\/step2.aspx?q=3759484CPSS&#038;TMID=4251512&#038;EID=10835\" target=\"_blank\" class=\"button secondary\" rel=\"noopener\"  style=\"border-radius:10px;\">\n    <span>Az ingyenes jegyek megszerz\u00e9s\u00e9hez<\/span>\n  <i class=\"icon-angle-right\" aria-hidden=\"true\" ><\/i><\/a>\n\n\t\t<\/div>\n\t\t\t\t\n<style>\n#col-2004947724 > .col-inner {\n  padding: 0px 17px 34px 0px;\n}\n<\/style>\n\t<\/div>\n\n\t\n\n\t<div id=\"col-1812790874\" class=\"col medium-6 small-12 large-6\"  >\n\t\t\t\t<div class=\"col-inner\"  >\n\t\t\t\n\t\t\t\n<div class=\"slider-wrapper relative\" id=\"slider-1354209642\" >\n    <div class=\"slider slider-nav-circle slider-nav-large slider-nav-light slider-style-normal\"\n        data-flickity-options='{            \"cellAlign\": \"center\",            \"imagesLoaded\": true,            \"lazyLoad\": 1,            \"freeScroll\": false,            \"wrapAround\": true,            \"autoPlay\": 6000,            \"pauseAutoPlayOnHover\" : true,            \"prevNextButtons\": true,            \"contain\" : true,            \"adaptiveHeight\" : true,            \"dragThreshold\" : 10,            \"percentPosition\": true,            \"pageDots\": true,            \"rightToLeft\": false,            \"draggable\": true,            \"selectedAttraction\": 0.1,            \"parallax\" : 0,            \"friction\": 0.6        }'\n        >\n        \n\n  <div class=\"banner has-hover\" id=\"banner-1992294453\">\n          <div class=\"banner-inner fill\">\n        <div class=\"banner-bg fill\" >\n            <div class=\"bg fill bg-fill\"><\/div>\n                                    \n                    <\/div>\n\t\t\n        <div class=\"banner-layers container\">\n            <div class=\"fill banner-link\"><\/div>            \n   <div id=\"text-box-334421392\" class=\"text-box banner-layer x50 md-x50 lg-x50 y50 md-y50 lg-y50 res-text\">\n                                <div class=\"text-box-content text dark\">\n              \n              <div class=\"text-inner text-center\">\n                  \n              <\/div>\n           <\/div>\n                            \n<style>\n#text-box-334421392 {\n  width: 60%;\n}\n#text-box-334421392 .text-box-content {\n  font-size: 100%;\n}\n<\/style>\n    <\/div>\n \n        <\/div>\n      <\/div>\n\n            \n<style>\n#banner-1992294453 {\n  padding-top: 500px;\n}\n#banner-1992294453 .bg.bg-loaded {\n  background-image: url(https:\/\/luxpowertek.com\/wp-content\/uploads\/2024\/08\/three-2.webp);\n}\n#banner-1992294453 .bg {\n  background-position: 0% 14%;\n}\n<\/style>\n  <\/div>\n\n\n     <\/div>\n\n     <div class=\"loading-spin dark large centered\"><\/div>\n\n\t<\/div>\n\n\n\t\t<\/div>\n\t\t\t\t\t<\/div>\n\n\t\n<\/div>\n\t<div id=\"gap-1425752118\" class=\"gap-element clearfix\" style=\"display:block; height:auto;\">\n\t\t\n<style>\n#gap-1425752118 {\n  padding-top: 30px;\n}\n<\/style>\n\t<\/div>\n\t\n<div class=\"row\"  id=\"row-391749909\">\n\n\t<div id=\"col-1620725685\" class=\"col small-12 large-12\"  >\n\t\t\t\t<div class=\"col-inner\"  >\n\t\t\t\n\t\t\t\n\t<div id=\"text-4034038612\" class=\"text\">\n\t\t\n<h3>Luxpower napirend<\/h3>\n\t\t\n<style>\n#text-4034038612 {\n  text-align: center;\n}\n<\/style>\n\t<\/div>\n\t\n<ul>\n<li>\n<p><strong>Term\u00e9kbemutat\u00f3k<\/strong><\/p>\n<p>Bemutatjuk leg\u00fajabb term\u00e9keinket, t\u00f6bbek k\u00f6z\u00f6tt a <strong>SNA 12K USA<\/strong> h\u00e1l\u00f3zaton k\u00edv\u00fcli inverter, <strong>Hibrid inverterek<\/strong>, \u00e9s <strong>energiat\u00e1rol\u00e1si megold\u00e1sok<\/strong>A l\u00e1togat\u00f3k els\u0151 k\u00e9zb\u0151l l\u00e1thatj\u00e1k, hogyan integr\u00e1l\u00f3dnak z\u00f6kken\u0151mentesen rendszereink a napenergi\u00e1val az energiahat\u00e9konys\u00e1g optimaliz\u00e1l\u00e1sa \u00e9rdek\u00e9ben.<\/li>\n<li>\n<p><strong>Technikai magyar\u00e1zatok \u00e9s \u00e9l\u0151 dem\u00f3k<\/strong><\/p>\n<p>Szak\u00e9rt\u0151 m\u00e9rn\u00f6keink a nap folyam\u00e1n el\u0151re meghat\u00e1rozott id\u0151pontokban \u00e9l\u0151 bemutat\u00f3kat tartanak, amelyeken r\u00e9szletes magyar\u00e1zatokat adnak arr\u00f3l, hogyan m\u0171k\u00f6dnek a szolg\u00e1ltat\u00e1saink. <strong>Intelligens terhel\u00e9skezel\u00e9s<\/strong>, <strong>AC csatol\u00e1s<\/strong>, \u00e9s <strong>GEN Port integr\u00e1ci\u00f3<\/strong> munka. Ez egy nagyszer\u0171 lehet\u0151s\u00e9g arra, hogy meg\u00e9rts\u00fck, hogyan illeszkednek megold\u00e1saink mind a lakoss\u00e1gi, mind a kereskedelmi alkalmaz\u00e1sokba.<\/li>\n<li>\n<p><strong>Helysz\u00edni m\u0171szaki t\u00e1mogat\u00e1s<\/strong><\/p>\n<p>M\u0171szaki csapatunk a helysz\u00ednen lesz, hogy azonnali t\u00e1mogat\u00e1st ny\u00fajtson \u00e9s megv\u00e1laszolja a term\u00e9kekkel kapcsolatos k\u00e9rd\u00e9seket. Ak\u00e1r forgalmaz\u00f3, telep\u00edt\u0151 vagy v\u00e9gfelhaszn\u00e1l\u00f3, csapatunk k\u00e9szen \u00e1ll, hogy seg\u00edtsen b\u00e1rmilyen k\u00e9rd\u00e9sben, \u00e9s \u00fatmutat\u00e1st adjon a rendszerkonfigur\u00e1ci\u00f3kkal kapcsolatban.<\/li>\n<li>\n<p><strong>\u00dczleti tal\u00e1lkoz\u00f3k \u00e9s kapcsolat\u00e9p\u00edt\u00e9s<\/strong><\/p>\n<p>Szeretettel v\u00e1rjuk a forgalmaz\u00f3kat, telep\u00edt\u0151ket \u00e9s az ipar\u00e1gi szakembereket, hogy megvitass\u00e1k a lehets\u00e9ges \u00fczleti egy\u00fcttm\u0171k\u00f6d\u00e9seket. Kereskedelmi csapatunk a rendezv\u00e9ny alatt v\u00e9gig rendelkez\u00e9sre \u00e1ll, hogy felm\u00e9rje a partners\u00e9gi lehet\u0151s\u00e9geket \u00e9s a konkr\u00e9t piaci ig\u00e9nyekhez igazod\u00f3 megold\u00e1sokat k\u00edn\u00e1ljon.<\/li>\n<li>\n<p><strong>Exkluz\u00edv kereskedelmi prezent\u00e1ci\u00f3k<\/strong><\/p>\n<p>Minden nap exkluz\u00edv el\u0151ad\u00e1sokat k\u00edn\u00e1lunk, amelyek arra \u00f6sszpontos\u00edtanak, hogyan <strong>A Luxpower megold\u00e1sai<\/strong> seg\u00edthet a v\u00e1llalkoz\u00e1soknak az energiaf\u00fcggetlens\u00e9g jav\u00edt\u00e1s\u00e1ban, a k\u00f6lts\u00e9gek cs\u00f6kkent\u00e9s\u00e9ben \u00e9s az \u00faj fenntarthat\u00f3s\u00e1gi c\u00e9lok el\u00e9r\u00e9s\u00e9ben.<\/li>\n<\/ul>\n\t\t<\/div>\n\t\t\t\t\t<\/div>\n\n\t\n<\/div>\n\t<div id=\"gap-121052624\" class=\"gap-element clearfix\" style=\"display:block; height:auto;\">\n\t\t\n<style>\n#gap-121052624 {\n  padding-top: 30px;\n}\n<\/style>\n\t<\/div>\n\t\n<div class=\"row\"  id=\"row-1385953996\">\n\n\t<div id=\"col-1799667817\" class=\"col small-12 large-12\"  >\n\t\t\t\t<div class=\"col-inner\"  >\n\t\t\t\n\t\t\t\n<div class=\"text-center\"><div class=\"is-divider divider clearfix\" style=\"max-width:1080px;\"><\/div><\/div>\n\t\t<\/div>\n\t\t\t\t\t<\/div>\n\n\t\n<\/div>\n\n  <div class=\"banner has-hover\" id=\"banner-1328590097\">\n          <div class=\"banner-inner fill\">\n        <div class=\"banner-bg fill\" >\n            <div class=\"bg fill bg-fill\"><\/div>\n                                    \n                    <\/div>\n\t\t\t<div class=\"ux-shape-divider ux-shape-divider--top ux-shape-divider--style-triangle-opacity\">\n\t\t<svg viewbox=\"0 0 1000 100\" xmlns=\"http:\/\/www.w3.org\/2000\/svg\" preserveaspectratio=\"none\">\n\t<path class=\"ux-shape-fill\" d=\"M1025 100H-25L500 24L1025 100Z\"\/>\n\t<path class=\"ux-shape-fill\" opacity=\"0.3\" d=\"M1025 100H-25L500 0L1025 100Z\"\/>\n<\/svg>\n\t<\/div>\n\n        <div class=\"banner-layers container\">\n            <div class=\"fill banner-link\"><\/div>            \n   <div id=\"text-box-1773858395\" class=\"text-box banner-layer x50 md-x50 lg-x50 y50 md-y50 lg-y50 res-text\">\n                                <div class=\"text-box-content text dark\">\n              \n              <div class=\"text-inner text-center\">\n                  \n<a href=\"https:\/\/secure.terrapinn.com\/V5\/step2.aspx?q=3759484CPSS&#038;TMID=4251512&#038;EID=10835\" target=\"_blank\" class=\"button primary\" rel=\"noopener\"  style=\"border-radius:10px;\">\n    <span>Az ingyenes jegyek megszerz\u00e9s\u00e9hez<\/span>\n  <\/a>\n\n              <\/div>\n           <\/div>\n                            \n<style>\n#text-box-1773858395 {\n  width: 60%;\n}\n#text-box-1773858395 .text-box-content {\n  font-size: 100%;\n}\n<\/style>\n    <\/div>\n \n        <\/div>\n      <\/div>\n\n            \n<style>\n#banner-1328590097 {\n  padding-top: 500px;\n}\n#banner-1328590097 .bg.bg-loaded {\n  background-image: url(https:\/\/luxpowertek.com\/wp-content\/uploads\/2024\/08\/a10-scaled.webp);\n}\n#banner-1328590097 .ux-shape-divider--top svg {\n  height: 150px;\n  --divider-top-width: 100%;\n}\n<\/style>\n  <\/div>\n\n\n\t<div id=\"gap-950492887\" class=\"gap-element clearfix\" style=\"display:block; height:auto;\">\n\t\t\n<style>\n#gap-950492887 {\n  padding-top: 54px;\n}\n<\/style>\n\t<\/div>","protected":false},"excerpt":{"rendered":"","protected":false},"author":3,"featured_media":0,"parent":0,"menu_order":0,"comment_status":"closed","ping_status":"closed","template":"page-blank.php","meta":{"rop_custom_images_group":[],"rop_custom_messages_group":[],"rop_publish_now":"initial","rop_publish_now_accounts":[],"rop_publish_now_history":[],"rop_publish_now_status":"pending","footnotes":""},"class_list":["post-13289","page","type-page","status-publish","hentry"],"yoast_head":"<!-- This site is optimized with the Yoast SEO plugin v27.3 - https:\/\/yoast.com\/product\/yoast-seo-wordpress\/ -->\n<title>Solar &amp; Storage UK 2024 -<\/title>\n<meta name=\"robots\" content=\"index, follow, max-snippet:-1, max-image-preview:large, max-video-preview:-1\" \/>\n<link rel=\"canonical\" href=\"https:\/\/luxpowertek.com\/hu\/napelemes-energiatarolas-az-egyesult-kiralysagban-2024-ben\/\" \/>\n<meta property=\"og:locale\" content=\"hu_HU\" \/>\n<meta property=\"og:type\" content=\"article\" \/>\n<meta property=\"og:title\" content=\"Solar &amp; Storage UK 2024 -\" \/>\n<meta property=\"og:url\" content=\"https:\/\/luxpowertek.com\/hu\/napelemes-energiatarolas-az-egyesult-kiralysagban-2024-ben\/\" \/>\n<meta property=\"article:publisher\" content=\"https:\/\/www.facebook.com\/LUXPOWERTEK\" \/>\n<meta property=\"article:modified_time\" content=\"2024-09-18T13:15:03+00:00\" \/>\n<meta name=\"twitter:card\" content=\"summary_large_image\" \/>\n<script type=\"application\/ld+json\" class=\"yoast-schema-graph\">{\"@context\":\"https:\\\/\\\/schema.org\",\"@graph\":[{\"@type\":\"WebPage\",\"@id\":\"https:\\\/\\\/luxpowertek.com\\\/es\\\/almacenamiento-solar-reino-unido-2024\\\/\",\"url\":\"https:\\\/\\\/luxpowertek.com\\\/es\\\/almacenamiento-solar-reino-unido-2024\\\/\",\"name\":\"Solar & Storage UK 2024 -\",\"isPartOf\":{\"@id\":\"https:\\\/\\\/luxpowertek.com\\\/#website\"},\"datePublished\":\"2024-09-18T10:26:34+00:00\",\"dateModified\":\"2024-09-18T13:15:03+00:00\",\"breadcrumb\":{\"@id\":\"https:\\\/\\\/luxpowertek.com\\\/es\\\/almacenamiento-solar-reino-unido-2024\\\/#breadcrumb\"},\"inLanguage\":\"hu\",\"potentialAction\":[{\"@type\":\"ReadAction\",\"target\":[\"https:\\\/\\\/luxpowertek.com\\\/es\\\/almacenamiento-solar-reino-unido-2024\\\/\"]}]},{\"@type\":\"BreadcrumbList\",\"@id\":\"https:\\\/\\\/luxpowertek.com\\\/es\\\/almacenamiento-solar-reino-unido-2024\\\/#breadcrumb\",\"itemListElement\":[{\"@type\":\"ListItem\",\"position\":1,\"name\":\"Home\",\"item\":\"https:\\\/\\\/luxpowertek.com\\\/\"},{\"@type\":\"ListItem\",\"position\":2,\"name\":\"Solar &#038; Storage UK 2024\"}]},{\"@type\":\"WebSite\",\"@id\":\"https:\\\/\\\/luxpowertek.com\\\/#website\",\"url\":\"https:\\\/\\\/luxpowertek.com\\\/\",\"name\":\"\",\"description\":\"\",\"publisher\":{\"@id\":\"https:\\\/\\\/luxpowertek.com\\\/#organization\"},\"potentialAction\":[{\"@type\":\"SearchAction\",\"target\":{\"@type\":\"EntryPoint\",\"urlTemplate\":\"https:\\\/\\\/luxpowertek.com\\\/?s={search_term_string}\"},\"query-input\":{\"@type\":\"PropertyValueSpecification\",\"valueRequired\":true,\"valueName\":\"search_term_string\"}}],\"inLanguage\":\"hu\"},{\"@type\":\"Organization\",\"@id\":\"https:\\\/\\\/luxpowertek.com\\\/#organization\",\"name\":\"LuxpowerTek\",\"url\":\"https:\\\/\\\/luxpowertek.com\\\/\",\"logo\":{\"@type\":\"ImageObject\",\"inLanguage\":\"hu\",\"@id\":\"https:\\\/\\\/luxpowertek.com\\\/#\\\/schema\\\/logo\\\/image\\\/\",\"url\":\"https:\\\/\\\/luxpowertek.com\\\/wp-content\\\/uploads\\\/2024\\\/08\\\/Luxpower_logo_new.webp\",\"contentUrl\":\"https:\\\/\\\/luxpowertek.com\\\/wp-content\\\/uploads\\\/2024\\\/08\\\/Luxpower_logo_new.webp\",\"width\":1030,\"height\":186,\"caption\":\"LuxpowerTek\"},\"image\":{\"@id\":\"https:\\\/\\\/luxpowertek.com\\\/#\\\/schema\\\/logo\\\/image\\\/\"},\"sameAs\":[\"https:\\\/\\\/www.facebook.com\\\/LUXPOWERTEK\"]}]}<\/script>\n<!-- \/ Yoast SEO plugin. -->","yoast_head_json":{"title":"Napelemes \u00e9s energiat\u00e1rol\u00e1si rendszerek Egyes\u00fclt Kir\u00e1lys\u00e1g 2024 -","robots":{"index":"index","follow":"follow","max-snippet":"max-snippet:-1","max-image-preview":"max-image-preview:large","max-video-preview":"max-video-preview:-1"},"canonical":"https:\/\/luxpowertek.com\/hu\/napelemes-energiatarolas-az-egyesult-kiralysagban-2024-ben\/","og_locale":"hu_HU","og_type":"article","og_title":"Solar & Storage UK 2024 -","og_url":"https:\/\/luxpowertek.com\/hu\/napelemes-energiatarolas-az-egyesult-kiralysagban-2024-ben\/","article_publisher":"https:\/\/www.facebook.com\/LUXPOWERTEK","article_modified_time":"2024-09-18T13:15:03+00:00","twitter_card":"summary_large_image","schema":{"@context":"https:\/\/schema.org","@graph":[{"@type":"WebPage","@id":"https:\/\/luxpowertek.com\/es\/almacenamiento-solar-reino-unido-2024\/","url":"https:\/\/luxpowertek.com\/es\/almacenamiento-solar-reino-unido-2024\/","name":"Napelemes \u00e9s energiat\u00e1rol\u00e1si rendszerek Egyes\u00fclt Kir\u00e1lys\u00e1g 2024 -","isPartOf":{"@id":"https:\/\/luxpowertek.com\/#website"},"datePublished":"2024-09-18T10:26:34+00:00","dateModified":"2024-09-18T13:15:03+00:00","breadcrumb":{"@id":"https:\/\/luxpowertek.com\/es\/almacenamiento-solar-reino-unido-2024\/#breadcrumb"},"inLanguage":"hu","potentialAction":[{"@type":"ReadAction","target":["https:\/\/luxpowertek.com\/es\/almacenamiento-solar-reino-unido-2024\/"]}]},{"@type":"BreadcrumbList","@id":"https:\/\/luxpowertek.com\/es\/almacenamiento-solar-reino-unido-2024\/#breadcrumb","itemListElement":[{"@type":"ListItem","position":1,"name":"Home","item":"https:\/\/luxpowertek.com\/"},{"@type":"ListItem","position":2,"name":"Solar &#038; Storage UK 2024"}]},{"@type":"WebSite","@id":"https:\/\/luxpowertek.com\/#website","url":"https:\/\/luxpowertek.com\/","name":"","description":"","publisher":{"@id":"https:\/\/luxpowertek.com\/#organization"},"potentialAction":[{"@type":"SearchAction","target":{"@type":"EntryPoint","urlTemplate":"https:\/\/luxpowertek.com\/?s={search_term_string}"},"query-input":{"@type":"PropertyValueSpecification","valueRequired":true,"valueName":"search_term_string"}}],"inLanguage":"hu"},{"@type":"Organization","@id":"https:\/\/luxpowertek.com\/#organization","name":"LuxpowerTek","url":"https:\/\/luxpowertek.com\/","logo":{"@type":"ImageObject","inLanguage":"hu","@id":"https:\/\/luxpowertek.com\/#\/schema\/logo\/image\/","url":"https:\/\/luxpowertek.com\/wp-content\/uploads\/2024\/08\/Luxpower_logo_new.webp","contentUrl":"https:\/\/luxpowertek.com\/wp-content\/uploads\/2024\/08\/Luxpower_logo_new.webp","width":1030,"height":186,"caption":"LuxpowerTek"},"image":{"@id":"https:\/\/luxpowertek.com\/#\/schema\/logo\/image\/"},"sameAs":["https:\/\/www.facebook.com\/LUXPOWERTEK"]}]}},"_links":{"self":[{"href":"https:\/\/luxpowertek.com\/hu\/wp-json\/wp\/v2\/pages\/13289","targetHints":{"allow":["GET"]}}],"collection":[{"href":"https:\/\/luxpowertek.com\/hu\/wp-json\/wp\/v2\/pages"}],"about":[{"href":"https:\/\/luxpowertek.com\/hu\/wp-json\/wp\/v2\/types\/page"}],"author":[{"embeddable":true,"href":"https:\/\/luxpowertek.com\/hu\/wp-json\/wp\/v2\/users\/3"}],"replies":[{"embeddable":true,"href":"https:\/\/luxpowertek.com\/hu\/wp-json\/wp\/v2\/comments?post=13289"}],"version-history":[{"count":7,"href":"https:\/\/luxpowertek.com\/hu\/wp-json\/wp\/v2\/pages\/13289\/revisions"}],"predecessor-version":[{"id":13303,"href":"https:\/\/luxpowertek.com\/hu\/wp-json\/wp\/v2\/pages\/13289\/revisions\/13303"}],"wp:attachment":[{"href":"https:\/\/luxpowertek.com\/hu\/wp-json\/wp\/v2\/media?parent=13289"}],"curies":[{"name":"munkaf\u00fczet","href":"https:\/\/api.w.org\/{rel}","templated":true}]}}