{"id":11452,"date":"2024-08-03T21:50:21","date_gmt":"2024-08-03T13:50:21","guid":{"rendered":"https:\/\/luxpowertek.com\/?page_id=11452"},"modified":"2025-11-07T16:32:09","modified_gmt":"2025-11-07T08:32:09","slug":"alkalmazasok","status":"publish","type":"page","link":"https:\/\/luxpowertek.com\/hu\/alkalmazasok\/","title":{"rendered":"Alkalmaz\u00e1sok"},"content":{"rendered":"<div class=\"banner has-hover\" id=\"banner-1170183774\">\n          <div class=\"banner-inner fill\">\n        <div class=\"banner-bg fill\" >\n            <div class=\"bg fill bg-fill\"><\/div>\n                                    \n                    <\/div>\n\t\t\n        <div class=\"banner-layers container\">\n            <div class=\"fill banner-link\"><\/div>            \n   <div id=\"text-box-1340807981\" class=\"text-box banner-layer x50 md-x50 lg-x50 y50 md-y50 lg-y50 res-text\">\n                                <div class=\"text-box-content text dark\">\n              \n              <div class=\"text-inner text-center\">\n                  \n              <\/div>\n           <\/div>\n                            \n<style>\n#text-box-1340807981 {\n  width: 60%;\n}\n#text-box-1340807981 .text-box-content {\n  font-size: 100%;\n}\n<\/style>\n    <\/div>\n \n        <\/div>\n      <\/div>\n\n            \n<style>\n#banner-1170183774 {\n  padding-top: 40%;\n}\n#banner-1170183774 .bg.bg-loaded {\n  background-image: url(https:\/\/luxpowertek.com\/wp-content\/uploads\/2024\/07\/Case-Study-scaled.webp);\n}\n<\/style>\n  <\/div>\n\n\n\t<section class=\"section\" id=\"section_1924877569\">\n\t\t<div class=\"bg section-bg fill bg-fill  bg-loaded\" >\n\n\t\t\t\n\t\t\t\n\t\t\t\n\n\t\t<\/div>\n\n\t\t\n\n\t\t<div class=\"section-content relative\">\n\t\t\t\n<div class=\"row\"  id=\"row-1916028511\">\n\n\t<div id=\"col-582367214\" class=\"col small-12 large-12\"  >\n\t\t\t\t<div class=\"col-inner\"  >\n\t\t\t\n\t\t\t\n\t<div id=\"text-3542612359\" class=\"text\">\n\t\t\n<h1 class=\"lead\"><span style=\"font-size: 115%;\"><strong>\u00dcgyf\u00e9lesetek<\/strong><\/span><\/h1>\n\t\t\n<style>\n#text-3542612359 {\n  text-align: center;\n}\n<\/style>\n\t<\/div>\n\t\n\t\t<\/div>\n\t\t\t\t\t<\/div>\n\n\t\n<\/div>\n<div class=\"row\"  id=\"row-1362822671\">\n\n\t<div id=\"col-423451674\" class=\"col medium-4 small-12 large-4\"  >\n\t\t\t\t<div class=\"col-inner\" style=\"background-color:rgb(255,255,255);\" >\n\t\t\t\n\t\t\t\n<div class=\"row\"  id=\"row-889432979\">\n\n\t<div id=\"col-867700267\" class=\"col small-12 large-12\"  >\n\t\t\t\t<div class=\"col-inner\"  >\n\t\t\t\n\t\t\t\n\t<div class=\"box has-hover   has-hover box-text-bottom\" >\n\n\t\t<div class=\"box-image\" >\n\t\t\t\t\t\t<div class=\"image-cover\" style=\"padding-top:100%;\">\n\t\t\t\t<img loading=\"lazy\" decoding=\"async\" width=\"1440\" height=\"1080\" src=\"https:\/\/luxpowertek.com\/wp-content\/uploads\/2024\/07\/Japan-case.webp\" class=\"attachment-original size-original\" alt=\"\" srcset=\"https:\/\/luxpowertek.com\/wp-content\/uploads\/2024\/07\/Japan-case.webp 1440w, https:\/\/luxpowertek.com\/wp-content\/uploads\/2024\/07\/Japan-case-300x225.webp 300w, https:\/\/luxpowertek.com\/wp-content\/uploads\/2024\/07\/Japan-case-1030x773.webp 1030w, https:\/\/luxpowertek.com\/wp-content\/uploads\/2024\/07\/Japan-case-768x576.webp 768w, https:\/\/luxpowertek.com\/wp-content\/uploads\/2024\/07\/Japan-case-510x383.webp 510w\" sizes=\"auto, (max-width: 1440px) 100vw, 1440px\" \/>\t\t\t\t\t\t\t\t\t\t\t<\/div>\n\t\t\t\t\t<\/div>\n\n\t\t<div class=\"box-text text-center\" >\n\t\t\t<div class=\"box-text-inner\">\n\t\t\t\t\n\t<div id=\"text-110586090\" class=\"text\">\n\t\t\n<p class=\"lead\" style=\"text-align: center;\"><strong>LSP 100K Jap\u00e1nban<\/strong><\/p>\n<p class=\"lead\" style=\"text-align: center;\"><strong><span style=\"color: #63ad80;\">3,6 MWh napelemes er\u0151m\u0171<\/span><\/strong><\/p>\n<p class=\"lead\"><span style=\"font-size: 90%;\">Kilenc darab Luxpower 100K napelemmel ezt a jap\u00e1n napelemfarmot egyen\u00e1ram\u00fa rendszerrel \u00e1talak\u00edtott\u00e1k energiat\u00e1rol\u00f3 er\u0151m\u0171v\u00e9, amely k\u00e9pes 1,8 MW napelemes energia kezel\u00e9s\u00e9re \u00e9s ak\u00e1r 900 kW akkumul\u00e1tort\u00f6lt\u00e9sre.<\/span><\/p>\n<p>\u00a0<\/p>\n<p>\u00a0<\/p>\n<p>\u00a0<\/p>\n<p>\u00a0<\/p>\n\t\t\n<style>\n#text-110586090 {\n  text-align: left;\n}\n<\/style>\n\t<\/div>\n\t\n<a href=\"https:\/\/www.tiktok.com\/t\/ZTN9ojcxU\/\" class=\"button secondary is-outline is-large\"  style=\"border-radius:99px;\">\n    <span>Tov\u00e1bbiak megtekint\u00e9se<\/span>\n  <\/a>\n\n\t\t\t<\/div>\n\t\t<\/div>\n\t<\/div>\n\t\n\t\t<\/div>\n\t\t\t\t\t<\/div>\n\n\t\n\n<style>\n#row-889432979 > .col > .col-inner {\n  background-color: rgba(9, 1, 1, 0.116);\n  border-radius: 15px;\n}\n<\/style>\n<\/div>\n\t\t<\/div>\n\t\t\t\t\t<\/div>\n\n\t\n\n\t<div id=\"col-1063212218\" class=\"col medium-4 small-12 large-4\"  >\n\t\t\t\t<div class=\"col-inner\"  >\n\t\t\t\n\t\t\t\n<div class=\"row\"  id=\"row-1514405296\">\n\n\t<div id=\"col-797716647\" class=\"col small-12 large-12\"  >\n\t\t\t\t<div class=\"col-inner\"  >\n\t\t\t\n\t\t\t\n\t<div class=\"box has-hover   has-hover box-text-bottom\" >\n\n\t\t<div class=\"box-image\" >\n\t\t\t\t\t\t<div class=\"image-cover\" style=\"padding-top:100%;\">\n\t\t\t\t<img loading=\"lazy\" decoding=\"async\" width=\"1440\" height=\"1080\" src=\"https:\/\/luxpowertek.com\/wp-content\/uploads\/2024\/07\/UK-case.webp\" class=\"attachment-original size-original\" alt=\"\" srcset=\"https:\/\/luxpowertek.com\/wp-content\/uploads\/2024\/07\/UK-case.webp 1440w, https:\/\/luxpowertek.com\/wp-content\/uploads\/2024\/07\/UK-case-300x225.webp 300w, https:\/\/luxpowertek.com\/wp-content\/uploads\/2024\/07\/UK-case-1030x773.webp 1030w, https:\/\/luxpowertek.com\/wp-content\/uploads\/2024\/07\/UK-case-768x576.webp 768w, https:\/\/luxpowertek.com\/wp-content\/uploads\/2024\/07\/UK-case-510x383.webp 510w\" sizes=\"auto, (max-width: 1440px) 100vw, 1440px\" \/>\t\t\t\t\t\t\t\t\t\t\t<\/div>\n\t\t\t\t\t<\/div>\n\n\t\t<div class=\"box-text text-center\" >\n\t\t\t<div class=\"box-text-inner\">\n\t\t\t\t\n\t<div id=\"text-2245952034\" class=\"text\">\n\t\t\n<p class=\"lead\" style=\"text-align: center;\"><strong>TriP 20K az Egyes\u00fclt Kir\u00e1lys\u00e1gban<\/strong><\/p>\n<p class=\"lead\" style=\"text-align: center;\"><span style=\"color: #63ad80;\"><strong>76,8 kWh PV \u00e9s ESS kemping<\/strong><\/span><\/p>\n<p class=\"lead\"><span style=\"font-size: 80%;\">N\u00e9zd meg, hogyan telep\u00edtettek 2 darab Luxpower 3-f\u00e1zis\u00fa energiat\u00e1rol\u00f3 hibrid invertert (TriP 6-20K) az Egyes\u00fclt Kir\u00e1lys\u00e1gban, amelyek egy kempinget teljesen h\u00e1l\u00f3zatr\u00f3l f\u00fcggetlen\u00fcl m\u0171k\u00f6dtetnek!<\/span><\/p>\n<p class=\"lead\"><span style=\"font-size: 80%;\">Robusztus kialak\u00edt\u00e1s\u00e1nak k\u00f6sz\u00f6nhet\u0151en 30 kW-os fotovoltaikus bemenetet kezel, \u00e9s 20 kW-os UPS kimenetet biztos\u00edt, \u00edgy megb\u00edzhat\u00f3 teljes\u00edtm\u00e9nyt biztos\u00edt mind lakoss\u00e1gi, mind kereskedelmi k\u00f6rnyezetben.<\/span><\/p>\n\t\t\n<style>\n#text-2245952034 {\n  text-align: left;\n}\n<\/style>\n\t<\/div>\n\t\n<a class=\"button secondary is-outline is-large\"  style=\"border-radius:99px;\">\n    <span>Tov\u00e1bbiak megtekint\u00e9se<\/span>\n  <\/a>\n\n\t\t\t<\/div>\n\t\t<\/div>\n\t<\/div>\n\t\n\t\t<\/div>\n\t\t\t\t\t<\/div>\n\n\t\n\n<style>\n#row-1514405296 > .col > .col-inner {\n  background-color: rgba(9, 1, 1, 0.116);\n  border-radius: 15px;\n}\n<\/style>\n<\/div>\n\t\t<\/div>\n\t\t\t\t\t<\/div>\n\n\t\n\n\t<div id=\"col-865231449\" class=\"col medium-4 small-12 large-4\"  >\n\t\t\t\t<div class=\"col-inner\"  >\n\t\t\t\n\t\t\t\n<div class=\"row\"  id=\"row-1778091753\">\n\n\t<div id=\"col-1309464364\" class=\"col small-12 large-12\"  >\n\t\t\t\t<div class=\"col-inner\"  >\n\t\t\t\n\t\t\t\n\t<div class=\"box has-hover   has-hover box-text-bottom\" >\n\n\t\t<div class=\"box-image\" >\n\t\t\t\t\t\t<div class=\"\" >\n\t\t\t\t<img loading=\"lazy\" decoding=\"async\" width=\"1280\" height=\"1280\" src=\"https:\/\/luxpowertek.com\/wp-content\/uploads\/2024\/07\/Vietnam-case.webp\" class=\"attachment-original size-original\" alt=\"\" srcset=\"https:\/\/luxpowertek.com\/wp-content\/uploads\/2024\/07\/Vietnam-case.webp 1280w, https:\/\/luxpowertek.com\/wp-content\/uploads\/2024\/07\/Vietnam-case-300x300.webp 300w, https:\/\/luxpowertek.com\/wp-content\/uploads\/2024\/07\/Vietnam-case-1030x1030.webp 1030w, https:\/\/luxpowertek.com\/wp-content\/uploads\/2024\/07\/Vietnam-case-80x80.webp 80w, https:\/\/luxpowertek.com\/wp-content\/uploads\/2024\/07\/Vietnam-case-768x768.webp 768w, https:\/\/luxpowertek.com\/wp-content\/uploads\/2024\/07\/Vietnam-case-510x510.webp 510w, https:\/\/luxpowertek.com\/wp-content\/uploads\/2024\/07\/Vietnam-case-100x100.webp 100w\" sizes=\"auto, (max-width: 1280px) 100vw, 1280px\" \/>\t\t\t\t\t\t\t\t\t\t\t<\/div>\n\t\t\t\t\t<\/div>\n\n\t\t<div class=\"box-text text-center\" >\n\t\t\t<div class=\"box-text-inner\">\n\t\t\t\t\n\t<div id=\"text-310727448\" class=\"text\">\n\t\t\n<p class=\"lead\" style=\"text-align: center;\"><strong>LXP-EU 10K Vietn\u00e1mban<\/strong><\/p>\n<p class=\"lead\" style=\"text-align: center;\"><span style=\"color: #63ad80;\"><strong>B\u0151v\u00edtse a rendszert 3-r\u00f3l 7 egys\u00e9gre<\/strong><\/span><\/p>\n<p class=\"lead\"><span style=\"font-size: 80%;\">Az elm\u00falt n\u00e9gy h\u00f3napban \u00fcgyfeleink izgalmas energia\u00e1talak\u00edt\u00e1si \u00fatra l\u00e9ptek. \u00dagy d\u00f6nt\u00f6ttek, hogy 3 darab LXP-EU 10K napelemes invertert telep\u00edtenek, \u00e9s ezzel h\u00e1l\u00f3zatra kapcsolt energiatermel\u00e9st val\u00f3s\u00edtottak meg. A n\u00f6vekv\u0151 kereslettel a rendszer m\u00e9rete folyamatosan b\u0151v\u00fclt, a kezdeti 3 inverterr\u0151l 5-re, majd v\u00e9g\u00fcl 7-re.\u00a0<\/span><\/p>\n\t\t\n<style>\n#text-310727448 {\n  text-align: left;\n}\n<\/style>\n\t<\/div>\n\t\n<a href=\"https:\/\/www.tiktok.com\/t\/ZTNx1dcTC\/\" class=\"button secondary is-outline is-large\"  style=\"border-radius:99px;\">\n    <span>Tov\u00e1bbiak megtekint\u00e9se<\/span>\n  <\/a>\n\n\t\t\t<\/div>\n\t\t<\/div>\n\t<\/div>\n\t\n\t\t<\/div>\n\t\t\t\t\t<\/div>\n\n\t\n\n<style>\n#row-1778091753 > .col > .col-inner {\n  background-color: rgba(9, 1, 1, 0.116);\n  border-radius: 15px;\n}\n<\/style>\n<\/div>\n\t\t<\/div>\n\t\t\t\t\t<\/div>\n\n\t\n<\/div>\n<div class=\"row\"  id=\"row-1295972613\">\n\n\t<div id=\"col-2081622839\" class=\"col medium-4 small-12 large-4\"  >\n\t\t\t\t<div class=\"col-inner\"  >\n\t\t\t\n\t\t\t\n<div class=\"row\"  id=\"row-1917853437\">\n\n\t<div id=\"col-1884270069\" class=\"col small-12 large-12\"  >\n\t\t\t\t<div class=\"col-inner\"  >\n\t\t\t\n\t\t\t\n\t<div class=\"box has-hover   has-hover box-text-bottom\" >\n\n\t\t<div class=\"box-image\" >\n\t\t\t\t\t\t<div class=\"image-cover\" style=\"padding-top:100%;\">\n\t\t\t\t<img loading=\"lazy\" decoding=\"async\" width=\"1200\" height=\"1600\" src=\"https:\/\/luxpowertek.com\/wp-content\/uploads\/2024\/07\/Lebanon-case.webp\" class=\"attachment-original size-original\" alt=\"\" srcset=\"https:\/\/luxpowertek.com\/wp-content\/uploads\/2024\/07\/Lebanon-case.webp 1200w, https:\/\/luxpowertek.com\/wp-content\/uploads\/2024\/07\/Lebanon-case-225x300.webp 225w, https:\/\/luxpowertek.com\/wp-content\/uploads\/2024\/07\/Lebanon-case-773x1030.webp 773w, https:\/\/luxpowertek.com\/wp-content\/uploads\/2024\/07\/Lebanon-case-768x1024.webp 768w, https:\/\/luxpowertek.com\/wp-content\/uploads\/2024\/07\/Lebanon-case-1152x1536.webp 1152w, https:\/\/luxpowertek.com\/wp-content\/uploads\/2024\/07\/Lebanon-case-510x680.webp 510w\" sizes=\"auto, (max-width: 1200px) 100vw, 1200px\" \/>\t\t\t\t\t\t\t\t\t\t\t<\/div>\n\t\t\t\t\t<\/div>\n\n\t\t<div class=\"box-text text-center\" >\n\t\t\t<div class=\"box-text-inner\">\n\t\t\t\t\n\t<div id=\"text-2233826203\" class=\"text\">\n\t\t\n<p class=\"lead\" style=\"text-align: center;\"><strong>LXP 12K Libanonban<\/strong><\/p>\n<h4><\/h4>\n<p class=\"lead\" style=\"text-align: center;\"><span style=\"color: #63ad80;\"><strong>30 kWh teljes otthoni tartal\u00e9k \u00e1ramell\u00e1t\u00e1s<\/strong><\/span><\/p>\n<p>30 kWh-s akkumul\u00e1torrendszer\u00e9vel \u00e9s a Luxpower LXP 12kW hibrid inverter intelligens vez\u00e9rl\u00e9s\u00e9vel hat\u00e9konyan meleg\u00edti a mediterr\u00e1n naps\u00fct\u00e9st, z\u00f6kken\u0151mentesen biztos\u00edtva az eg\u00e9sz otthoni \u00e1ramell\u00e1t\u00e1st.<br \/>\n\t\t\n<style>\n#text-2233826203 {\n  text-align: left;\n}\n<\/style>\n\t<\/div>\n\t\n<a href=\"https:\/\/www.tiktok.com\/t\/ZTNx1x38T\/\" class=\"button secondary is-outline is-large\"  style=\"border-radius:99px;\">\n    <span>Tov\u00e1bbiak megtekint\u00e9se<\/span>\n  <\/a>\n\n\t\t\t<\/div>\n\t\t<\/div>\n\t<\/div>\n\t\n\t\t<\/div>\n\t\t\t\t\t<\/div>\n\n\t\n\n<style>\n#row-1917853437 > .col > .col-inner {\n  background-color: rgba(9, 1, 1, 0.116);\n  border-radius: 15px;\n}\n<\/style>\n<\/div>\n\t\t<\/div>\n\t\t\t\t\t<\/div>\n\n\t\n\n\t<div id=\"col-1781120348\" class=\"col medium-4 small-12 large-4\"  >\n\t\t\t\t<div class=\"col-inner\"  >\n\t\t\t\n\t\t\t\n<div class=\"row\"  id=\"row-1800129529\">\n\n\t<div id=\"col-1237208373\" class=\"col small-12 large-12\"  >\n\t\t\t\t<div class=\"col-inner\"  >\n\t\t\t\n\t\t\t\n\t<div class=\"box has-hover   has-hover box-text-bottom\" >\n\n\t\t<div class=\"box-image\" >\n\t\t\t\t\t\t<div class=\"image-cover\" style=\"padding-top:100%;\">\n\t\t\t\t<img loading=\"lazy\" decoding=\"async\" width=\"1284\" height=\"963\" src=\"https:\/\/luxpowertek.com\/wp-content\/uploads\/2024\/07\/CA-Case.webp\" class=\"attachment-original size-original\" alt=\"\" srcset=\"https:\/\/luxpowertek.com\/wp-content\/uploads\/2024\/07\/CA-Case.webp 1284w, https:\/\/luxpowertek.com\/wp-content\/uploads\/2024\/07\/CA-Case-300x225.webp 300w, https:\/\/luxpowertek.com\/wp-content\/uploads\/2024\/07\/CA-Case-1030x773.webp 1030w, https:\/\/luxpowertek.com\/wp-content\/uploads\/2024\/07\/CA-Case-768x576.webp 768w, https:\/\/luxpowertek.com\/wp-content\/uploads\/2024\/07\/CA-Case-510x383.webp 510w\" sizes=\"auto, (max-width: 1284px) 100vw, 1284px\" \/>\t\t\t\t\t\t\t\t\t\t\t<\/div>\n\t\t\t\t\t<\/div>\n\n\t\t<div class=\"box-text text-center\" >\n\t\t\t<div class=\"box-text-inner\">\n\t\t\t\t\n\t<div id=\"text-505572373\" class=\"text\">\n\t\t\n<p class=\"lead\" style=\"text-align: center;\"><strong>LXP-US 10K Kaliforni\u00e1ban<\/strong><\/p>\n<h4><\/h4>\n<p class=\"lead\" style=\"text-align: center;\"><span style=\"color: #63ad80;\"><strong>20 kWh-s rendszer teljes rakt\u00e1rhoz<\/strong><\/span><\/p>\n<p>Megb\u00edzhat\u00f3 energiaell\u00e1t\u00e1st biztos\u00edtottunk egy kis rakt\u00e1r sz\u00e1m\u00e1ra. Telep\u00edtett\u00fcnk egy LXP-LB-US 10K invertert, amely k\u00e9t darab 10 kWh-s akkumul\u00e1torral volt felszerelve, \u00f6sszesen 20 kWh t\u00e1rol\u00f3kapacit\u00e1ssal. Ez a rendszer folyamatos energiaell\u00e1t\u00e1st biztos\u00edt a rakt\u00e1r sz\u00e1m\u00e1ra, seg\u00edtve az energiak\u00f6lts\u00e9gek \u00e9s a hagyom\u00e1nyos h\u00e1l\u00f3zatt\u00f3l val\u00f3 f\u00fcgg\u0151s\u00e9g cs\u00f6kkent\u00e9s\u00e9t.<br \/>\n\t\t\n<style>\n#text-505572373 {\n  text-align: left;\n}\n<\/style>\n\t<\/div>\n\t\n<a href=\"https:\/\/www.tiktok.com\/t\/ZTNx1x38T\/\" class=\"button secondary is-outline is-large\"  style=\"border-radius:99px;\">\n    <span>Tov\u00e1bbiak megtekint\u00e9se<\/span>\n  <\/a>\n\n\t\t\t<\/div>\n\t\t<\/div>\n\t<\/div>\n\t\n\t\t<\/div>\n\t\t\t\t\t<\/div>\n\n\t\n\n<style>\n#row-1800129529 > .col > .col-inner {\n  background-color: rgba(9, 1, 1, 0.116);\n  border-radius: 15px;\n}\n<\/style>\n<\/div>\n\t\t<\/div>\n\t\t\t\t\t<\/div>\n\n\t\n<\/div>\n\t\t<\/div>\n\n\t\t\n<style>\n#section_1924877569 {\n  padding-top: 30px;\n  padding-bottom: 30px;\n}\n<\/style>\n\t<\/section>","protected":false},"excerpt":{"rendered":"","protected":false},"author":1,"featured_media":0,"parent":0,"menu_order":0,"comment_status":"closed","ping_status":"closed","template":"page-blank.php","meta":{"rop_custom_images_group":[],"rop_custom_messages_group":[],"rop_publish_now":"initial","rop_publish_now_accounts":[],"rop_publish_now_history":[],"rop_publish_now_status":"pending","footnotes":""},"class_list":["post-11452","page","type-page","status-publish","hentry"],"yoast_head":"<!-- This site is optimized with the Yoast SEO plugin v27.3 - https:\/\/yoast.com\/product\/yoast-seo-wordpress\/ -->\n<title>Customer Cases - Luxpower<\/title>\n<meta name=\"description\" content=\"Click here to view real cases of using our solar inverters in various countries.\" \/>\n<meta name=\"robots\" content=\"index, follow, max-snippet:-1, max-image-preview:large, max-video-preview:-1\" \/>\n<link rel=\"canonical\" href=\"https:\/\/luxpowertek.com\/hu\/alkalmazasok\/\" \/>\n<meta property=\"og:locale\" content=\"hu_HU\" \/>\n<meta property=\"og:type\" content=\"article\" \/>\n<meta property=\"og:title\" content=\"Customer Cases - Luxpower\" \/>\n<meta property=\"og:description\" content=\"Click here to view real cases of using our solar inverters in various countries.\" \/>\n<meta property=\"og:url\" content=\"https:\/\/luxpowertek.com\/hu\/alkalmazasok\/\" \/>\n<meta property=\"article:modified_time\" content=\"2025-11-07T08:32:09+00:00\" \/>\n<meta name=\"twitter:card\" content=\"summary_large_image\" \/>\n<meta name=\"twitter:label1\" content=\"Est. reading time\" \/>\n\t<meta name=\"twitter:data1\" content=\"2 perc\" \/>\n<script type=\"application\/ld+json\" class=\"yoast-schema-graph\">{\"@context\":\"https:\\\/\\\/schema.org\",\"@graph\":[{\"@type\":\"WebPage\",\"@id\":\"https:\\\/\\\/luxpowertek.com\\\/applications\\\/\",\"url\":\"https:\\\/\\\/luxpowertek.com\\\/applications\\\/\",\"name\":\"Customer Cases - Luxpower\",\"isPartOf\":{\"@id\":\"https:\\\/\\\/luxpowertek.com\\\/#website\"},\"datePublished\":\"2024-08-03T13:50:21+00:00\",\"dateModified\":\"2025-11-07T08:32:09+00:00\",\"description\":\"Click here to view real cases of using our solar inverters in various countries.\",\"breadcrumb\":{\"@id\":\"https:\\\/\\\/luxpowertek.com\\\/applications\\\/#breadcrumb\"},\"inLanguage\":\"hu\",\"potentialAction\":[{\"@type\":\"ReadAction\",\"target\":[\"https:\\\/\\\/luxpowertek.com\\\/applications\\\/\"]}]},{\"@type\":\"BreadcrumbList\",\"@id\":\"https:\\\/\\\/luxpowertek.com\\\/applications\\\/#breadcrumb\",\"itemListElement\":[{\"@type\":\"ListItem\",\"position\":1,\"name\":\"Home\",\"item\":\"https:\\\/\\\/luxpowertek.com\\\/\"},{\"@type\":\"ListItem\",\"position\":2,\"name\":\"Applications\"}]},{\"@type\":\"WebSite\",\"@id\":\"https:\\\/\\\/luxpowertek.com\\\/#website\",\"url\":\"https:\\\/\\\/luxpowertek.com\\\/\",\"name\":\"\",\"description\":\"\",\"potentialAction\":[{\"@type\":\"SearchAction\",\"target\":{\"@type\":\"EntryPoint\",\"urlTemplate\":\"https:\\\/\\\/luxpowertek.com\\\/?s={search_term_string}\"},\"query-input\":{\"@type\":\"PropertyValueSpecification\",\"valueRequired\":true,\"valueName\":\"search_term_string\"}}],\"inLanguage\":\"hu\"}]}<\/script>\n<!-- \/ Yoast SEO plugin. -->","yoast_head_json":{"title":"\u00dcgyf\u00e9lesetek - Luxpower","description":"Kattintson ide, ha val\u00f3s eseteket szeretne megtekinteni napelemes invertereink haszn\u00e1lat\u00e1r\u00f3l k\u00fcl\u00f6nb\u00f6z\u0151 orsz\u00e1gokban.","robots":{"index":"index","follow":"follow","max-snippet":"max-snippet:-1","max-image-preview":"max-image-preview:large","max-video-preview":"max-video-preview:-1"},"canonical":"https:\/\/luxpowertek.com\/hu\/alkalmazasok\/","og_locale":"hu_HU","og_type":"article","og_title":"Customer Cases - Luxpower","og_description":"Click here to view real cases of using our solar inverters in various countries.","og_url":"https:\/\/luxpowertek.com\/hu\/alkalmazasok\/","article_modified_time":"2025-11-07T08:32:09+00:00","twitter_card":"summary_large_image","twitter_misc":{"Est. reading time":"2 perc"},"schema":{"@context":"https:\/\/schema.org","@graph":[{"@type":"WebPage","@id":"https:\/\/luxpowertek.com\/applications\/","url":"https:\/\/luxpowertek.com\/applications\/","name":"\u00dcgyf\u00e9lesetek - Luxpower","isPartOf":{"@id":"https:\/\/luxpowertek.com\/#website"},"datePublished":"2024-08-03T13:50:21+00:00","dateModified":"2025-11-07T08:32:09+00:00","description":"Kattintson ide, ha val\u00f3s eseteket szeretne megtekinteni napelemes invertereink haszn\u00e1lat\u00e1r\u00f3l k\u00fcl\u00f6nb\u00f6z\u0151 orsz\u00e1gokban.","breadcrumb":{"@id":"https:\/\/luxpowertek.com\/applications\/#breadcrumb"},"inLanguage":"hu","potentialAction":[{"@type":"ReadAction","target":["https:\/\/luxpowertek.com\/applications\/"]}]},{"@type":"BreadcrumbList","@id":"https:\/\/luxpowertek.com\/applications\/#breadcrumb","itemListElement":[{"@type":"ListItem","position":1,"name":"Home","item":"https:\/\/luxpowertek.com\/"},{"@type":"ListItem","position":2,"name":"Applications"}]},{"@type":"WebSite","@id":"https:\/\/luxpowertek.com\/#website","url":"https:\/\/luxpowertek.com\/","name":"","description":"","potentialAction":[{"@type":"SearchAction","target":{"@type":"EntryPoint","urlTemplate":"https:\/\/luxpowertek.com\/?s={search_term_string}"},"query-input":{"@type":"PropertyValueSpecification","valueRequired":true,"valueName":"search_term_string"}}],"inLanguage":"hu"}]}},"_links":{"self":[{"href":"https:\/\/luxpowertek.com\/hu\/wp-json\/wp\/v2\/pages\/11452","targetHints":{"allow":["GET"]}}],"collection":[{"href":"https:\/\/luxpowertek.com\/hu\/wp-json\/wp\/v2\/pages"}],"about":[{"href":"https:\/\/luxpowertek.com\/hu\/wp-json\/wp\/v2\/types\/page"}],"author":[{"embeddable":true,"href":"https:\/\/luxpowertek.com\/hu\/wp-json\/wp\/v2\/users\/1"}],"replies":[{"embeddable":true,"href":"https:\/\/luxpowertek.com\/hu\/wp-json\/wp\/v2\/comments?post=11452"}],"version-history":[{"count":10,"href":"https:\/\/luxpowertek.com\/hu\/wp-json\/wp\/v2\/pages\/11452\/revisions"}],"predecessor-version":[{"id":16466,"href":"https:\/\/luxpowertek.com\/hu\/wp-json\/wp\/v2\/pages\/11452\/revisions\/16466"}],"wp:attachment":[{"href":"https:\/\/luxpowertek.com\/hu\/wp-json\/wp\/v2\/media?parent=11452"}],"curies":[{"name":"munkaf\u00fczet","href":"https:\/\/api.w.org\/{rel}","templated":true}]}}