{"id":2722,"date":"2022-01-12T13:44:15","date_gmt":"2022-01-12T05:44:15","guid":{"rendered":"https:\/\/nibianqi.bbswaimao.com\/?post_type=product&#038;p=2722"},"modified":"2024-08-28T08:59:16","modified_gmt":"2024-08-28T00:59:16","slug":"sdm120-modbus","status":"publish","type":"product","link":"https:\/\/luxpowertek.com\/fr\/sdm120-modbus\/","title":{"rendered":"SDM120-Modbus"},"content":{"rendered":"<section class=\"section\" id=\"section_246210713\">\n\t\t<div class=\"bg section-bg fill bg-fill  bg-loaded\" >\n\n\t\t\t\n\t\t\t\n\t\t\t\n\n\t\t<\/div>\n\n\t\t\n\n\t\t<div class=\"section-content relative\">\n\t\t\t\n<div class=\"row\"  id=\"row-73723866\">\n\n\t<div id=\"col-523017660\" class=\"col small-12 large-12\"  >\n\t\t\t\t<div class=\"col-inner\"  >\n\t\t\t\n\t\t\t\n<table>\n<thead>\n<tr>\n<td>Tension AC (Un)<\/td>\n<td>230V<\/td>\n<\/tr>\n<\/thead>\n<tbody>\n<tr>\n<td>Plage de tension<\/td>\n<td>176~276V AC<\/td>\n<\/tr>\n<tr>\n<td>Courant de base (Ib)<\/td>\n<td>5A<\/td>\n<\/tr>\n<tr>\n<td>Courant max. Courant (Imax)<\/td>\n<td>45A<\/td>\n<\/tr>\n<tr>\n<td>Courant mini (Imin)<\/td>\n<td>0.25A<\/td>\n<\/tr>\n<tr>\n<td>Courant de d\u00e9marrage<\/td>\n<td>0,4% de Ib<\/td>\n<\/tr>\n<tr>\n<td>Consommation \u00e9lectrique<\/td>\n<td>&lt;2W\/10VA<\/td>\n<\/tr>\n<tr>\n<td>Fr\u00e9quence<\/td>\n<td>50\/60Hz (\u00b110%)<\/td>\n<\/tr>\n<tr>\n<td>R\u00e9sistance \u00e0 la tension AC<\/td>\n<td>4KV pendant 1 minute<\/td>\n<\/tr>\n<tr>\n<td>Tenue \u00e0 la tension d'impulsion<\/td>\n<td>6KV-1.2uS wavform<\/td>\n<\/tr>\n<tr>\n<td>R\u00e9sistance \u00e0 la surintensit\u00e9<\/td>\n<td>30Imax pour 0,01s<\/td>\n<\/tr>\n<tr>\n<td rowspan=\"2\">Taux de sortie des impulsions<\/td>\n<td>1000imp\/kWh (par d\u00e9faut)<\/td>\n<\/tr>\n<tr>\n<td>100\/10\/1 imp\/kWh\/kVarh (configurable)<\/td>\n<\/tr>\n<tr>\n<td>Affichage<\/td>\n<td>LCD avec r\u00e9tro-\u00e9clairage bleu<\/td>\n<\/tr>\n<tr>\n<td>Max. Lecture<\/td>\n<td>99999.9kWh<\/td>\n<\/tr>\n<\/tbody>\n<\/table>\n\t\t<\/div>\n\t\t\t\t\t<\/div>\n\n\t\n<\/div>\n\t\t<\/div>\n\n\t\t\n<style>\n#section_246210713 {\n  padding-top: 30px;\n  padding-bottom: 30px;\n}\n<\/style>\n\t<\/section>","protected":false},"excerpt":{"rendered":"<ul>\n<li>Mesure les kWh, Kvarh, KW, Kvar, KVA, PF, Hz, dmd, V, A, etc.<\/li>\n<li>Mesure bidirectionnelle IMP &amp; EXP<\/li>\n<li>Deux sorties d'impulsion<\/li>\n<li>RS485 Modbus<\/li>\n<li>Montage sur rail Din 17.5mm<\/li>\n<li>Connexion directe 45A<\/li>\n<li>Pr\u00e9cision sup\u00e9rieure \u00e0 la classe 1<\/li>\n<\/ul>","protected":false},"featured_media":2724,"comment_status":"open","ping_status":"closed","template":"","meta":{"rop_custom_images_group":[],"rop_custom_messages_group":[],"rop_publish_now":"initial","rop_publish_now_accounts":[],"rop_publish_now_history":[],"rop_publish_now_status":"pending"},"product_brand":[],"product_cat":[24],"class_list":{"0":"post-2722","1":"product","2":"type-product","3":"status-publish","4":"has-post-thumbnail","6":"product_cat-accessorie","8":"first","9":"instock","10":"shipping-taxable","11":"product-type-simple"},"yoast_head":"<!-- This site is optimized with the Yoast SEO plugin v27.3 - https:\/\/yoast.com\/product\/yoast-seo-wordpress\/ -->\n<title>SDM120-Modbus -<\/title>\n<meta name=\"robots\" content=\"index, follow, max-snippet:-1, max-image-preview:large, max-video-preview:-1\" \/>\n<link rel=\"canonical\" href=\"https:\/\/luxpowertek.com\/fr\/sdm120-modbus\/\" \/>\n<meta property=\"og:locale\" content=\"fr_FR\" \/>\n<meta property=\"og:type\" content=\"article\" \/>\n<meta property=\"og:title\" content=\"SDM120-Modbus -\" \/>\n<meta property=\"og:description\" content=\"Measures kWh, Kvarh, KW, Kvar, KVA, PF, Hz, dmd, V, A, etc.  Bi-directional measurement IMP &amp; EXP  Two pulse outputs  RS485 Modbus  Din rail mounting 17.5mm  45A direct connection  Better than Class 1 accuracy\" \/>\n<meta property=\"og:url\" content=\"https:\/\/luxpowertek.com\/fr\/sdm120-modbus\/\" \/>\n<meta property=\"article:publisher\" content=\"https:\/\/www.facebook.com\/LUXPOWERTEK\" \/>\n<meta property=\"article:modified_time\" content=\"2024-08-28T00:59:16+00:00\" \/>\n<meta property=\"og:image\" content=\"https:\/\/luxpowertek.com\/wp-content\/uploads\/2022\/01\/meter.png\" \/>\n\t<meta property=\"og:image:width\" content=\"613\" \/>\n\t<meta property=\"og:image:height\" content=\"613\" \/>\n\t<meta property=\"og:image:type\" content=\"image\/png\" \/>\n<meta name=\"twitter:card\" content=\"summary_large_image\" \/>\n<script type=\"application\/ld+json\" class=\"yoast-schema-graph\">{\"@context\":\"https:\\\/\\\/schema.org\",\"@graph\":[{\"@type\":\"WebPage\",\"@id\":\"https:\\\/\\\/luxpowertek.com\\\/sdm120-modbus\",\"url\":\"https:\\\/\\\/luxpowertek.com\\\/sdm120-modbus\",\"name\":\"SDM120-Modbus -\",\"isPartOf\":{\"@id\":\"https:\\\/\\\/luxpowertek.com\\\/#website\"},\"primaryImageOfPage\":{\"@id\":\"https:\\\/\\\/luxpowertek.com\\\/sdm120-modbus#primaryimage\"},\"image\":{\"@id\":\"https:\\\/\\\/luxpowertek.com\\\/sdm120-modbus#primaryimage\"},\"thumbnailUrl\":\"https:\\\/\\\/luxpowertek.com\\\/wp-content\\\/uploads\\\/2022\\\/01\\\/meter.png\",\"datePublished\":\"2022-01-12T05:44:15+00:00\",\"dateModified\":\"2024-08-28T00:59:16+00:00\",\"breadcrumb\":{\"@id\":\"https:\\\/\\\/luxpowertek.com\\\/sdm120-modbus#breadcrumb\"},\"inLanguage\":\"fr-FR\",\"potentialAction\":[{\"@type\":\"ReadAction\",\"target\":[\"https:\\\/\\\/luxpowertek.com\\\/sdm120-modbus\"]}]},{\"@type\":\"ImageObject\",\"inLanguage\":\"fr-FR\",\"@id\":\"https:\\\/\\\/luxpowertek.com\\\/sdm120-modbus#primaryimage\",\"url\":\"https:\\\/\\\/luxpowertek.com\\\/wp-content\\\/uploads\\\/2022\\\/01\\\/meter.png\",\"contentUrl\":\"https:\\\/\\\/luxpowertek.com\\\/wp-content\\\/uploads\\\/2022\\\/01\\\/meter.png\",\"width\":613,\"height\":613},{\"@type\":\"BreadcrumbList\",\"@id\":\"https:\\\/\\\/luxpowertek.com\\\/sdm120-modbus#breadcrumb\",\"itemListElement\":[{\"@type\":\"ListItem\",\"position\":1,\"name\":\"Home\",\"item\":\"https:\\\/\\\/luxpowertek.com\\\/\"},{\"@type\":\"ListItem\",\"position\":2,\"name\":\"Products\",\"item\":\"https:\\\/\\\/luxpowertek.com\\\/shop\"},{\"@type\":\"ListItem\",\"position\":3,\"name\":\"SDM120-Modbus\"}]},{\"@type\":\"WebSite\",\"@id\":\"https:\\\/\\\/luxpowertek.com\\\/#website\",\"url\":\"https:\\\/\\\/luxpowertek.com\\\/\",\"name\":\"\",\"description\":\"\",\"publisher\":{\"@id\":\"https:\\\/\\\/luxpowertek.com\\\/#organization\"},\"potentialAction\":[{\"@type\":\"SearchAction\",\"target\":{\"@type\":\"EntryPoint\",\"urlTemplate\":\"https:\\\/\\\/luxpowertek.com\\\/?s={search_term_string}\"},\"query-input\":{\"@type\":\"PropertyValueSpecification\",\"valueRequired\":true,\"valueName\":\"search_term_string\"}}],\"inLanguage\":\"fr-FR\"},{\"@type\":\"Organization\",\"@id\":\"https:\\\/\\\/luxpowertek.com\\\/#organization\",\"name\":\"LuxpowerTek\",\"url\":\"https:\\\/\\\/luxpowertek.com\\\/\",\"logo\":{\"@type\":\"ImageObject\",\"inLanguage\":\"fr-FR\",\"@id\":\"https:\\\/\\\/luxpowertek.com\\\/#\\\/schema\\\/logo\\\/image\\\/\",\"url\":\"https:\\\/\\\/luxpowertek.com\\\/wp-content\\\/uploads\\\/2024\\\/08\\\/Luxpower_logo_new.webp\",\"contentUrl\":\"https:\\\/\\\/luxpowertek.com\\\/wp-content\\\/uploads\\\/2024\\\/08\\\/Luxpower_logo_new.webp\",\"width\":1030,\"height\":186,\"caption\":\"LuxpowerTek\"},\"image\":{\"@id\":\"https:\\\/\\\/luxpowertek.com\\\/#\\\/schema\\\/logo\\\/image\\\/\"},\"sameAs\":[\"https:\\\/\\\/www.facebook.com\\\/LUXPOWERTEK\"]}]}<\/script>\n<!-- \/ Yoast SEO plugin. -->","yoast_head_json":{"title":"SDM120-Modbus -","robots":{"index":"index","follow":"follow","max-snippet":"max-snippet:-1","max-image-preview":"max-image-preview:large","max-video-preview":"max-video-preview:-1"},"canonical":"https:\/\/luxpowertek.com\/fr\/sdm120-modbus\/","og_locale":"fr_FR","og_type":"article","og_title":"SDM120-Modbus -","og_description":"Measures kWh, Kvarh, KW, Kvar, KVA, PF, Hz, dmd, V, A, etc.  Bi-directional measurement IMP &amp; EXP  Two pulse outputs  RS485 Modbus  Din rail mounting 17.5mm  45A direct connection  Better than Class 1 accuracy","og_url":"https:\/\/luxpowertek.com\/fr\/sdm120-modbus\/","article_publisher":"https:\/\/www.facebook.com\/LUXPOWERTEK","article_modified_time":"2024-08-28T00:59:16+00:00","og_image":[{"width":613,"height":613,"url":"https:\/\/luxpowertek.com\/wp-content\/uploads\/2022\/01\/meter.png","type":"image\/png"}],"twitter_card":"summary_large_image","schema":{"@context":"https:\/\/schema.org","@graph":[{"@type":"WebPage","@id":"https:\/\/luxpowertek.com\/sdm120-modbus","url":"https:\/\/luxpowertek.com\/sdm120-modbus","name":"SDM120-Modbus -","isPartOf":{"@id":"https:\/\/luxpowertek.com\/#website"},"primaryImageOfPage":{"@id":"https:\/\/luxpowertek.com\/sdm120-modbus#primaryimage"},"image":{"@id":"https:\/\/luxpowertek.com\/sdm120-modbus#primaryimage"},"thumbnailUrl":"https:\/\/luxpowertek.com\/wp-content\/uploads\/2022\/01\/meter.png","datePublished":"2022-01-12T05:44:15+00:00","dateModified":"2024-08-28T00:59:16+00:00","breadcrumb":{"@id":"https:\/\/luxpowertek.com\/sdm120-modbus#breadcrumb"},"inLanguage":"fr-FR","potentialAction":[{"@type":"ReadAction","target":["https:\/\/luxpowertek.com\/sdm120-modbus"]}]},{"@type":"ImageObject","inLanguage":"fr-FR","@id":"https:\/\/luxpowertek.com\/sdm120-modbus#primaryimage","url":"https:\/\/luxpowertek.com\/wp-content\/uploads\/2022\/01\/meter.png","contentUrl":"https:\/\/luxpowertek.com\/wp-content\/uploads\/2022\/01\/meter.png","width":613,"height":613},{"@type":"BreadcrumbList","@id":"https:\/\/luxpowertek.com\/sdm120-modbus#breadcrumb","itemListElement":[{"@type":"ListItem","position":1,"name":"Home","item":"https:\/\/luxpowertek.com\/"},{"@type":"ListItem","position":2,"name":"Products","item":"https:\/\/luxpowertek.com\/shop"},{"@type":"ListItem","position":3,"name":"SDM120-Modbus"}]},{"@type":"WebSite","@id":"https:\/\/luxpowertek.com\/#website","url":"https:\/\/luxpowertek.com\/","name":"","description":"","publisher":{"@id":"https:\/\/luxpowertek.com\/#organization"},"potentialAction":[{"@type":"SearchAction","target":{"@type":"EntryPoint","urlTemplate":"https:\/\/luxpowertek.com\/?s={search_term_string}"},"query-input":{"@type":"PropertyValueSpecification","valueRequired":true,"valueName":"search_term_string"}}],"inLanguage":"fr-FR"},{"@type":"Organization","@id":"https:\/\/luxpowertek.com\/#organization","name":"LuxpowerTek","url":"https:\/\/luxpowertek.com\/","logo":{"@type":"ImageObject","inLanguage":"fr-FR","@id":"https:\/\/luxpowertek.com\/#\/schema\/logo\/image\/","url":"https:\/\/luxpowertek.com\/wp-content\/uploads\/2024\/08\/Luxpower_logo_new.webp","contentUrl":"https:\/\/luxpowertek.com\/wp-content\/uploads\/2024\/08\/Luxpower_logo_new.webp","width":1030,"height":186,"caption":"LuxpowerTek"},"image":{"@id":"https:\/\/luxpowertek.com\/#\/schema\/logo\/image\/"},"sameAs":["https:\/\/www.facebook.com\/LUXPOWERTEK"]}]}},"_links":{"self":[{"href":"https:\/\/luxpowertek.com\/fr\/wp-json\/wp\/v2\/product\/2722","targetHints":{"allow":["GET"]}}],"collection":[{"href":"https:\/\/luxpowertek.com\/fr\/wp-json\/wp\/v2\/product"}],"about":[{"href":"https:\/\/luxpowertek.com\/fr\/wp-json\/wp\/v2\/types\/product"}],"replies":[{"embeddable":true,"href":"https:\/\/luxpowertek.com\/fr\/wp-json\/wp\/v2\/comments?post=2722"}],"wp:featuredmedia":[{"embeddable":true,"href":"https:\/\/luxpowertek.com\/fr\/wp-json\/wp\/v2\/media\/2724"}],"wp:attachment":[{"href":"https:\/\/luxpowertek.com\/fr\/wp-json\/wp\/v2\/media?parent=2722"}],"wp:term":[{"taxonomy":"product_brand","embeddable":true,"href":"https:\/\/luxpowertek.com\/fr\/wp-json\/wp\/v2\/product_brand?post=2722"},{"taxonomy":"product_cat","embeddable":true,"href":"https:\/\/luxpowertek.com\/fr\/wp-json\/wp\/v2\/product_cat?post=2722"}],"curies":[{"name":"wp","href":"https:\/\/api.w.org\/{rel}","templated":true}]}}