{"id":1665,"date":"2021-12-13T14:44:05","date_gmt":"2021-12-13T06:44:05","guid":{"rendered":"https:\/\/nibianqi.bbswaimao.com\/?post_type=product&#038;p=1665"},"modified":"2025-01-21T09:15:45","modified_gmt":"2025-01-21T01:15:45","slug":"lsp-100k-dc-dc","status":"publish","type":"product","link":"https:\/\/luxpowertek.com\/fr\/lsp-100k-dc-dc\/","title":{"rendered":"LSP 100K DC\/DC"},"content":{"rendered":"<h2>Sp\u00e9cifications<\/h2>\n<div class=\"row\"  id=\"row-1455356757\">\n\n\t<div id=\"col-1155324877\" class=\"col small-12 large-12\"  >\n\t\t\t\t<div class=\"col-inner\"  >\n\t\t\t\n\t\t\t\n<table>\n<thead>\n<tr>\n<th>Entr\u00e9e<\/th>\n<th>FSL 100k<\/th>\n<\/tr>\n<\/thead>\n<tbody>\n<tr>\n<td>Puissance d'entr\u00e9e max.<\/td>\n<td>200kW<\/td>\n<\/tr>\n<tr>\n<td>Tension d'entr\u00e9e max.<\/td>\n<td>1,000V<\/td>\n<\/tr>\n<tr>\n<td>tension nominale d'entr\u00e9e<\/td>\n<td>630V<\/td>\n<\/tr>\n<tr>\n<td>plage de tension d'entr\u00e9e<\/td>\n<td>300-1000V<\/td>\n<\/tr>\n<tr>\n<td>Tension de d\u00e9marrage<\/td>\n<td>330V<\/td>\n<\/tr>\n<tr>\n<td>Courant court max. par MPPT<\/td>\n<td>40A<\/td>\n<\/tr>\n<tr>\n<td>Courant maximal par entr\u00e9e MPPT<\/td>\n<td>26A<\/td>\n<\/tr>\n<tr>\n<td>Nombre de pistes MPPT<\/td>\n<td>12<\/td>\n<\/tr>\n<tr>\n<td>Nombre de cha\u00eenes d'entr\u00e9e<\/td>\n<td>24<\/td>\n<\/tr>\n<\/tbody>\n<\/table>\n\t\t<\/div>\n\t\t\t\t\t<\/div>\n\n\t\n<\/div>\n<div class=\"row\"  id=\"row-11441313\">\n\n\t<div id=\"col-208336289\" class=\"col small-12 large-12\"  >\n\t\t\t\t<div class=\"col-inner\"  >\n\t\t\t\n\t\t\t\n<table>\n<thead>\n<tr>\n<th>Sortie<\/th>\n<th>FSL 100k<\/th>\n<\/tr>\n<\/thead>\n<tbody>\n<tr>\n<td>Puissance nominale de la sortie DCDC<\/td>\n<td>100kW<\/td>\n<\/tr>\n<tr>\n<td>Tension de sortie normale<\/td>\n<td>650V<\/td>\n<\/tr>\n<tr>\n<td>Plage de tension de sortie<\/td>\n<td>500~1000V<\/td>\n<\/tr>\n<tr>\n<td>Courant de sortie maximal<\/td>\n<td>20A<\/td>\n<\/tr>\n<tr>\n<td>Cha\u00eenes de sortie<\/td>\n<td>12<\/td>\n<\/tr>\n<tr>\n<td>Pistes de sortie<\/td>\n<td>12<\/td>\n<\/tr>\n<\/tbody>\n<\/table>\n\t\t<\/div>\n\t\t\t\t\t<\/div>\n\n\t\n<\/div>\n<div class=\"row\"  id=\"row-431284762\">\n\n\t<div id=\"col-1058985564\" class=\"col small-12 large-12\"  >\n\t\t\t\t<div class=\"col-inner\"  >\n\t\t\t\n\t\t\t\n<table>\n<thead>\n<tr>\n<th>Batterie<\/th>\n<th>FSL 100k<\/th>\n<\/tr>\n<\/thead>\n<tbody>\n<tr>\n<td>Type<\/td>\n<td>Plomb-acide\/Lithium<\/td>\n<\/tr>\n<tr>\n<td>Puissance de charge et de d\u00e9charge MAX<\/td>\n<td>100kW<\/td>\n<\/tr>\n<tr>\n<td>Plage de tension<\/td>\n<td>300~700Vdc<\/td>\n<\/tr>\n<tr>\n<td>Courant de charge et de d\u00e9charge MAX<\/td>\n<td>200A<\/td>\n<\/tr>\n<tr>\n<td>Efficacit\u00e9 maximale de charge et de d\u00e9charge<\/td>\n<td>98,7%(TBD)<\/td>\n<\/tr>\n<\/tbody>\n<\/table>\n\t\t<\/div>\n\t\t\t\t\t<\/div>\n\n\t\n<\/div>\n<div class=\"row\"  id=\"row-861939711\">\n\n\t<div id=\"col-471229333\" class=\"col small-12 large-12\"  >\n\t\t\t\t<div class=\"col-inner\"  >\n\t\t\t\n\t\t\t\n<table>\n<thead>\n<tr>\n<th>Protection de l'environnement<\/th>\n<th>FSL 100k<\/th>\n<\/tr>\n<\/thead>\n<tbody>\n<tr>\n<td>Protection contre l'inversion de polarit\u00e9 en courant continu<\/td>\n<td>Oui<\/td>\n<\/tr>\n<tr>\n<td>Parafoudre DC<\/td>\n<td>Type II<\/td>\n<\/tr>\n<\/tbody>\n<\/table>\n\t\t<\/div>\n\t\t\t\t\t<\/div>\n\n\t\n<\/div>\n<div class=\"row\"  id=\"row-855693602\">\n\n\t<div id=\"col-382375007\" class=\"col small-12 large-12\"  >\n\t\t\t\t<div class=\"col-inner\"  >\n\t\t\t\n\t\t\t\n<table>\n<thead>\n<tr>\n<th>Communication<\/th>\n<th>FSL 100k<\/th>\n<\/tr>\n<\/thead>\n<tbody>\n<tr>\n<td>Affichage<\/td>\n<td>LED+LCD\/Bouton tactile<\/td>\n<\/tr>\n<tr>\n<td>WiFi<\/td>\n<td>Oui<\/td>\n<\/tr>\n<\/tbody>\n<\/table>\n\t\t<\/div>\n\t\t\t\t\t<\/div>\n\n\t\n<\/div>\n<div class=\"row\"  id=\"row-1708449249\">\n\n\t<div id=\"col-1279327671\" class=\"col small-12 large-12\"  >\n\t\t\t\t<div class=\"col-inner\"  >\n\t\t\t\n\t\t\t\n<table>\n<thead>\n<tr>\n<th>G\u00e9n\u00e9ral<\/th>\n<th>FSL 100k<\/th>\n<\/tr>\n<\/thead>\n<tbody>\n<tr>\n<td>Dimensions (L x H x P)<\/td>\n<td>TBD<\/td>\n<\/tr>\n<tr>\n<td>Poids (avec plaque de montage)<\/td>\n<td>TBD<\/td>\n<\/tr>\n<tr>\n<td>Degr\u00e9 de protection<\/td>\n<td>IP65<\/td>\n<\/tr>\n<tr>\n<td>Topologie<\/td>\n<td>Sans transformateur<\/td>\n<\/tr>\n<tr>\n<td>M\u00e9thode de refroidissement<\/td>\n<td>Refroidissement par air<\/td>\n<\/tr>\n<tr>\n<td>Humidit\u00e9 relative<\/td>\n<td>0%~100% Humidit\u00e9 relative (sans condensation)<\/td>\n<\/tr>\n<tr>\n<td>Plage de temp\u00e9rature de fonctionnement<\/td>\n<td>-25\u00b0C ~ 60\u00b0C<\/td>\n<\/tr>\n<tr>\n<td>Connecteur (entr\u00e9e et sortie PV)<\/td>\n<td>Amphenol UTX<\/td>\n<\/tr>\n<tr>\n<td>Altitude max. Altitude de fonctionnement<\/td>\n<td>2000m<\/td>\n<\/tr>\n<tr>\n<td>Garantie<\/td>\n<td>5 ans<\/td>\n<\/tr>\n<\/tbody>\n<\/table>\n\t\t<\/div>\n\t\t\t\t\t<\/div>\n\n\t\n<\/div>\n\t<div id=\"text-2947553246\" class=\"text hidden\">\n\t\t\n<h2>Sp\u00e9cifications<\/h2>\n<div style=\"overflow: auto;\">\n<p>SolaireLXP3KLXP3.6K\/4kLXP4.6K\/5KLXP6K<\/p>\n<table border=\"\u201d1\u2033\" width=\"\u201d3000px\u201d\" align=\"\u201dcenter\u201d\">\n<tbody>\n<tr>\n<td>Puissance max. Puissance d'entr\u00e9e DC<\/td>\n<td>6600W<\/td>\n<td>7000W<\/td>\n<td>8000W<\/td>\n<td>8000W<\/td>\n<\/tr>\n<tr>\n<td>Tension d'entr\u00e9e DC nominale<\/td>\n<td>360V.d.c<\/td>\n<td>360V.d.c<\/td>\n<td>360V.d.c<\/td>\n<td>360V.d.c<\/td>\n<\/tr>\n<tr>\n<td>Plage de tension d'entr\u00e9e DC<\/td>\n<td>100 - 550V.d.c<\/td>\n<td>100 - 550V.d.c<\/td>\n<td>100 - 550V.d.c<\/td>\n<td>100 - 550V.d.c<\/td>\n<\/tr>\n<tr>\n<td>Plage de tension MPPT<\/td>\n<td>100 - 500V.d.c<\/td>\n<td>100 - 500V.d.c<\/td>\n<td>100 - 500V.d.c<\/td>\n<td>100 - 500V.d.c<\/td>\n<\/tr>\n<tr>\n<td>Tension de d\u00e9marrage<\/td>\n<td>120V.d.c<\/td>\n<td>120V.d.c<\/td>\n<td>120V.d.c<\/td>\n<td>120V.d.c<\/td>\n<\/tr>\n<tr>\n<td>Nombre de MPPT<\/td>\n<td>2<\/td>\n<td>2<\/td>\n<td>2<\/td>\n<td>2<\/td>\n<\/tr>\n<tr>\n<td>Courant d'entr\u00e9e max. Courant d'entr\u00e9e DC<\/td>\n<td>13A\/13A<\/td>\n<td>13A\/13A<\/td>\n<td>13A\/13A<\/td>\n<td>13A\/13A<\/td>\n<\/tr>\n<tr>\n<th colspan=\"5\">Batterie<\/th>\n<\/tr>\n<tr>\n<td>Type de batterie compatible<\/td>\n<td>Lithium-ion\/plomb-acide<\/td>\n<td>Lithium-ion\/plomb-acide<\/td>\n<td>Lithium-ion\/plomb-acide<\/td>\n<td>Lithium-ion\/plomb-acide<\/td>\n<\/tr>\n<tr>\n<td>Tension nominale de la batterie<\/td>\n<td>48V.d.c<\/td>\n<td>48V.d.c<\/td>\n<td>48V.d.c<\/td>\n<td>48V.d.c<\/td>\n<\/tr>\n<tr>\n<td>Plage de tension de la batterie<\/td>\n<td>40 - 60V.d.c<\/td>\n<td>40 - 60V.d.c<\/td>\n<td>40 - 60V.d.c<\/td>\n<td>40 - 60V.d.c<\/td>\n<\/tr>\n<tr>\n<td>Courant de charge\/d\u00e9charge max. Courant de charge\/d\u00e9charge<\/td>\n<td>66A\/66A<\/td>\n<td>66A\/66A<\/td>\n<td>80A\/80A<\/td>\n<td>80A\/80A<\/td>\n<\/tr>\n<tr>\n<td>Puissance de charge\/d\u00e9charge max. Puissance de charge\/d\u00e9charge<\/td>\n<td>3600W\/3600W<\/td>\n<td>3600W\/3600W<\/td>\n<td>4000W\/4000W<\/td>\n<td>4000W\/4000W<\/td>\n<\/tr>\n<tr>\n<td>Courbe de charge<\/td>\n<td>3 \u00e9tapes<\/td>\n<td>3 \u00e9tapes<\/td>\n<td>3 \u00e9tapes<\/td>\n<td>3 \u00e9tapes<\/td>\n<\/tr>\n<tr>\n<td>Tension de charge max. Tension de charge<\/td>\n<td>59V<\/td>\n<td>59V<\/td>\n<td>59V<\/td>\n<td>59V<\/td>\n<\/tr>\n<tr>\n<td>Capacit\u00e9 de la batterie<\/td>\n<td>2-20kWh<\/td>\n<td>2-20kWh<\/td>\n<td>2-20kWh<\/td>\n<td>2-20kWh<\/td>\n<\/tr>\n<tr>\n<th colspan=\"5\">Grille<\/th>\n<\/tr>\n<tr>\n<td>Puissance de sortie nominale en courant alternatif<\/td>\n<td>3000W<\/td>\n<td>3600W\/4000W<\/td>\n<td>4600W\/5000W<\/td>\n<td>6000W<\/td>\n<\/tr>\n<tr>\n<td>Puissance de sortie max. Puissance de sortie AC<\/td>\n<td>3000VA<\/td>\n<td>3600VA\/4000VA<\/td>\n<td>4600VA\/5000VA<\/td>\n<td>6000VA<\/td>\n<\/tr>\n<tr>\n<td>Courant de sortie max. Courant de sortie AC<\/td>\n<td>15A<\/td>\n<td>16A\/20A<\/td>\n<td>25A<\/td>\n<td>26A<\/td>\n<\/tr>\n<tr>\n<td>Tension nominale AC<\/td>\n<td>230V.a.c<\/td>\n<td>230V.a.c<\/td>\n<td>230V.a.c<\/td>\n<td>230V.a.c<\/td>\n<\/tr>\n<tr>\n<td>Gamme de tension AC<\/td>\n<td>180 - 270V.a.c<\/td>\n<td>180 - 270V.a.c<\/td>\n<td>180 - 270V.a.c<\/td>\n<td>180 - 270V.a.c<\/td>\n<\/tr>\n<tr>\n<td>Fr\u00e9quence nominale AC<\/td>\n<td>50Hz \/ 60Hz<\/td>\n<td>50Hz \/ 60Hz<\/td>\n<td>50Hz \/ 60Hz<\/td>\n<td>50Hz \/ 60Hz<\/td>\n<\/tr>\n<tr>\n<td>Gamme de fr\u00e9quences AC<\/td>\n<td>45 - 55Hz \/ 55 - 65Hz<\/td>\n<td>45 - 55Hz \/ 55 - 65Hz<\/td>\n<td>45 - 55Hz \/ 55 - 65Hz<\/td>\n<td>45 - 55Hz \/ 55 - 65Hz<\/td>\n<\/tr>\n<tr>\n<td>Facteur de puissance<\/td>\n<td>Ajustable de 0,8 en surexcitation \u00e0 0,8 en sous-excitation<\/td>\n<td>Ajustable de 0,8 en surexcitation \u00e0 0,8 en sous-excitation<\/td>\n<td>Ajustable de 0,8 en surexcitation \u00e0 0,8 en sous-excitation<\/td>\n<td>Ajustable de 0,8 en surexcitation \u00e0 0,8 en sous-excitation<\/td>\n<\/tr>\n<tr>\n<td>THDI<\/td>\n<td>&lt;3%<\/td>\n<td>&lt;3%<\/td>\n<td>&lt;3%<\/td>\n<td>&lt;3%<\/td>\n<\/tr>\n<tr>\n<th colspan=\"5\">UPS<\/th>\n<\/tr>\n<tr>\n<td>Puissance de sortie max. Puissance de sortie sans solaire<\/td>\n<td>3000W<\/td>\n<td>3600W\/4000W<\/td>\n<td>4000W<\/td>\n<td>4000W<\/td>\n<\/tr>\n<tr>\n<td>Puissance de sortie max. Puissance de sortie avec solaire<\/td>\n<td>3000W<\/td>\n<td>3600W\/4000W<\/td>\n<td>5000W<\/td>\n<td>6000W<\/td>\n<\/tr>\n<tr>\n<td>Tension de sortie nominale de l'ASI<\/td>\n<td>230V.a.c<\/td>\n<td>230V.a.c<\/td>\n<td>230V.a.c<\/td>\n<td>230V.a.c<\/td>\n<\/tr>\n<tr>\n<td>Fr\u00e9quence de sortie nominale de l'ASI<\/td>\n<td>50Hz \/ 60Hz<\/td>\n<td>50Hz \/ 60Hz<\/td>\n<td>50Hz \/ 60Hz<\/td>\n<td>50Hz \/ 60Hz<\/td>\n<\/tr>\n<tr>\n<td>Courant de sortie nominal de l'ASI<\/td>\n<td>13A<\/td>\n<td>15,6A\/17,4A<\/td>\n<td>17.4A<\/td>\n<td>17.4A<\/td>\n<\/tr>\n<tr>\n<td>Puissance de pointe sans \u00e9nergie solaire<\/td>\n<td>4500W, 30s<\/td>\n<td>4500W, 30s<\/td>\n<td>4500W, 30s<\/td>\n<td>4500W, 30s<\/td>\n<\/tr>\n<tr>\n<td>THDV<\/td>\n<td>&lt;5%<\/td>\n<td>&lt;5%<\/td>\n<td>&lt;5%<\/td>\n<td>&lt;5%<\/td>\n<\/tr>\n<tr>\n<td>Temps de commutation<\/td>\n<td>Typique 0,01s<\/td>\n<td>Typique 0,01s<\/td>\n<td>Typique 0,01s<\/td>\n<td>&lt;0.01s<\/td>\n<\/tr>\n<tr>\n<th colspan=\"5\">Efficacit\u00e9<\/th>\n<\/tr>\n<tr>\n<td>Efficacit\u00e9 en Europe<\/td>\n<td>97.50%<\/td>\n<td>97.50%<\/td>\n<td>97.50%<\/td>\n<td>97.50%<\/td>\n<\/tr>\n<tr>\n<td>Max. Efficacit\u00e9<\/td>\n<td>97.90%<\/td>\n<td>97.90%<\/td>\n<td>97.90%<\/td>\n<td>97.90%<\/td>\n<\/tr>\n<tr>\n<td>Efficacit\u00e9 de la charge\/d\u00e9charge de la batterie<\/td>\n<td>94.50%<\/td>\n<td>94.50%<\/td>\n<td>94.50%<\/td>\n<td>94.50%<\/td>\n<\/tr>\n<tr>\n<th colspan=\"5\">Protection de l'environnement<\/th>\n<\/tr>\n<tr>\n<td>Protection contre l'inversion de polarit\u00e9<\/td>\n<td>Oui<\/td>\n<td>Oui<\/td>\n<td>Oui<\/td>\n<td>Oui<\/td>\n<\/tr>\n<tr>\n<td>Protection contre les surintensit\u00e9s et les surtensions<\/td>\n<td>Oui<\/td>\n<td>Oui<\/td>\n<td>Oui<\/td>\n<td>Oui<\/td>\n<\/tr>\n<tr>\n<td>Protection contre l'\u00eelotage<\/td>\n<td>Oui<\/td>\n<td>Oui<\/td>\n<td>Oui<\/td>\n<td>Oui<\/td>\n<\/tr>\n<tr>\n<td>Protection contre les courts-circuits AC<\/td>\n<td>Oui<\/td>\n<td>Oui<\/td>\n<td>Oui<\/td>\n<td>Oui<\/td>\n<\/tr>\n<tr>\n<td>Protection contre les courants de fuite<\/td>\n<td>Oui<\/td>\n<td>Oui<\/td>\n<td>Oui<\/td>\n<td>Oui<\/td>\n<\/tr>\n<tr>\n<td>Surveillance des d\u00e9fauts \u00e0 la terre<\/td>\n<td>Oui<\/td>\n<td>Oui<\/td>\n<td>Oui<\/td>\n<td>Oui<\/td>\n<\/tr>\n<tr>\n<td>Surveillance du r\u00e9seau<\/td>\n<td>Oui<\/td>\n<td>Oui<\/td>\n<td>Oui<\/td>\n<td>Oui<\/td>\n<\/tr>\n<tr>\n<td>Degr\u00e9 de protection contre les agressions<\/td>\n<td>IP65 \/ NEMA4X<\/td>\n<td>IP65 \/ NEMA4X<\/td>\n<td>IP65 \/ NEMA4X<\/td>\n<td>IP65 \/ NEMA4X<\/td>\n<\/tr>\n<tr>\n<td>Interrupteur DC<\/td>\n<td>Oui<\/td>\n<td>Oui<\/td>\n<td>Oui<\/td>\n<td>Oui<\/td>\n<\/tr>\n<tr>\n<th colspan=\"5\">G\u00e9n\u00e9ral<\/th>\n<\/tr>\n<tr>\n<td>Dimensions (L\/H\/P)<\/td>\n<td>455 \/ 476 (565) \/ 181<\/td>\n<td>455 \/ 476 (565) \/ 181<\/td>\n<td>455 \/ 476 (565) \/ 181<\/td>\n<td>455 \/ 476 (565) \/ 181<\/td>\n<\/tr>\n<tr>\n<td>Poids<\/td>\n<td>20 kg<\/td>\n<td>20 kg<\/td>\n<td>20 kg<\/td>\n<td>20 kg<\/td>\n<\/tr>\n<tr>\n<td>Topologie<\/td>\n<td>Tranformerless (solaire), HF (batterie)<\/td>\n<td>Tranformerless (solaire), HF (batterie)<\/td>\n<td>Tranformerless (solaire), HF (batterie)<\/td>\n<td>Tranformerless (solaire), HF (batterie)<\/td>\n<\/tr>\n<tr>\n<td>Concept de refroidissement<\/td>\n<td>Convection naturelle<\/td>\n<td>Convection naturelle<\/td>\n<td>Convection naturelle<\/td>\n<td>Convection naturelle<\/td>\n<\/tr>\n<tr>\n<td>Relativement humide<\/td>\n<td>0-100%<\/td>\n<td>0-100%<\/td>\n<td>0-100%<\/td>\n<td>0-100%<\/td>\n<\/tr>\n<tr>\n<td>Plage de temp\u00e9rature de fonctionnement<\/td>\n<td>-85<\/td>\n<td>-85<\/td>\n<td>-85<\/td>\n<td>-85<\/td>\n<\/tr>\n<tr>\n<td>Altitude<\/td>\n<td>&lt;2000m<\/td>\n<td>&lt;2000m<\/td>\n<td>&lt;2000m<\/td>\n<td>&lt;2000m<\/td>\n<\/tr>\n<tr>\n<td>\u00c9missions sonores<\/td>\n<td>&lt;25dB<\/td>\n<td>&lt;25dB<\/td>\n<td>&lt;25dB<\/td>\n<td>&lt;25dB<\/td>\n<\/tr>\n<tr>\n<td>Consommation en veille<\/td>\n<td>&lt;5W<\/td>\n<td>&lt;5W<\/td>\n<td>&lt;5W<\/td>\n<td>&lt;5W<\/td>\n<\/tr>\n<tr>\n<td>Interfaces d'affichage et de communication<\/td>\n<td>LCD, RS485, Wi-Fi, Ethernet<\/td>\n<td>LCD, RS485, Wi-Fi, Ethernet<\/td>\n<td>LCD, RS485, Wi-Fi, Ethernet<\/td>\n<td>LCD, RS485, Wi-Fi, Ethernet<\/td>\n<\/tr>\n<\/tbody>\n<\/table>\n<\/div>\n\t\t\t<\/div>","protected":false},"excerpt":{"rendered":"<ul>\n<li>Conception IP65, installation rapide<\/li>\n<li>\u00c9cran tactile, moniteur libre<\/li>\n<li>Gestion avanc\u00e9e de l'\u00e9nergie<\/li>\n<li>Des applications pratiques disponibles sur mobile<\/li>\n<li>Param\u00e8tres d'acc\u00e8s flexibles pour les utilisateurs \u00e0 plusieurs niveaux<\/li>\n<li>Couplage DC, entr\u00e9e solaire 24 cordes et sortie 12 cordes<\/li>\n<li>Transformation d'un syst\u00e8me de r\u00e9seau en un syst\u00e8me hybride de stockage d'\u00e9nergie<\/li>\n<li>Collecte intelligente de donn\u00e9es pour l'assistance \u00e0 distance<\/li>\n<\/ul>","protected":false},"featured_media":1666,"comment_status":"open","ping_status":"closed","template":"","meta":{"rop_custom_images_group":[],"rop_custom_messages_group":[],"rop_publish_now":"initial","rop_publish_now_accounts":[],"rop_publish_now_history":[],"rop_publish_now_status":"pending"},"product_brand":[],"product_cat":[18],"class_list":{"0":"post-1665","1":"product","2":"type-product","3":"status-publish","4":"has-post-thumbnail","6":"product_cat-dc-dc-energy-storage","8":"first","9":"instock","10":"shipping-taxable","11":"product-type-simple"},"yoast_head":"<!-- This site is optimized with the Yoast SEO plugin v27.3 - https:\/\/yoast.com\/product\/yoast-seo-wordpress\/ -->\n<title>LSP 100K DC\/DC -<\/title>\n<meta name=\"robots\" content=\"index, follow, max-snippet:-1, max-image-preview:large, max-video-preview:-1\" \/>\n<link rel=\"canonical\" href=\"https:\/\/luxpowertek.com\/fr\/lsp-100k-dc-dc\/\" \/>\n<meta property=\"og:locale\" content=\"fr_FR\" \/>\n<meta property=\"og:type\" content=\"article\" \/>\n<meta property=\"og:title\" content=\"LSP 100K DC\/DC -\" \/>\n<meta property=\"og:description\" content=\"IP65 design, quick installation  Touch screen, free monitor  Advanced power management  Handy apps available on mobile  Flexible accout settings for multi level type users  DC coupled, 24strings Solar input and 12 strings output  Retrofit on grid system to energy storage hybrid system  Intelligent data collection for remote service assistance\" \/>\n<meta property=\"og:url\" content=\"https:\/\/luxpowertek.com\/fr\/lsp-100k-dc-dc\/\" \/>\n<meta property=\"article:modified_time\" content=\"2025-01-21T01:15:45+00:00\" \/>\n<meta property=\"og:image\" content=\"https:\/\/luxpowertek.com\/wp-content\/uploads\/2021\/12\/Luxpower-inverter-LSP-1-min.png\" \/>\n\t<meta property=\"og:image:width\" content=\"800\" \/>\n\t<meta property=\"og:image:height\" content=\"800\" \/>\n\t<meta property=\"og:image:type\" content=\"image\/png\" \/>\n<meta name=\"twitter:card\" content=\"summary_large_image\" \/>\n<meta name=\"twitter:label1\" content=\"Dur\u00e9e de lecture estim\u00e9e\" \/>\n\t<meta name=\"twitter:data1\" content=\"3 minutes\" \/>\n<script type=\"application\/ld+json\" class=\"yoast-schema-graph\">{\"@context\":\"https:\\\/\\\/schema.org\",\"@graph\":[{\"@type\":\"WebPage\",\"@id\":\"https:\\\/\\\/luxpowertek.com\\\/lsp-100k-dc-dc\",\"url\":\"https:\\\/\\\/luxpowertek.com\\\/lsp-100k-dc-dc\",\"name\":\"LSP 100K DC\\\/DC -\",\"isPartOf\":{\"@id\":\"https:\\\/\\\/luxpowertek.com\\\/#website\"},\"primaryImageOfPage\":{\"@id\":\"https:\\\/\\\/luxpowertek.com\\\/lsp-100k-dc-dc#primaryimage\"},\"image\":{\"@id\":\"https:\\\/\\\/luxpowertek.com\\\/lsp-100k-dc-dc#primaryimage\"},\"thumbnailUrl\":\"https:\\\/\\\/luxpowertek.com\\\/wp-content\\\/uploads\\\/2021\\\/12\\\/Luxpower-inverter-LSP-1-min.png\",\"datePublished\":\"2021-12-13T06:44:05+00:00\",\"dateModified\":\"2025-01-21T01:15:45+00:00\",\"breadcrumb\":{\"@id\":\"https:\\\/\\\/luxpowertek.com\\\/lsp-100k-dc-dc#breadcrumb\"},\"inLanguage\":\"fr-FR\",\"potentialAction\":[{\"@type\":\"ReadAction\",\"target\":[\"https:\\\/\\\/luxpowertek.com\\\/lsp-100k-dc-dc\"]}]},{\"@type\":\"ImageObject\",\"inLanguage\":\"fr-FR\",\"@id\":\"https:\\\/\\\/luxpowertek.com\\\/lsp-100k-dc-dc#primaryimage\",\"url\":\"https:\\\/\\\/luxpowertek.com\\\/wp-content\\\/uploads\\\/2021\\\/12\\\/Luxpower-inverter-LSP-1-min.png\",\"contentUrl\":\"https:\\\/\\\/luxpowertek.com\\\/wp-content\\\/uploads\\\/2021\\\/12\\\/Luxpower-inverter-LSP-1-min.png\",\"width\":800,\"height\":800},{\"@type\":\"BreadcrumbList\",\"@id\":\"https:\\\/\\\/luxpowertek.com\\\/lsp-100k-dc-dc#breadcrumb\",\"itemListElement\":[{\"@type\":\"ListItem\",\"position\":1,\"name\":\"Home\",\"item\":\"https:\\\/\\\/luxpowertek.com\\\/\"},{\"@type\":\"ListItem\",\"position\":2,\"name\":\"Products\",\"item\":\"https:\\\/\\\/luxpowertek.com\\\/shop\"},{\"@type\":\"ListItem\",\"position\":3,\"name\":\"LSP 100K DC\\\/DC\"}]},{\"@type\":\"WebSite\",\"@id\":\"https:\\\/\\\/luxpowertek.com\\\/#website\",\"url\":\"https:\\\/\\\/luxpowertek.com\\\/\",\"name\":\"\",\"description\":\"\",\"potentialAction\":[{\"@type\":\"SearchAction\",\"target\":{\"@type\":\"EntryPoint\",\"urlTemplate\":\"https:\\\/\\\/luxpowertek.com\\\/?s={search_term_string}\"},\"query-input\":{\"@type\":\"PropertyValueSpecification\",\"valueRequired\":true,\"valueName\":\"search_term_string\"}}],\"inLanguage\":\"fr-FR\"}]}<\/script>\n<!-- \/ Yoast SEO plugin. -->","yoast_head_json":{"title":"LSP 100K DC\/DC -","robots":{"index":"index","follow":"follow","max-snippet":"max-snippet:-1","max-image-preview":"max-image-preview:large","max-video-preview":"max-video-preview:-1"},"canonical":"https:\/\/luxpowertek.com\/fr\/lsp-100k-dc-dc\/","og_locale":"fr_FR","og_type":"article","og_title":"LSP 100K DC\/DC -","og_description":"IP65 design, quick installation  Touch screen, free monitor  Advanced power management  Handy apps available on mobile  Flexible accout settings for multi level type users  DC coupled, 24strings Solar input and 12 strings output  Retrofit on grid system to energy storage hybrid system  Intelligent data collection for remote service assistance","og_url":"https:\/\/luxpowertek.com\/fr\/lsp-100k-dc-dc\/","article_modified_time":"2025-01-21T01:15:45+00:00","og_image":[{"width":800,"height":800,"url":"https:\/\/luxpowertek.com\/wp-content\/uploads\/2021\/12\/Luxpower-inverter-LSP-1-min.png","type":"image\/png"}],"twitter_card":"summary_large_image","twitter_misc":{"Dur\u00e9e de lecture estim\u00e9e":"3 minutes"},"schema":{"@context":"https:\/\/schema.org","@graph":[{"@type":"WebPage","@id":"https:\/\/luxpowertek.com\/lsp-100k-dc-dc","url":"https:\/\/luxpowertek.com\/lsp-100k-dc-dc","name":"LSP 100K DC\/DC -","isPartOf":{"@id":"https:\/\/luxpowertek.com\/#website"},"primaryImageOfPage":{"@id":"https:\/\/luxpowertek.com\/lsp-100k-dc-dc#primaryimage"},"image":{"@id":"https:\/\/luxpowertek.com\/lsp-100k-dc-dc#primaryimage"},"thumbnailUrl":"https:\/\/luxpowertek.com\/wp-content\/uploads\/2021\/12\/Luxpower-inverter-LSP-1-min.png","datePublished":"2021-12-13T06:44:05+00:00","dateModified":"2025-01-21T01:15:45+00:00","breadcrumb":{"@id":"https:\/\/luxpowertek.com\/lsp-100k-dc-dc#breadcrumb"},"inLanguage":"fr-FR","potentialAction":[{"@type":"ReadAction","target":["https:\/\/luxpowertek.com\/lsp-100k-dc-dc"]}]},{"@type":"ImageObject","inLanguage":"fr-FR","@id":"https:\/\/luxpowertek.com\/lsp-100k-dc-dc#primaryimage","url":"https:\/\/luxpowertek.com\/wp-content\/uploads\/2021\/12\/Luxpower-inverter-LSP-1-min.png","contentUrl":"https:\/\/luxpowertek.com\/wp-content\/uploads\/2021\/12\/Luxpower-inverter-LSP-1-min.png","width":800,"height":800},{"@type":"BreadcrumbList","@id":"https:\/\/luxpowertek.com\/lsp-100k-dc-dc#breadcrumb","itemListElement":[{"@type":"ListItem","position":1,"name":"Home","item":"https:\/\/luxpowertek.com\/"},{"@type":"ListItem","position":2,"name":"Products","item":"https:\/\/luxpowertek.com\/shop"},{"@type":"ListItem","position":3,"name":"LSP 100K DC\/DC"}]},{"@type":"WebSite","@id":"https:\/\/luxpowertek.com\/#website","url":"https:\/\/luxpowertek.com\/","name":"","description":"","potentialAction":[{"@type":"SearchAction","target":{"@type":"EntryPoint","urlTemplate":"https:\/\/luxpowertek.com\/?s={search_term_string}"},"query-input":{"@type":"PropertyValueSpecification","valueRequired":true,"valueName":"search_term_string"}}],"inLanguage":"fr-FR"}]}},"_links":{"self":[{"href":"https:\/\/luxpowertek.com\/fr\/wp-json\/wp\/v2\/product\/1665","targetHints":{"allow":["GET"]}}],"collection":[{"href":"https:\/\/luxpowertek.com\/fr\/wp-json\/wp\/v2\/product"}],"about":[{"href":"https:\/\/luxpowertek.com\/fr\/wp-json\/wp\/v2\/types\/product"}],"replies":[{"embeddable":true,"href":"https:\/\/luxpowertek.com\/fr\/wp-json\/wp\/v2\/comments?post=1665"}],"wp:featuredmedia":[{"embeddable":true,"href":"https:\/\/luxpowertek.com\/fr\/wp-json\/wp\/v2\/media\/1666"}],"wp:attachment":[{"href":"https:\/\/luxpowertek.com\/fr\/wp-json\/wp\/v2\/media?parent=1665"}],"wp:term":[{"taxonomy":"product_brand","embeddable":true,"href":"https:\/\/luxpowertek.com\/fr\/wp-json\/wp\/v2\/product_brand?post=1665"},{"taxonomy":"product_cat","embeddable":true,"href":"https:\/\/luxpowertek.com\/fr\/wp-json\/wp\/v2\/product_cat?post=1665"}],"curies":[{"name":"wp","href":"https:\/\/api.w.org\/{rel}","templated":true}]}}