{"id":9146,"date":"2024-06-08T15:35:40","date_gmt":"2024-06-08T07:35:40","guid":{"rendered":"https:\/\/luxpowertek.com\/?page_id=9146"},"modified":"2025-11-07T16:24:18","modified_gmt":"2025-11-07T08:24:18","slug":"enregistreur-de-donnees-produit-wlan","status":"publish","type":"page","link":"https:\/\/luxpowertek.com\/fr\/enregistreur-de-donnees-produit-wlan\/","title":{"rendered":"WLAN"},"content":{"rendered":"<section class=\"section hide-for-small\" id=\"section_169635609\">\n\t\t<div class=\"bg section-bg fill bg-fill  bg-loaded\" >\n\n\t\t\t\n\t\t\t\n\t\t\t\n\n\t\t<\/div>\n\n\t\t\n\n\t\t<div class=\"section-content relative\">\n\t\t\t\n\n  <div class=\"banner has-hover\" id=\"banner-1792626233\">\n          <div class=\"banner-inner fill\">\n        <div class=\"banner-bg fill\" >\n            <div class=\"bg fill bg-fill\"><\/div>\n                        <div class=\"overlay\"><\/div>            \n                    <\/div>\n\t\t\n        <div class=\"banner-layers container\">\n            <div class=\"fill banner-link\"><\/div>            \n   <div id=\"text-box-1576841898\" class=\"text-box banner-layer x50 md-x50 lg-x50 y50 md-y50 lg-y50 res-text\">\n                                <div class=\"text-box-content text dark\">\n              \n              <div class=\"text-inner text-center\">\n                  \n<h1 class=\"uppercase lead\"><span style=\"font-size: 75%; color: #282828;\"><strong>WLAN<\/strong><\/span><\/h1>\n<p class=\"uppercase lead\"><span style=\"color: #282828;\">Module de communication<\/span><\/p>\n              <\/div>\n           <\/div>\n                            \n<style>\n#text-box-1576841898 {\n  width: 65%;\n}\n#text-box-1576841898 .text-box-content {\n  font-size: 100%;\n}\n<\/style>\n    <\/div>\n \n        <\/div>\n      <\/div>\n\n            \n<style>\n#banner-1792626233 {\n  padding-top: 30%;\n}\n#banner-1792626233 .overlay {\n  background-color: rgb(255, 255, 255);\n}\n<\/style>\n  <\/div>\n\n\n\n  <div class=\"banner has-hover\" id=\"banner-1002494093\">\n          <div class=\"banner-inner fill\">\n        <div class=\"banner-bg fill\" >\n            <div class=\"bg fill bg-fill\"><\/div>\n                        <div class=\"overlay\"><\/div>            \n                    <\/div>\n\t\t\n        <div class=\"banner-layers container\">\n            <div class=\"fill banner-link\"><\/div>            \n   <div id=\"text-box-1967138817\" class=\"text-box banner-layer x5 md-x5 lg-x5 y15 md-y15 lg-y15 res-text\">\n                                <div class=\"text-box-content text dark\">\n              \n              <div class=\"text-inner text-center\">\n                  \n<p><span style=\"color: #282828;\">Le module de communication WLAN de Luxpower utilise un port USB, permettant une connexion plug-and-play. Ce module est adapt\u00e9 aux zones couvertes par des signaux de r\u00e9seau local (LAN), assurant une collecte de donn\u00e9es plus rapide, plus large et plus fiable. Il peut transmettre les donn\u00e9es op\u00e9rationnelles en temps r\u00e9el des centrales photovolta\u00efques et des batteries de stockage d'\u00e9nergie au syst\u00e8me de surveillance LuxCloud, ce qui facilite l'analyse pr\u00e9cise et compl\u00e8te des donn\u00e9es ainsi que l'alerte et le traitement des d\u00e9faillances. Le syst\u00e8me LuxCloud peut \u00e9mettre des commandes de contr\u00f4le \u00e0 l'onduleur, ce qui permet une gestion stable, fiable et intelligente des op\u00e9rations de la centrale photovolta\u00efque et des services de maintenance.<\/span><\/p>\n<a href=\"https:\/\/luxpowertek.com\/wp-content\/uploads\/2024\/07\/02-03-01-DL-WLAN-Quick-Setting-Guidance_20230910.pdf\" class=\"button secondary\"  style=\"border-radius:10px;\">\n    <span>T\u00e9l\u00e9charger le manuel d'utilisation<\/span>\n  <\/a>\n\n              <\/div>\n           <\/div>\n                            \n<style>\n#text-box-1967138817 {\n  width: 52%;\n}\n#text-box-1967138817 .text-box-content {\n  font-size: 100%;\n}\n<\/style>\n    <\/div>\n \n   <div id=\"text-box-1605481985\" class=\"text-box banner-layer x100 md-x100 lg-x100 y50 md-y50 lg-y50 res-text\">\n                                <div class=\"text-box-content text dark\">\n              \n              <div class=\"text-inner text-center\">\n                  \n\t<div class=\"img has-hover x md-x lg-x y md-y lg-y\" id=\"image_1259799942\">\n\t\t\t\t\t\t\t\t<div class=\"img-inner dark\" >\n\t\t\t<img loading=\"lazy\" decoding=\"async\" width=\"2560\" height=\"1920\" src=\"https:\/\/luxpowertek.com\/wp-content\/uploads\/2024\/07\/WLAN-1-scaled.webp\" class=\"attachment-original size-original\" alt=\"\" srcset=\"https:\/\/luxpowertek.com\/wp-content\/uploads\/2024\/07\/WLAN-1-scaled.webp 2560w, https:\/\/luxpowertek.com\/wp-content\/uploads\/2024\/07\/WLAN-1-300x225.webp 300w, https:\/\/luxpowertek.com\/wp-content\/uploads\/2024\/07\/WLAN-1-1030x773.webp 1030w, https:\/\/luxpowertek.com\/wp-content\/uploads\/2024\/07\/WLAN-1-768x576.webp 768w, https:\/\/luxpowertek.com\/wp-content\/uploads\/2024\/07\/WLAN-1-1536x1152.webp 1536w, https:\/\/luxpowertek.com\/wp-content\/uploads\/2024\/07\/WLAN-1-2048x1536.webp 2048w, https:\/\/luxpowertek.com\/wp-content\/uploads\/2024\/07\/WLAN-1-510x383.webp 510w\" sizes=\"auto, (max-width: 2560px) 100vw, 2560px\" \/>\t\t\t\t\t\t\n\t\t\t\t\t<\/div>\n\t\t\t\t\t\t\t\t\n<style>\n#image_1259799942 {\n  width: 100%;\n}\n<\/style>\n\t<\/div>\n\t\n              <\/div>\n           <\/div>\n                            \n<style>\n#text-box-1605481985 {\n  width: 38%;\n}\n#text-box-1605481985 .text-box-content {\n  font-size: 100%;\n}\n<\/style>\n    <\/div>\n \n        <\/div>\n      <\/div>\n\n            \n<style>\n#banner-1002494093 {\n  padding-top: 500px;\n}\n#banner-1002494093 .overlay {\n  background-color: rgba(249, 247, 247, 0.959);\n}\n<\/style>\n  <\/div>\n\n\n\n  <div class=\"banner has-hover\" id=\"banner-2051515535\">\n          <div class=\"banner-inner fill\">\n        <div class=\"banner-bg fill\" >\n            <div class=\"bg fill bg-fill\"><\/div>\n                        <div class=\"overlay\"><\/div>            \n                    <\/div>\n\t\t\n        <div class=\"banner-layers container\">\n            <div class=\"fill banner-link\"><\/div>            \n   <div id=\"text-box-1208090746\" class=\"text-box banner-layer x0 md-x0 lg-x0 y20 md-y20 lg-y20 res-text\">\n                                <div class=\"text-box-content text dark\">\n              \n              <div class=\"text-inner text-center\">\n                  \n<a class=\"button primary\"  style=\"border-radius:10px;\">\n    <span>Plug and play, installation rapide<\/span>\n  <\/a>\n\n<a class=\"button primary\"  style=\"border-radius:10px;\">\n    <span>Alarme de d\u00e9faut, surveillance en temps r\u00e9el<\/span>\n  <\/a>\n\n<a class=\"button primary\"  style=\"border-radius:10px;\">\n    <span>Indicateur d'\u00e9tat, permettant d'afficher facilement l'\u00e9tat de fonctionnement<\/span>\n  <\/a>\n\n<a class=\"button primary\"  style=\"border-radius:10px;\">\n    <span>Prise en charge de la communication LAN<\/span>\n  <\/a>\n\n              <\/div>\n           <\/div>\n                            \n<style>\n#text-box-1208090746 {\n  width: 51%;\n}\n#text-box-1208090746 .text-box-content {\n  font-size: 100%;\n}\n<\/style>\n    <\/div>\n \n   <div id=\"text-box-1841580983\" class=\"text-box banner-layer x100 md-x100 lg-x100 y10 md-y10 lg-y10 res-text\">\n                                <div class=\"text-box-content text dark\">\n              \n              <div class=\"text-inner text-center\">\n                  \n\t<div class=\"img has-hover x md-x lg-x y md-y lg-y\" id=\"image_92706347\">\n\t\t\t\t\t\t\t\t<div class=\"img-inner dark\" >\n\t\t\t<img loading=\"lazy\" decoding=\"async\" width=\"2560\" height=\"1920\" src=\"https:\/\/luxpowertek.com\/wp-content\/uploads\/2024\/07\/WLAN-left-scaled.webp\" class=\"attachment-original size-original\" alt=\"\" srcset=\"https:\/\/luxpowertek.com\/wp-content\/uploads\/2024\/07\/WLAN-left-scaled.webp 2560w, https:\/\/luxpowertek.com\/wp-content\/uploads\/2024\/07\/WLAN-left-300x225.webp 300w, https:\/\/luxpowertek.com\/wp-content\/uploads\/2024\/07\/WLAN-left-1030x773.webp 1030w, https:\/\/luxpowertek.com\/wp-content\/uploads\/2024\/07\/WLAN-left-768x576.webp 768w, https:\/\/luxpowertek.com\/wp-content\/uploads\/2024\/07\/WLAN-left-1536x1152.webp 1536w, https:\/\/luxpowertek.com\/wp-content\/uploads\/2024\/07\/WLAN-left-2048x1536.webp 2048w, https:\/\/luxpowertek.com\/wp-content\/uploads\/2024\/07\/WLAN-left-510x383.webp 510w\" sizes=\"auto, (max-width: 2560px) 100vw, 2560px\" \/>\t\t\t\t\t\t\n\t\t\t\t\t<\/div>\n\t\t\t\t\t\t\t\t\n<style>\n#image_92706347 {\n  width: 100%;\n}\n<\/style>\n\t<\/div>\n\t\n              <\/div>\n           <\/div>\n                            \n<style>\n#text-box-1841580983 .text-box-content {\n  border-radius: 65px;\n  font-size: 100%;\n  transform: rotate(-65deg);\n}\n#text-box-1841580983 {\n  width: 37%;\n}\n<\/style>\n    <\/div>\n \n        <\/div>\n      <\/div>\n\n            \n<style>\n#banner-2051515535 {\n  padding-top: 371px;\n}\n#banner-2051515535 .overlay {\n  background-color: rgba(210, 210, 210, 0.965);\n}\n<\/style>\n  <\/div>\n\n\n\n  <div class=\"banner has-hover\" id=\"banner-598222180\">\n          <div class=\"banner-inner fill\">\n        <div class=\"banner-bg fill\" >\n            <div class=\"bg fill bg-fill\"><\/div>\n                        <div class=\"overlay\"><\/div>            \n                    <\/div>\n\t\t\n        <div class=\"banner-layers container\">\n            <div class=\"fill banner-link\"><\/div>            \n   <div id=\"text-box-275857609\" class=\"text-box banner-layer x50 md-x50 lg-x50 y25 md-y25 lg-y25 res-text\">\n                                <div class=\"text-box-content text dark\">\n              \n              <div class=\"text-inner text-center\">\n                  \n<p><span style=\"font-size: 150%;\"><strong>Trouver d'autres produits Luxpower<\/strong><\/span><\/p>\n<a href=\"https:\/\/luxpowertek.com\/fr\/produits\/\" class=\"button white\"  style=\"border-radius:38px;\">\n    <span>Liste des produits<\/span>\n  <i class=\"icon-angle-right\" aria-hidden=\"true\" ><\/i><\/a>\n\n<a href=\"https:\/\/luxpowertek.com\/fr\/contact_us\/\" class=\"button secondary\"  style=\"border-radius:99px;\">\n    <span>Nous contacter<\/span>\n  <i class=\"icon-angle-right\" aria-hidden=\"true\" ><\/i><\/a>\n\n              <\/div>\n           <\/div>\n                            \n<style>\n#text-box-275857609 {\n  width: 60%;\n}\n#text-box-275857609 .text-box-content {\n  font-size: 100%;\n}\n<\/style>\n    <\/div>\n \n        <\/div>\n      <\/div>\n\n            \n<style>\n#banner-598222180 {\n  padding-top: 32.29%;\n}\n#banner-598222180 .bg.bg-loaded {\n  background-image: url(https:\/\/luxpowertek.com\/wp-content\/uploads\/2024\/04\/seven-scaled.webp);\n}\n#banner-598222180 .overlay {\n  background-color: rgba(0, 0, 0, 0.599);\n}\n<\/style>\n  <\/div>\n\n\n\t\t<\/div>\n\n\t\t\n<style>\n#section_169635609 {\n  padding-top: 30px;\n  padding-bottom: 30px;\n}\n<\/style>\n\t<\/section>\n\t\n\t<section class=\"section show-for-small\" id=\"section_998810194\">\n\t\t<div class=\"bg section-bg fill bg-fill  bg-loaded\" >\n\n\t\t\t\n\t\t\t\n\t\t\t\n\n\t\t<\/div>\n\n\t\t\n\n\t\t<div class=\"section-content relative\">\n\t\t\t\n\t<div id=\"gap-1832197104\" class=\"gap-element clearfix\" style=\"display:block; height:auto;\">\n\t\t\n<style>\n#gap-1832197104 {\n  padding-top: 60px;\n}\n@media (min-width:550px) {\n  #gap-1832197104 {\n    padding-top: 30px;\n  }\n}\n<\/style>\n\t<\/div>\n\t\n<div class=\"row\"  id=\"row-1100703691\">\n\n\t<div id=\"col-359915468\" class=\"col small-12 large-12\"  >\n\t\t\t\t<div class=\"col-inner text-center\"  >\n\t\t\t\n\t\t\t\n<p class=\"uppercase lead\"><span style=\"font-size: 200%;\"><strong>WLAN<\/strong><\/span><\/p>\n<p class=\"lead\"><strong>Module de communication<\/strong><\/p>\n<div class=\"text-center\"><div class=\"is-divider divider clearfix\" style=\"max-width:1280px;background-color:rgb(99, 173, 130);\"><\/div><\/div>\n\n  <div class=\"banner has-hover\" id=\"banner-1152614941\">\n          <div class=\"banner-inner fill\">\n        <div class=\"banner-bg fill\" >\n            <div class=\"bg fill bg-fill\"><\/div>\n                                    \n                    <\/div>\n\t\t\n        <div class=\"banner-layers container\">\n            <div class=\"fill banner-link\"><\/div>            \n\t<div class=\"img has-hover x50 md-x50 lg-x50 y50 md-y50 lg-y50\" id=\"image_935011826\">\n\t\t\t\t\t\t\t\t<div class=\"img-inner dark\" style=\"margin:-100px 0px -100px 0px;\">\n\t\t\t<img loading=\"lazy\" decoding=\"async\" width=\"2560\" height=\"1920\" src=\"https:\/\/luxpowertek.com\/wp-content\/uploads\/2024\/07\/WLAN-1-scaled.webp\" class=\"attachment-original size-original\" alt=\"\" srcset=\"https:\/\/luxpowertek.com\/wp-content\/uploads\/2024\/07\/WLAN-1-scaled.webp 2560w, https:\/\/luxpowertek.com\/wp-content\/uploads\/2024\/07\/WLAN-1-300x225.webp 300w, https:\/\/luxpowertek.com\/wp-content\/uploads\/2024\/07\/WLAN-1-1030x773.webp 1030w, https:\/\/luxpowertek.com\/wp-content\/uploads\/2024\/07\/WLAN-1-768x576.webp 768w, https:\/\/luxpowertek.com\/wp-content\/uploads\/2024\/07\/WLAN-1-1536x1152.webp 1536w, https:\/\/luxpowertek.com\/wp-content\/uploads\/2024\/07\/WLAN-1-2048x1536.webp 2048w, https:\/\/luxpowertek.com\/wp-content\/uploads\/2024\/07\/WLAN-1-510x383.webp 510w\" sizes=\"auto, (max-width: 2560px) 100vw, 2560px\" \/>\t\t\t\t\t\t\n\t\t\t\t\t<\/div>\n\t\t\t\t\t\t\t\t\n<style>\n#image_935011826 {\n  width: 100%;\n}\n@media (min-width:550px) {\n  #image_935011826 {\n    width: 100%;\n  }\n}\n<\/style>\n\t<\/div>\n\t\n        <\/div>\n      <\/div>\n\n            \n<style>\n#banner-1152614941 {\n  padding-top: 300px;\n  background-color: rgba(249, 247, 247, 0.959);\n}\n@media (min-width:550px) {\n  #banner-1152614941 {\n    padding-top: 500px;\n  }\n}\n<\/style>\n  <\/div>\n\n\n\t<div id=\"gap-1732846057\" class=\"gap-element clearfix\" style=\"display:block; height:auto;\">\n\t\t\n<style>\n#gap-1732846057 {\n  padding-top: 30px;\n}\n@media (min-width:550px) {\n  #gap-1732846057 {\n    padding-top: 30px;\n  }\n}\n<\/style>\n\t<\/div>\n\t\n\t<div id=\"text-2909957182\" class=\"text\">\n\t\t\n<p>Le module de communication WLAN de Luxpower utilise un port USB, permettant une connexion plug-and-play. Ce module est adapt\u00e9 aux zones couvertes par des signaux de r\u00e9seau local (LAN), assurant une collecte de donn\u00e9es plus rapide, plus large et plus fiable. Il peut transmettre les donn\u00e9es op\u00e9rationnelles en temps r\u00e9el des centrales photovolta\u00efques et des batteries de stockage d'\u00e9nergie au syst\u00e8me de surveillance LuxCloud, ce qui facilite l'analyse pr\u00e9cise et compl\u00e8te des donn\u00e9es ainsi que l'alerte et le traitement des d\u00e9faillances. Le syst\u00e8me LuxCloud peut \u00e9mettre des commandes de contr\u00f4le \u00e0 l'onduleur, ce qui permet une gestion stable, fiable et intelligente des op\u00e9rations de la centrale photovolta\u00efque et des services de maintenance.<br \/>\n\t\t\n<style>\n#text-2909957182 {\n  font-size: 0.96rem;\n  line-height: 1.75;\n}\n<\/style>\n\t<\/div>\n\t\n<a href=\"https:\/\/luxpowertek.com\/wp-content\/uploads\/2024\/07\/02-03-01-DL-WLAN-Quick-Setting-Guidance_20230910.pdf\" class=\"button secondary is-outline\"  style=\"border-radius:10px;\">\n    <span>T\u00e9l\u00e9charger le manuel d'utilisation<\/span>\n  <\/a>\n\n\t<div id=\"gap-905846786\" class=\"gap-element clearfix\" style=\"display:block; height:auto;\">\n\t\t\n<style>\n#gap-905846786 {\n  padding-top: 30px;\n}\n@media (min-width:550px) {\n  #gap-905846786 {\n    padding-top: 30px;\n  }\n}\n<\/style>\n\t<\/div>\n\t\n\n  <div class=\"banner has-hover\" id=\"banner-465504499\">\n          <div class=\"banner-inner fill\">\n        <div class=\"banner-bg fill\" >\n            <div class=\"bg fill bg-fill\"><\/div>\n                                    \n                    <\/div>\n\t\t\n        <div class=\"banner-layers container\">\n            <div class=\"fill banner-link\"><\/div>            \n\t<div class=\"img has-hover x0 md-x50 lg-x50 y50 md-y50 lg-y50\" id=\"image_1536943492\">\n\t\t\t\t\t\t\t\t<div class=\"img-inner dark\" style=\"margin:-100px -50px -100px -8px;\">\n\t\t\t<img loading=\"lazy\" decoding=\"async\" width=\"2560\" height=\"1920\" src=\"https:\/\/luxpowertek.com\/wp-content\/uploads\/2024\/07\/WLAN-left-scaled.webp\" class=\"attachment-original size-original\" alt=\"\" srcset=\"https:\/\/luxpowertek.com\/wp-content\/uploads\/2024\/07\/WLAN-left-scaled.webp 2560w, https:\/\/luxpowertek.com\/wp-content\/uploads\/2024\/07\/WLAN-left-300x225.webp 300w, https:\/\/luxpowertek.com\/wp-content\/uploads\/2024\/07\/WLAN-left-1030x773.webp 1030w, https:\/\/luxpowertek.com\/wp-content\/uploads\/2024\/07\/WLAN-left-768x576.webp 768w, https:\/\/luxpowertek.com\/wp-content\/uploads\/2024\/07\/WLAN-left-1536x1152.webp 1536w, https:\/\/luxpowertek.com\/wp-content\/uploads\/2024\/07\/WLAN-left-2048x1536.webp 2048w, https:\/\/luxpowertek.com\/wp-content\/uploads\/2024\/07\/WLAN-left-510x383.webp 510w\" sizes=\"auto, (max-width: 2560px) 100vw, 2560px\" \/>\t\t\t\t\t\t\n\t\t\t\t\t<\/div>\n\t\t\t\t\t\t\t\t\n<style>\n#image_1536943492 {\n  width: 100%;\n}\n@media (min-width:550px) {\n  #image_1536943492 {\n    width: 100%;\n  }\n}\n<\/style>\n\t<\/div>\n\t\n        <\/div>\n      <\/div>\n\n            \n<style>\n#banner-465504499 {\n  padding-top: 300px;\n  background-color: rgba(249, 247, 247, 0.959);\n}\n@media (min-width:550px) {\n  #banner-465504499 {\n    padding-top: 500px;\n  }\n}\n<\/style>\n  <\/div>\n\n\n\t<div id=\"gap-853926224\" class=\"gap-element clearfix\" style=\"display:block; height:auto;\">\n\t\t\n<style>\n#gap-853926224 {\n  padding-top: 30px;\n}\n@media (min-width:550px) {\n  #gap-853926224 {\n    padding-top: 30px;\n  }\n}\n<\/style>\n\t<\/div>\n\t\n\t<div id=\"text-208764831\" class=\"text\">\n\t\t\n<ul>\n<li>Plug and play, installation rapide<\/li>\n<li>Alarme de d\u00e9faut, surveillance en temps r\u00e9el<\/li>\n<li>Indicateur d'\u00e9tat, permettant d'afficher facilement l'\u00e9tat de fonctionnement<\/li>\n<li>Prise en charge de la communication LAN<\/li>\n<\/ul>\n\t\t\n<style>\n#text-208764831 {\n  font-size: 0.96rem;\n  line-height: 1.75;\n  text-align: left;\n}\n<\/style>\n\t<\/div>\n\t\n\t\t<\/div>\n\t\t\t\t\t<\/div>\n\n\t\n<\/div>\n\t<div id=\"gap-20874041\" class=\"gap-element clearfix\" style=\"display:block; height:auto;\">\n\t\t\n<style>\n#gap-20874041 {\n  padding-top: 15px;\n}\n@media (min-width:550px) {\n  #gap-20874041 {\n    padding-top: 30px;\n  }\n}\n<\/style>\n\t<\/div>\n\t\n\n  <div class=\"banner has-hover show-for-small\" id=\"banner-386162751\">\n          <div class=\"banner-inner fill\">\n        <div class=\"banner-bg fill\" >\n            <div class=\"bg fill bg-fill\"><\/div>\n                        <div class=\"overlay\"><\/div>            \n                    <\/div>\n\t\t\n        <div class=\"banner-layers container\">\n            <div class=\"fill banner-link\"><\/div>            \n   <div id=\"text-box-1841029911\" class=\"text-box banner-layer x50 md-x50 lg-x50 y25 md-y25 lg-y25 res-text\">\n                                <div class=\"text-box-content text dark\">\n              \n              <div class=\"text-inner text-center\">\n                  \n<p><span style=\"font-size: 150%;\"><strong>Trouver d'autres produits Luxpower<\/strong><\/span><\/p>\n<a href=\"https:\/\/luxpowertek.com\/fr\/produits\/\" class=\"button white\"  style=\"border-radius:38px;\">\n    <span>Liste des produits<\/span>\n  <i class=\"icon-angle-right\" aria-hidden=\"true\" ><\/i><\/a>\n\n<a href=\"https:\/\/luxpowertek.com\/fr\/contact_us\/\" target=\"_blank\" class=\"button secondary\" rel=\"noopener\"  style=\"border-radius:99px;\">\n    <span>Nous contacter<\/span>\n  <i class=\"icon-angle-right\" aria-hidden=\"true\" ><\/i><\/a>\n\n              <\/div>\n           <\/div>\n                            \n<style>\n#text-box-1841029911 {\n  width: 60%;\n}\n#text-box-1841029911 .text-box-content {\n  font-size: 100%;\n}\n@media (min-width:550px) {\n  #text-box-1841029911 {\n    width: 60%;\n  }\n}\n<\/style>\n    <\/div>\n \n        <\/div>\n      <\/div>\n\n            \n<style>\n#banner-386162751 {\n  padding-top: 200px;\n}\n#banner-386162751 .bg.bg-loaded {\n  background-image: url(https:\/\/luxpowertek.com\/wp-content\/uploads\/2024\/04\/seven-scaled.webp);\n}\n#banner-386162751 .overlay {\n  background-color: rgba(0, 0, 0, 0.599);\n}\n@media (min-width:550px) {\n  #banner-386162751 {\n    padding-top: 32.29%;\n  }\n}\n<\/style>\n  <\/div>\n\n\n\t\t<\/div>\n\n\t\t\n<style>\n#section_998810194 {\n  padding-top: 30px;\n  padding-bottom: 30px;\n}\n<\/style>\n\t<\/section>","protected":false},"excerpt":{"rendered":"","protected":false},"author":3,"featured_media":0,"parent":0,"menu_order":0,"comment_status":"closed","ping_status":"closed","template":"page-transparent-header-light.php","meta":{"rop_custom_images_group":[],"rop_custom_messages_group":[],"rop_publish_now":"initial","rop_publish_now_accounts":[],"rop_publish_now_history":[],"rop_publish_now_status":"pending","footnotes":""},"class_list":["post-9146","page","type-page","status-publish","hentry"],"yoast_head":"<!-- This site is optimized with the Yoast SEO plugin v27.3 - https:\/\/yoast.com\/product\/yoast-seo-wordpress\/ -->\n<title>Inverter-Data-Logger-WLAN - LuxpowerTek<\/title>\n<meta name=\"description\" content=\"Luxpower\u2019s WLAN communication module utilizes a USB port, enabling a plug-and-play connection.\" \/>\n<meta name=\"robots\" content=\"index, follow, max-snippet:-1, max-image-preview:large, max-video-preview:-1\" \/>\n<link rel=\"canonical\" href=\"https:\/\/luxpowertek.com\/fr\/enregistreur-de-donnees-produit-wlan\/\" \/>\n<meta property=\"og:locale\" content=\"fr_FR\" \/>\n<meta property=\"og:type\" content=\"article\" \/>\n<meta property=\"og:title\" content=\"Inverter-Data-Logger-WLAN - LuxpowerTek\" \/>\n<meta property=\"og:description\" content=\"Luxpower\u2019s WLAN communication module utilizes a USB port, enabling a plug-and-play connection.\" \/>\n<meta property=\"og:url\" content=\"https:\/\/luxpowertek.com\/fr\/enregistreur-de-donnees-produit-wlan\/\" \/>\n<meta property=\"article:modified_time\" content=\"2025-11-07T08:24:18+00:00\" \/>\n<meta name=\"twitter:card\" content=\"summary_large_image\" \/>\n<meta name=\"twitter:label1\" content=\"Dur\u00e9e de lecture estim\u00e9e\" \/>\n\t<meta name=\"twitter:data1\" content=\"2 minutes\" \/>\n<script type=\"application\/ld+json\" class=\"yoast-schema-graph\">{\"@context\":\"https:\\\/\\\/schema.org\",\"@graph\":[{\"@type\":\"WebPage\",\"@id\":\"https:\\\/\\\/luxpowertek.com\\\/product-data-logger-wlan\\\/\",\"url\":\"https:\\\/\\\/luxpowertek.com\\\/product-data-logger-wlan\\\/\",\"name\":\"Inverter-Data-Logger-WLAN - LuxpowerTek\",\"isPartOf\":{\"@id\":\"https:\\\/\\\/luxpowertek.com\\\/#website\"},\"datePublished\":\"2024-06-08T07:35:40+00:00\",\"dateModified\":\"2025-11-07T08:24:18+00:00\",\"description\":\"Luxpower\u2019s WLAN communication module utilizes a USB port, enabling a plug-and-play connection.\",\"breadcrumb\":{\"@id\":\"https:\\\/\\\/luxpowertek.com\\\/product-data-logger-wlan\\\/#breadcrumb\"},\"inLanguage\":\"fr-FR\",\"potentialAction\":[{\"@type\":\"ReadAction\",\"target\":[\"https:\\\/\\\/luxpowertek.com\\\/product-data-logger-wlan\\\/\"]}]},{\"@type\":\"BreadcrumbList\",\"@id\":\"https:\\\/\\\/luxpowertek.com\\\/product-data-logger-wlan\\\/#breadcrumb\",\"itemListElement\":[{\"@type\":\"ListItem\",\"position\":1,\"name\":\"Home\",\"item\":\"https:\\\/\\\/luxpowertek.com\\\/\"},{\"@type\":\"ListItem\",\"position\":2,\"name\":\"WLAN\"}]},{\"@type\":\"WebSite\",\"@id\":\"https:\\\/\\\/luxpowertek.com\\\/#website\",\"url\":\"https:\\\/\\\/luxpowertek.com\\\/\",\"name\":\"\",\"description\":\"\",\"potentialAction\":[{\"@type\":\"SearchAction\",\"target\":{\"@type\":\"EntryPoint\",\"urlTemplate\":\"https:\\\/\\\/luxpowertek.com\\\/?s={search_term_string}\"},\"query-input\":{\"@type\":\"PropertyValueSpecification\",\"valueRequired\":true,\"valueName\":\"search_term_string\"}}],\"inLanguage\":\"fr-FR\"}]}<\/script>\n<!-- \/ Yoast SEO plugin. -->","yoast_head_json":{"title":"Onduleur-Enregistreur de donn\u00e9es-WLAN - LuxpowerTek","description":"Le module de communication WLAN de Luxpower utilise un port USB, ce qui permet une connexion plug-and-play.","robots":{"index":"index","follow":"follow","max-snippet":"max-snippet:-1","max-image-preview":"max-image-preview:large","max-video-preview":"max-video-preview:-1"},"canonical":"https:\/\/luxpowertek.com\/fr\/enregistreur-de-donnees-produit-wlan\/","og_locale":"fr_FR","og_type":"article","og_title":"Inverter-Data-Logger-WLAN - LuxpowerTek","og_description":"Luxpower\u2019s WLAN communication module utilizes a USB port, enabling a plug-and-play connection.","og_url":"https:\/\/luxpowertek.com\/fr\/enregistreur-de-donnees-produit-wlan\/","article_modified_time":"2025-11-07T08:24:18+00:00","twitter_card":"summary_large_image","twitter_misc":{"Dur\u00e9e de lecture estim\u00e9e":"2 minutes"},"schema":{"@context":"https:\/\/schema.org","@graph":[{"@type":"WebPage","@id":"https:\/\/luxpowertek.com\/product-data-logger-wlan\/","url":"https:\/\/luxpowertek.com\/product-data-logger-wlan\/","name":"Onduleur-Enregistreur de donn\u00e9es-WLAN - LuxpowerTek","isPartOf":{"@id":"https:\/\/luxpowertek.com\/#website"},"datePublished":"2024-06-08T07:35:40+00:00","dateModified":"2025-11-07T08:24:18+00:00","description":"Le module de communication WLAN de Luxpower utilise un port USB, ce qui permet une connexion plug-and-play.","breadcrumb":{"@id":"https:\/\/luxpowertek.com\/product-data-logger-wlan\/#breadcrumb"},"inLanguage":"fr-FR","potentialAction":[{"@type":"ReadAction","target":["https:\/\/luxpowertek.com\/product-data-logger-wlan\/"]}]},{"@type":"BreadcrumbList","@id":"https:\/\/luxpowertek.com\/product-data-logger-wlan\/#breadcrumb","itemListElement":[{"@type":"ListItem","position":1,"name":"Home","item":"https:\/\/luxpowertek.com\/"},{"@type":"ListItem","position":2,"name":"WLAN"}]},{"@type":"WebSite","@id":"https:\/\/luxpowertek.com\/#website","url":"https:\/\/luxpowertek.com\/","name":"","description":"","potentialAction":[{"@type":"SearchAction","target":{"@type":"EntryPoint","urlTemplate":"https:\/\/luxpowertek.com\/?s={search_term_string}"},"query-input":{"@type":"PropertyValueSpecification","valueRequired":true,"valueName":"search_term_string"}}],"inLanguage":"fr-FR"}]}},"_links":{"self":[{"href":"https:\/\/luxpowertek.com\/fr\/wp-json\/wp\/v2\/pages\/9146","targetHints":{"allow":["GET"]}}],"collection":[{"href":"https:\/\/luxpowertek.com\/fr\/wp-json\/wp\/v2\/pages"}],"about":[{"href":"https:\/\/luxpowertek.com\/fr\/wp-json\/wp\/v2\/types\/page"}],"author":[{"embeddable":true,"href":"https:\/\/luxpowertek.com\/fr\/wp-json\/wp\/v2\/users\/3"}],"replies":[{"embeddable":true,"href":"https:\/\/luxpowertek.com\/fr\/wp-json\/wp\/v2\/comments?post=9146"}],"version-history":[{"count":20,"href":"https:\/\/luxpowertek.com\/fr\/wp-json\/wp\/v2\/pages\/9146\/revisions"}],"predecessor-version":[{"id":16459,"href":"https:\/\/luxpowertek.com\/fr\/wp-json\/wp\/v2\/pages\/9146\/revisions\/16459"}],"wp:attachment":[{"href":"https:\/\/luxpowertek.com\/fr\/wp-json\/wp\/v2\/media?parent=9146"}],"curies":[{"name":"wp","href":"https:\/\/api.w.org\/{rel}","templated":true}]}}