{"id":8667,"date":"2024-04-09T22:29:25","date_gmt":"2024-04-09T14:29:25","guid":{"rendered":"https:\/\/luxpowertek.com\/?page_id=8667"},"modified":"2024-08-01T14:02:08","modified_gmt":"2024-08-01T06:02:08","slug":"donglefaqs","status":"publish","type":"page","link":"https:\/\/luxpowertek.com\/fr\/donglefaqs\/","title":{"rendered":"FAQ sur les dongles"},"content":{"rendered":"<div class=\"banner has-hover\" id=\"banner-90693653\">\n          <div class=\"banner-inner fill\">\n        <div class=\"banner-bg fill\" >\n            <div class=\"bg fill bg-fill\"><\/div>\n                        <div class=\"overlay\"><\/div>            \n                    <\/div>\n\t\t\n        <div class=\"banner-layers container\">\n            <div class=\"fill banner-link\"><\/div>            \n   <div id=\"text-box-1569042737\" class=\"text-box banner-layer x50 md-x50 lg-x50 y50 md-y50 lg-y50 res-text\">\n                                <div class=\"text-box-content text dark\">\n              \n              <div class=\"text-inner text-center\">\n                  \n              <\/div>\n           <\/div>\n                            \n<style>\n#text-box-1569042737 {\n  width: 60%;\n}\n#text-box-1569042737 .text-box-content {\n  font-size: 100%;\n}\n@media (min-width:550px) {\n  #text-box-1569042737 {\n    width: 60%;\n  }\n}\n<\/style>\n    <\/div>\n \n        <\/div>\n      <\/div>\n\n            \n<style>\n#banner-90693653 {\n  padding-top: 500px;\n}\n#banner-90693653 .bg.bg-loaded {\n  background-image: url(https:\/\/luxpowertek.com\/wp-content\/uploads\/2024\/04\/six.webp);\n}\n#banner-90693653 .overlay {\n  background-color: rgba(0, 0, 0, 0.401);\n}\n<\/style>\n  <\/div>\n\n\n\t<section class=\"section\" id=\"section_1341391819\">\n\t\t<div class=\"bg section-bg fill bg-fill  bg-loaded\" >\n\n\t\t\t\n\t\t\t\n\t\t\t\n\n\t\t<\/div>\n\n\t\t\n\n\t\t<div class=\"section-content relative\">\n\t\t\t\n<div class=\"row\"  id=\"row-140051514\">\n\n\t<div id=\"col-1603224757\" class=\"col small-12 large-12\"  >\n\t\t\t\t<div class=\"col-inner\"  >\n\t\t\t\n\t\t\t\n<p class=\"lead\" style=\"text-align: center;\"><span style=\"font-size: 105%;\"><strong>FAQ sur les dongles<\/strong><\/span><\/p>\n\t\t<\/div>\n\t\t\t\t\t<\/div>\n\n\t\n<\/div>\n<div class=\"row\"  id=\"row-1581515031\">\n\n\t<div id=\"col-758969500\" class=\"col small-12 large-12\"  >\n\t\t\t\t<div class=\"col-inner\"  >\n\t\t\t\n\t\t\t\n<div class=\"accordion\">\n\t<div id=\"accordion-943057010\" class=\"accordion-item\">\n\t\t<a id=\"accordion-943057010-label\" class=\"accordion-title plain\" href=\"#accordion-item-what-does-\u2018dongle-already-exists\u2019-mean-when-adding-it-to-the-server?\" aria-expanded=\"false\" aria-controls=\"accordion-943057010-content\" >\n\t\t\t<button class=\"toggle\" aria-label=\"Basculer\"><i class=\"icon-angle-down\"><\/i><\/button>\n\t\t\t<span>Que signifie l'expression \"dongle already exists\" lorsqu'on l'ajoute au serveur ?<\/span>\n\t\t<\/a>\n\t\t<div id=\"accordion-943057010-content\" class=\"accordion-inner\" aria-labelledby=\"accordion-943057010-label\" >\n\t\t\t\n<ul>\n<li>R : Le message \"dongle already exists\" indique que le dongle a d\u00e9j\u00e0 \u00e9t\u00e9 ajout\u00e9 au serveur. Si vous souhaitez l'ajouter \u00e0 nouveau, veuillez d'abord retirer le dongle de la station. Si le dongle appara\u00eet toujours sous votre compte, veuillez contacter votre fournisseur ou Luxpowertek pour obtenir de l'aide.<\/li>\n<\/ul>\n\t\t<\/div>\n\t<\/div>\n\t\n\t<div id=\"accordion-2995221872\" class=\"accordion-item\">\n\t\t<a id=\"accordion-2995221872-label\" class=\"accordion-title plain\" href=\"#accordion-item-how-do-i-connect-the-dongle-to-a-new-wifi-provider-if-i-change-my-router?\" aria-expanded=\"false\" aria-controls=\"accordion-2995221872-content\" >\n\t\t\t<button class=\"toggle\" aria-label=\"Basculer\"><i class=\"icon-angle-down\"><\/i><\/button>\n\t\t\t<span>Comment connecter le dongle \u00e0 un nouveau fournisseur WiFi si je change de routeur ?<\/span>\n\t\t<\/a>\n\t\t<div id=\"accordion-2995221872-content\" class=\"accordion-inner\" aria-labelledby=\"accordion-2995221872-label\" >\n\t\t\t\n<p>R : Suivez ces \u00e9tapes pour configurer le nouveau mot de passe WiFi via l'application (assurez-vous que le nouveau routeur prend en charge la bande de fr\u00e9quence 2,4 GHz) :<\/p>\n<ul>\n<li>Ins\u00e9rer le dongle dans l'onduleur.<\/li>\n<li>Connectez votre t\u00e9l\u00e9phone portable ou votre ordinateur au point d'acc\u00e8s local envoy\u00e9 par le dongle WiFi lorsque la LED WiFi du dongle est allum\u00e9e.<\/li>\n<li>Ouvrez l'application Luxpowerview et naviguez jusqu'\u00e0 la page \"WiFi dongle connect\".<\/li>\n<li>S\u00e9lectionnez votre r\u00e9seau WiFi domestique et saisissez le mot de passe.<\/li>\n<li>Cliquez sur \"Home WiFi connect\" et attendez que les trois indicateurs LED se solidifient.<\/li>\n<\/ul>\n\t\t<\/div>\n\t<\/div>\n\t\n\t<div id=\"accordion-4154034787\" class=\"accordion-item\">\n\t\t<a id=\"accordion-4154034787-label\" class=\"accordion-title plain\" href=\"#accordion-item-why-isn&#039;t-my-4g-dongle-working?\" aria-expanded=\"false\" aria-controls=\"accordion-4154034787-content\" >\n\t\t\t<button class=\"toggle\" aria-label=\"Basculer\"><i class=\"icon-angle-down\"><\/i><\/button>\n\t\t\t<span>Pourquoi mon dongle 4G ne fonctionne-t-il pas ?<\/span>\n\t\t<\/a>\n\t\t<div id=\"accordion-4154034787-content\" class=\"accordion-inner\" aria-labelledby=\"accordion-4154034787-label\" >\n\t\t\t\n<p class=\"lead\"><span style=\"font-size: 80%;\">R : Assurez-vous que vous avez ins\u00e9r\u00e9 la carte SIM fournie par LUX dans le dongle 4G. Si le probl\u00e8me persiste, veuillez fournir le num\u00e9ro de s\u00e9rie du dongle 4G, le num\u00e9ro de s\u00e9rie de l'onduleur et le num\u00e9ro de s\u00e9rie de la carte SIM \u00e0 Luxpower pour obtenir des informations sur la p\u00e9riode de validit\u00e9.<\/span><\/p>\n\t\t<\/div>\n\t<\/div>\n\t\n<\/div>\n<div class=\"accordion\">\n\t<div id=\"accordion-921592691\" class=\"accordion-item\">\n\t\t<a id=\"accordion-921592691-label\" class=\"accordion-title plain\" href=\"#accordion-item-why-isn&#039;t-my-wifi-dongle-connecting-to-my-new-router?\" aria-expanded=\"false\" aria-controls=\"accordion-921592691-content\" >\n\t\t\t<button class=\"toggle\" aria-label=\"Basculer\"><i class=\"icon-angle-down\"><\/i><\/button>\n\t\t\t<span>Pourquoi mon dongle WiFi ne se connecte-t-il pas \u00e0 mon nouveau routeur ?<\/span>\n\t\t<\/a>\n\t\t<div id=\"accordion-921592691-content\" class=\"accordion-inner\" aria-labelledby=\"accordion-921592691-label\" >\n\t\t\t\n<p class=\"lead\"><span style=\"font-size: 80%;\">R : D\u00e9panner en v\u00e9rifiant les points suivants :<\/span><\/p>\n<ul>\n<li class=\"lead\">\n<p class=\"lead\"><span style=\"font-size: 80%;\">V\u00e9rifiez que le routeur prend en charge le protocole WiFi 5.<\/span><\/p>\n<\/li>\n<li class=\"lead\">\n<p class=\"lead\"><span style=\"font-size: 80%;\">Assurez-vous que le routeur est configur\u00e9 en WPA1\/WPA2\/WPA2\/3.<\/span><\/p>\n<\/li>\n<li class=\"lead\">\n<p class=\"lead\"><span style=\"font-size: 80%;\">V\u00e9rifiez que le routeur prend en charge la bande de fr\u00e9quence 2,4 GHz.<\/span><\/p>\n<\/li>\n<li class=\"lead\">\n<p class=\"lead\"><span style=\"font-size: 80%;\">V\u00e9rifiez si le routeur est configur\u00e9 en DHCP (ou attribuez manuellement l'adresse IP au dongle).<\/span><\/p>\n<\/li>\n<\/ul>\n\t\t<\/div>\n\t<\/div>\n\t\n\t<div id=\"accordion-193695711\" class=\"accordion-item\">\n\t\t<a id=\"accordion-193695711-label\" class=\"accordion-title plain\" href=\"#accordion-item-can-i-bind-a-dongle-to-more-than-one-station-for-normal-use?\" aria-expanded=\"false\" aria-controls=\"accordion-193695711-content\" >\n\t\t\t<button class=\"toggle\" aria-label=\"Basculer\"><i class=\"icon-angle-down\"><\/i><\/button>\n\t\t\t<span>Puis-je lier un dongle \u00e0 plus d'une station pour une utilisation normale ?<\/span>\n\t\t<\/a>\n\t\t<div id=\"accordion-193695711-content\" class=\"accordion-inner\" aria-labelledby=\"accordion-193695711-label\" >\n\t\t\t\n<p class=\"lead\"><span style=\"font-size: 80%;\">R : Actuellement, un seul dongle peut \u00eatre li\u00e9 \u00e0 un onduleur et \u00e0 une station donn\u00e9s.<\/span><\/p>\n\t\t<\/div>\n\t<\/div>\n\t\n\t<div id=\"accordion-4101020928\" class=\"accordion-item\">\n\t\t<a id=\"accordion-4101020928-label\" class=\"accordion-title plain\" href=\"#accordion-item-why-can&#039;t-we-see-the-wifi-hotspot-in-our-phone&#039;s-wifi-list?\" aria-expanded=\"false\" aria-controls=\"accordion-4101020928-content\" >\n\t\t\t<button class=\"toggle\" aria-label=\"Basculer\"><i class=\"icon-angle-down\"><\/i><\/button>\n\t\t\t<span>Pourquoi ne pouvons-nous pas voir le hotspot WiFi dans la liste WiFi de notre t\u00e9l\u00e9phone ?<\/span>\n\t\t<\/a>\n\t\t<div id=\"accordion-4101020928-content\" class=\"accordion-inner\" aria-labelledby=\"accordion-4101020928-label\" >\n\t\t\t\n<p class=\"lead\"><span style=\"font-size: 80%;\">R : V\u00e9rifiez si vous pouvez voir un hotspot nomm\u00e9 \"MXCHIPXXXX\". Si vous vous connectez \u00e0 10.10.10.1 et que vous changez le mode WiFi en mode station, le dongle peut ne pas afficher AP. De plus, si une r\u00e9initialisation d'usine est effectu\u00e9e, l'AP peut appara\u00eetre comme \"MXCHIPxxxxxxx\".<\/span><\/p>\n\t\t<\/div>\n\t<\/div>\n\t\n<\/div>\n\t\t<\/div>\n\t\t\t\t\t<\/div>\n\n\t\n<\/div>\n\t\t<\/div>\n\n\t\t\n<style>\n#section_1341391819 {\n  padding-top: 30px;\n  padding-bottom: 30px;\n}\n<\/style>\n\t<\/section>","protected":false},"excerpt":{"rendered":"","protected":false},"author":3,"featured_media":0,"parent":0,"menu_order":0,"comment_status":"closed","ping_status":"closed","template":"page-transparent-header-light.php","meta":{"rop_custom_images_group":[],"rop_custom_messages_group":[],"rop_publish_now":"initial","rop_publish_now_accounts":[],"rop_publish_now_history":[],"rop_publish_now_status":"pending","footnotes":""},"class_list":["post-8667","page","type-page","status-publish","hentry"],"yoast_head":"<!-- This site is optimized with the Yoast SEO plugin v27.3 - https:\/\/yoast.com\/product\/yoast-seo-wordpress\/ -->\n<title>Dongle FAQs -<\/title>\n<meta name=\"robots\" content=\"index, follow, max-snippet:-1, max-image-preview:large, max-video-preview:-1\" \/>\n<link rel=\"canonical\" href=\"https:\/\/luxpowertek.com\/fr\/donglefaqs\/\" \/>\n<meta property=\"og:locale\" content=\"fr_FR\" \/>\n<meta property=\"og:type\" content=\"article\" \/>\n<meta property=\"og:title\" content=\"Dongle FAQs -\" \/>\n<meta property=\"og:url\" content=\"https:\/\/luxpowertek.com\/fr\/donglefaqs\/\" \/>\n<meta property=\"article:publisher\" content=\"https:\/\/www.facebook.com\/LUXPOWERTEK\" \/>\n<meta property=\"article:modified_time\" content=\"2024-08-01T06:02:08+00:00\" \/>\n<meta name=\"twitter:card\" content=\"summary_large_image\" \/>\n<meta name=\"twitter:label1\" content=\"Dur\u00e9e de lecture estim\u00e9e\" \/>\n\t<meta name=\"twitter:data1\" content=\"2 minutes\" \/>\n<script type=\"application\/ld+json\" class=\"yoast-schema-graph\">{\"@context\":\"https:\\\/\\\/schema.org\",\"@graph\":[{\"@type\":\"WebPage\",\"@id\":\"https:\\\/\\\/luxpowertek.com\\\/donglefaqs\\\/\",\"url\":\"https:\\\/\\\/luxpowertek.com\\\/donglefaqs\\\/\",\"name\":\"Dongle FAQs -\",\"isPartOf\":{\"@id\":\"https:\\\/\\\/luxpowertek.com\\\/#website\"},\"datePublished\":\"2024-04-09T14:29:25+00:00\",\"dateModified\":\"2024-08-01T06:02:08+00:00\",\"breadcrumb\":{\"@id\":\"https:\\\/\\\/luxpowertek.com\\\/donglefaqs\\\/#breadcrumb\"},\"inLanguage\":\"fr-FR\",\"potentialAction\":[{\"@type\":\"ReadAction\",\"target\":[\"https:\\\/\\\/luxpowertek.com\\\/donglefaqs\\\/\"]}]},{\"@type\":\"BreadcrumbList\",\"@id\":\"https:\\\/\\\/luxpowertek.com\\\/donglefaqs\\\/#breadcrumb\",\"itemListElement\":[{\"@type\":\"ListItem\",\"position\":1,\"name\":\"Home\",\"item\":\"https:\\\/\\\/luxpowertek.com\\\/\"},{\"@type\":\"ListItem\",\"position\":2,\"name\":\"Dongle FAQs\"}]},{\"@type\":\"WebSite\",\"@id\":\"https:\\\/\\\/luxpowertek.com\\\/#website\",\"url\":\"https:\\\/\\\/luxpowertek.com\\\/\",\"name\":\"\",\"description\":\"\",\"publisher\":{\"@id\":\"https:\\\/\\\/luxpowertek.com\\\/#organization\"},\"potentialAction\":[{\"@type\":\"SearchAction\",\"target\":{\"@type\":\"EntryPoint\",\"urlTemplate\":\"https:\\\/\\\/luxpowertek.com\\\/?s={search_term_string}\"},\"query-input\":{\"@type\":\"PropertyValueSpecification\",\"valueRequired\":true,\"valueName\":\"search_term_string\"}}],\"inLanguage\":\"fr-FR\"},{\"@type\":\"Organization\",\"@id\":\"https:\\\/\\\/luxpowertek.com\\\/#organization\",\"name\":\"LuxpowerTek\",\"url\":\"https:\\\/\\\/luxpowertek.com\\\/\",\"logo\":{\"@type\":\"ImageObject\",\"inLanguage\":\"fr-FR\",\"@id\":\"https:\\\/\\\/luxpowertek.com\\\/#\\\/schema\\\/logo\\\/image\\\/\",\"url\":\"https:\\\/\\\/luxpowertek.com\\\/wp-content\\\/uploads\\\/2024\\\/08\\\/Luxpower_logo_new.webp\",\"contentUrl\":\"https:\\\/\\\/luxpowertek.com\\\/wp-content\\\/uploads\\\/2024\\\/08\\\/Luxpower_logo_new.webp\",\"width\":1030,\"height\":186,\"caption\":\"LuxpowerTek\"},\"image\":{\"@id\":\"https:\\\/\\\/luxpowertek.com\\\/#\\\/schema\\\/logo\\\/image\\\/\"},\"sameAs\":[\"https:\\\/\\\/www.facebook.com\\\/LUXPOWERTEK\"]}]}<\/script>\n<!-- \/ Yoast SEO plugin. -->","yoast_head_json":{"title":"FAQ sur les dongles -","robots":{"index":"index","follow":"follow","max-snippet":"max-snippet:-1","max-image-preview":"max-image-preview:large","max-video-preview":"max-video-preview:-1"},"canonical":"https:\/\/luxpowertek.com\/fr\/donglefaqs\/","og_locale":"fr_FR","og_type":"article","og_title":"Dongle FAQs -","og_url":"https:\/\/luxpowertek.com\/fr\/donglefaqs\/","article_publisher":"https:\/\/www.facebook.com\/LUXPOWERTEK","article_modified_time":"2024-08-01T06:02:08+00:00","twitter_card":"summary_large_image","twitter_misc":{"Dur\u00e9e de lecture estim\u00e9e":"2 minutes"},"schema":{"@context":"https:\/\/schema.org","@graph":[{"@type":"WebPage","@id":"https:\/\/luxpowertek.com\/donglefaqs\/","url":"https:\/\/luxpowertek.com\/donglefaqs\/","name":"FAQ sur les dongles -","isPartOf":{"@id":"https:\/\/luxpowertek.com\/#website"},"datePublished":"2024-04-09T14:29:25+00:00","dateModified":"2024-08-01T06:02:08+00:00","breadcrumb":{"@id":"https:\/\/luxpowertek.com\/donglefaqs\/#breadcrumb"},"inLanguage":"fr-FR","potentialAction":[{"@type":"ReadAction","target":["https:\/\/luxpowertek.com\/donglefaqs\/"]}]},{"@type":"BreadcrumbList","@id":"https:\/\/luxpowertek.com\/donglefaqs\/#breadcrumb","itemListElement":[{"@type":"ListItem","position":1,"name":"Home","item":"https:\/\/luxpowertek.com\/"},{"@type":"ListItem","position":2,"name":"Dongle FAQs"}]},{"@type":"WebSite","@id":"https:\/\/luxpowertek.com\/#website","url":"https:\/\/luxpowertek.com\/","name":"","description":"","publisher":{"@id":"https:\/\/luxpowertek.com\/#organization"},"potentialAction":[{"@type":"SearchAction","target":{"@type":"EntryPoint","urlTemplate":"https:\/\/luxpowertek.com\/?s={search_term_string}"},"query-input":{"@type":"PropertyValueSpecification","valueRequired":true,"valueName":"search_term_string"}}],"inLanguage":"fr-FR"},{"@type":"Organization","@id":"https:\/\/luxpowertek.com\/#organization","name":"LuxpowerTek","url":"https:\/\/luxpowertek.com\/","logo":{"@type":"ImageObject","inLanguage":"fr-FR","@id":"https:\/\/luxpowertek.com\/#\/schema\/logo\/image\/","url":"https:\/\/luxpowertek.com\/wp-content\/uploads\/2024\/08\/Luxpower_logo_new.webp","contentUrl":"https:\/\/luxpowertek.com\/wp-content\/uploads\/2024\/08\/Luxpower_logo_new.webp","width":1030,"height":186,"caption":"LuxpowerTek"},"image":{"@id":"https:\/\/luxpowertek.com\/#\/schema\/logo\/image\/"},"sameAs":["https:\/\/www.facebook.com\/LUXPOWERTEK"]}]}},"_links":{"self":[{"href":"https:\/\/luxpowertek.com\/fr\/wp-json\/wp\/v2\/pages\/8667","targetHints":{"allow":["GET"]}}],"collection":[{"href":"https:\/\/luxpowertek.com\/fr\/wp-json\/wp\/v2\/pages"}],"about":[{"href":"https:\/\/luxpowertek.com\/fr\/wp-json\/wp\/v2\/types\/page"}],"author":[{"embeddable":true,"href":"https:\/\/luxpowertek.com\/fr\/wp-json\/wp\/v2\/users\/3"}],"replies":[{"embeddable":true,"href":"https:\/\/luxpowertek.com\/fr\/wp-json\/wp\/v2\/comments?post=8667"}],"version-history":[{"count":20,"href":"https:\/\/luxpowertek.com\/fr\/wp-json\/wp\/v2\/pages\/8667\/revisions"}],"predecessor-version":[{"id":11353,"href":"https:\/\/luxpowertek.com\/fr\/wp-json\/wp\/v2\/pages\/8667\/revisions\/11353"}],"wp:attachment":[{"href":"https:\/\/luxpowertek.com\/fr\/wp-json\/wp\/v2\/media?parent=8667"}],"curies":[{"name":"wp","href":"https:\/\/api.w.org\/{rel}","templated":true}]}}