{"id":8648,"date":"2024-04-09T21:34:36","date_gmt":"2024-04-09T13:34:36","guid":{"rendered":"https:\/\/luxpowertek.com\/?page_id=8648"},"modified":"2024-08-01T10:57:41","modified_gmt":"2024-08-01T02:57:41","slug":"onduleur-solaire-ac-dc-onduleurfaq","status":"publish","type":"page","link":"https:\/\/luxpowertek.com\/fr\/onduleur-solaire-ac-dc-onduleurfaq\/","title":{"rendered":"FAQ sur les onduleurs AC\/DC"},"content":{"rendered":"<div class=\"banner has-hover\" id=\"banner-1707275454\">\n          <div class=\"banner-inner fill\">\n        <div class=\"banner-bg fill\" >\n            <div class=\"bg fill bg-fill\"><\/div>\n                        <div class=\"overlay\"><\/div>            \n                    <\/div>\n\t\t\n        <div class=\"banner-layers container\">\n            <div class=\"fill banner-link\"><\/div>            \n   <div id=\"text-box-2076224012\" class=\"text-box banner-layer x50 md-x50 lg-x50 y50 md-y50 lg-y50 res-text\">\n                                <div class=\"text-box-content text dark\">\n              \n              <div class=\"text-inner text-center\">\n                  \n              <\/div>\n           <\/div>\n                            \n<style>\n#text-box-2076224012 {\n  width: 60%;\n}\n#text-box-2076224012 .text-box-content {\n  font-size: 100%;\n}\n@media (min-width:550px) {\n  #text-box-2076224012 {\n    width: 60%;\n  }\n}\n<\/style>\n    <\/div>\n \n        <\/div>\n      <\/div>\n\n            \n<style>\n#banner-1707275454 {\n  padding-top: 500px;\n}\n#banner-1707275454 .bg.bg-loaded {\n  background-image: url(https:\/\/luxpowertek.com\/wp-content\/uploads\/2024\/04\/six.webp);\n}\n#banner-1707275454 .overlay {\n  background-color: rgba(0, 0, 0, 0.401);\n}\n<\/style>\n  <\/div>\n\n\n\t<section class=\"section\" id=\"section_1722560939\">\n\t\t<div class=\"bg section-bg fill bg-fill  bg-loaded\" >\n\n\t\t\t\n\t\t\t\n\t\t\t\n\n\t\t<\/div>\n\n\t\t\n\n\t\t<div class=\"section-content relative\">\n\t\t\t\n<div class=\"row\"  id=\"row-56310588\">\n\n\t<div id=\"col-1825208724\" class=\"col small-12 large-12\"  >\n\t\t\t\t<div class=\"col-inner\"  >\n\t\t\t\n\t\t\t\n<p class=\"lead\" style=\"text-align: center;\"><span style=\"font-size: 105%;\"><strong>FAQ sur les onduleurs coupl\u00e9s AC\/DC<\/strong><\/span><\/p>\n\t\t<\/div>\n\t\t\t\t\t<\/div>\n\n\t\n<\/div>\n<div class=\"row\"  id=\"row-1917898231\">\n\n\t<div id=\"col-1554839436\" class=\"col small-12 large-12\"  >\n\t\t\t\t<div class=\"col-inner\"  >\n\t\t\t\n\t\t\t\n<div class=\"accordion\">\n\t<div id=\"accordion-1545605724\" class=\"accordion-item\">\n\t\t<a id=\"accordion-1545605724-label\" class=\"accordion-title plain\" href=\"#accordion-item-what-does-ac-coupling-mean\uff1f\" aria-expanded=\"false\" aria-controls=\"accordion-1545605724-content\" >\n\t\t\t<button class=\"toggle\" aria-label=\"Basculer\"><i class=\"icon-angle-down\"><\/i><\/button>\n\t\t\t<span>Que signifie AC COUPLING\uff1f ?<\/span>\n\t\t<\/a>\n\t\t<div id=\"accordion-1545605724-content\" class=\"accordion-inner\" aria-labelledby=\"accordion-1545605724-label\" >\n\t\t\t\n<p class=\"lead\"><span style=\"font-size: 80%;\">R : Le couplage AC, ou couplage CA, fait principalement r\u00e9f\u00e9rence \u00e0 un syst\u00e8me de stockage charg\u00e9 \u00e0 partir de courant alternatif. G\u00e9n\u00e9ralement utilis\u00e9 dans des sc\u00e9narios de modernisation avec des syst\u00e8mes photovolta\u00efques existants, le couplage CA permet de compenser la charge et de charger la batterie lorsque le r\u00e9seau \u00e9lectrique est disponible. Pendant les pannes de r\u00e9seau, le syst\u00e8me de stockage fournit une tension de r\u00e9f\u00e9rence au syst\u00e8me photovolta\u00efque pour qu'il puisse continuer \u00e0 produire de l'\u00e9lectricit\u00e9 sans l'aide du r\u00e9seau.<\/span><\/p>\n\t\t<\/div>\n\t<\/div>\n\t\n\t<div id=\"accordion-3047830255\" class=\"accordion-item\">\n\t\t<a id=\"accordion-3047830255-label\" class=\"accordion-title plain\" href=\"#accordion-item-is-ac-couple-in-on-grid-mode-and-off-grid-mode-available-with-12kw-inverter-?\" aria-expanded=\"false\" aria-controls=\"accordion-3047830255-content\" >\n\t\t\t<button class=\"toggle\" aria-label=\"Basculer\"><i class=\"icon-angle-down\"><\/i><\/button>\n\t\t\t<span>Est-ce que le couple AC en mode on-grid et off-grid est disponible avec l'onduleur 12kw ?<\/span>\n\t\t<\/a>\n\t\t<div id=\"accordion-3047830255-content\" class=\"accordion-inner\" aria-labelledby=\"accordion-3047830255-label\" >\n\t\t\t\n<p class=\"lead\"><span style=\"font-size: 80%;\">R : Oui, les modes en r\u00e9seau et hors r\u00e9seau sont disponibles avec un onduleur de 12 kW. L'onduleur photovolta\u00efque existant doit \u00eatre connect\u00e9 au port Gen pour permettre la fonctionnalit\u00e9 de couplage AC.<\/span><\/p>\n\t\t<\/div>\n\t<\/div>\n\t\n\t<div id=\"accordion-680102731\" class=\"accordion-item\">\n\t\t<a id=\"accordion-680102731-label\" class=\"accordion-title plain\" href=\"#accordion-item-can-acs3600-achieve-zero-export?\" aria-expanded=\"false\" aria-controls=\"accordion-680102731-content\" >\n\t\t\t<button class=\"toggle\" aria-label=\"Basculer\"><i class=\"icon-angle-down\"><\/i><\/button>\n\t\t\t<span>L'ACS3600 peut-il atteindre le niveau z\u00e9ro d'exportation ?<\/span>\n\t\t<\/a>\n\t\t<div id=\"accordion-680102731-content\" class=\"accordion-inner\" aria-labelledby=\"accordion-680102731-label\" >\n\t\t\t\n<p>R : L'ACS3600 ne peut pas r\u00e9aliser une v\u00e9ritable exportation z\u00e9ro en raison de certaines limitations :<\/p>\n<ul>\n<li>Si l'onduleur photovolta\u00efque ne dispose pas de la fonction d'exportation z\u00e9ro, le r\u00e9glage de l'exportation z\u00e9ro ne fonctionnera pas, ce qui entra\u00eenera un retour d'\u00e9nergie exc\u00e9dentaire vers le r\u00e9seau.<\/li>\n<li>Si l'onduleur PV a une capacit\u00e9 d'exportation nulle, il produit de l'\u00e9nergie en fonction de la charge. Lorsque le courant de l'onduleur est d\u00e9tect\u00e9 par un transformateur de courant (TC), la production d'\u00e9nergie photovolta\u00efque s'arr\u00eate, ce qui emp\u00eache la charge de la batterie pendant cette p\u00e9riode.<\/li>\n<\/ul>\n\t\t<\/div>\n\t<\/div>\n\t\n<\/div>\n<div class=\"accordion\">\n\t<div id=\"accordion-401918695\" class=\"accordion-item\">\n\t\t<a id=\"accordion-401918695-label\" class=\"accordion-title plain\" href=\"#accordion-item-what-does-the-acs-3600-provide?\" aria-expanded=\"false\" aria-controls=\"accordion-401918695-content\" >\n\t\t\t<button class=\"toggle\" aria-label=\"Basculer\"><i class=\"icon-angle-down\"><\/i><\/button>\n\t\t\t<span>Quels sont les avantages de l'ACS 3600 ?<\/span>\n\t\t<\/a>\n\t\t<div id=\"accordion-401918695-content\" class=\"accordion-inner\" aria-labelledby=\"accordion-401918695-label\" >\n\t\t\t\n<p class=\"lead\"><span style=\"font-size: 80%;\">R : L'ACS 3600, notre dispositif coupl\u00e9 au courant alternatif, int\u00e8gre une conversion d'\u00e9nergie bidirectionnelle, une batterie de stockage d'\u00e9nergie et une unit\u00e9 de gestion de la batterie. Il stocke efficacement l'\u00e9nergie provenant de sources solaires, du r\u00e9seau ou d'un g\u00e9n\u00e9rateur pour alimenter les charges domestiques en fonction des besoins. Ce syst\u00e8me optimise l'utilisation de l'\u00e9nergie solaire, r\u00e9duit les d\u00e9penses d'\u00e9lectricit\u00e9 et garantit une \u00e9lectricit\u00e9 domestique fiable. Pendant les pannes de r\u00e9seau, le g\u00e9n\u00e9rateur sert de source d'\u00e9nergie de secours.<\/span><\/p>\n\t\t<\/div>\n\t<\/div>\n\t\n\t<div id=\"accordion-3532658900\" class=\"accordion-item\">\n\t\t<a id=\"accordion-3532658900-label\" class=\"accordion-title plain\" href=\"#accordion-item-what-is-the-difference-between-ac-and-dc-coupled?\" aria-expanded=\"false\" aria-controls=\"accordion-3532658900-content\" >\n\t\t\t<button class=\"toggle\" aria-label=\"Basculer\"><i class=\"icon-angle-down\"><\/i><\/button>\n\t\t\t<span>Quelle est la diff\u00e9rence entre un couplage en courant alternatif et un couplage en courant continu ?<\/span>\n\t\t<\/a>\n\t\t<div id=\"accordion-3532658900-content\" class=\"accordion-inner\" aria-labelledby=\"accordion-3532658900-label\" >\n\t\t\t\n<p class=\"lead\"><span style=\"font-size: 80%;\">R : Dans un syst\u00e8me coupl\u00e9 au courant alternatif, les panneaux solaires produisent du courant continu, qui est converti en courant alternatif par un onduleur pour alimenter les appareils. Toute \u00e9lectricit\u00e9 dirig\u00e9e vers une batterie est convertie en courant continu par un onduleur avant d'\u00eatre reconvertie en courant alternatif pour l'utilisation des appareils ou l'alimentation du r\u00e9seau.<\/span><\/p>\n<p class=\"lead\"><span style=\"font-size: 80%;\">Dans un syst\u00e8me \u00e0 couplage CC, l'\u00e9nergie CC provenant des panneaux solaires charge directement les batteries solaires sans conversion interm\u00e9diaire en courant alternatif. L'\u00e9lectricit\u00e9 n\u00e9cessaire aux appareils ou \u00e0 l'alimentation du r\u00e9seau est convertie en courant alternatif par un onduleur, de m\u00eame que l'\u00e9lectricit\u00e9 d\u00e9charg\u00e9e de la batterie.<\/span><\/p>\n\t\t<\/div>\n\t<\/div>\n\t\n\t<div id=\"accordion-3392023372\" class=\"accordion-item\">\n\t\t<a id=\"accordion-3392023372-label\" class=\"accordion-title plain\" href=\"#accordion-item-what-is-the-scenario-for-a-dc-coupled-inverter?\" aria-expanded=\"false\" aria-controls=\"accordion-3392023372-content\" >\n\t\t\t<button class=\"toggle\" aria-label=\"Basculer\"><i class=\"icon-angle-down\"><\/i><\/button>\n\t\t\t<span>Quel est le sc\u00e9nario pour un onduleur coupl\u00e9 en courant continu ?<\/span>\n\t\t<\/a>\n\t\t<div id=\"accordion-3392023372-content\" class=\"accordion-inner\" aria-labelledby=\"accordion-3392023372-label\" >\n\t\t\t\n<p>R : Dans le contexte d'un onduleur coupl\u00e9 au courant continu, notre dispositif s'interface avec les onduleurs connect\u00e9s au r\u00e9seau existants. Avec une capacit\u00e9 maximale de 200 kW d'entr\u00e9e PV et de 100 kW de sortie PV, et une compatibilit\u00e9 avec des batteries haute tension de 100 \u00e0 700 V, il convient aux applications commerciales et industrielles \u00e0 grande \u00e9chelle.<\/p>\n\t\t<\/div>\n\t<\/div>\n\t\n<\/div>\n\t\t<\/div>\n\t\t\t\t\t<\/div>\n\n\t\n\n\t<div id=\"col-1979250767\" class=\"col small-12 large-12\"  >\n\t\t\t\t<div class=\"col-inner\"  >\n\t\t\t\n\t\t\t\n\t\t<\/div>\n\t\t\t\t\t<\/div>\n\n\t\n<\/div>\n\t\t<\/div>\n\n\t\t\n<style>\n#section_1722560939 {\n  padding-top: 30px;\n  padding-bottom: 30px;\n}\n<\/style>\n\t<\/section>","protected":false},"excerpt":{"rendered":"","protected":false},"author":3,"featured_media":0,"parent":0,"menu_order":0,"comment_status":"closed","ping_status":"closed","template":"page-transparent-header-light.php","meta":{"rop_custom_images_group":[],"rop_custom_messages_group":[],"rop_publish_now":"initial","rop_publish_now_accounts":[],"rop_publish_now_history":[],"rop_publish_now_status":"pending","footnotes":""},"class_list":["post-8648","page","type-page","status-publish","hentry"],"yoast_head":"<!-- This site is optimized with the Yoast SEO plugin v27.3 - https:\/\/yoast.com\/product\/yoast-seo-wordpress\/ -->\n<title>AC\/DC inverter FAQs -<\/title>\n<meta name=\"robots\" content=\"index, follow, max-snippet:-1, max-image-preview:large, max-video-preview:-1\" \/>\n<link rel=\"canonical\" href=\"https:\/\/luxpowertek.com\/fr\/onduleur-solaire-ac-dc-onduleurfaq\/\" \/>\n<meta property=\"og:locale\" content=\"fr_FR\" \/>\n<meta property=\"og:type\" content=\"article\" \/>\n<meta property=\"og:title\" content=\"AC\/DC inverter FAQs -\" \/>\n<meta property=\"og:url\" content=\"https:\/\/luxpowertek.com\/fr\/onduleur-solaire-ac-dc-onduleurfaq\/\" \/>\n<meta property=\"article:publisher\" content=\"https:\/\/www.facebook.com\/LUXPOWERTEK\" \/>\n<meta property=\"article:modified_time\" content=\"2024-08-01T02:57:41+00:00\" \/>\n<meta name=\"twitter:card\" content=\"summary_large_image\" \/>\n<meta name=\"twitter:label1\" content=\"Dur\u00e9e de lecture estim\u00e9e\" \/>\n\t<meta name=\"twitter:data1\" content=\"2 minutes\" \/>\n<script type=\"application\/ld+json\" class=\"yoast-schema-graph\">{\"@context\":\"https:\\\/\\\/schema.org\",\"@graph\":[{\"@type\":\"WebPage\",\"@id\":\"https:\\\/\\\/luxpowertek.com\\\/solarinverter-ac-dc-inverterfaq\\\/\",\"url\":\"https:\\\/\\\/luxpowertek.com\\\/solarinverter-ac-dc-inverterfaq\\\/\",\"name\":\"AC\\\/DC inverter FAQs -\",\"isPartOf\":{\"@id\":\"https:\\\/\\\/luxpowertek.com\\\/#website\"},\"datePublished\":\"2024-04-09T13:34:36+00:00\",\"dateModified\":\"2024-08-01T02:57:41+00:00\",\"breadcrumb\":{\"@id\":\"https:\\\/\\\/luxpowertek.com\\\/solarinverter-ac-dc-inverterfaq\\\/#breadcrumb\"},\"inLanguage\":\"fr-FR\",\"potentialAction\":[{\"@type\":\"ReadAction\",\"target\":[\"https:\\\/\\\/luxpowertek.com\\\/solarinverter-ac-dc-inverterfaq\\\/\"]}]},{\"@type\":\"BreadcrumbList\",\"@id\":\"https:\\\/\\\/luxpowertek.com\\\/solarinverter-ac-dc-inverterfaq\\\/#breadcrumb\",\"itemListElement\":[{\"@type\":\"ListItem\",\"position\":1,\"name\":\"Home\",\"item\":\"https:\\\/\\\/luxpowertek.com\\\/\"},{\"@type\":\"ListItem\",\"position\":2,\"name\":\"AC\\\/DC inverter FAQs\"}]},{\"@type\":\"WebSite\",\"@id\":\"https:\\\/\\\/luxpowertek.com\\\/#website\",\"url\":\"https:\\\/\\\/luxpowertek.com\\\/\",\"name\":\"\",\"description\":\"\",\"publisher\":{\"@id\":\"https:\\\/\\\/luxpowertek.com\\\/#organization\"},\"potentialAction\":[{\"@type\":\"SearchAction\",\"target\":{\"@type\":\"EntryPoint\",\"urlTemplate\":\"https:\\\/\\\/luxpowertek.com\\\/?s={search_term_string}\"},\"query-input\":{\"@type\":\"PropertyValueSpecification\",\"valueRequired\":true,\"valueName\":\"search_term_string\"}}],\"inLanguage\":\"fr-FR\"},{\"@type\":\"Organization\",\"@id\":\"https:\\\/\\\/luxpowertek.com\\\/#organization\",\"name\":\"LuxpowerTek\",\"url\":\"https:\\\/\\\/luxpowertek.com\\\/\",\"logo\":{\"@type\":\"ImageObject\",\"inLanguage\":\"fr-FR\",\"@id\":\"https:\\\/\\\/luxpowertek.com\\\/#\\\/schema\\\/logo\\\/image\\\/\",\"url\":\"https:\\\/\\\/luxpowertek.com\\\/wp-content\\\/uploads\\\/2024\\\/08\\\/Luxpower_logo_new.webp\",\"contentUrl\":\"https:\\\/\\\/luxpowertek.com\\\/wp-content\\\/uploads\\\/2024\\\/08\\\/Luxpower_logo_new.webp\",\"width\":1030,\"height\":186,\"caption\":\"LuxpowerTek\"},\"image\":{\"@id\":\"https:\\\/\\\/luxpowertek.com\\\/#\\\/schema\\\/logo\\\/image\\\/\"},\"sameAs\":[\"https:\\\/\\\/www.facebook.com\\\/LUXPOWERTEK\"]}]}<\/script>\n<!-- \/ Yoast SEO plugin. -->","yoast_head_json":{"title":"FAQ sur les onduleurs AC\/DC -","robots":{"index":"index","follow":"follow","max-snippet":"max-snippet:-1","max-image-preview":"max-image-preview:large","max-video-preview":"max-video-preview:-1"},"canonical":"https:\/\/luxpowertek.com\/fr\/onduleur-solaire-ac-dc-onduleurfaq\/","og_locale":"fr_FR","og_type":"article","og_title":"AC\/DC inverter FAQs -","og_url":"https:\/\/luxpowertek.com\/fr\/onduleur-solaire-ac-dc-onduleurfaq\/","article_publisher":"https:\/\/www.facebook.com\/LUXPOWERTEK","article_modified_time":"2024-08-01T02:57:41+00:00","twitter_card":"summary_large_image","twitter_misc":{"Dur\u00e9e de lecture estim\u00e9e":"2 minutes"},"schema":{"@context":"https:\/\/schema.org","@graph":[{"@type":"WebPage","@id":"https:\/\/luxpowertek.com\/solarinverter-ac-dc-inverterfaq\/","url":"https:\/\/luxpowertek.com\/solarinverter-ac-dc-inverterfaq\/","name":"FAQ sur les onduleurs AC\/DC -","isPartOf":{"@id":"https:\/\/luxpowertek.com\/#website"},"datePublished":"2024-04-09T13:34:36+00:00","dateModified":"2024-08-01T02:57:41+00:00","breadcrumb":{"@id":"https:\/\/luxpowertek.com\/solarinverter-ac-dc-inverterfaq\/#breadcrumb"},"inLanguage":"fr-FR","potentialAction":[{"@type":"ReadAction","target":["https:\/\/luxpowertek.com\/solarinverter-ac-dc-inverterfaq\/"]}]},{"@type":"BreadcrumbList","@id":"https:\/\/luxpowertek.com\/solarinverter-ac-dc-inverterfaq\/#breadcrumb","itemListElement":[{"@type":"ListItem","position":1,"name":"Home","item":"https:\/\/luxpowertek.com\/"},{"@type":"ListItem","position":2,"name":"AC\/DC inverter FAQs"}]},{"@type":"WebSite","@id":"https:\/\/luxpowertek.com\/#website","url":"https:\/\/luxpowertek.com\/","name":"","description":"","publisher":{"@id":"https:\/\/luxpowertek.com\/#organization"},"potentialAction":[{"@type":"SearchAction","target":{"@type":"EntryPoint","urlTemplate":"https:\/\/luxpowertek.com\/?s={search_term_string}"},"query-input":{"@type":"PropertyValueSpecification","valueRequired":true,"valueName":"search_term_string"}}],"inLanguage":"fr-FR"},{"@type":"Organization","@id":"https:\/\/luxpowertek.com\/#organization","name":"LuxpowerTek","url":"https:\/\/luxpowertek.com\/","logo":{"@type":"ImageObject","inLanguage":"fr-FR","@id":"https:\/\/luxpowertek.com\/#\/schema\/logo\/image\/","url":"https:\/\/luxpowertek.com\/wp-content\/uploads\/2024\/08\/Luxpower_logo_new.webp","contentUrl":"https:\/\/luxpowertek.com\/wp-content\/uploads\/2024\/08\/Luxpower_logo_new.webp","width":1030,"height":186,"caption":"LuxpowerTek"},"image":{"@id":"https:\/\/luxpowertek.com\/#\/schema\/logo\/image\/"},"sameAs":["https:\/\/www.facebook.com\/LUXPOWERTEK"]}]}},"_links":{"self":[{"href":"https:\/\/luxpowertek.com\/fr\/wp-json\/wp\/v2\/pages\/8648","targetHints":{"allow":["GET"]}}],"collection":[{"href":"https:\/\/luxpowertek.com\/fr\/wp-json\/wp\/v2\/pages"}],"about":[{"href":"https:\/\/luxpowertek.com\/fr\/wp-json\/wp\/v2\/types\/page"}],"author":[{"embeddable":true,"href":"https:\/\/luxpowertek.com\/fr\/wp-json\/wp\/v2\/users\/3"}],"replies":[{"embeddable":true,"href":"https:\/\/luxpowertek.com\/fr\/wp-json\/wp\/v2\/comments?post=8648"}],"version-history":[{"count":6,"href":"https:\/\/luxpowertek.com\/fr\/wp-json\/wp\/v2\/pages\/8648\/revisions"}],"predecessor-version":[{"id":10917,"href":"https:\/\/luxpowertek.com\/fr\/wp-json\/wp\/v2\/pages\/8648\/revisions\/10917"}],"wp:attachment":[{"href":"https:\/\/luxpowertek.com\/fr\/wp-json\/wp\/v2\/media?parent=8648"}],"curies":[{"name":"wp","href":"https:\/\/api.w.org\/{rel}","templated":true}]}}