{"id":8646,"date":"2024-04-09T21:26:37","date_gmt":"2024-04-09T13:26:37","guid":{"rendered":"https:\/\/luxpowertek.com\/?page_id=8646"},"modified":"2024-07-04T10:34:11","modified_gmt":"2024-07-04T02:34:11","slug":"convertisseur-hors-reseaufaq","status":"publish","type":"page","link":"https:\/\/luxpowertek.com\/fr\/convertisseur-hors-reseaufaq\/","title":{"rendered":"FAQ sur les onduleurs hors r\u00e9seau"},"content":{"rendered":"<div class=\"banner has-hover\" id=\"banner-1620842420\">\n          <div class=\"banner-inner fill\">\n        <div class=\"banner-bg fill\" >\n            <div class=\"bg fill bg-fill\"><\/div>\n                        <div class=\"overlay\"><\/div>            \n                    <\/div>\n\t\t\n        <div class=\"banner-layers container\">\n            <div class=\"fill banner-link\"><\/div>            \n   <div id=\"text-box-390136532\" class=\"text-box banner-layer x50 md-x50 lg-x50 y50 md-y50 lg-y50 res-text\">\n                                <div class=\"text-box-content text dark\">\n              \n              <div class=\"text-inner text-center\">\n                  \n              <\/div>\n           <\/div>\n                            \n<style>\n#text-box-390136532 {\n  width: 60%;\n}\n#text-box-390136532 .text-box-content {\n  font-size: 100%;\n}\n@media (min-width:550px) {\n  #text-box-390136532 {\n    width: 60%;\n  }\n}\n<\/style>\n    <\/div>\n \n        <\/div>\n      <\/div>\n\n            \n<style>\n#banner-1620842420 {\n  padding-top: 500px;\n}\n#banner-1620842420 .bg.bg-loaded {\n  background-image: url(https:\/\/luxpowertek.com\/wp-content\/uploads\/2024\/04\/six.webp);\n}\n#banner-1620842420 .overlay {\n  background-color: rgba(0, 0, 0, 0.401);\n}\n<\/style>\n  <\/div>\n\n\n\t<section class=\"section\" id=\"section_405766807\">\n\t\t<div class=\"bg section-bg fill bg-fill  bg-loaded\" >\n\n\t\t\t\n\t\t\t\n\t\t\t\n\n\t\t<\/div>\n\n\t\t\n\n\t\t<div class=\"section-content relative\">\n\t\t\t\n<div class=\"row\"  id=\"row-351449343\">\n\n\t<div id=\"col-1234372269\" class=\"col small-12 large-12\"  >\n\t\t\t\t<div class=\"col-inner\"  >\n\t\t\t\n\t\t\t\n<p class=\"lead\" style=\"text-align: center;\"><strong><span style=\"font-size: 100%;\">FAQ sur les onduleurs hors r\u00e9seau<\/span><\/strong><\/p>\n\t\t<\/div>\n\t\t\t\t\t<\/div>\n\n\t\n<\/div>\n<div class=\"row\"  id=\"row-2019703444\">\n\n\t<div id=\"col-1192737608\" class=\"col small-12 large-12\"  >\n\t\t\t\t<div class=\"col-inner\"  >\n\t\t\t\n\t\t\t\n<div class=\"accordion\">\n\t<div id=\"accordion-2037979643\" class=\"accordion-item\">\n\t\t<a id=\"accordion-2037979643-label\" class=\"accordion-title plain\" href=\"#accordion-item-why-does-my-sna-inverter-consistently-discharge-with-low-power-even-when-there-is-no-load-connected?\" aria-expanded=\"false\" aria-controls=\"accordion-2037979643-content\" >\n\t\t\t<button class=\"toggle\" aria-label=\"Basculer\"><i class=\"icon-angle-down\"><\/i><\/button>\n\t\t\t<span>Pourquoi mon onduleur SNA se d\u00e9charge-t-il constamment avec une faible puissance m\u00eame lorsqu'il n'y a pas de charge connect\u00e9e ?<\/span>\n\t\t<\/a>\n\t\t<div id=\"accordion-2037979643-content\" class=\"accordion-inner\" aria-labelledby=\"accordion-2037979643-label\" >\n\t\t\t\n<p class=\"lead\"><span style=\"font-size: 80%;\">R : Si la fonction EPS (alimentation de secours) est activ\u00e9e, l'onduleur SNA peut afficher une charge inf\u00e9rieure \u00e0 60 watts m\u00eame si aucune charge n'est connect\u00e9e au port de sortie EPS.<\/span><\/p>\n\t\t<\/div>\n\t<\/div>\n\t\n\t<div id=\"accordion-3446284496\" class=\"accordion-item\">\n\t\t<a id=\"accordion-3446284496-label\" class=\"accordion-title plain\" href=\"#accordion-item-what-does-warning-code-00-on-the-sna5000-inverter-indicate?\" aria-expanded=\"false\" aria-controls=\"accordion-3446284496-content\" >\n\t\t\t<button class=\"toggle\" aria-label=\"Basculer\"><i class=\"icon-angle-down\"><\/i><\/button>\n\t\t\t<span>Que signifie le code d'avertissement 00 sur l'onduleur SNA5000 ?<\/span>\n\t\t<\/a>\n\t\t<div id=\"accordion-3446284496-content\" class=\"accordion-inner\" aria-labelledby=\"accordion-3446284496-label\" >\n\t\t\t\n<p class=\"lead\"><span style=\"font-size: 80%;\">R : Le code d'avertissement 00 signifie un \"d\u00e9faut de communication de la batterie\", indiquant une d\u00e9faillance dans la communication entre la batterie et l'onduleur. En outre, le code d'erreur 00 peut sugg\u00e9rer un probl\u00e8me de communication entre les unit\u00e9s centrales de commande, ce qui n\u00e9cessite une mise \u00e0 jour du micrologiciel ou un red\u00e9marrage du syst\u00e8me. Le code d'\u00e9tat 00 indique le mode \"Standby\", ce qui signifie que l'onduleur reste en standby en raison de conditions non remplies pour changer de mode de travail.<\/span><\/p>\n\t\t<\/div>\n\t<\/div>\n\t\n\t<div id=\"accordion-2647272850\" class=\"accordion-item\">\n\t\t<a id=\"accordion-2647272850-label\" class=\"accordion-title plain\" href=\"#accordion-item-i-installed-two-100ah-batteries,-but-the-monitoring-platform-shows-only-100ah.-why-is-that?\" aria-expanded=\"false\" aria-controls=\"accordion-2647272850-content\" >\n\t\t\t<button class=\"toggle\" aria-label=\"Basculer\"><i class=\"icon-angle-down\"><\/i><\/button>\n\t\t\t<span>J'ai install\u00e9 deux batteries de 100Ah, mais la plateforme de surveillance n'affiche que 100Ah. Comment cela se fait-il ?<\/span>\n\t\t<\/a>\n\t\t<div id=\"accordion-2647272850-content\" class=\"accordion-inner\" aria-labelledby=\"accordion-2647272850-label\" >\n\t\t\t\n<p class=\"lead\"><span style=\"font-size: 80%;\">R : Dans les onduleurs SNA, le ventilateur fonctionne en fonction de seuils de puissance sp\u00e9cifiques. Lorsque la puissance de charge ou de d\u00e9charge d\u00e9passe 300 watts, les ventilateurs de gauche et du milieu s'activent. En outre, le ventilateur de droite s'enclenche lorsque la puissance photovolta\u00efque d\u00e9passe 300 watts ou que la puissance d'importation du r\u00e9seau d\u00e9passe 5 000 VA.<\/span><\/p>\n\t\t<\/div>\n\t<\/div>\n\t\n<\/div>\n<div class=\"accordion\">\n\t<div id=\"accordion-664166535\" class=\"accordion-item\">\n\t\t<a id=\"accordion-664166535-label\" class=\"accordion-title plain\" href=\"#accordion-item-what-is-the-recommended-depth-of-discharge-for-the-battery,-and-how-can-it-be-adjusted?\" aria-expanded=\"false\" aria-controls=\"accordion-664166535-content\" >\n\t\t\t<button class=\"toggle\" aria-label=\"Basculer\"><i class=\"icon-angle-down\"><\/i><\/button>\n\t\t\t<span>Quelle est la profondeur de d\u00e9charge recommand\u00e9e pour la batterie et comment peut-elle \u00eatre ajust\u00e9e ?<\/span>\n\t\t<\/a>\n\t\t<div id=\"accordion-664166535-content\" class=\"accordion-inner\" aria-labelledby=\"accordion-664166535-label\" >\n\t\t\t\n<p class=\"lead\"><span style=\"font-size: 80%;\">R : La profondeur de d\u00e9charge recommand\u00e9e (DOD) d\u00e9pend de la conception du syst\u00e8me, notamment de facteurs tels que la capacit\u00e9 de la batterie et la consommation de charge. Pour les syst\u00e8mes avec une entr\u00e9e r\u00e9seau stable visant une profondeur de d\u00e9charge de 80%, r\u00e9glez \"On-grid cutoff SOC or On-grid EOD\" sur 20%. Pour les syst\u00e8mes dont le r\u00e9seau est instable ou inexistant, r\u00e9glez \"Off-grid cutoff SOC or discharge cutoff SOC\" sur 20%, en veillant \u00e0 ce qu'il soit inf\u00e9rieur au r\u00e9glage \"On-grid cutoff SOC\".<\/span><\/p>\n\t\t<\/div>\n\t<\/div>\n\t\n\t<div id=\"accordion-2905181785\" class=\"accordion-item\">\n\t\t<a id=\"accordion-2905181785-label\" class=\"accordion-title plain\" href=\"#accordion-item-why-does-the-inverter-display-voltage-even-when-the-battery-breaker-is-off?\" aria-expanded=\"false\" aria-controls=\"accordion-2905181785-content\" >\n\t\t\t<button class=\"toggle\" aria-label=\"Basculer\"><i class=\"icon-angle-down\"><\/i><\/button>\n\t\t\t<span>Pourquoi l'onduleur affiche-t-il une tension m\u00eame lorsque le disjoncteur de batterie est d\u00e9sactiv\u00e9 ?<\/span>\n\t\t<\/a>\n\t\t<div id=\"accordion-2905181785-content\" class=\"accordion-inner\" aria-labelledby=\"accordion-2905181785-label\" >\n\t\t\t\n<p class=\"lead\"><span style=\"font-size: 80%;\">R : Si la batterie fonctionne en mode lithium avec communication, les donn\u00e9es de tension proviennent des BM de la batterie. Cependant, si les relev\u00e9s de tension persistent apr\u00e8s que le disjoncteur de la batterie a \u00e9t\u00e9 mis hors tension, cela peut indiquer que la batterie \u00e9tait r\u00e9cemment active ou que l'onduleur fonctionnait en mode de charge.<\/span><\/p>\n\t\t<\/div>\n\t<\/div>\n\t\n\t<div id=\"accordion-3553294950\" class=\"accordion-item\">\n\t\t<a id=\"accordion-3553294950-label\" class=\"accordion-title plain\" href=\"#accordion-item-what-fault-conditions-prompt-the-inverter-to-shut-off-its-output?\" aria-expanded=\"false\" aria-controls=\"accordion-3553294950-content\" >\n\t\t\t<button class=\"toggle\" aria-label=\"Basculer\"><i class=\"icon-angle-down\"><\/i><\/button>\n\t\t\t<span>Quelles sont les conditions de d\u00e9faut qui incitent l'onduleur \u00e0 couper sa sortie ?<\/span>\n\t\t<\/a>\n\t\t<div id=\"accordion-3553294950-content\" class=\"accordion-inner\" aria-labelledby=\"accordion-3553294950-label\" >\n\t\t\t\n<p class=\"lead\"><span style=\"font-size: 80%;\">R : Diverses conditions telles qu'une surcharge, un court-circuit, une surtension PV, une surchauffe ou une d\u00e9faillance du ventilateur peuvent d\u00e9clencher un d\u00e9faut dans l'onduleur, entra\u00eenant l'arr\u00eat de sa sortie. Toute condition anormale d\u00e9tect\u00e9e par le DSP entra\u00eenera un arr\u00eat.<\/span><\/p>\n\t\t<\/div>\n\t<\/div>\n\t\n<\/div>\n\t\t<\/div>\n\t\t\t\t\t<\/div>\n\n\t\n\n\t<div id=\"col-1269275607\" class=\"col small-12 large-12\"  >\n\t\t\t\t<div class=\"col-inner\"  >\n\t\t\t\n\t\t\t\n<div class=\"accordion\">\n\t<div id=\"accordion-1600218285\" class=\"accordion-item\">\n\t\t<a id=\"accordion-1600218285-label\" class=\"accordion-title plain\" href=\"#accordion-item-i-installed-two-100ah-batteries,-but-the-monitoring-platform-shows-only-100ah.-why-is-that?\" aria-expanded=\"false\" aria-controls=\"accordion-1600218285-content\" >\n\t\t\t<button class=\"toggle\" aria-label=\"Basculer\"><i class=\"icon-angle-down\"><\/i><\/button>\n\t\t\t<span>J'ai install\u00e9 deux batteries de 100Ah, mais la plateforme de surveillance n'affiche que 100Ah. Comment cela se fait-il ?<\/span>\n\t\t<\/a>\n\t\t<div id=\"accordion-1600218285-content\" class=\"accordion-inner\" aria-labelledby=\"accordion-1600218285-label\" >\n\t\t\t\n<p>R : Le courant affich\u00e9 sur la plate-forme de surveillance refl\u00e8te les donn\u00e9es fournies par les BM de la batterie. Si les BMs indiquent avec pr\u00e9cision un courant total de 200Ah, le syst\u00e8me de surveillance affichera 200Ah. Veillez \u00e0 consulter le fournisseur de la batterie pour obtenir des informations pr\u00e9cises.<\/p>\n\t\t<\/div>\n\t<\/div>\n\t\n\t<div id=\"accordion-922684234\" class=\"accordion-item\">\n\t\t<a id=\"accordion-922684234-label\" class=\"accordion-title plain\" href=\"#accordion-item-why-does-the-battery-state-of-charge-(soc)-experience-sudden-dramatic-increases?\" aria-expanded=\"false\" aria-controls=\"accordion-922684234-content\" >\n\t\t\t<button class=\"toggle\" aria-label=\"Basculer\"><i class=\"icon-angle-down\"><\/i><\/button>\n\t\t\t<span>Pourquoi l'\u00e9tat de charge de la batterie (SOC) augmente-t-il soudainement de fa\u00e7on spectaculaire ?<\/span>\n\t\t<\/a>\n\t\t<div id=\"accordion-922684234-content\" class=\"accordion-inner\" aria-labelledby=\"accordion-922684234-label\" >\n\t\t\t\n<p class=\"lead\"><span style=\"font-size: 80%;\">R : Des changements soudains dans le SOC peuvent r\u00e9sulter de probl\u00e8mes d'\u00e9talonnage du SOC de la batterie. V\u00e9rifiez que les tensions MaxCellVoltage et MinCellVoltage ne sont pas d\u00e9s\u00e9quilibr\u00e9es.<\/span><\/p>\n\t\t<\/div>\n\t<\/div>\n\t\n\t<div id=\"accordion-1315653522\" class=\"accordion-item\">\n\t\t<a id=\"accordion-1315653522-label\" class=\"accordion-title plain\" href=\"#accordion-item-why-does-the-grid-continue-charging-despite-ac-charge-being-disabled?\" aria-expanded=\"false\" aria-controls=\"accordion-1315653522-content\" >\n\t\t\t<button class=\"toggle\" aria-label=\"Basculer\"><i class=\"icon-angle-down\"><\/i><\/button>\n\t\t\t<span>Pourquoi le r\u00e9seau continue-t-il \u00e0 se charger alors que la charge en courant alternatif est d\u00e9sactiv\u00e9e ?<\/span>\n\t\t<\/a>\n\t\t<div id=\"accordion-1315653522-content\" class=\"accordion-inner\" aria-labelledby=\"accordion-1315653522-label\" >\n\t\t\t\n<p class=\"lead\"><span style=\"font-size: 80%;\">R : V\u00e9rifiez l'\u00e9tat de la batterie sur la page d'accueil. Si des codes sp\u00e9cifiques tels que 0x10, 0x11, 0x12, 0x13, 0x20, 0x21, 0x22 ou 0x23 apparaissent, cela indique que la batterie a demand\u00e9 une charge forc\u00e9e.<\/span><\/p>\n\t\t<\/div>\n\t<\/div>\n\t\n<\/div>\n<div class=\"accordion\">\n\t<div id=\"accordion-3326365980\" class=\"accordion-item\">\n\t\t<a id=\"accordion-3326365980-label\" class=\"accordion-title plain\" href=\"#accordion-item-the-battery-is-fully-charged,-yet-the-inverter-detects-a-battery-open-condition-(bat-volt-open).-why?\" aria-expanded=\"false\" aria-controls=\"accordion-3326365980-content\" >\n\t\t\t<button class=\"toggle\" aria-label=\"Basculer\"><i class=\"icon-angle-down\"><\/i><\/button>\n\t\t\t<span>La batterie est enti\u00e8rement charg\u00e9e, mais l'onduleur d\u00e9tecte une condition d'ouverture de la batterie (Bat Volt Open). Pourquoi ?<\/span>\n\t\t<\/a>\n\t\t<div id=\"accordion-3326365980-content\" class=\"accordion-inner\" aria-labelledby=\"accordion-3326365980-label\" >\n\t\t\t\n<p>R : Ce ph\u00e9nom\u00e8ne peut se produire \u00e0 la suite d'une coupure de courant instantan\u00e9e et d'un r\u00e9tablissement. Apr\u00e8s le r\u00e9tablissement, red\u00e9marrez manuellement l'onduleur pour \u00e9liminer le d\u00e9faut, ou v\u00e9rifiez si la puissance de charge de l'onduleur d\u00e9passe 300 W.<\/p>\n\t\t<\/div>\n\t<\/div>\n\t\n\t<div id=\"accordion-4105446073\" class=\"accordion-item\">\n\t\t<a id=\"accordion-4105446073-label\" class=\"accordion-title plain\" href=\"#accordion-item-why-does-my-battery-show-full-charge-while-the-voltage-remains-unusually-low?\" aria-expanded=\"false\" aria-controls=\"accordion-4105446073-content\" >\n\t\t\t<button class=\"toggle\" aria-label=\"Basculer\"><i class=\"icon-angle-down\"><\/i><\/button>\n\t\t\t<span>Pourquoi ma batterie indique-t-elle une charge compl\u00e8te alors que la tension reste anormalement basse ?<\/span>\n\t\t<\/a>\n\t\t<div id=\"accordion-4105446073-content\" class=\"accordion-inner\" aria-labelledby=\"accordion-4105446073-label\" >\n\t\t\t\n<p class=\"lead\"><span style=\"font-size: 80%;\">R : Si la batterie fonctionne en mode lithium, les donn\u00e9es de tension proviennent du BMS de la batterie et ne sont pas li\u00e9es \u00e0 l'onduleur. En mode plomb-acide, la pr\u00e9cision de la lecture du SOC peut varier, ce qui sugg\u00e8re le contr\u00f4le de la tension comme approche alternative.<\/span><\/p>\n\t\t<\/div>\n\t<\/div>\n\t\n<\/div>\n\t\t<\/div>\n\t\t\t\t\t<\/div>\n\n\t\n<\/div>\n\t\t<\/div>\n\n\t\t\n<style>\n#section_405766807 {\n  padding-top: 30px;\n  padding-bottom: 30px;\n}\n<\/style>\n\t<\/section>","protected":false},"excerpt":{"rendered":"","protected":false},"author":3,"featured_media":0,"parent":0,"menu_order":0,"comment_status":"closed","ping_status":"closed","template":"page-transparent-header-light.php","meta":{"rop_custom_images_group":[],"rop_custom_messages_group":[],"rop_publish_now":"initial","rop_publish_now_accounts":[],"rop_publish_now_history":[],"rop_publish_now_status":"pending","footnotes":""},"class_list":["post-8646","page","type-page","status-publish","hentry"],"yoast_head":"<!-- This site is optimized with the Yoast SEO plugin v27.3 - https:\/\/yoast.com\/product\/yoast-seo-wordpress\/ -->\n<title>Off-grid Inverter FAQs -<\/title>\n<meta name=\"robots\" content=\"index, follow, max-snippet:-1, max-image-preview:large, max-video-preview:-1\" \/>\n<link rel=\"canonical\" href=\"https:\/\/luxpowertek.com\/fr\/convertisseur-hors-reseaufaq\/\" \/>\n<meta property=\"og:locale\" content=\"fr_FR\" \/>\n<meta property=\"og:type\" content=\"article\" \/>\n<meta property=\"og:title\" content=\"Off-grid Inverter FAQs -\" \/>\n<meta property=\"og:url\" content=\"https:\/\/luxpowertek.com\/fr\/convertisseur-hors-reseaufaq\/\" \/>\n<meta property=\"article:publisher\" content=\"https:\/\/www.facebook.com\/LUXPOWERTEK\" \/>\n<meta property=\"article:modified_time\" content=\"2024-07-04T02:34:11+00:00\" \/>\n<meta name=\"twitter:card\" content=\"summary_large_image\" \/>\n<meta name=\"twitter:label1\" content=\"Dur\u00e9e de lecture estim\u00e9e\" \/>\n\t<meta name=\"twitter:data1\" content=\"3 minutes\" \/>\n<script type=\"application\/ld+json\" class=\"yoast-schema-graph\">{\"@context\":\"https:\\\/\\\/schema.org\",\"@graph\":[{\"@type\":\"WebPage\",\"@id\":\"https:\\\/\\\/luxpowertek.com\\\/offgridinverterfaq\\\/\",\"url\":\"https:\\\/\\\/luxpowertek.com\\\/offgridinverterfaq\\\/\",\"name\":\"Off-grid Inverter FAQs -\",\"isPartOf\":{\"@id\":\"https:\\\/\\\/luxpowertek.com\\\/#website\"},\"datePublished\":\"2024-04-09T13:26:37+00:00\",\"dateModified\":\"2024-07-04T02:34:11+00:00\",\"breadcrumb\":{\"@id\":\"https:\\\/\\\/luxpowertek.com\\\/offgridinverterfaq\\\/#breadcrumb\"},\"inLanguage\":\"fr-FR\",\"potentialAction\":[{\"@type\":\"ReadAction\",\"target\":[\"https:\\\/\\\/luxpowertek.com\\\/offgridinverterfaq\\\/\"]}]},{\"@type\":\"BreadcrumbList\",\"@id\":\"https:\\\/\\\/luxpowertek.com\\\/offgridinverterfaq\\\/#breadcrumb\",\"itemListElement\":[{\"@type\":\"ListItem\",\"position\":1,\"name\":\"Home\",\"item\":\"https:\\\/\\\/luxpowertek.com\\\/\"},{\"@type\":\"ListItem\",\"position\":2,\"name\":\"Off-grid Inverter FAQs\"}]},{\"@type\":\"WebSite\",\"@id\":\"https:\\\/\\\/luxpowertek.com\\\/#website\",\"url\":\"https:\\\/\\\/luxpowertek.com\\\/\",\"name\":\"\",\"description\":\"\",\"publisher\":{\"@id\":\"https:\\\/\\\/luxpowertek.com\\\/#organization\"},\"potentialAction\":[{\"@type\":\"SearchAction\",\"target\":{\"@type\":\"EntryPoint\",\"urlTemplate\":\"https:\\\/\\\/luxpowertek.com\\\/?s={search_term_string}\"},\"query-input\":{\"@type\":\"PropertyValueSpecification\",\"valueRequired\":true,\"valueName\":\"search_term_string\"}}],\"inLanguage\":\"fr-FR\"},{\"@type\":\"Organization\",\"@id\":\"https:\\\/\\\/luxpowertek.com\\\/#organization\",\"name\":\"LuxpowerTek\",\"url\":\"https:\\\/\\\/luxpowertek.com\\\/\",\"logo\":{\"@type\":\"ImageObject\",\"inLanguage\":\"fr-FR\",\"@id\":\"https:\\\/\\\/luxpowertek.com\\\/#\\\/schema\\\/logo\\\/image\\\/\",\"url\":\"https:\\\/\\\/luxpowertek.com\\\/wp-content\\\/uploads\\\/2024\\\/08\\\/Luxpower_logo_new.webp\",\"contentUrl\":\"https:\\\/\\\/luxpowertek.com\\\/wp-content\\\/uploads\\\/2024\\\/08\\\/Luxpower_logo_new.webp\",\"width\":1030,\"height\":186,\"caption\":\"LuxpowerTek\"},\"image\":{\"@id\":\"https:\\\/\\\/luxpowertek.com\\\/#\\\/schema\\\/logo\\\/image\\\/\"},\"sameAs\":[\"https:\\\/\\\/www.facebook.com\\\/LUXPOWERTEK\"]}]}<\/script>\n<!-- \/ Yoast SEO plugin. -->","yoast_head_json":{"title":"FAQ sur les onduleurs hors r\u00e9seau -","robots":{"index":"index","follow":"follow","max-snippet":"max-snippet:-1","max-image-preview":"max-image-preview:large","max-video-preview":"max-video-preview:-1"},"canonical":"https:\/\/luxpowertek.com\/fr\/convertisseur-hors-reseaufaq\/","og_locale":"fr_FR","og_type":"article","og_title":"Off-grid Inverter FAQs -","og_url":"https:\/\/luxpowertek.com\/fr\/convertisseur-hors-reseaufaq\/","article_publisher":"https:\/\/www.facebook.com\/LUXPOWERTEK","article_modified_time":"2024-07-04T02:34:11+00:00","twitter_card":"summary_large_image","twitter_misc":{"Dur\u00e9e de lecture estim\u00e9e":"3 minutes"},"schema":{"@context":"https:\/\/schema.org","@graph":[{"@type":"WebPage","@id":"https:\/\/luxpowertek.com\/offgridinverterfaq\/","url":"https:\/\/luxpowertek.com\/offgridinverterfaq\/","name":"FAQ sur les onduleurs hors r\u00e9seau -","isPartOf":{"@id":"https:\/\/luxpowertek.com\/#website"},"datePublished":"2024-04-09T13:26:37+00:00","dateModified":"2024-07-04T02:34:11+00:00","breadcrumb":{"@id":"https:\/\/luxpowertek.com\/offgridinverterfaq\/#breadcrumb"},"inLanguage":"fr-FR","potentialAction":[{"@type":"ReadAction","target":["https:\/\/luxpowertek.com\/offgridinverterfaq\/"]}]},{"@type":"BreadcrumbList","@id":"https:\/\/luxpowertek.com\/offgridinverterfaq\/#breadcrumb","itemListElement":[{"@type":"ListItem","position":1,"name":"Home","item":"https:\/\/luxpowertek.com\/"},{"@type":"ListItem","position":2,"name":"Off-grid Inverter FAQs"}]},{"@type":"WebSite","@id":"https:\/\/luxpowertek.com\/#website","url":"https:\/\/luxpowertek.com\/","name":"","description":"","publisher":{"@id":"https:\/\/luxpowertek.com\/#organization"},"potentialAction":[{"@type":"SearchAction","target":{"@type":"EntryPoint","urlTemplate":"https:\/\/luxpowertek.com\/?s={search_term_string}"},"query-input":{"@type":"PropertyValueSpecification","valueRequired":true,"valueName":"search_term_string"}}],"inLanguage":"fr-FR"},{"@type":"Organization","@id":"https:\/\/luxpowertek.com\/#organization","name":"LuxpowerTek","url":"https:\/\/luxpowertek.com\/","logo":{"@type":"ImageObject","inLanguage":"fr-FR","@id":"https:\/\/luxpowertek.com\/#\/schema\/logo\/image\/","url":"https:\/\/luxpowertek.com\/wp-content\/uploads\/2024\/08\/Luxpower_logo_new.webp","contentUrl":"https:\/\/luxpowertek.com\/wp-content\/uploads\/2024\/08\/Luxpower_logo_new.webp","width":1030,"height":186,"caption":"LuxpowerTek"},"image":{"@id":"https:\/\/luxpowertek.com\/#\/schema\/logo\/image\/"},"sameAs":["https:\/\/www.facebook.com\/LUXPOWERTEK"]}]}},"_links":{"self":[{"href":"https:\/\/luxpowertek.com\/fr\/wp-json\/wp\/v2\/pages\/8646","targetHints":{"allow":["GET"]}}],"collection":[{"href":"https:\/\/luxpowertek.com\/fr\/wp-json\/wp\/v2\/pages"}],"about":[{"href":"https:\/\/luxpowertek.com\/fr\/wp-json\/wp\/v2\/types\/page"}],"author":[{"embeddable":true,"href":"https:\/\/luxpowertek.com\/fr\/wp-json\/wp\/v2\/users\/3"}],"replies":[{"embeddable":true,"href":"https:\/\/luxpowertek.com\/fr\/wp-json\/wp\/v2\/comments?post=8646"}],"version-history":[{"count":8,"href":"https:\/\/luxpowertek.com\/fr\/wp-json\/wp\/v2\/pages\/8646\/revisions"}],"predecessor-version":[{"id":8661,"href":"https:\/\/luxpowertek.com\/fr\/wp-json\/wp\/v2\/pages\/8646\/revisions\/8661"}],"wp:attachment":[{"href":"https:\/\/luxpowertek.com\/fr\/wp-json\/wp\/v2\/media?parent=8646"}],"curies":[{"name":"wp","href":"https:\/\/api.w.org\/{rel}","templated":true}]}}