{"id":8530,"date":"2024-04-09T09:35:15","date_gmt":"2024-04-09T01:35:15","guid":{"rendered":"https:\/\/luxpowertek.com\/?page_id=8530"},"modified":"2024-08-19T18:17:42","modified_gmt":"2024-08-19T10:17:42","slug":"distributeur","status":"publish","type":"page","link":"https:\/\/luxpowertek.com\/fr\/distributeur\/","title":{"rendered":"Distributeur"},"content":{"rendered":"<div class=\"banner has-hover hide-for-small\" id=\"banner-1553150940\">\n          <div class=\"banner-inner fill\">\n        <div class=\"banner-bg fill\" >\n            <div class=\"bg fill bg-fill\"><\/div>\n                        <div class=\"overlay\"><\/div>            \n                    <\/div>\n\t\t\n        <div class=\"banner-layers container\">\n            <div class=\"fill banner-link\"><\/div>            \n   <div id=\"text-box-278528795\" class=\"text-box banner-layer x50 md-x50 lg-x50 y50 md-y50 lg-y50 res-text\">\n                                <div class=\"text-box-content text dark\">\n              \n              <div class=\"text-inner text-center\">\n                  \n\t<div id=\"text-3685112559\" class=\"text\">\n\t\t\n<p><span style=\"font-size: 200%;\"><strong>Distributeur<\/strong><\/span><\/p>\n<p class=\"lead\"><span style=\"font-size: 85%;\">Vous cherchez \u00e0 augmenter la valeur de votre propri\u00e9t\u00e9 et \u00e0 maximiser la surface de votre toit ? Luxpower propose des solutions solaires sur mesure, en s'associant \u00e0 des professionnels d\u00e9vou\u00e9s pour assurer la r\u00e9ussite de l'entreprise. Notre technologie de pointe et notre expertise garantissent un rendement \u00e9lev\u00e9 et une maintenance minimale, ce qui fait de Luxpower un choix judicieux.<\/span><\/p>\n\t\t\n<style>\n#text-3685112559 {\n  color: #000000;\n}\n#text-3685112559 > * {\n  color: #000000;\n}\n<\/style>\n\t<\/div>\n\t\n              <\/div>\n           <\/div>\n                            \n<style>\n#text-box-278528795 {\n  width: 78%;\n}\n#text-box-278528795 .text-box-content {\n  font-size: 100%;\n}\n<\/style>\n    <\/div>\n \n        <\/div>\n      <\/div>\n\n            \n<style>\n#banner-1553150940 {\n  padding-top: 500px;\n}\n#banner-1553150940 .bg.bg-loaded {\n  background-image: url(https:\/\/luxpowertek.com\/wp-content\/uploads\/2024\/07\/Corparate.webp);\n}\n#banner-1553150940 .overlay {\n  background-color: rgba(255, 255, 255, 0.971);\n}\n<\/style>\n  <\/div>\n\n\n\t<section class=\"section dark hide-for-small\" id=\"section_574540482\">\n\t\t<div class=\"bg section-bg fill bg-fill  bg-loaded\" >\n\n\t\t\t\n\t\t\t\n\t\t\t\n\n\t\t<\/div>\n\n\t\t\n\n\t\t<div class=\"section-content relative\">\n\t\t\t\n<div class=\"row\"  id=\"row-143456574\">\n\n\t<div id=\"col-726271991\" class=\"col small-12 large-12\"  >\n\t\t\t\t<div class=\"col-inner\"  >\n\t\t\t\n\t\t\t\n<p class=\"lead\">Trouver nos partenaires<\/p>\n<p class=\"lead\">D\u00e9couvrez les marques avec lesquelles nous travaillons !<\/p>\n\t\t<\/div>\n\t\t\t\t\t<\/div>\n\n\t\n<\/div>\n<div class=\"row row-dashed\"  id=\"row-1239634971\">\n\n\t<div id=\"col-147768165\" class=\"col medium-4 small-12 large-4\"  >\n\t\t\t\t<div class=\"col-inner\"  >\n\t\t\t\n\t\t\t\n\t\t<\/div>\n\t\t\t\t\t<\/div>\n\n\t\n\n\t<div id=\"col-1490339653\" class=\"col medium-4 small-12 large-4\"  >\n\t\t\t\t<div class=\"col-inner\"  >\n\t\t\t\n\t\t\t\n\t\t<\/div>\n\t\t\t\t\t<\/div>\n\n\t\n\n\t<div id=\"col-508589752\" class=\"col medium-4 small-12 large-4\"  >\n\t\t\t\t<div class=\"col-inner\"  >\n\t\t\t\n\t\t\t\n\t\t<\/div>\n\t\t\t\t\t<\/div>\n\n\t\n\n\t<div id=\"col-1681664912\" class=\"col medium-4 small-12 large-4\"  >\n\t\t\t\t<div class=\"col-inner\"  >\n\t\t\t\n\t\t\t\n\t\t<\/div>\n\t\t\t\t\t<\/div>\n\n\t\n\n\t<div id=\"col-1335301519\" class=\"col medium-4 small-12 large-4\"  >\n\t\t\t\t<div class=\"col-inner\"  >\n\t\t\t\n\t\t\t\n\t\t<\/div>\n\t\t\t\t\t<\/div>\n\n\t\n\n\t<div id=\"col-2092005878\" class=\"col medium-4 small-12 large-4\"  >\n\t\t\t\t<div class=\"col-inner\"  >\n\t\t\t\n\t\t\t\n\t\t<\/div>\n\t\t\t\t\t<\/div>\n\n\t\n<\/div>\n\t\t<\/div>\n\n\t\t\n<style>\n#section_574540482 {\n  padding-top: 30px;\n  padding-bottom: 30px;\n  background-color: rgb(40, 40, 40);\n}\n<\/style>\n\t<\/section>\n\t\n\t<section class=\"section hide-for-small\" id=\"section_25182394\">\n\t\t<div class=\"bg section-bg fill bg-fill\" >\n\n\t\t\t\n\t\t\t<div class=\"section-bg-overlay absolute fill\"><\/div>\n\t\t\t\n\n\t\t<\/div>\n\n\t\t\n\n\t\t<div class=\"section-content relative\">\n\t\t\t\n<div class=\"row\"  id=\"row-1577910492\">\n\n\t<div id=\"col-232085181\" class=\"col medium-9 small-12 large-9\"  >\n\t\t\t\t<div class=\"col-inner text-center\"  >\n\t\t\t\n\t\t\t\n<p><span style=\"font-size: 200%; color: #ffffff;\"><strong>Pr\u00eat \u00e0 devenir Luxpower<\/strong><\/span><\/p>\n<p><span style=\"font-size: 200%; color: #ffffff;\"><strong>Nouveau partenaire ?<\/strong><\/span><\/p>\n\t<div id=\"text-4190545280\" class=\"text\">\n\t\t\n<p class=\"thin-font lead\">Distinguez votre marque dans le secteur en offrant des solutions de pointe en mati\u00e8re d'\u00e9nergies renouvelables.<\/p>\n\t\t\n<style>\n#text-4190545280 {\n  text-align: center;\n  color: rgb(255,255,255);\n}\n#text-4190545280 > * {\n  color: rgb(255,255,255);\n}\n<\/style>\n\t<\/div>\n\t\n<a href=\"https:\/\/luxpowertek.com\/fr\/contact_us\/\" target=\"_blank\" class=\"button secondary\" rel=\"noopener\"  style=\"border-radius:99px;\">\n    <span>Nous contacter<\/span>\n  <i class=\"icon-angle-right\" aria-hidden=\"true\" ><\/i><\/a>\n\n\t\t<\/div>\n\t\t\t\t\n<style>\n#col-232085181 > .col-inner {\n  padding: 100px 0px 100px 0px;\n  margin: -11px 16px 0px 215px;\n}\n<\/style>\n\t<\/div>\n\n\t\n<\/div>\n\t\t<\/div>\n\n\t\t\n<style>\n#section_25182394 {\n  padding-top: 30px;\n  padding-bottom: 30px;\n}\n#section_25182394 .section-bg-overlay {\n  background-color: rgba(153, 150, 150, 0.581);\n}\n#section_25182394 .section-bg.bg-loaded {\n  background-image: url(https:\/\/luxpowertek.com\/wp-content\/uploads\/2024\/07\/Corparate.webp);\n}\n<\/style>\n\t<\/section>\n\t\n\t<section class=\"section show-for-small\" id=\"section_503843281\">\n\t\t<div class=\"bg section-bg fill bg-fill  bg-loaded\" >\n\n\t\t\t\n\t\t\t\n\t\t\t\n\n\t\t<\/div>\n\n\t\t\n\n\t\t<div class=\"section-content relative\">\n\t\t\t\n\t<div id=\"gap-1844281376\" class=\"gap-element clearfix\" style=\"display:block; height:auto;\">\n\t\t\n<style>\n#gap-1844281376 {\n  padding-top: 60px;\n}\n@media (min-width:550px) {\n  #gap-1844281376 {\n    padding-top: 30px;\n  }\n}\n<\/style>\n\t<\/div>\n\t\n<div class=\"row\"  id=\"row-340996993\">\n\n\t<div id=\"col-1125663796\" class=\"col small-12 large-12\"  >\n\t\t\t\t<div class=\"col-inner\"  >\n\t\t\t\n\t\t\t\n\t<div id=\"gap-1328585279\" class=\"gap-element clearfix\" style=\"display:block; height:auto;\">\n\t\t\n<style>\n#gap-1328585279 {\n  padding-top: 30px;\n}\n@media (min-width:550px) {\n  #gap-1328585279 {\n    padding-top: 30px;\n  }\n}\n<\/style>\n\t<\/div>\n\t\n\t<div id=\"text-3740054700\" class=\"text\">\n\t\t\n<p><span style=\"font-size: 200%;\"><strong>Distributeur<\/strong><\/span><\/p>\n<p class=\"lead\"><span style=\"font-size: 85%;\">Vous cherchez \u00e0 augmenter la valeur de votre propri\u00e9t\u00e9 et \u00e0 maximiser la surface de votre toit ? Luxpower propose des solutions solaires sur mesure, en s'associant \u00e0 des professionnels d\u00e9vou\u00e9s pour assurer la r\u00e9ussite de l'entreprise. Notre technologie de pointe et notre expertise garantissent un rendement \u00e9lev\u00e9 et une maintenance minimale, ce qui fait de Luxpower un choix judicieux.<\/span><\/p>\n\t\t\n<style>\n#text-3740054700 {\n  font-size: 0.96rem;\n  line-height: 1.75;\n  text-align: center;\n}\n<\/style>\n\t<\/div>\n\t\n\t\t<\/div>\n\t\t\t\t\t<\/div>\n\n\t\n<\/div>\n\t\t<\/div>\n\n\t\t\n<style>\n#section_503843281 {\n  padding-top: 30px;\n  padding-bottom: 30px;\n}\n<\/style>\n\t<\/section>\n\t\n\t<section class=\"section show-for-small\" id=\"section_2119668322\">\n\t\t<div class=\"bg section-bg fill bg-fill  bg-loaded\" >\n\n\t\t\t\n\t\t\t\n\t\t\t\n\n\t\t<\/div>\n\n\t\t\n\n\t\t<div class=\"section-content relative\">\n\t\t\t\n<div class=\"row\"  id=\"row-1014461521\">\n\n\t<div id=\"col-884418385\" class=\"col small-12 large-12\"  >\n\t\t\t\t<div class=\"col-inner\"  >\n\t\t\t\n\t\t\t\n\t<div id=\"text-1019622784\" class=\"text\">\n\t\t\n<p class=\"lead\">Trouver nos partenaires<\/p>\n<p class=\"lead\">D\u00e9couvrez les marques avec lesquelles nous travaillons !<\/p>\n\t\t\n<style>\n#text-1019622784 {\n  font-size: 0.85rem;\n  line-height: 1.05;\n  color: rgb(240, 233, 233);\n}\n#text-1019622784 > * {\n  color: rgb(240, 233, 233);\n}\n<\/style>\n\t<\/div>\n\t\n\t\t<\/div>\n\t\t\t\t\t<\/div>\n\n\t\n<\/div>\n<div class=\"row row-dashed\"  id=\"row-1465511771\">\n\n\t<div id=\"col-977469235\" class=\"col medium-4 small-4 large-4\"  >\n\t\t\t\t<div class=\"col-inner\"  >\n\t\t\t\n\t\t\t\n\t\t<\/div>\n\t\t\t\t\t<\/div>\n\n\t\n\n\t<div id=\"col-954202085\" class=\"col medium-4 small-4 large-4\"  >\n\t\t\t\t<div class=\"col-inner\"  >\n\t\t\t\n\t\t\t\n\t\t<\/div>\n\t\t\t\t\t<\/div>\n\n\t\n\n\t<div id=\"col-1088042760\" class=\"col medium-4 small-4 large-4\"  >\n\t\t\t\t<div class=\"col-inner\"  >\n\t\t\t\n\t\t\t\n\t\t<\/div>\n\t\t\t\t\t<\/div>\n\n\t\n\n\t<div id=\"col-596410115\" class=\"col medium-4 small-4 large-4\"  >\n\t\t\t\t<div class=\"col-inner\"  >\n\t\t\t\n\t\t\t\n\t\t<\/div>\n\t\t\t\t\t<\/div>\n\n\t\n\n\t<div id=\"col-1449474012\" class=\"col medium-4 small-4 large-4\"  >\n\t\t\t\t<div class=\"col-inner\"  >\n\t\t\t\n\t\t\t\n\t\t<\/div>\n\t\t\t\t\t<\/div>\n\n\t\n\n\t<div id=\"col-241468019\" class=\"col medium-4 small-4 large-4\"  >\n\t\t\t\t<div class=\"col-inner\"  >\n\t\t\t\n\t\t\t\n\t\t<\/div>\n\t\t\t\t\t<\/div>\n\n\t\n<\/div>\n\t\t<\/div>\n\n\t\t\n<style>\n#section_2119668322 {\n  padding-top: 30px;\n  padding-bottom: 30px;\n  background-color: #282828;\n}\n<\/style>\n\t<\/section>\n\t\n\n  <div class=\"banner has-hover show-for-small\" id=\"banner-328895006\">\n          <div class=\"banner-inner fill\">\n        <div class=\"banner-bg fill\" >\n            <div class=\"bg fill bg-fill\"><\/div>\n                        <div class=\"overlay\"><\/div>            \n                    <\/div>\n\t\t\n        <div class=\"banner-layers container\">\n            <div class=\"fill banner-link\"><\/div>            \n   <div id=\"text-box-1803381706\" class=\"text-box banner-layer x50 md-x50 lg-x50 y25 md-y25 lg-y25 res-text\">\n                                <div class=\"text-box-content text dark\">\n              \n              <div class=\"text-inner text-center\">\n                  \n<p><span style=\"font-size: 160%;\"><strong>Pr\u00eat \u00e0 devenir le nouveau partenaire de Luxpower ?<\/strong><\/span><\/p>\n<a href=\"https:\/\/luxpowertek.com\/fr\/contact_us\/\" target=\"_blank\" class=\"button secondary\" rel=\"noopener\"  style=\"border-radius:99px;\">\n    <span>Nous contacter<\/span>\n  <i class=\"icon-angle-right\" aria-hidden=\"true\" ><\/i><\/a>\n\n              <\/div>\n           <\/div>\n                            \n<style>\n#text-box-1803381706 {\n  width: 68%;\n}\n#text-box-1803381706 .text-box-content {\n  font-size: 100%;\n}\n@media (min-width:550px) {\n  #text-box-1803381706 {\n    width: 60%;\n  }\n}\n<\/style>\n    <\/div>\n \n        <\/div>\n      <\/div>\n\n            \n<style>\n#banner-328895006 {\n  padding-top: 200px;\n}\n#banner-328895006 .bg.bg-loaded {\n  background-image: url(https:\/\/luxpowertek.com\/wp-content\/uploads\/2024\/07\/Corparate.webp);\n}\n#banner-328895006 .overlay {\n  background-color: rgba(0, 0, 0, 0.599);\n}\n@media (min-width:550px) {\n  #banner-328895006 {\n    padding-top: 32.29%;\n  }\n}\n<\/style>\n  <\/div>","protected":false},"excerpt":{"rendered":"","protected":false},"author":3,"featured_media":0,"parent":0,"menu_order":0,"comment_status":"closed","ping_status":"closed","template":"page-transparent-header-light.php","meta":{"rop_custom_images_group":[],"rop_custom_messages_group":[],"rop_publish_now":"initial","rop_publish_now_accounts":[],"rop_publish_now_history":[],"rop_publish_now_status":"pending","footnotes":""},"class_list":["post-8530","page","type-page","status-publish","hentry"],"yoast_head":"<!-- This site is optimized with the Yoast SEO plugin v27.3 - https:\/\/yoast.com\/product\/yoast-seo-wordpress\/ -->\n<title>Distributor -<\/title>\n<meta name=\"robots\" content=\"index, follow, max-snippet:-1, max-image-preview:large, max-video-preview:-1\" \/>\n<link rel=\"canonical\" href=\"https:\/\/luxpowertek.com\/fr\/distributeur\/\" \/>\n<meta property=\"og:locale\" content=\"fr_FR\" \/>\n<meta property=\"og:type\" content=\"article\" \/>\n<meta property=\"og:title\" content=\"Distributor -\" \/>\n<meta property=\"og:url\" content=\"https:\/\/luxpowertek.com\/fr\/distributeur\/\" \/>\n<meta property=\"article:publisher\" content=\"https:\/\/www.facebook.com\/LUXPOWERTEK\" \/>\n<meta property=\"article:modified_time\" content=\"2024-08-19T10:17:42+00:00\" \/>\n<meta name=\"twitter:card\" content=\"summary_large_image\" \/>\n<meta name=\"twitter:label1\" content=\"Dur\u00e9e de lecture estim\u00e9e\" \/>\n\t<meta name=\"twitter:data1\" content=\"1 minute\" \/>\n<script type=\"application\/ld+json\" class=\"yoast-schema-graph\">{\"@context\":\"https:\\\/\\\/schema.org\",\"@graph\":[{\"@type\":\"WebPage\",\"@id\":\"https:\\\/\\\/luxpowertek.com\\\/distributor\\\/\",\"url\":\"https:\\\/\\\/luxpowertek.com\\\/distributor\\\/\",\"name\":\"Distributor -\",\"isPartOf\":{\"@id\":\"https:\\\/\\\/luxpowertek.com\\\/#website\"},\"datePublished\":\"2024-04-09T01:35:15+00:00\",\"dateModified\":\"2024-08-19T10:17:42+00:00\",\"breadcrumb\":{\"@id\":\"https:\\\/\\\/luxpowertek.com\\\/distributor\\\/#breadcrumb\"},\"inLanguage\":\"fr-FR\",\"potentialAction\":[{\"@type\":\"ReadAction\",\"target\":[\"https:\\\/\\\/luxpowertek.com\\\/distributor\\\/\"]}]},{\"@type\":\"BreadcrumbList\",\"@id\":\"https:\\\/\\\/luxpowertek.com\\\/distributor\\\/#breadcrumb\",\"itemListElement\":[{\"@type\":\"ListItem\",\"position\":1,\"name\":\"Home\",\"item\":\"https:\\\/\\\/luxpowertek.com\\\/\"},{\"@type\":\"ListItem\",\"position\":2,\"name\":\"Distributor\"}]},{\"@type\":\"WebSite\",\"@id\":\"https:\\\/\\\/luxpowertek.com\\\/#website\",\"url\":\"https:\\\/\\\/luxpowertek.com\\\/\",\"name\":\"\",\"description\":\"\",\"publisher\":{\"@id\":\"https:\\\/\\\/luxpowertek.com\\\/#organization\"},\"potentialAction\":[{\"@type\":\"SearchAction\",\"target\":{\"@type\":\"EntryPoint\",\"urlTemplate\":\"https:\\\/\\\/luxpowertek.com\\\/?s={search_term_string}\"},\"query-input\":{\"@type\":\"PropertyValueSpecification\",\"valueRequired\":true,\"valueName\":\"search_term_string\"}}],\"inLanguage\":\"fr-FR\"},{\"@type\":\"Organization\",\"@id\":\"https:\\\/\\\/luxpowertek.com\\\/#organization\",\"name\":\"LuxpowerTek\",\"url\":\"https:\\\/\\\/luxpowertek.com\\\/\",\"logo\":{\"@type\":\"ImageObject\",\"inLanguage\":\"fr-FR\",\"@id\":\"https:\\\/\\\/luxpowertek.com\\\/#\\\/schema\\\/logo\\\/image\\\/\",\"url\":\"https:\\\/\\\/luxpowertek.com\\\/wp-content\\\/uploads\\\/2024\\\/08\\\/Luxpower_logo_new.webp\",\"contentUrl\":\"https:\\\/\\\/luxpowertek.com\\\/wp-content\\\/uploads\\\/2024\\\/08\\\/Luxpower_logo_new.webp\",\"width\":1030,\"height\":186,\"caption\":\"LuxpowerTek\"},\"image\":{\"@id\":\"https:\\\/\\\/luxpowertek.com\\\/#\\\/schema\\\/logo\\\/image\\\/\"},\"sameAs\":[\"https:\\\/\\\/www.facebook.com\\\/LUXPOWERTEK\"]}]}<\/script>\n<!-- \/ Yoast SEO plugin. -->","yoast_head_json":{"title":"Distributeur -","robots":{"index":"index","follow":"follow","max-snippet":"max-snippet:-1","max-image-preview":"max-image-preview:large","max-video-preview":"max-video-preview:-1"},"canonical":"https:\/\/luxpowertek.com\/fr\/distributeur\/","og_locale":"fr_FR","og_type":"article","og_title":"Distributor -","og_url":"https:\/\/luxpowertek.com\/fr\/distributeur\/","article_publisher":"https:\/\/www.facebook.com\/LUXPOWERTEK","article_modified_time":"2024-08-19T10:17:42+00:00","twitter_card":"summary_large_image","twitter_misc":{"Dur\u00e9e de lecture estim\u00e9e":"1 minute"},"schema":{"@context":"https:\/\/schema.org","@graph":[{"@type":"WebPage","@id":"https:\/\/luxpowertek.com\/distributor\/","url":"https:\/\/luxpowertek.com\/distributor\/","name":"Distributeur -","isPartOf":{"@id":"https:\/\/luxpowertek.com\/#website"},"datePublished":"2024-04-09T01:35:15+00:00","dateModified":"2024-08-19T10:17:42+00:00","breadcrumb":{"@id":"https:\/\/luxpowertek.com\/distributor\/#breadcrumb"},"inLanguage":"fr-FR","potentialAction":[{"@type":"ReadAction","target":["https:\/\/luxpowertek.com\/distributor\/"]}]},{"@type":"BreadcrumbList","@id":"https:\/\/luxpowertek.com\/distributor\/#breadcrumb","itemListElement":[{"@type":"ListItem","position":1,"name":"Home","item":"https:\/\/luxpowertek.com\/"},{"@type":"ListItem","position":2,"name":"Distributor"}]},{"@type":"WebSite","@id":"https:\/\/luxpowertek.com\/#website","url":"https:\/\/luxpowertek.com\/","name":"","description":"","publisher":{"@id":"https:\/\/luxpowertek.com\/#organization"},"potentialAction":[{"@type":"SearchAction","target":{"@type":"EntryPoint","urlTemplate":"https:\/\/luxpowertek.com\/?s={search_term_string}"},"query-input":{"@type":"PropertyValueSpecification","valueRequired":true,"valueName":"search_term_string"}}],"inLanguage":"fr-FR"},{"@type":"Organization","@id":"https:\/\/luxpowertek.com\/#organization","name":"LuxpowerTek","url":"https:\/\/luxpowertek.com\/","logo":{"@type":"ImageObject","inLanguage":"fr-FR","@id":"https:\/\/luxpowertek.com\/#\/schema\/logo\/image\/","url":"https:\/\/luxpowertek.com\/wp-content\/uploads\/2024\/08\/Luxpower_logo_new.webp","contentUrl":"https:\/\/luxpowertek.com\/wp-content\/uploads\/2024\/08\/Luxpower_logo_new.webp","width":1030,"height":186,"caption":"LuxpowerTek"},"image":{"@id":"https:\/\/luxpowertek.com\/#\/schema\/logo\/image\/"},"sameAs":["https:\/\/www.facebook.com\/LUXPOWERTEK"]}]}},"_links":{"self":[{"href":"https:\/\/luxpowertek.com\/fr\/wp-json\/wp\/v2\/pages\/8530","targetHints":{"allow":["GET"]}}],"collection":[{"href":"https:\/\/luxpowertek.com\/fr\/wp-json\/wp\/v2\/pages"}],"about":[{"href":"https:\/\/luxpowertek.com\/fr\/wp-json\/wp\/v2\/types\/page"}],"author":[{"embeddable":true,"href":"https:\/\/luxpowertek.com\/fr\/wp-json\/wp\/v2\/users\/3"}],"replies":[{"embeddable":true,"href":"https:\/\/luxpowertek.com\/fr\/wp-json\/wp\/v2\/comments?post=8530"}],"version-history":[{"count":15,"href":"https:\/\/luxpowertek.com\/fr\/wp-json\/wp\/v2\/pages\/8530\/revisions"}],"predecessor-version":[{"id":12593,"href":"https:\/\/luxpowertek.com\/fr\/wp-json\/wp\/v2\/pages\/8530\/revisions\/12593"}],"wp:attachment":[{"href":"https:\/\/luxpowertek.com\/fr\/wp-json\/wp\/v2\/media?parent=8530"}],"curies":[{"name":"wp","href":"https:\/\/api.w.org\/{rel}","templated":true}]}}