{"id":8510,"date":"2024-04-08T14:52:45","date_gmt":"2024-04-08T06:52:45","guid":{"rendered":"https:\/\/luxpowertek.com\/?page_id=8510"},"modified":"2024-08-07T15:06:41","modified_gmt":"2024-08-07T07:06:41","slug":"faq-sur-les-onduleurs-solaires-hybrides","status":"publish","type":"page","link":"https:\/\/luxpowertek.com\/fr\/faq-sur-les-onduleurs-solaires-hybrides\/","title":{"rendered":"FAQ sur les onduleurs solaires hybrides"},"content":{"rendered":"<div class=\"banner has-hover\" id=\"banner-1629221134\">\n          <div class=\"banner-inner fill\">\n        <div class=\"banner-bg fill\" >\n            <div class=\"bg fill bg-fill\"><\/div>\n                        <div class=\"overlay\"><\/div>            \n                    <\/div>\n\t\t\n        <div class=\"banner-layers container\">\n            <div class=\"fill banner-link\"><\/div>            \n   <div id=\"text-box-1865952023\" class=\"text-box banner-layer x50 md-x50 lg-x50 y50 md-y50 lg-y50 res-text\">\n                                <div class=\"text-box-content text dark\">\n              \n              <div class=\"text-inner text-center\">\n                  \n              <\/div>\n           <\/div>\n                            \n<style>\n#text-box-1865952023 {\n  width: 60%;\n}\n#text-box-1865952023 .text-box-content {\n  font-size: 100%;\n}\n@media (min-width:550px) {\n  #text-box-1865952023 {\n    width: 60%;\n  }\n}\n<\/style>\n    <\/div>\n \n        <\/div>\n      <\/div>\n\n            \n<style>\n#banner-1629221134 {\n  padding-top: 500px;\n}\n#banner-1629221134 .bg.bg-loaded {\n  background-image: url(https:\/\/luxpowertek.com\/wp-content\/uploads\/2024\/04\/six.webp);\n}\n#banner-1629221134 .overlay {\n  background-color: rgba(0, 0, 0, 0.401);\n}\n<\/style>\n  <\/div>\n\n\n\t<section class=\"section\" id=\"section_998386889\">\n\t\t<div class=\"bg section-bg fill bg-fill  bg-loaded\" >\n\n\t\t\t\n\t\t\t\n\t\t\t\n\n\t\t<\/div>\n\n\t\t\n\n\t\t<div class=\"section-content relative\">\n\t\t\t\n<div class=\"row\"  id=\"row-1543595345\">\n\n\t<div id=\"col-651095817\" class=\"col small-12 large-12\"  >\n\t\t\t\t<div class=\"col-inner\"  >\n\t\t\t\n\t\t\t\n<p class=\"lead\" style=\"text-align: center;\"><strong><span style=\"font-size: 130%;\">FAQ sur les onduleurs solaires hybrides<\/span><\/strong><\/p>\n\t\t<\/div>\n\t\t\t\t\t<\/div>\n\n\t\n<\/div>\n<div class=\"row\"  id=\"row-1795311574\">\n\n\t<div id=\"col-1163357151\" class=\"col small-12 large-12\"  >\n\t\t\t\t<div class=\"col-inner\"  >\n\t\t\t\n\t\t\t\n<div class=\"accordion\">\n\t<div id=\"accordion-1189168921\" class=\"accordion-item\">\n\t\t<a id=\"accordion-1189168921-label\" class=\"accordion-title plain\" href=\"#accordion-item-does-lxp-us-12k-support-generator-remote-start-function-?\" aria-expanded=\"false\" aria-controls=\"accordion-1189168921-content\" >\n\t\t\t<button class=\"toggle\" aria-label=\"Basculer\"><i class=\"icon-angle-down\"><\/i><\/button>\n\t\t\t<span>LXP-US 12K prend-il en charge la fonction de d\u00e9marrage \u00e0 distance du g\u00e9n\u00e9rateur ?<\/span>\n\t\t<\/a>\n\t\t<div id=\"accordion-1189168921-content\" class=\"accordion-inner\" aria-labelledby=\"accordion-1189168921-label\" >\n\t\t\t\n<p class=\"lead\"><span style=\"font-size: 80%;\">R : Oui, la s\u00e9rie Luxpower 12kW facilite \u00e9galement la fonction de d\u00e9marrage automatique du g\u00e9n\u00e9rateur. Pour activer cette fonction, assurez-vous que votre g\u00e9n\u00e9rateur supporte la fonction de d\u00e9marrage automatique. Il suffit de connecter un c\u00e2ble \u00e0 2 fils directement au port de contact sec.<\/span><\/p>\n\t\t<\/div>\n\t<\/div>\n\t\n\t<div id=\"accordion-2590191796\" class=\"accordion-item\">\n\t\t<a id=\"accordion-2590191796-label\" class=\"accordion-title plain\" href=\"#accordion-item-what-does-grid-peak-shaving-mean?\" aria-expanded=\"false\" aria-controls=\"accordion-2590191796-content\" >\n\t\t\t<button class=\"toggle\" aria-label=\"Basculer\"><i class=\"icon-angle-down\"><\/i><\/button>\n\t\t\t<span>Que signifie l'effacement de la pointe du r\u00e9seau ?<\/span>\n\t\t<\/a>\n\t\t<div id=\"accordion-2590191796-content\" class=\"accordion-inner\" aria-labelledby=\"accordion-2590191796-label\" >\n\t\t\t\n<p class=\"lead\"><span style=\"font-size: 80%;\">R : L'\u00e9cr\u00eatement des pointes signifie que pendant la p\u00e9riode d'\u00e9cr\u00eatement des pointes, lorsque la puissance import\u00e9e est inf\u00e9rieure \u00e0 la valeur limite, la batterie se charge. Lorsque la puissance import\u00e9e du r\u00e9seau est sup\u00e9rieure \u00e0 la valeur limite, la batterie se d\u00e9charge pour compenser l'exc\u00e8s de puissance.<\/span><\/p>\n\t\t<\/div>\n\t<\/div>\n\t\n\t<div id=\"accordion-3102174661\" class=\"accordion-item\">\n\t\t<a id=\"accordion-3102174661-label\" class=\"accordion-title plain\" href=\"#accordion-item-why-is-the-inverter-connected-to-the-ac-grid,-but-there&#039;s-no-eps-output-from-the-inverter?\" aria-expanded=\"false\" aria-controls=\"accordion-3102174661-content\" >\n\t\t\t<button class=\"toggle\" aria-label=\"Basculer\"><i class=\"icon-angle-down\"><\/i><\/button>\n\t\t\t<span>Pourquoi l'onduleur est-il connect\u00e9 au r\u00e9seau CA, alors qu'il n'y a pas de sortie EPS de l'onduleur ?<\/span>\n\t\t<\/a>\n\t\t<div id=\"accordion-3102174661-content\" class=\"accordion-inner\" aria-labelledby=\"accordion-3102174661-label\" >\n\t\t\t\n<p class=\"lead\"><span style=\"font-size: 80%;\">R : Veillez \u00e0 ce que la tension d'entr\u00e9e du r\u00e9seau soit stable et se situe dans une fourchette de 180 \u00e0 270 V. Les fluctuations de la tension d'entr\u00e9e du r\u00e9seau peuvent entra\u00eener une commutation fr\u00e9quente entre les modes \"on-grid\" et \"off-grid\", ce qui peut entra\u00eener une d\u00e9faillance du relais de d\u00e9rivation. Il est imp\u00e9ratif de rechercher les causes profondes de l'instabilit\u00e9 de l'entr\u00e9e r\u00e9seau. Si n\u00e9cessaire, envisagez de remplacer les composants de la carte IO pour r\u00e9soudre efficacement le probl\u00e8me.<\/span><\/p>\n\t\t<\/div>\n\t<\/div>\n\t\n\t<div id=\"accordion-867164795\" class=\"accordion-item\">\n\t\t<a id=\"accordion-867164795-label\" class=\"accordion-title plain\" href=\"#accordion-item-what&#039;s-the-function-of-dustproof-insulating-foam-for-mainboard\uff1f\" aria-expanded=\"false\" aria-controls=\"accordion-867164795-content\" >\n\t\t\t<button class=\"toggle\" aria-label=\"Basculer\"><i class=\"icon-angle-down\"><\/i><\/button>\n\t\t\t<span>Quelle est la fonction de la mousse isolante anti-poussi\u00e8re pour les cartes m\u00e8res\uff1f ?<\/span>\n\t\t<\/a>\n\t\t<div id=\"accordion-867164795-content\" class=\"accordion-inner\" aria-labelledby=\"accordion-867164795-label\" >\n\t\t\t\n<p class=\"lead\"><span style=\"font-size: 80%;\">R : Ce composant a pour fonction d'emp\u00eacher l'accumulation de poussi\u00e8re et d'isoler la carte m\u00e8re. Il joue un r\u00f4le crucial dans la protection de la carte m\u00e8re contre les effets n\u00e9fastes de la poussi\u00e8re, de la salet\u00e9 et d'autres contaminants. En outre, il assure l'isolation et l'absorption des chocs pour garantir un fonctionnement optimal et la long\u00e9vit\u00e9 de la carte m\u00e8re.<\/span><\/p>\n\t\t<\/div>\n\t<\/div>\n\t\n<\/div>\n<div class=\"accordion\">\n\t<div id=\"accordion-3829095405\" class=\"accordion-item\">\n\t\t<a id=\"accordion-3829095405-label\" class=\"accordion-title plain\" href=\"#accordion-item-why-does-the-loss-of-sync-trigger-signal-happen-in-a-parallel-system?\" aria-expanded=\"false\" aria-controls=\"accordion-3829095405-content\" >\n\t\t\t<button class=\"toggle\" aria-label=\"Basculer\"><i class=\"icon-angle-down\"><\/i><\/button>\n\t\t\t<span>Pourquoi la perte du signal de d\u00e9clenchement de la synchronisation se produit-elle dans un syst\u00e8me parall\u00e8le ?<\/span>\n\t\t<\/a>\n\t\t<div id=\"accordion-3829095405-content\" class=\"accordion-inner\" aria-labelledby=\"accordion-3829095405-label\" >\n\t\t\t\n<p class=\"lead\"><span style=\"font-size: 80%;\">R : Avant de poursuivre, veuillez examiner le c\u00e2ble CAN parall\u00e8le et la carte d'interface. Si n\u00e9cessaire, envisagez de remplacer la carte d'interface de cet appareil et de proc\u00e9der \u00e0 une inspection approfondie. Si vous avez besoin d'une assistance technique suppl\u00e9mentaire, n'h\u00e9sitez pas \u00e0 contacter notre \u00e9quipe d'assistance technique.<\/span><\/p>\n\t\t<\/div>\n\t<\/div>\n\t\n\t<div id=\"accordion-2972792752\" class=\"accordion-item\">\n\t\t<a id=\"accordion-2972792752-label\" class=\"accordion-title plain\" href=\"#accordion-item-can-i-use-the-installer-account-to-block-an-end-user-from-changing-settings?\" aria-expanded=\"false\" aria-controls=\"accordion-2972792752-content\" >\n\t\t\t<button class=\"toggle\" aria-label=\"Basculer\"><i class=\"icon-angle-down\"><\/i><\/button>\n\t\t\t<span>Puis-je utiliser le compte de l'installateur pour emp\u00eacher un utilisateur final de modifier les param\u00e8tres ?<\/span>\n\t\t<\/a>\n\t\t<div id=\"accordion-2972792752-content\" class=\"accordion-inner\" aria-labelledby=\"accordion-2972792752-label\" >\n\t\t\t\n<p class=\"lead\"><span style=\"font-size: 80%;\">R : Oui, vous avez r\u00e9gl\u00e9 l'acc\u00e8s en lecture seule. Cependant, ce r\u00e9glage ne semble pas s'appliquer lorsque vous essayez de configurer l'extr\u00e9mit\u00e9 de l'onduleur \u00e0 l'aide de l'\u00e9cran LCD.<\/span><\/p>\n\t\t<\/div>\n\t<\/div>\n\t\n<\/div>\n\t\t<\/div>\n\t\t\t\t\t<\/div>\n\n\t\n\n\t<div id=\"col-771482635\" class=\"col small-12 large-12\"  >\n\t\t\t\t<div class=\"col-inner\"  >\n\t\t\t\n\t\t\t\n<div class=\"accordion\">\n\t<div id=\"accordion-3479453789\" class=\"accordion-item\">\n\t\t<a id=\"accordion-3479453789-label\" class=\"accordion-title plain\" href=\"#accordion-item-why-is-there-no-display-of-battery-voltage-and-soc-despite-connecting-the-battery-to-the-inverter?\" aria-expanded=\"false\" aria-controls=\"accordion-3479453789-content\" >\n\t\t\t<button class=\"toggle\" aria-label=\"Basculer\"><i class=\"icon-angle-down\"><\/i><\/button>\n\t\t\t<span>Pourquoi n'y a-t-il pas d'affichage de la tension de la batterie et du SOC malgr\u00e9 la connexion de la batterie \u00e0 l'onduleur ?<\/span>\n\t\t<\/a>\n\t\t<div id=\"accordion-3479453789-content\" class=\"accordion-inner\" aria-labelledby=\"accordion-3479453789-label\" >\n\t\t\t\n<p class=\"lead\"><span style=\"font-size: 80%;\">R : Si vous utilisez une batterie au lithium, il est imp\u00e9ratif de s'assurer qu'il n'y a pas d'erreur de communication entre l'onduleur et la batterie. Inversement, si vous utilisez une batterie au plomb, veuillez v\u00e9rifier les r\u00e9glages de la batterie et la faire basculer en mode plomb-acide si n\u00e9cessaire.<\/span><\/p>\n\t\t<\/div>\n\t<\/div>\n\t\n\t<div id=\"accordion-1387790969\" class=\"accordion-item\">\n\t\t<a id=\"accordion-1387790969-label\" class=\"accordion-title plain\" href=\"#accordion-item-what-should-i-do-to-the-inverter-when-i-leave-home-for-a-long-time\uff1f\" aria-expanded=\"false\" aria-controls=\"accordion-1387790969-content\" >\n\t\t\t<button class=\"toggle\" aria-label=\"Basculer\"><i class=\"icon-angle-down\"><\/i><\/button>\n\t\t\t<span>Que dois-je faire \u00e0 l'onduleur lorsque je quitte mon domicile pour une longue p\u00e9riode\uff1f ?<\/span>\n\t\t<\/a>\n\t\t<div id=\"accordion-1387790969-content\" class=\"accordion-inner\" aria-labelledby=\"accordion-1387790969-label\" >\n\t\t\t\n<p class=\"lead\"><span style=\"font-size: 80%;\">R : Il n'y a pas de risque de s\u00e9curit\u00e9 lorsque vous quittez votre domicile. Et vous pouvez effectuer la surveillance et le r\u00e9glage \u00e0 distance via votre application.<\/span><\/p>\n\t\t<\/div>\n\t<\/div>\n\t\n<\/div>\n<div class=\"accordion\">\n<\/div>\n\t\t<\/div>\n\t\t\t\t\t<\/div>\n\n\t\n<\/div>\n\t\t<\/div>\n\n\t\t\n<style>\n#section_998386889 {\n  padding-top: 30px;\n  padding-bottom: 30px;\n}\n<\/style>\n\t<\/section>","protected":false},"excerpt":{"rendered":"","protected":false},"author":3,"featured_media":0,"parent":0,"menu_order":0,"comment_status":"closed","ping_status":"closed","template":"page-transparent-header-light.php","meta":{"rop_custom_images_group":[],"rop_custom_messages_group":[],"rop_publish_now":"initial","rop_publish_now_accounts":[],"rop_publish_now_history":[],"rop_publish_now_status":"pending","footnotes":""},"class_list":["post-8510","page","type-page","status-publish","hentry"],"yoast_head":"<!-- This site is optimized with the Yoast SEO plugin v27.3 - https:\/\/yoast.com\/product\/yoast-seo-wordpress\/ -->\n<title>Solar Hybrid Inverter FAQs -<\/title>\n<meta name=\"robots\" content=\"index, follow, max-snippet:-1, max-image-preview:large, max-video-preview:-1\" \/>\n<link rel=\"canonical\" href=\"https:\/\/luxpowertek.com\/fr\/faq-sur-les-onduleurs-solaires-hybrides\/\" \/>\n<meta property=\"og:locale\" content=\"fr_FR\" \/>\n<meta property=\"og:type\" content=\"article\" \/>\n<meta property=\"og:title\" content=\"Solar Hybrid Inverter FAQs -\" \/>\n<meta property=\"og:url\" content=\"https:\/\/luxpowertek.com\/fr\/faq-sur-les-onduleurs-solaires-hybrides\/\" \/>\n<meta property=\"article:modified_time\" content=\"2024-08-07T07:06:41+00:00\" \/>\n<meta name=\"twitter:card\" content=\"summary_large_image\" \/>\n<meta name=\"twitter:label1\" content=\"Dur\u00e9e de lecture estim\u00e9e\" \/>\n\t<meta name=\"twitter:data1\" content=\"3 minutes\" \/>\n<script type=\"application\/ld+json\" class=\"yoast-schema-graph\">{\"@context\":\"https:\\\/\\\/schema.org\",\"@graph\":[{\"@type\":\"WebPage\",\"@id\":\"https:\\\/\\\/luxpowertek.com\\\/solar-hybrid-inverter-faqs\\\/\",\"url\":\"https:\\\/\\\/luxpowertek.com\\\/solar-hybrid-inverter-faqs\\\/\",\"name\":\"Solar Hybrid Inverter FAQs -\",\"isPartOf\":{\"@id\":\"https:\\\/\\\/luxpowertek.com\\\/#website\"},\"datePublished\":\"2024-04-08T06:52:45+00:00\",\"dateModified\":\"2024-08-07T07:06:41+00:00\",\"breadcrumb\":{\"@id\":\"https:\\\/\\\/luxpowertek.com\\\/solar-hybrid-inverter-faqs\\\/#breadcrumb\"},\"inLanguage\":\"fr-FR\",\"potentialAction\":[{\"@type\":\"ReadAction\",\"target\":[\"https:\\\/\\\/luxpowertek.com\\\/solar-hybrid-inverter-faqs\\\/\"]}]},{\"@type\":\"BreadcrumbList\",\"@id\":\"https:\\\/\\\/luxpowertek.com\\\/solar-hybrid-inverter-faqs\\\/#breadcrumb\",\"itemListElement\":[{\"@type\":\"ListItem\",\"position\":1,\"name\":\"Home\",\"item\":\"https:\\\/\\\/luxpowertek.com\\\/\"},{\"@type\":\"ListItem\",\"position\":2,\"name\":\"Solar Hybrid Inverter FAQs\"}]},{\"@type\":\"WebSite\",\"@id\":\"https:\\\/\\\/luxpowertek.com\\\/#website\",\"url\":\"https:\\\/\\\/luxpowertek.com\\\/\",\"name\":\"\",\"description\":\"\",\"potentialAction\":[{\"@type\":\"SearchAction\",\"target\":{\"@type\":\"EntryPoint\",\"urlTemplate\":\"https:\\\/\\\/luxpowertek.com\\\/?s={search_term_string}\"},\"query-input\":{\"@type\":\"PropertyValueSpecification\",\"valueRequired\":true,\"valueName\":\"search_term_string\"}}],\"inLanguage\":\"fr-FR\"}]}<\/script>\n<!-- \/ Yoast SEO plugin. -->","yoast_head_json":{"title":"FAQ sur les onduleurs solaires hybrides -","robots":{"index":"index","follow":"follow","max-snippet":"max-snippet:-1","max-image-preview":"max-image-preview:large","max-video-preview":"max-video-preview:-1"},"canonical":"https:\/\/luxpowertek.com\/fr\/faq-sur-les-onduleurs-solaires-hybrides\/","og_locale":"fr_FR","og_type":"article","og_title":"Solar Hybrid Inverter FAQs -","og_url":"https:\/\/luxpowertek.com\/fr\/faq-sur-les-onduleurs-solaires-hybrides\/","article_modified_time":"2024-08-07T07:06:41+00:00","twitter_card":"summary_large_image","twitter_misc":{"Dur\u00e9e de lecture estim\u00e9e":"3 minutes"},"schema":{"@context":"https:\/\/schema.org","@graph":[{"@type":"WebPage","@id":"https:\/\/luxpowertek.com\/solar-hybrid-inverter-faqs\/","url":"https:\/\/luxpowertek.com\/solar-hybrid-inverter-faqs\/","name":"FAQ sur les onduleurs solaires hybrides -","isPartOf":{"@id":"https:\/\/luxpowertek.com\/#website"},"datePublished":"2024-04-08T06:52:45+00:00","dateModified":"2024-08-07T07:06:41+00:00","breadcrumb":{"@id":"https:\/\/luxpowertek.com\/solar-hybrid-inverter-faqs\/#breadcrumb"},"inLanguage":"fr-FR","potentialAction":[{"@type":"ReadAction","target":["https:\/\/luxpowertek.com\/solar-hybrid-inverter-faqs\/"]}]},{"@type":"BreadcrumbList","@id":"https:\/\/luxpowertek.com\/solar-hybrid-inverter-faqs\/#breadcrumb","itemListElement":[{"@type":"ListItem","position":1,"name":"Home","item":"https:\/\/luxpowertek.com\/"},{"@type":"ListItem","position":2,"name":"Solar Hybrid Inverter FAQs"}]},{"@type":"WebSite","@id":"https:\/\/luxpowertek.com\/#website","url":"https:\/\/luxpowertek.com\/","name":"","description":"","potentialAction":[{"@type":"SearchAction","target":{"@type":"EntryPoint","urlTemplate":"https:\/\/luxpowertek.com\/?s={search_term_string}"},"query-input":{"@type":"PropertyValueSpecification","valueRequired":true,"valueName":"search_term_string"}}],"inLanguage":"fr-FR"}]}},"_links":{"self":[{"href":"https:\/\/luxpowertek.com\/fr\/wp-json\/wp\/v2\/pages\/8510","targetHints":{"allow":["GET"]}}],"collection":[{"href":"https:\/\/luxpowertek.com\/fr\/wp-json\/wp\/v2\/pages"}],"about":[{"href":"https:\/\/luxpowertek.com\/fr\/wp-json\/wp\/v2\/types\/page"}],"author":[{"embeddable":true,"href":"https:\/\/luxpowertek.com\/fr\/wp-json\/wp\/v2\/users\/3"}],"replies":[{"embeddable":true,"href":"https:\/\/luxpowertek.com\/fr\/wp-json\/wp\/v2\/comments?post=8510"}],"version-history":[{"count":12,"href":"https:\/\/luxpowertek.com\/fr\/wp-json\/wp\/v2\/pages\/8510\/revisions"}],"predecessor-version":[{"id":11626,"href":"https:\/\/luxpowertek.com\/fr\/wp-json\/wp\/v2\/pages\/8510\/revisions\/11626"}],"wp:attachment":[{"href":"https:\/\/luxpowertek.com\/fr\/wp-json\/wp\/v2\/media?parent=8510"}],"curies":[{"name":"wp","href":"https:\/\/api.w.org\/{rel}","templated":true}]}}