{"id":7201,"date":"2023-07-14T17:08:17","date_gmt":"2023-07-14T09:08:17","guid":{"rendered":"https:\/\/luxpowertek.com\/?page_id=7201"},"modified":"2023-07-15T18:19:13","modified_gmt":"2023-07-15T10:19:13","slug":"saproduits","status":"publish","type":"page","link":"https:\/\/luxpowertek.com\/fr\/saproduits\/","title":{"rendered":"Produits SA"},"content":{"rendered":"<div id=\"gap-1553826358\" class=\"gap-element clearfix\" style=\"display:block; height:auto;\">\n\t\t\n<style>\n#gap-1553826358 {\n  padding-top: 30px;\n}\n<\/style>\n\t<\/div>\n\t\n<div class=\"row\"  id=\"row-1813220123\">\n\n\t<div id=\"col-1046939182\" class=\"col medium-1 small-12 large-1\"  >\n\t\t\t\t<div class=\"col-inner\"  >\n\t\t\t\n\t\t\t\n\t\t<\/div>\n\t\t\t\t\n<style>\n#col-1046939182 > .col-inner {\n  margin: 0px 0px 0px 37px;\n}\n<\/style>\n\t<\/div>\n\n\t\n\n\t<div id=\"col-666954408\" class=\"col medium-4 small-12 large-4\"  >\n\t\t\t\t<div class=\"col-inner\"  >\n\t\t\t\n\t\t\t\n\t<div class=\"img has-hover x md-x lg-x y md-y lg-y\" id=\"image_386818329\">\n\t\t\t\t\t\t\t\t<div class=\"img-inner dark\" >\n\t\t\t<img loading=\"lazy\" decoding=\"async\" width=\"827\" height=\"1030\" src=\"https:\/\/luxpowertek.com\/wp-content\/uploads\/2023\/05\/ECO-6k-827x1030.webp\" class=\"attachment-large size-large\" alt=\"Onduleur solaire\" srcset=\"https:\/\/luxpowertek.com\/wp-content\/uploads\/2023\/05\/ECO-6k-827x1030.webp 827w, https:\/\/luxpowertek.com\/wp-content\/uploads\/2023\/05\/ECO-6k-241x300.webp 241w, https:\/\/luxpowertek.com\/wp-content\/uploads\/2023\/05\/ECO-6k-768x957.webp 768w, https:\/\/luxpowertek.com\/wp-content\/uploads\/2023\/05\/ECO-6k-1233x1536.webp 1233w, https:\/\/luxpowertek.com\/wp-content\/uploads\/2023\/05\/ECO-6k-800x996.webp 800w, https:\/\/luxpowertek.com\/wp-content\/uploads\/2023\/05\/ECO-6k.webp 1580w\" sizes=\"auto, (max-width: 827px) 100vw, 827px\" \/>\t\t\t\t\t\t\n\t\t\t\t\t<\/div>\n\t\t\t\t\t\t\t\t\n<style>\n#image_386818329 {\n  width: 88%;\n}\n<\/style>\n\t<\/div>\n\t\n\t\t<\/div>\n\t\t\t\t\n<style>\n#col-666954408 > .col-inner {\n  margin: 0px 0px 0px 20px;\n}\n<\/style>\n\t<\/div>\n\n\t\n\n\t<div id=\"col-280532075\" class=\"col medium-5 small-12 large-5\"  >\n\t\t\t\t<div class=\"col-inner\"  >\n\t\t\t\n\t\t\t\n<h3><span style=\"color: #00a859\">SNA 3-6k<\/span><\/h3>\n<ul>\n<li style=\"text-align: left\">Modes hors r\u00e9seau et hybride intelligents<\/li>\n<li>Charges de puissance PV et AC simultan\u00e9ment<\/li>\n<li>Large plage de tension d'entr\u00e9e PV 100V~480V<\/li>\n<li>Convertisseur DC \u00e0 DC facile \u00e0 utiliser avec la batterie<\/li>\n<li>Surveillance gratuite et mise \u00e0 jour \u00e0 distance<\/li>\n<li>Monophas\u00e9 ou triphas\u00e9 d\u00e9s\u00e9quilibr\u00e9<\/li>\n<li>Jusqu'\u00e0 16 unit\u00e9s en parall\u00e8le<\/li>\n<li>Interface de g\u00e9n\u00e9rateur ind\u00e9pendante<\/li>\n<li>L'onduleur h\u00f4te est g\u00e9n\u00e9r\u00e9 automatiquement pour g\u00e9rer l'ensemble du syst\u00e8me<\/li>\n<\/ul>\n<div class=\"row\"  id=\"row-148113731\">\n\n\t<div id=\"col-1331084927\" class=\"col medium-5 small-12 large-5\"  >\n\t\t\t\t<div class=\"col-inner\"  >\n\t\t\t\n\t\t\t\n\n\t\t<div class=\"icon-box featured-box icon-box-left text-left\"  >\n\t\t\t\t\t<div class=\"icon-box-img\" style=\"width: 39px\">\n\t\t\t\t<div class=\"icon\">\n\t\t\t\t\t<div class=\"icon-inner\" >\n\t\t\t\t\t\t<img loading=\"lazy\" decoding=\"async\" width=\"171\" height=\"171\" src=\"https:\/\/luxpowertek.com\/wp-content\/uploads\/2021\/12\/wordpress-pdf-icon-1.png\" class=\"attachment-medium size-medium\" alt=\"\" srcset=\"https:\/\/luxpowertek.com\/wp-content\/uploads\/2021\/12\/wordpress-pdf-icon-1.png 171w, https:\/\/luxpowertek.com\/wp-content\/uploads\/2021\/12\/wordpress-pdf-icon-1-100x100.png 100w, https:\/\/luxpowertek.com\/wp-content\/uploads\/2021\/12\/wordpress-pdf-icon-1-80x80.png 80w\" sizes=\"auto, (max-width: 171px) 100vw, 171px\" \/>\t\t\t\t\t<\/div>\n\t\t\t\t<\/div>\n\t\t\t<\/div>\n\t\t\t\t<div class=\"icon-box-text last-reset\">\n\t\t\t\t\t\t\t\t\t\n\t<div id=\"text-1279206371\" class=\"text\">\n\t\t\n<p><a href=\"https:\/\/luxpowertek.com\/wp-content\/uploads\/2023\/07\/SNA-3-6k-Single-phase-specification.pdf\">Sp\u00e9cifications<\/a><\/p>\n\t\t\n<style>\n#text-1279206371 {\n  line-height: 3;\n}\n<\/style>\n\t<\/div>\n\t\n\t\t<\/div>\n\t<\/div>\n\t\n\t\n\t\t<\/div>\n\t\t\t\t\n<style>\n#col-1331084927 > .col-inner {\n  margin: 0px 25px 0px 28px;\n}\n<\/style>\n\t<\/div>\n\n\t\n\n\t<div id=\"col-551901931\" class=\"col medium-5 small-12 large-5\"  >\n\t\t\t\t<div class=\"col-inner\"  >\n\t\t\t\n\t\t\t\n\n\t\t<div class=\"icon-box featured-box icon-box-left text-left\"  style=\"margin:0px 0px 0px 75px;\">\n\t\t\t\t\t<div class=\"icon-box-img\" style=\"width: 39px\">\n\t\t\t\t<div class=\"icon\">\n\t\t\t\t\t<div class=\"icon-inner\" >\n\t\t\t\t\t\t<img loading=\"lazy\" decoding=\"async\" width=\"171\" height=\"171\" src=\"https:\/\/luxpowertek.com\/wp-content\/uploads\/2021\/12\/wordpress-pdf-icon-1.png\" class=\"attachment-medium size-medium\" alt=\"\" srcset=\"https:\/\/luxpowertek.com\/wp-content\/uploads\/2021\/12\/wordpress-pdf-icon-1.png 171w, https:\/\/luxpowertek.com\/wp-content\/uploads\/2021\/12\/wordpress-pdf-icon-1-100x100.png 100w, https:\/\/luxpowertek.com\/wp-content\/uploads\/2021\/12\/wordpress-pdf-icon-1-80x80.png 80w\" sizes=\"auto, (max-width: 171px) 100vw, 171px\" \/>\t\t\t\t\t<\/div>\n\t\t\t\t<\/div>\n\t\t\t<\/div>\n\t\t\t\t<div class=\"icon-box-text last-reset\">\n\t\t\t\t\t\t\t\t\t\n\t<div id=\"text-2062717506\" class=\"text\">\n\t\t\n<p><a href=\"https:\/\/luxpowertek.com\/wp-content\/uploads\/2023\/07\/Eco-Hybrid-SNA-3-6k-User-Manual.pdf\">\u00a0Manuel de l'utilisateur<\/a><\/p>\n\t\t\n<style>\n#text-2062717506 {\n  line-height: 3;\n}\n<\/style>\n\t<\/div>\n\t\n\t\t<\/div>\n\t<\/div>\n\t\n\t\n\t\t<\/div>\n\t\t\t\t\n<style>\n#col-551901931 > .col-inner {\n  margin: 0px 0px 0px -45px;\n}\n<\/style>\n\t<\/div>\n\n\t\n<\/div>\n\t\t<\/div>\n\t\t\t\t\n<style>\n#col-280532075 > .col-inner {\n  padding: 0px 0px 0px 0px;\n  margin: 29px 7px -6px -1px;\n}\n<\/style>\n\t<\/div>\n\n\t\n\n\t<div id=\"col-1549782880\" class=\"col medium-1 small-12 large-1\"  >\n\t\t\t\t<div class=\"col-inner\"  >\n\t\t\t\n\t\t\t\n\t\t<\/div>\n\t\t\t\t\n<style>\n#col-1549782880 > .col-inner {\n  margin: 0px 0px 0px 2px0;\n}\n<\/style>\n\t<\/div>\n\n\t\n<\/div>\n<div class=\"is-divider divider clearfix\" style=\"max-width:1280px;background-color:rgb(27, 129, 71);\"><\/div>\n\t<div id=\"gap-1139625009\" class=\"gap-element clearfix\" style=\"display:block; height:auto;\">\n\t\t\n<style>\n#gap-1139625009 {\n  padding-top: 50px;\n}\n<\/style>\n\t<\/div>\n\t\n<div class=\"row\"  id=\"row-1978172872\">\n\n\t<div id=\"col-1968769316\" class=\"col medium-1 small-12 large-1\"  >\n\t\t\t\t<div class=\"col-inner\"  >\n\t\t\t\n\t\t\t\n\t\t<\/div>\n\t\t\t\t\n<style>\n#col-1968769316 > .col-inner {\n  margin: 0px 0px 0px 37px;\n}\n<\/style>\n\t<\/div>\n\n\t\n\n\t<div id=\"col-151676435\" class=\"col medium-4 small-12 large-4\"  >\n\t\t\t\t<div class=\"col-inner\"  >\n\t\t\t\n\t\t\t\n\t<div class=\"img has-hover x md-x lg-x y md-y lg-y\" id=\"image_745021138\">\n\t\t\t\t\t\t\t\t<div class=\"img-inner dark\" style=\"margin:0px 16px 29px 0px;\">\n\t\t\t<img loading=\"lazy\" decoding=\"async\" width=\"892\" height=\"1030\" src=\"https:\/\/luxpowertek.com\/wp-content\/uploads\/2023\/05\/EU-8-10k-892x1030.webp\" class=\"attachment-large size-large\" alt=\"\" srcset=\"https:\/\/luxpowertek.com\/wp-content\/uploads\/2023\/05\/EU-8-10k-892x1030.webp 892w, https:\/\/luxpowertek.com\/wp-content\/uploads\/2023\/05\/EU-8-10k-260x300.webp 260w, https:\/\/luxpowertek.com\/wp-content\/uploads\/2023\/05\/EU-8-10k-768x887.webp 768w, https:\/\/luxpowertek.com\/wp-content\/uploads\/2023\/05\/EU-8-10k-1330x1536.webp 1330w, https:\/\/luxpowertek.com\/wp-content\/uploads\/2023\/05\/EU-8-10k-800x924.webp 800w, https:\/\/luxpowertek.com\/wp-content\/uploads\/2023\/05\/EU-8-10k.webp 1546w\" sizes=\"auto, (max-width: 892px) 100vw, 892px\" \/>\t\t\t\t\t\t\n\t\t\t\t\t<\/div>\n\t\t\t\t\t\t\t\t\n<style>\n#image_745021138 {\n  width: 88%;\n}\n<\/style>\n\t<\/div>\n\t\n\t\t<\/div>\n\t\t\t\t\n<style>\n#col-151676435 > .col-inner {\n  padding: 0px 0px 0px 44px;\n  margin: 0px 0px 0px 20px;\n}\n<\/style>\n\t<\/div>\n\n\t\n\n\t<div id=\"col-866646641\" class=\"col medium-6 small-12 large-6\"  >\n\t\t\t\t<div class=\"col-inner\"  >\n\t\t\t\n\t\t\t\n<h3><span style=\"color: #00a859\">LXP-LB-EU 8-10k<\/span><\/h3>\n<ul>\n<li>Le courant de charge\/d\u00e9charge de 210 A permet de charger rapidement les batteries tout en r\u00e9pondant aux demandes de puissance \u00e9lev\u00e9es des consommateurs domestiques.<\/li>\n<li>Modes de fonctionnement multiples, adapt\u00e9s \u00e0 diff\u00e9rentes conditions d'alimentation \u00e9lectrique<\/li>\n<li>Interface de g\u00e9n\u00e9rateur s\u00e9par\u00e9e disponible et fonction de couplage AC.<\/li>\n<li>Relais de passage 90A vers l'onduleur, installation facile<\/li>\n<li>Parall\u00e8le avanc\u00e9, jusqu'\u00e0 6 unit\u00e9s<\/li>\n<li>Contr\u00f4le intelligent de la charge<\/li>\n<li>Facile \u00e0 utiliser avec des piles<\/li>\n<li>LCD tactile couleur, IP65<\/li>\n<\/ul>\n<div class=\"row\"  id=\"row-117788196\">\n\n\t<div id=\"col-838441237\" class=\"col medium-4 small-12 large-4\"  >\n\t\t\t\t<div class=\"col-inner\"  >\n\t\t\t\n\t\t\t\n\n\t\t<div class=\"icon-box featured-box icon-box-left text-left\"  >\n\t\t\t\t\t<div class=\"icon-box-img\" style=\"width: 39px\">\n\t\t\t\t<div class=\"icon\">\n\t\t\t\t\t<div class=\"icon-inner\" >\n\t\t\t\t\t\t<img loading=\"lazy\" decoding=\"async\" width=\"171\" height=\"171\" src=\"https:\/\/luxpowertek.com\/wp-content\/uploads\/2021\/12\/wordpress-pdf-icon-1.png\" class=\"attachment-medium size-medium\" alt=\"\" srcset=\"https:\/\/luxpowertek.com\/wp-content\/uploads\/2021\/12\/wordpress-pdf-icon-1.png 171w, https:\/\/luxpowertek.com\/wp-content\/uploads\/2021\/12\/wordpress-pdf-icon-1-100x100.png 100w, https:\/\/luxpowertek.com\/wp-content\/uploads\/2021\/12\/wordpress-pdf-icon-1-80x80.png 80w\" sizes=\"auto, (max-width: 171px) 100vw, 171px\" \/>\t\t\t\t\t<\/div>\n\t\t\t\t<\/div>\n\t\t\t<\/div>\n\t\t\t\t<div class=\"icon-box-text last-reset\">\n\t\t\t\t\t\t\t\t\t\n\t<div id=\"text-1313403285\" class=\"text\">\n\t\t\n<p><a href=\"https:\/\/luxpowertek.com\/wp-content\/uploads\/2023\/07\/LXP-LB-EU-8-10k-specification.pdf\">Sp\u00e9cifications<\/a><\/p>\n\t\t\n<style>\n#text-1313403285 {\n  line-height: 3;\n}\n<\/style>\n\t<\/div>\n\t\n\t\t<\/div>\n\t<\/div>\n\t\n\t\n\t\t<\/div>\n\t\t\t\t\n<style>\n#col-838441237 > .col-inner {\n  margin: 0px 0px 0px 40px;\n}\n<\/style>\n\t<\/div>\n\n\t\n\n\t<div id=\"col-1715950807\" class=\"col medium-4 small-12 large-4\"  >\n\t\t\t\t<div class=\"col-inner\"  >\n\t\t\t\n\t\t\t\n\n\t\t<div class=\"icon-box featured-box icon-box-left text-left\"  style=\"margin:0px 0px 0px 75px;\">\n\t\t\t\t\t<div class=\"icon-box-img\" style=\"width: 39px\">\n\t\t\t\t<div class=\"icon\">\n\t\t\t\t\t<div class=\"icon-inner\" >\n\t\t\t\t\t\t<img loading=\"lazy\" decoding=\"async\" width=\"171\" height=\"171\" src=\"https:\/\/luxpowertek.com\/wp-content\/uploads\/2021\/12\/wordpress-pdf-icon-1.png\" class=\"attachment-medium size-medium\" alt=\"\" srcset=\"https:\/\/luxpowertek.com\/wp-content\/uploads\/2021\/12\/wordpress-pdf-icon-1.png 171w, https:\/\/luxpowertek.com\/wp-content\/uploads\/2021\/12\/wordpress-pdf-icon-1-100x100.png 100w, https:\/\/luxpowertek.com\/wp-content\/uploads\/2021\/12\/wordpress-pdf-icon-1-80x80.png 80w\" sizes=\"auto, (max-width: 171px) 100vw, 171px\" \/>\t\t\t\t\t<\/div>\n\t\t\t\t<\/div>\n\t\t\t<\/div>\n\t\t\t\t<div class=\"icon-box-text last-reset\">\n\t\t\t\t\t\t\t\t\t\n\t<div id=\"text-199934096\" class=\"text\">\n\t\t\n<p><a href=\"https:\/\/luxpowertek.com\/wp-content\/uploads\/2023\/07\/LXP-LB-EU-8-10k-specification.pdf\">Manuel de l'utilisateur<\/a><\/p>\n\t\t\n<style>\n#text-199934096 {\n  line-height: 3;\n}\n<\/style>\n\t<\/div>\n\t\n\t\t<\/div>\n\t<\/div>\n\t\n\t\n\t\t<\/div>\n\t\t\t\t\n<style>\n#col-1715950807 > .col-inner {\n  margin: 0px 0px 0px -35px;\n}\n<\/style>\n\t<\/div>\n\n\t\n<\/div>\n\t\t<\/div>\n\t\t\t\t\t<\/div>\n\n\t\n\n\t<div id=\"col-1678461455\" class=\"col medium-1 small-12 large-1\"  >\n\t\t\t\t<div class=\"col-inner\"  >\n\t\t\t\n\t\t\t\n\t\t<\/div>\n\t\t\t\t\n<style>\n#col-1678461455 > .col-inner {\n  margin: 0px 0px 0px 2px0;\n}\n<\/style>\n\t<\/div>\n\n\t\n<\/div>\n<div class=\"is-divider divider clearfix\" style=\"max-width:1280px;background-color:rgb(27, 129, 71);\"><\/div>\n\t<div id=\"gap-713663776\" class=\"gap-element clearfix\" style=\"display:block; height:auto;\">\n\t\t\n<style>\n#gap-713663776 {\n  padding-top: 30px;\n}\n<\/style>\n\t<\/div>\n\t\n<div class=\"row\"  id=\"row-1906627177\">\n\n\t<div id=\"col-1943464372\" class=\"col medium-1 small-12 large-1\"  >\n\t\t\t\t<div class=\"col-inner\"  >\n\t\t\t\n\t\t\t\n\t\t<\/div>\n\t\t\t\t\n<style>\n#col-1943464372 > .col-inner {\n  margin: 0px 0px 0px 37px;\n}\n<\/style>\n\t<\/div>\n\n\t\n\n\t<div id=\"col-934601945\" class=\"col medium-4 small-12 large-4\"  >\n\t\t\t\t<div class=\"col-inner\"  >\n\t\t\t\n\t\t\t\n\t<div class=\"img has-hover x md-x lg-x y md-y lg-y\" id=\"image_932452380\">\n\t\t\t\t\t\t\t\t<div class=\"img-inner dark\" >\n\t\t\t<img loading=\"lazy\" decoding=\"async\" width=\"827\" height=\"1030\" src=\"https:\/\/luxpowertek.com\/wp-content\/uploads\/2023\/05\/LXP-12k-827x1030.webp\" class=\"attachment-large size-large\" alt=\"\" srcset=\"https:\/\/luxpowertek.com\/wp-content\/uploads\/2023\/05\/LXP-12k-827x1030.webp 827w, https:\/\/luxpowertek.com\/wp-content\/uploads\/2023\/05\/LXP-12k-241x300.webp 241w, https:\/\/luxpowertek.com\/wp-content\/uploads\/2023\/05\/LXP-12k-768x957.webp 768w, https:\/\/luxpowertek.com\/wp-content\/uploads\/2023\/05\/LXP-12k-1233x1536.webp 1233w, https:\/\/luxpowertek.com\/wp-content\/uploads\/2023\/05\/LXP-12k-800x996.webp 800w, https:\/\/luxpowertek.com\/wp-content\/uploads\/2023\/05\/LXP-12k.webp 1580w\" sizes=\"auto, (max-width: 827px) 100vw, 827px\" \/>\t\t\t\t\t\t\n\t\t\t\t\t<\/div>\n\t\t\t\t\t\t\t\t\n<style>\n#image_932452380 {\n  width: 84%;\n}\n<\/style>\n\t<\/div>\n\t\n\t\t<\/div>\n\t\t\t\t\n<style>\n#col-934601945 > .col-inner {\n  margin: 0px 0px 0px 39px;\n}\n<\/style>\n\t<\/div>\n\n\t\n\n\t<div id=\"col-1162825887\" class=\"col medium-6 small-12 large-6\"  >\n\t\t\t\t<div class=\"col-inner\"  >\n\t\t\t\n\t\t\t\n<h3><span style=\"color: #00a859\">LXP-LB-EU 12k<\/span><\/h3>\n<ul>\n<li>Le courant de charge\/d\u00e9charge maximal de 250A permet au syst\u00e8me d'atteindre un rendement impressionnant : 99%<\/li>\n<li>La fonction de couplage AC \u00e9tend les capacit\u00e9s d'interface des g\u00e9n\u00e9rateurs diesel existants, ce qui permet aux utilisateurs de les connecter aux syst\u00e8mes de r\u00e9seau existants et d'atteindre \u00e0 nouveau l'ind\u00e9pendance \u00e9nerg\u00e9tique.<\/li>\n<li>La capacit\u00e9 nominale de l'alimentation \u00e9lectrique hors r\u00e9seau est de 12 kW.<\/li>\n<li>Jusqu'\u00e0 10 pi\u00e8ces en parall\u00e8le<\/li>\n<li>Contr\u00f4le intelligent de la charge<\/li>\n<li>Module UPS int\u00e9gr\u00e9, temps de commutation on\/off du r\u00e9seau sans interruption inf\u00e9rieur \u00e0 20 ms<\/li>\n<li>3 entr\u00e9es MPPT, maximum jusqu'\u00e0 18 kW<\/li>\n<li>LCD tactile couleur, IP65<\/li>\n<\/ul>\n<div class=\"row\"  id=\"row-411616214\">\n\n\t<div id=\"col-1766505627\" class=\"col medium-4 small-12 large-4\"  >\n\t\t\t\t<div class=\"col-inner\"  >\n\t\t\t\n\t\t\t\n\n\t\t<div class=\"icon-box featured-box icon-box-left text-left\"  >\n\t\t\t\t\t<div class=\"icon-box-img\" style=\"width: 39px\">\n\t\t\t\t<div class=\"icon\">\n\t\t\t\t\t<div class=\"icon-inner\" >\n\t\t\t\t\t\t<img loading=\"lazy\" decoding=\"async\" width=\"171\" height=\"171\" src=\"https:\/\/luxpowertek.com\/wp-content\/uploads\/2021\/12\/wordpress-pdf-icon-1.png\" class=\"attachment-medium size-medium\" alt=\"\" srcset=\"https:\/\/luxpowertek.com\/wp-content\/uploads\/2021\/12\/wordpress-pdf-icon-1.png 171w, https:\/\/luxpowertek.com\/wp-content\/uploads\/2021\/12\/wordpress-pdf-icon-1-100x100.png 100w, https:\/\/luxpowertek.com\/wp-content\/uploads\/2021\/12\/wordpress-pdf-icon-1-80x80.png 80w\" sizes=\"auto, (max-width: 171px) 100vw, 171px\" \/>\t\t\t\t\t<\/div>\n\t\t\t\t<\/div>\n\t\t\t<\/div>\n\t\t\t\t<div class=\"icon-box-text last-reset\">\n\t\t\t\t\t\t\t\t\t\n\t<div id=\"text-1320736146\" class=\"text\">\n\t\t\n<p><a href=\"https:\/\/luxpowertek.com\/wp-content\/uploads\/2023\/07\/LXP-LB-EU-12k-specification.pdf\">Sp\u00e9cifications<\/a><\/p>\n\t\t\n<style>\n#text-1320736146 {\n  line-height: 3;\n}\n<\/style>\n\t<\/div>\n\t\n\t\t<\/div>\n\t<\/div>\n\t\n\t\n\t\t<\/div>\n\t\t\t\t\n<style>\n#col-1766505627 > .col-inner {\n  margin: 0px 0px 0px 40px;\n}\n<\/style>\n\t<\/div>\n\n\t\n\n\t<div id=\"col-601645080\" class=\"col medium-4 small-12 large-4\"  >\n\t\t\t\t<div class=\"col-inner\"  >\n\t\t\t\n\t\t\t\n\n\t\t<div class=\"icon-box featured-box icon-box-left text-left\"  style=\"margin:0px 0px 0px 75px;\">\n\t\t\t\t\t<div class=\"icon-box-img\" style=\"width: 39px\">\n\t\t\t\t<div class=\"icon\">\n\t\t\t\t\t<div class=\"icon-inner\" >\n\t\t\t\t\t\t<img loading=\"lazy\" decoding=\"async\" width=\"171\" height=\"171\" src=\"https:\/\/luxpowertek.com\/wp-content\/uploads\/2021\/12\/wordpress-pdf-icon-1.png\" class=\"attachment-medium size-medium\" alt=\"\" srcset=\"https:\/\/luxpowertek.com\/wp-content\/uploads\/2021\/12\/wordpress-pdf-icon-1.png 171w, https:\/\/luxpowertek.com\/wp-content\/uploads\/2021\/12\/wordpress-pdf-icon-1-100x100.png 100w, https:\/\/luxpowertek.com\/wp-content\/uploads\/2021\/12\/wordpress-pdf-icon-1-80x80.png 80w\" sizes=\"auto, (max-width: 171px) 100vw, 171px\" \/>\t\t\t\t\t<\/div>\n\t\t\t\t<\/div>\n\t\t\t<\/div>\n\t\t\t\t<div class=\"icon-box-text last-reset\">\n\t\t\t\t\t\t\t\t\t\n\t<div id=\"text-1303601042\" class=\"text\">\n\t\t\n<p><a href=\"https:\/\/luxpowertek.com\/wp-content\/uploads\/2023\/07\/LXP-LB-EU-12k-user-manual.pdf\">Manuel de l'utilisateur<\/a><\/p>\n\t\t\n<style>\n#text-1303601042 {\n  line-height: 3;\n}\n<\/style>\n\t<\/div>\n\t\n\t\t<\/div>\n\t<\/div>\n\t\n\t\n\t\t<\/div>\n\t\t\t\t\n<style>\n#col-601645080 > .col-inner {\n  margin: 0px 0px 0px -35px;\n}\n<\/style>\n\t<\/div>\n\n\t\n<\/div>\n\t\t<\/div>\n\t\t\t\t\t<\/div>\n\n\t\n\n\t<div id=\"col-499669513\" class=\"col medium-1 small-12 large-1\"  >\n\t\t\t\t<div class=\"col-inner\"  >\n\t\t\t\n\t\t\t\n\t\t<\/div>\n\t\t\t\t\n<style>\n#col-499669513 > .col-inner {\n  margin: 0px 0px 0px 2px0;\n}\n<\/style>\n\t<\/div>\n\n\t\n<\/div>\n<div class=\"row\"  id=\"row-1968816884\">\n\n\t<div id=\"col-1236798977\" class=\"col medium-2 small-12 large-2\"  >\n\t\t\t\t<div class=\"col-inner\"  >\n\t\t\t\n\t\t\t\n\t\t<\/div>\n\t\t\t\t\t<\/div>\n\n\t\n\n\t<div id=\"col-985683140\" class=\"col medium-4 small-12 large-4\"  >\n\t\t\t\t<div class=\"col-inner\"  >\n\t\t\t\n\t\t\t\n<a class=\"button secondary expand\"  style=\"border-radius:19px;padding:0px 7px 0px 48px;\">\n    <span>Soutien aux bricoleurs<\/span>\n  <\/a>\n\n\t\t<\/div>\n\t\t\t\t\n<style>\n#col-985683140 > .col-inner {\n  margin: 50px 6px 21px 6px;\n}\n<\/style>\n\t<\/div>\n\n\t\n\n\t<div id=\"col-1958564216\" class=\"col medium-4 small-12 large-4\"  >\n\t\t\t\t<div class=\"col-inner\"  >\n\t\t\t\n\t\t\t\n<a class=\"button secondary expand\"  style=\"border-radius:19px;padding:0px 0px 0px 48px;\">\n    <span>Soutien \u00e0 l'installateur<\/span>\n  <\/a>\n\n\t\t<\/div>\n\t\t\t\t\n<style>\n#col-1958564216 > .col-inner {\n  margin: 50px 0px 0px 0px;\n}\n<\/style>\n\t<\/div>\n\n\t\n\n\t<div id=\"col-1209207793\" class=\"col medium-2 small-12 large-2\"  >\n\t\t\t\t<div class=\"col-inner\"  >\n\t\t\t\n\t\t\t\n\t\t<\/div>\n\t\t\t\t\t<\/div>\n\n\t\n<\/div>\n<div class=\"row\"  id=\"row-867978871\">\n<\/div>","protected":false},"excerpt":{"rendered":"","protected":false},"author":3,"featured_media":0,"parent":0,"menu_order":0,"comment_status":"closed","ping_status":"closed","template":"","meta":{"rop_custom_images_group":[],"rop_custom_messages_group":[],"rop_publish_now":"initial","rop_publish_now_accounts":[],"rop_publish_now_history":[],"rop_publish_now_status":"pending","footnotes":""},"class_list":["post-7201","page","type-page","status-publish","hentry"],"yoast_head":"<!-- This site is optimized with the Yoast SEO plugin v27.3 - https:\/\/yoast.com\/product\/yoast-seo-wordpress\/ -->\n<title>SA products -<\/title>\n<meta name=\"robots\" content=\"index, follow, max-snippet:-1, max-image-preview:large, max-video-preview:-1\" \/>\n<link rel=\"canonical\" href=\"https:\/\/luxpowertek.com\/fr\/saproduits\/\" \/>\n<meta property=\"og:locale\" content=\"fr_FR\" \/>\n<meta property=\"og:type\" content=\"article\" \/>\n<meta property=\"og:title\" content=\"SA products -\" \/>\n<meta property=\"og:url\" content=\"https:\/\/luxpowertek.com\/fr\/saproduits\/\" \/>\n<meta property=\"article:modified_time\" content=\"2023-07-15T10:19:13+00:00\" \/>\n<meta name=\"twitter:card\" content=\"summary_large_image\" \/>\n<meta name=\"twitter:label1\" content=\"Dur\u00e9e de lecture estim\u00e9e\" \/>\n\t<meta name=\"twitter:data1\" content=\"3 minutes\" \/>\n<script type=\"application\/ld+json\" class=\"yoast-schema-graph\">{\"@context\":\"https:\\\/\\\/schema.org\",\"@graph\":[{\"@type\":\"WebPage\",\"@id\":\"https:\\\/\\\/luxpowertek.com\\\/saproducts\\\/\",\"url\":\"https:\\\/\\\/luxpowertek.com\\\/saproducts\\\/\",\"name\":\"SA products -\",\"isPartOf\":{\"@id\":\"https:\\\/\\\/luxpowertek.com\\\/#website\"},\"datePublished\":\"2023-07-14T09:08:17+00:00\",\"dateModified\":\"2023-07-15T10:19:13+00:00\",\"breadcrumb\":{\"@id\":\"https:\\\/\\\/luxpowertek.com\\\/saproducts\\\/#breadcrumb\"},\"inLanguage\":\"fr-FR\",\"potentialAction\":[{\"@type\":\"ReadAction\",\"target\":[\"https:\\\/\\\/luxpowertek.com\\\/saproducts\\\/\"]}]},{\"@type\":\"BreadcrumbList\",\"@id\":\"https:\\\/\\\/luxpowertek.com\\\/saproducts\\\/#breadcrumb\",\"itemListElement\":[{\"@type\":\"ListItem\",\"position\":1,\"name\":\"Home\",\"item\":\"https:\\\/\\\/luxpowertek.com\\\/\"},{\"@type\":\"ListItem\",\"position\":2,\"name\":\"SA products\"}]},{\"@type\":\"WebSite\",\"@id\":\"https:\\\/\\\/luxpowertek.com\\\/#website\",\"url\":\"https:\\\/\\\/luxpowertek.com\\\/\",\"name\":\"\",\"description\":\"\",\"potentialAction\":[{\"@type\":\"SearchAction\",\"target\":{\"@type\":\"EntryPoint\",\"urlTemplate\":\"https:\\\/\\\/luxpowertek.com\\\/?s={search_term_string}\"},\"query-input\":{\"@type\":\"PropertyValueSpecification\",\"valueRequired\":true,\"valueName\":\"search_term_string\"}}],\"inLanguage\":\"fr-FR\"}]}<\/script>\n<!-- \/ Yoast SEO plugin. -->","yoast_head_json":{"title":"Produits SA -","robots":{"index":"index","follow":"follow","max-snippet":"max-snippet:-1","max-image-preview":"max-image-preview:large","max-video-preview":"max-video-preview:-1"},"canonical":"https:\/\/luxpowertek.com\/fr\/saproduits\/","og_locale":"fr_FR","og_type":"article","og_title":"SA products -","og_url":"https:\/\/luxpowertek.com\/fr\/saproduits\/","article_modified_time":"2023-07-15T10:19:13+00:00","twitter_card":"summary_large_image","twitter_misc":{"Dur\u00e9e de lecture estim\u00e9e":"3 minutes"},"schema":{"@context":"https:\/\/schema.org","@graph":[{"@type":"WebPage","@id":"https:\/\/luxpowertek.com\/saproducts\/","url":"https:\/\/luxpowertek.com\/saproducts\/","name":"Produits SA -","isPartOf":{"@id":"https:\/\/luxpowertek.com\/#website"},"datePublished":"2023-07-14T09:08:17+00:00","dateModified":"2023-07-15T10:19:13+00:00","breadcrumb":{"@id":"https:\/\/luxpowertek.com\/saproducts\/#breadcrumb"},"inLanguage":"fr-FR","potentialAction":[{"@type":"ReadAction","target":["https:\/\/luxpowertek.com\/saproducts\/"]}]},{"@type":"BreadcrumbList","@id":"https:\/\/luxpowertek.com\/saproducts\/#breadcrumb","itemListElement":[{"@type":"ListItem","position":1,"name":"Home","item":"https:\/\/luxpowertek.com\/"},{"@type":"ListItem","position":2,"name":"SA products"}]},{"@type":"WebSite","@id":"https:\/\/luxpowertek.com\/#website","url":"https:\/\/luxpowertek.com\/","name":"","description":"","potentialAction":[{"@type":"SearchAction","target":{"@type":"EntryPoint","urlTemplate":"https:\/\/luxpowertek.com\/?s={search_term_string}"},"query-input":{"@type":"PropertyValueSpecification","valueRequired":true,"valueName":"search_term_string"}}],"inLanguage":"fr-FR"}]}},"_links":{"self":[{"href":"https:\/\/luxpowertek.com\/fr\/wp-json\/wp\/v2\/pages\/7201","targetHints":{"allow":["GET"]}}],"collection":[{"href":"https:\/\/luxpowertek.com\/fr\/wp-json\/wp\/v2\/pages"}],"about":[{"href":"https:\/\/luxpowertek.com\/fr\/wp-json\/wp\/v2\/types\/page"}],"author":[{"embeddable":true,"href":"https:\/\/luxpowertek.com\/fr\/wp-json\/wp\/v2\/users\/3"}],"replies":[{"embeddable":true,"href":"https:\/\/luxpowertek.com\/fr\/wp-json\/wp\/v2\/comments?post=7201"}],"version-history":[{"count":0,"href":"https:\/\/luxpowertek.com\/fr\/wp-json\/wp\/v2\/pages\/7201\/revisions"}],"wp:attachment":[{"href":"https:\/\/luxpowertek.com\/fr\/wp-json\/wp\/v2\/media?parent=7201"}],"curies":[{"name":"wp","href":"https:\/\/api.w.org\/{rel}","templated":true}]}}