{"id":2408,"date":"2021-12-24T13:24:22","date_gmt":"2021-12-24T05:24:22","guid":{"rendered":"https:\/\/nibianqi.bbswaimao.com\/?page_id=2408"},"modified":"2023-05-05T12:02:43","modified_gmt":"2023-05-05T04:02:43","slug":"lsp-couple-en-c-c-100k","status":"publish","type":"page","link":"https:\/\/luxpowertek.com\/fr\/lsp-couple-en-c-c-100k\/","title":{"rendered":"LSP coupl\u00e9 en courant continu 100k"},"content":{"rendered":"<div class=\"banner has-hover\" id=\"banner-440186152\">\n          <div class=\"banner-inner fill\">\n        <div class=\"banner-bg fill\" >\n            <div class=\"bg fill bg-fill\"><\/div>\n                        <div class=\"overlay\"><\/div>            \n                    <\/div>\n\t\t\n        <div class=\"banner-layers container\">\n            <div class=\"fill banner-link\"><\/div>            \n   <div id=\"text-box-2037413513\" class=\"text-box banner-layer x50 md-x50 lg-x50 y50 md-y50 lg-y50 res-text\">\n                                <div class=\"text-box-content text dark\">\n              \n              <div class=\"text-inner text-center\">\n                  \n<h1><span style=\"font-size: 75%\">LSP coupl\u00e9 en courant continu 100k<\/span><\/h1>\n<h3>\u00a0 \u00a0 \u00a0 \u00a0 \u00a0 \u00a0 \u00a0 \u00a0 \u00a0 \u00a0 \u00a0 \u00a0 \u00a0- Convertisseur DC\/DC<\/h3>\n              <\/div>\n           <\/div>\n                            \n<style>\n#text-box-2037413513 {\n  width: 60%;\n}\n#text-box-2037413513 .text-box-content {\n  font-size: 100%;\n}\n<\/style>\n    <\/div>\n \n        <\/div>\n      <\/div>\n\n            \n<style>\n#banner-440186152 {\n  padding-top: 78%;\n}\n#banner-440186152 .bg.bg-loaded {\n  background-image: url(https:\/\/luxpowertek.com\/wp-content\/uploads\/2021\/12\/LSP.jpg);\n}\n#banner-440186152 .overlay {\n  background-color: rgba(0, 0, 0, 0.2);\n}\n#banner-440186152 .bg {\n  background-position: 0% 85%;\n}\n@media (min-width:550px) {\n  #banner-440186152 {\n    padding-top: 38%;\n  }\n}\n<\/style>\n  <\/div>\n\n\n\t<section class=\"section custom_title_buttom\" id=\"section_485677117\">\n\t\t<div class=\"bg section-bg fill bg-fill  bg-loaded\" >\n\n\t\t\t\n\t\t\t\n\t\t\t\n\n\t\t<\/div>\n\n\t\t\n\n\t\t<div class=\"section-content relative\">\n\t\t\t\n<div class=\"row\"  id=\"row-1252367136\">\n\n\t<div id=\"col-1168948961\" class=\"col small-12 large-12\"  >\n\t\t\t\t<div class=\"col-inner text-center\"  >\n\t\t\t\n\t\t\t\n<h2>Performance du convertisseur DC\/DC<\/h2>\n\t\t<\/div>\n\t\t\t\t\t<\/div>\n\n\t\n<\/div>\n\t\t<\/div>\n\n\t\t\n<style>\n#section_485677117 {\n  padding-top: 9px;\n  padding-bottom: 9px;\n}\n@media (min-width:550px) {\n  #section_485677117 {\n    padding-top: 30px;\n    padding-bottom: 30px;\n  }\n}\n<\/style>\n\t<\/section>\n\t\n\t<section class=\"section custom_productspage_section\" id=\"section_137132556\">\n\t\t<div class=\"bg section-bg fill bg-fill  bg-loaded\" >\n\n\t\t\t\n\t\t\t\n\t\t\t\n\n\t\t<\/div>\n\n\t\t\n\n\t\t<div class=\"section-content relative\">\n\t\t\t\n<div class=\"row align-middle\"  id=\"row-1211823797\">\n\n\t<div id=\"col-923830406\" class=\"col medium-6 small-12 large-6\"  >\n\t\t\t\t<div class=\"col-inner text-center\"  >\n\t\t\t\n\t\t\t\n\t<div class=\"img has-hover x md-x lg-x y md-y lg-y\" id=\"image_101142528\">\n\t\t\t\t\t\t\t\t<div class=\"img-inner dark\" >\n\t\t\t<img loading=\"lazy\" decoding=\"async\" width=\"2560\" height=\"2286\" src=\"https:\/\/luxpowertek.com\/wp-content\/uploads\/2023\/05\/LSP-100-1-scaled.webp\" class=\"attachment-original size-original\" alt=\"\" srcset=\"https:\/\/luxpowertek.com\/wp-content\/uploads\/2023\/05\/LSP-100-1-scaled.webp 2560w, https:\/\/luxpowertek.com\/wp-content\/uploads\/2023\/05\/LSP-100-1-300x268.webp 300w, https:\/\/luxpowertek.com\/wp-content\/uploads\/2023\/05\/LSP-100-1-1030x920.webp 1030w, https:\/\/luxpowertek.com\/wp-content\/uploads\/2023\/05\/LSP-100-1-768x686.webp 768w, https:\/\/luxpowertek.com\/wp-content\/uploads\/2023\/05\/LSP-100-1-1536x1371.webp 1536w, https:\/\/luxpowertek.com\/wp-content\/uploads\/2023\/05\/LSP-100-1-2048x1828.webp 2048w, https:\/\/luxpowertek.com\/wp-content\/uploads\/2023\/05\/LSP-100-1-800x714.webp 800w\" sizes=\"auto, (max-width: 2560px) 100vw, 2560px\" \/>\t\t\t\t\t\t\n\t\t\t\t\t<\/div>\n\t\t\t\t\t\t\t\t\n<style>\n#image_101142528 {\n  width: 60%;\n}\n<\/style>\n\t<\/div>\n\t\n\t\t<\/div>\n\t\t\t\t\t<\/div>\n\n\t\n\n\t<div id=\"col-1580433022\" class=\"col medium-6 small-12 large-6\"  >\n\t\t\t\t<div class=\"col-inner\"  >\n\t\t\t\n\t\t\t\n<ul>\n<li><span style=\"font-size: 120%\">Conception IP65, installation rapide<\/span><\/li>\n<li><span style=\"font-size: 120%\">\u00c9cran tactile, moniteur libre<\/span><\/li>\n<li><span style=\"font-size: 120%\">Gestion avanc\u00e9e de l'alimentation du convertisseur DC<\/span><\/li>\n<\/ul>\n\t\t<\/div>\n\t\t\t\t\t<\/div>\n\n\t\n<\/div>\n\t\t<\/div>\n\n\t\t\n<style>\n#section_137132556 {\n  padding-top: 0px;\n  padding-bottom: 0px;\n}\n@media (min-width:550px) {\n  #section_137132556 {\n    padding-top: 55px;\n    padding-bottom: 55px;\n  }\n}\n<\/style>\n\t<\/section>\n\t\n\t<section class=\"section custom_productspage_section\" id=\"section_1619908849\">\n\t\t<div class=\"bg section-bg fill bg-fill  bg-loaded\" >\n\n\t\t\t\n\t\t\t\n\t\t\t\n\t<div class=\"is-border\"\n\t\tstyle=\"border-width:1 0px 0px 0px;\">\n\t<\/div>\n\n\t\t<\/div>\n\n\t\t\n\n\t\t<div class=\"section-content relative\">\n\t\t\t\n<div class=\"row align-middle\"  id=\"row-574352861\">\n\n\t<div id=\"col-1775009741\" class=\"col hide-for-small medium-2 small-12 large-2\"  >\n\t\t\t\t<div class=\"col-inner\"  >\n\t\t\t\n\t\t\t\n\t\t<\/div>\n\t\t\t\t\t<\/div>\n\n\t\n\n\t<div id=\"col-530317758\" class=\"col medium-4 small-12 large-4\"  >\n\t\t\t\t<div class=\"col-inner\"  >\n\t\t\t\n\t\t\t\n<ul>\n<li><span style=\"font-size: 120%\">Des applications pratiques disponibles sur mobile<\/span><\/li>\n<li><span style=\"font-size: 120%\">Param\u00e8tres d'acc\u00e8s flexibles pour les utilisateurs \u00e0 plusieurs niveaux<\/span><\/li>\n<li><span style=\"font-size: 120%\">Couplage DC, entr\u00e9e solaire 24 cordes et sortie 12 cordes<\/span><\/li>\n<\/ul>\n\t\t<\/div>\n\t\t\t\t\t<\/div>\n\n\t\n\n\t<div id=\"col-567082138\" class=\"col medium-6 small-12 large-6\"  >\n\t\t\t\t<div class=\"col-inner text-center\"  >\n\t\t\t\n\t\t\t\n\t<div class=\"img has-hover x md-x lg-x y md-y lg-y\" id=\"image_755058483\">\n\t\t\t\t\t\t\t\t<div class=\"img-inner dark\" >\n\t\t\t<img loading=\"lazy\" decoding=\"async\" width=\"2456\" height=\"2560\" src=\"https:\/\/luxpowertek.com\/wp-content\/uploads\/2023\/05\/LSP-100-2-scaled.webp\" class=\"attachment-original size-original\" alt=\"\" srcset=\"https:\/\/luxpowertek.com\/wp-content\/uploads\/2023\/05\/LSP-100-2-scaled.webp 2456w, https:\/\/luxpowertek.com\/wp-content\/uploads\/2023\/05\/LSP-100-2-288x300.webp 288w, https:\/\/luxpowertek.com\/wp-content\/uploads\/2023\/05\/LSP-100-2-988x1030.webp 988w, https:\/\/luxpowertek.com\/wp-content\/uploads\/2023\/05\/LSP-100-2-768x801.webp 768w, https:\/\/luxpowertek.com\/wp-content\/uploads\/2023\/05\/LSP-100-2-1474x1536.webp 1474w, https:\/\/luxpowertek.com\/wp-content\/uploads\/2023\/05\/LSP-100-2-1965x2048.webp 1965w, https:\/\/luxpowertek.com\/wp-content\/uploads\/2023\/05\/LSP-100-2-800x834.webp 800w\" sizes=\"auto, (max-width: 2456px) 100vw, 2456px\" \/>\t\t\t\t\t\t\n\t\t\t\t\t<\/div>\n\t\t\t\t\t\t\t\t\n<style>\n#image_755058483 {\n  width: 60%;\n}\n<\/style>\n\t<\/div>\n\t\n\t\t<\/div>\n\t\t\t\t\t<\/div>\n\n\t\n<\/div>\n\t\t<\/div>\n\n\t\t\n<style>\n#section_1619908849 {\n  padding-top: 0px;\n  padding-bottom: 0px;\n}\n@media (min-width:550px) {\n  #section_1619908849 {\n    padding-top: 55px;\n    padding-bottom: 55px;\n  }\n}\n<\/style>\n\t<\/section>\n\t\n\t<section class=\"section custom_productspage_section\" id=\"section_1437044047\">\n\t\t<div class=\"bg section-bg fill bg-fill  bg-loaded\" >\n\n\t\t\t\n\t\t\t\n\t\t\t\n\n\t\t<\/div>\n\n\t\t\n\n\t\t<div class=\"section-content relative\">\n\t\t\t\n<div class=\"row align-middle\"  id=\"row-1908033256\">\n\n\t<div id=\"col-2065652425\" class=\"col medium-6 small-12 large-6\"  >\n\t\t\t\t<div class=\"col-inner text-center\"  >\n\t\t\t\n\t\t\t\n\t<div class=\"img has-hover x md-x lg-x y md-y lg-y\" id=\"image_537347212\">\n\t\t\t\t\t\t\t\t<div class=\"img-inner dark\" >\n\t\t\t<img loading=\"lazy\" decoding=\"async\" width=\"2351\" height=\"2560\" src=\"https:\/\/luxpowertek.com\/wp-content\/uploads\/2023\/05\/LSP-100-3-scaled.webp\" class=\"attachment-original size-original\" alt=\"\" srcset=\"https:\/\/luxpowertek.com\/wp-content\/uploads\/2023\/05\/LSP-100-3-scaled.webp 2351w, https:\/\/luxpowertek.com\/wp-content\/uploads\/2023\/05\/LSP-100-3-276x300.webp 276w, https:\/\/luxpowertek.com\/wp-content\/uploads\/2023\/05\/LSP-100-3-946x1030.webp 946w, https:\/\/luxpowertek.com\/wp-content\/uploads\/2023\/05\/LSP-100-3-768x836.webp 768w, https:\/\/luxpowertek.com\/wp-content\/uploads\/2023\/05\/LSP-100-3-1411x1536.webp 1411w, https:\/\/luxpowertek.com\/wp-content\/uploads\/2023\/05\/LSP-100-3-1881x2048.webp 1881w, https:\/\/luxpowertek.com\/wp-content\/uploads\/2023\/05\/LSP-100-3-800x871.webp 800w\" sizes=\"auto, (max-width: 2351px) 100vw, 2351px\" \/>\t\t\t\t\t\t\n\t\t\t\t\t<\/div>\n\t\t\t\t\t\t\t\t\n<style>\n#image_537347212 {\n  width: 60%;\n}\n<\/style>\n\t<\/div>\n\t\n\t\t<\/div>\n\t\t\t\t\t<\/div>\n\n\t\n\n\t<div id=\"col-1421363886\" class=\"col medium-6 small-12 large-6\"  >\n\t\t\t\t<div class=\"col-inner\"  >\n\t\t\t\n\t\t\t\n<ul>\n<li><span style=\"font-size: 120%\">Transformation d'un syst\u00e8me de r\u00e9seau en un syst\u00e8me hybride de stockage d'\u00e9nergie<\/span><\/li>\n<li><span style=\"font-size: 120%\">Collecte intelligente de donn\u00e9es pour l'assistance \u00e0 distance<\/span><\/li>\n<\/ul>\n\t\t<\/div>\n\t\t\t\t\t<\/div>\n\n\t\n<\/div>\n\t\t<\/div>\n\n\t\t\n<style>\n#section_1437044047 {\n  padding-top: 0px;\n  padding-bottom: 0px;\n}\n@media (min-width:550px) {\n  #section_1437044047 {\n    padding-top: 55px;\n    padding-bottom: 55px;\n  }\n}\n<\/style>\n\t<\/section>\n\t\n\t<section class=\"section custom_title_buttom has-parallax\" id=\"section_530533955\">\n\t\t<div class=\"bg section-bg fill bg-fill\" data-parallax-container=\".section\" data-parallax-background data-parallax=\"-10\">\n\n\t\t\t\n\t\t\t<div class=\"section-bg-overlay absolute fill\"><\/div>\n\t\t\t\n\n\t\t<\/div>\n\n\t\t\n\n\t\t<div class=\"section-content relative\">\n\t\t\t\n<div class=\"row\"  id=\"row-1237781928\">\n\n\t<div id=\"col-1482064064\" class=\"col small-12 large-12\"  >\n\t\t\t\t<div class=\"col-inner text-center\"  >\n\t\t\t\n\t\t\t\n<h2>Efficacit\u00e9 du convertisseur DC\/DC<\/h2>\n\t\t<\/div>\n\t\t\t\t\t<\/div>\n\n\t\n<\/div>\n<div class=\"row\"  id=\"row-273629992\">\n\n\t<div id=\"col-1391628569\" class=\"col hide-for-small medium-2 small-12 large-2\"  >\n\t\t\t\t<div class=\"col-inner\"  >\n\t\t\t\n\t\t\t\n\t\t<\/div>\n\t\t\t\t\t<\/div>\n\n\t\n\n\t<div id=\"col-1825612791\" class=\"col medium-8 small-12 large-8\"  >\n\t\t\t\t<div class=\"col-inner\"  >\n\t\t\t\n\t\t\t\n<div class=\"row\"  id=\"row-626275083\">\n\n\t<div id=\"col-425320400\" class=\"col medium-6 small-12 large-6\"  data-animate=\"flipInX\">\n\t\t\t\t<div class=\"col-inner\"  >\n\t\t\t\n\t\t\t\n\t<div id=\"text-2979971283\" class=\"text\">\n\t\t\n<p><span style=\"font-size: 450%\">97.5%<\/span><\/p>\n<h3>Efficacit\u00e9 en Europe<\/h3>\n\t\t\n<style>\n#text-2979971283 {\n  text-align: center;\n}\n<\/style>\n\t<\/div>\n\t\n\t\t<\/div>\n\t\t\t\t\t<\/div>\n\n\t\n\n\t<div id=\"col-47023746\" class=\"col medium-6 small-12 large-6\"  data-animate=\"flipInX\">\n\t\t\t\t<div class=\"col-inner\"  >\n\t\t\t\n\t\t\t\n\t<div id=\"text-3060572925\" class=\"text\">\n\t\t\n<p><span style=\"font-size: 450%\">97.9%<\/span><\/p>\n<h3>Efficacit\u00e9 maximale<\/h3>\n\t\t\n<style>\n#text-3060572925 {\n  text-align: center;\n}\n<\/style>\n\t<\/div>\n\t\n\t\t<\/div>\n\t\t\t\t\t<\/div>\n\n\t\n<\/div>\n\t\t<\/div>\n\t\t\t\t\t<\/div>\n\n\t\n\n\t<div id=\"col-2068287367\" class=\"col hide-for-small medium-2 small-12 large-2\"  >\n\t\t\t\t<div class=\"col-inner\"  >\n\t\t\t\n\t\t\t\n\t\t<\/div>\n\t\t\t\t\t<\/div>\n\n\t\n<\/div>\n\t\t<\/div>\n\n\t\t\n<style>\n#section_530533955 {\n  padding-top: 9px;\n  padding-bottom: 9px;\n}\n#section_530533955 .section-bg-overlay {\n  background-color: rgba(255, 255, 255, 0.9);\n}\n#section_530533955 .section-bg.bg-loaded {\n  background-image: url(https:\/\/luxpowertek.com\/wp-content\/uploads\/2021\/12\/LXP-8-12kW.jpg);\n}\n@media (min-width:550px) {\n  #section_530533955 {\n    padding-top: 30px;\n    padding-bottom: 30px;\n  }\n}\n<\/style>\n\t<\/section>\n\t\n\t<section class=\"section custom_title_buttom\" id=\"section_2012729110\">\n\t\t<div class=\"bg section-bg fill bg-fill  bg-loaded\" >\n\n\t\t\t\n\t\t\t\n\t\t\t\n\n\t\t<\/div>\n\n\t\t\n\n\t\t<div class=\"section-content relative\">\n\t\t\t\n<div class=\"row\"  id=\"row-1062556583\">\n\n\t<div id=\"col-1896229829\" class=\"col small-12 large-12\"  >\n\t\t\t\t<div class=\"col-inner text-center\"  >\n\t\t\t\n\t\t\t\n<h2>Application du convertisseur DC\/DC<\/h2>\n\t\t<\/div>\n\t\t\t\t\t<\/div>\n\n\t\n<\/div>\n<div class=\"row\"  id=\"row-1602248213\">\n\n\t<div id=\"col-351913465\" class=\"col small-12 large-12\"  >\n\t\t\t\t<div class=\"col-inner text-center\"  >\n\t\t\t\n\t\t\t\n<h3>Connexion du syst\u00e8me de convertisseur de courant continu<\/h3>\n<div class=\"is-divider divider clearfix\" style=\"max-width:60px;background-color:rgb(96, 169, 132);\"><\/div>\n\t<div class=\"img has-hover x md-x lg-x y md-y lg-y\" id=\"image_810042938\">\n\t\t\t\t\t\t\t\t<div class=\"img-inner dark\" >\n\t\t\t<img loading=\"lazy\" decoding=\"async\" width=\"2560\" height=\"1284\" src=\"https:\/\/luxpowertek.com\/wp-content\/uploads\/2022\/04\/Luxpower-LSP100k-scaled.jpg\" class=\"attachment-original size-original\" alt=\"Onduleur solaire DC\/DC Luxpower LSP100k\" srcset=\"https:\/\/luxpowertek.com\/wp-content\/uploads\/2022\/04\/Luxpower-LSP100k-scaled.jpg 2560w, https:\/\/luxpowertek.com\/wp-content\/uploads\/2022\/04\/Luxpower-LSP100k-300x150.jpg 300w, https:\/\/luxpowertek.com\/wp-content\/uploads\/2022\/04\/Luxpower-LSP100k-1030x516.jpg 1030w, https:\/\/luxpowertek.com\/wp-content\/uploads\/2022\/04\/Luxpower-LSP100k-768x385.jpg 768w, https:\/\/luxpowertek.com\/wp-content\/uploads\/2022\/04\/Luxpower-LSP100k-1536x770.jpg 1536w, https:\/\/luxpowertek.com\/wp-content\/uploads\/2022\/04\/Luxpower-LSP100k-2048x1027.jpg 2048w, https:\/\/luxpowertek.com\/wp-content\/uploads\/2022\/04\/Luxpower-LSP100k-800x401.jpg 800w\" sizes=\"auto, (max-width: 2560px) 100vw, 2560px\" \/>\t\t\t\t\t\t\n\t\t\t\t\t<\/div>\n\t\t\t\t\t\t\t\t\n<style>\n#image_810042938 {\n  width: 100%;\n}\n<\/style>\n\t<\/div>\n\t\n\t\t<\/div>\n\t\t\t\t\t<\/div>\n\n\t\n<\/div>\n\t\t<\/div>\n\n\t\t\n<style>\n#section_2012729110 {\n  padding-top: 9px;\n  padding-bottom: 9px;\n}\n@media (min-width:550px) {\n  #section_2012729110 {\n    padding-top: 30px;\n    padding-bottom: 30px;\n  }\n}\n<\/style>\n\t<\/section>","protected":false},"excerpt":{"rendered":"","protected":false},"author":1,"featured_media":1668,"parent":0,"menu_order":0,"comment_status":"closed","ping_status":"closed","template":"page-transparent-header-light.php","meta":{"rop_custom_images_group":[],"rop_custom_messages_group":[],"rop_publish_now":"initial","rop_publish_now_accounts":[],"rop_publish_now_history":[],"rop_publish_now_status":"pending","footnotes":""},"class_list":["post-2408","page","type-page","status-publish","has-post-thumbnail","hentry"],"yoast_head":"<!-- This site is optimized with the Yoast SEO plugin v27.3 - https:\/\/yoast.com\/product\/yoast-seo-wordpress\/ -->\n<title>DC Coupled LSP 100k - Solution for DC\/DC Converter System<\/title>\n<meta name=\"description\" content=\"Clean energy storage has overcome some of the challenges of lithium-ion to showcase innovations and discoveries in DC\/DC converters.\" \/>\n<meta name=\"robots\" content=\"index, follow, max-snippet:-1, max-image-preview:large, max-video-preview:-1\" \/>\n<link rel=\"canonical\" href=\"https:\/\/luxpowertek.com\/fr\/lsp-couple-en-c-c-100k\/\" \/>\n<meta property=\"og:locale\" content=\"fr_FR\" \/>\n<meta property=\"og:type\" content=\"article\" \/>\n<meta property=\"og:title\" content=\"DC Coupled LSP 100k - Solution for DC\/DC Converter System\" \/>\n<meta property=\"og:description\" content=\"Clean energy storage has overcome some of the challenges of lithium-ion to showcase innovations and discoveries in DC\/DC converters.\" \/>\n<meta property=\"og:url\" content=\"https:\/\/luxpowertek.com\/fr\/lsp-couple-en-c-c-100k\/\" \/>\n<meta property=\"article:publisher\" content=\"https:\/\/www.facebook.com\/LUXPOWERTEK\" \/>\n<meta property=\"article:modified_time\" content=\"2023-05-05T04:02:43+00:00\" \/>\n<meta property=\"og:image\" content=\"https:\/\/luxpowertek.com\/wp-content\/uploads\/2021\/12\/Luxpower-inverter-LSP-3-min.jpg\" \/>\n\t<meta property=\"og:image:width\" content=\"800\" \/>\n\t<meta property=\"og:image:height\" content=\"800\" \/>\n\t<meta property=\"og:image:type\" content=\"image\/jpeg\" \/>\n<meta name=\"twitter:card\" content=\"summary_large_image\" \/>\n<meta name=\"twitter:label1\" content=\"Dur\u00e9e de lecture estim\u00e9e\" \/>\n\t<meta name=\"twitter:data1\" content=\"2 minutes\" \/>\n<script type=\"application\/ld+json\" class=\"yoast-schema-graph\">{\"@context\":\"https:\\\/\\\/schema.org\",\"@graph\":[{\"@type\":\"WebPage\",\"@id\":\"https:\\\/\\\/luxpowertek.com\\\/dc-coupled-lsp-100k\\\/\",\"url\":\"https:\\\/\\\/luxpowertek.com\\\/dc-coupled-lsp-100k\\\/\",\"name\":\"DC Coupled LSP 100k - Solution for DC\\\/DC Converter System\",\"isPartOf\":{\"@id\":\"https:\\\/\\\/luxpowertek.com\\\/#website\"},\"primaryImageOfPage\":{\"@id\":\"https:\\\/\\\/luxpowertek.com\\\/dc-coupled-lsp-100k\\\/#primaryimage\"},\"image\":{\"@id\":\"https:\\\/\\\/luxpowertek.com\\\/dc-coupled-lsp-100k\\\/#primaryimage\"},\"thumbnailUrl\":\"https:\\\/\\\/luxpowertek.com\\\/wp-content\\\/uploads\\\/2021\\\/12\\\/Luxpower-inverter-LSP-3-min.jpg\",\"datePublished\":\"2021-12-24T05:24:22+00:00\",\"dateModified\":\"2023-05-05T04:02:43+00:00\",\"description\":\"Clean energy storage has overcome some of the challenges of lithium-ion to showcase innovations and discoveries in DC\\\/DC converters.\",\"breadcrumb\":{\"@id\":\"https:\\\/\\\/luxpowertek.com\\\/dc-coupled-lsp-100k\\\/#breadcrumb\"},\"inLanguage\":\"fr-FR\",\"potentialAction\":[{\"@type\":\"ReadAction\",\"target\":[\"https:\\\/\\\/luxpowertek.com\\\/dc-coupled-lsp-100k\\\/\"]}]},{\"@type\":\"ImageObject\",\"inLanguage\":\"fr-FR\",\"@id\":\"https:\\\/\\\/luxpowertek.com\\\/dc-coupled-lsp-100k\\\/#primaryimage\",\"url\":\"https:\\\/\\\/luxpowertek.com\\\/wp-content\\\/uploads\\\/2021\\\/12\\\/Luxpower-inverter-LSP-3-min.jpg\",\"contentUrl\":\"https:\\\/\\\/luxpowertek.com\\\/wp-content\\\/uploads\\\/2021\\\/12\\\/Luxpower-inverter-LSP-3-min.jpg\",\"width\":800,\"height\":800,\"caption\":\"DC Coupled LSP 100k\"},{\"@type\":\"BreadcrumbList\",\"@id\":\"https:\\\/\\\/luxpowertek.com\\\/dc-coupled-lsp-100k\\\/#breadcrumb\",\"itemListElement\":[{\"@type\":\"ListItem\",\"position\":1,\"name\":\"Home\",\"item\":\"https:\\\/\\\/luxpowertek.com\\\/\"},{\"@type\":\"ListItem\",\"position\":2,\"name\":\"DC Coupled LSP 100k\"}]},{\"@type\":\"WebSite\",\"@id\":\"https:\\\/\\\/luxpowertek.com\\\/#website\",\"url\":\"https:\\\/\\\/luxpowertek.com\\\/\",\"name\":\"\",\"description\":\"\",\"publisher\":{\"@id\":\"https:\\\/\\\/luxpowertek.com\\\/#organization\"},\"potentialAction\":[{\"@type\":\"SearchAction\",\"target\":{\"@type\":\"EntryPoint\",\"urlTemplate\":\"https:\\\/\\\/luxpowertek.com\\\/?s={search_term_string}\"},\"query-input\":{\"@type\":\"PropertyValueSpecification\",\"valueRequired\":true,\"valueName\":\"search_term_string\"}}],\"inLanguage\":\"fr-FR\"},{\"@type\":\"Organization\",\"@id\":\"https:\\\/\\\/luxpowertek.com\\\/#organization\",\"name\":\"LuxpowerTek\",\"url\":\"https:\\\/\\\/luxpowertek.com\\\/\",\"logo\":{\"@type\":\"ImageObject\",\"inLanguage\":\"fr-FR\",\"@id\":\"https:\\\/\\\/luxpowertek.com\\\/#\\\/schema\\\/logo\\\/image\\\/\",\"url\":\"https:\\\/\\\/luxpowertek.com\\\/wp-content\\\/uploads\\\/2024\\\/08\\\/Luxpower_logo_new.webp\",\"contentUrl\":\"https:\\\/\\\/luxpowertek.com\\\/wp-content\\\/uploads\\\/2024\\\/08\\\/Luxpower_logo_new.webp\",\"width\":1030,\"height\":186,\"caption\":\"LuxpowerTek\"},\"image\":{\"@id\":\"https:\\\/\\\/luxpowertek.com\\\/#\\\/schema\\\/logo\\\/image\\\/\"},\"sameAs\":[\"https:\\\/\\\/www.facebook.com\\\/LUXPOWERTEK\"]}]}<\/script>\n<!-- \/ Yoast SEO plugin. -->","yoast_head_json":{"title":"LSP 100k coupl\u00e9 DC - Solution pour syst\u00e8me de convertisseur DC\/DC","description":"Le stockage d'\u00e9nergie propre a surmont\u00e9 certains des d\u00e9fis pos\u00e9s par le lithium-ion pour pr\u00e9senter les innovations et les d\u00e9couvertes en mati\u00e8re de convertisseurs DC\/DC.","robots":{"index":"index","follow":"follow","max-snippet":"max-snippet:-1","max-image-preview":"max-image-preview:large","max-video-preview":"max-video-preview:-1"},"canonical":"https:\/\/luxpowertek.com\/fr\/lsp-couple-en-c-c-100k\/","og_locale":"fr_FR","og_type":"article","og_title":"DC Coupled LSP 100k - Solution for DC\/DC Converter System","og_description":"Clean energy storage has overcome some of the challenges of lithium-ion to showcase innovations and discoveries in DC\/DC converters.","og_url":"https:\/\/luxpowertek.com\/fr\/lsp-couple-en-c-c-100k\/","article_publisher":"https:\/\/www.facebook.com\/LUXPOWERTEK","article_modified_time":"2023-05-05T04:02:43+00:00","og_image":[{"width":800,"height":800,"url":"https:\/\/luxpowertek.com\/wp-content\/uploads\/2021\/12\/Luxpower-inverter-LSP-3-min.jpg","type":"image\/jpeg"}],"twitter_card":"summary_large_image","twitter_misc":{"Dur\u00e9e de lecture estim\u00e9e":"2 minutes"},"schema":{"@context":"https:\/\/schema.org","@graph":[{"@type":"WebPage","@id":"https:\/\/luxpowertek.com\/dc-coupled-lsp-100k\/","url":"https:\/\/luxpowertek.com\/dc-coupled-lsp-100k\/","name":"LSP 100k coupl\u00e9 DC - Solution pour syst\u00e8me de convertisseur DC\/DC","isPartOf":{"@id":"https:\/\/luxpowertek.com\/#website"},"primaryImageOfPage":{"@id":"https:\/\/luxpowertek.com\/dc-coupled-lsp-100k\/#primaryimage"},"image":{"@id":"https:\/\/luxpowertek.com\/dc-coupled-lsp-100k\/#primaryimage"},"thumbnailUrl":"https:\/\/luxpowertek.com\/wp-content\/uploads\/2021\/12\/Luxpower-inverter-LSP-3-min.jpg","datePublished":"2021-12-24T05:24:22+00:00","dateModified":"2023-05-05T04:02:43+00:00","description":"Le stockage d'\u00e9nergie propre a surmont\u00e9 certains des d\u00e9fis pos\u00e9s par le lithium-ion pour pr\u00e9senter les innovations et les d\u00e9couvertes en mati\u00e8re de convertisseurs DC\/DC.","breadcrumb":{"@id":"https:\/\/luxpowertek.com\/dc-coupled-lsp-100k\/#breadcrumb"},"inLanguage":"fr-FR","potentialAction":[{"@type":"ReadAction","target":["https:\/\/luxpowertek.com\/dc-coupled-lsp-100k\/"]}]},{"@type":"ImageObject","inLanguage":"fr-FR","@id":"https:\/\/luxpowertek.com\/dc-coupled-lsp-100k\/#primaryimage","url":"https:\/\/luxpowertek.com\/wp-content\/uploads\/2021\/12\/Luxpower-inverter-LSP-3-min.jpg","contentUrl":"https:\/\/luxpowertek.com\/wp-content\/uploads\/2021\/12\/Luxpower-inverter-LSP-3-min.jpg","width":800,"height":800,"caption":"DC Coupled LSP 100k"},{"@type":"BreadcrumbList","@id":"https:\/\/luxpowertek.com\/dc-coupled-lsp-100k\/#breadcrumb","itemListElement":[{"@type":"ListItem","position":1,"name":"Home","item":"https:\/\/luxpowertek.com\/"},{"@type":"ListItem","position":2,"name":"DC Coupled LSP 100k"}]},{"@type":"WebSite","@id":"https:\/\/luxpowertek.com\/#website","url":"https:\/\/luxpowertek.com\/","name":"","description":"","publisher":{"@id":"https:\/\/luxpowertek.com\/#organization"},"potentialAction":[{"@type":"SearchAction","target":{"@type":"EntryPoint","urlTemplate":"https:\/\/luxpowertek.com\/?s={search_term_string}"},"query-input":{"@type":"PropertyValueSpecification","valueRequired":true,"valueName":"search_term_string"}}],"inLanguage":"fr-FR"},{"@type":"Organization","@id":"https:\/\/luxpowertek.com\/#organization","name":"LuxpowerTek","url":"https:\/\/luxpowertek.com\/","logo":{"@type":"ImageObject","inLanguage":"fr-FR","@id":"https:\/\/luxpowertek.com\/#\/schema\/logo\/image\/","url":"https:\/\/luxpowertek.com\/wp-content\/uploads\/2024\/08\/Luxpower_logo_new.webp","contentUrl":"https:\/\/luxpowertek.com\/wp-content\/uploads\/2024\/08\/Luxpower_logo_new.webp","width":1030,"height":186,"caption":"LuxpowerTek"},"image":{"@id":"https:\/\/luxpowertek.com\/#\/schema\/logo\/image\/"},"sameAs":["https:\/\/www.facebook.com\/LUXPOWERTEK"]}]}},"_links":{"self":[{"href":"https:\/\/luxpowertek.com\/fr\/wp-json\/wp\/v2\/pages\/2408","targetHints":{"allow":["GET"]}}],"collection":[{"href":"https:\/\/luxpowertek.com\/fr\/wp-json\/wp\/v2\/pages"}],"about":[{"href":"https:\/\/luxpowertek.com\/fr\/wp-json\/wp\/v2\/types\/page"}],"author":[{"embeddable":true,"href":"https:\/\/luxpowertek.com\/fr\/wp-json\/wp\/v2\/users\/1"}],"replies":[{"embeddable":true,"href":"https:\/\/luxpowertek.com\/fr\/wp-json\/wp\/v2\/comments?post=2408"}],"version-history":[{"count":0,"href":"https:\/\/luxpowertek.com\/fr\/wp-json\/wp\/v2\/pages\/2408\/revisions"}],"wp:featuredmedia":[{"embeddable":true,"href":"https:\/\/luxpowertek.com\/fr\/wp-json\/wp\/v2\/media\/1668"}],"wp:attachment":[{"href":"https:\/\/luxpowertek.com\/fr\/wp-json\/wp\/v2\/media?parent=2408"}],"curies":[{"name":"wp","href":"https:\/\/api.w.org\/{rel}","templated":true}]}}