{"id":2364,"date":"2021-12-24T11:21:35","date_gmt":"2021-12-24T03:21:35","guid":{"rendered":"https:\/\/nibianqi.bbswaimao.com\/?page_id=2364"},"modified":"2022-03-24T11:44:50","modified_gmt":"2022-03-24T03:44:50","slug":"onduleur-couple-en-courant-alternatif","status":"publish","type":"page","link":"https:\/\/luxpowertek.com\/fr\/onduleur-couple-en-courant-alternatif\/","title":{"rendered":"Onduleur coupl\u00e9 \u00e0 un courant alternatif"},"content":{"rendered":"<section class=\"section custom_title_buttom\" id=\"section_405472295\">\n\t\t<div class=\"bg section-bg fill bg-fill  bg-loaded\" >\n\n\t\t\t\n\t\t\t\n\t\t\t\n\n\t\t<\/div>\n\n\t\t\n\n\t\t<div class=\"section-content relative\">\n\t\t\t\n<div class=\"row\"  id=\"row-1004714210\">\n\n\t<div id=\"col-867988610\" class=\"col small-12 large-12\"  >\n\t\t\t\t<div class=\"col-inner text-center\"  >\n\t\t\t\n\t\t\t\n<h1>Onduleur coupl\u00e9 \u00e0 un courant alternatif<\/h1>\n<div class=\"row\"  id=\"row-72359217\">\n\n\t<div id=\"col-1298108252\" class=\"col hide-for-small medium-3 small-6 large-3\"  >\n\t\t\t\t<div class=\"col-inner\"  >\n\t\t\t\n\t\t\t\n\t\t<\/div>\n\t\t\t\t\t<\/div>\n\n\t\n\n\t<div id=\"col-947207024\" class=\"col medium-3 small-6 large-3\"  >\n\t\t\t\t<div class=\"col-inner\"  >\n\t\t\t\n\t\t\t\n\t<div class=\"box has-hover   has-hover box-text-bottom\" >\n\n\t\t<div class=\"box-image\" >\n\t\t\t<a href=\"https:\/\/luxpowertek.com\/fr\/lxp-sqpod-3600\/\" >\t\t\t<div class=\"image-zoom\" >\n\t\t\t\t<img loading=\"lazy\" decoding=\"async\" width=\"800\" height=\"800\" src=\"https:\/\/luxpowertek.com\/wp-content\/uploads\/2021\/12\/Luxpower-inverter-SQPOD-1-min.png\" class=\"attachment-original size-original\" alt=\"uxpower inverter SQPOD 1-min\" \/>\t\t\t\t\t\t\t\t\t\t\t<\/div>\n\t\t\t<\/a>\t\t<\/div>\n\n\t\t<div class=\"box-text text-center\" >\n\t\t\t<div class=\"box-text-inner\">\n\t\t\t\t\n<h3><a href=\"https:\/\/luxpowertek.com\/fr\/lxp-sqpod-3600\/\">Onduleur Luxpower SQPOD<\/a><\/h3>\n\t\t\t<\/div>\n\t\t<\/div>\n\t<\/div>\n\t\n\t\t<\/div>\n\t\t\t\t\t<\/div>\n\n\t\n\n\t<div id=\"col-1611446436\" class=\"col medium-3 small-6 large-3\"  >\n\t\t\t\t<div class=\"col-inner\"  >\n\t\t\t\n\t\t\t\n\t<div class=\"box has-hover   has-hover box-text-bottom\" >\n\n\t\t<div class=\"box-image\" >\n\t\t\t<a href=\"https:\/\/luxpowertek.com\/fr\/lxp-acs-3600\/\" >\t\t\t<div class=\"image-zoom\" >\n\t\t\t\t<img loading=\"lazy\" decoding=\"async\" width=\"800\" height=\"800\" src=\"https:\/\/luxpowertek.com\/wp-content\/uploads\/2021\/12\/Luxpower-inverter-ACS3600-1-min.png\" class=\"attachment-original size-original\" alt=\"\" \/>\t\t\t\t\t\t\t\t\t\t\t<\/div>\n\t\t\t<\/a>\t\t<\/div>\n\n\t\t<div class=\"box-text text-center\" >\n\t\t\t<div class=\"box-text-inner\">\n\t\t\t\t\n<h3><a href=\"https:\/\/luxpowertek.com\/fr\/lxp-acs-3600\/\">Onduleur Luxpower ACS3600<\/a><\/h3>\n\t\t\t<\/div>\n\t\t<\/div>\n\t<\/div>\n\t\n\t\t<\/div>\n\t\t\t\t\t<\/div>\n\n\t\n\n\t<div id=\"col-1281032153\" class=\"col hide-for-small medium-3 small-6 large-3\"  >\n\t\t\t\t<div class=\"col-inner\"  >\n\t\t\t\n\t\t\t\n\t\t<\/div>\n\t\t\t\t\t<\/div>\n\n\t\n<\/div>\n\t\t<\/div>\n\t\t\t\t\t<\/div>\n\n\t\n<\/div>\n\t\t<\/div>\n\n\t\t\n<style>\n#section_405472295 {\n  padding-top: 30px;\n  padding-bottom: 30px;\n}\n<\/style>\n\t<\/section>\n\t\n\t<section class=\"section custom_title_buttom custom_title_alian\" id=\"section_1639028136\">\n\t\t<div class=\"bg section-bg fill bg-fill  bg-loaded\" >\n\n\t\t\t\n\t\t\t\n\t\t\t\n\n\t\t<\/div>\n\n\t\t\n\n\t\t<div class=\"section-content relative\">\n\t\t\t\n<div class=\"row\"  id=\"row-81569740\">\n\n\t<div id=\"col-798638003\" class=\"col small-12 large-12\"  >\n\t\t\t\t<div class=\"col-inner\"  >\n\t\t\t\n\t\t\t\n\t<div id=\"text-3496140382\" class=\"text\">\n\t\t\n<h2>S\u00e9rie d'onduleurs coupl\u00e9s AC<\/h2>\n\t\t\n<style>\n#text-3496140382 {\n  text-align: center;\n}\n@media (min-width:550px) {\n  #text-3496140382 {\n    text-align: center;\n  }\n}\n<\/style>\n\t<\/div>\n\t\n\t\t<\/div>\n\t\t\t\t\t<\/div>\n\n\t\n<\/div>\n<div class=\"row\"  id=\"row-835633275\">\n\n\t<div id=\"col-1581077634\" class=\"col small-12 large-12\"  >\n\t\t\t\t<div class=\"col-inner\"  >\n\t\t\t\n\t\t\t\n\t<div id=\"gap-612730157\" class=\"gap-element clearfix\" style=\"display:block; height:auto;\">\n\t\t\n<style>\n#gap-612730157 {\n  padding-top: 30px;\n}\n<\/style>\n\t<\/div>\n\t\n<div class=\"row\"  id=\"row-555287386\">\n\n\t<div id=\"col-557574412\" class=\"col medium-3 small-6 large-3\"  >\n\t\t\t\t<div class=\"col-inner\"  >\n\t\t\t\n\t\t\t\n\n\t\t<div class=\"icon-box featured-box icon-box-center text-center\"  >\n\t\t\t\t\t<div class=\"icon-box-img\" style=\"width: 60px\">\n\t\t\t\t<div class=\"icon\">\n\t\t\t\t\t<div class=\"icon-inner\" >\n\t\t\t\t\t\t<img loading=\"lazy\" decoding=\"async\" width=\"300\" height=\"300\" src=\"https:\/\/luxpowertek.com\/wp-content\/uploads\/2021\/12\/2-3-300x300.png\" class=\"attachment-medium size-medium\" alt=\"\" srcset=\"https:\/\/luxpowertek.com\/wp-content\/uploads\/2021\/12\/2-3-300x300.png 300w, https:\/\/luxpowertek.com\/wp-content\/uploads\/2021\/12\/2-3-100x100.png 100w, https:\/\/luxpowertek.com\/wp-content\/uploads\/2021\/12\/2-3-80x80.png 80w, https:\/\/luxpowertek.com\/wp-content\/uploads\/2021\/12\/2-3-500x500.png 500w, https:\/\/luxpowertek.com\/wp-content\/uploads\/2021\/12\/2-3.png 512w\" sizes=\"auto, (max-width: 300px) 100vw, 300px\" \/>\t\t\t\t\t<\/div>\n\t\t\t\t<\/div>\n\t\t\t<\/div>\n\t\t\t\t<div class=\"icon-box-text last-reset\">\n\t\t\t\t\t\t\t\t\t\n<h3>ASI intelligente<\/h3>\n<p>Plug &amp; Play, commutation transparente en moins de 10msAlimentation de secours suffisante en cas d'urgence<\/p>\n\t\t<\/div>\n\t<\/div>\n\t\n\t\n\t\t<\/div>\n\t\t\t\t\t<\/div>\n\n\t\n\n\t<div id=\"col-961947086\" class=\"col medium-3 small-6 large-3\"  >\n\t\t\t\t<div class=\"col-inner\"  >\n\t\t\t\n\t\t\t\n\n\t\t<div class=\"icon-box featured-box icon-box-center text-center\"  >\n\t\t\t\t\t<div class=\"icon-box-img\" style=\"width: 60px\">\n\t\t\t\t<div class=\"icon\">\n\t\t\t\t\t<div class=\"icon-inner\" >\n\t\t\t\t\t\t<img loading=\"lazy\" decoding=\"async\" width=\"300\" height=\"300\" src=\"https:\/\/luxpowertek.com\/wp-content\/uploads\/2021\/12\/4-3-300x300.png\" class=\"attachment-medium size-medium\" alt=\"\" srcset=\"https:\/\/luxpowertek.com\/wp-content\/uploads\/2021\/12\/4-3-300x300.png 300w, https:\/\/luxpowertek.com\/wp-content\/uploads\/2021\/12\/4-3-100x100.png 100w, https:\/\/luxpowertek.com\/wp-content\/uploads\/2021\/12\/4-3-80x80.png 80w, https:\/\/luxpowertek.com\/wp-content\/uploads\/2021\/12\/4-3-500x500.png 500w, https:\/\/luxpowertek.com\/wp-content\/uploads\/2021\/12\/4-3.png 512w\" sizes=\"auto, (max-width: 300px) 100vw, 300px\" \/>\t\t\t\t\t<\/div>\n\t\t\t\t<\/div>\n\t\t\t<\/div>\n\t\t\t\t<div class=\"icon-box-text last-reset\">\n\t\t\t\t\t\t\t\t\t\n<h3>Parall\u00e8le avanc\u00e9 pour SQPOD<\/h3>\n<p>Jusqu'\u00e0 10 unit\u00e9s en parall\u00e8le, extensible \u00e0 36kWSMise en parall\u00e8le monophas\u00e9e et triphas\u00e9e non \u00e9quilibr\u00e9eAucune limite \u00e0 la longueur des c\u00e2bles de connexion \u00e0 la batterie ou \u00e0 l'ACHost inverter g\u00e9n\u00e9r\u00e9 automatiquement pour g\u00e9rer l'ensemble du syst\u00e8me.<\/p>\n\t\t<\/div>\n\t<\/div>\n\t\n\t\n\t\t<\/div>\n\t\t\t\t\t<\/div>\n\n\t\n\n\t<div id=\"col-92936983\" class=\"col medium-3 small-6 large-3\"  >\n\t\t\t\t<div class=\"col-inner\"  >\n\t\t\t\n\t\t\t\n\n\t\t<div class=\"icon-box featured-box icon-box-center text-center\"  >\n\t\t\t\t\t<div class=\"icon-box-img\" style=\"width: 60px\">\n\t\t\t\t<div class=\"icon\">\n\t\t\t\t\t<div class=\"icon-inner\" >\n\t\t\t\t\t\t<img loading=\"lazy\" decoding=\"async\" width=\"300\" height=\"300\" src=\"https:\/\/luxpowertek.com\/wp-content\/uploads\/2021\/12\/3-3-300x300.png\" class=\"attachment-medium size-medium\" alt=\"\" srcset=\"https:\/\/luxpowertek.com\/wp-content\/uploads\/2021\/12\/3-3-300x300.png 300w, https:\/\/luxpowertek.com\/wp-content\/uploads\/2021\/12\/3-3-100x100.png 100w, https:\/\/luxpowertek.com\/wp-content\/uploads\/2021\/12\/3-3-80x80.png 80w, https:\/\/luxpowertek.com\/wp-content\/uploads\/2021\/12\/3-3-500x500.png 500w, https:\/\/luxpowertek.com\/wp-content\/uploads\/2021\/12\/3-3.png 512w\" sizes=\"auto, (max-width: 300px) 100vw, 300px\" \/>\t\t\t\t\t<\/div>\n\t\t\t\t<\/div>\n\t\t\t<\/div>\n\t\t\t\t<div class=\"icon-box-text last-reset\">\n\t\t\t\t\t\t\t\t\t\n<h3>Facile \u00e0 utiliser avec la batterie<\/h3>\n<p>Mise \u00e0 jour \u00e0 distance du firmware du BMSVaste gamme de marques de batteries compatiblesR\u00e9veil de la batterie au lithium en cas d'arr\u00eat de la batterieLes informations essentielles sont t\u00e9l\u00e9charg\u00e9es sur le serveur Lux pour un diagnostic ESS rapideConnexions flexibles avec la batterie, le groupe ou le split tous deux accessibles<\/p>\n\t\t<\/div>\n\t<\/div>\n\t\n\t\n\t\t<\/div>\n\t\t\t\t\t<\/div>\n\n\t\n\n\t<div id=\"col-290594785\" class=\"col medium-3 small-6 large-3\"  >\n\t\t\t\t<div class=\"col-inner\"  >\n\t\t\t\n\t\t\t\n\n\t\t<div class=\"icon-box featured-box icon-box-center text-center\"  >\n\t\t\t\t\t<div class=\"icon-box-img\" style=\"width: 60px\">\n\t\t\t\t<div class=\"icon\">\n\t\t\t\t\t<div class=\"icon-inner\" >\n\t\t\t\t\t\t<img loading=\"lazy\" decoding=\"async\" width=\"300\" height=\"300\" src=\"https:\/\/luxpowertek.com\/wp-content\/uploads\/2021\/12\/5-1-300x300.png\" class=\"attachment-medium size-medium\" alt=\"\" srcset=\"https:\/\/luxpowertek.com\/wp-content\/uploads\/2021\/12\/5-1-300x300.png 300w, https:\/\/luxpowertek.com\/wp-content\/uploads\/2021\/12\/5-1-100x100.png 100w, https:\/\/luxpowertek.com\/wp-content\/uploads\/2021\/12\/5-1-80x80.png 80w, https:\/\/luxpowertek.com\/wp-content\/uploads\/2021\/12\/5-1-500x500.png 500w, https:\/\/luxpowertek.com\/wp-content\/uploads\/2021\/12\/5-1.png 512w\" sizes=\"auto, (max-width: 300px) 100vw, 300px\" \/>\t\t\t\t\t<\/div>\n\t\t\t\t<\/div>\n\t\t\t<\/div>\n\t\t\t\t<div class=\"icon-box-text last-reset\">\n\t\t\t\t\t\t\t\t\t\n<h3>Modes de travail intelligents<\/h3>\n<p>Mode d'autoconsommation pour les zones \u00e0 tarifs \u00e9lev\u00e9sMode de charge prioritaire pour les zones o\u00f9 le r\u00e9seau \u00e9lectrique est instableMode de charge et de d\u00e9charge forc\u00e9e pour les zones o\u00f9 les tarifs varient en fonction du temps<\/p>\n\t\t<\/div>\n\t<\/div>\n\t\n\t\n\t\t<\/div>\n\t\t\t\t\t<\/div>\n\n\t\n<\/div>\n<div class=\"row\"  id=\"row-1591663688\">\n\n\t<div id=\"col-1161279784\" class=\"col small-12 large-12\"  >\n\t\t\t\t<div class=\"col-inner text-center\"  >\n\t\t\t\n\t\t\t\n\t<div id=\"gap-2120770729\" class=\"gap-element clearfix\" style=\"display:block; height:auto;\">\n\t\t\n<style>\n#gap-2120770729 {\n  padding-top: 19px;\n}\n<\/style>\n\t<\/div>\n\t\n<p><a class=\"button white button_green\" style=\"border-radius: 8px;\" data-fancybox=\"\" data-src=\"#hidden-CF7\">Demande de devis<\/a><\/p>\n\t\t<\/div>\n\t\t\t\t\t<\/div>\n\n\t\n<\/div>\n\t\t<\/div>\n\t\t\t\t\t<\/div>\n\n\t\n<\/div>\n\t\t<\/div>\n\n\t\t\n<style>\n#section_1639028136 {\n  padding-top: 30px;\n  padding-bottom: 30px;\n}\n<\/style>\n\t<\/section>\n\t\n\t<section class=\"section custom_title_buttom\" id=\"section_701793541\">\n\t\t<div class=\"bg section-bg fill bg-fill  bg-loaded\" >\n\n\t\t\t\n\t\t\t\n\t\t\t\n\n\t\t<\/div>\n\n\t\t\n\n\t\t<div class=\"section-content relative\">\n\t\t\t\n<div class=\"row\"  id=\"row-279024502\">\n\n\t<div id=\"col-798634018\" class=\"col small-12 large-12\"  >\n\t\t\t\t<div class=\"col-inner text-center\"  >\n\t\t\t\n\t\t\t\n\t<div id=\"text-911218790\" class=\"text\">\n\t\t\n<h2>Fonctionnement de l'onduleur coupl\u00e9 \u00e0 un courant alternatif<\/h2>\n\t\t\n<style>\n#text-911218790 {\n  text-align: center;\n}\n@media (min-width:550px) {\n  #text-911218790 {\n    text-align: center;\n  }\n}\n<\/style>\n\t<\/div>\n\t\n<div class=\"row\"  id=\"row-256350081\">\n\n\t<div id=\"col-1835888670\" class=\"col medium-6 small-12 large-6\"  >\n\t\t\t\t<div class=\"col-inner\"  >\n\t\t\t\n\t\t\t\n\t<div class=\"img has-hover x md-x lg-x y md-y lg-y\" id=\"image_817989852\">\n\t\t\t\t\t\t\t\t<div class=\"img-inner image-cover dark\" style=\"padding-top:80%;\">\n\t\t\t<img loading=\"lazy\" decoding=\"async\" width=\"1206\" height=\"1003\" src=\"https:\/\/luxpowertek.com\/wp-content\/uploads\/2021\/12\/Luxpowertek-catalog-20211126-11-1.jpg\" class=\"attachment-original size-original\" alt=\"\" srcset=\"https:\/\/luxpowertek.com\/wp-content\/uploads\/2021\/12\/Luxpowertek-catalog-20211126-11-1.jpg 1206w, https:\/\/luxpowertek.com\/wp-content\/uploads\/2021\/12\/Luxpowertek-catalog-20211126-11-1-300x250.jpg 300w, https:\/\/luxpowertek.com\/wp-content\/uploads\/2021\/12\/Luxpowertek-catalog-20211126-11-1-1030x857.jpg 1030w, https:\/\/luxpowertek.com\/wp-content\/uploads\/2021\/12\/Luxpowertek-catalog-20211126-11-1-768x639.jpg 768w, https:\/\/luxpowertek.com\/wp-content\/uploads\/2021\/12\/Luxpowertek-catalog-20211126-11-1-800x665.jpg 800w\" sizes=\"auto, (max-width: 1206px) 100vw, 1206px\" \/>\t\t\t\t\t\t\n\t\t\t\t\t<\/div>\n\t\t\t\t\t\t\t\t\n<style>\n#image_817989852 {\n  width: 100%;\n}\n<\/style>\n\t<\/div>\n\t\n\t<div id=\"text-2440478354\" class=\"text\">\n\t\t\n<h3 style=\"text-align: center;\">Accouplement AC Connexion du syst\u00e8me<\/h3>\n<p>Pour transformer un syst\u00e8me solaire en r\u00e9seau existant en un syst\u00e8me de couplage AC de stockage d'\u00e9nergie. Il n'y a rien de plus simple que d'installer un onduleur de la s\u00e9rie LXP AC coupl\u00e9 c\u00f4t\u00e9 AC \u00e0 un pack de batteries.<\/p>\n\t\t\n<style>\n#text-2440478354 {\n  text-align: left;\n}\n<\/style>\n\t<\/div>\n\t\n\t\t<\/div>\n\t\t\t\t\t<\/div>\n\n\t\n\n\t<div id=\"col-1071473814\" class=\"col medium-6 small-12 large-6\"  >\n\t\t\t\t<div class=\"col-inner\"  >\n\t\t\t\n\t\t\t\n\t<div class=\"img has-hover x md-x lg-x y md-y lg-y\" id=\"image_1003030624\">\n\t\t\t\t\t\t\t\t<div class=\"img-inner image-cover dark\" style=\"padding-top:80%;\">\n\t\t\t<img loading=\"lazy\" decoding=\"async\" width=\"1031\" height=\"827\" src=\"https:\/\/luxpowertek.com\/wp-content\/uploads\/2021\/12\/Luxpowertek-catalog-20211126-11-2.jpg\" class=\"attachment-original size-original\" alt=\"\" srcset=\"https:\/\/luxpowertek.com\/wp-content\/uploads\/2021\/12\/Luxpowertek-catalog-20211126-11-2.jpg 1031w, https:\/\/luxpowertek.com\/wp-content\/uploads\/2021\/12\/Luxpowertek-catalog-20211126-11-2-300x241.jpg 300w, https:\/\/luxpowertek.com\/wp-content\/uploads\/2021\/12\/Luxpowertek-catalog-20211126-11-2-768x616.jpg 768w, https:\/\/luxpowertek.com\/wp-content\/uploads\/2021\/12\/Luxpowertek-catalog-20211126-11-2-800x642.jpg 800w\" sizes=\"auto, (max-width: 1031px) 100vw, 1031px\" \/>\t\t\t\t\t\t\n\t\t\t\t\t<\/div>\n\t\t\t\t\t\t\t\t\n<style>\n#image_1003030624 {\n  width: 100%;\n}\n<\/style>\n\t<\/div>\n\t\n\t<div id=\"text-1756894436\" class=\"text\">\n\t\t\n<h3 style=\"text-align: center;\">Autoconsommation de l'onduleur coupl\u00e9 \u00e0 un courant alternatif<\/h3>\n<p>En mode d'autoconsommation, l'onduleur \u00e0 couplage AC d\u00e9tectera la puissance g\u00e9n\u00e9r\u00e9e par l'onduleur sur le r\u00e9seau, qui sera d'abord utilis\u00e9e par les charges locales, et le reste sera stock\u00e9 dans la batterie en utilisant l'onduleur \u00e0 couplage AC, l'exc\u00e8s de puissance \u00e9tant r\u00e9inject\u00e9 dans le r\u00e9seau. C'est le mode par d\u00e9faut qui augmentera le taux d'autoconsommation et r\u00e9duira la facture d'\u00e9nergie de mani\u00e8re significative.<\/p>\n\t\t\n<style>\n#text-1756894436 {\n  text-align: left;\n}\n<\/style>\n\t<\/div>\n\t\n\t\t<\/div>\n\t\t\t\t\t<\/div>\n\n\t\n<\/div>\n<div class=\"row\"  id=\"row-1613411674\">\n\n\t<div id=\"col-934082650\" class=\"col medium-6 small-12 large-6\"  >\n\t\t\t\t<div class=\"col-inner\"  >\n\t\t\t\n\t\t\t\n\t<div class=\"img has-hover x md-x lg-x y md-y lg-y\" id=\"image_2133789459\">\n\t\t\t\t\t\t\t\t<div class=\"img-inner image-cover dark\" style=\"padding-top:80%;\">\n\t\t\t<img loading=\"lazy\" decoding=\"async\" width=\"1028\" height=\"796\" src=\"https:\/\/luxpowertek.com\/wp-content\/uploads\/2021\/12\/Luxpowertek-catalog-20211126-11-3.jpg\" class=\"attachment-original size-original\" alt=\"\" srcset=\"https:\/\/luxpowertek.com\/wp-content\/uploads\/2021\/12\/Luxpowertek-catalog-20211126-11-3.jpg 1028w, https:\/\/luxpowertek.com\/wp-content\/uploads\/2021\/12\/Luxpowertek-catalog-20211126-11-3-300x232.jpg 300w, https:\/\/luxpowertek.com\/wp-content\/uploads\/2021\/12\/Luxpowertek-catalog-20211126-11-3-768x595.jpg 768w, https:\/\/luxpowertek.com\/wp-content\/uploads\/2021\/12\/Luxpowertek-catalog-20211126-11-3-800x619.jpg 800w\" sizes=\"auto, (max-width: 1028px) 100vw, 1028px\" \/>\t\t\t\t\t\t\n\t\t\t\t\t<\/div>\n\t\t\t\t\t\t\t\t\n<style>\n#image_2133789459 {\n  width: 100%;\n}\n<\/style>\n\t<\/div>\n\t\n\t\t<\/div>\n\t\t\t\t\t<\/div>\n\n\t\n\n\t<div id=\"col-244569143\" class=\"col medium-6 small-12 large-6\"  >\n\t\t\t\t<div class=\"col-inner\"  >\n\t\t\t\n\t\t\t\n\t<div id=\"gap-1975307027\" class=\"gap-element clearfix\" style=\"display:block; height:auto;\">\n\t\t\n<style>\n#gap-1975307027 {\n  padding-top: 7px;\n}\n<\/style>\n\t<\/div>\n\t\n<div class=\"video video-fit mb\" style=\"padding-top:60%;\"><p><iframe loading=\"lazy\" title=\"LUXPOWER Aper\u00e7u de la LXP 3.6K Hybride\" width=\"1020\" height=\"574\" src=\"https:\/\/www.youtube.com\/embed\/v9DIwGmjU0U?list=PLzioA4ti0PD6hU9t7A_9RiXSca4IvOLdo\" frameborder=\"0\" allow=\"accelerometer; autoplay; clipboard-write; encrypted-media; gyroscope; picture-in-picture\" allowfullscreen><\/iframe><\/p>\n<\/div>\n\t\t<\/div>\n\t\t\t\t\t<\/div>\n\n\t\n<\/div>\n<div class=\"row\"  id=\"row-1037988300\">\n\n\t<div id=\"col-1923316369\" class=\"col small-12 large-12\"  >\n\t\t\t\t<div class=\"col-inner\"  >\n\t\t\t\n\t\t\t\n<div class=\"row align-middle\"  id=\"row-1512147326\">\n\n\t<div id=\"col-792967277\" class=\"col medium-6 small-12 large-6\"  >\n\t\t\t\t<div class=\"col-inner\"  >\n\t\t\t\n\t\t\t\n\t<div id=\"text-743682266\" class=\"text\">\n\t\t\n<h3 style=\"text-align: center;\">Diff\u00e9rence de force Amp\u00e8re Coupl\u00e9 AC Temps Utilisation<\/h3>\n<p>Ce mode coupl\u00e9 \u00e0 l'amp\u00e9rage diff\u00e9rentiel convient aux situations o\u00f9 la diff\u00e9rence de prix de l'\u00e9nergie est importante. L'utilisateur peut r\u00e9gler le temps de charge et de d\u00e9charge ainsi que la priorit\u00e9 de l'utilisation de l'\u00e9nergie dans le cadre du mode d'utilisation temporelle forc\u00e9e. L'utilisateur peut \u00e9galement choisir de charger la batterie en utilisant l'\u00e9nergie du r\u00e9seau si la r\u00e9glementation le permet.<\/p>\n\t\t\n<style>\n#text-743682266 {\n  text-align: left;\n}\n<\/style>\n\t<\/div>\n\t\n\t\t<\/div>\n\t\t\t\t\t<\/div>\n\n\t\n\n\t<div id=\"col-293787232\" class=\"col medium-6 small-12 large-6\"  >\n\t\t\t\t<div class=\"col-inner\"  >\n\t\t\t\n\t\t\t\n<p><a class=\"button white button_green\" style=\"border-radius: 8px;\" data-fancybox=\"\" data-src=\"#hidden-CF7\">Demande de devis<\/a><\/p>\n\t\t<\/div>\n\t\t\t\t\t<\/div>\n\n\t\n<\/div>\n\t\t<\/div>\n\t\t\t\t\t<\/div>\n\n\t\n<\/div>\n\t\t<\/div>\n\t\t\t\t\t<\/div>\n\n\t\n<\/div>\n\t\t<\/div>\n\n\t\t\n<style>\n#section_701793541 {\n  padding-top: 30px;\n  padding-bottom: 30px;\n}\n<\/style>\n\t<\/section>","protected":false},"excerpt":{"rendered":"","protected":false},"author":1,"featured_media":0,"parent":0,"menu_order":0,"comment_status":"closed","ping_status":"closed","template":"page-blank.php","meta":{"rop_custom_images_group":[],"rop_custom_messages_group":[],"rop_publish_now":"initial","rop_publish_now_accounts":[],"rop_publish_now_history":[],"rop_publish_now_status":"pending","footnotes":""},"class_list":["post-2364","page","type-page","status-publish","hentry"],"yoast_head":"<!-- This site is optimized with the Yoast SEO plugin v27.3 - https:\/\/yoast.com\/product\/yoast-seo-wordpress\/ -->\n<title>AC Coupled Inverter | Difference Amp AC Coupled Battery Inverter<\/title>\n<meta name=\"description\" content=\"AC coupling uses your existing system to feed power into a battery-based inverter\/charger to charge the battery pack.\" \/>\n<meta name=\"robots\" content=\"index, follow, max-snippet:-1, max-image-preview:large, max-video-preview:-1\" \/>\n<link rel=\"canonical\" href=\"https:\/\/luxpowertek.com\/fr\/onduleur-couple-en-courant-alternatif\/\" \/>\n<meta property=\"og:locale\" content=\"fr_FR\" \/>\n<meta property=\"og:type\" content=\"article\" \/>\n<meta property=\"og:title\" content=\"AC Coupled Inverter | Difference Amp AC Coupled Battery Inverter\" \/>\n<meta property=\"og:description\" content=\"AC coupling uses your existing system to feed power into a battery-based inverter\/charger to charge the battery pack.\" \/>\n<meta property=\"og:url\" content=\"https:\/\/luxpowertek.com\/fr\/onduleur-couple-en-courant-alternatif\/\" \/>\n<meta property=\"article:modified_time\" content=\"2022-03-24T03:44:50+00:00\" \/>\n<meta name=\"twitter:card\" content=\"summary_large_image\" \/>\n<meta name=\"twitter:label1\" content=\"Dur\u00e9e de lecture estim\u00e9e\" \/>\n\t<meta name=\"twitter:data1\" content=\"3 minutes\" \/>\n<script type=\"application\/ld+json\" class=\"yoast-schema-graph\">{\"@context\":\"https:\\\/\\\/schema.org\",\"@graph\":[{\"@type\":\"WebPage\",\"@id\":\"https:\\\/\\\/luxpowertek.com\\\/ac-coupled-inverter\\\/\",\"url\":\"https:\\\/\\\/luxpowertek.com\\\/ac-coupled-inverter\\\/\",\"name\":\"AC Coupled Inverter | Difference Amp AC Coupled Battery Inverter\",\"isPartOf\":{\"@id\":\"https:\\\/\\\/luxpowertek.com\\\/#website\"},\"datePublished\":\"2021-12-24T03:21:35+00:00\",\"dateModified\":\"2022-03-24T03:44:50+00:00\",\"description\":\"AC coupling uses your existing system to feed power into a battery-based inverter\\\/charger to charge the battery pack.\",\"breadcrumb\":{\"@id\":\"https:\\\/\\\/luxpowertek.com\\\/ac-coupled-inverter\\\/#breadcrumb\"},\"inLanguage\":\"fr-FR\",\"potentialAction\":[{\"@type\":\"ReadAction\",\"target\":[\"https:\\\/\\\/luxpowertek.com\\\/ac-coupled-inverter\\\/\"]}]},{\"@type\":\"BreadcrumbList\",\"@id\":\"https:\\\/\\\/luxpowertek.com\\\/ac-coupled-inverter\\\/#breadcrumb\",\"itemListElement\":[{\"@type\":\"ListItem\",\"position\":1,\"name\":\"Home\",\"item\":\"https:\\\/\\\/luxpowertek.com\\\/\"},{\"@type\":\"ListItem\",\"position\":2,\"name\":\"AC Coupled Inverter\"}]},{\"@type\":\"WebSite\",\"@id\":\"https:\\\/\\\/luxpowertek.com\\\/#website\",\"url\":\"https:\\\/\\\/luxpowertek.com\\\/\",\"name\":\"\",\"description\":\"\",\"potentialAction\":[{\"@type\":\"SearchAction\",\"target\":{\"@type\":\"EntryPoint\",\"urlTemplate\":\"https:\\\/\\\/luxpowertek.com\\\/?s={search_term_string}\"},\"query-input\":{\"@type\":\"PropertyValueSpecification\",\"valueRequired\":true,\"valueName\":\"search_term_string\"}}],\"inLanguage\":\"fr-FR\"}]}<\/script>\n<!-- \/ Yoast SEO plugin. -->","yoast_head_json":{"title":"Onduleur coupl\u00e9 AC | Onduleur de batterie coupl\u00e9 AC Difference Amp","description":"Le couplage CA utilise votre syst\u00e8me existant pour alimenter un onduleur\/chargeur \u00e0 base de batterie afin de charger le bloc-batterie.","robots":{"index":"index","follow":"follow","max-snippet":"max-snippet:-1","max-image-preview":"max-image-preview:large","max-video-preview":"max-video-preview:-1"},"canonical":"https:\/\/luxpowertek.com\/fr\/onduleur-couple-en-courant-alternatif\/","og_locale":"fr_FR","og_type":"article","og_title":"AC Coupled Inverter | Difference Amp AC Coupled Battery Inverter","og_description":"AC coupling uses your existing system to feed power into a battery-based inverter\/charger to charge the battery pack.","og_url":"https:\/\/luxpowertek.com\/fr\/onduleur-couple-en-courant-alternatif\/","article_modified_time":"2022-03-24T03:44:50+00:00","twitter_card":"summary_large_image","twitter_misc":{"Dur\u00e9e de lecture estim\u00e9e":"3 minutes"},"schema":{"@context":"https:\/\/schema.org","@graph":[{"@type":"WebPage","@id":"https:\/\/luxpowertek.com\/ac-coupled-inverter\/","url":"https:\/\/luxpowertek.com\/ac-coupled-inverter\/","name":"Onduleur coupl\u00e9 AC | Onduleur de batterie coupl\u00e9 AC Difference Amp","isPartOf":{"@id":"https:\/\/luxpowertek.com\/#website"},"datePublished":"2021-12-24T03:21:35+00:00","dateModified":"2022-03-24T03:44:50+00:00","description":"Le couplage CA utilise votre syst\u00e8me existant pour alimenter un onduleur\/chargeur \u00e0 base de batterie afin de charger le bloc-batterie.","breadcrumb":{"@id":"https:\/\/luxpowertek.com\/ac-coupled-inverter\/#breadcrumb"},"inLanguage":"fr-FR","potentialAction":[{"@type":"ReadAction","target":["https:\/\/luxpowertek.com\/ac-coupled-inverter\/"]}]},{"@type":"BreadcrumbList","@id":"https:\/\/luxpowertek.com\/ac-coupled-inverter\/#breadcrumb","itemListElement":[{"@type":"ListItem","position":1,"name":"Home","item":"https:\/\/luxpowertek.com\/"},{"@type":"ListItem","position":2,"name":"AC Coupled Inverter"}]},{"@type":"WebSite","@id":"https:\/\/luxpowertek.com\/#website","url":"https:\/\/luxpowertek.com\/","name":"","description":"","potentialAction":[{"@type":"SearchAction","target":{"@type":"EntryPoint","urlTemplate":"https:\/\/luxpowertek.com\/?s={search_term_string}"},"query-input":{"@type":"PropertyValueSpecification","valueRequired":true,"valueName":"search_term_string"}}],"inLanguage":"fr-FR"}]}},"_links":{"self":[{"href":"https:\/\/luxpowertek.com\/fr\/wp-json\/wp\/v2\/pages\/2364","targetHints":{"allow":["GET"]}}],"collection":[{"href":"https:\/\/luxpowertek.com\/fr\/wp-json\/wp\/v2\/pages"}],"about":[{"href":"https:\/\/luxpowertek.com\/fr\/wp-json\/wp\/v2\/types\/page"}],"author":[{"embeddable":true,"href":"https:\/\/luxpowertek.com\/fr\/wp-json\/wp\/v2\/users\/1"}],"replies":[{"embeddable":true,"href":"https:\/\/luxpowertek.com\/fr\/wp-json\/wp\/v2\/comments?post=2364"}],"version-history":[{"count":0,"href":"https:\/\/luxpowertek.com\/fr\/wp-json\/wp\/v2\/pages\/2364\/revisions"}],"wp:attachment":[{"href":"https:\/\/luxpowertek.com\/fr\/wp-json\/wp\/v2\/media?parent=2364"}],"curies":[{"name":"wp","href":"https:\/\/api.w.org\/{rel}","templated":true}]}}