{"id":16172,"date":"2025-10-24T18:04:40","date_gmt":"2025-10-24T10:04:40","guid":{"rendered":"https:\/\/luxpowertek.com\/?page_id=16172"},"modified":"2025-11-19T11:25:41","modified_gmt":"2025-11-19T03:25:41","slug":"onduleur-e-dongle-wifi-2","status":"publish","type":"page","link":"https:\/\/luxpowertek.com\/fr\/onduleur-e-dongle-wifi-2\/","title":{"rendered":"WL-Link"},"content":{"rendered":"<section class=\"section hide-for-small\" id=\"section_476204398\">\n\t\t<div class=\"bg section-bg fill bg-fill  bg-loaded\" >\n\n\t\t\t\n\t\t\t\n\t\t\t\n\n\t\t<\/div>\n\n\t\t\n\n\t\t<div class=\"section-content relative\">\n\t\t\t\n\n  <div class=\"banner has-hover\" id=\"banner-2046523672\">\n          <div class=\"banner-inner fill\">\n        <div class=\"banner-bg fill\" >\n            <div class=\"bg fill bg-fill\"><\/div>\n                        <div class=\"overlay\"><\/div>            \n                    <\/div>\n\t\t\n        <div class=\"banner-layers container\">\n            <div class=\"fill banner-link\"><\/div>            \n   <div id=\"text-box-835442667\" class=\"text-box banner-layer x50 md-x50 lg-x50 y50 md-y50 lg-y50 res-text\">\n                                <div class=\"text-box-content text dark\">\n              \n              <div class=\"text-inner text-center\">\n                  \n<p class=\"uppercase lead\"><span style=\"font-size: 200%; color: #282828;\"><strong>Cl\u00e9 Wl-Link<\/strong><\/span><\/p>\n<p class=\"uppercase lead\"><span style=\"color: #282828;\">Module de communication<\/span><\/p>\n              <\/div>\n           <\/div>\n                            \n<style>\n#text-box-835442667 {\n  width: 65%;\n}\n#text-box-835442667 .text-box-content {\n  font-size: 100%;\n}\n<\/style>\n    <\/div>\n \n        <\/div>\n      <\/div>\n\n            \n<style>\n#banner-2046523672 {\n  padding-top: 30%;\n}\n#banner-2046523672 .overlay {\n  background-color: rgb(255, 255, 255);\n}\n<\/style>\n  <\/div>\n\n\n\n  <div class=\"banner has-hover\" id=\"banner-1899769856\">\n          <div class=\"banner-inner fill\">\n        <div class=\"banner-bg fill\" >\n            <div class=\"bg fill bg-fill\"><\/div>\n                        <div class=\"overlay\"><\/div>            \n                    <\/div>\n\t\t\n        <div class=\"banner-layers container\">\n            <div class=\"fill banner-link\"><\/div>            \n   <div id=\"text-box-1032819033\" class=\"text-box banner-layer x10 md-x10 lg-x10 y90 md-y90 lg-y90 res-text\">\n                                <div class=\"text-box-content text dark\">\n              \n              <div class=\"text-inner text-center\">\n                  \n<p style=\"text-align: left;\"><span style=\"color: #282828;\">La cl\u00e9 WL-Link est un dispositif de communication flexible con\u00e7u pour offrir aux utilisateurs une connectivit\u00e9 polyvalente. Elle prend en charge les connexions Wi-Fi, LAN filaire et Bluetooth, et int\u00e8gre une antenne pour une communication stable et fiable. Gr\u00e2ce \u00e0 une configuration intuitive via une application et une interface web, la WL-Link offre une exp\u00e9rience utilisateur fluide. Cette combinaison d&#039;adaptabilit\u00e9 et de simplicit\u00e9 d&#039;utilisation fait de la WL-Link une solution compl\u00e8te, r\u00e9pondant aux divers besoins des utilisateurs en mati\u00e8re de r\u00e9seau stable dans diff\u00e9rents contextes d&#039;utilisation.<\/span><\/p>\n<a href=\"https:\/\/luxpowertek.com\/wp-content\/uploads\/2025\/10\/WL-Link-Dongle-User-Manual-Communication-Dongle-Luxpowertek-1.pdf\" class=\"button secondary\"  style=\"border-radius:10px;\">\n    <span>T\u00e9l\u00e9charger le manuel d&#039;utilisation<\/span>\n  <\/a>\n\n              <\/div>\n           <\/div>\n                            \n<style>\n#text-box-1032819033 {\n  width: 41%;\n}\n#text-box-1032819033 .text-box-content {\n  font-size: 100%;\n}\n<\/style>\n    <\/div>\n \n   <div id=\"text-box-666216980\" class=\"text-box banner-layer x95 md-x95 lg-x95 y50 md-y50 lg-y50 res-text\">\n                                <div class=\"text-box-content text dark\">\n              \n              <div class=\"text-inner text-center\">\n                  \n\t<div class=\"img has-hover x md-x lg-x y md-y lg-y\" id=\"image_131947837\">\n\t\t\t\t\t\t\t\t<div class=\"img-inner dark\" >\n\t\t\t<img loading=\"lazy\" decoding=\"async\" width=\"2560\" height=\"1920\" src=\"https:\/\/luxpowertek.com\/wp-content\/uploads\/2025\/10\/WL-Link-Dongle-Solar-energy-storage-inverter-Accessories-Luxpowertek-scaled.webp\" class=\"attachment-original size-original\" alt=\"\" srcset=\"https:\/\/luxpowertek.com\/wp-content\/uploads\/2025\/10\/WL-Link-Dongle-Solar-energy-storage-inverter-Accessories-Luxpowertek-scaled.webp 2560w, https:\/\/luxpowertek.com\/wp-content\/uploads\/2025\/10\/WL-Link-Dongle-Solar-energy-storage-inverter-Accessories-Luxpowertek-300x225.webp 300w, https:\/\/luxpowertek.com\/wp-content\/uploads\/2025\/10\/WL-Link-Dongle-Solar-energy-storage-inverter-Accessories-Luxpowertek-1030x773.webp 1030w, https:\/\/luxpowertek.com\/wp-content\/uploads\/2025\/10\/WL-Link-Dongle-Solar-energy-storage-inverter-Accessories-Luxpowertek-768x576.webp 768w, https:\/\/luxpowertek.com\/wp-content\/uploads\/2025\/10\/WL-Link-Dongle-Solar-energy-storage-inverter-Accessories-Luxpowertek-1536x1152.webp 1536w, https:\/\/luxpowertek.com\/wp-content\/uploads\/2025\/10\/WL-Link-Dongle-Solar-energy-storage-inverter-Accessories-Luxpowertek-2048x1536.webp 2048w, https:\/\/luxpowertek.com\/wp-content\/uploads\/2025\/10\/WL-Link-Dongle-Solar-energy-storage-inverter-Accessories-Luxpowertek-16x12.webp 16w, https:\/\/luxpowertek.com\/wp-content\/uploads\/2025\/10\/WL-Link-Dongle-Solar-energy-storage-inverter-Accessories-Luxpowertek-510x383.webp 510w\" sizes=\"auto, (max-width: 2560px) 100vw, 2560px\" \/>\t\t\t\t\t\t\n\t\t\t\t\t<\/div>\n\t\t\t\t\t\t\t\t\n<style>\n#image_131947837 {\n  width: 100%;\n}\n<\/style>\n\t<\/div>\n\t\n              <\/div>\n           <\/div>\n                            \n<style>\n#text-box-666216980 {\n  width: 40%;\n}\n#text-box-666216980 .text-box-content {\n  font-size: 100%;\n}\n<\/style>\n    <\/div>\n \n        <\/div>\n      <\/div>\n\n            \n<style>\n#banner-1899769856 {\n  padding-top: 507px;\n}\n#banner-1899769856 .overlay {\n  background-color: rgba(249, 247, 247, 0.959);\n}\n<\/style>\n  <\/div>\n\n\n\n  <div class=\"banner has-hover\" id=\"banner-2045731132\">\n          <div class=\"banner-inner fill\">\n        <div class=\"banner-bg fill\" >\n            <div class=\"bg fill bg-fill\"><\/div>\n                        <div class=\"overlay\"><\/div>            \n                    <\/div>\n\t\t\n        <div class=\"banner-layers container\">\n            <div class=\"fill banner-link\"><\/div>            \n   <div id=\"text-box-1188639088\" class=\"text-box banner-layer x10 md-x10 lg-x10 y15 md-y15 lg-y15 res-text\">\n                                <div class=\"text-box-content text dark\">\n              \n              <div class=\"text-inner text-center\">\n                  \n<a class=\"button primary\"  style=\"border-radius:10px;\">\n    <span>Prend en charge les connexions Wi-Fi, LAN et Bluetooth<\/span>\n  <\/a>\n\n<a class=\"button primary\"  style=\"border-radius:10px;\">\n    <span>Conception d&#039;antenne int\u00e9gr\u00e9e pour une communication stable<\/span>\n  <\/a>\n\n<a class=\"button primary\"  style=\"border-radius:10px;\">\n    <span>Configuration de l&#039;application\/du Web, configuration conviviale<\/span>\n  <\/a>\n\n<a class=\"button primary\"  style=\"border-radius:10px;\">\n    <span>Prise en charge de la mise \u00e0 jour \u00e0 distance<\/span>\n  <\/a>\n\n<a class=\"button primary\"  style=\"border-radius:10px;\">\n    <span>Prise en charge de la configuration en ligne de l'application et de la connexion Bluetooth<\/span>\n  <\/a>\n\n              <\/div>\n           <\/div>\n                            \n<style>\n#text-box-1188639088 {\n  width: 46%;\n}\n#text-box-1188639088 .text-box-content {\n  font-size: 100%;\n}\n<\/style>\n    <\/div>\n \n   <div id=\"text-box-2071399108\" class=\"text-box banner-layer x95 md-x95 lg-x95 y50 md-y50 lg-y50 res-text\">\n                                <div class=\"text-box-content text dark\">\n              \n              <div class=\"text-inner text-center\">\n                  \n\t<div class=\"img has-hover x md-x lg-x y md-y lg-y\" id=\"image_918593181\">\n\t\t\t\t\t\t\t\t<div class=\"img-inner dark\" >\n\t\t\t<img loading=\"lazy\" decoding=\"async\" width=\"2560\" height=\"1920\" src=\"https:\/\/luxpowertek.com\/wp-content\/uploads\/2025\/10\/Luxpowertek-WL-Link-Dongle-Solar-energy-storage-inverter-Accessories-scaled.webp\" class=\"attachment-original size-original\" alt=\"\" srcset=\"https:\/\/luxpowertek.com\/wp-content\/uploads\/2025\/10\/Luxpowertek-WL-Link-Dongle-Solar-energy-storage-inverter-Accessories-scaled.webp 2560w, https:\/\/luxpowertek.com\/wp-content\/uploads\/2025\/10\/Luxpowertek-WL-Link-Dongle-Solar-energy-storage-inverter-Accessories-300x225.webp 300w, https:\/\/luxpowertek.com\/wp-content\/uploads\/2025\/10\/Luxpowertek-WL-Link-Dongle-Solar-energy-storage-inverter-Accessories-1030x773.webp 1030w, https:\/\/luxpowertek.com\/wp-content\/uploads\/2025\/10\/Luxpowertek-WL-Link-Dongle-Solar-energy-storage-inverter-Accessories-768x576.webp 768w, https:\/\/luxpowertek.com\/wp-content\/uploads\/2025\/10\/Luxpowertek-WL-Link-Dongle-Solar-energy-storage-inverter-Accessories-1536x1152.webp 1536w, https:\/\/luxpowertek.com\/wp-content\/uploads\/2025\/10\/Luxpowertek-WL-Link-Dongle-Solar-energy-storage-inverter-Accessories-2048x1536.webp 2048w, https:\/\/luxpowertek.com\/wp-content\/uploads\/2025\/10\/Luxpowertek-WL-Link-Dongle-Solar-energy-storage-inverter-Accessories-16x12.webp 16w, https:\/\/luxpowertek.com\/wp-content\/uploads\/2025\/10\/Luxpowertek-WL-Link-Dongle-Solar-energy-storage-inverter-Accessories-510x383.webp 510w\" sizes=\"auto, (max-width: 2560px) 100vw, 2560px\" \/>\t\t\t\t\t\t\n\t\t\t\t\t<\/div>\n\t\t\t\t\t\t\t\t\n<style>\n#image_918593181 {\n  width: 100%;\n}\n<\/style>\n\t<\/div>\n\t\n              <\/div>\n           <\/div>\n                            \n<style>\n#text-box-2071399108 {\n  width: 33%;\n}\n#text-box-2071399108 .text-box-content {\n  font-size: 100%;\n  transform: rotate(-65deg);\n}\n<\/style>\n    <\/div>\n \n        <\/div>\n      <\/div>\n\n            \n<style>\n#banner-2045731132 {\n  padding-top: 426px;\n}\n#banner-2045731132 .overlay {\n  background-color: rgba(210, 210, 210, 0.965);\n}\n<\/style>\n  <\/div>\n\n\n\n  <div class=\"banner has-hover\" id=\"banner-2106582939\">\n          <div class=\"banner-inner fill\">\n        <div class=\"banner-bg fill\" >\n            <div class=\"bg fill bg-fill\"><\/div>\n                        <div class=\"overlay\"><\/div>            \n                    <\/div>\n\t\t\n        <div class=\"banner-layers container\">\n            <div class=\"fill banner-link\"><\/div>            \n   <div id=\"text-box-1096671196\" class=\"text-box banner-layer x50 md-x50 lg-x50 y25 md-y25 lg-y25 res-text\">\n                                <div class=\"text-box-content text dark\">\n              \n              <div class=\"text-inner text-center\">\n                  \n<p><span style=\"font-size: 150%;\"><strong>Trouver d'autres produits Luxpower<\/strong><\/span><\/p>\n<a href=\"https:\/\/luxpowertek.com\/fr\/produits\/\" class=\"button white\"  style=\"border-radius:38px;\">\n    <span>Liste des produits<\/span>\n  <i class=\"icon-angle-right\" aria-hidden=\"true\" ><\/i><\/a>\n\n<a href=\"https:\/\/luxpowertek.com\/fr\/contact_us\/\" target=\"_blank\" class=\"button secondary\" rel=\"noopener\"  style=\"border-radius:99px;\">\n    <span>Nous contacter<\/span>\n  <i class=\"icon-angle-right\" aria-hidden=\"true\" ><\/i><\/a>\n\n              <\/div>\n           <\/div>\n                            \n<style>\n#text-box-1096671196 {\n  width: 60%;\n}\n#text-box-1096671196 .text-box-content {\n  font-size: 100%;\n}\n<\/style>\n    <\/div>\n \n        <\/div>\n      <\/div>\n\n            \n<style>\n#banner-2106582939 {\n  padding-top: 32.29%;\n}\n#banner-2106582939 .bg.bg-loaded {\n  background-image: url(https:\/\/luxpowertek.com\/wp-content\/uploads\/2024\/04\/seven-scaled.webp);\n}\n#banner-2106582939 .overlay {\n  background-color: rgba(0, 0, 0, 0.599);\n}\n<\/style>\n  <\/div>\n\n\n\t\t<\/div>\n\n\t\t\n<style>\n#section_476204398 {\n  padding-top: 30px;\n  padding-bottom: 30px;\n}\n<\/style>\n\t<\/section>\n\t\n\t<section class=\"section show-for-small\" id=\"section_317279296\">\n\t\t<div class=\"bg section-bg fill bg-fill  bg-loaded\" >\n\n\t\t\t\n\t\t\t\n\t\t\t\n\n\t\t<\/div>\n\n\t\t\n\n\t\t<div class=\"section-content relative\">\n\t\t\t\n\t<div id=\"gap-1882353060\" class=\"gap-element clearfix\" style=\"display:block; height:auto;\">\n\t\t\n<style>\n#gap-1882353060 {\n  padding-top: 60px;\n}\n<\/style>\n\t<\/div>\n\t\n<div class=\"row\"  id=\"row-21575434\">\n\n\t<div id=\"col-1393851500\" class=\"col small-12 large-12\"  >\n\t\t\t\t<div class=\"col-inner text-center\"  >\n\t\t\t\n\t\t\t\n\t<div id=\"text-2898973455\" class=\"text\">\n\t\t\n<p class=\"uppercase lead\"><span style=\"font-size: 200%;\"><strong>Cl\u00e9 WL-LINK<\/strong><\/span><\/p>\n<p class=\"lead\"><strong>Module de communication<\/strong><\/p>\n\t\t\n<style>\n#text-2898973455 {\n  font-size: 0.87rem;\n  line-height: 1.5;\n  text-align: center;\n}\n<\/style>\n\t<\/div>\n\t\n<div class=\"text-center\"><div class=\"is-divider divider clearfix\" style=\"max-width:1280px;background-color:rgb(99, 173, 130);\"><\/div><\/div>\n\n  <div class=\"banner has-hover\" id=\"banner-742932715\">\n          <div class=\"banner-inner fill\">\n        <div class=\"banner-bg fill\" >\n            <div class=\"bg fill bg-fill\"><\/div>\n                                    \n                    <\/div>\n\t\t\n        <div class=\"banner-layers container\">\n            <div class=\"fill banner-link\"><\/div>            \n\t<div class=\"img has-hover x50 md-x50 lg-x50 y15 md-y50 lg-y50\" id=\"image_461837069\">\n\t\t\t\t\t\t\t\t<div class=\"img-inner dark\" style=\"margin:-100px 0px -100px 0px;\">\n\t\t\t\t\t\t\t\t\t\n\t\t\t\t\t<\/div>\n\t\t\t\t\t\t\t\t\n<style>\n#image_461837069 {\n  width: 70%;\n}\n@media (min-width:550px) {\n  #image_461837069 {\n    width: 100%;\n  }\n}\n<\/style>\n\t<\/div>\n\t\n        <\/div>\n      <\/div>\n\n            \n<style>\n#banner-742932715 {\n  padding-top: 92.9%;\n  background-color: rgba(249, 247, 247, 0.959);\n}\n#banner-742932715 .bg.bg-loaded {\n  background-image: 16185;\n}\n@media (min-width:550px) {\n  #banner-742932715 {\n    padding-top: 500px;\n  }\n}\n<\/style>\n  <\/div>\n\n\n\t<div id=\"gap-396610825\" class=\"gap-element clearfix\" style=\"display:block; height:auto;\">\n\t\t\n<style>\n#gap-396610825 {\n  padding-top: 15px;\n}\n@media (min-width:550px) {\n  #gap-396610825 {\n    padding-top: 30px;\n  }\n}\n<\/style>\n\t<\/div>\n\t\n\t<div id=\"text-1133376318\" class=\"text\">\n\t\t\n<p style=\"text-align: left;\"><span style=\"color: #282828;\">La cl\u00e9 WL-Link est un dispositif de communication flexible con\u00e7u pour offrir aux utilisateurs une connectivit\u00e9 polyvalente. Elle prend en charge les connexions Wi-Fi, LAN filaire et Bluetooth, et int\u00e8gre une antenne pour une communication stable et fiable. Gr\u00e2ce \u00e0 une configuration intuitive via une application et une interface web, la WL-Link offre une exp\u00e9rience utilisateur fluide. Cette combinaison d&#039;adaptabilit\u00e9 et de simplicit\u00e9 d&#039;utilisation fait de la WL-Link une solution compl\u00e8te, r\u00e9pondant aux divers besoins des utilisateurs en mati\u00e8re de r\u00e9seau stable dans diff\u00e9rents contextes d&#039;utilisation.<\/span><\/p>\n\t\t\n<style>\n#text-1133376318 {\n  font-size: 0.96rem;\n  line-height: 1.75;\n  text-align: center;\n}\n<\/style>\n\t<\/div>\n\t\n<a href=\"https:\/\/luxpowertek.com\/wp-content\/uploads\/2024\/07\/02-02-01-01-WiFi-Setting-Guildance_E-WiFi-Dongle_20231028.pdf\" class=\"button secondary is-outline\"  style=\"border-radius:10px;\">\n    <span>T\u00e9l\u00e9charger le manuel d&#039;utilisation<\/span>\n  <\/a>\n\n\t<div id=\"gap-1324850650\" class=\"gap-element clearfix\" style=\"display:block; height:auto;\">\n\t\t\n<style>\n#gap-1324850650 {\n  padding-top: 15px;\n}\n@media (min-width:550px) {\n  #gap-1324850650 {\n    padding-top: 30px;\n  }\n}\n<\/style>\n\t<\/div>\n\t\n\n  <div class=\"banner has-hover\" id=\"banner-1569499310\">\n          <div class=\"banner-inner fill\">\n        <div class=\"banner-bg fill\" >\n            <div class=\"bg fill bg-fill\"><\/div>\n                                    \n                    <\/div>\n\t\t\n        <div class=\"banner-layers container\">\n            <div class=\"fill banner-link\"><\/div>            \n\t<div class=\"img has-hover x5 md-x50 lg-x50 y50 md-y50 lg-y50\" id=\"image_1089239496\">\n\t\t\t\t\t\t\t\t<div class=\"img-inner dark\" style=\"margin:-100px -20px -100px -20px;\">\n\t\t\t\t\t\t\t\t\t\n\t\t\t\t\t<\/div>\n\t\t\t\t\t\t\t\t\n<style>\n#image_1089239496 {\n  width: 89%;\n}\n@media (min-width:550px) {\n  #image_1089239496 {\n    width: 100%;\n  }\n}\n<\/style>\n\t<\/div>\n\t\n        <\/div>\n      <\/div>\n\n            \n<style>\n#banner-1569499310 {\n  padding-top: 99.99%;\n  background-color: rgba(210, 210, 210, 0.965);\n}\n@media (min-width:550px) {\n  #banner-1569499310 {\n    padding-top: 500px;\n  }\n}\n<\/style>\n  <\/div>\n\n\n\t<div id=\"gap-2078018015\" class=\"gap-element clearfix\" style=\"display:block; height:auto;\">\n\t\t\n<style>\n#gap-2078018015 {\n  padding-top: 15px;\n}\n@media (min-width:550px) {\n  #gap-2078018015 {\n    padding-top: 30px;\n  }\n}\n<\/style>\n\t<\/div>\n\t\n\t<div id=\"text-3827422649\" class=\"text\">\n\t\t\n<ul>\n<li>Prend en charge les connexions Wi-Fi, LAN et Bluetooth<\/li>\n<li>Conception d&#039;antenne int\u00e9gr\u00e9e pour une communication stable<\/li>\n<li>Configuration de l&#039;application\/du Web, configuration conviviale<\/li>\n<li>Prise en charge de la mise \u00e0 jour \u00e0 distance<\/li>\n<li>Prise en charge de la configuration en ligne de l'application et de la connexion Bluetooth<\/li>\n<\/ul>\n\t\t\n<style>\n#text-3827422649 {\n  text-align: left;\n}\n<\/style>\n\t<\/div>\n\t\n\t\t<\/div>\n\t\t\t\t\t<\/div>\n\n\t\n<\/div>\n\t<div id=\"gap-1737081713\" class=\"gap-element clearfix\" style=\"display:block; height:auto;\">\n\t\t\n<style>\n#gap-1737081713 {\n  padding-top: 15px;\n}\n@media (min-width:550px) {\n  #gap-1737081713 {\n    padding-top: 60px;\n  }\n}\n<\/style>\n\t<\/div>\n\t\n\n  <div class=\"banner has-hover show-for-small\" id=\"banner-1030716360\">\n          <div class=\"banner-inner fill\">\n        <div class=\"banner-bg fill\" >\n            <div class=\"bg fill bg-fill\"><\/div>\n                        <div class=\"overlay\"><\/div>            \n                    <\/div>\n\t\t\n        <div class=\"banner-layers container\">\n            <div class=\"fill banner-link\"><\/div>            \n   <div id=\"text-box-1405398129\" class=\"text-box banner-layer x50 md-x50 lg-x50 y25 md-y25 lg-y25 res-text\">\n                                <div class=\"text-box-content text dark\">\n              \n              <div class=\"text-inner text-center\">\n                  \n<p><span style=\"font-size: 150%;\"><strong>Trouver d'autres produits Luxpower<\/strong><\/span><\/p>\n<a href=\"https:\/\/luxpowertek.com\/fr\/produits\/\" class=\"button white\"  style=\"border-radius:38px;\">\n    <span>Liste des produits<\/span>\n  <i class=\"icon-angle-right\" aria-hidden=\"true\" ><\/i><\/a>\n\n<a href=\"https:\/\/luxpowertek.com\/fr\/contact_us\/\" target=\"_blank\" class=\"button secondary\" rel=\"noopener\"  style=\"border-radius:99px;\">\n    <span>Nous contacter<\/span>\n  <i class=\"icon-angle-right\" aria-hidden=\"true\" ><\/i><\/a>\n\n              <\/div>\n           <\/div>\n                            \n<style>\n#text-box-1405398129 {\n  width: 60%;\n}\n#text-box-1405398129 .text-box-content {\n  font-size: 100%;\n}\n@media (min-width:550px) {\n  #text-box-1405398129 {\n    width: 60%;\n  }\n}\n<\/style>\n    <\/div>\n \n        <\/div>\n      <\/div>\n\n            \n<style>\n#banner-1030716360 {\n  padding-top: 200px;\n}\n#banner-1030716360 .bg.bg-loaded {\n  background-image: url(https:\/\/luxpowertek.com\/wp-content\/uploads\/2024\/04\/seven-scaled.webp);\n}\n#banner-1030716360 .overlay {\n  background-color: rgba(0, 0, 0, 0.599);\n}\n@media (min-width:550px) {\n  #banner-1030716360 {\n    padding-top: 32.29%;\n  }\n}\n<\/style>\n  <\/div>\n\n\n\t\t<\/div>\n\n\t\t\n<style>\n#section_317279296 {\n  padding-top: 30px;\n  padding-bottom: 30px;\n}\n<\/style>\n\t<\/section>","protected":false},"excerpt":{"rendered":"","protected":false},"author":3,"featured_media":0,"parent":0,"menu_order":0,"comment_status":"closed","ping_status":"closed","template":"page-transparent-header-light.php","meta":{"rop_custom_images_group":[],"rop_custom_messages_group":[],"rop_publish_now":"initial","rop_publish_now_accounts":[],"rop_publish_now_history":[],"rop_publish_now_status":"pending","footnotes":""},"class_list":["post-16172","page","type-page","status-publish","hentry"],"yoast_head":"<!-- This site is optimized with the Yoast SEO plugin v27.3 - https:\/\/yoast.com\/product\/yoast-seo-wordpress\/ -->\n<title>Wl-Link Dongle - LuxpowerTek<\/title>\n<meta name=\"description\" content=\"The WL-Link dongle is a flexible communication device designed to provide users with versatile connectivity options.\" \/>\n<meta name=\"robots\" content=\"index, follow, max-snippet:-1, max-image-preview:large, max-video-preview:-1\" \/>\n<link rel=\"canonical\" href=\"https:\/\/luxpowertek.com\/fr\/onduleur-e-dongle-wifi-2\/\" \/>\n<meta property=\"og:locale\" content=\"fr_FR\" \/>\n<meta property=\"og:type\" content=\"article\" \/>\n<meta property=\"og:title\" content=\"Wl-Link Dongle - LuxpowerTek\" \/>\n<meta property=\"og:description\" content=\"The WL-Link dongle is a flexible communication device designed to provide users with versatile connectivity options.\" \/>\n<meta property=\"og:url\" content=\"https:\/\/luxpowertek.com\/fr\/onduleur-e-dongle-wifi-2\/\" \/>\n<meta property=\"article:modified_time\" content=\"2025-11-19T03:25:41+00:00\" \/>\n<meta name=\"twitter:card\" content=\"summary_large_image\" \/>\n<meta name=\"twitter:label1\" content=\"Dur\u00e9e de lecture estim\u00e9e\" \/>\n\t<meta name=\"twitter:data1\" content=\"2 minutes\" \/>\n<script type=\"application\/ld+json\" class=\"yoast-schema-graph\">{\"@context\":\"https:\\\/\\\/schema.org\",\"@graph\":[{\"@type\":\"WebPage\",\"@id\":\"https:\\\/\\\/luxpowertek.com\\\/wl-link\\\/\",\"url\":\"https:\\\/\\\/luxpowertek.com\\\/wl-link\\\/\",\"name\":\"Wl-Link Dongle - LuxpowerTek\",\"isPartOf\":{\"@id\":\"https:\\\/\\\/luxpowertek.com\\\/#website\"},\"datePublished\":\"2025-10-24T10:04:40+00:00\",\"dateModified\":\"2025-11-19T03:25:41+00:00\",\"description\":\"The WL-Link dongle is a flexible communication device designed to provide users with versatile connectivity options.\",\"breadcrumb\":{\"@id\":\"https:\\\/\\\/luxpowertek.com\\\/wl-link\\\/#breadcrumb\"},\"inLanguage\":\"fr-FR\",\"potentialAction\":[{\"@type\":\"ReadAction\",\"target\":[\"https:\\\/\\\/luxpowertek.com\\\/wl-link\\\/\"]}]},{\"@type\":\"BreadcrumbList\",\"@id\":\"https:\\\/\\\/luxpowertek.com\\\/wl-link\\\/#breadcrumb\",\"itemListElement\":[{\"@type\":\"ListItem\",\"position\":1,\"name\":\"Home\",\"item\":\"https:\\\/\\\/luxpowertek.com\\\/\"},{\"@type\":\"ListItem\",\"position\":2,\"name\":\"WL-Link\"}]},{\"@type\":\"WebSite\",\"@id\":\"https:\\\/\\\/luxpowertek.com\\\/#website\",\"url\":\"https:\\\/\\\/luxpowertek.com\\\/\",\"name\":\"\",\"description\":\"\",\"potentialAction\":[{\"@type\":\"SearchAction\",\"target\":{\"@type\":\"EntryPoint\",\"urlTemplate\":\"https:\\\/\\\/luxpowertek.com\\\/?s={search_term_string}\"},\"query-input\":{\"@type\":\"PropertyValueSpecification\",\"valueRequired\":true,\"valueName\":\"search_term_string\"}}],\"inLanguage\":\"fr-FR\"}]}<\/script>\n<!-- \/ Yoast SEO plugin. -->","yoast_head_json":{"title":"Wl-Link Dongle - LuxpowerTek","description":"The WL-Link dongle is a flexible communication device designed to provide users with versatile connectivity options.","robots":{"index":"index","follow":"follow","max-snippet":"max-snippet:-1","max-image-preview":"max-image-preview:large","max-video-preview":"max-video-preview:-1"},"canonical":"https:\/\/luxpowertek.com\/fr\/onduleur-e-dongle-wifi-2\/","og_locale":"fr_FR","og_type":"article","og_title":"Wl-Link Dongle - LuxpowerTek","og_description":"The WL-Link dongle is a flexible communication device designed to provide users with versatile connectivity options.","og_url":"https:\/\/luxpowertek.com\/fr\/onduleur-e-dongle-wifi-2\/","article_modified_time":"2025-11-19T03:25:41+00:00","twitter_card":"summary_large_image","twitter_misc":{"Dur\u00e9e de lecture estim\u00e9e":"2 minutes"},"schema":{"@context":"https:\/\/schema.org","@graph":[{"@type":"WebPage","@id":"https:\/\/luxpowertek.com\/wl-link\/","url":"https:\/\/luxpowertek.com\/wl-link\/","name":"Wl-Link Dongle - LuxpowerTek","isPartOf":{"@id":"https:\/\/luxpowertek.com\/#website"},"datePublished":"2025-10-24T10:04:40+00:00","dateModified":"2025-11-19T03:25:41+00:00","description":"The WL-Link dongle is a flexible communication device designed to provide users with versatile connectivity options.","breadcrumb":{"@id":"https:\/\/luxpowertek.com\/wl-link\/#breadcrumb"},"inLanguage":"fr-FR","potentialAction":[{"@type":"ReadAction","target":["https:\/\/luxpowertek.com\/wl-link\/"]}]},{"@type":"BreadcrumbList","@id":"https:\/\/luxpowertek.com\/wl-link\/#breadcrumb","itemListElement":[{"@type":"ListItem","position":1,"name":"Home","item":"https:\/\/luxpowertek.com\/"},{"@type":"ListItem","position":2,"name":"WL-Link"}]},{"@type":"WebSite","@id":"https:\/\/luxpowertek.com\/#website","url":"https:\/\/luxpowertek.com\/","name":"","description":"","potentialAction":[{"@type":"SearchAction","target":{"@type":"EntryPoint","urlTemplate":"https:\/\/luxpowertek.com\/?s={search_term_string}"},"query-input":{"@type":"PropertyValueSpecification","valueRequired":true,"valueName":"search_term_string"}}],"inLanguage":"fr-FR"}]}},"_links":{"self":[{"href":"https:\/\/luxpowertek.com\/fr\/wp-json\/wp\/v2\/pages\/16172","targetHints":{"allow":["GET"]}}],"collection":[{"href":"https:\/\/luxpowertek.com\/fr\/wp-json\/wp\/v2\/pages"}],"about":[{"href":"https:\/\/luxpowertek.com\/fr\/wp-json\/wp\/v2\/types\/page"}],"author":[{"embeddable":true,"href":"https:\/\/luxpowertek.com\/fr\/wp-json\/wp\/v2\/users\/3"}],"replies":[{"embeddable":true,"href":"https:\/\/luxpowertek.com\/fr\/wp-json\/wp\/v2\/comments?post=16172"}],"version-history":[{"count":10,"href":"https:\/\/luxpowertek.com\/fr\/wp-json\/wp\/v2\/pages\/16172\/revisions"}],"predecessor-version":[{"id":16616,"href":"https:\/\/luxpowertek.com\/fr\/wp-json\/wp\/v2\/pages\/16172\/revisions\/16616"}],"wp:attachment":[{"href":"https:\/\/luxpowertek.com\/fr\/wp-json\/wp\/v2\/media?parent=16172"}],"curies":[{"name":"wp","href":"https:\/\/api.w.org\/{rel}","templated":true}]}}