{"id":15397,"date":"2025-08-22T10:13:17","date_gmt":"2025-08-22T02:13:17","guid":{"rendered":"https:\/\/luxpowertek.com\/?page_id=15397"},"modified":"2025-08-22T14:37:04","modified_gmt":"2025-08-22T06:37:04","slug":"politique-de-reponse-aux-vulnerabilites","status":"publish","type":"page","link":"https:\/\/luxpowertek.com\/fr\/politique-de-reponse-aux-vulnerabilites\/","title":{"rendered":"Politique de r\u00e9ponse aux vuln\u00e9rabilit\u00e9s"},"content":{"rendered":"<div class=\"banner has-hover\" id=\"banner-1973227098\">\n          <div class=\"banner-inner fill\">\n        <div class=\"banner-bg fill\" >\n            <div class=\"bg fill bg-fill\"><\/div>\n                        <div class=\"overlay\"><\/div>            \n                    <\/div>\n\t\t\n        <div class=\"banner-layers container\">\n            <div class=\"fill banner-link\"><\/div>            \n   <div id=\"text-box-17560350\" class=\"text-box banner-layer x50 md-x50 lg-x50 y50 md-y50 lg-y50 res-text\">\n                                <div class=\"text-box-content text dark\">\n              \n              <div class=\"text-inner text-center\">\n                  \n\t<div id=\"text-1380647166\" class=\"text\">\n\t\t\n<h1><b> Politique de r\u00e9ponse aux vuln\u00e9rabilit\u00e9s<\/b><\/h1>\n\t\t\n<style>\n#text-1380647166 {\n  line-height: 1.95;\n  text-align: center;\n  color: rgb(255,255,255);\n}\n#text-1380647166 > * {\n  color: rgb(255,255,255);\n}\n<\/style>\n\t<\/div>\n\t\n              <\/div>\n           <\/div>\n                            \n<style>\n#text-box-17560350 {\n  width: 61%;\n}\n#text-box-17560350 .text-box-content {\n  font-size: 100%;\n}\n<\/style>\n    <\/div>\n \n        <\/div>\n      <\/div>\n\n            \n<style>\n#banner-1973227098 {\n  padding-top: 500px;\n}\n#banner-1973227098 .bg.bg-loaded {\n  background-image: url(https:\/\/luxpowertek.com\/wp-content\/uploads\/2025\/08\/luosidao-1030x687.webp);\n}\n#banner-1973227098 .overlay {\n  background-color: rgba(0,0,0,.5);\n}\n#banner-1973227098 .bg {\n  background-position: 35% 47%;\n}\n<\/style>\n  <\/div>\n\n\n\t<div id=\"gap-2075281107\" class=\"gap-element clearfix\" style=\"display:block; height:auto;\">\n\t\t\n<style>\n#gap-2075281107 {\n  padding-top: 30px;\n}\n<\/style>\n\t<\/div>\n\t\n<div class=\"row\"  id=\"row-523341725\">\n\n\t<div id=\"col-2134742776\" class=\"col medium-5 small-12 large-5\"  >\n\t\t\t\t<div class=\"col-inner\"  >\n\t\t\t\n\t\t\t\n\t<div class=\"img has-hover x md-x lg-x y md-y lg-y\" id=\"image_155333001\">\n\t\t\t\t\t\t\t\t<div class=\"img-inner dark\" >\n\t\t\t<img loading=\"lazy\" decoding=\"async\" width=\"2560\" height=\"1706\" src=\"https:\/\/luxpowertek.com\/wp-content\/uploads\/2025\/08\/fangdajing-2-scaled.webp\" class=\"attachment-original size-original\" alt=\"\" srcset=\"https:\/\/luxpowertek.com\/wp-content\/uploads\/2025\/08\/fangdajing-2-scaled.webp 2560w, https:\/\/luxpowertek.com\/wp-content\/uploads\/2025\/08\/fangdajing-2-300x200.webp 300w, https:\/\/luxpowertek.com\/wp-content\/uploads\/2025\/08\/fangdajing-2-1030x686.webp 1030w, https:\/\/luxpowertek.com\/wp-content\/uploads\/2025\/08\/fangdajing-2-768x512.webp 768w, https:\/\/luxpowertek.com\/wp-content\/uploads\/2025\/08\/fangdajing-2-1536x1024.webp 1536w, https:\/\/luxpowertek.com\/wp-content\/uploads\/2025\/08\/fangdajing-2-2048x1365.webp 2048w, https:\/\/luxpowertek.com\/wp-content\/uploads\/2025\/08\/fangdajing-2-18x12.webp 18w, https:\/\/luxpowertek.com\/wp-content\/uploads\/2025\/08\/fangdajing-2-510x340.webp 510w\" sizes=\"auto, (max-width: 2560px) 100vw, 2560px\" \/>\t\t\t\t\t\t\n\t\t\t\t\t<\/div>\n\t\t\t\t\t\t\t\t\n<style>\n#image_155333001 {\n  width: 100%;\n}\n<\/style>\n\t<\/div>\n\t\n\t\t<\/div>\n\t\t\t\t\t<\/div>\n\n\t\n\n\t<div id=\"col-1695754524\" class=\"col medium-7 small-12 large-7\"  >\n\t\t\t\t<div class=\"col-inner\"  >\n\t\t\t\n\t\t\t\n<h2><span style=\"font-size: 140%;\"><b>1. Objectif de la politique<\/b><\/span><\/h2>\n\t<div id=\"gap-2031582268\" class=\"gap-element clearfix\" style=\"display:block; height:auto;\">\n\t\t\n<style>\n#gap-2031582268 {\n  padding-top: 110px;\n}\n<\/style>\n\t<\/div>\n\t\n<p><span style=\"font-size: 95%;\" data-font-family=\"default\">LuxpowerTek s&#039;engage \u00e0 fournir des produits et services s\u00fbrs et fiables \u00e0 ses clients du monde entier. Nous encourageons les chercheurs en s\u00e9curit\u00e9, nos partenaires et nos clients \u00e0 signaler les vuln\u00e9rabilit\u00e9s potentielles via <strong>pratiques de divulgation responsables<\/strong>, nous permettant de traiter et d\u2019att\u00e9nuer rapidement les risques.<\/span><\/p>\n\t\t<\/div>\n\t\t\t\t\t<\/div>\n\n\t\n<\/div>\n<div class=\"row\"  id=\"row-1701366720\">\n\n\t<div id=\"col-1527369369\" class=\"col medium-6 small-12 large-6\"  >\n\t\t\t\t<div class=\"col-inner\"  >\n\t\t\t\n\t\t\t\n<h2><span style=\"font-size: 140%;\"><b>2. Processus de reporting<\/b><\/span><\/h2>\n\t<div id=\"gap-844072883\" class=\"gap-element clearfix\" style=\"display:block; height:auto;\">\n\t\t\n<style>\n#gap-844072883 {\n  padding-top: 10px;\n}\n<\/style>\n\t<\/div>\n\t\n<p><span style=\"font-size: 95%;\" data-font-family=\"default\">Pour soumettre un rapport de vuln\u00e9rabilit\u00e9, veuillez utiliser les canaux suivants\u00a0:<\/span><\/p>\n<div class=\"row\"  id=\"row-1750299136\">\n\n\t<div id=\"col-1385053454\" class=\"col medium-2 small-12 large-2\"  >\n\t\t\t\t<div class=\"col-inner\"  >\n\t\t\t\n\t\t\t\n\t<div class=\"img has-hover x md-x lg-x y md-y lg-y\" id=\"image_2037554582\">\n\t\t\t\t\t\t\t\t<div class=\"img-inner dark\" style=\"margin:-4px 0px 0px 0px;\">\n\t\t\t<img loading=\"lazy\" decoding=\"async\" width=\"200\" height=\"200\" src=\"https:\/\/luxpowertek.com\/wp-content\/uploads\/2025\/08\/email.webp\" class=\"attachment-large size-large\" alt=\"\" srcset=\"https:\/\/luxpowertek.com\/wp-content\/uploads\/2025\/08\/email.webp 200w, https:\/\/luxpowertek.com\/wp-content\/uploads\/2025\/08\/email-80x80.webp 80w, https:\/\/luxpowertek.com\/wp-content\/uploads\/2025\/08\/email-12x12.webp 12w, https:\/\/luxpowertek.com\/wp-content\/uploads\/2025\/08\/email-100x100.webp 100w\" sizes=\"auto, (max-width: 200px) 100vw, 200px\" \/>\t\t\t\t\t\t\n\t\t\t\t\t<\/div>\n\t\t\t\t\t\t\t\t\n<style>\n#image_2037554582 {\n  width: 100%;\n}\n<\/style>\n\t<\/div>\n\t\n\t\t<\/div>\n\t\t\t\t\t<\/div>\n\n\t\n\n\t<div id=\"col-1025943504\" class=\"col medium-10 small-12 large-10\"  >\n\t\t\t\t<div class=\"col-inner\"  >\n\t\t\t\n\t\t\t\n\t<div id=\"text-110734616\" class=\"text\">\n\t\t\n<p style=\"text-align: left;\"><b><span data-font-family=\"default\">Courriel<\/span><\/b><\/p>\n<p style=\"text-align: left;\"><span data-font-family=\"default\">security@luxpowertek.com <\/span>(Cryptage PGP recommand\u00e9)<\/p>\n\t\t\n<style>\n#text-110734616 {\n  line-height: 1.25;\n  text-align: left;\n}\n<\/style>\n\t<\/div>\n\t\n\t\t<\/div>\n\t\t\t\t\t<\/div>\n\n\t\n<\/div>\n<div class=\"row\"  id=\"row-1897072367\">\n\n\t<div id=\"col-1861156182\" class=\"col medium-2 small-12 large-2\"  >\n\t\t\t\t<div class=\"col-inner\"  >\n\t\t\t\n\t\t\t\n\t<div class=\"img has-hover x md-x lg-x y md-y lg-y\" id=\"image_524437879\">\n\t\t\t\t\t\t\t\t<div class=\"img-inner dark\" style=\"margin:-4px 0px 0px 0px;\">\n\t\t\t<img loading=\"lazy\" decoding=\"async\" width=\"512\" height=\"512\" src=\"https:\/\/luxpowertek.com\/wp-content\/uploads\/2025\/08\/Lot.webp\" class=\"attachment-large size-large\" alt=\"\" srcset=\"https:\/\/luxpowertek.com\/wp-content\/uploads\/2025\/08\/Lot.webp 512w, https:\/\/luxpowertek.com\/wp-content\/uploads\/2025\/08\/Lot-300x300.webp 300w, https:\/\/luxpowertek.com\/wp-content\/uploads\/2025\/08\/Lot-80x80.webp 80w, https:\/\/luxpowertek.com\/wp-content\/uploads\/2025\/08\/Lot-12x12.webp 12w, https:\/\/luxpowertek.com\/wp-content\/uploads\/2025\/08\/Lot-510x510.webp 510w, https:\/\/luxpowertek.com\/wp-content\/uploads\/2025\/08\/Lot-100x100.webp 100w\" sizes=\"auto, (max-width: 512px) 100vw, 512px\" \/>\t\t\t\t\t\t\n\t\t\t\t\t<\/div>\n\t\t\t\t\t\t\t\t\n<style>\n#image_524437879 {\n  width: 100%;\n}\n<\/style>\n\t<\/div>\n\t\n\t\t<\/div>\n\t\t\t\t\t<\/div>\n\n\t\n\n\t<div id=\"col-1750390641\" class=\"col medium-10 small-12 large-10\"  >\n\t\t\t\t<div class=\"col-inner\"  >\n\t\t\t\n\t\t\t\n\t<div id=\"text-570776112\" class=\"text\">\n\t\t\n<p><b><span data-font-family=\"default\">Formulaire en ligne\/Portail de s\u00e9curit\u00e9<\/span><\/b><\/p>\n<p><span data-font-family=\"default\">Les d\u00e9tails de tout portail de s\u00e9curit\u00e9 d\u00e9di\u00e9 seront annonc\u00e9s s\u00e9par\u00e9ment<\/span><\/p>\n\t\t\n<style>\n#text-570776112 {\n  line-height: 1.25;\n  text-align: left;\n}\n<\/style>\n\t<\/div>\n\t\n\t\t<\/div>\n\t\t\t\t\t<\/div>\n\n\t\n<\/div>\n<p><span data-font-family=\"default\">Veuillez inclure les informations suivantes dans votre rapport :<\/span><\/p>\n<ul>\n<li><span data-font-family=\"default\">Mod\u00e8le de produit et version du micrologiciel\/logiciel concern\u00e9s<\/span><\/li>\n<li><span data-font-family=\"default\">Description d\u00e9taill\u00e9e de la vuln\u00e9rabilit\u00e9 et \u00e9tapes de reproduction (ou preuve de concept)<\/span><\/li>\n<li><span data-font-family=\"default\">Analyse de l&#039;impact potentiel<\/span><\/li>\n<li><span data-font-family=\"default\">Coordonn\u00e9es pour la communication de suivi<\/span><\/li>\n<\/ul>\n\t\t<\/div>\n\t\t\t\t\t<\/div>\n\n\t\n\n\t<div id=\"col-1132948128\" class=\"col medium-6 small-12 large-6\"  >\n\t\t\t\t<div class=\"col-inner\"  >\n\t\t\t\n\t\t\t\n\t<div class=\"img has-hover x md-x lg-x y md-y lg-y\" id=\"image_820496080\">\n\t\t\t\t\t\t\t\t<div class=\"img-inner dark\" >\n\t\t\t<img loading=\"lazy\" decoding=\"async\" width=\"1920\" height=\"1280\" src=\"https:\/\/luxpowertek.com\/wp-content\/uploads\/2025\/08\/tijiao.webp\" class=\"attachment-original size-original\" alt=\"\" srcset=\"https:\/\/luxpowertek.com\/wp-content\/uploads\/2025\/08\/tijiao.webp 1920w, https:\/\/luxpowertek.com\/wp-content\/uploads\/2025\/08\/tijiao-300x200.webp 300w, https:\/\/luxpowertek.com\/wp-content\/uploads\/2025\/08\/tijiao-1030x687.webp 1030w, https:\/\/luxpowertek.com\/wp-content\/uploads\/2025\/08\/tijiao-768x512.webp 768w, https:\/\/luxpowertek.com\/wp-content\/uploads\/2025\/08\/tijiao-1536x1024.webp 1536w, https:\/\/luxpowertek.com\/wp-content\/uploads\/2025\/08\/tijiao-18x12.webp 18w, https:\/\/luxpowertek.com\/wp-content\/uploads\/2025\/08\/tijiao-510x340.webp 510w\" sizes=\"auto, (max-width: 1920px) 100vw, 1920px\" \/>\t\t\t\t\t\t\n\t\t\t\t\t<\/div>\n\t\t\t\t\t\t\t\t\n<style>\n#image_820496080 {\n  width: 100%;\n}\n<\/style>\n\t<\/div>\n\t\n<p><strong>CONSEILS:<\/strong><\/p>\n<p><span data-font-family=\"default\">Afin de garantir une divulgation responsable, veuillez vous abstenir de divulguer publiquement la vuln\u00e9rabilit\u00e9 jusqu&#039;\u00e0 ce qu&#039;un correctif officiel soit publi\u00e9.<\/span><\/p>\n\t\t<\/div>\n\t\t\t\t\t<\/div>\n\n\t\n<\/div>\n<h2><span style=\"font-size: 140%;\"><b>3. Port\u00e9e des tests de s\u00e9curit\u00e9 et limites de conformit\u00e9<\/b><\/span><\/h2>\n\t<div id=\"gap-1846342412\" class=\"gap-element clearfix\" style=\"display:block; height:auto;\">\n\t\t\n<style>\n#gap-1846342412 {\n  padding-top: 30px;\n}\n<\/style>\n\t<\/div>\n\t\n<h2><strong><span style=\"color: #63ad82;\">Activit\u00e9s de test autoris\u00e9es<\/span>\u2705<\/strong><\/h2>\n<ul>\n<li><span data-font-family=\"default\">Test des appareils locaux<\/span><\/li>\n<li><span data-font-family=\"default\">Analyse de la communication r\u00e9seau<\/span><\/li>\n<li><span data-font-family=\"default\">Configuration et validation des autorisations<\/span><\/li>\n<\/ul>\n\t<div id=\"gap-25234185\" class=\"gap-element clearfix\" style=\"display:block; height:auto;\">\n\t\t\n<style>\n#gap-25234185 {\n  padding-top: 30px;\n}\n<\/style>\n\t<\/div>\n\t\n<h2><span style=\"color: #d83131;\"><b>Activit\u00e9s interdites\u274c<\/b><\/span><\/h2>\n<ul>\n<li><span data-font-family=\"default\">Acc\u00e8s non autoris\u00e9 ou vol de donn\u00e9es utilisateur<\/span><\/li>\n<li><span data-font-family=\"default\">Exploitation de vuln\u00e9rabilit\u00e9s entra\u00eenant une interruption ou des dommages au service<\/span><\/li>\n<li><span data-font-family=\"default\">Analyse \u00e0 grande \u00e9chelle ou attaques par d\u00e9ni de service ciblant les environnements de production<\/span><\/li>\n<\/ul>\n\t<div id=\"gap-1370128640\" class=\"gap-element clearfix\" style=\"display:block; height:auto;\">\n\t\t\n<style>\n#gap-1370128640 {\n  padding-top: 50px;\n}\n<\/style>\n\t<\/div>\n\t\n<h2><span style=\"font-size: 140%;\"><b>4. Processus et calendrier de r\u00e9ponse aux vuln\u00e9rabilit\u00e9s<\/b><\/span><\/h2>\n<p><span data-font-family=\"default\">LuxpowerTek adh\u00e8re aux meilleures pratiques internationales et a \u00e9tabli un processus de r\u00e9ponse standardis\u00e9 pour g\u00e9rer les vuln\u00e9rabilit\u00e9s :<\/span><\/p>\n<ol>\n<li><b><span data-font-family=\"default\">Reconnaissance<\/span><\/b><span data-font-family=\"default\">:Dans les 5 jours ouvrables suivant la r\u00e9ception d\u2019un rapport, nous confirmerons sa r\u00e9ception.<\/span><\/li>\n<li><b><span data-font-family=\"default\">Validation et \u00e9valuation<\/span><\/b><span data-font-family=\"default\">:Notre \u00e9quipe de s\u00e9curit\u00e9 validera la vuln\u00e9rabilit\u00e9 et \u00e9valuera son niveau de risque \u00e0 l&#039;aide de la norme CVSS v3.1.<\/span><\/li>\n<li><b><span data-font-family=\"default\">Plan de rem\u00e9diation<\/span><\/b><span data-font-family=\"default\">:En fonction de la gravit\u00e9, nous \u00e9laborerons un plan de correction ou d\u2019att\u00e9nuation.<\/span><\/li>\n<li><b><span data-font-family=\"default\">Communication<\/span><\/b><span data-font-family=\"default\">:Nous resterons en contact avec le journaliste tout au long du processus, en demandant des informations suppl\u00e9mentaires si n\u00e9cessaire.<\/span><\/li>\n<li><b><span data-font-family=\"default\">Divulgation publique<\/span><\/b> <b><span data-font-family=\"default\">osure<\/span><\/b><span data-font-family=\"default\">:Une fois le probl\u00e8me r\u00e9solu, un avis de vuln\u00e9rabilit\u00e9 sera publi\u00e9 dans notre bulletin de s\u00e9curit\u00e9, avec un accus\u00e9 de r\u00e9ception au chercheur si son consentement est donn\u00e9.<\/span><\/li>\n<\/ol>\n<p><span data-font-family=\"default\">Le d\u00e9lai typique de r\u00e9solution et de divulgation est le suivant : <strong>90\u2013120<\/strong> jours, avec des vuln\u00e9rabilit\u00e9s critiques prioris\u00e9es pour un traitement acc\u00e9l\u00e9r\u00e9.<\/span><\/p>\n\t<div id=\"gap-99328397\" class=\"gap-element clearfix\" style=\"display:block; height:auto;\">\n\t\t\n<style>\n#gap-99328397 {\n  padding-top: 60px;\n}\n<\/style>\n\t<\/div>\n\t\n<h2><span style=\"font-size: 140%;\"><b>5. Classification de la gravit\u00e9 de la vuln\u00e9rabilit\u00e9<\/b><\/span><\/h2>\n<p><span data-font-family=\"default\">Les vuln\u00e9rabilit\u00e9s sont class\u00e9es selon la norme CVSS v3.1 comme suit\u00a0:<\/span><\/p>\n<div class=\"row\"  id=\"row-1868169965\">\n\n\t<div id=\"col-589524448\" class=\"col medium-3 small-6 large-3\"  >\n\t\t\t\t<div class=\"col-inner\"  >\n\t\t\t\n\t\t\t\n<p><b><span data-font-family=\"default\">Faible (0,1\u20133,9)<\/span><\/b><\/p>\n<p><span data-font-family=\"default\">Impact minimal, r\u00e9solu dans les it\u00e9rations ult\u00e9rieures.<\/span><\/p>\n\t\t<\/div>\n\t\t\t\t\t<\/div>\n\n\t\n\n\t<div id=\"col-1744971593\" class=\"col medium-3 small-6 large-3\"  >\n\t\t\t\t<div class=\"col-inner\"  >\n\t\t\t\n\t\t\t\n<p><b><span data-font-family=\"default\">Moyen (4,0\u20136,9)<\/span><\/b><\/p>\n<p><span data-font-family=\"default\"> Impact limit\u00e9, trait\u00e9 dans les mises \u00e0 jour logicielles de routine.<\/span><\/p>\n\t\t<\/div>\n\t\t\t\t\t<\/div>\n\n\t\n\n\t<div id=\"col-2063414452\" class=\"col medium-3 small-6 large-3\"  >\n\t\t\t\t<div class=\"col-inner\"  >\n\t\t\t\n\t\t\t\n<p><b><span data-font-family=\"default\">\u00c9lev\u00e9 (7,0\u20138,9)<\/span><\/b><\/p>\n<p><span data-font-family=\"default\"> Vuln\u00e9rabilit\u00e9s \u00e0 fort impact prioritaires pour une r\u00e9solution rapide.<\/span><\/p>\n\t\t<\/div>\n\t\t\t\t\t<\/div>\n\n\t\n\n\t<div id=\"col-374197549\" class=\"col medium-3 small-6 large-3\"  >\n\t\t\t\t<div class=\"col-inner\"  >\n\t\t\t\n\t\t\t\n<p><b><span data-font-family=\"default\">Critique (9,0\u201310,0)<\/span><\/b><\/p>\n<p><span data-font-family=\"default\"> Correction imm\u00e9diate avec publication urgente de correctifs.<\/span><\/p>\n\t\t<\/div>\n\t\t\t\t\t<\/div>\n\n\t\n<\/div>\n<h2><span style=\"font-size: 140%;\">6. Avis<\/span><\/h2>\n<h2><b><span data-font-family=\"default\">Principes de divulgation coordonn\u00e9e<\/span><\/b><\/h2>\n<p><span data-font-family=\"default\">LuxpowerTek adh\u00e8re \u00e0 une <\/span><b><span data-font-family=\"default\">maladies cardiovasculaires<\/span><\/b><b><span data-font-family=\"default\">(Divulgation coordonn\u00e9e de la vuln\u00e9rabilit\u00e9)<\/span><\/b><span data-font-family=\"default\"> mod\u00e8le permettant de garantir que les vuln\u00e9rabilit\u00e9s ne sont pas divulgu\u00e9es publiquement avant la publication d&#039;un correctif. <\/span><\/p>\n<p><span data-font-family=\"default\">Il est demand\u00e9 aux chercheurs de fournir une fen\u00eatre de correction raisonnable, g\u00e9n\u00e9ralement<\/span><b><span data-font-family=\"default\"> 90 jours<\/span><\/b><span data-font-family=\"default\">, pour faciliter une r\u00e9solution rapide.<\/span><\/p>\n<h2><b><span data-font-family=\"default\">Exemption l\u00e9gale<\/span><\/b><\/h2>\n<p><span data-font-family=\"default\">\u00c0 condition que les tests de vuln\u00e9rabilit\u00e9 et la divulgation soient effectu\u00e9s conform\u00e9ment \u00e0 cette politique, LuxpowerTek n&#039;engagera aucune action en justice contre les chercheurs et consid\u00e9rera ces activit\u00e9s comme <\/span><b><span data-font-family=\"default\">recherche de s\u00e9curit\u00e9 de bonne foi.<\/span><\/b><\/p>\n<h2><b><span data-font-family=\"default\">Clause de non-responsabilit\u00e9<\/span><\/b><\/h2>\n<p><i><span data-font-family=\"default\">Cette politique peut \u00eatre mise \u00e0 jour<\/span><\/i><span data-font-family=\"default\">d pour refl\u00e9ter les \u00e9volutions du secteur et les exigences l\u00e9gales. LuxpowerTek d\u00e9cline toute responsabilit\u00e9 quant aux pertes directes ou indirectes r\u00e9sultant de la divulgation d&#039;une vuln\u00e9rabilit\u00e9 ou de retards dans sa correction.<\/span><\/p>","protected":false},"excerpt":{"rendered":"<p>3. Port\u00e9e des tests de s\u00e9curit\u00e9 et limites de conformit\u00e9 Activit\u00e9s de test autoris\u00e9es\u2705 Test des appareils locaux Analyse des communications r\u00e9seau Validation de la configuration et des autorisations Activit\u00e9s interdites\u274c Acc\u00e8s non autoris\u00e9 ou vol de donn\u00e9es utilisateur Exploitation de vuln\u00e9rabilit\u00e9s provoquant une interruption ou des dommages au service Analyse \u00e0 grande \u00e9chelle ou attaques par d\u00e9ni de service ciblant les environnements de production 4. Processus et calendrier de r\u00e9ponse aux vuln\u00e9rabilit\u00e9s LuxpowerTek adh\u00e8re aux normes internationales\u2026<\/p>","protected":false},"author":3,"featured_media":0,"parent":0,"menu_order":0,"comment_status":"closed","ping_status":"closed","template":"","meta":{"rop_custom_images_group":[],"rop_custom_messages_group":[],"rop_publish_now":"initial","rop_publish_now_accounts":[],"rop_publish_now_history":[],"rop_publish_now_status":"pending","footnotes":""},"class_list":["post-15397","page","type-page","status-publish","hentry"],"yoast_head":"<!-- This site is optimized with the Yoast SEO plugin v27.3 - https:\/\/yoast.com\/product\/yoast-seo-wordpress\/ -->\n<title>Vulnerability Response Policy -<\/title>\n<meta name=\"robots\" content=\"index, follow, max-snippet:-1, max-image-preview:large, max-video-preview:-1\" \/>\n<link rel=\"canonical\" href=\"https:\/\/luxpowertek.com\/fr\/politique-de-reponse-aux-vulnerabilites\/\" \/>\n<meta property=\"og:locale\" content=\"fr_FR\" \/>\n<meta property=\"og:type\" content=\"article\" \/>\n<meta property=\"og:title\" content=\"Vulnerability Response Policy -\" \/>\n<meta property=\"og:description\" content=\"3. Security Testing Scope and Compliance Boundaries Permitted Testing Activities\u2705 Local device testing Network communication analysis Configuration and permission validation Prohibited Activities\u274c Unauthorized access or theft of user data Exploitation of vulnerabilities causing service disruption or damage Large-scale scanning or denial-of-service attacks targeting production environments 4. Vulnerability Response Process and Timeline LuxpowerTek adheres to international...\" \/>\n<meta property=\"og:url\" content=\"https:\/\/luxpowertek.com\/fr\/politique-de-reponse-aux-vulnerabilites\/\" \/>\n<meta property=\"article:modified_time\" content=\"2025-08-22T06:37:04+00:00\" \/>\n<meta name=\"twitter:card\" content=\"summary_large_image\" \/>\n<meta name=\"twitter:label1\" content=\"Dur\u00e9e de lecture estim\u00e9e\" \/>\n\t<meta name=\"twitter:data1\" content=\"3 minutes\" \/>\n<script type=\"application\/ld+json\" class=\"yoast-schema-graph\">{\"@context\":\"https:\\\/\\\/schema.org\",\"@graph\":[{\"@type\":\"WebPage\",\"@id\":\"https:\\\/\\\/luxpowertek.com\\\/vulnerability-response-policy\\\/\",\"url\":\"https:\\\/\\\/luxpowertek.com\\\/vulnerability-response-policy\\\/\",\"name\":\"Vulnerability Response Policy -\",\"isPartOf\":{\"@id\":\"https:\\\/\\\/luxpowertek.com\\\/#website\"},\"datePublished\":\"2025-08-22T02:13:17+00:00\",\"dateModified\":\"2025-08-22T06:37:04+00:00\",\"breadcrumb\":{\"@id\":\"https:\\\/\\\/luxpowertek.com\\\/vulnerability-response-policy\\\/#breadcrumb\"},\"inLanguage\":\"fr-FR\",\"potentialAction\":[{\"@type\":\"ReadAction\",\"target\":[\"https:\\\/\\\/luxpowertek.com\\\/vulnerability-response-policy\\\/\"]}]},{\"@type\":\"BreadcrumbList\",\"@id\":\"https:\\\/\\\/luxpowertek.com\\\/vulnerability-response-policy\\\/#breadcrumb\",\"itemListElement\":[{\"@type\":\"ListItem\",\"position\":1,\"name\":\"Home\",\"item\":\"https:\\\/\\\/luxpowertek.com\\\/\"},{\"@type\":\"ListItem\",\"position\":2,\"name\":\"Vulnerability Response Policy\"}]},{\"@type\":\"WebSite\",\"@id\":\"https:\\\/\\\/luxpowertek.com\\\/#website\",\"url\":\"https:\\\/\\\/luxpowertek.com\\\/\",\"name\":\"\",\"description\":\"\",\"potentialAction\":[{\"@type\":\"SearchAction\",\"target\":{\"@type\":\"EntryPoint\",\"urlTemplate\":\"https:\\\/\\\/luxpowertek.com\\\/?s={search_term_string}\"},\"query-input\":{\"@type\":\"PropertyValueSpecification\",\"valueRequired\":true,\"valueName\":\"search_term_string\"}}],\"inLanguage\":\"fr-FR\"}]}<\/script>\n<!-- \/ Yoast SEO plugin. -->","yoast_head_json":{"title":"Politique de r\u00e9ponse aux vuln\u00e9rabilit\u00e9s -","robots":{"index":"index","follow":"follow","max-snippet":"max-snippet:-1","max-image-preview":"max-image-preview:large","max-video-preview":"max-video-preview:-1"},"canonical":"https:\/\/luxpowertek.com\/fr\/politique-de-reponse-aux-vulnerabilites\/","og_locale":"fr_FR","og_type":"article","og_title":"Vulnerability Response Policy -","og_description":"3. Security Testing Scope and Compliance Boundaries Permitted Testing Activities\u2705 Local device testing Network communication analysis Configuration and permission validation Prohibited Activities\u274c Unauthorized access or theft of user data Exploitation of vulnerabilities causing service disruption or damage Large-scale scanning or denial-of-service attacks targeting production environments 4. Vulnerability Response Process and Timeline LuxpowerTek adheres to international...","og_url":"https:\/\/luxpowertek.com\/fr\/politique-de-reponse-aux-vulnerabilites\/","article_modified_time":"2025-08-22T06:37:04+00:00","twitter_card":"summary_large_image","twitter_misc":{"Dur\u00e9e de lecture estim\u00e9e":"3 minutes"},"schema":{"@context":"https:\/\/schema.org","@graph":[{"@type":"WebPage","@id":"https:\/\/luxpowertek.com\/vulnerability-response-policy\/","url":"https:\/\/luxpowertek.com\/vulnerability-response-policy\/","name":"Politique de r\u00e9ponse aux vuln\u00e9rabilit\u00e9s -","isPartOf":{"@id":"https:\/\/luxpowertek.com\/#website"},"datePublished":"2025-08-22T02:13:17+00:00","dateModified":"2025-08-22T06:37:04+00:00","breadcrumb":{"@id":"https:\/\/luxpowertek.com\/vulnerability-response-policy\/#breadcrumb"},"inLanguage":"fr-FR","potentialAction":[{"@type":"ReadAction","target":["https:\/\/luxpowertek.com\/vulnerability-response-policy\/"]}]},{"@type":"BreadcrumbList","@id":"https:\/\/luxpowertek.com\/vulnerability-response-policy\/#breadcrumb","itemListElement":[{"@type":"ListItem","position":1,"name":"Home","item":"https:\/\/luxpowertek.com\/"},{"@type":"ListItem","position":2,"name":"Vulnerability Response Policy"}]},{"@type":"WebSite","@id":"https:\/\/luxpowertek.com\/#website","url":"https:\/\/luxpowertek.com\/","name":"","description":"","potentialAction":[{"@type":"SearchAction","target":{"@type":"EntryPoint","urlTemplate":"https:\/\/luxpowertek.com\/?s={search_term_string}"},"query-input":{"@type":"PropertyValueSpecification","valueRequired":true,"valueName":"search_term_string"}}],"inLanguage":"fr-FR"}]}},"_links":{"self":[{"href":"https:\/\/luxpowertek.com\/fr\/wp-json\/wp\/v2\/pages\/15397","targetHints":{"allow":["GET"]}}],"collection":[{"href":"https:\/\/luxpowertek.com\/fr\/wp-json\/wp\/v2\/pages"}],"about":[{"href":"https:\/\/luxpowertek.com\/fr\/wp-json\/wp\/v2\/types\/page"}],"author":[{"embeddable":true,"href":"https:\/\/luxpowertek.com\/fr\/wp-json\/wp\/v2\/users\/3"}],"replies":[{"embeddable":true,"href":"https:\/\/luxpowertek.com\/fr\/wp-json\/wp\/v2\/comments?post=15397"}],"version-history":[{"count":11,"href":"https:\/\/luxpowertek.com\/fr\/wp-json\/wp\/v2\/pages\/15397\/revisions"}],"predecessor-version":[{"id":15427,"href":"https:\/\/luxpowertek.com\/fr\/wp-json\/wp\/v2\/pages\/15397\/revisions\/15427"}],"wp:attachment":[{"href":"https:\/\/luxpowertek.com\/fr\/wp-json\/wp\/v2\/media?parent=15397"}],"curies":[{"name":"wp","href":"https:\/\/api.w.org\/{rel}","templated":true}]}}