{"id":13289,"date":"2024-09-18T18:26:34","date_gmt":"2024-09-18T10:26:34","guid":{"rendered":"https:\/\/luxpowertek.com\/?page_id=13289"},"modified":"2024-09-18T21:15:03","modified_gmt":"2024-09-18T13:15:03","slug":"stockage-solaire-au-royaume-uni-2024","status":"publish","type":"page","link":"https:\/\/luxpowertek.com\/fr\/stockage-solaire-au-royaume-uni-2024\/","title":{"rendered":"Solaire et stockage au Royaume-Uni 2024"},"content":{"rendered":"<div class=\"slider-wrapper relative\" id=\"slider-421711720\" >\n    <div class=\"slider slider-nav-circle slider-nav-large slider-nav-light slider-style-normal\"\n        data-flickity-options='{            \"cellAlign\": \"center\",            \"imagesLoaded\": true,            \"lazyLoad\": 1,            \"freeScroll\": false,            \"wrapAround\": true,            \"autoPlay\": 6000,            \"pauseAutoPlayOnHover\" : true,            \"prevNextButtons\": true,            \"contain\" : true,            \"adaptiveHeight\" : true,            \"dragThreshold\" : 10,            \"percentPosition\": true,            \"pageDots\": true,            \"rightToLeft\": false,            \"draggable\": true,            \"selectedAttraction\": 0.1,            \"parallax\" : 0,            \"friction\": 0.6        }'\n        >\n        \n\n  <div class=\"banner has-hover\" id=\"banner-42195153\">\n          <div class=\"banner-inner fill\">\n        <div class=\"banner-bg fill\" >\n            <div class=\"bg fill bg-fill\"><\/div>\n                        <div class=\"overlay\"><\/div>            \n                    <\/div>\n\t\t\n        <div class=\"banner-layers container\">\n            <div class=\"fill banner-link\"><\/div>            \n   <div id=\"text-box-1087669557\" class=\"text-box banner-layer x50 md-x50 lg-x50 y50 md-y50 lg-y50 res-text\">\n                                <div class=\"text-box-content text dark\">\n              \n              <div class=\"text-inner text-center\">\n                  \n<h1>Rencontrez Luxpower au stand #B48<\/h1>\n<div id=\"timer-473406735\" class=\"ux-timer light\" data-text-plural=\"s\" data-text-hour=\"hour\" data-text-day=\"day\" data-text-week=\"week\" data-text-min=\"min\" data-text-sec=\"sec\" data-text-hour-p=\"\" data-text-day-p=\"\" data-text-week-p=\"\" data-text-min-p=\"\" data-text-sec-p=\"\" data-countdown=\"2024\/9\/24 18:00\"><span>&nbsp;<div class=\"loading-spin dark centered\"><\/div><strong>&nbsp;<\/strong><\/span><\/div>\n<style>\n#timer-473406735 {\n  font-size: 307%;\n}\n#timer-473406735 span {\n  background-color: rgba(255, 255, 255, 0.86);\n}\n<\/style>\n\n\t<div id=\"gap-1171226867\" class=\"gap-element clearfix\" style=\"display:block; height:auto;\">\n\t\t\n<style>\n#gap-1171226867 {\n  padding-top: 30px;\n}\n<\/style>\n\t<\/div>\n\t\n<a href=\"https:\/\/secure.terrapinn.com\/V5\/step2.aspx?q=3759484CPSS&#038;TMID=4251512&#038;EID=10835\" target=\"_blank\" class=\"button secondary is-larger\" rel=\"noopener\"  style=\"border-radius:10px;\">\n    <span>S'inscrire<\/span>\n  <i class=\"icon-angle-right\" aria-hidden=\"true\" ><\/i><\/a>\n\n              <\/div>\n           <\/div>\n                            \n<style>\n#text-box-1087669557 {\n  width: 80%;\n}\n#text-box-1087669557 .text-box-content {\n  font-size: 100%;\n}\n@media (min-width:550px) {\n  #text-box-1087669557 {\n    width: 69%;\n  }\n}\n<\/style>\n    <\/div>\n \n        <\/div>\n      <\/div>\n\n            \n<style>\n#banner-42195153 {\n  padding-top: 706px;\n}\n#banner-42195153 .bg.bg-loaded {\n  background-image: url(https:\/\/luxpowertek.com\/wp-content\/uploads\/2024\/08\/UK-EXPO-scaled.webp);\n}\n#banner-42195153 .overlay {\n  background-color: rgba(79, 79, 79, 0.5);\n}\n#banner-42195153 .bg {\n  background-position: 40% 54%;\n}\n<\/style>\n  <\/div>\n\n\n     <\/div>\n\n     <div class=\"loading-spin dark large centered\"><\/div>\n\n\t<\/div>\n\n\n<div class=\"row\"  id=\"row-1647662978\">\n\n\t<div id=\"col-2026952463\" class=\"col small-12 large-12\"  >\n\t\t\t\t<div class=\"col-inner\"  >\n\t\t\t\n\t\t\t\n\t<div id=\"text-2452414761\" class=\"text\">\n\t\t\n<h1 class=\"uppercase\" style=\"text-align: center;\">Rejoignez-nous au Solar &amp; Storage Live UK 2024\u00a0!<\/h1>\n<h1 class=\"uppercase\" style=\"text-align: center;\">Alimenter l&#039;avenir des solutions \u00e9nerg\u00e9tiques propres<\/h1>\n\t\t\n<style>\n#text-2452414761 {\n  text-align: center;\n}\n<\/style>\n\t<\/div>\n\t\n\t\t<\/div>\n\t\t\t\t\t<\/div>\n\n\t\n<\/div>\n<div class=\"row\"  id=\"row-1304233347\">\n\n\t<div id=\"col-756169392\" class=\"col medium-6 small-12 large-6\"  >\n\t\t\t\t<div class=\"col-inner\"  >\n\t\t\t\n\t\t\t\n\t<div id=\"text-3347199313\" class=\"text\">\n\t\t\n\t\t\n<style>\n#text-3347199313 {\n  text-align: left;\n}\n<\/style>\n\t<\/div>\n\t\n<ul>\n<li><span style=\"font-size: 120%;\"><strong>Date<\/strong>: 24-26 septembre 2024<\/span><\/li>\n<li><span style=\"font-size: 120%;\"><strong>Localisation<\/strong>:Le NEC, Birmingham, Royaume-Uni<\/span><\/li>\n<li><span style=\"font-size: 120%;\"><strong>Stand<\/strong>:#B48<\/span><\/li>\n<\/ul>\n<p><span style=\"font-size: 100%;\">Luxpower est ravi de pr\u00e9senter ses solutions de stockage d&#039;\u00e9nergie de pointe au Solar &amp; Storage Live UK 2024. \u00c0 mesure que le paysage \u00e9nerg\u00e9tique \u00e9volue, nos onduleurs hybrides et hors r\u00e9seau sont con\u00e7us pour fournir des solutions \u00e9nerg\u00e9tiques durables et efficaces pour les applications r\u00e9sidentielles et commerciales.<\/span><\/p>\n<a href=\"https:\/\/luxpowertek.com\/fr\/produits\/\" class=\"button secondary\"  style=\"border-radius:10px;\">\n    <span>D\u00e9couvrez nos produits<\/span>\n  <i class=\"icon-angle-right\" aria-hidden=\"true\" ><\/i><\/a>\n\n\t\t<\/div>\n\t\t\t\t\t<\/div>\n\n\t\n\n\t<div id=\"col-1253485030\" class=\"col medium-6 small-12 large-6\"  >\n\t\t\t\t<div class=\"col-inner\"  >\n\t\t\t\n\t\t\t\n\t<div id=\"gap-2146377468\" class=\"gap-element clearfix\" style=\"display:block; height:auto;\">\n\t\t\n<style>\n#gap-2146377468 {\n  padding-top: 30px;\n}\n<\/style>\n\t<\/div>\n\t\n\n  <div class=\"banner has-hover\" id=\"banner-1117261119\">\n          <div class=\"banner-inner fill\">\n        <div class=\"banner-bg fill\" >\n            <div class=\"bg fill bg-fill\"><\/div>\n                                    \n                    <\/div>\n\t\t\n        <div class=\"banner-layers container\">\n            <div class=\"fill banner-link\"><\/div>            \n   <div id=\"text-box-1879390207\" class=\"text-box banner-layer x50 md-x50 lg-x50 y50 md-y50 lg-y50 res-text\">\n                                <div class=\"text-box-content text dark\">\n              \n              <div class=\"text-inner text-center\">\n                  \n              <\/div>\n           <\/div>\n                            \n<style>\n#text-box-1879390207 {\n  width: 60%;\n}\n#text-box-1879390207 .text-box-content {\n  font-size: 100%;\n}\n<\/style>\n    <\/div>\n \n        <\/div>\n      <\/div>\n\n            \n<style>\n#banner-1117261119 {\n  padding-top: 56.25%;\n}\n#banner-1117261119 .bg.bg-loaded {\n  background-image: url(https:\/\/luxpowertek.com\/wp-content\/uploads\/2024\/09\/EU-Series.webp);\n}\n<\/style>\n  <\/div>\n\n\n\t\t<\/div>\n\t\t\t\t\t<\/div>\n\n\t\n<\/div>\n<div class=\"row\"  id=\"row-267817613\">\n\n\t<div id=\"col-355509162\" class=\"col medium-4 small-12 large-4\"  >\n\t\t\t\t<div class=\"col-inner\"  >\n\t\t\t\n\t\t\t\n\t\t<\/div>\n\t\t\t\t\t<\/div>\n\n\t\n\n\t<div id=\"col-649326029\" class=\"col medium-4 small-12 large-4\"  >\n\t\t\t\t<div class=\"col-inner\"  >\n\t\t\t\n\t\t\t\n\t\t<\/div>\n\t\t\t\t\t<\/div>\n\n\t\n\n\t<div id=\"col-60927002\" class=\"col medium-4 small-12 large-4\"  >\n\t\t\t\t<div class=\"col-inner\"  >\n\t\t\t\n\t\t\t\n\t\t<\/div>\n\t\t\t\t\t<\/div>\n\n\t\n<\/div>\n\t<div id=\"gap-252379602\" class=\"gap-element clearfix\" style=\"display:block; height:auto;\">\n\t\t\n<style>\n#gap-252379602 {\n  padding-top: 30px;\n}\n<\/style>\n\t<\/div>\n\t\n<div class=\"row\"  id=\"row-190599641\">\n\n\t<div id=\"col-1999386726\" class=\"col medium-6 small-12 large-6\"  >\n\t\t\t\t<div class=\"col-inner\"  >\n\t\t\t\n\t\t\t\n<h2>\u00c0 quoi s&#039;attendre dans le secteur de l&#039;\u00e9nergie solaire et du stockage au Royaume-Uni en 2024<\/h2>\n<ul>\n<li><span style=\"font-size: 100%;\"><strong>Onduleurs hybrides et hors r\u00e9seau innovants<\/strong>:Vitrine des onduleurs hybrides et hors r\u00e9seau de pointe de Luxpower, adapt\u00e9s aux applications r\u00e9sidentielles et commerciales de petite taille, dot\u00e9s de la technologie \u00e0 phase divis\u00e9e.<\/span><\/li>\n<li><span style=\"font-size: 100%;\"><strong>Derni\u00e8res solutions de charge intelligente et de couplage CA<\/strong>:Comment les onduleurs luxpower peuvent g\u00e9rer intelligemment la consommation d&#039;\u00e9nergie, en s&#039;int\u00e9grant \u00e0 divers syst\u00e8mes d&#039;\u00e9nergie renouvelable.<\/span><\/li>\n<li><span style=\"font-size: 100%;\"><strong>Lancement de nouveaux produits<\/strong>:Pr\u00e9sentation des derniers mod\u00e8les et fonctionnalit\u00e9s de produits hors r\u00e9seau SNA 12K de Luxpower, qui seront d\u00e9voil\u00e9s en exclusivit\u00e9 lors de l&#039;\u00e9v\u00e9nement.<\/span><\/li>\n<\/ul>\n<a href=\"https:\/\/secure.terrapinn.com\/V5\/step2.aspx?q=3759484CPSS&#038;TMID=4251512&#038;EID=10835\" target=\"_blank\" class=\"button secondary\" rel=\"noopener\"  style=\"border-radius:10px;\">\n    <span>Pour obtenir vos billets gratuits<\/span>\n  <i class=\"icon-angle-right\" aria-hidden=\"true\" ><\/i><\/a>\n\n\t\t<\/div>\n\t\t\t\t\n<style>\n#col-1999386726 > .col-inner {\n  padding: 0px 17px 34px 0px;\n}\n<\/style>\n\t<\/div>\n\n\t\n\n\t<div id=\"col-1759393044\" class=\"col medium-6 small-12 large-6\"  >\n\t\t\t\t<div class=\"col-inner\"  >\n\t\t\t\n\t\t\t\n<div class=\"slider-wrapper relative\" id=\"slider-1113497905\" >\n    <div class=\"slider slider-nav-circle slider-nav-large slider-nav-light slider-style-normal\"\n        data-flickity-options='{            \"cellAlign\": \"center\",            \"imagesLoaded\": true,            \"lazyLoad\": 1,            \"freeScroll\": false,            \"wrapAround\": true,            \"autoPlay\": 6000,            \"pauseAutoPlayOnHover\" : true,            \"prevNextButtons\": true,            \"contain\" : true,            \"adaptiveHeight\" : true,            \"dragThreshold\" : 10,            \"percentPosition\": true,            \"pageDots\": true,            \"rightToLeft\": false,            \"draggable\": true,            \"selectedAttraction\": 0.1,            \"parallax\" : 0,            \"friction\": 0.6        }'\n        >\n        \n\n  <div class=\"banner has-hover\" id=\"banner-179974411\">\n          <div class=\"banner-inner fill\">\n        <div class=\"banner-bg fill\" >\n            <div class=\"bg fill bg-fill\"><\/div>\n                                    \n                    <\/div>\n\t\t\n        <div class=\"banner-layers container\">\n            <div class=\"fill banner-link\"><\/div>            \n   <div id=\"text-box-1886745171\" class=\"text-box banner-layer x50 md-x50 lg-x50 y50 md-y50 lg-y50 res-text\">\n                                <div class=\"text-box-content text dark\">\n              \n              <div class=\"text-inner text-center\">\n                  \n              <\/div>\n           <\/div>\n                            \n<style>\n#text-box-1886745171 {\n  width: 60%;\n}\n#text-box-1886745171 .text-box-content {\n  font-size: 100%;\n}\n<\/style>\n    <\/div>\n \n        <\/div>\n      <\/div>\n\n            \n<style>\n#banner-179974411 {\n  padding-top: 500px;\n}\n#banner-179974411 .bg.bg-loaded {\n  background-image: url(https:\/\/luxpowertek.com\/wp-content\/uploads\/2024\/08\/three-2.webp);\n}\n#banner-179974411 .bg {\n  background-position: 0% 14%;\n}\n<\/style>\n  <\/div>\n\n\n     <\/div>\n\n     <div class=\"loading-spin dark large centered\"><\/div>\n\n\t<\/div>\n\n\n\t\t<\/div>\n\t\t\t\t\t<\/div>\n\n\t\n<\/div>\n\t<div id=\"gap-322134691\" class=\"gap-element clearfix\" style=\"display:block; height:auto;\">\n\t\t\n<style>\n#gap-322134691 {\n  padding-top: 30px;\n}\n<\/style>\n\t<\/div>\n\t\n<div class=\"row\"  id=\"row-867075380\">\n\n\t<div id=\"col-2121486002\" class=\"col small-12 large-12\"  >\n\t\t\t\t<div class=\"col-inner\"  >\n\t\t\t\n\t\t\t\n\t<div id=\"text-1567509520\" class=\"text\">\n\t\t\n<h3>Agenda de Luxpower<\/h3>\n\t\t\n<style>\n#text-1567509520 {\n  text-align: center;\n}\n<\/style>\n\t<\/div>\n\t\n<ul>\n<li>\n<p><strong>D\u00e9monstrations de produits<\/strong><\/p>\n<p>Nous pr\u00e9senterons nos derniers produits, notamment le <strong>SNA 12K US<\/strong> onduleur hors r\u00e9seau, <strong>Onduleurs hybrides<\/strong>, et <strong>solutions de stockage d&#039;\u00e9nergie<\/strong>Les visiteurs peuvent constater de visu comment nos syst\u00e8mes s\u2019int\u00e8grent parfaitement \u00e0 l\u2019\u00e9nergie solaire pour optimiser l\u2019efficacit\u00e9 \u00e9nerg\u00e9tique.<\/li>\n<li>\n<p><strong>Explications techniques et d\u00e9monstrations en direct<\/strong><\/p>\n<p>Nos ing\u00e9nieurs experts organiseront des d\u00e9monstrations en direct \u00e0 des heures programm\u00e9es tout au long de la journ\u00e9e, offrant des explications d\u00e9taill\u00e9es sur le fonctionnement de notre <strong>Gestion intelligente de la charge<\/strong>, <strong>Couplage CA<\/strong>, et <strong>Int\u00e9gration du port GEN<\/strong> travail. C&#039;est une excellente occasion de comprendre comment nos solutions s&#039;int\u00e8grent aux applications r\u00e9sidentielles et commerciales.<\/li>\n<li>\n<p><strong>Assistance technique sur site<\/strong><\/p>\n<p>Notre \u00e9quipe technique sera sur place pour vous fournir une assistance imm\u00e9diate et r\u00e9pondre \u00e0 toutes vos questions relatives aux produits. Que vous soyez distributeur, installateur ou utilisateur final, notre \u00e9quipe est pr\u00eate \u00e0 r\u00e9pondre \u00e0 toutes vos questions et \u00e0 vous conseiller sur les configurations du syst\u00e8me.<\/li>\n<li>\n<p><strong>Rencontres d&#039;affaires et r\u00e9seautage<\/strong><\/p>\n<p>Nous invitons les distributeurs, les installateurs et les professionnels du secteur \u00e0 discuter de collaborations commerciales potentielles. Notre \u00e9quipe commerciale sera disponible tout au long de l&#039;\u00e9v\u00e9nement pour explorer les opportunit\u00e9s de partenariat et adapter les solutions aux besoins sp\u00e9cifiques du march\u00e9.<\/li>\n<li>\n<p><strong>Pr\u00e9sentations commerciales exclusives<\/strong><\/p>\n<p>Chaque jour, nous proposerons des sessions exclusives ax\u00e9es sur la mani\u00e8re dont <strong>Les solutions de Luxpower<\/strong> peut aider les entreprises \u00e0 am\u00e9liorer leur ind\u00e9pendance \u00e9nerg\u00e9tique, \u00e0 r\u00e9duire leurs co\u00fbts et \u00e0 atteindre de nouveaux objectifs de durabilit\u00e9.<\/li>\n<\/ul>\n\t\t<\/div>\n\t\t\t\t\t<\/div>\n\n\t\n<\/div>\n\t<div id=\"gap-438392938\" class=\"gap-element clearfix\" style=\"display:block; height:auto;\">\n\t\t\n<style>\n#gap-438392938 {\n  padding-top: 30px;\n}\n<\/style>\n\t<\/div>\n\t\n<div class=\"row\"  id=\"row-948084123\">\n\n\t<div id=\"col-214027234\" class=\"col small-12 large-12\"  >\n\t\t\t\t<div class=\"col-inner\"  >\n\t\t\t\n\t\t\t\n<div class=\"text-center\"><div class=\"is-divider divider clearfix\" style=\"max-width:1080px;\"><\/div><\/div>\n\t\t<\/div>\n\t\t\t\t\t<\/div>\n\n\t\n<\/div>\n\n  <div class=\"banner has-hover\" id=\"banner-1873813175\">\n          <div class=\"banner-inner fill\">\n        <div class=\"banner-bg fill\" >\n            <div class=\"bg fill bg-fill\"><\/div>\n                                    \n                    <\/div>\n\t\t\t<div class=\"ux-shape-divider ux-shape-divider--top ux-shape-divider--style-triangle-opacity\">\n\t\t<svg viewbox=\"0 0 1000 100\" xmlns=\"http:\/\/www.w3.org\/2000\/svg\" preserveaspectratio=\"none\">\n\t<path class=\"ux-shape-fill\" d=\"M1025 100H-25L500 24L1025 100Z\"\/>\n\t<path class=\"ux-shape-fill\" opacity=\"0.3\" d=\"M1025 100H-25L500 0L1025 100Z\"\/>\n<\/svg>\n\t<\/div>\n\n        <div class=\"banner-layers container\">\n            <div class=\"fill banner-link\"><\/div>            \n   <div id=\"text-box-754582469\" class=\"text-box banner-layer x50 md-x50 lg-x50 y50 md-y50 lg-y50 res-text\">\n                                <div class=\"text-box-content text dark\">\n              \n              <div class=\"text-inner text-center\">\n                  \n<a href=\"https:\/\/secure.terrapinn.com\/V5\/step2.aspx?q=3759484CPSS&#038;TMID=4251512&#038;EID=10835\" target=\"_blank\" class=\"button primary\" rel=\"noopener\"  style=\"border-radius:10px;\">\n    <span>Pour obtenir vos billets gratuits<\/span>\n  <\/a>\n\n              <\/div>\n           <\/div>\n                            \n<style>\n#text-box-754582469 {\n  width: 60%;\n}\n#text-box-754582469 .text-box-content {\n  font-size: 100%;\n}\n<\/style>\n    <\/div>\n \n        <\/div>\n      <\/div>\n\n            \n<style>\n#banner-1873813175 {\n  padding-top: 500px;\n}\n#banner-1873813175 .bg.bg-loaded {\n  background-image: url(https:\/\/luxpowertek.com\/wp-content\/uploads\/2024\/08\/a10-scaled.webp);\n}\n#banner-1873813175 .ux-shape-divider--top svg {\n  height: 150px;\n  --divider-top-width: 100%;\n}\n<\/style>\n  <\/div>\n\n\n\t<div id=\"gap-2108580848\" class=\"gap-element clearfix\" style=\"display:block; height:auto;\">\n\t\t\n<style>\n#gap-2108580848 {\n  padding-top: 54px;\n}\n<\/style>\n\t<\/div>","protected":false},"excerpt":{"rendered":"","protected":false},"author":3,"featured_media":0,"parent":0,"menu_order":0,"comment_status":"closed","ping_status":"closed","template":"page-blank.php","meta":{"rop_custom_images_group":[],"rop_custom_messages_group":[],"rop_publish_now":"initial","rop_publish_now_accounts":[],"rop_publish_now_history":[],"rop_publish_now_status":"pending","footnotes":""},"class_list":["post-13289","page","type-page","status-publish","hentry"],"yoast_head":"<!-- This site is optimized with the Yoast SEO plugin v27.3 - https:\/\/yoast.com\/product\/yoast-seo-wordpress\/ -->\n<title>Solar &amp; Storage UK 2024 -<\/title>\n<meta name=\"robots\" content=\"index, follow, max-snippet:-1, max-image-preview:large, max-video-preview:-1\" \/>\n<link rel=\"canonical\" href=\"https:\/\/luxpowertek.com\/fr\/stockage-solaire-au-royaume-uni-2024\/\" \/>\n<meta property=\"og:locale\" content=\"fr_FR\" \/>\n<meta property=\"og:type\" content=\"article\" \/>\n<meta property=\"og:title\" content=\"Solar &amp; Storage UK 2024 -\" \/>\n<meta property=\"og:url\" content=\"https:\/\/luxpowertek.com\/fr\/stockage-solaire-au-royaume-uni-2024\/\" \/>\n<meta property=\"article:publisher\" content=\"https:\/\/www.facebook.com\/LUXPOWERTEK\" \/>\n<meta property=\"article:modified_time\" content=\"2024-09-18T13:15:03+00:00\" \/>\n<meta name=\"twitter:card\" content=\"summary_large_image\" \/>\n<script type=\"application\/ld+json\" class=\"yoast-schema-graph\">{\"@context\":\"https:\\\/\\\/schema.org\",\"@graph\":[{\"@type\":\"WebPage\",\"@id\":\"https:\\\/\\\/luxpowertek.com\\\/es\\\/almacenamiento-solar-reino-unido-2024\\\/\",\"url\":\"https:\\\/\\\/luxpowertek.com\\\/es\\\/almacenamiento-solar-reino-unido-2024\\\/\",\"name\":\"Solar & Storage UK 2024 -\",\"isPartOf\":{\"@id\":\"https:\\\/\\\/luxpowertek.com\\\/#website\"},\"datePublished\":\"2024-09-18T10:26:34+00:00\",\"dateModified\":\"2024-09-18T13:15:03+00:00\",\"breadcrumb\":{\"@id\":\"https:\\\/\\\/luxpowertek.com\\\/es\\\/almacenamiento-solar-reino-unido-2024\\\/#breadcrumb\"},\"inLanguage\":\"fr-FR\",\"potentialAction\":[{\"@type\":\"ReadAction\",\"target\":[\"https:\\\/\\\/luxpowertek.com\\\/es\\\/almacenamiento-solar-reino-unido-2024\\\/\"]}]},{\"@type\":\"BreadcrumbList\",\"@id\":\"https:\\\/\\\/luxpowertek.com\\\/es\\\/almacenamiento-solar-reino-unido-2024\\\/#breadcrumb\",\"itemListElement\":[{\"@type\":\"ListItem\",\"position\":1,\"name\":\"Home\",\"item\":\"https:\\\/\\\/luxpowertek.com\\\/\"},{\"@type\":\"ListItem\",\"position\":2,\"name\":\"Solar &#038; Storage UK 2024\"}]},{\"@type\":\"WebSite\",\"@id\":\"https:\\\/\\\/luxpowertek.com\\\/#website\",\"url\":\"https:\\\/\\\/luxpowertek.com\\\/\",\"name\":\"\",\"description\":\"\",\"publisher\":{\"@id\":\"https:\\\/\\\/luxpowertek.com\\\/#organization\"},\"potentialAction\":[{\"@type\":\"SearchAction\",\"target\":{\"@type\":\"EntryPoint\",\"urlTemplate\":\"https:\\\/\\\/luxpowertek.com\\\/?s={search_term_string}\"},\"query-input\":{\"@type\":\"PropertyValueSpecification\",\"valueRequired\":true,\"valueName\":\"search_term_string\"}}],\"inLanguage\":\"fr-FR\"},{\"@type\":\"Organization\",\"@id\":\"https:\\\/\\\/luxpowertek.com\\\/#organization\",\"name\":\"LuxpowerTek\",\"url\":\"https:\\\/\\\/luxpowertek.com\\\/\",\"logo\":{\"@type\":\"ImageObject\",\"inLanguage\":\"fr-FR\",\"@id\":\"https:\\\/\\\/luxpowertek.com\\\/#\\\/schema\\\/logo\\\/image\\\/\",\"url\":\"https:\\\/\\\/luxpowertek.com\\\/wp-content\\\/uploads\\\/2024\\\/08\\\/Luxpower_logo_new.webp\",\"contentUrl\":\"https:\\\/\\\/luxpowertek.com\\\/wp-content\\\/uploads\\\/2024\\\/08\\\/Luxpower_logo_new.webp\",\"width\":1030,\"height\":186,\"caption\":\"LuxpowerTek\"},\"image\":{\"@id\":\"https:\\\/\\\/luxpowertek.com\\\/#\\\/schema\\\/logo\\\/image\\\/\"},\"sameAs\":[\"https:\\\/\\\/www.facebook.com\\\/LUXPOWERTEK\"]}]}<\/script>\n<!-- \/ Yoast SEO plugin. -->","yoast_head_json":{"title":"Solaire et stockage au Royaume-Uni 2024 -","robots":{"index":"index","follow":"follow","max-snippet":"max-snippet:-1","max-image-preview":"max-image-preview:large","max-video-preview":"max-video-preview:-1"},"canonical":"https:\/\/luxpowertek.com\/fr\/stockage-solaire-au-royaume-uni-2024\/","og_locale":"fr_FR","og_type":"article","og_title":"Solar & Storage UK 2024 -","og_url":"https:\/\/luxpowertek.com\/fr\/stockage-solaire-au-royaume-uni-2024\/","article_publisher":"https:\/\/www.facebook.com\/LUXPOWERTEK","article_modified_time":"2024-09-18T13:15:03+00:00","twitter_card":"summary_large_image","schema":{"@context":"https:\/\/schema.org","@graph":[{"@type":"WebPage","@id":"https:\/\/luxpowertek.com\/es\/almacenamiento-solar-reino-unido-2024\/","url":"https:\/\/luxpowertek.com\/es\/almacenamiento-solar-reino-unido-2024\/","name":"Solaire et stockage au Royaume-Uni 2024 -","isPartOf":{"@id":"https:\/\/luxpowertek.com\/#website"},"datePublished":"2024-09-18T10:26:34+00:00","dateModified":"2024-09-18T13:15:03+00:00","breadcrumb":{"@id":"https:\/\/luxpowertek.com\/es\/almacenamiento-solar-reino-unido-2024\/#breadcrumb"},"inLanguage":"fr-FR","potentialAction":[{"@type":"ReadAction","target":["https:\/\/luxpowertek.com\/es\/almacenamiento-solar-reino-unido-2024\/"]}]},{"@type":"BreadcrumbList","@id":"https:\/\/luxpowertek.com\/es\/almacenamiento-solar-reino-unido-2024\/#breadcrumb","itemListElement":[{"@type":"ListItem","position":1,"name":"Home","item":"https:\/\/luxpowertek.com\/"},{"@type":"ListItem","position":2,"name":"Solar &#038; Storage UK 2024"}]},{"@type":"WebSite","@id":"https:\/\/luxpowertek.com\/#website","url":"https:\/\/luxpowertek.com\/","name":"","description":"","publisher":{"@id":"https:\/\/luxpowertek.com\/#organization"},"potentialAction":[{"@type":"SearchAction","target":{"@type":"EntryPoint","urlTemplate":"https:\/\/luxpowertek.com\/?s={search_term_string}"},"query-input":{"@type":"PropertyValueSpecification","valueRequired":true,"valueName":"search_term_string"}}],"inLanguage":"fr-FR"},{"@type":"Organization","@id":"https:\/\/luxpowertek.com\/#organization","name":"LuxpowerTek","url":"https:\/\/luxpowertek.com\/","logo":{"@type":"ImageObject","inLanguage":"fr-FR","@id":"https:\/\/luxpowertek.com\/#\/schema\/logo\/image\/","url":"https:\/\/luxpowertek.com\/wp-content\/uploads\/2024\/08\/Luxpower_logo_new.webp","contentUrl":"https:\/\/luxpowertek.com\/wp-content\/uploads\/2024\/08\/Luxpower_logo_new.webp","width":1030,"height":186,"caption":"LuxpowerTek"},"image":{"@id":"https:\/\/luxpowertek.com\/#\/schema\/logo\/image\/"},"sameAs":["https:\/\/www.facebook.com\/LUXPOWERTEK"]}]}},"_links":{"self":[{"href":"https:\/\/luxpowertek.com\/fr\/wp-json\/wp\/v2\/pages\/13289","targetHints":{"allow":["GET"]}}],"collection":[{"href":"https:\/\/luxpowertek.com\/fr\/wp-json\/wp\/v2\/pages"}],"about":[{"href":"https:\/\/luxpowertek.com\/fr\/wp-json\/wp\/v2\/types\/page"}],"author":[{"embeddable":true,"href":"https:\/\/luxpowertek.com\/fr\/wp-json\/wp\/v2\/users\/3"}],"replies":[{"embeddable":true,"href":"https:\/\/luxpowertek.com\/fr\/wp-json\/wp\/v2\/comments?post=13289"}],"version-history":[{"count":7,"href":"https:\/\/luxpowertek.com\/fr\/wp-json\/wp\/v2\/pages\/13289\/revisions"}],"predecessor-version":[{"id":13303,"href":"https:\/\/luxpowertek.com\/fr\/wp-json\/wp\/v2\/pages\/13289\/revisions\/13303"}],"wp:attachment":[{"href":"https:\/\/luxpowertek.com\/fr\/wp-json\/wp\/v2\/media?parent=13289"}],"curies":[{"name":"wp","href":"https:\/\/api.w.org\/{rel}","templated":true}]}}