{"id":11460,"date":"2024-08-03T22:04:18","date_gmt":"2024-08-03T14:04:18","guid":{"rendered":"https:\/\/luxpowertek.com\/?page_id=11460"},"modified":"2025-12-19T18:30:00","modified_gmt":"2025-12-19T10:30:00","slug":"partenaire","status":"publish","type":"page","link":"https:\/\/luxpowertek.com\/fr\/partenaire\/","title":{"rendered":"Partenaire"},"content":{"rendered":"<div class=\"banner has-hover show-for-small\" id=\"banner-235837956\">\n          <div class=\"banner-inner fill\">\n        <div class=\"banner-bg fill\" >\n            <div class=\"bg fill bg-fill\"><\/div>\n                        <div class=\"overlay\"><\/div>            \n                    <\/div>\n\t\t\n        <div class=\"banner-layers container\">\n            <div class=\"fill banner-link\"><\/div>            \n   <div id=\"text-box-477059927\" class=\"text-box banner-layer x50 md-x50 lg-x50 y50 md-y50 lg-y50 res-text\">\n                                <div class=\"text-box-content text dark\">\n              \n              <div class=\"text-inner text-center\">\n                  \n\t<div id=\"text-483283842\" class=\"text\">\n\t\t\n<p class=\"lead\"><strong><span style=\"font-size: 150%;\">Partenaire<\/span><\/strong><\/p>\n<p class=\"lead\"><span style=\"font-size: 100%;\">Associez-vous \u00e0 Luxpower pour des solutions solaires haut de gamme. Acc\u00e9dez \u00e0 des produits, un support et des ressources marketing de premier ordre pour prosp\u00e9rer dans l'industrie solaire.<\/span><\/p>\n\t\t\n<style>\n#text-483283842 {\n  font-size: 0.75rem;\n  line-height: 1.5;\n}\n@media (min-width:550px) {\n  #text-483283842 {\n    font-size: 0.95rem;\n    line-height: 1.75;\n  }\n}\n<\/style>\n\t<\/div>\n\t\n              <\/div>\n           <\/div>\n                            \n<style>\n#text-box-477059927 {\n  width: 94%;\n}\n#text-box-477059927 .text-box-content {\n  font-size: 100%;\n}\n@media (min-width:550px) {\n  #text-box-477059927 {\n    width: 72%;\n  }\n}\n<\/style>\n    <\/div>\n \n        <\/div>\n      <\/div>\n\n            \n<style>\n#banner-235837956 {\n  padding-top: 200px;\n}\n#banner-235837956 .bg.bg-loaded {\n  background-image: url(https:\/\/luxpowertek.com\/wp-content\/uploads\/2024\/04\/four.webp);\n}\n#banner-235837956 .overlay {\n  background-color: rgba(0, 0, 0, 0.31);\n}\n@media (min-width:550px) {\n  #banner-235837956 {\n    padding-top: 500px;\n  }\n}\n<\/style>\n  <\/div>\n\n\n\n  <div class=\"banner has-hover hide-for-small\" id=\"banner-47347058\">\n          <div class=\"banner-inner fill\">\n        <div class=\"banner-bg fill\" >\n            <div class=\"bg fill bg-fill\"><\/div>\n                        <div class=\"overlay\"><\/div>            \n                    <\/div>\n\t\t\n        <div class=\"banner-layers container\">\n            <div class=\"fill banner-link\"><\/div>            \n   <div id=\"text-box-1372682440\" class=\"text-box banner-layer x50 md-x50 lg-x50 y50 md-y50 lg-y50 res-text\">\n                                <div class=\"text-box-content text dark\">\n              \n              <div class=\"text-inner text-center\">\n                  \n\t<div id=\"text-924815560\" class=\"text\">\n\t\t\n<h1 class=\"lead\"><span style=\"font-size: 100%;\"><strong>Partenaire<\/strong><\/span><\/h1>\n<p class=\"lead\"><span style=\"font-size: 100%;\">Associez-vous \u00e0 Luxpower pour des solutions solaires haut de gamme. Acc\u00e9dez \u00e0 des produits, un support et des ressources marketing de premier ordre pour prosp\u00e9rer dans l'industrie solaire.<\/span><\/p>\n\t\t\n<style>\n#text-924815560 {\n  font-size: 0.95rem;\n  line-height: 1.75;\n}\n<\/style>\n\t<\/div>\n\t\n              <\/div>\n           <\/div>\n                            \n<style>\n#text-box-1372682440 {\n  width: 72%;\n}\n#text-box-1372682440 .text-box-content {\n  font-size: 100%;\n}\n<\/style>\n    <\/div>\n \n        <\/div>\n      <\/div>\n\n            \n<style>\n#banner-47347058 {\n  padding-top: 500px;\n}\n#banner-47347058 .bg.bg-loaded {\n  background-image: url(https:\/\/luxpowertek.com\/wp-content\/uploads\/2024\/04\/four.webp);\n}\n#banner-47347058 .overlay {\n  background-color: rgba(0, 0, 0, 0.186);\n}\n<\/style>\n  <\/div>\n\n\n\t<section class=\"section hide-for-small\" id=\"section_771824103\">\n\t\t<div class=\"bg section-bg fill bg-fill  bg-loaded\" >\n\n\t\t\t\n\t\t\t<div class=\"section-bg-overlay absolute fill\"><\/div>\n\t\t\t\n\n\t\t<\/div>\n\n\t\t\n\n\t\t<div class=\"section-content relative\">\n\t\t\t\n<div class=\"row\"  id=\"row-741607108\">\n\n\t<div id=\"col-1776688973\" class=\"col small-12 large-12\"  >\n\t\t\t\t<div class=\"col-inner\"  >\n\t\t\t\n\t\t\t\n<div class=\"row align-center\"  id=\"row-301642494\">\n\n\t<div id=\"col-1439585966\" class=\"col medium-11 small-12 large-11\"  >\n\t\t\t\t<div class=\"col-inner text-center\"  >\n\t\t\t\n\t\t\t\n\t<div id=\"text-1773257797\" class=\"text\">\n\t\t\n<p class=\"lead\"><strong><span style=\"font-size: 100%;\">En savoir plus<\/span><\/strong><\/p>\n<p class=\"lead\"><span style=\"font-size: 90%;\">Nos partenaires comprennent des propri\u00e9taires, des distributeurs et des experts en installation qui s'engagent \u00e0 fournir des solutions innovantes d'onduleurs de stockage d'\u00e9nergie aux clients, afin de faire avancer la transition \u00e9nerg\u00e9tique. Ils sont les piliers de notre succ\u00e8s, offrant le meilleur service et la meilleure assistance aux clients gr\u00e2ce \u00e0 leurs r\u00e9seaux \u00e9tendus et \u00e0 leur expertise.<\/span><\/p>\n\t\t\n<style>\n#text-1773257797 {\n  text-align: center;\n}\n<\/style>\n\t<\/div>\n\t\n\t\t<\/div>\n\t\t\t\t\t<\/div>\n\n\t\n<\/div>\n\t\t<\/div>\n\t\t\t\t\t<\/div>\n\n\t\n<\/div>\n<div class=\"row\"  id=\"row-850439698\">\n\n\t<div id=\"col-431899844\" class=\"col medium-4 small-12 large-4\"  >\n\t\t\t\t<div class=\"col-inner text-center\"  >\n\t\t\t\n\t\t\t\n\n  <div class=\"banner has-hover\" id=\"banner-377974189\">\n          <div class=\"banner-inner fill\">\n        <div class=\"banner-bg fill\" >\n            <div class=\"bg fill bg-fill\"><\/div>\n                                    \n                    <\/div>\n\t\t\n        <div class=\"banner-layers container\">\n            <div class=\"fill banner-link\"><\/div>            \n   <div id=\"text-box-324728493\" class=\"text-box banner-layer x50 md-x50 lg-x50 y50 md-y50 lg-y50 res-text\">\n                                <div class=\"text-box-content text dark\">\n              \n              <div class=\"text-inner text-center\">\n                  \n<p class=\"lead\"><strong><span style=\"font-size: 200%;\">Propri\u00e9taires<\/span><\/strong><\/p>\n\t<div id=\"gap-1185298558\" class=\"gap-element clearfix\" style=\"display:block; height:auto;\">\n\t\t\n<style>\n#gap-1185298558 {\n  padding-top: 20px;\n}\n<\/style>\n\t<\/div>\n\t\n<a href=\"https:\/\/luxpowertek.com\/fr\/proprietaires\/\" target=\"_blank\" class=\"button white is-outline is-xxlarge\" rel=\"noopener\"  style=\"border-radius:10px;\">\n    <span>Voir plus<\/span>\n  <\/a>\n\n              <\/div>\n           <\/div>\n                            \n<style>\n#text-box-324728493 {\n  margin: 108px 22px 28px 0px;\n  width: 60%;\n}\n#text-box-324728493 .text-box-content {\n  font-size: 100%;\n}\n<\/style>\n    <\/div>\n \n        <\/div>\n      <\/div>\n\n            \n<style>\n#banner-377974189 {\n  padding-top: 99.99%;\n}\n#banner-377974189 .bg.bg-loaded {\n  background-image: url(https:\/\/luxpowertek.com\/wp-content\/uploads\/2024\/04\/Homeowner-scaled.webp);\n}\n<\/style>\n  <\/div>\n\n\n\t\t<\/div>\n\t\t\t\t\t<\/div>\n\n\t\n\n\t<div id=\"col-1726812821\" class=\"col medium-4 small-12 large-4\"  >\n\t\t\t\t<div class=\"col-inner text-center\"  >\n\t\t\t\n\t\t\t\n\n  <div class=\"banner has-hover\" id=\"banner-1006985060\">\n          <div class=\"banner-inner fill\">\n        <div class=\"banner-bg fill\" >\n            <div class=\"bg fill bg-fill\"><\/div>\n                                    \n                    <\/div>\n\t\t\n        <div class=\"banner-layers container\">\n            <div class=\"fill banner-link\"><\/div>            \n   <div id=\"text-box-281544343\" class=\"text-box banner-layer x50 md-x50 lg-x50 y50 md-y50 lg-y50 res-text\">\n                                <div class=\"text-box-content text dark\">\n              \n              <div class=\"text-inner text-center\">\n                  \n<p class=\"uppercase lead\"><strong><span style=\"font-size: 200%;\">Distributeurs<\/span><\/strong><\/p>\n\t<div id=\"gap-1610224711\" class=\"gap-element clearfix\" style=\"display:block; height:auto;\">\n\t\t\n<style>\n#gap-1610224711 {\n  padding-top: 20px;\n}\n<\/style>\n\t<\/div>\n\t\n<a href=\"https:\/\/luxpowertek.com\/fr\/distributeur\/\" class=\"button white is-outline is-xxlarge\"  style=\"border-radius:10px;\">\n    <span>Voir plus<\/span>\n  <\/a>\n\n              <\/div>\n           <\/div>\n                            \n<style>\n#text-box-281544343 {\n  margin: 108px 27px 23px 0px;\n  width: 60%;\n}\n#text-box-281544343 .text-box-content {\n  font-size: 100%;\n}\n<\/style>\n    <\/div>\n \n   <div id=\"text-box-211547741\" class=\"text-box banner-layer x50 md-x50 lg-x50 y50 md-y50 lg-y50 res-text\">\n                                <div class=\"text-box-content text dark\">\n              \n              <div class=\"text-inner text-center\">\n                  \n<p class=\"uppercase lead\"><strong><span style=\"font-size: 200%;\">Distributeurs<\/span><\/strong><\/p>\n\t<div id=\"gap-2043563835\" class=\"gap-element clearfix\" style=\"display:block; height:auto;\">\n\t\t\n<style>\n#gap-2043563835 {\n  padding-top: 20px;\n}\n<\/style>\n\t<\/div>\n\t\n<a href=\"https:\/\/luxpowertek.com\/fr\/distributeur\/\" class=\"button white is-outline is-xxlarge\"  style=\"border-radius:10px;\">\n    <span>Voir plus<\/span>\n  <\/a>\n\n              <\/div>\n           <\/div>\n                            \n<style>\n#text-box-211547741 {\n  margin: 108px 27px 23px 0px;\n  width: 60%;\n}\n#text-box-211547741 .text-box-content {\n  font-size: 100%;\n}\n<\/style>\n    <\/div>\n \n        <\/div>\n      <\/div>\n\n            \n<style>\n#banner-1006985060 {\n  padding-top: 99.99%;\n}\n#banner-1006985060 .bg.bg-loaded {\n  background-image: url(https:\/\/luxpowertek.com\/wp-content\/uploads\/2024\/04\/shutterstock_2209220415-scaled.webp);\n}\n<\/style>\n  <\/div>\n\n\n\t\t<\/div>\n\t\t\t\t\t<\/div>\n\n\t\n\n\t<div id=\"col-1775094091\" class=\"col medium-4 small-12 large-4\"  >\n\t\t\t\t<div class=\"col-inner text-center\"  >\n\t\t\t\n\t\t\t\n\n  <div class=\"banner has-hover\" id=\"banner-704321379\">\n          <div class=\"banner-inner fill\">\n        <div class=\"banner-bg fill\" >\n            <div class=\"bg fill bg-fill\"><\/div>\n                                    \n                    <\/div>\n\t\t\n        <div class=\"banner-layers container\">\n            <div class=\"fill banner-link\"><\/div>            \n   <div id=\"text-box-1978324372\" class=\"text-box banner-layer x50 md-x50 lg-x50 y50 md-y50 lg-y50 res-text\">\n                                <div class=\"text-box-content text dark\">\n              \n              <div class=\"text-inner text-center\">\n                  \n<p class=\"lead\"><strong><span style=\"font-size: 200%;\">Installateurs<\/span><\/strong><\/p>\n\t<div id=\"gap-458675089\" class=\"gap-element clearfix\" style=\"display:block; height:auto;\">\n\t\t\n<style>\n#gap-458675089 {\n  padding-top: 20px;\n}\n<\/style>\n\t<\/div>\n\t\n              <\/div>\n           <\/div>\n                            \n<style>\n#text-box-1978324372 {\n  margin: 108px 0px 0px 0px;\n  width: 60%;\n}\n#text-box-1978324372 .text-box-content {\n  font-size: 100%;\n}\n<\/style>\n    <\/div>\n \n        <\/div>\n      <\/div>\n\n            \n<style>\n#banner-704321379 {\n  padding-top: 99.99%;\n}\n#banner-704321379 .bg.bg-loaded {\n  background-image: url(https:\/\/luxpowertek.com\/wp-content\/uploads\/2024\/04\/Installer-1-scaled.webp);\n}\n<\/style>\n  <\/div>\n\n\n\t\t<\/div>\n\t\t\t\t\t<\/div>\n\n\t\n<\/div>\n\t\t<\/div>\n\n\t\t\n<style>\n#section_771824103 {\n  padding-top: 30px;\n  padding-bottom: 30px;\n  background-color: #000000;\n}\n#section_771824103 .section-bg-overlay {\n  background-color: rgba(255, 255, 255, 0.923);\n}\n<\/style>\n\t<\/section>\n\t\n\t<section class=\"section show-for-small\" id=\"section_583960017\">\n\t\t<div class=\"bg section-bg fill bg-fill  bg-loaded\" >\n\n\t\t\t\n\t\t\t<div class=\"section-bg-overlay absolute fill\"><\/div>\n\t\t\t\n\n\t\t<\/div>\n\n\t\t\n\n\t\t<div class=\"section-content relative\">\n\t\t\t\n<div class=\"row\"  id=\"row-379822790\">\n\n\t<div id=\"col-1201508371\" class=\"col small-12 large-12\"  >\n\t\t\t\t<div class=\"col-inner\"  >\n\t\t\t\n\t\t\t\n<div class=\"row align-center\"  id=\"row-2103806863\">\n\n\t<div id=\"col-715249908\" class=\"col medium-11 small-12 large-11\"  >\n\t\t\t\t<div class=\"col-inner text-center\"  >\n\t\t\t\n\t\t\t\n\t<div id=\"text-478687241\" class=\"text\">\n\t\t\n<p class=\"lead\"><strong><span style=\"font-size: 100%;\">En savoir plus<\/span><\/strong><\/p>\n<p class=\"lead\"><span style=\"font-size: 90%;\">Nos partenaires comprennent des propri\u00e9taires, des distributeurs et des experts en installation qui s'engagent \u00e0 fournir des solutions innovantes d'onduleurs de stockage d'\u00e9nergie aux clients, afin de faire avancer la transition \u00e9nerg\u00e9tique. Ils sont les piliers de notre succ\u00e8s, offrant le meilleur service et la meilleure assistance aux clients gr\u00e2ce \u00e0 leurs r\u00e9seaux \u00e9tendus et \u00e0 leur expertise.<\/span><\/p>\n\t\t\n<style>\n#text-478687241 {\n  text-align: center;\n}\n<\/style>\n\t<\/div>\n\t\n\t\t<\/div>\n\t\t\t\t\t<\/div>\n\n\t\n<\/div>\n\t\t<\/div>\n\t\t\t\t\t<\/div>\n\n\t\n<\/div>\n\t<div id=\"gap-1552239736\" class=\"gap-element clearfix\" style=\"display:block; height:auto;\">\n\t\t\n<style>\n#gap-1552239736 {\n  padding-top: 30px;\n}\n<\/style>\n\t<\/div>\n\t\n\n  <div class=\"banner has-hover\" id=\"banner-1898309958\">\n          <div class=\"banner-inner fill\">\n        <div class=\"banner-bg fill\" >\n            <div class=\"bg fill bg-fill\"><\/div>\n                        <div class=\"overlay\"><\/div>            \n                    <\/div>\n\t\t\n        <div class=\"banner-layers container\">\n            <div class=\"fill banner-link\"><\/div>            \n   <div id=\"text-box-1945160958\" class=\"text-box banner-layer x50 md-x50 lg-x50 y90 md-y50 lg-y50 res-text\">\n                                <div class=\"text-box-content text dark\">\n              \n              <div class=\"text-inner text-center\">\n                  \n<p class=\"lead\"><strong><span style=\"font-size: 200%;\">Propri\u00e9taires<\/span><\/strong><\/p>\n\t<div id=\"gap-835151582\" class=\"gap-element clearfix\" style=\"display:block; height:auto;\">\n\t\t\n<style>\n#gap-835151582 {\n  padding-top: 20px;\n}\n<\/style>\n\t<\/div>\n\t\n<a href=\"https:\/\/luxpowertek.com\/fr\/proprietaires\/\" target=\"_blank\" class=\"button white is-outline is-larger\" rel=\"noopener\"  style=\"border-radius:10px;\">\n    <span>Voir plus<\/span>\n  <\/a>\n\n              <\/div>\n           <\/div>\n                            \n<style>\n#text-box-1945160958 {\n  margin: 108px 22px 28px 0px;\n  width: 60%;\n}\n#text-box-1945160958 .text-box-content {\n  font-size: 100%;\n}\n<\/style>\n    <\/div>\n \n        <\/div>\n      <\/div>\n\n            \n<style>\n#banner-1898309958 {\n  padding-top: 250px;\n}\n#banner-1898309958 .bg.bg-loaded {\n  background-image: url(https:\/\/luxpowertek.com\/wp-content\/uploads\/2024\/04\/Homeowner-scaled.webp);\n}\n#banner-1898309958 .overlay {\n  background-color: rgba(0, 0, 0, 0.31);\n}\n#banner-1898309958 .bg {\n  background-position: 35% 37%;\n}\n@media (min-width:550px) {\n  #banner-1898309958 {\n    padding-top: 500px;\n  }\n}\n<\/style>\n  <\/div>\n\n\n\t<div id=\"gap-831294957\" class=\"gap-element clearfix\" style=\"display:block; height:auto;\">\n\t\t\n<style>\n#gap-831294957 {\n  padding-top: 30px;\n}\n<\/style>\n\t<\/div>\n\t\n\n  <div class=\"banner has-hover\" id=\"banner-984728762\">\n          <div class=\"banner-inner fill\">\n        <div class=\"banner-bg fill\" >\n            <div class=\"bg fill bg-fill\"><\/div>\n                        <div class=\"overlay\"><\/div>            \n                    <\/div>\n\t\t\n        <div class=\"banner-layers container\">\n            <div class=\"fill banner-link\"><\/div>            \n   <div id=\"text-box-1756037910\" class=\"text-box banner-layer x50 md-x50 lg-x50 y90 md-y50 lg-y50 res-text\">\n                                <div class=\"text-box-content text dark\">\n              \n              <div class=\"text-inner text-center\">\n                  \n<p class=\"lead\"><strong><span style=\"font-size: 200%;\">Distributeurs<\/span><\/strong><\/p>\n\t<div id=\"gap-416099901\" class=\"gap-element clearfix\" style=\"display:block; height:auto;\">\n\t\t\n<style>\n#gap-416099901 {\n  padding-top: 20px;\n}\n<\/style>\n\t<\/div>\n\t\n<a href=\"https:\/\/luxpowertek.com\/fr\/distributeur\/\" target=\"_blank\" class=\"button white is-outline is-larger\" rel=\"noopener\"  style=\"border-radius:10px;\">\n    <span>Voir plus<\/span>\n  <\/a>\n\n              <\/div>\n           <\/div>\n                            \n<style>\n#text-box-1756037910 {\n  margin: 108px 22px 28px 0px;\n  width: 60%;\n}\n#text-box-1756037910 .text-box-content {\n  font-size: 100%;\n}\n<\/style>\n    <\/div>\n \n        <\/div>\n      <\/div>\n\n            \n<style>\n#banner-984728762 {\n  padding-top: 250px;\n}\n#banner-984728762 .bg.bg-loaded {\n  background-image: url(https:\/\/luxpowertek.com\/wp-content\/uploads\/2024\/04\/shutterstock_2209220415-scaled.webp);\n}\n#banner-984728762 .overlay {\n  background-color: rgba(0, 0, 0, 0.31);\n}\n@media (min-width:550px) {\n  #banner-984728762 {\n    padding-top: 500px;\n  }\n}\n<\/style>\n  <\/div>\n\n\n\t<div id=\"gap-333583331\" class=\"gap-element clearfix\" style=\"display:block; height:auto;\">\n\t\t\n<style>\n#gap-333583331 {\n  padding-top: 30px;\n}\n<\/style>\n\t<\/div>\n\t\n\n  <div class=\"banner has-hover\" id=\"banner-1743118133\">\n          <div class=\"banner-inner fill\">\n        <div class=\"banner-bg fill\" >\n            <div class=\"bg fill bg-fill\"><\/div>\n                        <div class=\"overlay\"><\/div>            \n                    <\/div>\n\t\t\n        <div class=\"banner-layers container\">\n            <div class=\"fill banner-link\"><\/div>            \n   <div id=\"text-box-952575326\" class=\"text-box banner-layer x50 md-x50 lg-x50 y90 md-y50 lg-y50 res-text\">\n                                <div class=\"text-box-content text dark\">\n              \n              <div class=\"text-inner text-center\">\n                  \n<p class=\"lead\"><strong><span style=\"font-size: 200%;\">Installateurs<\/span><\/strong><\/p>\n\t<div id=\"gap-820366977\" class=\"gap-element clearfix\" style=\"display:block; height:auto;\">\n\t\t\n<style>\n#gap-820366977 {\n  padding-top: 20px;\n}\n<\/style>\n\t<\/div>\n\t\n              <\/div>\n           <\/div>\n                            \n<style>\n#text-box-952575326 {\n  margin: 108px 22px 28px 0px;\n  width: 60%;\n}\n#text-box-952575326 .text-box-content {\n  font-size: 100%;\n}\n<\/style>\n    <\/div>\n \n        <\/div>\n      <\/div>\n\n            \n<style>\n#banner-1743118133 {\n  padding-top: 250px;\n}\n#banner-1743118133 .bg.bg-loaded {\n  background-image: url(https:\/\/luxpowertek.com\/wp-content\/uploads\/2024\/04\/Installer-scaled.webp);\n}\n#banner-1743118133 .overlay {\n  background-color: rgba(0, 0, 0, 0.31);\n}\n@media (min-width:550px) {\n  #banner-1743118133 {\n    padding-top: 500px;\n  }\n}\n<\/style>\n  <\/div>\n\n\n\t<div id=\"gap-21219394\" class=\"gap-element clearfix\" style=\"display:block; height:auto;\">\n\t\t\n<style>\n#gap-21219394 {\n  padding-top: 30px;\n}\n<\/style>\n\t<\/div>\n\t\n\t\t<\/div>\n\n\t\t\n<style>\n#section_583960017 {\n  padding-top: 30px;\n  padding-bottom: 30px;\n  background-color: #000000;\n}\n#section_583960017 .section-bg-overlay {\n  background-color: rgba(255, 255, 255, 0.923);\n}\n<\/style>\n\t<\/section>","protected":false},"excerpt":{"rendered":"","protected":false},"author":1,"featured_media":0,"parent":0,"menu_order":0,"comment_status":"closed","ping_status":"closed","template":"page-blank.php","meta":{"rop_custom_images_group":[],"rop_custom_messages_group":[],"rop_publish_now":"initial","rop_publish_now_accounts":[],"rop_publish_now_history":[],"rop_publish_now_status":"pending","footnotes":""},"class_list":["post-11460","page","type-page","status-publish","hentry"],"yoast_head":"<!-- This site is optimized with the Yoast SEO plugin v27.3 - https:\/\/yoast.com\/product\/yoast-seo-wordpress\/ -->\n<title>Partner with Luxpower for Premium Solar Solutions<\/title>\n<meta name=\"description\" content=\"Our partners include homeowners, distributors, and installation experts who are committed to providing innovative energy storage inverter solutions to customers, driving the energy transition forward.\" \/>\n<meta name=\"robots\" content=\"index, follow, max-snippet:-1, max-image-preview:large, max-video-preview:-1\" \/>\n<link rel=\"canonical\" href=\"https:\/\/luxpowertek.com\/fr\/partenaire\/\" \/>\n<meta property=\"og:locale\" content=\"fr_FR\" \/>\n<meta property=\"og:type\" content=\"article\" \/>\n<meta property=\"og:title\" content=\"Partner with Luxpower for Premium Solar Solutions\" \/>\n<meta property=\"og:description\" content=\"Our partners include homeowners, distributors, and installation experts who are committed to providing innovative energy storage inverter solutions to customers, driving the energy transition forward.\" \/>\n<meta property=\"og:url\" content=\"https:\/\/luxpowertek.com\/fr\/partenaire\/\" \/>\n<meta property=\"article:modified_time\" content=\"2025-12-19T10:30:00+00:00\" \/>\n<meta name=\"twitter:card\" content=\"summary_large_image\" \/>\n<meta name=\"twitter:label1\" content=\"Dur\u00e9e de lecture estim\u00e9e\" \/>\n\t<meta name=\"twitter:data1\" content=\"2 minutes\" \/>\n<script type=\"application\/ld+json\" class=\"yoast-schema-graph\">{\"@context\":\"https:\\\/\\\/schema.org\",\"@graph\":[{\"@type\":\"WebPage\",\"@id\":\"https:\\\/\\\/luxpowertek.com\\\/partner\\\/\",\"url\":\"https:\\\/\\\/luxpowertek.com\\\/partner\\\/\",\"name\":\"Partner with Luxpower for Premium Solar Solutions\",\"isPartOf\":{\"@id\":\"https:\\\/\\\/luxpowertek.com\\\/#website\"},\"datePublished\":\"2024-08-03T14:04:18+00:00\",\"dateModified\":\"2025-12-19T10:30:00+00:00\",\"description\":\"Our partners include homeowners, distributors, and installation experts who are committed to providing innovative energy storage inverter solutions to customers, driving the energy transition forward.\",\"breadcrumb\":{\"@id\":\"https:\\\/\\\/luxpowertek.com\\\/partner\\\/#breadcrumb\"},\"inLanguage\":\"fr-FR\",\"potentialAction\":[{\"@type\":\"ReadAction\",\"target\":[\"https:\\\/\\\/luxpowertek.com\\\/partner\\\/\"]}]},{\"@type\":\"BreadcrumbList\",\"@id\":\"https:\\\/\\\/luxpowertek.com\\\/partner\\\/#breadcrumb\",\"itemListElement\":[{\"@type\":\"ListItem\",\"position\":1,\"name\":\"Home\",\"item\":\"https:\\\/\\\/luxpowertek.com\\\/\"},{\"@type\":\"ListItem\",\"position\":2,\"name\":\"Partner\"}]},{\"@type\":\"WebSite\",\"@id\":\"https:\\\/\\\/luxpowertek.com\\\/#website\",\"url\":\"https:\\\/\\\/luxpowertek.com\\\/\",\"name\":\"\",\"description\":\"\",\"potentialAction\":[{\"@type\":\"SearchAction\",\"target\":{\"@type\":\"EntryPoint\",\"urlTemplate\":\"https:\\\/\\\/luxpowertek.com\\\/?s={search_term_string}\"},\"query-input\":{\"@type\":\"PropertyValueSpecification\",\"valueRequired\":true,\"valueName\":\"search_term_string\"}}],\"inLanguage\":\"fr-FR\"}]}<\/script>\n<!-- \/ Yoast SEO plugin. -->","yoast_head_json":{"title":"Faites confiance \u00e0 Luxpower pour des solutions solaires haut de gamme.","description":"Nos partenaires comprennent des propri\u00e9taires, des distributeurs et des experts en installation qui s&#039;engagent \u00e0 fournir aux clients des solutions innovantes d&#039;onduleurs de stockage d&#039;\u00e9nergie, contribuant ainsi \u00e0 faire progresser la transition \u00e9nerg\u00e9tique.","robots":{"index":"index","follow":"follow","max-snippet":"max-snippet:-1","max-image-preview":"max-image-preview:large","max-video-preview":"max-video-preview:-1"},"canonical":"https:\/\/luxpowertek.com\/fr\/partenaire\/","og_locale":"fr_FR","og_type":"article","og_title":"Partner with Luxpower for Premium Solar Solutions","og_description":"Our partners include homeowners, distributors, and installation experts who are committed to providing innovative energy storage inverter solutions to customers, driving the energy transition forward.","og_url":"https:\/\/luxpowertek.com\/fr\/partenaire\/","article_modified_time":"2025-12-19T10:30:00+00:00","twitter_card":"summary_large_image","twitter_misc":{"Dur\u00e9e de lecture estim\u00e9e":"2 minutes"},"schema":{"@context":"https:\/\/schema.org","@graph":[{"@type":"WebPage","@id":"https:\/\/luxpowertek.com\/partner\/","url":"https:\/\/luxpowertek.com\/partner\/","name":"Faites confiance \u00e0 Luxpower pour des solutions solaires haut de gamme.","isPartOf":{"@id":"https:\/\/luxpowertek.com\/#website"},"datePublished":"2024-08-03T14:04:18+00:00","dateModified":"2025-12-19T10:30:00+00:00","description":"Nos partenaires comprennent des propri\u00e9taires, des distributeurs et des experts en installation qui s&#039;engagent \u00e0 fournir aux clients des solutions innovantes d&#039;onduleurs de stockage d&#039;\u00e9nergie, contribuant ainsi \u00e0 faire progresser la transition \u00e9nerg\u00e9tique.","breadcrumb":{"@id":"https:\/\/luxpowertek.com\/partner\/#breadcrumb"},"inLanguage":"fr-FR","potentialAction":[{"@type":"ReadAction","target":["https:\/\/luxpowertek.com\/partner\/"]}]},{"@type":"BreadcrumbList","@id":"https:\/\/luxpowertek.com\/partner\/#breadcrumb","itemListElement":[{"@type":"ListItem","position":1,"name":"Home","item":"https:\/\/luxpowertek.com\/"},{"@type":"ListItem","position":2,"name":"Partner"}]},{"@type":"WebSite","@id":"https:\/\/luxpowertek.com\/#website","url":"https:\/\/luxpowertek.com\/","name":"","description":"","potentialAction":[{"@type":"SearchAction","target":{"@type":"EntryPoint","urlTemplate":"https:\/\/luxpowertek.com\/?s={search_term_string}"},"query-input":{"@type":"PropertyValueSpecification","valueRequired":true,"valueName":"search_term_string"}}],"inLanguage":"fr-FR"}]}},"_links":{"self":[{"href":"https:\/\/luxpowertek.com\/fr\/wp-json\/wp\/v2\/pages\/11460","targetHints":{"allow":["GET"]}}],"collection":[{"href":"https:\/\/luxpowertek.com\/fr\/wp-json\/wp\/v2\/pages"}],"about":[{"href":"https:\/\/luxpowertek.com\/fr\/wp-json\/wp\/v2\/types\/page"}],"author":[{"embeddable":true,"href":"https:\/\/luxpowertek.com\/fr\/wp-json\/wp\/v2\/users\/1"}],"replies":[{"embeddable":true,"href":"https:\/\/luxpowertek.com\/fr\/wp-json\/wp\/v2\/comments?post=11460"}],"version-history":[{"count":9,"href":"https:\/\/luxpowertek.com\/fr\/wp-json\/wp\/v2\/pages\/11460\/revisions"}],"predecessor-version":[{"id":16970,"href":"https:\/\/luxpowertek.com\/fr\/wp-json\/wp\/v2\/pages\/11460\/revisions\/16970"}],"wp:attachment":[{"href":"https:\/\/luxpowertek.com\/fr\/wp-json\/wp\/v2\/media?parent=11460"}],"curies":[{"name":"wp","href":"https:\/\/api.w.org\/{rel}","templated":true}]}}