{"id":11452,"date":"2024-08-03T21:50:21","date_gmt":"2024-08-03T13:50:21","guid":{"rendered":"https:\/\/luxpowertek.com\/?page_id=11452"},"modified":"2025-11-07T16:32:09","modified_gmt":"2025-11-07T08:32:09","slug":"applications","status":"publish","type":"page","link":"https:\/\/luxpowertek.com\/fr\/applications\/","title":{"rendered":"Applications"},"content":{"rendered":"<div class=\"banner has-hover\" id=\"banner-1144738832\">\n          <div class=\"banner-inner fill\">\n        <div class=\"banner-bg fill\" >\n            <div class=\"bg fill bg-fill\"><\/div>\n                                    \n                    <\/div>\n\t\t\n        <div class=\"banner-layers container\">\n            <div class=\"fill banner-link\"><\/div>            \n   <div id=\"text-box-1602376826\" class=\"text-box banner-layer x50 md-x50 lg-x50 y50 md-y50 lg-y50 res-text\">\n                                <div class=\"text-box-content text dark\">\n              \n              <div class=\"text-inner text-center\">\n                  \n              <\/div>\n           <\/div>\n                            \n<style>\n#text-box-1602376826 {\n  width: 60%;\n}\n#text-box-1602376826 .text-box-content {\n  font-size: 100%;\n}\n<\/style>\n    <\/div>\n \n        <\/div>\n      <\/div>\n\n            \n<style>\n#banner-1144738832 {\n  padding-top: 40%;\n}\n#banner-1144738832 .bg.bg-loaded {\n  background-image: url(https:\/\/luxpowertek.com\/wp-content\/uploads\/2024\/07\/Case-Study-scaled.webp);\n}\n<\/style>\n  <\/div>\n\n\n\t<section class=\"section\" id=\"section_2066881212\">\n\t\t<div class=\"bg section-bg fill bg-fill  bg-loaded\" >\n\n\t\t\t\n\t\t\t\n\t\t\t\n\n\t\t<\/div>\n\n\t\t\n\n\t\t<div class=\"section-content relative\">\n\t\t\t\n<div class=\"row\"  id=\"row-1939206500\">\n\n\t<div id=\"col-577034904\" class=\"col small-12 large-12\"  >\n\t\t\t\t<div class=\"col-inner\"  >\n\t\t\t\n\t\t\t\n\t<div id=\"text-4127997707\" class=\"text\">\n\t\t\n<h1 class=\"lead\"><span style=\"font-size: 115%;\"><strong>Cas clients<\/strong><\/span><\/h1>\n\t\t\n<style>\n#text-4127997707 {\n  text-align: center;\n}\n<\/style>\n\t<\/div>\n\t\n\t\t<\/div>\n\t\t\t\t\t<\/div>\n\n\t\n<\/div>\n<div class=\"row\"  id=\"row-1002695849\">\n\n\t<div id=\"col-116372201\" class=\"col medium-4 small-12 large-4\"  >\n\t\t\t\t<div class=\"col-inner\" style=\"background-color:rgb(255,255,255);\" >\n\t\t\t\n\t\t\t\n<div class=\"row\"  id=\"row-142778320\">\n\n\t<div id=\"col-278097034\" class=\"col small-12 large-12\"  >\n\t\t\t\t<div class=\"col-inner\"  >\n\t\t\t\n\t\t\t\n\t<div class=\"box has-hover   has-hover box-text-bottom\" >\n\n\t\t<div class=\"box-image\" >\n\t\t\t\t\t\t<div class=\"image-cover\" style=\"padding-top:100%;\">\n\t\t\t\t<img loading=\"lazy\" decoding=\"async\" width=\"1440\" height=\"1080\" src=\"https:\/\/luxpowertek.com\/wp-content\/uploads\/2024\/07\/Japan-case.webp\" class=\"attachment-original size-original\" alt=\"\" srcset=\"https:\/\/luxpowertek.com\/wp-content\/uploads\/2024\/07\/Japan-case.webp 1440w, https:\/\/luxpowertek.com\/wp-content\/uploads\/2024\/07\/Japan-case-300x225.webp 300w, https:\/\/luxpowertek.com\/wp-content\/uploads\/2024\/07\/Japan-case-1030x773.webp 1030w, https:\/\/luxpowertek.com\/wp-content\/uploads\/2024\/07\/Japan-case-768x576.webp 768w, https:\/\/luxpowertek.com\/wp-content\/uploads\/2024\/07\/Japan-case-510x383.webp 510w\" sizes=\"auto, (max-width: 1440px) 100vw, 1440px\" \/>\t\t\t\t\t\t\t\t\t\t\t<\/div>\n\t\t\t\t\t<\/div>\n\n\t\t<div class=\"box-text text-center\" >\n\t\t\t<div class=\"box-text-inner\">\n\t\t\t\t\n\t<div id=\"text-2720576475\" class=\"text\">\n\t\t\n<p class=\"lead\" style=\"text-align: center;\"><strong>LSP 100K au Japon<\/strong><\/p>\n<p class=\"lead\" style=\"text-align: center;\"><strong><span style=\"color: #63ad80;\">3,6 MWh Ferme photovolta\u00efque<\/span><\/strong><\/p>\n<p class=\"lead\"><span style=\"font-size: 90%;\">Avec 9 unit\u00e9s de Luxpower 100K, cette ferme solaire au Japon a \u00e9t\u00e9 transform\u00e9e en centrale de stockage d'\u00e9nergie, capable de g\u00e9rer 1,8 MW d'\u00e9nergie photovolta\u00efque et de charger jusqu'\u00e0 900 kW dans les batteries.<\/span><\/p>\n<p>\u00a0<\/p>\n<p>\u00a0<\/p>\n<p>\u00a0<\/p>\n<p>\u00a0<\/p>\n\t\t\n<style>\n#text-2720576475 {\n  text-align: left;\n}\n<\/style>\n\t<\/div>\n\t\n<a href=\"https:\/\/www.tiktok.com\/t\/ZTN9ojcxU\/\" class=\"button secondary is-outline is-large\"  style=\"border-radius:99px;\">\n    <span>Voir plus<\/span>\n  <\/a>\n\n\t\t\t<\/div>\n\t\t<\/div>\n\t<\/div>\n\t\n\t\t<\/div>\n\t\t\t\t\t<\/div>\n\n\t\n\n<style>\n#row-142778320 > .col > .col-inner {\n  background-color: rgba(9, 1, 1, 0.116);\n  border-radius: 15px;\n}\n<\/style>\n<\/div>\n\t\t<\/div>\n\t\t\t\t\t<\/div>\n\n\t\n\n\t<div id=\"col-971717333\" class=\"col medium-4 small-12 large-4\"  >\n\t\t\t\t<div class=\"col-inner\"  >\n\t\t\t\n\t\t\t\n<div class=\"row\"  id=\"row-224368532\">\n\n\t<div id=\"col-1034172111\" class=\"col small-12 large-12\"  >\n\t\t\t\t<div class=\"col-inner\"  >\n\t\t\t\n\t\t\t\n\t<div class=\"box has-hover   has-hover box-text-bottom\" >\n\n\t\t<div class=\"box-image\" >\n\t\t\t\t\t\t<div class=\"image-cover\" style=\"padding-top:100%;\">\n\t\t\t\t<img loading=\"lazy\" decoding=\"async\" width=\"1440\" height=\"1080\" src=\"https:\/\/luxpowertek.com\/wp-content\/uploads\/2024\/07\/UK-case.webp\" class=\"attachment-original size-original\" alt=\"\" srcset=\"https:\/\/luxpowertek.com\/wp-content\/uploads\/2024\/07\/UK-case.webp 1440w, https:\/\/luxpowertek.com\/wp-content\/uploads\/2024\/07\/UK-case-300x225.webp 300w, https:\/\/luxpowertek.com\/wp-content\/uploads\/2024\/07\/UK-case-1030x773.webp 1030w, https:\/\/luxpowertek.com\/wp-content\/uploads\/2024\/07\/UK-case-768x576.webp 768w, https:\/\/luxpowertek.com\/wp-content\/uploads\/2024\/07\/UK-case-510x383.webp 510w\" sizes=\"auto, (max-width: 1440px) 100vw, 1440px\" \/>\t\t\t\t\t\t\t\t\t\t\t<\/div>\n\t\t\t\t\t<\/div>\n\n\t\t<div class=\"box-text text-center\" >\n\t\t\t<div class=\"box-text-inner\">\n\t\t\t\t\n\t<div id=\"text-1153150169\" class=\"text\">\n\t\t\n<p class=\"lead\" style=\"text-align: center;\"><strong>TriP 20K au Royaume-Uni<\/strong><\/p>\n<p class=\"lead\" style=\"text-align: center;\"><span style=\"color: #63ad80;\"><strong>76,8 KWh PV&amp;ESS Camping<\/strong><\/span><\/p>\n<p class=\"lead\"><span style=\"font-size: 80%;\">D\u00e9couvrez l'installation de 2 unit\u00e9s d'onduleurs hybrides triphas\u00e9s Luxpower TriP 6-20K au Royaume-Uni, alimentant un camping compl\u00e8tement hors r\u00e9seau !<\/span><\/p>\n<p class=\"lead\"><span style=\"font-size: 80%;\">Gr\u00e2ce \u00e0 sa conception robuste, il g\u00e8re une entr\u00e9e PV de 30 kW et fournit une sortie ASI de 20 kW, garantissant des performances fiables pour les sc\u00e9narios r\u00e9sidentiels et commerciaux.<\/span><\/p>\n\t\t\n<style>\n#text-1153150169 {\n  text-align: left;\n}\n<\/style>\n\t<\/div>\n\t\n<a class=\"button secondary is-outline is-large\"  style=\"border-radius:99px;\">\n    <span>Voir plus<\/span>\n  <\/a>\n\n\t\t\t<\/div>\n\t\t<\/div>\n\t<\/div>\n\t\n\t\t<\/div>\n\t\t\t\t\t<\/div>\n\n\t\n\n<style>\n#row-224368532 > .col > .col-inner {\n  background-color: rgba(9, 1, 1, 0.116);\n  border-radius: 15px;\n}\n<\/style>\n<\/div>\n\t\t<\/div>\n\t\t\t\t\t<\/div>\n\n\t\n\n\t<div id=\"col-168624557\" class=\"col medium-4 small-12 large-4\"  >\n\t\t\t\t<div class=\"col-inner\"  >\n\t\t\t\n\t\t\t\n<div class=\"row\"  id=\"row-982852357\">\n\n\t<div id=\"col-1581900028\" class=\"col small-12 large-12\"  >\n\t\t\t\t<div class=\"col-inner\"  >\n\t\t\t\n\t\t\t\n\t<div class=\"box has-hover   has-hover box-text-bottom\" >\n\n\t\t<div class=\"box-image\" >\n\t\t\t\t\t\t<div class=\"\" >\n\t\t\t\t<img loading=\"lazy\" decoding=\"async\" width=\"1280\" height=\"1280\" src=\"https:\/\/luxpowertek.com\/wp-content\/uploads\/2024\/07\/Vietnam-case.webp\" class=\"attachment-original size-original\" alt=\"\" srcset=\"https:\/\/luxpowertek.com\/wp-content\/uploads\/2024\/07\/Vietnam-case.webp 1280w, https:\/\/luxpowertek.com\/wp-content\/uploads\/2024\/07\/Vietnam-case-300x300.webp 300w, https:\/\/luxpowertek.com\/wp-content\/uploads\/2024\/07\/Vietnam-case-1030x1030.webp 1030w, https:\/\/luxpowertek.com\/wp-content\/uploads\/2024\/07\/Vietnam-case-80x80.webp 80w, https:\/\/luxpowertek.com\/wp-content\/uploads\/2024\/07\/Vietnam-case-768x768.webp 768w, https:\/\/luxpowertek.com\/wp-content\/uploads\/2024\/07\/Vietnam-case-510x510.webp 510w, https:\/\/luxpowertek.com\/wp-content\/uploads\/2024\/07\/Vietnam-case-100x100.webp 100w\" sizes=\"auto, (max-width: 1280px) 100vw, 1280px\" \/>\t\t\t\t\t\t\t\t\t\t\t<\/div>\n\t\t\t\t\t<\/div>\n\n\t\t<div class=\"box-text text-center\" >\n\t\t\t<div class=\"box-text-inner\">\n\t\t\t\t\n\t<div id=\"text-1594319594\" class=\"text\">\n\t\t\n<p class=\"lead\" style=\"text-align: center;\"><strong>LXP-EU 10K au Vietnam<\/strong><\/p>\n<p class=\"lead\" style=\"text-align: center;\"><span style=\"color: #63ad80;\"><strong>Extension du syst\u00e8me de 3 \u00e0 7 unit\u00e9s<\/strong><\/span><\/p>\n<p class=\"lead\"><span style=\"font-size: 80%;\">Au cours des quatre derniers mois, nos clients se sont embarqu\u00e9s dans un voyage passionnant de transformation \u00e9nerg\u00e9tique. Ils ont choisi d'installer 3 onduleurs solaires LXP-EU 10K et ont r\u00e9ussi \u00e0 produire de l'\u00e9nergie connect\u00e9e au r\u00e9seau. Avec l'augmentation de la demande, l'\u00e9chelle du syst\u00e8me a continu\u00e9 \u00e0 s'\u00e9tendre, passant des 3 onduleurs initiaux \u00e0 5, et finalement \u00e0 7.\u00a0<\/span><\/p>\n\t\t\n<style>\n#text-1594319594 {\n  text-align: left;\n}\n<\/style>\n\t<\/div>\n\t\n<a href=\"https:\/\/www.tiktok.com\/t\/ZTNx1dcTC\/\" class=\"button secondary is-outline is-large\"  style=\"border-radius:99px;\">\n    <span>Voir plus<\/span>\n  <\/a>\n\n\t\t\t<\/div>\n\t\t<\/div>\n\t<\/div>\n\t\n\t\t<\/div>\n\t\t\t\t\t<\/div>\n\n\t\n\n<style>\n#row-982852357 > .col > .col-inner {\n  background-color: rgba(9, 1, 1, 0.116);\n  border-radius: 15px;\n}\n<\/style>\n<\/div>\n\t\t<\/div>\n\t\t\t\t\t<\/div>\n\n\t\n<\/div>\n<div class=\"row\"  id=\"row-182544712\">\n\n\t<div id=\"col-1044793188\" class=\"col medium-4 small-12 large-4\"  >\n\t\t\t\t<div class=\"col-inner\"  >\n\t\t\t\n\t\t\t\n<div class=\"row\"  id=\"row-27015254\">\n\n\t<div id=\"col-1030556914\" class=\"col small-12 large-12\"  >\n\t\t\t\t<div class=\"col-inner\"  >\n\t\t\t\n\t\t\t\n\t<div class=\"box has-hover   has-hover box-text-bottom\" >\n\n\t\t<div class=\"box-image\" >\n\t\t\t\t\t\t<div class=\"image-cover\" style=\"padding-top:100%;\">\n\t\t\t\t<img loading=\"lazy\" decoding=\"async\" width=\"1200\" height=\"1600\" src=\"https:\/\/luxpowertek.com\/wp-content\/uploads\/2024\/07\/Lebanon-case.webp\" class=\"attachment-original size-original\" alt=\"\" srcset=\"https:\/\/luxpowertek.com\/wp-content\/uploads\/2024\/07\/Lebanon-case.webp 1200w, https:\/\/luxpowertek.com\/wp-content\/uploads\/2024\/07\/Lebanon-case-225x300.webp 225w, https:\/\/luxpowertek.com\/wp-content\/uploads\/2024\/07\/Lebanon-case-773x1030.webp 773w, https:\/\/luxpowertek.com\/wp-content\/uploads\/2024\/07\/Lebanon-case-768x1024.webp 768w, https:\/\/luxpowertek.com\/wp-content\/uploads\/2024\/07\/Lebanon-case-1152x1536.webp 1152w, https:\/\/luxpowertek.com\/wp-content\/uploads\/2024\/07\/Lebanon-case-510x680.webp 510w\" sizes=\"auto, (max-width: 1200px) 100vw, 1200px\" \/>\t\t\t\t\t\t\t\t\t\t\t<\/div>\n\t\t\t\t\t<\/div>\n\n\t\t<div class=\"box-text text-center\" >\n\t\t\t<div class=\"box-text-inner\">\n\t\t\t\t\n\t<div id=\"text-383632367\" class=\"text\">\n\t\t\n<p class=\"lead\" style=\"text-align: center;\"><strong>LXP 12K au Liban<\/strong><\/p>\n<h4><\/h4>\n<p class=\"lead\" style=\"text-align: center;\"><span style=\"color: #63ad80;\"><strong>30 KWh Sauvegarde de l'ensemble de la maison<\/strong><\/span><\/p>\n<p>Avec un syst\u00e8me de batterie de 30kWh et g\u00e9r\u00e9 intelligemment par l'onduleur hybride Luxpower LXP 12kW, il exploite efficacement le soleil m\u00e9diterran\u00e9en pour une sauvegarde compl\u00e8te et transparente de la maison.<br \/>\n\t\t\n<style>\n#text-383632367 {\n  text-align: left;\n}\n<\/style>\n\t<\/div>\n\t\n<a href=\"https:\/\/www.tiktok.com\/t\/ZTNx1x38T\/\" class=\"button secondary is-outline is-large\"  style=\"border-radius:99px;\">\n    <span>Voir plus<\/span>\n  <\/a>\n\n\t\t\t<\/div>\n\t\t<\/div>\n\t<\/div>\n\t\n\t\t<\/div>\n\t\t\t\t\t<\/div>\n\n\t\n\n<style>\n#row-27015254 > .col > .col-inner {\n  background-color: rgba(9, 1, 1, 0.116);\n  border-radius: 15px;\n}\n<\/style>\n<\/div>\n\t\t<\/div>\n\t\t\t\t\t<\/div>\n\n\t\n\n\t<div id=\"col-1420017438\" class=\"col medium-4 small-12 large-4\"  >\n\t\t\t\t<div class=\"col-inner\"  >\n\t\t\t\n\t\t\t\n<div class=\"row\"  id=\"row-2132507804\">\n\n\t<div id=\"col-1866290800\" class=\"col small-12 large-12\"  >\n\t\t\t\t<div class=\"col-inner\"  >\n\t\t\t\n\t\t\t\n\t<div class=\"box has-hover   has-hover box-text-bottom\" >\n\n\t\t<div class=\"box-image\" >\n\t\t\t\t\t\t<div class=\"image-cover\" style=\"padding-top:100%;\">\n\t\t\t\t<img loading=\"lazy\" decoding=\"async\" width=\"1284\" height=\"963\" src=\"https:\/\/luxpowertek.com\/wp-content\/uploads\/2024\/07\/CA-Case.webp\" class=\"attachment-original size-original\" alt=\"\" srcset=\"https:\/\/luxpowertek.com\/wp-content\/uploads\/2024\/07\/CA-Case.webp 1284w, https:\/\/luxpowertek.com\/wp-content\/uploads\/2024\/07\/CA-Case-300x225.webp 300w, https:\/\/luxpowertek.com\/wp-content\/uploads\/2024\/07\/CA-Case-1030x773.webp 1030w, https:\/\/luxpowertek.com\/wp-content\/uploads\/2024\/07\/CA-Case-768x576.webp 768w, https:\/\/luxpowertek.com\/wp-content\/uploads\/2024\/07\/CA-Case-510x383.webp 510w\" sizes=\"auto, (max-width: 1284px) 100vw, 1284px\" \/>\t\t\t\t\t\t\t\t\t\t\t<\/div>\n\t\t\t\t\t<\/div>\n\n\t\t<div class=\"box-text text-center\" >\n\t\t\t<div class=\"box-text-inner\">\n\t\t\t\t\n\t<div id=\"text-2723135579\" class=\"text\">\n\t\t\n<p class=\"lead\" style=\"text-align: center;\"><strong>LXP-US 10K en CA<\/strong><\/p>\n<h4><\/h4>\n<p class=\"lead\" style=\"text-align: center;\"><span style=\"color: #63ad80;\"><strong>Syst\u00e8me de 20 KWh pour l'ensemble de l'entrep\u00f4t<\/strong><\/span><\/p>\n<p>Nous avons fourni une alimentation \u00e9lectrique fiable \u00e0 un petit entrep\u00f4t. Nous avons install\u00e9 un onduleur LXP-LB-US 10K, \u00e9quip\u00e9 de deux ensembles de batteries de 10 kWh, totalisant une capacit\u00e9 de stockage de 20 kWh. Ce syst\u00e8me fournit une alimentation \u00e9lectrique continue \u00e0 l'entrep\u00f4t, contribuant ainsi \u00e0 r\u00e9duire les co\u00fbts \u00e9nerg\u00e9tiques et la d\u00e9pendance au r\u00e9seau traditionnel.<br \/>\n\t\t\n<style>\n#text-2723135579 {\n  text-align: left;\n}\n<\/style>\n\t<\/div>\n\t\n<a href=\"https:\/\/www.tiktok.com\/t\/ZTNx1x38T\/\" class=\"button secondary is-outline is-large\"  style=\"border-radius:99px;\">\n    <span>Voir plus<\/span>\n  <\/a>\n\n\t\t\t<\/div>\n\t\t<\/div>\n\t<\/div>\n\t\n\t\t<\/div>\n\t\t\t\t\t<\/div>\n\n\t\n\n<style>\n#row-2132507804 > .col > .col-inner {\n  background-color: rgba(9, 1, 1, 0.116);\n  border-radius: 15px;\n}\n<\/style>\n<\/div>\n\t\t<\/div>\n\t\t\t\t\t<\/div>\n\n\t\n<\/div>\n\t\t<\/div>\n\n\t\t\n<style>\n#section_2066881212 {\n  padding-top: 30px;\n  padding-bottom: 30px;\n}\n<\/style>\n\t<\/section>","protected":false},"excerpt":{"rendered":"","protected":false},"author":1,"featured_media":0,"parent":0,"menu_order":0,"comment_status":"closed","ping_status":"closed","template":"page-blank.php","meta":{"rop_custom_images_group":[],"rop_custom_messages_group":[],"rop_publish_now":"initial","rop_publish_now_accounts":[],"rop_publish_now_history":[],"rop_publish_now_status":"pending","footnotes":""},"class_list":["post-11452","page","type-page","status-publish","hentry"],"yoast_head":"<!-- This site is optimized with the Yoast SEO plugin v27.3 - https:\/\/yoast.com\/product\/yoast-seo-wordpress\/ -->\n<title>Customer Cases - Luxpower<\/title>\n<meta name=\"description\" content=\"Click here to view real cases of using our solar inverters in various countries.\" \/>\n<meta name=\"robots\" content=\"index, follow, max-snippet:-1, max-image-preview:large, max-video-preview:-1\" \/>\n<link rel=\"canonical\" href=\"https:\/\/luxpowertek.com\/fr\/applications\/\" \/>\n<meta property=\"og:locale\" content=\"fr_FR\" \/>\n<meta property=\"og:type\" content=\"article\" \/>\n<meta property=\"og:title\" content=\"Customer Cases - Luxpower\" \/>\n<meta property=\"og:description\" content=\"Click here to view real cases of using our solar inverters in various countries.\" \/>\n<meta property=\"og:url\" content=\"https:\/\/luxpowertek.com\/fr\/applications\/\" \/>\n<meta property=\"article:modified_time\" content=\"2025-11-07T08:32:09+00:00\" \/>\n<meta name=\"twitter:card\" content=\"summary_large_image\" \/>\n<meta name=\"twitter:label1\" content=\"Dur\u00e9e de lecture estim\u00e9e\" \/>\n\t<meta name=\"twitter:data1\" content=\"2 minutes\" \/>\n<script type=\"application\/ld+json\" class=\"yoast-schema-graph\">{\"@context\":\"https:\\\/\\\/schema.org\",\"@graph\":[{\"@type\":\"WebPage\",\"@id\":\"https:\\\/\\\/luxpowertek.com\\\/applications\\\/\",\"url\":\"https:\\\/\\\/luxpowertek.com\\\/applications\\\/\",\"name\":\"Customer Cases - Luxpower\",\"isPartOf\":{\"@id\":\"https:\\\/\\\/luxpowertek.com\\\/#website\"},\"datePublished\":\"2024-08-03T13:50:21+00:00\",\"dateModified\":\"2025-11-07T08:32:09+00:00\",\"description\":\"Click here to view real cases of using our solar inverters in various countries.\",\"breadcrumb\":{\"@id\":\"https:\\\/\\\/luxpowertek.com\\\/applications\\\/#breadcrumb\"},\"inLanguage\":\"fr-FR\",\"potentialAction\":[{\"@type\":\"ReadAction\",\"target\":[\"https:\\\/\\\/luxpowertek.com\\\/applications\\\/\"]}]},{\"@type\":\"BreadcrumbList\",\"@id\":\"https:\\\/\\\/luxpowertek.com\\\/applications\\\/#breadcrumb\",\"itemListElement\":[{\"@type\":\"ListItem\",\"position\":1,\"name\":\"Home\",\"item\":\"https:\\\/\\\/luxpowertek.com\\\/\"},{\"@type\":\"ListItem\",\"position\":2,\"name\":\"Applications\"}]},{\"@type\":\"WebSite\",\"@id\":\"https:\\\/\\\/luxpowertek.com\\\/#website\",\"url\":\"https:\\\/\\\/luxpowertek.com\\\/\",\"name\":\"\",\"description\":\"\",\"potentialAction\":[{\"@type\":\"SearchAction\",\"target\":{\"@type\":\"EntryPoint\",\"urlTemplate\":\"https:\\\/\\\/luxpowertek.com\\\/?s={search_term_string}\"},\"query-input\":{\"@type\":\"PropertyValueSpecification\",\"valueRequired\":true,\"valueName\":\"search_term_string\"}}],\"inLanguage\":\"fr-FR\"}]}<\/script>\n<!-- \/ Yoast SEO plugin. -->","yoast_head_json":{"title":"Cas clients - Luxpower","description":"Cliquez ici pour voir des cas r\u00e9els d'utilisation de nos onduleurs solaires dans diff\u00e9rents pays.","robots":{"index":"index","follow":"follow","max-snippet":"max-snippet:-1","max-image-preview":"max-image-preview:large","max-video-preview":"max-video-preview:-1"},"canonical":"https:\/\/luxpowertek.com\/fr\/applications\/","og_locale":"fr_FR","og_type":"article","og_title":"Customer Cases - Luxpower","og_description":"Click here to view real cases of using our solar inverters in various countries.","og_url":"https:\/\/luxpowertek.com\/fr\/applications\/","article_modified_time":"2025-11-07T08:32:09+00:00","twitter_card":"summary_large_image","twitter_misc":{"Dur\u00e9e de lecture estim\u00e9e":"2 minutes"},"schema":{"@context":"https:\/\/schema.org","@graph":[{"@type":"WebPage","@id":"https:\/\/luxpowertek.com\/applications\/","url":"https:\/\/luxpowertek.com\/applications\/","name":"Cas clients - Luxpower","isPartOf":{"@id":"https:\/\/luxpowertek.com\/#website"},"datePublished":"2024-08-03T13:50:21+00:00","dateModified":"2025-11-07T08:32:09+00:00","description":"Cliquez ici pour voir des cas r\u00e9els d'utilisation de nos onduleurs solaires dans diff\u00e9rents pays.","breadcrumb":{"@id":"https:\/\/luxpowertek.com\/applications\/#breadcrumb"},"inLanguage":"fr-FR","potentialAction":[{"@type":"ReadAction","target":["https:\/\/luxpowertek.com\/applications\/"]}]},{"@type":"BreadcrumbList","@id":"https:\/\/luxpowertek.com\/applications\/#breadcrumb","itemListElement":[{"@type":"ListItem","position":1,"name":"Home","item":"https:\/\/luxpowertek.com\/"},{"@type":"ListItem","position":2,"name":"Applications"}]},{"@type":"WebSite","@id":"https:\/\/luxpowertek.com\/#website","url":"https:\/\/luxpowertek.com\/","name":"","description":"","potentialAction":[{"@type":"SearchAction","target":{"@type":"EntryPoint","urlTemplate":"https:\/\/luxpowertek.com\/?s={search_term_string}"},"query-input":{"@type":"PropertyValueSpecification","valueRequired":true,"valueName":"search_term_string"}}],"inLanguage":"fr-FR"}]}},"_links":{"self":[{"href":"https:\/\/luxpowertek.com\/fr\/wp-json\/wp\/v2\/pages\/11452","targetHints":{"allow":["GET"]}}],"collection":[{"href":"https:\/\/luxpowertek.com\/fr\/wp-json\/wp\/v2\/pages"}],"about":[{"href":"https:\/\/luxpowertek.com\/fr\/wp-json\/wp\/v2\/types\/page"}],"author":[{"embeddable":true,"href":"https:\/\/luxpowertek.com\/fr\/wp-json\/wp\/v2\/users\/1"}],"replies":[{"embeddable":true,"href":"https:\/\/luxpowertek.com\/fr\/wp-json\/wp\/v2\/comments?post=11452"}],"version-history":[{"count":10,"href":"https:\/\/luxpowertek.com\/fr\/wp-json\/wp\/v2\/pages\/11452\/revisions"}],"predecessor-version":[{"id":16466,"href":"https:\/\/luxpowertek.com\/fr\/wp-json\/wp\/v2\/pages\/11452\/revisions\/16466"}],"wp:attachment":[{"href":"https:\/\/luxpowertek.com\/fr\/wp-json\/wp\/v2\/media?parent=11452"}],"curies":[{"name":"wp","href":"https:\/\/api.w.org\/{rel}","templated":true}]}}