{"id":1665,"date":"2021-12-13T14:44:05","date_gmt":"2021-12-13T06:44:05","guid":{"rendered":"https:\/\/nibianqi.bbswaimao.com\/?post_type=product&#038;p=1665"},"modified":"2025-01-21T09:15:45","modified_gmt":"2025-01-21T01:15:45","slug":"lsp-100k-cc-cc","status":"publish","type":"product","link":"https:\/\/luxpowertek.com\/es\/lsp-100k-cc-cc\/","title":{"rendered":"LSP 100K CC\/CC"},"content":{"rendered":"<h2>Especificaci\u00f3n<\/h2>\n<div class=\"row\"  id=\"row-263218660\">\n\n\t<div id=\"col-175237857\" class=\"col small-12 large-12\"  >\n\t\t\t\t<div class=\"col-inner\"  >\n\t\t\t\n\t\t\t\n<table>\n<thead>\n<tr>\n<th>Entrada<\/th>\n<th>LSP 100k<\/th>\n<\/tr>\n<\/thead>\n<tbody>\n<tr>\n<td>Potencia de entrada m\u00e1x.<\/td>\n<td>200 kW<\/td>\n<\/tr>\n<tr>\n<td>Tensi\u00f3n de entrada m\u00e1x.<\/td>\n<td>1,000V<\/td>\n<\/tr>\n<tr>\n<td>tensi\u00f3n nominal de entrada<\/td>\n<td>630V<\/td>\n<\/tr>\n<tr>\n<td>rango de tensi\u00f3n de entrada<\/td>\n<td>300-1000V<\/td>\n<\/tr>\n<tr>\n<td>Tensi\u00f3n de arranque<\/td>\n<td>330V<\/td>\n<\/tr>\n<tr>\n<td>Corriente corta m\u00e1x. por MPPT<\/td>\n<td>40A<\/td>\n<\/tr>\n<tr>\n<td>Corriente m\u00e1xima por entrada MPPT<\/td>\n<td>26A<\/td>\n<\/tr>\n<tr>\n<td>N\u00famero de pistas MPPT<\/td>\n<td>12<\/td>\n<\/tr>\n<tr>\n<td>N\u00famero de cadenas de entrada<\/td>\n<td>24<\/td>\n<\/tr>\n<\/tbody>\n<\/table>\n\t\t<\/div>\n\t\t\t\t\t<\/div>\n\n\t\n<\/div>\n<div class=\"row\"  id=\"row-1411624080\">\n\n\t<div id=\"col-893152789\" class=\"col small-12 large-12\"  >\n\t\t\t\t<div class=\"col-inner\"  >\n\t\t\t\n\t\t\t\n<table>\n<thead>\n<tr>\n<th>Salida<\/th>\n<th>LSP 100k<\/th>\n<\/tr>\n<\/thead>\n<tbody>\n<tr>\n<td>Potencia nominal de salida DCDC<\/td>\n<td>100 kW<\/td>\n<\/tr>\n<tr>\n<td>Tensi\u00f3n de salida normal<\/td>\n<td>650V<\/td>\n<\/tr>\n<tr>\n<td>Rango de tensi\u00f3n de salida<\/td>\n<td>500~1000V<\/td>\n<\/tr>\n<tr>\n<td>Corriente m\u00e1xima de salida<\/td>\n<td>20A<\/td>\n<\/tr>\n<tr>\n<td>Cadenas de salida<\/td>\n<td>12<\/td>\n<\/tr>\n<tr>\n<td>Pistas de salida<\/td>\n<td>12<\/td>\n<\/tr>\n<\/tbody>\n<\/table>\n\t\t<\/div>\n\t\t\t\t\t<\/div>\n\n\t\n<\/div>\n<div class=\"row\"  id=\"row-1653513546\">\n\n\t<div id=\"col-783720029\" class=\"col small-12 large-12\"  >\n\t\t\t\t<div class=\"col-inner\"  >\n\t\t\t\n\t\t\t\n<table>\n<thead>\n<tr>\n<th>Bater\u00eda<\/th>\n<th>LSP 100k<\/th>\n<\/tr>\n<\/thead>\n<tbody>\n<tr>\n<td>Tipo<\/td>\n<td>Plomo-\u00e1cido\/Litio<\/td>\n<\/tr>\n<tr>\n<td>Potencia m\u00e1xima de carga y descarga<\/td>\n<td>100 kW<\/td>\n<\/tr>\n<tr>\n<td>Rango de tensi\u00f3n<\/td>\n<td>300~700Vcc<\/td>\n<\/tr>\n<tr>\n<td>Corriente m\u00e1xima de carga y descarga<\/td>\n<td>200A<\/td>\n<\/tr>\n<tr>\n<td>M\u00e1xima eficiencia de carga y descarga<\/td>\n<td>98,7%(TBD)<\/td>\n<\/tr>\n<\/tbody>\n<\/table>\n\t\t<\/div>\n\t\t\t\t\t<\/div>\n\n\t\n<\/div>\n<div class=\"row\"  id=\"row-1351665397\">\n\n\t<div id=\"col-1311116739\" class=\"col small-12 large-12\"  >\n\t\t\t\t<div class=\"col-inner\"  >\n\t\t\t\n\t\t\t\n<table>\n<thead>\n<tr>\n<th>Protecci\u00f3n<\/th>\n<th>LSP 100k<\/th>\n<\/tr>\n<\/thead>\n<tbody>\n<tr>\n<td>Protecci\u00f3n contra polaridad inversa CC<\/td>\n<td>S\u00ed<\/td>\n<\/tr>\n<tr>\n<td>Descargador de sobretensiones de CC<\/td>\n<td>Tipo II<\/td>\n<\/tr>\n<\/tbody>\n<\/table>\n\t\t<\/div>\n\t\t\t\t\t<\/div>\n\n\t\n<\/div>\n<div class=\"row\"  id=\"row-1611436987\">\n\n\t<div id=\"col-364722035\" class=\"col small-12 large-12\"  >\n\t\t\t\t<div class=\"col-inner\"  >\n\t\t\t\n\t\t\t\n<table>\n<thead>\n<tr>\n<th>Comunicaci\u00f3n<\/th>\n<th>LSP 100k<\/th>\n<\/tr>\n<\/thead>\n<tbody>\n<tr>\n<td>Mostrar<\/td>\n<td>LED+LCD\/Bot\u00f3n t\u00e1ctil<\/td>\n<\/tr>\n<tr>\n<td>WiFi<\/td>\n<td>S\u00ed<\/td>\n<\/tr>\n<\/tbody>\n<\/table>\n\t\t<\/div>\n\t\t\t\t\t<\/div>\n\n\t\n<\/div>\n<div class=\"row\"  id=\"row-1142125999\">\n\n\t<div id=\"col-2119023126\" class=\"col small-12 large-12\"  >\n\t\t\t\t<div class=\"col-inner\"  >\n\t\t\t\n\t\t\t\n<table>\n<thead>\n<tr>\n<th>General<\/th>\n<th>LSP 100k<\/th>\n<\/tr>\n<\/thead>\n<tbody>\n<tr>\n<td>Dimensiones (An x Al x Pr)<\/td>\n<td>TBD<\/td>\n<\/tr>\n<tr>\n<td>Peso (con placa de montaje)<\/td>\n<td>TBD<\/td>\n<\/tr>\n<tr>\n<td>Grado de protecci\u00f3n<\/td>\n<td>IP65<\/td>\n<\/tr>\n<tr>\n<td>Topolog\u00eda<\/td>\n<td>Sin transformador<\/td>\n<\/tr>\n<tr>\n<td>M\u00e9todo de refrigeraci\u00f3n<\/td>\n<td>Refrigeraci\u00f3n por aire<\/td>\n<\/tr>\n<tr>\n<td>Humedad relativa<\/td>\n<td>0%~100% Humedad relativa (sin condensaci\u00f3n)<\/td>\n<\/tr>\n<tr>\n<td>Temperatura de funcionamiento<\/td>\n<td>-25\u00b0C ~ 60\u00b0C<\/td>\n<\/tr>\n<tr>\n<td>Conector (entrada y salida FV)<\/td>\n<td>Amphenol UTX<\/td>\n<\/tr>\n<tr>\n<td>Altitud Altitud de funcionamiento<\/td>\n<td>2000m<\/td>\n<\/tr>\n<tr>\n<td>Garant\u00eda<\/td>\n<td>5 a\u00f1os<\/td>\n<\/tr>\n<\/tbody>\n<\/table>\n\t\t<\/div>\n\t\t\t\t\t<\/div>\n\n\t\n<\/div>\n\t<div id=\"text-4196056346\" class=\"text hidden\">\n\t\t\n<h2>Especificaci\u00f3n<\/h2>\n<div style=\"overflow: auto;\">\n<p>SolarLXP3KLXP3,6K\/4kLXP4,6K\/5KLXP6K<\/p>\n<table border=\"\u201d1\u2033\" width=\"\u201d3000px\u201d\" align=\"\u201dcenter\u201d\">\n<tbody>\n<tr>\n<td>M\u00e1x. Potencia de entrada CC<\/td>\n<td>6600W<\/td>\n<td>7000W<\/td>\n<td>8000W<\/td>\n<td>8000W<\/td>\n<\/tr>\n<tr>\n<td>Tensi\u00f3n nominal de entrada de CC<\/td>\n<td>360V.c.c.<\/td>\n<td>360V.c.c.<\/td>\n<td>360V.c.c.<\/td>\n<td>360V.c.c.<\/td>\n<\/tr>\n<tr>\n<td>Rango de tensi\u00f3n de entrada de CC<\/td>\n<td>100 - 550V.c.c.<\/td>\n<td>100 - 550V.c.c.<\/td>\n<td>100 - 550V.c.c.<\/td>\n<td>100 - 550V.c.c.<\/td>\n<\/tr>\n<tr>\n<td>Rango de tensi\u00f3n MPPT<\/td>\n<td>100 - 500V.c.c.<\/td>\n<td>100 - 500V.c.c.<\/td>\n<td>100 - 500V.c.c.<\/td>\n<td>100 - 500V.c.c.<\/td>\n<\/tr>\n<tr>\n<td>Tensi\u00f3n de arranque<\/td>\n<td>120V.c.c.<\/td>\n<td>120V.c.c.<\/td>\n<td>120V.c.c.<\/td>\n<td>120V.c.c.<\/td>\n<\/tr>\n<tr>\n<td>N\u00famero MPPT<\/td>\n<td>2<\/td>\n<td>2<\/td>\n<td>2<\/td>\n<td>2<\/td>\n<\/tr>\n<tr>\n<td>M\u00e1x. Corriente de entrada CC<\/td>\n<td>13A\/13A<\/td>\n<td>13A\/13A<\/td>\n<td>13A\/13A<\/td>\n<td>13A\/13A<\/td>\n<\/tr>\n<tr>\n<th colspan=\"5\">Bater\u00eda<\/th>\n<\/tr>\n<tr>\n<td>Tipo de bater\u00eda compatible<\/td>\n<td>I\u00f3n-litio\/\u00c1cido-plomo<\/td>\n<td>I\u00f3n-litio\/\u00c1cido-plomo<\/td>\n<td>I\u00f3n-litio\/\u00c1cido-plomo<\/td>\n<td>I\u00f3n-litio\/\u00c1cido-plomo<\/td>\n<\/tr>\n<tr>\n<td>Tensi\u00f3n nominal de la bater\u00eda<\/td>\n<td>48V.c.c.<\/td>\n<td>48V.c.c.<\/td>\n<td>48V.c.c.<\/td>\n<td>48V.c.c.<\/td>\n<\/tr>\n<tr>\n<td>Rango de tensi\u00f3n de la bater\u00eda<\/td>\n<td>40 - 60V.c.c.<\/td>\n<td>40 - 60V.c.c.<\/td>\n<td>40 - 60V.c.c.<\/td>\n<td>40 - 60V.c.c.<\/td>\n<\/tr>\n<tr>\n<td>M\u00e1x. Corriente de carga\/descarga<\/td>\n<td>66A\/66A<\/td>\n<td>66A\/66A<\/td>\n<td>80A\/80A<\/td>\n<td>80A\/80A<\/td>\n<\/tr>\n<tr>\n<td>Max. Potencia de carga\/descarga<\/td>\n<td>3600W\/3600W<\/td>\n<td>3600W\/3600W<\/td>\n<td>4000W\/4000W<\/td>\n<td>4000W\/4000W<\/td>\n<\/tr>\n<tr>\n<td>Curva de carga<\/td>\n<td>3 etapas<\/td>\n<td>3 etapas<\/td>\n<td>3 etapas<\/td>\n<td>3 etapas<\/td>\n<\/tr>\n<tr>\n<td>M\u00e1x. Tensi\u00f3n de carga<\/td>\n<td>59V<\/td>\n<td>59V<\/td>\n<td>59V<\/td>\n<td>59V<\/td>\n<\/tr>\n<tr>\n<td>Capacidad de la bater\u00eda<\/td>\n<td>2-20kWh<\/td>\n<td>2-20kWh<\/td>\n<td>2-20kWh<\/td>\n<td>2-20kWh<\/td>\n<\/tr>\n<tr>\n<th colspan=\"5\">Rejilla<\/th>\n<\/tr>\n<tr>\n<td>Potencia nominal de salida de CA<\/td>\n<td>3000W<\/td>\n<td>3600W\/4000W<\/td>\n<td>4600W\/5000W<\/td>\n<td>6000W<\/td>\n<\/tr>\n<tr>\n<td>M\u00e1x. Potencia de salida CA<\/td>\n<td>3000VA<\/td>\n<td>3600VA\/4000VA<\/td>\n<td>4600VA\/5000VA<\/td>\n<td>6000VA<\/td>\n<\/tr>\n<tr>\n<td>M\u00e1x. Corriente de salida CA<\/td>\n<td>15A<\/td>\n<td>16A\/20A<\/td>\n<td>25A<\/td>\n<td>26A<\/td>\n<\/tr>\n<tr>\n<td>Tensi\u00f3n nominal CA<\/td>\n<td>230V.a.c<\/td>\n<td>230V.a.c<\/td>\n<td>230V.a.c<\/td>\n<td>230V.a.c<\/td>\n<\/tr>\n<tr>\n<td>Rango de tensi\u00f3n CA<\/td>\n<td>180 - 270V.a.c<\/td>\n<td>180 - 270V.a.c<\/td>\n<td>180 - 270V.a.c<\/td>\n<td>180 - 270V.a.c<\/td>\n<\/tr>\n<tr>\n<td>Frecuencia nominal de CA<\/td>\n<td>50Hz \/ 60Hz<\/td>\n<td>50Hz \/ 60Hz<\/td>\n<td>50Hz \/ 60Hz<\/td>\n<td>50Hz \/ 60Hz<\/td>\n<\/tr>\n<tr>\n<td>Gama de frecuencias de CA<\/td>\n<td>45 - 55 Hz \/ 55 - 65 Hz<\/td>\n<td>45 - 55 Hz \/ 55 - 65 Hz<\/td>\n<td>45 - 55 Hz \/ 55 - 65 Hz<\/td>\n<td>45 - 55 Hz \/ 55 - 65 Hz<\/td>\n<\/tr>\n<tr>\n<td>Factor de potencia<\/td>\n<td>Ajustable de 0,8 sobreexcitado a 0,8 subexcitado<\/td>\n<td>Ajustable de 0,8 sobreexcitado a 0,8 subexcitado<\/td>\n<td>Ajustable de 0,8 sobreexcitado a 0,8 subexcitado<\/td>\n<td>Ajustable de 0,8 sobreexcitado a 0,8 subexcitado<\/td>\n<\/tr>\n<tr>\n<td>THDI<\/td>\n<td>&lt;3%<\/td>\n<td>&lt;3%<\/td>\n<td>&lt;3%<\/td>\n<td>&lt;3%<\/td>\n<\/tr>\n<tr>\n<th colspan=\"5\">UPS<\/th>\n<\/tr>\n<tr>\n<td>Potencia de salida m\u00e1x. del SAI Potencia de salida sin energ\u00eda solar<\/td>\n<td>3000W<\/td>\n<td>3600W\/4000W<\/td>\n<td>4000W<\/td>\n<td>4000W<\/td>\n<\/tr>\n<tr>\n<td>Potencia de salida m\u00e1x. del SAI Potencia de salida con energ\u00eda solar<\/td>\n<td>3000W<\/td>\n<td>3600W\/4000W<\/td>\n<td>5000W<\/td>\n<td>6000W<\/td>\n<\/tr>\n<tr>\n<td>Tensi\u00f3n nominal de salida del SAI<\/td>\n<td>230V.a.c<\/td>\n<td>230V.a.c<\/td>\n<td>230V.a.c<\/td>\n<td>230V.a.c<\/td>\n<\/tr>\n<tr>\n<td>Frecuencia nominal de salida del SAI<\/td>\n<td>50Hz \/ 60Hz<\/td>\n<td>50Hz \/ 60Hz<\/td>\n<td>50Hz \/ 60Hz<\/td>\n<td>50Hz \/ 60Hz<\/td>\n<\/tr>\n<tr>\n<td>Corriente nominal de salida del SAI<\/td>\n<td>13A<\/td>\n<td>15,6A\/17,4A<\/td>\n<td>17.4A<\/td>\n<td>17.4A<\/td>\n<\/tr>\n<tr>\n<td>Pico de potencia sin energ\u00eda solar<\/td>\n<td>4500W, 30s<\/td>\n<td>4500W, 30s<\/td>\n<td>4500W, 30s<\/td>\n<td>4500W, 30s<\/td>\n<\/tr>\n<tr>\n<td>THDV<\/td>\n<td>&lt;5%<\/td>\n<td>&lt;5%<\/td>\n<td>&lt;5%<\/td>\n<td>&lt;5%<\/td>\n<\/tr>\n<tr>\n<td>Tiempo de conmutaci\u00f3n<\/td>\n<td>T\u00edpico 0,01s<\/td>\n<td>T\u00edpico 0,01s<\/td>\n<td>T\u00edpico 0,01s<\/td>\n<td>&lt;0.01s<\/td>\n<\/tr>\n<tr>\n<th colspan=\"5\">Eficacia<\/th>\n<\/tr>\n<tr>\n<td>Europa Eficiencia<\/td>\n<td>97.50%<\/td>\n<td>97.50%<\/td>\n<td>97.50%<\/td>\n<td>97.50%<\/td>\n<\/tr>\n<tr>\n<td>Max. Rendimiento<\/td>\n<td>97.90%<\/td>\n<td>97.90%<\/td>\n<td>97.90%<\/td>\n<td>97.90%<\/td>\n<\/tr>\n<tr>\n<td>Eficiencia de carga\/descarga de la bater\u00eda<\/td>\n<td>94.50%<\/td>\n<td>94.50%<\/td>\n<td>94.50%<\/td>\n<td>94.50%<\/td>\n<\/tr>\n<tr>\n<th colspan=\"5\">Protecci\u00f3n<\/th>\n<\/tr>\n<tr>\n<td>Protecci\u00f3n contra polaridad inversa<\/td>\n<td>S\u00ed<\/td>\n<td>S\u00ed<\/td>\n<td>S\u00ed<\/td>\n<td>S\u00ed<\/td>\n<\/tr>\n<tr>\n<td>Protecci\u00f3n contra sobrecorriente\/tensi\u00f3n<\/td>\n<td>S\u00ed<\/td>\n<td>S\u00ed<\/td>\n<td>S\u00ed<\/td>\n<td>S\u00ed<\/td>\n<\/tr>\n<tr>\n<td>Protecci\u00f3n antiembarco<\/td>\n<td>S\u00ed<\/td>\n<td>S\u00ed<\/td>\n<td>S\u00ed<\/td>\n<td>S\u00ed<\/td>\n<\/tr>\n<tr>\n<td>Protecci\u00f3n contra cortocircuitos de CA<\/td>\n<td>S\u00ed<\/td>\n<td>S\u00ed<\/td>\n<td>S\u00ed<\/td>\n<td>S\u00ed<\/td>\n<\/tr>\n<tr>\n<td>Protecci\u00f3n contra corriente de fuga<\/td>\n<td>S\u00ed<\/td>\n<td>S\u00ed<\/td>\n<td>S\u00ed<\/td>\n<td>S\u00ed<\/td>\n<\/tr>\n<tr>\n<td>Control de fallos a tierra<\/td>\n<td>S\u00ed<\/td>\n<td>S\u00ed<\/td>\n<td>S\u00ed<\/td>\n<td>S\u00ed<\/td>\n<\/tr>\n<tr>\n<td>Supervisi\u00f3n de la red<\/td>\n<td>S\u00ed<\/td>\n<td>S\u00ed<\/td>\n<td>S\u00ed<\/td>\n<td>S\u00ed<\/td>\n<\/tr>\n<tr>\n<td>Grado de protecci\u00f3n<\/td>\n<td>IP65 \/ NEMA4X<\/td>\n<td>IP65 \/ NEMA4X<\/td>\n<td>IP65 \/ NEMA4X<\/td>\n<td>IP65 \/ NEMA4X<\/td>\n<\/tr>\n<tr>\n<td>Interruptor CC<\/td>\n<td>S\u00ed<\/td>\n<td>S\u00ed<\/td>\n<td>S\u00ed<\/td>\n<td>S\u00ed<\/td>\n<\/tr>\n<tr>\n<th colspan=\"5\">General<\/th>\n<\/tr>\n<tr>\n<td>Dimensiones (A\/A\/P)<\/td>\n<td>455 \/ 476 (565) \/ 181<\/td>\n<td>455 \/ 476 (565) \/ 181<\/td>\n<td>455 \/ 476 (565) \/ 181<\/td>\n<td>455 \/ 476 (565) \/ 181<\/td>\n<\/tr>\n<tr>\n<td>Peso<\/td>\n<td>20 kg<\/td>\n<td>20 kg<\/td>\n<td>20 kg<\/td>\n<td>20 kg<\/td>\n<\/tr>\n<tr>\n<td>Topolog\u00eda<\/td>\n<td>Tranformerless (solar), HF (Bater\u00eda)<\/td>\n<td>Tranformerless (solar), HF (Bater\u00eda)<\/td>\n<td>Tranformerless (solar), HF (Bater\u00eda)<\/td>\n<td>Tranformerless (solar), HF (Bater\u00eda)<\/td>\n<\/tr>\n<tr>\n<td>Concepto de refrigeraci\u00f3n<\/td>\n<td>Convecci\u00f3n natural<\/td>\n<td>Convecci\u00f3n natural<\/td>\n<td>Convecci\u00f3n natural<\/td>\n<td>Convecci\u00f3n natural<\/td>\n<\/tr>\n<tr>\n<td>Humedad relativa<\/td>\n<td>0-100%<\/td>\n<td>0-100%<\/td>\n<td>0-100%<\/td>\n<td>0-100%<\/td>\n<\/tr>\n<tr>\n<td>Temperatura de funcionamiento<\/td>\n<td>-85<\/td>\n<td>-85<\/td>\n<td>-85<\/td>\n<td>-85<\/td>\n<\/tr>\n<tr>\n<td>Altitud<\/td>\n<td>&lt;2000m<\/td>\n<td>&lt;2000m<\/td>\n<td>&lt;2000m<\/td>\n<td>&lt;2000m<\/td>\n<\/tr>\n<tr>\n<td>Emisi\u00f3n de ruido<\/td>\n<td>&lt;25 dB<\/td>\n<td>&lt;25 dB<\/td>\n<td>&lt;25 dB<\/td>\n<td>&lt;25 dB<\/td>\n<\/tr>\n<tr>\n<td>Consumo en espera<\/td>\n<td>&lt;5W<\/td>\n<td>&lt;5W<\/td>\n<td>&lt;5W<\/td>\n<td>&lt;5W<\/td>\n<\/tr>\n<tr>\n<td>Interfaces de visualizaci\u00f3n y comunicaci\u00f3n<\/td>\n<td>LCD, RS485, Wi-Fi, Ethernet<\/td>\n<td>LCD, RS485, Wi-Fi, Ethernet<\/td>\n<td>LCD, RS485, Wi-Fi, Ethernet<\/td>\n<td>LCD, RS485, Wi-Fi, Ethernet<\/td>\n<\/tr>\n<\/tbody>\n<\/table>\n<\/div>\n\t\t\t<\/div>","protected":false},"excerpt":{"rendered":"<ul>\n<li>Dise\u00f1o IP65, instalaci\u00f3n r\u00e1pida<\/li>\n<li>Pantalla t\u00e1ctil, monitor libre<\/li>\n<li>Gesti\u00f3n avanzada de la energ\u00eda<\/li>\n<li>Pr\u00e1cticas aplicaciones disponibles en el m\u00f3vil<\/li>\n<li>Configuraci\u00f3n de acceso flexible para usuarios de varios niveles<\/li>\n<li>Acoplamiento de CC, entrada solar de 24 cadenas y salida de 12 cadenas<\/li>\n<li>Reconversi\u00f3n de un sistema de red a un sistema h\u00edbrido de almacenamiento de energ\u00eda<\/li>\n<li>Recogida inteligente de datos para asistencia remota<\/li>\n<\/ul>","protected":false},"featured_media":1666,"comment_status":"open","ping_status":"closed","template":"","meta":{"rop_custom_images_group":[],"rop_custom_messages_group":[],"rop_publish_now":"initial","rop_publish_now_accounts":[],"rop_publish_now_history":[],"rop_publish_now_status":"pending"},"product_brand":[],"product_cat":[18],"class_list":{"0":"post-1665","1":"product","2":"type-product","3":"status-publish","4":"has-post-thumbnail","6":"product_cat-dc-dc-energy-storage","8":"first","9":"instock","10":"shipping-taxable","11":"product-type-simple"},"yoast_head":"<!-- This site is optimized with the Yoast SEO plugin v27.3 - https:\/\/yoast.com\/product\/yoast-seo-wordpress\/ -->\n<title>LSP 100K DC\/DC -<\/title>\n<meta name=\"robots\" content=\"index, follow, max-snippet:-1, max-image-preview:large, max-video-preview:-1\" \/>\n<link rel=\"canonical\" href=\"https:\/\/luxpowertek.com\/es\/lsp-100k-cc-cc\/\" \/>\n<meta property=\"og:locale\" content=\"es_ES\" \/>\n<meta property=\"og:type\" content=\"article\" \/>\n<meta property=\"og:title\" content=\"LSP 100K DC\/DC -\" \/>\n<meta property=\"og:description\" content=\"IP65 design, quick installation  Touch screen, free monitor  Advanced power management  Handy apps available on mobile  Flexible accout settings for multi level type users  DC coupled, 24strings Solar input and 12 strings output  Retrofit on grid system to energy storage hybrid system  Intelligent data collection for remote service assistance\" \/>\n<meta property=\"og:url\" content=\"https:\/\/luxpowertek.com\/es\/lsp-100k-cc-cc\/\" \/>\n<meta property=\"article:modified_time\" content=\"2025-01-21T01:15:45+00:00\" \/>\n<meta property=\"og:image\" content=\"https:\/\/luxpowertek.com\/wp-content\/uploads\/2021\/12\/Luxpower-inverter-LSP-1-min.png\" \/>\n\t<meta property=\"og:image:width\" content=\"800\" \/>\n\t<meta property=\"og:image:height\" content=\"800\" \/>\n\t<meta property=\"og:image:type\" content=\"image\/png\" \/>\n<meta name=\"twitter:card\" content=\"summary_large_image\" \/>\n<meta name=\"twitter:label1\" content=\"Tiempo de lectura\" \/>\n\t<meta name=\"twitter:data1\" content=\"3 minutos\" \/>\n<script type=\"application\/ld+json\" class=\"yoast-schema-graph\">{\"@context\":\"https:\\\/\\\/schema.org\",\"@graph\":[{\"@type\":\"WebPage\",\"@id\":\"https:\\\/\\\/luxpowertek.com\\\/lsp-100k-dc-dc\",\"url\":\"https:\\\/\\\/luxpowertek.com\\\/lsp-100k-dc-dc\",\"name\":\"LSP 100K DC\\\/DC -\",\"isPartOf\":{\"@id\":\"https:\\\/\\\/luxpowertek.com\\\/#website\"},\"primaryImageOfPage\":{\"@id\":\"https:\\\/\\\/luxpowertek.com\\\/lsp-100k-dc-dc#primaryimage\"},\"image\":{\"@id\":\"https:\\\/\\\/luxpowertek.com\\\/lsp-100k-dc-dc#primaryimage\"},\"thumbnailUrl\":\"https:\\\/\\\/luxpowertek.com\\\/wp-content\\\/uploads\\\/2021\\\/12\\\/Luxpower-inverter-LSP-1-min.png\",\"datePublished\":\"2021-12-13T06:44:05+00:00\",\"dateModified\":\"2025-01-21T01:15:45+00:00\",\"breadcrumb\":{\"@id\":\"https:\\\/\\\/luxpowertek.com\\\/lsp-100k-dc-dc#breadcrumb\"},\"inLanguage\":\"es\",\"potentialAction\":[{\"@type\":\"ReadAction\",\"target\":[\"https:\\\/\\\/luxpowertek.com\\\/lsp-100k-dc-dc\"]}]},{\"@type\":\"ImageObject\",\"inLanguage\":\"es\",\"@id\":\"https:\\\/\\\/luxpowertek.com\\\/lsp-100k-dc-dc#primaryimage\",\"url\":\"https:\\\/\\\/luxpowertek.com\\\/wp-content\\\/uploads\\\/2021\\\/12\\\/Luxpower-inverter-LSP-1-min.png\",\"contentUrl\":\"https:\\\/\\\/luxpowertek.com\\\/wp-content\\\/uploads\\\/2021\\\/12\\\/Luxpower-inverter-LSP-1-min.png\",\"width\":800,\"height\":800},{\"@type\":\"BreadcrumbList\",\"@id\":\"https:\\\/\\\/luxpowertek.com\\\/lsp-100k-dc-dc#breadcrumb\",\"itemListElement\":[{\"@type\":\"ListItem\",\"position\":1,\"name\":\"Home\",\"item\":\"https:\\\/\\\/luxpowertek.com\\\/\"},{\"@type\":\"ListItem\",\"position\":2,\"name\":\"Products\",\"item\":\"https:\\\/\\\/luxpowertek.com\\\/shop\"},{\"@type\":\"ListItem\",\"position\":3,\"name\":\"LSP 100K DC\\\/DC\"}]},{\"@type\":\"WebSite\",\"@id\":\"https:\\\/\\\/luxpowertek.com\\\/#website\",\"url\":\"https:\\\/\\\/luxpowertek.com\\\/\",\"name\":\"\",\"description\":\"\",\"potentialAction\":[{\"@type\":\"SearchAction\",\"target\":{\"@type\":\"EntryPoint\",\"urlTemplate\":\"https:\\\/\\\/luxpowertek.com\\\/?s={search_term_string}\"},\"query-input\":{\"@type\":\"PropertyValueSpecification\",\"valueRequired\":true,\"valueName\":\"search_term_string\"}}],\"inLanguage\":\"es\"}]}<\/script>\n<!-- \/ Yoast SEO plugin. -->","yoast_head_json":{"title":"LSP 100K CC\/CC -","robots":{"index":"index","follow":"follow","max-snippet":"max-snippet:-1","max-image-preview":"max-image-preview:large","max-video-preview":"max-video-preview:-1"},"canonical":"https:\/\/luxpowertek.com\/es\/lsp-100k-cc-cc\/","og_locale":"es_ES","og_type":"article","og_title":"LSP 100K DC\/DC -","og_description":"IP65 design, quick installation  Touch screen, free monitor  Advanced power management  Handy apps available on mobile  Flexible accout settings for multi level type users  DC coupled, 24strings Solar input and 12 strings output  Retrofit on grid system to energy storage hybrid system  Intelligent data collection for remote service assistance","og_url":"https:\/\/luxpowertek.com\/es\/lsp-100k-cc-cc\/","article_modified_time":"2025-01-21T01:15:45+00:00","og_image":[{"width":800,"height":800,"url":"https:\/\/luxpowertek.com\/wp-content\/uploads\/2021\/12\/Luxpower-inverter-LSP-1-min.png","type":"image\/png"}],"twitter_card":"summary_large_image","twitter_misc":{"Tiempo de lectura":"3 minutos"},"schema":{"@context":"https:\/\/schema.org","@graph":[{"@type":"WebPage","@id":"https:\/\/luxpowertek.com\/lsp-100k-dc-dc","url":"https:\/\/luxpowertek.com\/lsp-100k-dc-dc","name":"LSP 100K CC\/CC -","isPartOf":{"@id":"https:\/\/luxpowertek.com\/#website"},"primaryImageOfPage":{"@id":"https:\/\/luxpowertek.com\/lsp-100k-dc-dc#primaryimage"},"image":{"@id":"https:\/\/luxpowertek.com\/lsp-100k-dc-dc#primaryimage"},"thumbnailUrl":"https:\/\/luxpowertek.com\/wp-content\/uploads\/2021\/12\/Luxpower-inverter-LSP-1-min.png","datePublished":"2021-12-13T06:44:05+00:00","dateModified":"2025-01-21T01:15:45+00:00","breadcrumb":{"@id":"https:\/\/luxpowertek.com\/lsp-100k-dc-dc#breadcrumb"},"inLanguage":"es","potentialAction":[{"@type":"ReadAction","target":["https:\/\/luxpowertek.com\/lsp-100k-dc-dc"]}]},{"@type":"ImageObject","inLanguage":"es","@id":"https:\/\/luxpowertek.com\/lsp-100k-dc-dc#primaryimage","url":"https:\/\/luxpowertek.com\/wp-content\/uploads\/2021\/12\/Luxpower-inverter-LSP-1-min.png","contentUrl":"https:\/\/luxpowertek.com\/wp-content\/uploads\/2021\/12\/Luxpower-inverter-LSP-1-min.png","width":800,"height":800},{"@type":"BreadcrumbList","@id":"https:\/\/luxpowertek.com\/lsp-100k-dc-dc#breadcrumb","itemListElement":[{"@type":"ListItem","position":1,"name":"Home","item":"https:\/\/luxpowertek.com\/"},{"@type":"ListItem","position":2,"name":"Products","item":"https:\/\/luxpowertek.com\/shop"},{"@type":"ListItem","position":3,"name":"LSP 100K DC\/DC"}]},{"@type":"WebSite","@id":"https:\/\/luxpowertek.com\/#website","url":"https:\/\/luxpowertek.com\/","name":"","description":"","potentialAction":[{"@type":"SearchAction","target":{"@type":"EntryPoint","urlTemplate":"https:\/\/luxpowertek.com\/?s={search_term_string}"},"query-input":{"@type":"PropertyValueSpecification","valueRequired":true,"valueName":"search_term_string"}}],"inLanguage":"es"}]}},"_links":{"self":[{"href":"https:\/\/luxpowertek.com\/es\/wp-json\/wp\/v2\/product\/1665","targetHints":{"allow":["GET"]}}],"collection":[{"href":"https:\/\/luxpowertek.com\/es\/wp-json\/wp\/v2\/product"}],"about":[{"href":"https:\/\/luxpowertek.com\/es\/wp-json\/wp\/v2\/types\/product"}],"replies":[{"embeddable":true,"href":"https:\/\/luxpowertek.com\/es\/wp-json\/wp\/v2\/comments?post=1665"}],"wp:featuredmedia":[{"embeddable":true,"href":"https:\/\/luxpowertek.com\/es\/wp-json\/wp\/v2\/media\/1666"}],"wp:attachment":[{"href":"https:\/\/luxpowertek.com\/es\/wp-json\/wp\/v2\/media?parent=1665"}],"wp:term":[{"taxonomy":"product_brand","embeddable":true,"href":"https:\/\/luxpowertek.com\/es\/wp-json\/wp\/v2\/product_brand?post=1665"},{"taxonomy":"product_cat","embeddable":true,"href":"https:\/\/luxpowertek.com\/es\/wp-json\/wp\/v2\/product_cat?post=1665"}],"curies":[{"name":"wp","href":"https:\/\/api.w.org\/{rel}","templated":true}]}}