{"id":9146,"date":"2024-06-08T15:35:40","date_gmt":"2024-06-08T07:35:40","guid":{"rendered":"https:\/\/luxpowertek.com\/?page_id=9146"},"modified":"2025-11-07T16:24:18","modified_gmt":"2025-11-07T08:24:18","slug":"registrador-de-datos-de-producto-wlan","status":"publish","type":"page","link":"https:\/\/luxpowertek.com\/es\/registrador-de-datos-de-producto-wlan\/","title":{"rendered":"WLAN"},"content":{"rendered":"<section class=\"section hide-for-small\" id=\"section_412052183\">\n\t\t<div class=\"bg section-bg fill bg-fill  bg-loaded\" >\n\n\t\t\t\n\t\t\t\n\t\t\t\n\n\t\t<\/div>\n\n\t\t\n\n\t\t<div class=\"section-content relative\">\n\t\t\t\n\n  <div class=\"banner has-hover\" id=\"banner-791553863\">\n          <div class=\"banner-inner fill\">\n        <div class=\"banner-bg fill\" >\n            <div class=\"bg fill bg-fill\"><\/div>\n                        <div class=\"overlay\"><\/div>            \n                    <\/div>\n\t\t\n        <div class=\"banner-layers container\">\n            <div class=\"fill banner-link\"><\/div>            \n   <div id=\"text-box-193885466\" class=\"text-box banner-layer x50 md-x50 lg-x50 y50 md-y50 lg-y50 res-text\">\n                                <div class=\"text-box-content text dark\">\n              \n              <div class=\"text-inner text-center\">\n                  \n<h1 class=\"uppercase lead\"><span style=\"font-size: 75%; color: #282828;\"><strong>WLAN<\/strong><\/span><\/h1>\n<p class=\"uppercase lead\"><span style=\"color: #282828;\">M\u00f3dulo de comunicaci\u00f3n<\/span><\/p>\n              <\/div>\n           <\/div>\n                            \n<style>\n#text-box-193885466 {\n  width: 65%;\n}\n#text-box-193885466 .text-box-content {\n  font-size: 100%;\n}\n<\/style>\n    <\/div>\n \n        <\/div>\n      <\/div>\n\n            \n<style>\n#banner-791553863 {\n  padding-top: 30%;\n}\n#banner-791553863 .overlay {\n  background-color: rgb(255, 255, 255);\n}\n<\/style>\n  <\/div>\n\n\n\n  <div class=\"banner has-hover\" id=\"banner-1258123518\">\n          <div class=\"banner-inner fill\">\n        <div class=\"banner-bg fill\" >\n            <div class=\"bg fill bg-fill\"><\/div>\n                        <div class=\"overlay\"><\/div>            \n                    <\/div>\n\t\t\n        <div class=\"banner-layers container\">\n            <div class=\"fill banner-link\"><\/div>            \n   <div id=\"text-box-1884223287\" class=\"text-box banner-layer x5 md-x5 lg-x5 y15 md-y15 lg-y15 res-text\">\n                                <div class=\"text-box-content text dark\">\n              \n              <div class=\"text-inner text-center\">\n                  \n<p><span style=\"color: #282828;\">El m\u00f3dulo de comunicaci\u00f3n WLAN de Luxpower utiliza un puerto USB, lo que permite una conexi\u00f3n plug-and-play. Este m\u00f3dulo es adecuado para zonas cubiertas por se\u00f1ales de red de \u00e1rea local (LAN), lo que garantiza una recopilaci\u00f3n de datos m\u00e1s r\u00e1pida, amplia y fiable. Puede transmitir datos operativos en tiempo real tanto de las centrales fotovoltaicas como de las bater\u00edas de almacenamiento de energ\u00eda al sistema de monitorizaci\u00f3n LuxCloud, lo que facilita el an\u00e1lisis preciso y exhaustivo de los datos, as\u00ed como el aviso y la gesti\u00f3n de aver\u00edas. El sistema LuxCloud puede emitir \u00f3rdenes de control al inversor, lo que permite una gesti\u00f3n estable, fiable e inteligente de las operaciones de las centrales fotovoltaicas y de los servicios de mantenimiento.<\/span><\/p>\n<a href=\"https:\/\/luxpowertek.com\/wp-content\/uploads\/2024\/07\/02-03-01-DL-WLAN-Quick-Setting-Guidance_20230910.pdf\" class=\"button secondary\"  style=\"border-radius:10px;\">\n    <span>Descargar el manual de usuario<\/span>\n  <\/a>\n\n              <\/div>\n           <\/div>\n                            \n<style>\n#text-box-1884223287 {\n  width: 52%;\n}\n#text-box-1884223287 .text-box-content {\n  font-size: 100%;\n}\n<\/style>\n    <\/div>\n \n   <div id=\"text-box-1023516603\" class=\"text-box banner-layer x100 md-x100 lg-x100 y50 md-y50 lg-y50 res-text\">\n                                <div class=\"text-box-content text dark\">\n              \n              <div class=\"text-inner text-center\">\n                  \n\t<div class=\"img has-hover x md-x lg-x y md-y lg-y\" id=\"image_247628651\">\n\t\t\t\t\t\t\t\t<div class=\"img-inner dark\" >\n\t\t\t<img loading=\"lazy\" decoding=\"async\" width=\"2560\" height=\"1920\" src=\"https:\/\/luxpowertek.com\/wp-content\/uploads\/2024\/07\/WLAN-1-scaled.webp\" class=\"attachment-original size-original\" alt=\"\" srcset=\"https:\/\/luxpowertek.com\/wp-content\/uploads\/2024\/07\/WLAN-1-scaled.webp 2560w, https:\/\/luxpowertek.com\/wp-content\/uploads\/2024\/07\/WLAN-1-300x225.webp 300w, https:\/\/luxpowertek.com\/wp-content\/uploads\/2024\/07\/WLAN-1-1030x773.webp 1030w, https:\/\/luxpowertek.com\/wp-content\/uploads\/2024\/07\/WLAN-1-768x576.webp 768w, https:\/\/luxpowertek.com\/wp-content\/uploads\/2024\/07\/WLAN-1-1536x1152.webp 1536w, https:\/\/luxpowertek.com\/wp-content\/uploads\/2024\/07\/WLAN-1-2048x1536.webp 2048w, https:\/\/luxpowertek.com\/wp-content\/uploads\/2024\/07\/WLAN-1-510x383.webp 510w\" sizes=\"auto, (max-width: 2560px) 100vw, 2560px\" \/>\t\t\t\t\t\t\n\t\t\t\t\t<\/div>\n\t\t\t\t\t\t\t\t\n<style>\n#image_247628651 {\n  width: 100%;\n}\n<\/style>\n\t<\/div>\n\t\n              <\/div>\n           <\/div>\n                            \n<style>\n#text-box-1023516603 {\n  width: 38%;\n}\n#text-box-1023516603 .text-box-content {\n  font-size: 100%;\n}\n<\/style>\n    <\/div>\n \n        <\/div>\n      <\/div>\n\n            \n<style>\n#banner-1258123518 {\n  padding-top: 500px;\n}\n#banner-1258123518 .overlay {\n  background-color: rgba(249, 247, 247, 0.959);\n}\n<\/style>\n  <\/div>\n\n\n\n  <div class=\"banner has-hover\" id=\"banner-1429933447\">\n          <div class=\"banner-inner fill\">\n        <div class=\"banner-bg fill\" >\n            <div class=\"bg fill bg-fill\"><\/div>\n                        <div class=\"overlay\"><\/div>            \n                    <\/div>\n\t\t\n        <div class=\"banner-layers container\">\n            <div class=\"fill banner-link\"><\/div>            \n   <div id=\"text-box-1856971167\" class=\"text-box banner-layer x0 md-x0 lg-x0 y20 md-y20 lg-y20 res-text\">\n                                <div class=\"text-box-content text dark\">\n              \n              <div class=\"text-inner text-center\">\n                  \n<a class=\"button primary\"  style=\"border-radius:10px;\">\n    <span>Plug and play, instalaci\u00f3n r\u00e1pida<\/span>\n  <\/a>\n\n<a class=\"button primary\"  style=\"border-radius:10px;\">\n    <span>Alarma de aver\u00eda, supervisi\u00f3n en tiempo real<\/span>\n  <\/a>\n\n<a class=\"button primary\"  style=\"border-radius:10px;\">\n    <span>Indicador de estado, f\u00e1cil de visualizar el estado de funcionamiento<\/span>\n  <\/a>\n\n<a class=\"button primary\"  style=\"border-radius:10px;\">\n    <span>Admite comunicaci\u00f3n LAN<\/span>\n  <\/a>\n\n              <\/div>\n           <\/div>\n                            \n<style>\n#text-box-1856971167 {\n  width: 51%;\n}\n#text-box-1856971167 .text-box-content {\n  font-size: 100%;\n}\n<\/style>\n    <\/div>\n \n   <div id=\"text-box-558601968\" class=\"text-box banner-layer x100 md-x100 lg-x100 y10 md-y10 lg-y10 res-text\">\n                                <div class=\"text-box-content text dark\">\n              \n              <div class=\"text-inner text-center\">\n                  \n\t<div class=\"img has-hover x md-x lg-x y md-y lg-y\" id=\"image_1312261260\">\n\t\t\t\t\t\t\t\t<div class=\"img-inner dark\" >\n\t\t\t<img loading=\"lazy\" decoding=\"async\" width=\"2560\" height=\"1920\" src=\"https:\/\/luxpowertek.com\/wp-content\/uploads\/2024\/07\/WLAN-left-scaled.webp\" class=\"attachment-original size-original\" alt=\"\" srcset=\"https:\/\/luxpowertek.com\/wp-content\/uploads\/2024\/07\/WLAN-left-scaled.webp 2560w, https:\/\/luxpowertek.com\/wp-content\/uploads\/2024\/07\/WLAN-left-300x225.webp 300w, https:\/\/luxpowertek.com\/wp-content\/uploads\/2024\/07\/WLAN-left-1030x773.webp 1030w, https:\/\/luxpowertek.com\/wp-content\/uploads\/2024\/07\/WLAN-left-768x576.webp 768w, https:\/\/luxpowertek.com\/wp-content\/uploads\/2024\/07\/WLAN-left-1536x1152.webp 1536w, https:\/\/luxpowertek.com\/wp-content\/uploads\/2024\/07\/WLAN-left-2048x1536.webp 2048w, https:\/\/luxpowertek.com\/wp-content\/uploads\/2024\/07\/WLAN-left-510x383.webp 510w\" sizes=\"auto, (max-width: 2560px) 100vw, 2560px\" \/>\t\t\t\t\t\t\n\t\t\t\t\t<\/div>\n\t\t\t\t\t\t\t\t\n<style>\n#image_1312261260 {\n  width: 100%;\n}\n<\/style>\n\t<\/div>\n\t\n              <\/div>\n           <\/div>\n                            \n<style>\n#text-box-558601968 .text-box-content {\n  border-radius: 65px;\n  font-size: 100%;\n  transform: rotate(-65deg);\n}\n#text-box-558601968 {\n  width: 37%;\n}\n<\/style>\n    <\/div>\n \n        <\/div>\n      <\/div>\n\n            \n<style>\n#banner-1429933447 {\n  padding-top: 371px;\n}\n#banner-1429933447 .overlay {\n  background-color: rgba(210, 210, 210, 0.965);\n}\n<\/style>\n  <\/div>\n\n\n\n  <div class=\"banner has-hover\" id=\"banner-633581026\">\n          <div class=\"banner-inner fill\">\n        <div class=\"banner-bg fill\" >\n            <div class=\"bg fill bg-fill\"><\/div>\n                        <div class=\"overlay\"><\/div>            \n                    <\/div>\n\t\t\n        <div class=\"banner-layers container\">\n            <div class=\"fill banner-link\"><\/div>            \n   <div id=\"text-box-856746405\" class=\"text-box banner-layer x50 md-x50 lg-x50 y25 md-y25 lg-y25 res-text\">\n                                <div class=\"text-box-content text dark\">\n              \n              <div class=\"text-inner text-center\">\n                  \n<p><span style=\"font-size: 150%;\"><strong>Encontrar otros productos Luxpower<\/strong><\/span><\/p>\n<a href=\"https:\/\/luxpowertek.com\/es\/productos\/\" class=\"button white\"  style=\"border-radius:38px;\">\n    <span>Lista de productos<\/span>\n  <i class=\"icon-angle-right\" aria-hidden=\"true\" ><\/i><\/a>\n\n<a href=\"https:\/\/luxpowertek.com\/es\/contacto\/\" class=\"button secondary\"  style=\"border-radius:99px;\">\n    <span>P\u00f3ngase en contacto con nosotros<\/span>\n  <i class=\"icon-angle-right\" aria-hidden=\"true\" ><\/i><\/a>\n\n              <\/div>\n           <\/div>\n                            \n<style>\n#text-box-856746405 {\n  width: 60%;\n}\n#text-box-856746405 .text-box-content {\n  font-size: 100%;\n}\n<\/style>\n    <\/div>\n \n        <\/div>\n      <\/div>\n\n            \n<style>\n#banner-633581026 {\n  padding-top: 32.29%;\n}\n#banner-633581026 .bg.bg-loaded {\n  background-image: url(https:\/\/luxpowertek.com\/wp-content\/uploads\/2024\/04\/seven-scaled.webp);\n}\n#banner-633581026 .overlay {\n  background-color: rgba(0, 0, 0, 0.599);\n}\n<\/style>\n  <\/div>\n\n\n\t\t<\/div>\n\n\t\t\n<style>\n#section_412052183 {\n  padding-top: 30px;\n  padding-bottom: 30px;\n}\n<\/style>\n\t<\/section>\n\t\n\t<section class=\"section show-for-small\" id=\"section_1859810452\">\n\t\t<div class=\"bg section-bg fill bg-fill  bg-loaded\" >\n\n\t\t\t\n\t\t\t\n\t\t\t\n\n\t\t<\/div>\n\n\t\t\n\n\t\t<div class=\"section-content relative\">\n\t\t\t\n\t<div id=\"gap-1189071861\" class=\"gap-element clearfix\" style=\"display:block; height:auto;\">\n\t\t\n<style>\n#gap-1189071861 {\n  padding-top: 60px;\n}\n@media (min-width:550px) {\n  #gap-1189071861 {\n    padding-top: 30px;\n  }\n}\n<\/style>\n\t<\/div>\n\t\n<div class=\"row\"  id=\"row-572967389\">\n\n\t<div id=\"col-1281491007\" class=\"col small-12 large-12\"  >\n\t\t\t\t<div class=\"col-inner text-center\"  >\n\t\t\t\n\t\t\t\n<p class=\"uppercase lead\"><span style=\"font-size: 200%;\"><strong>WLAN<\/strong><\/span><\/p>\n<p class=\"lead\"><strong>M\u00f3dulo de comunicaci\u00f3n<\/strong><\/p>\n<div class=\"text-center\"><div class=\"is-divider divider clearfix\" style=\"max-width:1280px;background-color:rgb(99, 173, 130);\"><\/div><\/div>\n\n  <div class=\"banner has-hover\" id=\"banner-1821188711\">\n          <div class=\"banner-inner fill\">\n        <div class=\"banner-bg fill\" >\n            <div class=\"bg fill bg-fill\"><\/div>\n                                    \n                    <\/div>\n\t\t\n        <div class=\"banner-layers container\">\n            <div class=\"fill banner-link\"><\/div>            \n\t<div class=\"img has-hover x50 md-x50 lg-x50 y50 md-y50 lg-y50\" id=\"image_428640126\">\n\t\t\t\t\t\t\t\t<div class=\"img-inner dark\" style=\"margin:-100px 0px -100px 0px;\">\n\t\t\t<img loading=\"lazy\" decoding=\"async\" width=\"2560\" height=\"1920\" src=\"https:\/\/luxpowertek.com\/wp-content\/uploads\/2024\/07\/WLAN-1-scaled.webp\" class=\"attachment-original size-original\" alt=\"\" srcset=\"https:\/\/luxpowertek.com\/wp-content\/uploads\/2024\/07\/WLAN-1-scaled.webp 2560w, https:\/\/luxpowertek.com\/wp-content\/uploads\/2024\/07\/WLAN-1-300x225.webp 300w, https:\/\/luxpowertek.com\/wp-content\/uploads\/2024\/07\/WLAN-1-1030x773.webp 1030w, https:\/\/luxpowertek.com\/wp-content\/uploads\/2024\/07\/WLAN-1-768x576.webp 768w, https:\/\/luxpowertek.com\/wp-content\/uploads\/2024\/07\/WLAN-1-1536x1152.webp 1536w, https:\/\/luxpowertek.com\/wp-content\/uploads\/2024\/07\/WLAN-1-2048x1536.webp 2048w, https:\/\/luxpowertek.com\/wp-content\/uploads\/2024\/07\/WLAN-1-510x383.webp 510w\" sizes=\"auto, (max-width: 2560px) 100vw, 2560px\" \/>\t\t\t\t\t\t\n\t\t\t\t\t<\/div>\n\t\t\t\t\t\t\t\t\n<style>\n#image_428640126 {\n  width: 100%;\n}\n@media (min-width:550px) {\n  #image_428640126 {\n    width: 100%;\n  }\n}\n<\/style>\n\t<\/div>\n\t\n        <\/div>\n      <\/div>\n\n            \n<style>\n#banner-1821188711 {\n  padding-top: 300px;\n  background-color: rgba(249, 247, 247, 0.959);\n}\n@media (min-width:550px) {\n  #banner-1821188711 {\n    padding-top: 500px;\n  }\n}\n<\/style>\n  <\/div>\n\n\n\t<div id=\"gap-1818903998\" class=\"gap-element clearfix\" style=\"display:block; height:auto;\">\n\t\t\n<style>\n#gap-1818903998 {\n  padding-top: 30px;\n}\n@media (min-width:550px) {\n  #gap-1818903998 {\n    padding-top: 30px;\n  }\n}\n<\/style>\n\t<\/div>\n\t\n\t<div id=\"text-1655468158\" class=\"text\">\n\t\t\n<p>El m\u00f3dulo de comunicaci\u00f3n WLAN de Luxpower utiliza un puerto USB, lo que permite una conexi\u00f3n plug-and-play. Este m\u00f3dulo es adecuado para zonas cubiertas por se\u00f1ales de red de \u00e1rea local (LAN), lo que garantiza una recopilaci\u00f3n de datos m\u00e1s r\u00e1pida, amplia y fiable. Puede transmitir datos operativos en tiempo real tanto de las centrales fotovoltaicas como de las bater\u00edas de almacenamiento de energ\u00eda al sistema de monitorizaci\u00f3n LuxCloud, lo que facilita el an\u00e1lisis preciso y exhaustivo de los datos, as\u00ed como el aviso y la gesti\u00f3n de aver\u00edas. El sistema LuxCloud puede emitir \u00f3rdenes de control al inversor, lo que permite una gesti\u00f3n estable, fiable e inteligente de las operaciones de las centrales fotovoltaicas y de los servicios de mantenimiento.<br \/>\n\t\t\n<style>\n#text-1655468158 {\n  font-size: 0.96rem;\n  line-height: 1.75;\n}\n<\/style>\n\t<\/div>\n\t\n<a href=\"https:\/\/luxpowertek.com\/wp-content\/uploads\/2024\/07\/02-03-01-DL-WLAN-Quick-Setting-Guidance_20230910.pdf\" class=\"button secondary is-outline\"  style=\"border-radius:10px;\">\n    <span>Descargar el manual de usuario<\/span>\n  <\/a>\n\n\t<div id=\"gap-418776545\" class=\"gap-element clearfix\" style=\"display:block; height:auto;\">\n\t\t\n<style>\n#gap-418776545 {\n  padding-top: 30px;\n}\n@media (min-width:550px) {\n  #gap-418776545 {\n    padding-top: 30px;\n  }\n}\n<\/style>\n\t<\/div>\n\t\n\n  <div class=\"banner has-hover\" id=\"banner-1961905877\">\n          <div class=\"banner-inner fill\">\n        <div class=\"banner-bg fill\" >\n            <div class=\"bg fill bg-fill\"><\/div>\n                                    \n                    <\/div>\n\t\t\n        <div class=\"banner-layers container\">\n            <div class=\"fill banner-link\"><\/div>            \n\t<div class=\"img has-hover x0 md-x50 lg-x50 y50 md-y50 lg-y50\" id=\"image_576300561\">\n\t\t\t\t\t\t\t\t<div class=\"img-inner dark\" style=\"margin:-100px -50px -100px -8px;\">\n\t\t\t<img loading=\"lazy\" decoding=\"async\" width=\"2560\" height=\"1920\" src=\"https:\/\/luxpowertek.com\/wp-content\/uploads\/2024\/07\/WLAN-left-scaled.webp\" class=\"attachment-original size-original\" alt=\"\" srcset=\"https:\/\/luxpowertek.com\/wp-content\/uploads\/2024\/07\/WLAN-left-scaled.webp 2560w, https:\/\/luxpowertek.com\/wp-content\/uploads\/2024\/07\/WLAN-left-300x225.webp 300w, https:\/\/luxpowertek.com\/wp-content\/uploads\/2024\/07\/WLAN-left-1030x773.webp 1030w, https:\/\/luxpowertek.com\/wp-content\/uploads\/2024\/07\/WLAN-left-768x576.webp 768w, https:\/\/luxpowertek.com\/wp-content\/uploads\/2024\/07\/WLAN-left-1536x1152.webp 1536w, https:\/\/luxpowertek.com\/wp-content\/uploads\/2024\/07\/WLAN-left-2048x1536.webp 2048w, https:\/\/luxpowertek.com\/wp-content\/uploads\/2024\/07\/WLAN-left-510x383.webp 510w\" sizes=\"auto, (max-width: 2560px) 100vw, 2560px\" \/>\t\t\t\t\t\t\n\t\t\t\t\t<\/div>\n\t\t\t\t\t\t\t\t\n<style>\n#image_576300561 {\n  width: 100%;\n}\n@media (min-width:550px) {\n  #image_576300561 {\n    width: 100%;\n  }\n}\n<\/style>\n\t<\/div>\n\t\n        <\/div>\n      <\/div>\n\n            \n<style>\n#banner-1961905877 {\n  padding-top: 300px;\n  background-color: rgba(249, 247, 247, 0.959);\n}\n@media (min-width:550px) {\n  #banner-1961905877 {\n    padding-top: 500px;\n  }\n}\n<\/style>\n  <\/div>\n\n\n\t<div id=\"gap-1930712756\" class=\"gap-element clearfix\" style=\"display:block; height:auto;\">\n\t\t\n<style>\n#gap-1930712756 {\n  padding-top: 30px;\n}\n@media (min-width:550px) {\n  #gap-1930712756 {\n    padding-top: 30px;\n  }\n}\n<\/style>\n\t<\/div>\n\t\n\t<div id=\"text-259588609\" class=\"text\">\n\t\t\n<ul>\n<li>Plug and play, instalaci\u00f3n r\u00e1pida<\/li>\n<li>Alarma de aver\u00eda, supervisi\u00f3n en tiempo real<\/li>\n<li>Indicador de estado, f\u00e1cil de visualizar el estado de funcionamiento<\/li>\n<li>Admite comunicaci\u00f3n LAN<\/li>\n<\/ul>\n\t\t\n<style>\n#text-259588609 {\n  font-size: 0.96rem;\n  line-height: 1.75;\n  text-align: left;\n}\n<\/style>\n\t<\/div>\n\t\n\t\t<\/div>\n\t\t\t\t\t<\/div>\n\n\t\n<\/div>\n\t<div id=\"gap-2065710940\" class=\"gap-element clearfix\" style=\"display:block; height:auto;\">\n\t\t\n<style>\n#gap-2065710940 {\n  padding-top: 15px;\n}\n@media (min-width:550px) {\n  #gap-2065710940 {\n    padding-top: 30px;\n  }\n}\n<\/style>\n\t<\/div>\n\t\n\n  <div class=\"banner has-hover show-for-small\" id=\"banner-424605540\">\n          <div class=\"banner-inner fill\">\n        <div class=\"banner-bg fill\" >\n            <div class=\"bg fill bg-fill\"><\/div>\n                        <div class=\"overlay\"><\/div>            \n                    <\/div>\n\t\t\n        <div class=\"banner-layers container\">\n            <div class=\"fill banner-link\"><\/div>            \n   <div id=\"text-box-599600190\" class=\"text-box banner-layer x50 md-x50 lg-x50 y25 md-y25 lg-y25 res-text\">\n                                <div class=\"text-box-content text dark\">\n              \n              <div class=\"text-inner text-center\">\n                  \n<p><span style=\"font-size: 150%;\"><strong>Encontrar otros productos Luxpower<\/strong><\/span><\/p>\n<a href=\"https:\/\/luxpowertek.com\/es\/productos\/\" class=\"button white\"  style=\"border-radius:38px;\">\n    <span>Lista de productos<\/span>\n  <i class=\"icon-angle-right\" aria-hidden=\"true\" ><\/i><\/a>\n\n<a href=\"https:\/\/luxpowertek.com\/es\/contacto\/\" target=\"_blank\" class=\"button secondary\" rel=\"noopener\"  style=\"border-radius:99px;\">\n    <span>P\u00f3ngase en contacto con nosotros<\/span>\n  <i class=\"icon-angle-right\" aria-hidden=\"true\" ><\/i><\/a>\n\n              <\/div>\n           <\/div>\n                            \n<style>\n#text-box-599600190 {\n  width: 60%;\n}\n#text-box-599600190 .text-box-content {\n  font-size: 100%;\n}\n@media (min-width:550px) {\n  #text-box-599600190 {\n    width: 60%;\n  }\n}\n<\/style>\n    <\/div>\n \n        <\/div>\n      <\/div>\n\n            \n<style>\n#banner-424605540 {\n  padding-top: 200px;\n}\n#banner-424605540 .bg.bg-loaded {\n  background-image: url(https:\/\/luxpowertek.com\/wp-content\/uploads\/2024\/04\/seven-scaled.webp);\n}\n#banner-424605540 .overlay {\n  background-color: rgba(0, 0, 0, 0.599);\n}\n@media (min-width:550px) {\n  #banner-424605540 {\n    padding-top: 32.29%;\n  }\n}\n<\/style>\n  <\/div>\n\n\n\t\t<\/div>\n\n\t\t\n<style>\n#section_1859810452 {\n  padding-top: 30px;\n  padding-bottom: 30px;\n}\n<\/style>\n\t<\/section>","protected":false},"excerpt":{"rendered":"","protected":false},"author":3,"featured_media":0,"parent":0,"menu_order":0,"comment_status":"closed","ping_status":"closed","template":"page-transparent-header-light.php","meta":{"rop_custom_images_group":[],"rop_custom_messages_group":[],"rop_publish_now":"initial","rop_publish_now_accounts":[],"rop_publish_now_history":[],"rop_publish_now_status":"pending","footnotes":""},"class_list":["post-9146","page","type-page","status-publish","hentry"],"yoast_head":"<!-- This site is optimized with the Yoast SEO plugin v27.3 - https:\/\/yoast.com\/product\/yoast-seo-wordpress\/ -->\n<title>Inverter-Data-Logger-WLAN - LuxpowerTek<\/title>\n<meta name=\"description\" content=\"Luxpower\u2019s WLAN communication module utilizes a USB port, enabling a plug-and-play connection.\" \/>\n<meta name=\"robots\" content=\"index, follow, max-snippet:-1, max-image-preview:large, max-video-preview:-1\" \/>\n<link rel=\"canonical\" href=\"https:\/\/luxpowertek.com\/es\/registrador-de-datos-de-producto-wlan\/\" \/>\n<meta property=\"og:locale\" content=\"es_ES\" \/>\n<meta property=\"og:type\" content=\"article\" \/>\n<meta property=\"og:title\" content=\"Inverter-Data-Logger-WLAN - LuxpowerTek\" \/>\n<meta property=\"og:description\" content=\"Luxpower\u2019s WLAN communication module utilizes a USB port, enabling a plug-and-play connection.\" \/>\n<meta property=\"og:url\" content=\"https:\/\/luxpowertek.com\/es\/registrador-de-datos-de-producto-wlan\/\" \/>\n<meta property=\"article:modified_time\" content=\"2025-11-07T08:24:18+00:00\" \/>\n<meta name=\"twitter:card\" content=\"summary_large_image\" \/>\n<meta name=\"twitter:label1\" content=\"Tiempo de lectura\" \/>\n\t<meta name=\"twitter:data1\" content=\"2 minutos\" \/>\n<script type=\"application\/ld+json\" class=\"yoast-schema-graph\">{\"@context\":\"https:\\\/\\\/schema.org\",\"@graph\":[{\"@type\":\"WebPage\",\"@id\":\"https:\\\/\\\/luxpowertek.com\\\/product-data-logger-wlan\\\/\",\"url\":\"https:\\\/\\\/luxpowertek.com\\\/product-data-logger-wlan\\\/\",\"name\":\"Inverter-Data-Logger-WLAN - LuxpowerTek\",\"isPartOf\":{\"@id\":\"https:\\\/\\\/luxpowertek.com\\\/#website\"},\"datePublished\":\"2024-06-08T07:35:40+00:00\",\"dateModified\":\"2025-11-07T08:24:18+00:00\",\"description\":\"Luxpower\u2019s WLAN communication module utilizes a USB port, enabling a plug-and-play connection.\",\"breadcrumb\":{\"@id\":\"https:\\\/\\\/luxpowertek.com\\\/product-data-logger-wlan\\\/#breadcrumb\"},\"inLanguage\":\"es\",\"potentialAction\":[{\"@type\":\"ReadAction\",\"target\":[\"https:\\\/\\\/luxpowertek.com\\\/product-data-logger-wlan\\\/\"]}]},{\"@type\":\"BreadcrumbList\",\"@id\":\"https:\\\/\\\/luxpowertek.com\\\/product-data-logger-wlan\\\/#breadcrumb\",\"itemListElement\":[{\"@type\":\"ListItem\",\"position\":1,\"name\":\"Home\",\"item\":\"https:\\\/\\\/luxpowertek.com\\\/\"},{\"@type\":\"ListItem\",\"position\":2,\"name\":\"WLAN\"}]},{\"@type\":\"WebSite\",\"@id\":\"https:\\\/\\\/luxpowertek.com\\\/#website\",\"url\":\"https:\\\/\\\/luxpowertek.com\\\/\",\"name\":\"\",\"description\":\"\",\"potentialAction\":[{\"@type\":\"SearchAction\",\"target\":{\"@type\":\"EntryPoint\",\"urlTemplate\":\"https:\\\/\\\/luxpowertek.com\\\/?s={search_term_string}\"},\"query-input\":{\"@type\":\"PropertyValueSpecification\",\"valueRequired\":true,\"valueName\":\"search_term_string\"}}],\"inLanguage\":\"es\"}]}<\/script>\n<!-- \/ Yoast SEO plugin. -->","yoast_head_json":{"title":"Inversor-Registrador de datos-WLAN - LuxpowerTek","description":"El m\u00f3dulo de comunicaci\u00f3n WLAN de Luxpower utiliza un puerto USB, lo que permite una conexi\u00f3n plug-and-play.","robots":{"index":"index","follow":"follow","max-snippet":"max-snippet:-1","max-image-preview":"max-image-preview:large","max-video-preview":"max-video-preview:-1"},"canonical":"https:\/\/luxpowertek.com\/es\/registrador-de-datos-de-producto-wlan\/","og_locale":"es_ES","og_type":"article","og_title":"Inverter-Data-Logger-WLAN - LuxpowerTek","og_description":"Luxpower\u2019s WLAN communication module utilizes a USB port, enabling a plug-and-play connection.","og_url":"https:\/\/luxpowertek.com\/es\/registrador-de-datos-de-producto-wlan\/","article_modified_time":"2025-11-07T08:24:18+00:00","twitter_card":"summary_large_image","twitter_misc":{"Tiempo de lectura":"2 minutos"},"schema":{"@context":"https:\/\/schema.org","@graph":[{"@type":"WebPage","@id":"https:\/\/luxpowertek.com\/product-data-logger-wlan\/","url":"https:\/\/luxpowertek.com\/product-data-logger-wlan\/","name":"Inversor-Registrador de datos-WLAN - LuxpowerTek","isPartOf":{"@id":"https:\/\/luxpowertek.com\/#website"},"datePublished":"2024-06-08T07:35:40+00:00","dateModified":"2025-11-07T08:24:18+00:00","description":"El m\u00f3dulo de comunicaci\u00f3n WLAN de Luxpower utiliza un puerto USB, lo que permite una conexi\u00f3n plug-and-play.","breadcrumb":{"@id":"https:\/\/luxpowertek.com\/product-data-logger-wlan\/#breadcrumb"},"inLanguage":"es","potentialAction":[{"@type":"ReadAction","target":["https:\/\/luxpowertek.com\/product-data-logger-wlan\/"]}]},{"@type":"BreadcrumbList","@id":"https:\/\/luxpowertek.com\/product-data-logger-wlan\/#breadcrumb","itemListElement":[{"@type":"ListItem","position":1,"name":"Home","item":"https:\/\/luxpowertek.com\/"},{"@type":"ListItem","position":2,"name":"WLAN"}]},{"@type":"WebSite","@id":"https:\/\/luxpowertek.com\/#website","url":"https:\/\/luxpowertek.com\/","name":"","description":"","potentialAction":[{"@type":"SearchAction","target":{"@type":"EntryPoint","urlTemplate":"https:\/\/luxpowertek.com\/?s={search_term_string}"},"query-input":{"@type":"PropertyValueSpecification","valueRequired":true,"valueName":"search_term_string"}}],"inLanguage":"es"}]}},"_links":{"self":[{"href":"https:\/\/luxpowertek.com\/es\/wp-json\/wp\/v2\/pages\/9146","targetHints":{"allow":["GET"]}}],"collection":[{"href":"https:\/\/luxpowertek.com\/es\/wp-json\/wp\/v2\/pages"}],"about":[{"href":"https:\/\/luxpowertek.com\/es\/wp-json\/wp\/v2\/types\/page"}],"author":[{"embeddable":true,"href":"https:\/\/luxpowertek.com\/es\/wp-json\/wp\/v2\/users\/3"}],"replies":[{"embeddable":true,"href":"https:\/\/luxpowertek.com\/es\/wp-json\/wp\/v2\/comments?post=9146"}],"version-history":[{"count":20,"href":"https:\/\/luxpowertek.com\/es\/wp-json\/wp\/v2\/pages\/9146\/revisions"}],"predecessor-version":[{"id":16459,"href":"https:\/\/luxpowertek.com\/es\/wp-json\/wp\/v2\/pages\/9146\/revisions\/16459"}],"wp:attachment":[{"href":"https:\/\/luxpowertek.com\/es\/wp-json\/wp\/v2\/media?parent=9146"}],"curies":[{"name":"wp","href":"https:\/\/api.w.org\/{rel}","templated":true}]}}