{"id":8667,"date":"2024-04-09T22:29:25","date_gmt":"2024-04-09T14:29:25","guid":{"rendered":"https:\/\/luxpowertek.com\/?page_id=8667"},"modified":"2024-08-01T14:02:08","modified_gmt":"2024-08-01T06:02:08","slug":"donglefaqs","status":"publish","type":"page","link":"https:\/\/luxpowertek.com\/es\/donglefaqs\/","title":{"rendered":"Preguntas frecuentes sobre el dongle"},"content":{"rendered":"<div class=\"banner has-hover\" id=\"banner-744322437\">\n          <div class=\"banner-inner fill\">\n        <div class=\"banner-bg fill\" >\n            <div class=\"bg fill bg-fill\"><\/div>\n                        <div class=\"overlay\"><\/div>            \n                    <\/div>\n\t\t\n        <div class=\"banner-layers container\">\n            <div class=\"fill banner-link\"><\/div>            \n   <div id=\"text-box-938309226\" class=\"text-box banner-layer x50 md-x50 lg-x50 y50 md-y50 lg-y50 res-text\">\n                                <div class=\"text-box-content text dark\">\n              \n              <div class=\"text-inner text-center\">\n                  \n              <\/div>\n           <\/div>\n                            \n<style>\n#text-box-938309226 {\n  width: 60%;\n}\n#text-box-938309226 .text-box-content {\n  font-size: 100%;\n}\n@media (min-width:550px) {\n  #text-box-938309226 {\n    width: 60%;\n  }\n}\n<\/style>\n    <\/div>\n \n        <\/div>\n      <\/div>\n\n            \n<style>\n#banner-744322437 {\n  padding-top: 500px;\n}\n#banner-744322437 .bg.bg-loaded {\n  background-image: url(https:\/\/luxpowertek.com\/wp-content\/uploads\/2024\/04\/six.webp);\n}\n#banner-744322437 .overlay {\n  background-color: rgba(0, 0, 0, 0.401);\n}\n<\/style>\n  <\/div>\n\n\n\t<section class=\"section\" id=\"section_610095058\">\n\t\t<div class=\"bg section-bg fill bg-fill  bg-loaded\" >\n\n\t\t\t\n\t\t\t\n\t\t\t\n\n\t\t<\/div>\n\n\t\t\n\n\t\t<div class=\"section-content relative\">\n\t\t\t\n<div class=\"row\"  id=\"row-625693581\">\n\n\t<div id=\"col-564617190\" class=\"col small-12 large-12\"  >\n\t\t\t\t<div class=\"col-inner\"  >\n\t\t\t\n\t\t\t\n<p class=\"lead\" style=\"text-align: center;\"><span style=\"font-size: 105%;\"><strong>Preguntas frecuentes sobre el dongle<\/strong><\/span><\/p>\n\t\t<\/div>\n\t\t\t\t\t<\/div>\n\n\t\n<\/div>\n<div class=\"row\"  id=\"row-353273247\">\n\n\t<div id=\"col-1932041053\" class=\"col small-12 large-12\"  >\n\t\t\t\t<div class=\"col-inner\"  >\n\t\t\t\n\t\t\t\n<div class=\"accordion\">\n\t<div id=\"accordion-1598323502\" class=\"accordion-item\">\n\t\t<a id=\"accordion-1598323502-label\" class=\"accordion-title plain\" href=\"#accordion-item-what-does-\u2018dongle-already-exists\u2019-mean-when-adding-it-to-the-server?\" aria-expanded=\"false\" aria-controls=\"accordion-1598323502-content\" >\n\t\t\t<button class=\"toggle\" aria-label=\"Palanca\"><i class=\"icon-angle-down\"><\/i><\/button>\n\t\t\t<span>\u00bfQu\u00e9 significa \"el dongle ya existe\" al a\u00f1adirlo al servidor?<\/span>\n\t\t<\/a>\n\t\t<div id=\"accordion-1598323502-content\" class=\"accordion-inner\" aria-labelledby=\"accordion-1598323502-label\" >\n\t\t\t\n<ul>\n<li>R:El mensaje \"dongle already exists\" indica que el dongle ya ha sido a\u00f1adido al servidor. Si desea volver a a\u00f1adirlo, retire primero el dongle de la estaci\u00f3n. Si el dongle sigue apareciendo en su cuenta, p\u00f3ngase en contacto con su proveedor o con Luxpowertek para obtener ayuda.<\/li>\n<\/ul>\n\t\t<\/div>\n\t<\/div>\n\t\n\t<div id=\"accordion-3074927397\" class=\"accordion-item\">\n\t\t<a id=\"accordion-3074927397-label\" class=\"accordion-title plain\" href=\"#accordion-item-how-do-i-connect-the-dongle-to-a-new-wifi-provider-if-i-change-my-router?\" aria-expanded=\"false\" aria-controls=\"accordion-3074927397-content\" >\n\t\t\t<button class=\"toggle\" aria-label=\"Palanca\"><i class=\"icon-angle-down\"><\/i><\/button>\n\t\t\t<span>\u00bfC\u00f3mo conecto el dongle a un nuevo proveedor de WiFi si cambio de router?<\/span>\n\t\t<\/a>\n\t\t<div id=\"accordion-3074927397-content\" class=\"accordion-inner\" aria-labelledby=\"accordion-3074927397-label\" >\n\t\t\t\n<p>R: Sigue estos pasos para configurar la nueva contrase\u00f1a WiFi a trav\u00e9s de la aplicaci\u00f3n (aseg\u00farate de que el nuevo router admite la banda de frecuencia de 2,4 GHz):<\/p>\n<ul>\n<li>Inserte el dongle en el inversor.<\/li>\n<li>Conecta tu tel\u00e9fono m\u00f3vil u ordenador al punto de acceso local enviado por el dongle WiFi cuando el LED WiFi del dongle est\u00e9 encendido.<\/li>\n<li>Abre la aplicaci\u00f3n Luxpowerview y ve a la p\u00e1gina \"WiFi dongle connect\".<\/li>\n<li>Selecciona tu red WiFi dom\u00e9stica e introduce la contrase\u00f1a.<\/li>\n<li>Haz clic en \"Conexi\u00f3n WiFi dom\u00e9stica\" y espera a que se enciendan los tres indicadores LED.<\/li>\n<\/ul>\n\t\t<\/div>\n\t<\/div>\n\t\n\t<div id=\"accordion-3483656099\" class=\"accordion-item\">\n\t\t<a id=\"accordion-3483656099-label\" class=\"accordion-title plain\" href=\"#accordion-item-why-isn&#039;t-my-4g-dongle-working?\" aria-expanded=\"false\" aria-controls=\"accordion-3483656099-content\" >\n\t\t\t<button class=\"toggle\" aria-label=\"Palanca\"><i class=\"icon-angle-down\"><\/i><\/button>\n\t\t\t<span>\u00bfPor qu\u00e9 no funciona mi dongle 4G?<\/span>\n\t\t<\/a>\n\t\t<div id=\"accordion-3483656099-content\" class=\"accordion-inner\" aria-labelledby=\"accordion-3483656099-label\" >\n\t\t\t\n<p class=\"lead\"><span style=\"font-size: 80%;\">R: Aseg\u00farese de que ha insertado la tarjeta SIM proporcionada por LUX en el dongle 4G. Si el problema persiste, facilite el n\u00famero de serie del dongle 4G, el n\u00famero de serie del inversor y el n\u00famero de serie de la tarjeta SIM a Luxpower para consultar el periodo de validez.<\/span><\/p>\n\t\t<\/div>\n\t<\/div>\n\t\n<\/div>\n<div class=\"accordion\">\n\t<div id=\"accordion-874838066\" class=\"accordion-item\">\n\t\t<a id=\"accordion-874838066-label\" class=\"accordion-title plain\" href=\"#accordion-item-why-isn&#039;t-my-wifi-dongle-connecting-to-my-new-router?\" aria-expanded=\"false\" aria-controls=\"accordion-874838066-content\" >\n\t\t\t<button class=\"toggle\" aria-label=\"Palanca\"><i class=\"icon-angle-down\"><\/i><\/button>\n\t\t\t<span>\u00bfPor qu\u00e9 mi dongle WiFi no se conecta a mi nuevo router?<\/span>\n\t\t<\/a>\n\t\t<div id=\"accordion-874838066-content\" class=\"accordion-inner\" aria-labelledby=\"accordion-874838066-label\" >\n\t\t\t\n<p class=\"lead\"><span style=\"font-size: 80%;\">R: Solucione el problema comprobando lo siguiente:<\/span><\/p>\n<ul>\n<li class=\"lead\">\n<p class=\"lead\"><span style=\"font-size: 80%;\">Comprueba si el router es compatible con el protocolo WiFi 5.<\/span><\/p>\n<\/li>\n<li class=\"lead\">\n<p class=\"lead\"><span style=\"font-size: 80%;\">Aseg\u00farese de que el router est\u00e1 configurado para WPA1\/WPA2\/WPA2\/3.<\/span><\/p>\n<\/li>\n<li class=\"lead\">\n<p class=\"lead\"><span style=\"font-size: 80%;\">Confirma si el router soporta la banda de frecuencia de 2,4GHz.<\/span><\/p>\n<\/li>\n<li class=\"lead\">\n<p class=\"lead\"><span style=\"font-size: 80%;\">Compruebe si el router est\u00e1 configurado para DHCP (o asigne manualmente la direcci\u00f3n IP para el dongle).<\/span><\/p>\n<\/li>\n<\/ul>\n\t\t<\/div>\n\t<\/div>\n\t\n\t<div id=\"accordion-3946860223\" class=\"accordion-item\">\n\t\t<a id=\"accordion-3946860223-label\" class=\"accordion-title plain\" href=\"#accordion-item-can-i-bind-a-dongle-to-more-than-one-station-for-normal-use?\" aria-expanded=\"false\" aria-controls=\"accordion-3946860223-content\" >\n\t\t\t<button class=\"toggle\" aria-label=\"Palanca\"><i class=\"icon-angle-down\"><\/i><\/button>\n\t\t\t<span>\u00bfPuedo vincular un dongle a m\u00e1s de una estaci\u00f3n para un uso normal?<\/span>\n\t\t<\/a>\n\t\t<div id=\"accordion-3946860223-content\" class=\"accordion-inner\" aria-labelledby=\"accordion-3946860223-label\" >\n\t\t\t\n<p class=\"lead\"><span style=\"font-size: 80%;\">R: Actualmente, s\u00f3lo se puede vincular un dongle a un inversor y una estaci\u00f3n concretos.<\/span><\/p>\n\t\t<\/div>\n\t<\/div>\n\t\n\t<div id=\"accordion-152490020\" class=\"accordion-item\">\n\t\t<a id=\"accordion-152490020-label\" class=\"accordion-title plain\" href=\"#accordion-item-why-can&#039;t-we-see-the-wifi-hotspot-in-our-phone&#039;s-wifi-list?\" aria-expanded=\"false\" aria-controls=\"accordion-152490020-content\" >\n\t\t\t<button class=\"toggle\" aria-label=\"Palanca\"><i class=\"icon-angle-down\"><\/i><\/button>\n\t\t\t<span>\u00bfPor qu\u00e9 no podemos ver el punto de acceso WiFi en la lista WiFi de nuestro tel\u00e9fono?<\/span>\n\t\t<\/a>\n\t\t<div id=\"accordion-152490020-content\" class=\"accordion-inner\" aria-labelledby=\"accordion-152490020-label\" >\n\t\t\t\n<p class=\"lead\"><span style=\"font-size: 80%;\">R: Comprueba si puedes ver un hotspot llamado \"MXCHIPXXXX\". Si inicia sesi\u00f3n en 10.10.10.1 y cambia el modo WiFi a modo estaci\u00f3n, es posible que el dongle no muestre AP. Adem\u00e1s, si se realiza un restablecimiento de f\u00e1brica, el AP puede aparecer como \"MXCHIPxxxxxxx\".<\/span><\/p>\n\t\t<\/div>\n\t<\/div>\n\t\n<\/div>\n\t\t<\/div>\n\t\t\t\t\t<\/div>\n\n\t\n<\/div>\n\t\t<\/div>\n\n\t\t\n<style>\n#section_610095058 {\n  padding-top: 30px;\n  padding-bottom: 30px;\n}\n<\/style>\n\t<\/section>","protected":false},"excerpt":{"rendered":"","protected":false},"author":3,"featured_media":0,"parent":0,"menu_order":0,"comment_status":"closed","ping_status":"closed","template":"page-transparent-header-light.php","meta":{"rop_custom_images_group":[],"rop_custom_messages_group":[],"rop_publish_now":"initial","rop_publish_now_accounts":[],"rop_publish_now_history":[],"rop_publish_now_status":"pending","footnotes":""},"class_list":["post-8667","page","type-page","status-publish","hentry"],"yoast_head":"<!-- This site is optimized with the Yoast SEO plugin v27.3 - https:\/\/yoast.com\/product\/yoast-seo-wordpress\/ -->\n<title>Dongle FAQs -<\/title>\n<meta name=\"robots\" content=\"index, follow, max-snippet:-1, max-image-preview:large, max-video-preview:-1\" \/>\n<link rel=\"canonical\" href=\"https:\/\/luxpowertek.com\/es\/donglefaqs\/\" \/>\n<meta property=\"og:locale\" content=\"es_ES\" \/>\n<meta property=\"og:type\" content=\"article\" \/>\n<meta property=\"og:title\" content=\"Dongle FAQs -\" \/>\n<meta property=\"og:url\" content=\"https:\/\/luxpowertek.com\/es\/donglefaqs\/\" \/>\n<meta property=\"article:publisher\" content=\"https:\/\/www.facebook.com\/LUXPOWERTEK\" \/>\n<meta property=\"article:modified_time\" content=\"2024-08-01T06:02:08+00:00\" \/>\n<meta name=\"twitter:card\" content=\"summary_large_image\" \/>\n<meta name=\"twitter:label1\" content=\"Tiempo de lectura\" \/>\n\t<meta name=\"twitter:data1\" content=\"2 minutos\" \/>\n<script type=\"application\/ld+json\" class=\"yoast-schema-graph\">{\"@context\":\"https:\\\/\\\/schema.org\",\"@graph\":[{\"@type\":\"WebPage\",\"@id\":\"https:\\\/\\\/luxpowertek.com\\\/donglefaqs\\\/\",\"url\":\"https:\\\/\\\/luxpowertek.com\\\/donglefaqs\\\/\",\"name\":\"Dongle FAQs -\",\"isPartOf\":{\"@id\":\"https:\\\/\\\/luxpowertek.com\\\/#website\"},\"datePublished\":\"2024-04-09T14:29:25+00:00\",\"dateModified\":\"2024-08-01T06:02:08+00:00\",\"breadcrumb\":{\"@id\":\"https:\\\/\\\/luxpowertek.com\\\/donglefaqs\\\/#breadcrumb\"},\"inLanguage\":\"es\",\"potentialAction\":[{\"@type\":\"ReadAction\",\"target\":[\"https:\\\/\\\/luxpowertek.com\\\/donglefaqs\\\/\"]}]},{\"@type\":\"BreadcrumbList\",\"@id\":\"https:\\\/\\\/luxpowertek.com\\\/donglefaqs\\\/#breadcrumb\",\"itemListElement\":[{\"@type\":\"ListItem\",\"position\":1,\"name\":\"Home\",\"item\":\"https:\\\/\\\/luxpowertek.com\\\/\"},{\"@type\":\"ListItem\",\"position\":2,\"name\":\"Dongle FAQs\"}]},{\"@type\":\"WebSite\",\"@id\":\"https:\\\/\\\/luxpowertek.com\\\/#website\",\"url\":\"https:\\\/\\\/luxpowertek.com\\\/\",\"name\":\"\",\"description\":\"\",\"publisher\":{\"@id\":\"https:\\\/\\\/luxpowertek.com\\\/#organization\"},\"potentialAction\":[{\"@type\":\"SearchAction\",\"target\":{\"@type\":\"EntryPoint\",\"urlTemplate\":\"https:\\\/\\\/luxpowertek.com\\\/?s={search_term_string}\"},\"query-input\":{\"@type\":\"PropertyValueSpecification\",\"valueRequired\":true,\"valueName\":\"search_term_string\"}}],\"inLanguage\":\"es\"},{\"@type\":\"Organization\",\"@id\":\"https:\\\/\\\/luxpowertek.com\\\/#organization\",\"name\":\"LuxpowerTek\",\"url\":\"https:\\\/\\\/luxpowertek.com\\\/\",\"logo\":{\"@type\":\"ImageObject\",\"inLanguage\":\"es\",\"@id\":\"https:\\\/\\\/luxpowertek.com\\\/#\\\/schema\\\/logo\\\/image\\\/\",\"url\":\"https:\\\/\\\/luxpowertek.com\\\/wp-content\\\/uploads\\\/2024\\\/08\\\/Luxpower_logo_new.webp\",\"contentUrl\":\"https:\\\/\\\/luxpowertek.com\\\/wp-content\\\/uploads\\\/2024\\\/08\\\/Luxpower_logo_new.webp\",\"width\":1030,\"height\":186,\"caption\":\"LuxpowerTek\"},\"image\":{\"@id\":\"https:\\\/\\\/luxpowertek.com\\\/#\\\/schema\\\/logo\\\/image\\\/\"},\"sameAs\":[\"https:\\\/\\\/www.facebook.com\\\/LUXPOWERTEK\"]}]}<\/script>\n<!-- \/ Yoast SEO plugin. -->","yoast_head_json":{"title":"Preguntas frecuentes sobre el dongle -","robots":{"index":"index","follow":"follow","max-snippet":"max-snippet:-1","max-image-preview":"max-image-preview:large","max-video-preview":"max-video-preview:-1"},"canonical":"https:\/\/luxpowertek.com\/es\/donglefaqs\/","og_locale":"es_ES","og_type":"article","og_title":"Dongle FAQs -","og_url":"https:\/\/luxpowertek.com\/es\/donglefaqs\/","article_publisher":"https:\/\/www.facebook.com\/LUXPOWERTEK","article_modified_time":"2024-08-01T06:02:08+00:00","twitter_card":"summary_large_image","twitter_misc":{"Tiempo de lectura":"2 minutos"},"schema":{"@context":"https:\/\/schema.org","@graph":[{"@type":"WebPage","@id":"https:\/\/luxpowertek.com\/donglefaqs\/","url":"https:\/\/luxpowertek.com\/donglefaqs\/","name":"Preguntas frecuentes sobre el dongle -","isPartOf":{"@id":"https:\/\/luxpowertek.com\/#website"},"datePublished":"2024-04-09T14:29:25+00:00","dateModified":"2024-08-01T06:02:08+00:00","breadcrumb":{"@id":"https:\/\/luxpowertek.com\/donglefaqs\/#breadcrumb"},"inLanguage":"es","potentialAction":[{"@type":"ReadAction","target":["https:\/\/luxpowertek.com\/donglefaqs\/"]}]},{"@type":"BreadcrumbList","@id":"https:\/\/luxpowertek.com\/donglefaqs\/#breadcrumb","itemListElement":[{"@type":"ListItem","position":1,"name":"Home","item":"https:\/\/luxpowertek.com\/"},{"@type":"ListItem","position":2,"name":"Dongle FAQs"}]},{"@type":"WebSite","@id":"https:\/\/luxpowertek.com\/#website","url":"https:\/\/luxpowertek.com\/","name":"","description":"","publisher":{"@id":"https:\/\/luxpowertek.com\/#organization"},"potentialAction":[{"@type":"SearchAction","target":{"@type":"EntryPoint","urlTemplate":"https:\/\/luxpowertek.com\/?s={search_term_string}"},"query-input":{"@type":"PropertyValueSpecification","valueRequired":true,"valueName":"search_term_string"}}],"inLanguage":"es"},{"@type":"Organization","@id":"https:\/\/luxpowertek.com\/#organization","name":"LuxPowerTek","url":"https:\/\/luxpowertek.com\/","logo":{"@type":"ImageObject","inLanguage":"es","@id":"https:\/\/luxpowertek.com\/#\/schema\/logo\/image\/","url":"https:\/\/luxpowertek.com\/wp-content\/uploads\/2024\/08\/Luxpower_logo_new.webp","contentUrl":"https:\/\/luxpowertek.com\/wp-content\/uploads\/2024\/08\/Luxpower_logo_new.webp","width":1030,"height":186,"caption":"LuxpowerTek"},"image":{"@id":"https:\/\/luxpowertek.com\/#\/schema\/logo\/image\/"},"sameAs":["https:\/\/www.facebook.com\/LUXPOWERTEK"]}]}},"_links":{"self":[{"href":"https:\/\/luxpowertek.com\/es\/wp-json\/wp\/v2\/pages\/8667","targetHints":{"allow":["GET"]}}],"collection":[{"href":"https:\/\/luxpowertek.com\/es\/wp-json\/wp\/v2\/pages"}],"about":[{"href":"https:\/\/luxpowertek.com\/es\/wp-json\/wp\/v2\/types\/page"}],"author":[{"embeddable":true,"href":"https:\/\/luxpowertek.com\/es\/wp-json\/wp\/v2\/users\/3"}],"replies":[{"embeddable":true,"href":"https:\/\/luxpowertek.com\/es\/wp-json\/wp\/v2\/comments?post=8667"}],"version-history":[{"count":20,"href":"https:\/\/luxpowertek.com\/es\/wp-json\/wp\/v2\/pages\/8667\/revisions"}],"predecessor-version":[{"id":11353,"href":"https:\/\/luxpowertek.com\/es\/wp-json\/wp\/v2\/pages\/8667\/revisions\/11353"}],"wp:attachment":[{"href":"https:\/\/luxpowertek.com\/es\/wp-json\/wp\/v2\/media?parent=8667"}],"curies":[{"name":"wp","href":"https:\/\/api.w.org\/{rel}","templated":true}]}}