{"id":8648,"date":"2024-04-09T21:34:36","date_gmt":"2024-04-09T13:34:36","guid":{"rendered":"https:\/\/luxpowertek.com\/?page_id=8648"},"modified":"2024-08-01T10:57:41","modified_gmt":"2024-08-01T02:57:41","slug":"solarinverter-ac-dc-inverterfaq","status":"publish","type":"page","link":"https:\/\/luxpowertek.com\/es\/solarinverter-ac-dc-inverterfaq\/","title":{"rendered":"Preguntas frecuentes sobre inversores CA\/CC"},"content":{"rendered":"<div class=\"banner has-hover\" id=\"banner-1697454826\">\n          <div class=\"banner-inner fill\">\n        <div class=\"banner-bg fill\" >\n            <div class=\"bg fill bg-fill\"><\/div>\n                        <div class=\"overlay\"><\/div>            \n                    <\/div>\n\t\t\n        <div class=\"banner-layers container\">\n            <div class=\"fill banner-link\"><\/div>            \n   <div id=\"text-box-1756927726\" class=\"text-box banner-layer x50 md-x50 lg-x50 y50 md-y50 lg-y50 res-text\">\n                                <div class=\"text-box-content text dark\">\n              \n              <div class=\"text-inner text-center\">\n                  \n              <\/div>\n           <\/div>\n                            \n<style>\n#text-box-1756927726 {\n  width: 60%;\n}\n#text-box-1756927726 .text-box-content {\n  font-size: 100%;\n}\n@media (min-width:550px) {\n  #text-box-1756927726 {\n    width: 60%;\n  }\n}\n<\/style>\n    <\/div>\n \n        <\/div>\n      <\/div>\n\n            \n<style>\n#banner-1697454826 {\n  padding-top: 500px;\n}\n#banner-1697454826 .bg.bg-loaded {\n  background-image: url(https:\/\/luxpowertek.com\/wp-content\/uploads\/2024\/04\/six.webp);\n}\n#banner-1697454826 .overlay {\n  background-color: rgba(0, 0, 0, 0.401);\n}\n<\/style>\n  <\/div>\n\n\n\t<section class=\"section\" id=\"section_2064514077\">\n\t\t<div class=\"bg section-bg fill bg-fill  bg-loaded\" >\n\n\t\t\t\n\t\t\t\n\t\t\t\n\n\t\t<\/div>\n\n\t\t\n\n\t\t<div class=\"section-content relative\">\n\t\t\t\n<div class=\"row\"  id=\"row-1060912969\">\n\n\t<div id=\"col-1554850453\" class=\"col small-12 large-12\"  >\n\t\t\t\t<div class=\"col-inner\"  >\n\t\t\t\n\t\t\t\n<p class=\"lead\" style=\"text-align: center;\"><span style=\"font-size: 105%;\"><strong>Preguntas frecuentes sobre el inversor acoplado CA\/CC<\/strong><\/span><\/p>\n\t\t<\/div>\n\t\t\t\t\t<\/div>\n\n\t\n<\/div>\n<div class=\"row\"  id=\"row-1662577624\">\n\n\t<div id=\"col-1156238144\" class=\"col small-12 large-12\"  >\n\t\t\t\t<div class=\"col-inner\"  >\n\t\t\t\n\t\t\t\n<div class=\"accordion\">\n\t<div id=\"accordion-3417824054\" class=\"accordion-item\">\n\t\t<a id=\"accordion-3417824054-label\" class=\"accordion-title plain\" href=\"#accordion-item-what-does-ac-coupling-mean\uff1f\" aria-expanded=\"false\" aria-controls=\"accordion-3417824054-content\" >\n\t\t\t<button class=\"toggle\" aria-label=\"Palanca\"><i class=\"icon-angle-down\"><\/i><\/button>\n\t\t\t<span>\u00bfQu\u00e9 significa AC COUPLING?<\/span>\n\t\t<\/a>\n\t\t<div id=\"accordion-3417824054-content\" class=\"accordion-inner\" aria-labelledby=\"accordion-3417824054-label\" >\n\t\t\t\n<p class=\"lead\"><span style=\"font-size: 80%;\">R: El acoplamiento de CA, o acoplamiento de CA, se refiere principalmente a un sistema de almacenamiento que se carga con corriente alterna. El acoplamiento de CA, que suele utilizarse en escenarios de retroadaptaci\u00f3n junto a sistemas fotovoltaicos existentes, permite compensar la carga y cargar las bater\u00edas cuando la red el\u00e9ctrica est\u00e1 disponible. Durante los cortes de red, el sistema de almacenamiento proporciona una referencia de tensi\u00f3n para que el sistema fotovoltaico siga generando energ\u00eda sin el apoyo de la red.<\/span><\/p>\n\t\t<\/div>\n\t<\/div>\n\t\n\t<div id=\"accordion-2951750842\" class=\"accordion-item\">\n\t\t<a id=\"accordion-2951750842-label\" class=\"accordion-title plain\" href=\"#accordion-item-is-ac-couple-in-on-grid-mode-and-off-grid-mode-available-with-12kw-inverter-?\" aria-expanded=\"false\" aria-controls=\"accordion-2951750842-content\" >\n\t\t\t<button class=\"toggle\" aria-label=\"Palanca\"><i class=\"icon-angle-down\"><\/i><\/button>\n\t\t\t<span>\u00bfExiste un par de CA en modo conectado a la red y en modo desconectado de la red con un inversor de 12 kW?<\/span>\n\t\t<\/a>\n\t\t<div id=\"accordion-2951750842-content\" class=\"accordion-inner\" aria-labelledby=\"accordion-2951750842-label\" >\n\t\t\t\n<p class=\"lead\"><span style=\"font-size: 80%;\">R: S\u00ed, tanto el modo conectado a la red como el modo aislado est\u00e1n disponibles con un inversor de 12 kW. El inversor fotovoltaico existente debe conectarse al puerto Gen para habilitar la funcionalidad de acoplamiento de CA.<\/span><\/p>\n\t\t<\/div>\n\t<\/div>\n\t\n\t<div id=\"accordion-1875933669\" class=\"accordion-item\">\n\t\t<a id=\"accordion-1875933669-label\" class=\"accordion-title plain\" href=\"#accordion-item-can-acs3600-achieve-zero-export?\" aria-expanded=\"false\" aria-controls=\"accordion-1875933669-content\" >\n\t\t\t<button class=\"toggle\" aria-label=\"Palanca\"><i class=\"icon-angle-down\"><\/i><\/button>\n\t\t\t<span>\u00bfPuede el ACS3600 conseguir la exportaci\u00f3n cero?<\/span>\n\t\t<\/a>\n\t\t<div id=\"accordion-1875933669-content\" class=\"accordion-inner\" aria-labelledby=\"accordion-1875933669-label\" >\n\t\t\t\n<p>R: El ACS3600 no puede lograr una verdadera exportaci\u00f3n cero debido a ciertas limitaciones:<\/p>\n<ul>\n<li>Si el inversor fotovoltaico carece de la funci\u00f3n de exportaci\u00f3n cero, el ajuste de la exportaci\u00f3n cero no funcionar\u00e1, lo que provocar\u00e1 un exceso de retroalimentaci\u00f3n de energ\u00eda a la red.<\/li>\n<li>Si el inversor fotovoltaico tiene capacidad de exportaci\u00f3n cero, genera energ\u00eda en funci\u00f3n de la carga. Cuando la corriente del inversor es detectada por un transformador de corriente (TC), la generaci\u00f3n de energ\u00eda fotovoltaica se detiene, lo que impide la carga de la bater\u00eda durante ese tiempo.<\/li>\n<\/ul>\n\t\t<\/div>\n\t<\/div>\n\t\n<\/div>\n<div class=\"accordion\">\n\t<div id=\"accordion-1629685668\" class=\"accordion-item\">\n\t\t<a id=\"accordion-1629685668-label\" class=\"accordion-title plain\" href=\"#accordion-item-what-does-the-acs-3600-provide?\" aria-expanded=\"false\" aria-controls=\"accordion-1629685668-content\" >\n\t\t\t<button class=\"toggle\" aria-label=\"Palanca\"><i class=\"icon-angle-down\"><\/i><\/button>\n\t\t\t<span>\u00bfQu\u00e9 ofrece el ACS 3600?<\/span>\n\t\t<\/a>\n\t\t<div id=\"accordion-1629685668-content\" class=\"accordion-inner\" aria-labelledby=\"accordion-1629685668-label\" >\n\t\t\t\n<p class=\"lead\"><span style=\"font-size: 80%;\">R: El ACS 3600, nuestro dispositivo acoplado a CA, integra conversi\u00f3n bidireccional de energ\u00eda, una bater\u00eda de almacenamiento de energ\u00eda y una unidad de gesti\u00f3n de bater\u00edas. Almacena de forma eficiente la energ\u00eda procedente de fuentes solares, de la red o de generadores para alimentar las cargas dom\u00e9sticas seg\u00fan sea necesario. Este sistema optimiza la utilizaci\u00f3n de la energ\u00eda solar, reduce los gastos de electricidad y garantiza la fiabilidad de la electricidad dom\u00e9stica. Durante los cortes de la red, el generador funciona perfectamente como fuente de energ\u00eda de reserva.<\/span><\/p>\n\t\t<\/div>\n\t<\/div>\n\t\n\t<div id=\"accordion-531348460\" class=\"accordion-item\">\n\t\t<a id=\"accordion-531348460-label\" class=\"accordion-title plain\" href=\"#accordion-item-what-is-the-difference-between-ac-and-dc-coupled?\" aria-expanded=\"false\" aria-controls=\"accordion-531348460-content\" >\n\t\t\t<button class=\"toggle\" aria-label=\"Palanca\"><i class=\"icon-angle-down\"><\/i><\/button>\n\t\t\t<span>\u00bfCu\u00e1l es la diferencia entre acoplamiento de CA y de CC?<\/span>\n\t\t<\/a>\n\t\t<div id=\"accordion-531348460-content\" class=\"accordion-inner\" aria-labelledby=\"accordion-531348460-label\" >\n\t\t\t\n<p class=\"lead\"><span style=\"font-size: 80%;\">R: En un sistema acoplado a CA, los paneles solares producen corriente continua, que un inversor convierte en alterna para alimentar los aparatos. Toda la electricidad dirigida a una bater\u00eda se convierte en CC mediante un inversor antes de volver a convertirse en CA para el uso de los aparatos o la alimentaci\u00f3n de la red.<\/span><\/p>\n<p class=\"lead\"><span style=\"font-size: 80%;\">En un sistema acoplado de CC, la energ\u00eda de CC de los paneles solares carga directamente las bater\u00edas solares sin conversi\u00f3n intermedia de CA. La electricidad necesaria para los electrodom\u00e9sticos o la alimentaci\u00f3n de la red se convierte en CA mediante un inversor, al igual que la electricidad descargada de la bater\u00eda.<\/span><\/p>\n\t\t<\/div>\n\t<\/div>\n\t\n\t<div id=\"accordion-4055802802\" class=\"accordion-item\">\n\t\t<a id=\"accordion-4055802802-label\" class=\"accordion-title plain\" href=\"#accordion-item-what-is-the-scenario-for-a-dc-coupled-inverter?\" aria-expanded=\"false\" aria-controls=\"accordion-4055802802-content\" >\n\t\t\t<button class=\"toggle\" aria-label=\"Palanca\"><i class=\"icon-angle-down\"><\/i><\/button>\n\t\t\t<span>\u00bfCu\u00e1l es el escenario para un inversor acoplado a CC?<\/span>\n\t\t<\/a>\n\t\t<div id=\"accordion-4055802802-content\" class=\"accordion-inner\" aria-labelledby=\"accordion-4055802802-label\" >\n\t\t\t\n<p>R: En el contexto de un inversor acoplado a CC, nuestro dispositivo interact\u00faa con los inversores conectados a la red existentes. Con una capacidad m\u00e1xima de entrada fotovoltaica de 200 kW y de salida fotovoltaica de 100 kW, y compatibilidad con bater\u00edas de alta tensi\u00f3n de 100-700 V, es adecuado para aplicaciones comerciales e industriales a gran escala.<\/p>\n\t\t<\/div>\n\t<\/div>\n\t\n<\/div>\n\t\t<\/div>\n\t\t\t\t\t<\/div>\n\n\t\n\n\t<div id=\"col-283454208\" class=\"col small-12 large-12\"  >\n\t\t\t\t<div class=\"col-inner\"  >\n\t\t\t\n\t\t\t\n\t\t<\/div>\n\t\t\t\t\t<\/div>\n\n\t\n<\/div>\n\t\t<\/div>\n\n\t\t\n<style>\n#section_2064514077 {\n  padding-top: 30px;\n  padding-bottom: 30px;\n}\n<\/style>\n\t<\/section>","protected":false},"excerpt":{"rendered":"","protected":false},"author":3,"featured_media":0,"parent":0,"menu_order":0,"comment_status":"closed","ping_status":"closed","template":"page-transparent-header-light.php","meta":{"rop_custom_images_group":[],"rop_custom_messages_group":[],"rop_publish_now":"initial","rop_publish_now_accounts":[],"rop_publish_now_history":[],"rop_publish_now_status":"pending","footnotes":""},"class_list":["post-8648","page","type-page","status-publish","hentry"],"yoast_head":"<!-- This site is optimized with the Yoast SEO plugin v27.3 - https:\/\/yoast.com\/product\/yoast-seo-wordpress\/ -->\n<title>AC\/DC inverter FAQs -<\/title>\n<meta name=\"robots\" content=\"index, follow, max-snippet:-1, max-image-preview:large, max-video-preview:-1\" \/>\n<link rel=\"canonical\" href=\"https:\/\/luxpowertek.com\/es\/solarinverter-ac-dc-inverterfaq\/\" \/>\n<meta property=\"og:locale\" content=\"es_ES\" \/>\n<meta property=\"og:type\" content=\"article\" \/>\n<meta property=\"og:title\" content=\"AC\/DC inverter FAQs -\" \/>\n<meta property=\"og:url\" content=\"https:\/\/luxpowertek.com\/es\/solarinverter-ac-dc-inverterfaq\/\" \/>\n<meta property=\"article:publisher\" content=\"https:\/\/www.facebook.com\/LUXPOWERTEK\" \/>\n<meta property=\"article:modified_time\" content=\"2024-08-01T02:57:41+00:00\" \/>\n<meta name=\"twitter:card\" content=\"summary_large_image\" \/>\n<meta name=\"twitter:label1\" content=\"Tiempo de lectura\" \/>\n\t<meta name=\"twitter:data1\" content=\"2 minutos\" \/>\n<script type=\"application\/ld+json\" class=\"yoast-schema-graph\">{\"@context\":\"https:\\\/\\\/schema.org\",\"@graph\":[{\"@type\":\"WebPage\",\"@id\":\"https:\\\/\\\/luxpowertek.com\\\/solarinverter-ac-dc-inverterfaq\\\/\",\"url\":\"https:\\\/\\\/luxpowertek.com\\\/solarinverter-ac-dc-inverterfaq\\\/\",\"name\":\"AC\\\/DC inverter FAQs -\",\"isPartOf\":{\"@id\":\"https:\\\/\\\/luxpowertek.com\\\/#website\"},\"datePublished\":\"2024-04-09T13:34:36+00:00\",\"dateModified\":\"2024-08-01T02:57:41+00:00\",\"breadcrumb\":{\"@id\":\"https:\\\/\\\/luxpowertek.com\\\/solarinverter-ac-dc-inverterfaq\\\/#breadcrumb\"},\"inLanguage\":\"es\",\"potentialAction\":[{\"@type\":\"ReadAction\",\"target\":[\"https:\\\/\\\/luxpowertek.com\\\/solarinverter-ac-dc-inverterfaq\\\/\"]}]},{\"@type\":\"BreadcrumbList\",\"@id\":\"https:\\\/\\\/luxpowertek.com\\\/solarinverter-ac-dc-inverterfaq\\\/#breadcrumb\",\"itemListElement\":[{\"@type\":\"ListItem\",\"position\":1,\"name\":\"Home\",\"item\":\"https:\\\/\\\/luxpowertek.com\\\/\"},{\"@type\":\"ListItem\",\"position\":2,\"name\":\"AC\\\/DC inverter FAQs\"}]},{\"@type\":\"WebSite\",\"@id\":\"https:\\\/\\\/luxpowertek.com\\\/#website\",\"url\":\"https:\\\/\\\/luxpowertek.com\\\/\",\"name\":\"\",\"description\":\"\",\"publisher\":{\"@id\":\"https:\\\/\\\/luxpowertek.com\\\/#organization\"},\"potentialAction\":[{\"@type\":\"SearchAction\",\"target\":{\"@type\":\"EntryPoint\",\"urlTemplate\":\"https:\\\/\\\/luxpowertek.com\\\/?s={search_term_string}\"},\"query-input\":{\"@type\":\"PropertyValueSpecification\",\"valueRequired\":true,\"valueName\":\"search_term_string\"}}],\"inLanguage\":\"es\"},{\"@type\":\"Organization\",\"@id\":\"https:\\\/\\\/luxpowertek.com\\\/#organization\",\"name\":\"LuxpowerTek\",\"url\":\"https:\\\/\\\/luxpowertek.com\\\/\",\"logo\":{\"@type\":\"ImageObject\",\"inLanguage\":\"es\",\"@id\":\"https:\\\/\\\/luxpowertek.com\\\/#\\\/schema\\\/logo\\\/image\\\/\",\"url\":\"https:\\\/\\\/luxpowertek.com\\\/wp-content\\\/uploads\\\/2024\\\/08\\\/Luxpower_logo_new.webp\",\"contentUrl\":\"https:\\\/\\\/luxpowertek.com\\\/wp-content\\\/uploads\\\/2024\\\/08\\\/Luxpower_logo_new.webp\",\"width\":1030,\"height\":186,\"caption\":\"LuxpowerTek\"},\"image\":{\"@id\":\"https:\\\/\\\/luxpowertek.com\\\/#\\\/schema\\\/logo\\\/image\\\/\"},\"sameAs\":[\"https:\\\/\\\/www.facebook.com\\\/LUXPOWERTEK\"]}]}<\/script>\n<!-- \/ Yoast SEO plugin. -->","yoast_head_json":{"title":"Preguntas frecuentes sobre inversores CA\/CC -","robots":{"index":"index","follow":"follow","max-snippet":"max-snippet:-1","max-image-preview":"max-image-preview:large","max-video-preview":"max-video-preview:-1"},"canonical":"https:\/\/luxpowertek.com\/es\/solarinverter-ac-dc-inverterfaq\/","og_locale":"es_ES","og_type":"article","og_title":"AC\/DC inverter FAQs -","og_url":"https:\/\/luxpowertek.com\/es\/solarinverter-ac-dc-inverterfaq\/","article_publisher":"https:\/\/www.facebook.com\/LUXPOWERTEK","article_modified_time":"2024-08-01T02:57:41+00:00","twitter_card":"summary_large_image","twitter_misc":{"Tiempo de lectura":"2 minutos"},"schema":{"@context":"https:\/\/schema.org","@graph":[{"@type":"WebPage","@id":"https:\/\/luxpowertek.com\/solarinverter-ac-dc-inverterfaq\/","url":"https:\/\/luxpowertek.com\/solarinverter-ac-dc-inverterfaq\/","name":"Preguntas frecuentes sobre inversores CA\/CC -","isPartOf":{"@id":"https:\/\/luxpowertek.com\/#website"},"datePublished":"2024-04-09T13:34:36+00:00","dateModified":"2024-08-01T02:57:41+00:00","breadcrumb":{"@id":"https:\/\/luxpowertek.com\/solarinverter-ac-dc-inverterfaq\/#breadcrumb"},"inLanguage":"es","potentialAction":[{"@type":"ReadAction","target":["https:\/\/luxpowertek.com\/solarinverter-ac-dc-inverterfaq\/"]}]},{"@type":"BreadcrumbList","@id":"https:\/\/luxpowertek.com\/solarinverter-ac-dc-inverterfaq\/#breadcrumb","itemListElement":[{"@type":"ListItem","position":1,"name":"Home","item":"https:\/\/luxpowertek.com\/"},{"@type":"ListItem","position":2,"name":"AC\/DC inverter FAQs"}]},{"@type":"WebSite","@id":"https:\/\/luxpowertek.com\/#website","url":"https:\/\/luxpowertek.com\/","name":"","description":"","publisher":{"@id":"https:\/\/luxpowertek.com\/#organization"},"potentialAction":[{"@type":"SearchAction","target":{"@type":"EntryPoint","urlTemplate":"https:\/\/luxpowertek.com\/?s={search_term_string}"},"query-input":{"@type":"PropertyValueSpecification","valueRequired":true,"valueName":"search_term_string"}}],"inLanguage":"es"},{"@type":"Organization","@id":"https:\/\/luxpowertek.com\/#organization","name":"LuxPowerTek","url":"https:\/\/luxpowertek.com\/","logo":{"@type":"ImageObject","inLanguage":"es","@id":"https:\/\/luxpowertek.com\/#\/schema\/logo\/image\/","url":"https:\/\/luxpowertek.com\/wp-content\/uploads\/2024\/08\/Luxpower_logo_new.webp","contentUrl":"https:\/\/luxpowertek.com\/wp-content\/uploads\/2024\/08\/Luxpower_logo_new.webp","width":1030,"height":186,"caption":"LuxpowerTek"},"image":{"@id":"https:\/\/luxpowertek.com\/#\/schema\/logo\/image\/"},"sameAs":["https:\/\/www.facebook.com\/LUXPOWERTEK"]}]}},"_links":{"self":[{"href":"https:\/\/luxpowertek.com\/es\/wp-json\/wp\/v2\/pages\/8648","targetHints":{"allow":["GET"]}}],"collection":[{"href":"https:\/\/luxpowertek.com\/es\/wp-json\/wp\/v2\/pages"}],"about":[{"href":"https:\/\/luxpowertek.com\/es\/wp-json\/wp\/v2\/types\/page"}],"author":[{"embeddable":true,"href":"https:\/\/luxpowertek.com\/es\/wp-json\/wp\/v2\/users\/3"}],"replies":[{"embeddable":true,"href":"https:\/\/luxpowertek.com\/es\/wp-json\/wp\/v2\/comments?post=8648"}],"version-history":[{"count":6,"href":"https:\/\/luxpowertek.com\/es\/wp-json\/wp\/v2\/pages\/8648\/revisions"}],"predecessor-version":[{"id":10917,"href":"https:\/\/luxpowertek.com\/es\/wp-json\/wp\/v2\/pages\/8648\/revisions\/10917"}],"wp:attachment":[{"href":"https:\/\/luxpowertek.com\/es\/wp-json\/wp\/v2\/media?parent=8648"}],"curies":[{"name":"wp","href":"https:\/\/api.w.org\/{rel}","templated":true}]}}