{"id":8646,"date":"2024-04-09T21:26:37","date_gmt":"2024-04-09T13:26:37","guid":{"rendered":"https:\/\/luxpowertek.com\/?page_id=8646"},"modified":"2024-07-04T10:34:11","modified_gmt":"2024-07-04T02:34:11","slug":"offgridinverterfaq","status":"publish","type":"page","link":"https:\/\/luxpowertek.com\/es\/offgridinverterfaq\/","title":{"rendered":"Preguntas frecuentes sobre inversores aislados"},"content":{"rendered":"<div class=\"banner has-hover\" id=\"banner-1279236121\">\n          <div class=\"banner-inner fill\">\n        <div class=\"banner-bg fill\" >\n            <div class=\"bg fill bg-fill\"><\/div>\n                        <div class=\"overlay\"><\/div>            \n                    <\/div>\n\t\t\n        <div class=\"banner-layers container\">\n            <div class=\"fill banner-link\"><\/div>            \n   <div id=\"text-box-834670096\" class=\"text-box banner-layer x50 md-x50 lg-x50 y50 md-y50 lg-y50 res-text\">\n                                <div class=\"text-box-content text dark\">\n              \n              <div class=\"text-inner text-center\">\n                  \n              <\/div>\n           <\/div>\n                            \n<style>\n#text-box-834670096 {\n  width: 60%;\n}\n#text-box-834670096 .text-box-content {\n  font-size: 100%;\n}\n@media (min-width:550px) {\n  #text-box-834670096 {\n    width: 60%;\n  }\n}\n<\/style>\n    <\/div>\n \n        <\/div>\n      <\/div>\n\n            \n<style>\n#banner-1279236121 {\n  padding-top: 500px;\n}\n#banner-1279236121 .bg.bg-loaded {\n  background-image: url(https:\/\/luxpowertek.com\/wp-content\/uploads\/2024\/04\/six.webp);\n}\n#banner-1279236121 .overlay {\n  background-color: rgba(0, 0, 0, 0.401);\n}\n<\/style>\n  <\/div>\n\n\n\t<section class=\"section\" id=\"section_2098350394\">\n\t\t<div class=\"bg section-bg fill bg-fill  bg-loaded\" >\n\n\t\t\t\n\t\t\t\n\t\t\t\n\n\t\t<\/div>\n\n\t\t\n\n\t\t<div class=\"section-content relative\">\n\t\t\t\n<div class=\"row\"  id=\"row-842893093\">\n\n\t<div id=\"col-2055133134\" class=\"col small-12 large-12\"  >\n\t\t\t\t<div class=\"col-inner\"  >\n\t\t\t\n\t\t\t\n<p class=\"lead\" style=\"text-align: center;\"><strong><span style=\"font-size: 100%;\">Preguntas frecuentes sobre inversores aislados<\/span><\/strong><\/p>\n\t\t<\/div>\n\t\t\t\t\t<\/div>\n\n\t\n<\/div>\n<div class=\"row\"  id=\"row-1521381990\">\n\n\t<div id=\"col-2102196437\" class=\"col small-12 large-12\"  >\n\t\t\t\t<div class=\"col-inner\"  >\n\t\t\t\n\t\t\t\n<div class=\"accordion\">\n\t<div id=\"accordion-3011022627\" class=\"accordion-item\">\n\t\t<a id=\"accordion-3011022627-label\" class=\"accordion-title plain\" href=\"#accordion-item-why-does-my-sna-inverter-consistently-discharge-with-low-power-even-when-there-is-no-load-connected?\" aria-expanded=\"false\" aria-controls=\"accordion-3011022627-content\" >\n\t\t\t<button class=\"toggle\" aria-label=\"Palanca\"><i class=\"icon-angle-down\"><\/i><\/button>\n\t\t\t<span>\u00bfPor qu\u00e9 mi inversor SNA descarga constantemente con baja potencia incluso cuando no hay carga conectada?<\/span>\n\t\t<\/a>\n\t\t<div id=\"accordion-3011022627-content\" class=\"accordion-inner\" aria-labelledby=\"accordion-3011022627-label\" >\n\t\t\t\n<p class=\"lead\"><span style=\"font-size: 80%;\">R: Si la funci\u00f3n EPS (respaldo de energ\u00eda) est\u00e1 activada, el inversor SNA puede mostrar una lectura de carga inferior a 60 vatios incluso cuando no hay ninguna carga conectada al puerto de salida EPS.<\/span><\/p>\n\t\t<\/div>\n\t<\/div>\n\t\n\t<div id=\"accordion-1860129410\" class=\"accordion-item\">\n\t\t<a id=\"accordion-1860129410-label\" class=\"accordion-title plain\" href=\"#accordion-item-what-does-warning-code-00-on-the-sna5000-inverter-indicate?\" aria-expanded=\"false\" aria-controls=\"accordion-1860129410-content\" >\n\t\t\t<button class=\"toggle\" aria-label=\"Palanca\"><i class=\"icon-angle-down\"><\/i><\/button>\n\t\t\t<span>\u00bfQu\u00e9 indica el c\u00f3digo de advertencia 00 del inversor SNA5000?<\/span>\n\t\t<\/a>\n\t\t<div id=\"accordion-1860129410-content\" class=\"accordion-inner\" aria-labelledby=\"accordion-1860129410-label\" >\n\t\t\t\n<p class=\"lead\"><span style=\"font-size: 80%;\">R: El c\u00f3digo de advertencia 00 significa un \"Fallo de comunicaci\u00f3n de la bater\u00eda\", lo que indica un fallo en la comunicaci\u00f3n entre la bater\u00eda y el inversor. Adem\u00e1s, el c\u00f3digo de fallo 00 puede sugerir un problema de comunicaci\u00f3n entre las CPU de control, lo que hace necesario actualizar el firmware o reiniciar el sistema. El c\u00f3digo de estado 00 indica el modo \"En espera\", lo que indica que el inversor permanece en espera debido a que no se cumplen las condiciones para cambiar de modo de trabajo.<\/span><\/p>\n\t\t<\/div>\n\t<\/div>\n\t\n\t<div id=\"accordion-3708979522\" class=\"accordion-item\">\n\t\t<a id=\"accordion-3708979522-label\" class=\"accordion-title plain\" href=\"#accordion-item-i-installed-two-100ah-batteries,-but-the-monitoring-platform-shows-only-100ah.-why-is-that?\" aria-expanded=\"false\" aria-controls=\"accordion-3708979522-content\" >\n\t\t\t<button class=\"toggle\" aria-label=\"Palanca\"><i class=\"icon-angle-down\"><\/i><\/button>\n\t\t\t<span>He instalado dos bater\u00edas de 100Ah, pero la plataforma de monitorizaci\u00f3n s\u00f3lo muestra 100Ah. \u00bfA qu\u00e9 se debe?<\/span>\n\t\t<\/a>\n\t\t<div id=\"accordion-3708979522-content\" class=\"accordion-inner\" aria-labelledby=\"accordion-3708979522-label\" >\n\t\t\t\n<p class=\"lead\"><span style=\"font-size: 80%;\">R: En los inversores SNA, el ventilador funciona en funci\u00f3n de umbrales de potencia espec\u00edficos. Cuando la potencia de carga o descarga supera los 300 vatios, se activan los ventiladores izquierdo y central. Adem\u00e1s, el ventilador derecho se activa cuando la potencia fotovoltaica supera los 300 vatios o la potencia de importaci\u00f3n de la red supera los 5000VA.<\/span><\/p>\n\t\t<\/div>\n\t<\/div>\n\t\n<\/div>\n<div class=\"accordion\">\n\t<div id=\"accordion-85958385\" class=\"accordion-item\">\n\t\t<a id=\"accordion-85958385-label\" class=\"accordion-title plain\" href=\"#accordion-item-what-is-the-recommended-depth-of-discharge-for-the-battery,-and-how-can-it-be-adjusted?\" aria-expanded=\"false\" aria-controls=\"accordion-85958385-content\" >\n\t\t\t<button class=\"toggle\" aria-label=\"Palanca\"><i class=\"icon-angle-down\"><\/i><\/button>\n\t\t\t<span>\u00bfCu\u00e1l es la profundidad de descarga recomendada para la bater\u00eda y c\u00f3mo puede ajustarse?<\/span>\n\t\t<\/a>\n\t\t<div id=\"accordion-85958385-content\" class=\"accordion-inner\" aria-labelledby=\"accordion-85958385-label\" >\n\t\t\t\n<p class=\"lead\"><span style=\"font-size: 80%;\">R: La profundidad de descarga (DOD) recomendada depende del dise\u00f1o del sistema, incluyendo factores como la capacidad de la bater\u00eda y el consumo de carga. Para sistemas con entrada de red estable que busquen una DOD de 80%, ajuste \"On-grid cutoff SOC o On-grid EOD\" a 20%. Para sistemas con entrada de red inestable o inexistente, ajusta \"SOC de corte fuera de la red o SOC de corte de descarga\" a 20%, asegur\u00e1ndote de que sea inferior al ajuste de \"SOC de corte en la red\".<\/span><\/p>\n\t\t<\/div>\n\t<\/div>\n\t\n\t<div id=\"accordion-2162992035\" class=\"accordion-item\">\n\t\t<a id=\"accordion-2162992035-label\" class=\"accordion-title plain\" href=\"#accordion-item-why-does-the-inverter-display-voltage-even-when-the-battery-breaker-is-off?\" aria-expanded=\"false\" aria-controls=\"accordion-2162992035-content\" >\n\t\t\t<button class=\"toggle\" aria-label=\"Palanca\"><i class=\"icon-angle-down\"><\/i><\/button>\n\t\t\t<span>\u00bfPor qu\u00e9 el inversor muestra tensi\u00f3n aunque el interruptor de la bater\u00eda est\u00e9 apagado?<\/span>\n\t\t<\/a>\n\t\t<div id=\"accordion-2162992035-content\" class=\"accordion-inner\" aria-labelledby=\"accordion-2162992035-label\" >\n\t\t\t\n<p class=\"lead\"><span style=\"font-size: 80%;\">R: Si la bater\u00eda funciona en modo litio con comunicaci\u00f3n, los datos de tensi\u00f3n proceden de los BM de la bater\u00eda. Sin embargo, si las lecturas de tensi\u00f3n persisten despu\u00e9s de desconectar el disyuntor de la bater\u00eda, podr\u00eda indicar que la bater\u00eda estuvo activa recientemente o que el inversor funcion\u00f3 en modo de carga.<\/span><\/p>\n\t\t<\/div>\n\t<\/div>\n\t\n\t<div id=\"accordion-1371940328\" class=\"accordion-item\">\n\t\t<a id=\"accordion-1371940328-label\" class=\"accordion-title plain\" href=\"#accordion-item-what-fault-conditions-prompt-the-inverter-to-shut-off-its-output?\" aria-expanded=\"false\" aria-controls=\"accordion-1371940328-content\" >\n\t\t\t<button class=\"toggle\" aria-label=\"Palanca\"><i class=\"icon-angle-down\"><\/i><\/button>\n\t\t\t<span>\u00bfQu\u00e9 condiciones de fallo provocan la desconexi\u00f3n de la salida del inversor?<\/span>\n\t\t<\/a>\n\t\t<div id=\"accordion-1371940328-content\" class=\"accordion-inner\" aria-labelledby=\"accordion-1371940328-label\" >\n\t\t\t\n<p class=\"lead\"><span style=\"font-size: 80%;\">R: Diversas condiciones como sobrecarga, cortocircuito, sobretensi\u00f3n fotovoltaica, sobrecalentamiento o fallo del ventilador pueden provocar un fallo en el inversor, haciendo que \u00e9ste apague su salida. Cualquier condici\u00f3n anormal detectada por el DSP provocar\u00e1 una desconexi\u00f3n.<\/span><\/p>\n\t\t<\/div>\n\t<\/div>\n\t\n<\/div>\n\t\t<\/div>\n\t\t\t\t\t<\/div>\n\n\t\n\n\t<div id=\"col-645432868\" class=\"col small-12 large-12\"  >\n\t\t\t\t<div class=\"col-inner\"  >\n\t\t\t\n\t\t\t\n<div class=\"accordion\">\n\t<div id=\"accordion-2322994545\" class=\"accordion-item\">\n\t\t<a id=\"accordion-2322994545-label\" class=\"accordion-title plain\" href=\"#accordion-item-i-installed-two-100ah-batteries,-but-the-monitoring-platform-shows-only-100ah.-why-is-that?\" aria-expanded=\"false\" aria-controls=\"accordion-2322994545-content\" >\n\t\t\t<button class=\"toggle\" aria-label=\"Palanca\"><i class=\"icon-angle-down\"><\/i><\/button>\n\t\t\t<span>He instalado dos bater\u00edas de 100Ah, pero la plataforma de monitorizaci\u00f3n s\u00f3lo muestra 100Ah. \u00bfA qu\u00e9 se debe?<\/span>\n\t\t<\/a>\n\t\t<div id=\"accordion-2322994545-content\" class=\"accordion-inner\" aria-labelledby=\"accordion-2322994545-label\" >\n\t\t\t\n<p>R: La corriente mostrada en la plataforma de monitorizaci\u00f3n refleja los datos proporcionados por los BM de la bater\u00eda. Si los BM informan con precisi\u00f3n de una corriente total de 200 Ah, el sistema de monitorizaci\u00f3n mostrar\u00e1 200 Ah. Aseg\u00farese de consultar con el proveedor de la bater\u00eda para obtener informaci\u00f3n precisa.<\/p>\n\t\t<\/div>\n\t<\/div>\n\t\n\t<div id=\"accordion-1920892205\" class=\"accordion-item\">\n\t\t<a id=\"accordion-1920892205-label\" class=\"accordion-title plain\" href=\"#accordion-item-why-does-the-battery-state-of-charge-(soc)-experience-sudden-dramatic-increases?\" aria-expanded=\"false\" aria-controls=\"accordion-1920892205-content\" >\n\t\t\t<button class=\"toggle\" aria-label=\"Palanca\"><i class=\"icon-angle-down\"><\/i><\/button>\n\t\t\t<span>\u00bfPor qu\u00e9 el estado de carga (SOC) de la bater\u00eda experimenta aumentos dr\u00e1sticos y repentinos?<\/span>\n\t\t<\/a>\n\t\t<div id=\"accordion-1920892205-content\" class=\"accordion-inner\" aria-labelledby=\"accordion-1920892205-label\" >\n\t\t\t\n<p class=\"lead\"><span style=\"font-size: 80%;\">R: Los cambios repentinos en el SOC pueden deberse a problemas de calibraci\u00f3n del SOC de la bater\u00eda. Compruebe MaxCellVoltage y MinCellVoltage para ver si los voltajes de las celdas de la bater\u00eda est\u00e1n desequilibrados.<\/span><\/p>\n\t\t<\/div>\n\t<\/div>\n\t\n\t<div id=\"accordion-2567856025\" class=\"accordion-item\">\n\t\t<a id=\"accordion-2567856025-label\" class=\"accordion-title plain\" href=\"#accordion-item-why-does-the-grid-continue-charging-despite-ac-charge-being-disabled?\" aria-expanded=\"false\" aria-controls=\"accordion-2567856025-content\" >\n\t\t\t<button class=\"toggle\" aria-label=\"Palanca\"><i class=\"icon-angle-down\"><\/i><\/button>\n\t\t\t<span>\u00bfPor qu\u00e9 la red sigue cargando a pesar de que la carga de CA est\u00e1 desactivada?<\/span>\n\t\t<\/a>\n\t\t<div id=\"accordion-2567856025-content\" class=\"accordion-inner\" aria-labelledby=\"accordion-2567856025-label\" >\n\t\t\t\n<p class=\"lead\"><span style=\"font-size: 80%;\">R: Compruebe el estado de la bater\u00eda en la p\u00e1gina de inicio. Si muestra c\u00f3digos espec\u00edficos como 0x10, 0x11, 0x12, 0x13, 0x20, 0x21, 0x22 o 0x23, indica que la bater\u00eda ha solicitado carga forzada.<\/span><\/p>\n\t\t<\/div>\n\t<\/div>\n\t\n<\/div>\n<div class=\"accordion\">\n\t<div id=\"accordion-1045909223\" class=\"accordion-item\">\n\t\t<a id=\"accordion-1045909223-label\" class=\"accordion-title plain\" href=\"#accordion-item-the-battery-is-fully-charged,-yet-the-inverter-detects-a-battery-open-condition-(bat-volt-open).-why?\" aria-expanded=\"false\" aria-controls=\"accordion-1045909223-content\" >\n\t\t\t<button class=\"toggle\" aria-label=\"Palanca\"><i class=\"icon-angle-down\"><\/i><\/button>\n\t\t\t<span>La bater\u00eda est\u00e1 completamente cargada, pero el inversor detecta una condici\u00f3n de bater\u00eda abierta (Bat Volt Open). \u00bfPor qu\u00e9?<\/span>\n\t\t<\/a>\n\t\t<div id=\"accordion-1045909223-content\" class=\"accordion-inner\" aria-labelledby=\"accordion-1045909223-label\" >\n\t\t\t\n<p>R: Esto podr\u00eda ocurrir debido a un corte de corriente instant\u00e1neo y a la recuperaci\u00f3n. Tras la recuperaci\u00f3n, reinicie manualmente el inversor para eliminar el fallo, o compruebe si la potencia de carga del inversor supera los 300 W.<\/p>\n\t\t<\/div>\n\t<\/div>\n\t\n\t<div id=\"accordion-325776939\" class=\"accordion-item\">\n\t\t<a id=\"accordion-325776939-label\" class=\"accordion-title plain\" href=\"#accordion-item-why-does-my-battery-show-full-charge-while-the-voltage-remains-unusually-low?\" aria-expanded=\"false\" aria-controls=\"accordion-325776939-content\" >\n\t\t\t<button class=\"toggle\" aria-label=\"Palanca\"><i class=\"icon-angle-down\"><\/i><\/button>\n\t\t\t<span>\u00bfPor qu\u00e9 mi bater\u00eda muestra carga completa mientras el voltaje permanece inusualmente bajo?<\/span>\n\t\t<\/a>\n\t\t<div id=\"accordion-325776939-content\" class=\"accordion-inner\" aria-labelledby=\"accordion-325776939-label\" >\n\t\t\t\n<p class=\"lead\"><span style=\"font-size: 80%;\">R: Si la bater\u00eda funciona en modo litio, los datos de tensi\u00f3n proceden del BMS de la bater\u00eda y no est\u00e1n relacionados con el inversor. En el modo plomo-\u00e1cido, la precisi\u00f3n de la lectura del SOC puede variar, lo que sugiere el control de la tensi\u00f3n como enfoque alternativo.<\/span><\/p>\n\t\t<\/div>\n\t<\/div>\n\t\n<\/div>\n\t\t<\/div>\n\t\t\t\t\t<\/div>\n\n\t\n<\/div>\n\t\t<\/div>\n\n\t\t\n<style>\n#section_2098350394 {\n  padding-top: 30px;\n  padding-bottom: 30px;\n}\n<\/style>\n\t<\/section>","protected":false},"excerpt":{"rendered":"","protected":false},"author":3,"featured_media":0,"parent":0,"menu_order":0,"comment_status":"closed","ping_status":"closed","template":"page-transparent-header-light.php","meta":{"rop_custom_images_group":[],"rop_custom_messages_group":[],"rop_publish_now":"initial","rop_publish_now_accounts":[],"rop_publish_now_history":[],"rop_publish_now_status":"pending","footnotes":""},"class_list":["post-8646","page","type-page","status-publish","hentry"],"yoast_head":"<!-- This site is optimized with the Yoast SEO plugin v27.3 - https:\/\/yoast.com\/product\/yoast-seo-wordpress\/ -->\n<title>Off-grid Inverter FAQs -<\/title>\n<meta name=\"robots\" content=\"index, follow, max-snippet:-1, max-image-preview:large, max-video-preview:-1\" \/>\n<link rel=\"canonical\" href=\"https:\/\/luxpowertek.com\/es\/offgridinverterfaq\/\" \/>\n<meta property=\"og:locale\" content=\"es_ES\" \/>\n<meta property=\"og:type\" content=\"article\" \/>\n<meta property=\"og:title\" content=\"Off-grid Inverter FAQs -\" \/>\n<meta property=\"og:url\" content=\"https:\/\/luxpowertek.com\/es\/offgridinverterfaq\/\" \/>\n<meta property=\"article:publisher\" content=\"https:\/\/www.facebook.com\/LUXPOWERTEK\" \/>\n<meta property=\"article:modified_time\" content=\"2024-07-04T02:34:11+00:00\" \/>\n<meta name=\"twitter:card\" content=\"summary_large_image\" \/>\n<meta name=\"twitter:label1\" content=\"Tiempo de lectura\" \/>\n\t<meta name=\"twitter:data1\" content=\"3 minutos\" \/>\n<script type=\"application\/ld+json\" class=\"yoast-schema-graph\">{\"@context\":\"https:\\\/\\\/schema.org\",\"@graph\":[{\"@type\":\"WebPage\",\"@id\":\"https:\\\/\\\/luxpowertek.com\\\/offgridinverterfaq\\\/\",\"url\":\"https:\\\/\\\/luxpowertek.com\\\/offgridinverterfaq\\\/\",\"name\":\"Off-grid Inverter FAQs -\",\"isPartOf\":{\"@id\":\"https:\\\/\\\/luxpowertek.com\\\/#website\"},\"datePublished\":\"2024-04-09T13:26:37+00:00\",\"dateModified\":\"2024-07-04T02:34:11+00:00\",\"breadcrumb\":{\"@id\":\"https:\\\/\\\/luxpowertek.com\\\/offgridinverterfaq\\\/#breadcrumb\"},\"inLanguage\":\"es\",\"potentialAction\":[{\"@type\":\"ReadAction\",\"target\":[\"https:\\\/\\\/luxpowertek.com\\\/offgridinverterfaq\\\/\"]}]},{\"@type\":\"BreadcrumbList\",\"@id\":\"https:\\\/\\\/luxpowertek.com\\\/offgridinverterfaq\\\/#breadcrumb\",\"itemListElement\":[{\"@type\":\"ListItem\",\"position\":1,\"name\":\"Home\",\"item\":\"https:\\\/\\\/luxpowertek.com\\\/\"},{\"@type\":\"ListItem\",\"position\":2,\"name\":\"Off-grid Inverter FAQs\"}]},{\"@type\":\"WebSite\",\"@id\":\"https:\\\/\\\/luxpowertek.com\\\/#website\",\"url\":\"https:\\\/\\\/luxpowertek.com\\\/\",\"name\":\"\",\"description\":\"\",\"publisher\":{\"@id\":\"https:\\\/\\\/luxpowertek.com\\\/#organization\"},\"potentialAction\":[{\"@type\":\"SearchAction\",\"target\":{\"@type\":\"EntryPoint\",\"urlTemplate\":\"https:\\\/\\\/luxpowertek.com\\\/?s={search_term_string}\"},\"query-input\":{\"@type\":\"PropertyValueSpecification\",\"valueRequired\":true,\"valueName\":\"search_term_string\"}}],\"inLanguage\":\"es\"},{\"@type\":\"Organization\",\"@id\":\"https:\\\/\\\/luxpowertek.com\\\/#organization\",\"name\":\"LuxpowerTek\",\"url\":\"https:\\\/\\\/luxpowertek.com\\\/\",\"logo\":{\"@type\":\"ImageObject\",\"inLanguage\":\"es\",\"@id\":\"https:\\\/\\\/luxpowertek.com\\\/#\\\/schema\\\/logo\\\/image\\\/\",\"url\":\"https:\\\/\\\/luxpowertek.com\\\/wp-content\\\/uploads\\\/2024\\\/08\\\/Luxpower_logo_new.webp\",\"contentUrl\":\"https:\\\/\\\/luxpowertek.com\\\/wp-content\\\/uploads\\\/2024\\\/08\\\/Luxpower_logo_new.webp\",\"width\":1030,\"height\":186,\"caption\":\"LuxpowerTek\"},\"image\":{\"@id\":\"https:\\\/\\\/luxpowertek.com\\\/#\\\/schema\\\/logo\\\/image\\\/\"},\"sameAs\":[\"https:\\\/\\\/www.facebook.com\\\/LUXPOWERTEK\"]}]}<\/script>\n<!-- \/ Yoast SEO plugin. -->","yoast_head_json":{"title":"Preguntas frecuentes sobre inversores aislados -","robots":{"index":"index","follow":"follow","max-snippet":"max-snippet:-1","max-image-preview":"max-image-preview:large","max-video-preview":"max-video-preview:-1"},"canonical":"https:\/\/luxpowertek.com\/es\/offgridinverterfaq\/","og_locale":"es_ES","og_type":"article","og_title":"Off-grid Inverter FAQs -","og_url":"https:\/\/luxpowertek.com\/es\/offgridinverterfaq\/","article_publisher":"https:\/\/www.facebook.com\/LUXPOWERTEK","article_modified_time":"2024-07-04T02:34:11+00:00","twitter_card":"summary_large_image","twitter_misc":{"Tiempo de lectura":"3 minutos"},"schema":{"@context":"https:\/\/schema.org","@graph":[{"@type":"WebPage","@id":"https:\/\/luxpowertek.com\/offgridinverterfaq\/","url":"https:\/\/luxpowertek.com\/offgridinverterfaq\/","name":"Preguntas frecuentes sobre inversores aislados -","isPartOf":{"@id":"https:\/\/luxpowertek.com\/#website"},"datePublished":"2024-04-09T13:26:37+00:00","dateModified":"2024-07-04T02:34:11+00:00","breadcrumb":{"@id":"https:\/\/luxpowertek.com\/offgridinverterfaq\/#breadcrumb"},"inLanguage":"es","potentialAction":[{"@type":"ReadAction","target":["https:\/\/luxpowertek.com\/offgridinverterfaq\/"]}]},{"@type":"BreadcrumbList","@id":"https:\/\/luxpowertek.com\/offgridinverterfaq\/#breadcrumb","itemListElement":[{"@type":"ListItem","position":1,"name":"Home","item":"https:\/\/luxpowertek.com\/"},{"@type":"ListItem","position":2,"name":"Off-grid Inverter FAQs"}]},{"@type":"WebSite","@id":"https:\/\/luxpowertek.com\/#website","url":"https:\/\/luxpowertek.com\/","name":"","description":"","publisher":{"@id":"https:\/\/luxpowertek.com\/#organization"},"potentialAction":[{"@type":"SearchAction","target":{"@type":"EntryPoint","urlTemplate":"https:\/\/luxpowertek.com\/?s={search_term_string}"},"query-input":{"@type":"PropertyValueSpecification","valueRequired":true,"valueName":"search_term_string"}}],"inLanguage":"es"},{"@type":"Organization","@id":"https:\/\/luxpowertek.com\/#organization","name":"LuxPowerTek","url":"https:\/\/luxpowertek.com\/","logo":{"@type":"ImageObject","inLanguage":"es","@id":"https:\/\/luxpowertek.com\/#\/schema\/logo\/image\/","url":"https:\/\/luxpowertek.com\/wp-content\/uploads\/2024\/08\/Luxpower_logo_new.webp","contentUrl":"https:\/\/luxpowertek.com\/wp-content\/uploads\/2024\/08\/Luxpower_logo_new.webp","width":1030,"height":186,"caption":"LuxpowerTek"},"image":{"@id":"https:\/\/luxpowertek.com\/#\/schema\/logo\/image\/"},"sameAs":["https:\/\/www.facebook.com\/LUXPOWERTEK"]}]}},"_links":{"self":[{"href":"https:\/\/luxpowertek.com\/es\/wp-json\/wp\/v2\/pages\/8646","targetHints":{"allow":["GET"]}}],"collection":[{"href":"https:\/\/luxpowertek.com\/es\/wp-json\/wp\/v2\/pages"}],"about":[{"href":"https:\/\/luxpowertek.com\/es\/wp-json\/wp\/v2\/types\/page"}],"author":[{"embeddable":true,"href":"https:\/\/luxpowertek.com\/es\/wp-json\/wp\/v2\/users\/3"}],"replies":[{"embeddable":true,"href":"https:\/\/luxpowertek.com\/es\/wp-json\/wp\/v2\/comments?post=8646"}],"version-history":[{"count":8,"href":"https:\/\/luxpowertek.com\/es\/wp-json\/wp\/v2\/pages\/8646\/revisions"}],"predecessor-version":[{"id":8661,"href":"https:\/\/luxpowertek.com\/es\/wp-json\/wp\/v2\/pages\/8646\/revisions\/8661"}],"wp:attachment":[{"href":"https:\/\/luxpowertek.com\/es\/wp-json\/wp\/v2\/media?parent=8646"}],"curies":[{"name":"wp","href":"https:\/\/api.w.org\/{rel}","templated":true}]}}