{"id":8510,"date":"2024-04-08T14:52:45","date_gmt":"2024-04-08T06:52:45","guid":{"rendered":"https:\/\/luxpowertek.com\/?page_id=8510"},"modified":"2024-08-07T15:06:41","modified_gmt":"2024-08-07T07:06:41","slug":"inversor-solar-hibrido-faqs","status":"publish","type":"page","link":"https:\/\/luxpowertek.com\/es\/inversor-solar-hibrido-faqs\/","title":{"rendered":"Preguntas frecuentes sobre el inversor h\u00edbrido de conexi\u00f3n a red"},"content":{"rendered":"<div class=\"banner has-hover\" id=\"banner-479124442\">\n          <div class=\"banner-inner fill\">\n        <div class=\"banner-bg fill\" >\n            <div class=\"bg fill bg-fill\"><\/div>\n                        <div class=\"overlay\"><\/div>            \n                    <\/div>\n\t\t\n        <div class=\"banner-layers container\">\n            <div class=\"fill banner-link\"><\/div>            \n   <div id=\"text-box-1577569513\" class=\"text-box banner-layer x50 md-x50 lg-x50 y50 md-y50 lg-y50 res-text\">\n                                <div class=\"text-box-content text dark\">\n              \n              <div class=\"text-inner text-center\">\n                  \n              <\/div>\n           <\/div>\n                            \n<style>\n#text-box-1577569513 {\n  width: 60%;\n}\n#text-box-1577569513 .text-box-content {\n  font-size: 100%;\n}\n@media (min-width:550px) {\n  #text-box-1577569513 {\n    width: 60%;\n  }\n}\n<\/style>\n    <\/div>\n \n        <\/div>\n      <\/div>\n\n            \n<style>\n#banner-479124442 {\n  padding-top: 500px;\n}\n#banner-479124442 .bg.bg-loaded {\n  background-image: url(https:\/\/luxpowertek.com\/wp-content\/uploads\/2024\/04\/six.webp);\n}\n#banner-479124442 .overlay {\n  background-color: rgba(0, 0, 0, 0.401);\n}\n<\/style>\n  <\/div>\n\n\n\t<section class=\"section\" id=\"section_94979942\">\n\t\t<div class=\"bg section-bg fill bg-fill  bg-loaded\" >\n\n\t\t\t\n\t\t\t\n\t\t\t\n\n\t\t<\/div>\n\n\t\t\n\n\t\t<div class=\"section-content relative\">\n\t\t\t\n<div class=\"row\"  id=\"row-115066569\">\n\n\t<div id=\"col-1328053790\" class=\"col small-12 large-12\"  >\n\t\t\t\t<div class=\"col-inner\"  >\n\t\t\t\n\t\t\t\n<p class=\"lead\" style=\"text-align: center;\"><strong><span style=\"font-size: 130%;\">Preguntas frecuentes sobre el inversor h\u00edbrido de conexi\u00f3n a red<\/span><\/strong><\/p>\n\t\t<\/div>\n\t\t\t\t\t<\/div>\n\n\t\n<\/div>\n<div class=\"row\"  id=\"row-767889563\">\n\n\t<div id=\"col-704242682\" class=\"col small-12 large-12\"  >\n\t\t\t\t<div class=\"col-inner\"  >\n\t\t\t\n\t\t\t\n<div class=\"accordion\">\n\t<div id=\"accordion-668568916\" class=\"accordion-item\">\n\t\t<a id=\"accordion-668568916-label\" class=\"accordion-title plain\" href=\"#accordion-item-does-lxp-us-12k-support-generator-remote-start-function-?\" aria-expanded=\"false\" aria-controls=\"accordion-668568916-content\" >\n\t\t\t<button class=\"toggle\" aria-label=\"Palanca\"><i class=\"icon-angle-down\"><\/i><\/button>\n\t\t\t<span>\u00bfEs compatible el LXP-US 12K con la funci\u00f3n de arranque a distancia del generador?<\/span>\n\t\t<\/a>\n\t\t<div id=\"accordion-668568916-content\" class=\"accordion-inner\" aria-labelledby=\"accordion-668568916-label\" >\n\t\t\t\n<p class=\"lead\"><span style=\"font-size: 80%;\">R: S\u00ed, la serie Luxpower 12kW tambi\u00e9n facilita la funci\u00f3n de arranque autom\u00e1tico del generador. Para activar esta funci\u00f3n, aseg\u00farese de que su generador admite la funci\u00f3n de arranque autom\u00e1tico. Simplemente conecte un cable de 2 hilos directamente al puerto de contacto seco.<\/span><\/p>\n\t\t<\/div>\n\t<\/div>\n\t\n\t<div id=\"accordion-3310922426\" class=\"accordion-item\">\n\t\t<a id=\"accordion-3310922426-label\" class=\"accordion-title plain\" href=\"#accordion-item-what-does-grid-peak-shaving-mean?\" aria-expanded=\"false\" aria-controls=\"accordion-3310922426-content\" >\n\t\t\t<button class=\"toggle\" aria-label=\"Palanca\"><i class=\"icon-angle-down\"><\/i><\/button>\n\t\t\t<span>\u00bfQu\u00e9 significa \"Grid Peak shaving\"?<\/span>\n\t\t<\/a>\n\t\t<div id=\"accordion-3310922426-content\" class=\"accordion-inner\" aria-labelledby=\"accordion-3310922426-label\" >\n\t\t\t\n<p class=\"lead\"><span style=\"font-size: 80%;\">R: El ahorro de picos significa que durante el periodo de ahorro de picos, cuando la potencia importada es inferior al valor l\u00edmite, la bater\u00eda se carga. Cuando la potencia importada de la red es superior al valor l\u00edmite, la bater\u00eda se descarga para compensar el exceso de potencia.<\/span><\/p>\n\t\t<\/div>\n\t<\/div>\n\t\n\t<div id=\"accordion-3482695151\" class=\"accordion-item\">\n\t\t<a id=\"accordion-3482695151-label\" class=\"accordion-title plain\" href=\"#accordion-item-why-is-the-inverter-connected-to-the-ac-grid,-but-there&#039;s-no-eps-output-from-the-inverter?\" aria-expanded=\"false\" aria-controls=\"accordion-3482695151-content\" >\n\t\t\t<button class=\"toggle\" aria-label=\"Palanca\"><i class=\"icon-angle-down\"><\/i><\/button>\n\t\t\t<span>\u00bfPor qu\u00e9 el inversor est\u00e1 conectado a la red de CA, pero no hay salida EPS del inversor?<\/span>\n\t\t<\/a>\n\t\t<div id=\"accordion-3482695151-content\" class=\"accordion-inner\" aria-labelledby=\"accordion-3482695151-label\" >\n\t\t\t\n<p class=\"lead\"><span style=\"font-size: 80%;\">R: Aseg\u00farese de que la tensi\u00f3n de entrada de la red es estable y se encuentra dentro del rango de 180-270V. Las fluctuaciones en la entrada de red pueden provocar cambios frecuentes entre los modos conectado y desconectado de la red, lo que puede provocar fallos en el rel\u00e9 de derivaci\u00f3n. Es imprescindible investigar las causas de la inestabilidad de la entrada de red. Si es necesario, considere la posibilidad de sustituir los componentes de la placa IO para resolver el problema de forma eficaz.<\/span><\/p>\n\t\t<\/div>\n\t<\/div>\n\t\n\t<div id=\"accordion-888134088\" class=\"accordion-item\">\n\t\t<a id=\"accordion-888134088-label\" class=\"accordion-title plain\" href=\"#accordion-item-what&#039;s-the-function-of-dustproof-insulating-foam-for-mainboard\uff1f\" aria-expanded=\"false\" aria-controls=\"accordion-888134088-content\" >\n\t\t\t<button class=\"toggle\" aria-label=\"Palanca\"><i class=\"icon-angle-down\"><\/i><\/button>\n\t\t\t<span>Cu\u00e1l es la funci\u00f3n de la espuma aislante a prueba de polvo para Mainboard\uff1f<\/span>\n\t\t<\/a>\n\t\t<div id=\"accordion-888134088-content\" class=\"accordion-inner\" aria-labelledby=\"accordion-888134088-label\" >\n\t\t\t\n<p class=\"lead\"><span style=\"font-size: 80%;\">R: Este componente sirve para evitar la acumulaci\u00f3n de polvo y aislar la placa base. Desempe\u00f1a un papel crucial en la protecci\u00f3n de la placa base contra los efectos nocivos del polvo, la suciedad y otros contaminantes. Adem\u00e1s, proporciona aislamiento y absorci\u00f3n de impactos para garantizar una funcionalidad y longevidad \u00f3ptimas de la placa base.<\/span><\/p>\n\t\t<\/div>\n\t<\/div>\n\t\n<\/div>\n<div class=\"accordion\">\n\t<div id=\"accordion-3032990189\" class=\"accordion-item\">\n\t\t<a id=\"accordion-3032990189-label\" class=\"accordion-title plain\" href=\"#accordion-item-why-does-the-loss-of-sync-trigger-signal-happen-in-a-parallel-system?\" aria-expanded=\"false\" aria-controls=\"accordion-3032990189-content\" >\n\t\t\t<button class=\"toggle\" aria-label=\"Palanca\"><i class=\"icon-angle-down\"><\/i><\/button>\n\t\t\t<span>\u00bfPor qu\u00e9 se produce la p\u00e9rdida de la se\u00f1al de disparo Sync en un sistema paralelo?<\/span>\n\t\t<\/a>\n\t\t<div id=\"accordion-3032990189-content\" class=\"accordion-inner\" aria-labelledby=\"accordion-3032990189-label\" >\n\t\t\t\n<p class=\"lead\"><span style=\"font-size: 80%;\">R: Antes de continuar, examine el cable CAN paralelo y la placa de interfaz. Si es necesario, considere reemplazar la placa de interfaz en esta unidad y realizar una inspecci\u00f3n minuciosa. Si necesita asistencia t\u00e9cnica adicional, no dude en ponerse en contacto con nuestro equipo de asistencia t\u00e9cnica.<\/span><\/p>\n\t\t<\/div>\n\t<\/div>\n\t\n\t<div id=\"accordion-2253059366\" class=\"accordion-item\">\n\t\t<a id=\"accordion-2253059366-label\" class=\"accordion-title plain\" href=\"#accordion-item-can-i-use-the-installer-account-to-block-an-end-user-from-changing-settings?\" aria-expanded=\"false\" aria-controls=\"accordion-2253059366-content\" >\n\t\t\t<button class=\"toggle\" aria-label=\"Palanca\"><i class=\"icon-angle-down\"><\/i><\/button>\n\t\t\t<span>\u00bfPuedo utilizar la cuenta del instalador para impedir que un usuario final cambie la configuraci\u00f3n?<\/span>\n\t\t<\/a>\n\t\t<div id=\"accordion-2253059366-content\" class=\"accordion-inner\" aria-labelledby=\"accordion-2253059366-label\" >\n\t\t\t\n<p class=\"lead\"><span style=\"font-size: 80%;\">R: S\u00ed, ha ajustado el acceso a S\u00f3lo lectura. Sin embargo, este ajuste no parece aplicarse cuando se intenta configurar el extremo del inversor mediante la pantalla LCD.<\/span><\/p>\n\t\t<\/div>\n\t<\/div>\n\t\n<\/div>\n\t\t<\/div>\n\t\t\t\t\t<\/div>\n\n\t\n\n\t<div id=\"col-1801898166\" class=\"col small-12 large-12\"  >\n\t\t\t\t<div class=\"col-inner\"  >\n\t\t\t\n\t\t\t\n<div class=\"accordion\">\n\t<div id=\"accordion-4128034225\" class=\"accordion-item\">\n\t\t<a id=\"accordion-4128034225-label\" class=\"accordion-title plain\" href=\"#accordion-item-why-is-there-no-display-of-battery-voltage-and-soc-despite-connecting-the-battery-to-the-inverter?\" aria-expanded=\"false\" aria-controls=\"accordion-4128034225-content\" >\n\t\t\t<button class=\"toggle\" aria-label=\"Palanca\"><i class=\"icon-angle-down\"><\/i><\/button>\n\t\t\t<span>\u00bfPor qu\u00e9 no se muestra la tensi\u00f3n de la bater\u00eda y el SOC a pesar de conectar la bater\u00eda al inversor?<\/span>\n\t\t<\/a>\n\t\t<div id=\"accordion-4128034225-content\" class=\"accordion-inner\" aria-labelledby=\"accordion-4128034225-label\" >\n\t\t\t\n<p class=\"lead\"><span style=\"font-size: 80%;\">R: Si est\u00e1 utilizando una bater\u00eda de litio, es imprescindible que se asegure de que no hay errores de comunicaci\u00f3n entre el inversor y la bater\u00eda. Por el contrario, si utiliza una bater\u00eda de plomo-\u00e1cido, compruebe la configuraci\u00f3n de la bater\u00eda y, si es necesario, cambie al modo de plomo-\u00e1cido.<\/span><\/p>\n\t\t<\/div>\n\t<\/div>\n\t\n\t<div id=\"accordion-3059670936\" class=\"accordion-item\">\n\t\t<a id=\"accordion-3059670936-label\" class=\"accordion-title plain\" href=\"#accordion-item-what-should-i-do-to-the-inverter-when-i-leave-home-for-a-long-time\uff1f\" aria-expanded=\"false\" aria-controls=\"accordion-3059670936-content\" >\n\t\t\t<button class=\"toggle\" aria-label=\"Palanca\"><i class=\"icon-angle-down\"><\/i><\/button>\n\t\t\t<span>Qu\u00e9 debo hacer con el inversor cuando salgo de casa durante mucho tiempo\uff1f<\/span>\n\t\t<\/a>\n\t\t<div id=\"accordion-3059670936-content\" class=\"accordion-inner\" aria-labelledby=\"accordion-3059670936-label\" >\n\t\t\t\n<p class=\"lead\"><span style=\"font-size: 80%;\">R: No hay peligro para la seguridad cuando sales de casa. Y puedes hacer la supervisi\u00f3n y el ajuste a distancia a trav\u00e9s de tu app.<\/span><\/p>\n\t\t<\/div>\n\t<\/div>\n\t\n<\/div>\n<div class=\"accordion\">\n<\/div>\n\t\t<\/div>\n\t\t\t\t\t<\/div>\n\n\t\n<\/div>\n\t\t<\/div>\n\n\t\t\n<style>\n#section_94979942 {\n  padding-top: 30px;\n  padding-bottom: 30px;\n}\n<\/style>\n\t<\/section>","protected":false},"excerpt":{"rendered":"","protected":false},"author":3,"featured_media":0,"parent":0,"menu_order":0,"comment_status":"closed","ping_status":"closed","template":"page-transparent-header-light.php","meta":{"rop_custom_images_group":[],"rop_custom_messages_group":[],"rop_publish_now":"initial","rop_publish_now_accounts":[],"rop_publish_now_history":[],"rop_publish_now_status":"pending","footnotes":""},"class_list":["post-8510","page","type-page","status-publish","hentry"],"yoast_head":"<!-- This site is optimized with the Yoast SEO plugin v27.3 - https:\/\/yoast.com\/product\/yoast-seo-wordpress\/ -->\n<title>Solar Hybrid Inverter FAQs -<\/title>\n<meta name=\"robots\" content=\"index, follow, max-snippet:-1, max-image-preview:large, max-video-preview:-1\" \/>\n<link rel=\"canonical\" href=\"https:\/\/luxpowertek.com\/es\/inversor-solar-hibrido-faqs\/\" \/>\n<meta property=\"og:locale\" content=\"es_ES\" \/>\n<meta property=\"og:type\" content=\"article\" \/>\n<meta property=\"og:title\" content=\"Solar Hybrid Inverter FAQs -\" \/>\n<meta property=\"og:url\" content=\"https:\/\/luxpowertek.com\/es\/inversor-solar-hibrido-faqs\/\" \/>\n<meta property=\"article:publisher\" content=\"https:\/\/www.facebook.com\/LUXPOWERTEK\" \/>\n<meta property=\"article:modified_time\" content=\"2024-08-07T07:06:41+00:00\" \/>\n<meta name=\"twitter:card\" content=\"summary_large_image\" \/>\n<meta name=\"twitter:label1\" content=\"Tiempo de lectura\" \/>\n\t<meta name=\"twitter:data1\" content=\"3 minutos\" \/>\n<script type=\"application\/ld+json\" class=\"yoast-schema-graph\">{\"@context\":\"https:\\\/\\\/schema.org\",\"@graph\":[{\"@type\":\"WebPage\",\"@id\":\"https:\\\/\\\/luxpowertek.com\\\/solar-hybrid-inverter-faqs\\\/\",\"url\":\"https:\\\/\\\/luxpowertek.com\\\/solar-hybrid-inverter-faqs\\\/\",\"name\":\"Solar Hybrid Inverter FAQs -\",\"isPartOf\":{\"@id\":\"https:\\\/\\\/luxpowertek.com\\\/#website\"},\"datePublished\":\"2024-04-08T06:52:45+00:00\",\"dateModified\":\"2024-08-07T07:06:41+00:00\",\"breadcrumb\":{\"@id\":\"https:\\\/\\\/luxpowertek.com\\\/solar-hybrid-inverter-faqs\\\/#breadcrumb\"},\"inLanguage\":\"es\",\"potentialAction\":[{\"@type\":\"ReadAction\",\"target\":[\"https:\\\/\\\/luxpowertek.com\\\/solar-hybrid-inverter-faqs\\\/\"]}]},{\"@type\":\"BreadcrumbList\",\"@id\":\"https:\\\/\\\/luxpowertek.com\\\/solar-hybrid-inverter-faqs\\\/#breadcrumb\",\"itemListElement\":[{\"@type\":\"ListItem\",\"position\":1,\"name\":\"Home\",\"item\":\"https:\\\/\\\/luxpowertek.com\\\/\"},{\"@type\":\"ListItem\",\"position\":2,\"name\":\"Solar Hybrid Inverter FAQs\"}]},{\"@type\":\"WebSite\",\"@id\":\"https:\\\/\\\/luxpowertek.com\\\/#website\",\"url\":\"https:\\\/\\\/luxpowertek.com\\\/\",\"name\":\"\",\"description\":\"\",\"publisher\":{\"@id\":\"https:\\\/\\\/luxpowertek.com\\\/#organization\"},\"potentialAction\":[{\"@type\":\"SearchAction\",\"target\":{\"@type\":\"EntryPoint\",\"urlTemplate\":\"https:\\\/\\\/luxpowertek.com\\\/?s={search_term_string}\"},\"query-input\":{\"@type\":\"PropertyValueSpecification\",\"valueRequired\":true,\"valueName\":\"search_term_string\"}}],\"inLanguage\":\"es\"},{\"@type\":\"Organization\",\"@id\":\"https:\\\/\\\/luxpowertek.com\\\/#organization\",\"name\":\"LuxpowerTek\",\"url\":\"https:\\\/\\\/luxpowertek.com\\\/\",\"logo\":{\"@type\":\"ImageObject\",\"inLanguage\":\"es\",\"@id\":\"https:\\\/\\\/luxpowertek.com\\\/#\\\/schema\\\/logo\\\/image\\\/\",\"url\":\"https:\\\/\\\/luxpowertek.com\\\/wp-content\\\/uploads\\\/2024\\\/08\\\/Luxpower_logo_new.webp\",\"contentUrl\":\"https:\\\/\\\/luxpowertek.com\\\/wp-content\\\/uploads\\\/2024\\\/08\\\/Luxpower_logo_new.webp\",\"width\":1030,\"height\":186,\"caption\":\"LuxpowerTek\"},\"image\":{\"@id\":\"https:\\\/\\\/luxpowertek.com\\\/#\\\/schema\\\/logo\\\/image\\\/\"},\"sameAs\":[\"https:\\\/\\\/www.facebook.com\\\/LUXPOWERTEK\"]}]}<\/script>\n<!-- \/ Yoast SEO plugin. -->","yoast_head_json":{"title":"Preguntas frecuentes sobre el inversor h\u00edbrido -","robots":{"index":"index","follow":"follow","max-snippet":"max-snippet:-1","max-image-preview":"max-image-preview:large","max-video-preview":"max-video-preview:-1"},"canonical":"https:\/\/luxpowertek.com\/es\/inversor-solar-hibrido-faqs\/","og_locale":"es_ES","og_type":"article","og_title":"Solar Hybrid Inverter FAQs -","og_url":"https:\/\/luxpowertek.com\/es\/inversor-solar-hibrido-faqs\/","article_publisher":"https:\/\/www.facebook.com\/LUXPOWERTEK","article_modified_time":"2024-08-07T07:06:41+00:00","twitter_card":"summary_large_image","twitter_misc":{"Tiempo de lectura":"3 minutos"},"schema":{"@context":"https:\/\/schema.org","@graph":[{"@type":"WebPage","@id":"https:\/\/luxpowertek.com\/solar-hybrid-inverter-faqs\/","url":"https:\/\/luxpowertek.com\/solar-hybrid-inverter-faqs\/","name":"Preguntas frecuentes sobre el inversor h\u00edbrido -","isPartOf":{"@id":"https:\/\/luxpowertek.com\/#website"},"datePublished":"2024-04-08T06:52:45+00:00","dateModified":"2024-08-07T07:06:41+00:00","breadcrumb":{"@id":"https:\/\/luxpowertek.com\/solar-hybrid-inverter-faqs\/#breadcrumb"},"inLanguage":"es","potentialAction":[{"@type":"ReadAction","target":["https:\/\/luxpowertek.com\/solar-hybrid-inverter-faqs\/"]}]},{"@type":"BreadcrumbList","@id":"https:\/\/luxpowertek.com\/solar-hybrid-inverter-faqs\/#breadcrumb","itemListElement":[{"@type":"ListItem","position":1,"name":"Home","item":"https:\/\/luxpowertek.com\/"},{"@type":"ListItem","position":2,"name":"Solar Hybrid Inverter FAQs"}]},{"@type":"WebSite","@id":"https:\/\/luxpowertek.com\/#website","url":"https:\/\/luxpowertek.com\/","name":"","description":"","publisher":{"@id":"https:\/\/luxpowertek.com\/#organization"},"potentialAction":[{"@type":"SearchAction","target":{"@type":"EntryPoint","urlTemplate":"https:\/\/luxpowertek.com\/?s={search_term_string}"},"query-input":{"@type":"PropertyValueSpecification","valueRequired":true,"valueName":"search_term_string"}}],"inLanguage":"es"},{"@type":"Organization","@id":"https:\/\/luxpowertek.com\/#organization","name":"LuxPowerTek","url":"https:\/\/luxpowertek.com\/","logo":{"@type":"ImageObject","inLanguage":"es","@id":"https:\/\/luxpowertek.com\/#\/schema\/logo\/image\/","url":"https:\/\/luxpowertek.com\/wp-content\/uploads\/2024\/08\/Luxpower_logo_new.webp","contentUrl":"https:\/\/luxpowertek.com\/wp-content\/uploads\/2024\/08\/Luxpower_logo_new.webp","width":1030,"height":186,"caption":"LuxpowerTek"},"image":{"@id":"https:\/\/luxpowertek.com\/#\/schema\/logo\/image\/"},"sameAs":["https:\/\/www.facebook.com\/LUXPOWERTEK"]}]}},"_links":{"self":[{"href":"https:\/\/luxpowertek.com\/es\/wp-json\/wp\/v2\/pages\/8510","targetHints":{"allow":["GET"]}}],"collection":[{"href":"https:\/\/luxpowertek.com\/es\/wp-json\/wp\/v2\/pages"}],"about":[{"href":"https:\/\/luxpowertek.com\/es\/wp-json\/wp\/v2\/types\/page"}],"author":[{"embeddable":true,"href":"https:\/\/luxpowertek.com\/es\/wp-json\/wp\/v2\/users\/3"}],"replies":[{"embeddable":true,"href":"https:\/\/luxpowertek.com\/es\/wp-json\/wp\/v2\/comments?post=8510"}],"version-history":[{"count":12,"href":"https:\/\/luxpowertek.com\/es\/wp-json\/wp\/v2\/pages\/8510\/revisions"}],"predecessor-version":[{"id":11626,"href":"https:\/\/luxpowertek.com\/es\/wp-json\/wp\/v2\/pages\/8510\/revisions\/11626"}],"wp:attachment":[{"href":"https:\/\/luxpowertek.com\/es\/wp-json\/wp\/v2\/media?parent=8510"}],"curies":[{"name":"wp","href":"https:\/\/api.w.org\/{rel}","templated":true}]}}