{"id":7201,"date":"2023-07-14T17:08:17","date_gmt":"2023-07-14T09:08:17","guid":{"rendered":"https:\/\/luxpowertek.com\/?page_id=7201"},"modified":"2023-07-15T18:19:13","modified_gmt":"2023-07-15T10:19:13","slug":"saproductos","status":"publish","type":"page","link":"https:\/\/luxpowertek.com\/es\/saproductos\/","title":{"rendered":"Productos SA"},"content":{"rendered":"<div id=\"gap-638792610\" class=\"gap-element clearfix\" style=\"display:block; height:auto;\">\n\t\t\n<style>\n#gap-638792610 {\n  padding-top: 30px;\n}\n<\/style>\n\t<\/div>\n\t\n<div class=\"row\"  id=\"row-1963542111\">\n\n\t<div id=\"col-1108287876\" class=\"col medium-1 small-12 large-1\"  >\n\t\t\t\t<div class=\"col-inner\"  >\n\t\t\t\n\t\t\t\n\t\t<\/div>\n\t\t\t\t\n<style>\n#col-1108287876 > .col-inner {\n  margin: 0px 0px 0px 37px;\n}\n<\/style>\n\t<\/div>\n\n\t\n\n\t<div id=\"col-1140146920\" class=\"col medium-4 small-12 large-4\"  >\n\t\t\t\t<div class=\"col-inner\"  >\n\t\t\t\n\t\t\t\n\t<div class=\"img has-hover x md-x lg-x y md-y lg-y\" id=\"image_1322440615\">\n\t\t\t\t\t\t\t\t<div class=\"img-inner dark\" >\n\t\t\t<img loading=\"lazy\" decoding=\"async\" width=\"827\" height=\"1030\" src=\"https:\/\/luxpowertek.com\/wp-content\/uploads\/2023\/05\/ECO-6k-827x1030.webp\" class=\"attachment-large size-large\" alt=\"Inversor solar\" srcset=\"https:\/\/luxpowertek.com\/wp-content\/uploads\/2023\/05\/ECO-6k-827x1030.webp 827w, https:\/\/luxpowertek.com\/wp-content\/uploads\/2023\/05\/ECO-6k-241x300.webp 241w, https:\/\/luxpowertek.com\/wp-content\/uploads\/2023\/05\/ECO-6k-768x957.webp 768w, https:\/\/luxpowertek.com\/wp-content\/uploads\/2023\/05\/ECO-6k-1233x1536.webp 1233w, https:\/\/luxpowertek.com\/wp-content\/uploads\/2023\/05\/ECO-6k-800x996.webp 800w, https:\/\/luxpowertek.com\/wp-content\/uploads\/2023\/05\/ECO-6k.webp 1580w\" sizes=\"auto, (max-width: 827px) 100vw, 827px\" \/>\t\t\t\t\t\t\n\t\t\t\t\t<\/div>\n\t\t\t\t\t\t\t\t\n<style>\n#image_1322440615 {\n  width: 88%;\n}\n<\/style>\n\t<\/div>\n\t\n\t\t<\/div>\n\t\t\t\t\n<style>\n#col-1140146920 > .col-inner {\n  margin: 0px 0px 0px 20px;\n}\n<\/style>\n\t<\/div>\n\n\t\n\n\t<div id=\"col-1620772141\" class=\"col medium-5 small-12 large-5\"  >\n\t\t\t\t<div class=\"col-inner\"  >\n\t\t\t\n\t\t\t\n<h3><span style=\"color: #00a859\">SNA 3-6k<\/span><\/h3>\n<ul>\n<li style=\"text-align: left\">Modos inteligentes fuera de la red e h\u00edbridos<\/li>\n<li>Cargas de potencia FV y CA simult\u00e1neamente<\/li>\n<li>Amplio rango de voltaje de entrada fotovoltaica: 100 V ~ 480 V<\/li>\n<li>Convertidor CC a CC f\u00e1cil de usar con bater\u00eda<\/li>\n<li>Supervisi\u00f3n y actualizaci\u00f3n remota gratuitas<\/li>\n<li>Monof\u00e1sico o trif\u00e1sico desequilibrado<\/li>\n<li>Admite hasta 16 unidades en paralelo<\/li>\n<li>Interfaz de generador independiente<\/li>\n<li>Inversor anfitri\u00f3n generado autom\u00e1ticamente para gestionar todo el sistema<\/li>\n<\/ul>\n<div class=\"row\"  id=\"row-641990152\">\n\n\t<div id=\"col-336824728\" class=\"col medium-5 small-12 large-5\"  >\n\t\t\t\t<div class=\"col-inner\"  >\n\t\t\t\n\t\t\t\n\n\t\t<div class=\"icon-box featured-box icon-box-left text-left\"  >\n\t\t\t\t\t<div class=\"icon-box-img\" style=\"width: 39px\">\n\t\t\t\t<div class=\"icon\">\n\t\t\t\t\t<div class=\"icon-inner\" >\n\t\t\t\t\t\t<img loading=\"lazy\" decoding=\"async\" width=\"171\" height=\"171\" src=\"https:\/\/luxpowertek.com\/wp-content\/uploads\/2021\/12\/wordpress-pdf-icon-1.png\" class=\"attachment-medium size-medium\" alt=\"\" srcset=\"https:\/\/luxpowertek.com\/wp-content\/uploads\/2021\/12\/wordpress-pdf-icon-1.png 171w, https:\/\/luxpowertek.com\/wp-content\/uploads\/2021\/12\/wordpress-pdf-icon-1-100x100.png 100w, https:\/\/luxpowertek.com\/wp-content\/uploads\/2021\/12\/wordpress-pdf-icon-1-80x80.png 80w\" sizes=\"auto, (max-width: 171px) 100vw, 171px\" \/>\t\t\t\t\t<\/div>\n\t\t\t\t<\/div>\n\t\t\t<\/div>\n\t\t\t\t<div class=\"icon-box-text last-reset\">\n\t\t\t\t\t\t\t\t\t\n\t<div id=\"text-3898634254\" class=\"text\">\n\t\t\n<p><a href=\"https:\/\/luxpowertek.com\/wp-content\/uploads\/2023\/07\/SNA-3-6k-Single-phase-specification.pdf\">Especificaci\u00f3n<\/a><\/p>\n\t\t\n<style>\n#text-3898634254 {\n  line-height: 3;\n}\n<\/style>\n\t<\/div>\n\t\n\t\t<\/div>\n\t<\/div>\n\t\n\t\n\t\t<\/div>\n\t\t\t\t\n<style>\n#col-336824728 > .col-inner {\n  margin: 0px 25px 0px 28px;\n}\n<\/style>\n\t<\/div>\n\n\t\n\n\t<div id=\"col-2039334711\" class=\"col medium-5 small-12 large-5\"  >\n\t\t\t\t<div class=\"col-inner\"  >\n\t\t\t\n\t\t\t\n\n\t\t<div class=\"icon-box featured-box icon-box-left text-left\"  style=\"margin:0px 0px 0px 75px;\">\n\t\t\t\t\t<div class=\"icon-box-img\" style=\"width: 39px\">\n\t\t\t\t<div class=\"icon\">\n\t\t\t\t\t<div class=\"icon-inner\" >\n\t\t\t\t\t\t<img loading=\"lazy\" decoding=\"async\" width=\"171\" height=\"171\" src=\"https:\/\/luxpowertek.com\/wp-content\/uploads\/2021\/12\/wordpress-pdf-icon-1.png\" class=\"attachment-medium size-medium\" alt=\"\" srcset=\"https:\/\/luxpowertek.com\/wp-content\/uploads\/2021\/12\/wordpress-pdf-icon-1.png 171w, https:\/\/luxpowertek.com\/wp-content\/uploads\/2021\/12\/wordpress-pdf-icon-1-100x100.png 100w, https:\/\/luxpowertek.com\/wp-content\/uploads\/2021\/12\/wordpress-pdf-icon-1-80x80.png 80w\" sizes=\"auto, (max-width: 171px) 100vw, 171px\" \/>\t\t\t\t\t<\/div>\n\t\t\t\t<\/div>\n\t\t\t<\/div>\n\t\t\t\t<div class=\"icon-box-text last-reset\">\n\t\t\t\t\t\t\t\t\t\n\t<div id=\"text-1602745115\" class=\"text\">\n\t\t\n<p><a href=\"https:\/\/luxpowertek.com\/wp-content\/uploads\/2023\/07\/Eco-Hybrid-SNA-3-6k-User-Manual.pdf\">\u00a0Manual del usuario<\/a><\/p>\n\t\t\n<style>\n#text-1602745115 {\n  line-height: 3;\n}\n<\/style>\n\t<\/div>\n\t\n\t\t<\/div>\n\t<\/div>\n\t\n\t\n\t\t<\/div>\n\t\t\t\t\n<style>\n#col-2039334711 > .col-inner {\n  margin: 0px 0px 0px -45px;\n}\n<\/style>\n\t<\/div>\n\n\t\n<\/div>\n\t\t<\/div>\n\t\t\t\t\n<style>\n#col-1620772141 > .col-inner {\n  padding: 0px 0px 0px 0px;\n  margin: 29px 7px -6px -1px;\n}\n<\/style>\n\t<\/div>\n\n\t\n\n\t<div id=\"col-359174652\" class=\"col medium-1 small-12 large-1\"  >\n\t\t\t\t<div class=\"col-inner\"  >\n\t\t\t\n\t\t\t\n\t\t<\/div>\n\t\t\t\t\n<style>\n#col-359174652 > .col-inner {\n  margin: 0px 0px 0px 2px0;\n}\n<\/style>\n\t<\/div>\n\n\t\n<\/div>\n<div class=\"is-divider divider clearfix\" style=\"max-width:1280px;background-color:rgb(27, 129, 71);\"><\/div>\n\t<div id=\"gap-56766747\" class=\"gap-element clearfix\" style=\"display:block; height:auto;\">\n\t\t\n<style>\n#gap-56766747 {\n  padding-top: 50px;\n}\n<\/style>\n\t<\/div>\n\t\n<div class=\"row\"  id=\"row-1359791190\">\n\n\t<div id=\"col-1700619471\" class=\"col medium-1 small-12 large-1\"  >\n\t\t\t\t<div class=\"col-inner\"  >\n\t\t\t\n\t\t\t\n\t\t<\/div>\n\t\t\t\t\n<style>\n#col-1700619471 > .col-inner {\n  margin: 0px 0px 0px 37px;\n}\n<\/style>\n\t<\/div>\n\n\t\n\n\t<div id=\"col-1054266566\" class=\"col medium-4 small-12 large-4\"  >\n\t\t\t\t<div class=\"col-inner\"  >\n\t\t\t\n\t\t\t\n\t<div class=\"img has-hover x md-x lg-x y md-y lg-y\" id=\"image_764116186\">\n\t\t\t\t\t\t\t\t<div class=\"img-inner dark\" style=\"margin:0px 16px 29px 0px;\">\n\t\t\t<img loading=\"lazy\" decoding=\"async\" width=\"892\" height=\"1030\" src=\"https:\/\/luxpowertek.com\/wp-content\/uploads\/2023\/05\/EU-8-10k-892x1030.webp\" class=\"attachment-large size-large\" alt=\"\" srcset=\"https:\/\/luxpowertek.com\/wp-content\/uploads\/2023\/05\/EU-8-10k-892x1030.webp 892w, https:\/\/luxpowertek.com\/wp-content\/uploads\/2023\/05\/EU-8-10k-260x300.webp 260w, https:\/\/luxpowertek.com\/wp-content\/uploads\/2023\/05\/EU-8-10k-768x887.webp 768w, https:\/\/luxpowertek.com\/wp-content\/uploads\/2023\/05\/EU-8-10k-1330x1536.webp 1330w, https:\/\/luxpowertek.com\/wp-content\/uploads\/2023\/05\/EU-8-10k-800x924.webp 800w, https:\/\/luxpowertek.com\/wp-content\/uploads\/2023\/05\/EU-8-10k.webp 1546w\" sizes=\"auto, (max-width: 892px) 100vw, 892px\" \/>\t\t\t\t\t\t\n\t\t\t\t\t<\/div>\n\t\t\t\t\t\t\t\t\n<style>\n#image_764116186 {\n  width: 88%;\n}\n<\/style>\n\t<\/div>\n\t\n\t\t<\/div>\n\t\t\t\t\n<style>\n#col-1054266566 > .col-inner {\n  padding: 0px 0px 0px 44px;\n  margin: 0px 0px 0px 20px;\n}\n<\/style>\n\t<\/div>\n\n\t\n\n\t<div id=\"col-71081181\" class=\"col medium-6 small-12 large-6\"  >\n\t\t\t\t<div class=\"col-inner\"  >\n\t\t\t\n\t\t\t\n<h3><span style=\"color: #00a859\">LXP-LB-EU 8-10k<\/span><\/h3>\n<ul>\n<li>La corriente de carga\/descarga de 210 A permite una carga r\u00e1pida de la bater\u00eda y, al mismo tiempo, satisface las altas demandas de energ\u00eda para cargas dom\u00e9sticas.<\/li>\n<li>M\u00faltiples modos de trabajo, adecuados para diferentes condiciones de suministro de energ\u00eda.<\/li>\n<li>Interfaz de generador independiente disponible y funci\u00f3n de acoplamiento de CA.<\/li>\n<li>Rel\u00e9 de paso de 90 A a UPS, f\u00e1cil instalaci\u00f3n<\/li>\n<li>Paralelo avanzado, hasta 6 unidades<\/li>\n<li>Control de carga inteligente<\/li>\n<li>F\u00e1cil de usar con pilas.<\/li>\n<li>Pantalla LCD t\u00e1ctil a color, IP65<\/li>\n<\/ul>\n<div class=\"row\"  id=\"row-807973566\">\n\n\t<div id=\"col-249103533\" class=\"col medium-4 small-12 large-4\"  >\n\t\t\t\t<div class=\"col-inner\"  >\n\t\t\t\n\t\t\t\n\n\t\t<div class=\"icon-box featured-box icon-box-left text-left\"  >\n\t\t\t\t\t<div class=\"icon-box-img\" style=\"width: 39px\">\n\t\t\t\t<div class=\"icon\">\n\t\t\t\t\t<div class=\"icon-inner\" >\n\t\t\t\t\t\t<img loading=\"lazy\" decoding=\"async\" width=\"171\" height=\"171\" src=\"https:\/\/luxpowertek.com\/wp-content\/uploads\/2021\/12\/wordpress-pdf-icon-1.png\" class=\"attachment-medium size-medium\" alt=\"\" srcset=\"https:\/\/luxpowertek.com\/wp-content\/uploads\/2021\/12\/wordpress-pdf-icon-1.png 171w, https:\/\/luxpowertek.com\/wp-content\/uploads\/2021\/12\/wordpress-pdf-icon-1-100x100.png 100w, https:\/\/luxpowertek.com\/wp-content\/uploads\/2021\/12\/wordpress-pdf-icon-1-80x80.png 80w\" sizes=\"auto, (max-width: 171px) 100vw, 171px\" \/>\t\t\t\t\t<\/div>\n\t\t\t\t<\/div>\n\t\t\t<\/div>\n\t\t\t\t<div class=\"icon-box-text last-reset\">\n\t\t\t\t\t\t\t\t\t\n\t<div id=\"text-2910967506\" class=\"text\">\n\t\t\n<p><a href=\"https:\/\/luxpowertek.com\/wp-content\/uploads\/2023\/07\/LXP-LB-EU-8-10k-specification.pdf\">Especificaci\u00f3n<\/a><\/p>\n\t\t\n<style>\n#text-2910967506 {\n  line-height: 3;\n}\n<\/style>\n\t<\/div>\n\t\n\t\t<\/div>\n\t<\/div>\n\t\n\t\n\t\t<\/div>\n\t\t\t\t\n<style>\n#col-249103533 > .col-inner {\n  margin: 0px 0px 0px 40px;\n}\n<\/style>\n\t<\/div>\n\n\t\n\n\t<div id=\"col-447958238\" class=\"col medium-4 small-12 large-4\"  >\n\t\t\t\t<div class=\"col-inner\"  >\n\t\t\t\n\t\t\t\n\n\t\t<div class=\"icon-box featured-box icon-box-left text-left\"  style=\"margin:0px 0px 0px 75px;\">\n\t\t\t\t\t<div class=\"icon-box-img\" style=\"width: 39px\">\n\t\t\t\t<div class=\"icon\">\n\t\t\t\t\t<div class=\"icon-inner\" >\n\t\t\t\t\t\t<img loading=\"lazy\" decoding=\"async\" width=\"171\" height=\"171\" src=\"https:\/\/luxpowertek.com\/wp-content\/uploads\/2021\/12\/wordpress-pdf-icon-1.png\" class=\"attachment-medium size-medium\" alt=\"\" srcset=\"https:\/\/luxpowertek.com\/wp-content\/uploads\/2021\/12\/wordpress-pdf-icon-1.png 171w, https:\/\/luxpowertek.com\/wp-content\/uploads\/2021\/12\/wordpress-pdf-icon-1-100x100.png 100w, https:\/\/luxpowertek.com\/wp-content\/uploads\/2021\/12\/wordpress-pdf-icon-1-80x80.png 80w\" sizes=\"auto, (max-width: 171px) 100vw, 171px\" \/>\t\t\t\t\t<\/div>\n\t\t\t\t<\/div>\n\t\t\t<\/div>\n\t\t\t\t<div class=\"icon-box-text last-reset\">\n\t\t\t\t\t\t\t\t\t\n\t<div id=\"text-3502508102\" class=\"text\">\n\t\t\n<p><a href=\"https:\/\/luxpowertek.com\/wp-content\/uploads\/2023\/07\/LXP-LB-EU-8-10k-specification.pdf\">Manual del usuario<\/a><\/p>\n\t\t\n<style>\n#text-3502508102 {\n  line-height: 3;\n}\n<\/style>\n\t<\/div>\n\t\n\t\t<\/div>\n\t<\/div>\n\t\n\t\n\t\t<\/div>\n\t\t\t\t\n<style>\n#col-447958238 > .col-inner {\n  margin: 0px 0px 0px -35px;\n}\n<\/style>\n\t<\/div>\n\n\t\n<\/div>\n\t\t<\/div>\n\t\t\t\t\t<\/div>\n\n\t\n\n\t<div id=\"col-1855227065\" class=\"col medium-1 small-12 large-1\"  >\n\t\t\t\t<div class=\"col-inner\"  >\n\t\t\t\n\t\t\t\n\t\t<\/div>\n\t\t\t\t\n<style>\n#col-1855227065 > .col-inner {\n  margin: 0px 0px 0px 2px0;\n}\n<\/style>\n\t<\/div>\n\n\t\n<\/div>\n<div class=\"is-divider divider clearfix\" style=\"max-width:1280px;background-color:rgb(27, 129, 71);\"><\/div>\n\t<div id=\"gap-398499732\" class=\"gap-element clearfix\" style=\"display:block; height:auto;\">\n\t\t\n<style>\n#gap-398499732 {\n  padding-top: 30px;\n}\n<\/style>\n\t<\/div>\n\t\n<div class=\"row\"  id=\"row-1074452338\">\n\n\t<div id=\"col-827855128\" class=\"col medium-1 small-12 large-1\"  >\n\t\t\t\t<div class=\"col-inner\"  >\n\t\t\t\n\t\t\t\n\t\t<\/div>\n\t\t\t\t\n<style>\n#col-827855128 > .col-inner {\n  margin: 0px 0px 0px 37px;\n}\n<\/style>\n\t<\/div>\n\n\t\n\n\t<div id=\"col-849953825\" class=\"col medium-4 small-12 large-4\"  >\n\t\t\t\t<div class=\"col-inner\"  >\n\t\t\t\n\t\t\t\n\t<div class=\"img has-hover x md-x lg-x y md-y lg-y\" id=\"image_145825503\">\n\t\t\t\t\t\t\t\t<div class=\"img-inner dark\" >\n\t\t\t<img loading=\"lazy\" decoding=\"async\" width=\"827\" height=\"1030\" src=\"https:\/\/luxpowertek.com\/wp-content\/uploads\/2023\/05\/LXP-12k-827x1030.webp\" class=\"attachment-large size-large\" alt=\"\" srcset=\"https:\/\/luxpowertek.com\/wp-content\/uploads\/2023\/05\/LXP-12k-827x1030.webp 827w, https:\/\/luxpowertek.com\/wp-content\/uploads\/2023\/05\/LXP-12k-241x300.webp 241w, https:\/\/luxpowertek.com\/wp-content\/uploads\/2023\/05\/LXP-12k-768x957.webp 768w, https:\/\/luxpowertek.com\/wp-content\/uploads\/2023\/05\/LXP-12k-1233x1536.webp 1233w, https:\/\/luxpowertek.com\/wp-content\/uploads\/2023\/05\/LXP-12k-800x996.webp 800w, https:\/\/luxpowertek.com\/wp-content\/uploads\/2023\/05\/LXP-12k.webp 1580w\" sizes=\"auto, (max-width: 827px) 100vw, 827px\" \/>\t\t\t\t\t\t\n\t\t\t\t\t<\/div>\n\t\t\t\t\t\t\t\t\n<style>\n#image_145825503 {\n  width: 84%;\n}\n<\/style>\n\t<\/div>\n\t\n\t\t<\/div>\n\t\t\t\t\n<style>\n#col-849953825 > .col-inner {\n  margin: 0px 0px 0px 39px;\n}\n<\/style>\n\t<\/div>\n\n\t\n\n\t<div id=\"col-1903065600\" class=\"col medium-6 small-12 large-6\"  >\n\t\t\t\t<div class=\"col-inner\"  >\n\t\t\t\n\t\t\t\n<h3><span style=\"color: #00a859\">LXP-LB-EU 12k<\/span><\/h3>\n<ul>\n<li>La corriente m\u00e1xima de carga\/descarga de 250 A permite que el sistema alcance una eficiencia impresionante: 99%<\/li>\n<li>La funci\u00f3n de acoplamiento de CA ampl\u00eda las capacidades de interfaz de los generadores di\u00e9sel existentes, lo que permite a los usuarios conectarlos a los sistemas de red existentes y lograr nuevamente la independencia energ\u00e9tica.<\/li>\n<li>La capacidad nominal de suministro de energ\u00eda fuera de la red es de 12 kW.<\/li>\n<li>Admite hasta 10 piezas en paralelo<\/li>\n<li>Control de carga inteligente<\/li>\n<li>M\u00f3dulo UPS integrado, tiempo de conmutaci\u00f3n sin interrupciones de encendido y apagado de la red inferior a 20 ms<\/li>\n<li>3 entradas MPPT, m\u00e1ximo hasta 18 kW<\/li>\n<li>Pantalla LCD t\u00e1ctil a color, IP65<\/li>\n<\/ul>\n<div class=\"row\"  id=\"row-1008099404\">\n\n\t<div id=\"col-1301651096\" class=\"col medium-4 small-12 large-4\"  >\n\t\t\t\t<div class=\"col-inner\"  >\n\t\t\t\n\t\t\t\n\n\t\t<div class=\"icon-box featured-box icon-box-left text-left\"  >\n\t\t\t\t\t<div class=\"icon-box-img\" style=\"width: 39px\">\n\t\t\t\t<div class=\"icon\">\n\t\t\t\t\t<div class=\"icon-inner\" >\n\t\t\t\t\t\t<img loading=\"lazy\" decoding=\"async\" width=\"171\" height=\"171\" src=\"https:\/\/luxpowertek.com\/wp-content\/uploads\/2021\/12\/wordpress-pdf-icon-1.png\" class=\"attachment-medium size-medium\" alt=\"\" srcset=\"https:\/\/luxpowertek.com\/wp-content\/uploads\/2021\/12\/wordpress-pdf-icon-1.png 171w, https:\/\/luxpowertek.com\/wp-content\/uploads\/2021\/12\/wordpress-pdf-icon-1-100x100.png 100w, https:\/\/luxpowertek.com\/wp-content\/uploads\/2021\/12\/wordpress-pdf-icon-1-80x80.png 80w\" sizes=\"auto, (max-width: 171px) 100vw, 171px\" \/>\t\t\t\t\t<\/div>\n\t\t\t\t<\/div>\n\t\t\t<\/div>\n\t\t\t\t<div class=\"icon-box-text last-reset\">\n\t\t\t\t\t\t\t\t\t\n\t<div id=\"text-2418675439\" class=\"text\">\n\t\t\n<p><a href=\"https:\/\/luxpowertek.com\/wp-content\/uploads\/2023\/07\/LXP-LB-EU-12k-specification.pdf\">Especificaci\u00f3n<\/a><\/p>\n\t\t\n<style>\n#text-2418675439 {\n  line-height: 3;\n}\n<\/style>\n\t<\/div>\n\t\n\t\t<\/div>\n\t<\/div>\n\t\n\t\n\t\t<\/div>\n\t\t\t\t\n<style>\n#col-1301651096 > .col-inner {\n  margin: 0px 0px 0px 40px;\n}\n<\/style>\n\t<\/div>\n\n\t\n\n\t<div id=\"col-301629636\" class=\"col medium-4 small-12 large-4\"  >\n\t\t\t\t<div class=\"col-inner\"  >\n\t\t\t\n\t\t\t\n\n\t\t<div class=\"icon-box featured-box icon-box-left text-left\"  style=\"margin:0px 0px 0px 75px;\">\n\t\t\t\t\t<div class=\"icon-box-img\" style=\"width: 39px\">\n\t\t\t\t<div class=\"icon\">\n\t\t\t\t\t<div class=\"icon-inner\" >\n\t\t\t\t\t\t<img loading=\"lazy\" decoding=\"async\" width=\"171\" height=\"171\" src=\"https:\/\/luxpowertek.com\/wp-content\/uploads\/2021\/12\/wordpress-pdf-icon-1.png\" class=\"attachment-medium size-medium\" alt=\"\" srcset=\"https:\/\/luxpowertek.com\/wp-content\/uploads\/2021\/12\/wordpress-pdf-icon-1.png 171w, https:\/\/luxpowertek.com\/wp-content\/uploads\/2021\/12\/wordpress-pdf-icon-1-100x100.png 100w, https:\/\/luxpowertek.com\/wp-content\/uploads\/2021\/12\/wordpress-pdf-icon-1-80x80.png 80w\" sizes=\"auto, (max-width: 171px) 100vw, 171px\" \/>\t\t\t\t\t<\/div>\n\t\t\t\t<\/div>\n\t\t\t<\/div>\n\t\t\t\t<div class=\"icon-box-text last-reset\">\n\t\t\t\t\t\t\t\t\t\n\t<div id=\"text-3737929844\" class=\"text\">\n\t\t\n<p><a href=\"https:\/\/luxpowertek.com\/wp-content\/uploads\/2023\/07\/LXP-LB-EU-12k-user-manual.pdf\">Manual del usuario<\/a><\/p>\n\t\t\n<style>\n#text-3737929844 {\n  line-height: 3;\n}\n<\/style>\n\t<\/div>\n\t\n\t\t<\/div>\n\t<\/div>\n\t\n\t\n\t\t<\/div>\n\t\t\t\t\n<style>\n#col-301629636 > .col-inner {\n  margin: 0px 0px 0px -35px;\n}\n<\/style>\n\t<\/div>\n\n\t\n<\/div>\n\t\t<\/div>\n\t\t\t\t\t<\/div>\n\n\t\n\n\t<div id=\"col-2075777920\" class=\"col medium-1 small-12 large-1\"  >\n\t\t\t\t<div class=\"col-inner\"  >\n\t\t\t\n\t\t\t\n\t\t<\/div>\n\t\t\t\t\n<style>\n#col-2075777920 > .col-inner {\n  margin: 0px 0px 0px 2px0;\n}\n<\/style>\n\t<\/div>\n\n\t\n<\/div>\n<div class=\"row\"  id=\"row-260087417\">\n\n\t<div id=\"col-91631863\" class=\"col medium-2 small-12 large-2\"  >\n\t\t\t\t<div class=\"col-inner\"  >\n\t\t\t\n\t\t\t\n\t\t<\/div>\n\t\t\t\t\t<\/div>\n\n\t\n\n\t<div id=\"col-1047920455\" class=\"col medium-4 small-12 large-4\"  >\n\t\t\t\t<div class=\"col-inner\"  >\n\t\t\t\n\t\t\t\n<a class=\"button secondary expand\"  style=\"border-radius:19px;padding:0px 7px 0px 48px;\">\n    <span>Soporte de bricolaje<\/span>\n  <\/a>\n\n\t\t<\/div>\n\t\t\t\t\n<style>\n#col-1047920455 > .col-inner {\n  margin: 50px 6px 21px 6px;\n}\n<\/style>\n\t<\/div>\n\n\t\n\n\t<div id=\"col-1079132188\" class=\"col medium-4 small-12 large-4\"  >\n\t\t\t\t<div class=\"col-inner\"  >\n\t\t\t\n\t\t\t\n<a class=\"button secondary expand\"  style=\"border-radius:19px;padding:0px 0px 0px 48px;\">\n    <span>Soporte de instalaci\u00f3n<\/span>\n  <\/a>\n\n\t\t<\/div>\n\t\t\t\t\n<style>\n#col-1079132188 > .col-inner {\n  margin: 50px 0px 0px 0px;\n}\n<\/style>\n\t<\/div>\n\n\t\n\n\t<div id=\"col-1135666197\" class=\"col medium-2 small-12 large-2\"  >\n\t\t\t\t<div class=\"col-inner\"  >\n\t\t\t\n\t\t\t\n\t\t<\/div>\n\t\t\t\t\t<\/div>\n\n\t\n<\/div>\n<div class=\"row\"  id=\"row-1006652187\">\n<\/div>","protected":false},"excerpt":{"rendered":"","protected":false},"author":3,"featured_media":0,"parent":0,"menu_order":0,"comment_status":"closed","ping_status":"closed","template":"","meta":{"rop_custom_images_group":[],"rop_custom_messages_group":[],"rop_publish_now":"initial","rop_publish_now_accounts":[],"rop_publish_now_history":[],"rop_publish_now_status":"pending","footnotes":""},"class_list":["post-7201","page","type-page","status-publish","hentry"],"yoast_head":"<!-- This site is optimized with the Yoast SEO plugin v27.3 - https:\/\/yoast.com\/product\/yoast-seo-wordpress\/ -->\n<title>SA products -<\/title>\n<meta name=\"robots\" content=\"index, follow, max-snippet:-1, max-image-preview:large, max-video-preview:-1\" \/>\n<link rel=\"canonical\" href=\"https:\/\/luxpowertek.com\/es\/saproductos\/\" \/>\n<meta property=\"og:locale\" content=\"es_ES\" \/>\n<meta property=\"og:type\" content=\"article\" \/>\n<meta property=\"og:title\" content=\"SA products -\" \/>\n<meta property=\"og:url\" content=\"https:\/\/luxpowertek.com\/es\/saproductos\/\" \/>\n<meta property=\"article:publisher\" content=\"https:\/\/www.facebook.com\/LUXPOWERTEK\" \/>\n<meta property=\"article:modified_time\" content=\"2023-07-15T10:19:13+00:00\" \/>\n<meta name=\"twitter:card\" content=\"summary_large_image\" \/>\n<meta name=\"twitter:label1\" content=\"Tiempo de lectura\" \/>\n\t<meta name=\"twitter:data1\" content=\"3 minutos\" \/>\n<script type=\"application\/ld+json\" class=\"yoast-schema-graph\">{\"@context\":\"https:\\\/\\\/schema.org\",\"@graph\":[{\"@type\":\"WebPage\",\"@id\":\"https:\\\/\\\/luxpowertek.com\\\/saproducts\\\/\",\"url\":\"https:\\\/\\\/luxpowertek.com\\\/saproducts\\\/\",\"name\":\"SA products -\",\"isPartOf\":{\"@id\":\"https:\\\/\\\/luxpowertek.com\\\/#website\"},\"datePublished\":\"2023-07-14T09:08:17+00:00\",\"dateModified\":\"2023-07-15T10:19:13+00:00\",\"breadcrumb\":{\"@id\":\"https:\\\/\\\/luxpowertek.com\\\/saproducts\\\/#breadcrumb\"},\"inLanguage\":\"es\",\"potentialAction\":[{\"@type\":\"ReadAction\",\"target\":[\"https:\\\/\\\/luxpowertek.com\\\/saproducts\\\/\"]}]},{\"@type\":\"BreadcrumbList\",\"@id\":\"https:\\\/\\\/luxpowertek.com\\\/saproducts\\\/#breadcrumb\",\"itemListElement\":[{\"@type\":\"ListItem\",\"position\":1,\"name\":\"Home\",\"item\":\"https:\\\/\\\/luxpowertek.com\\\/\"},{\"@type\":\"ListItem\",\"position\":2,\"name\":\"SA products\"}]},{\"@type\":\"WebSite\",\"@id\":\"https:\\\/\\\/luxpowertek.com\\\/#website\",\"url\":\"https:\\\/\\\/luxpowertek.com\\\/\",\"name\":\"\",\"description\":\"\",\"publisher\":{\"@id\":\"https:\\\/\\\/luxpowertek.com\\\/#organization\"},\"potentialAction\":[{\"@type\":\"SearchAction\",\"target\":{\"@type\":\"EntryPoint\",\"urlTemplate\":\"https:\\\/\\\/luxpowertek.com\\\/?s={search_term_string}\"},\"query-input\":{\"@type\":\"PropertyValueSpecification\",\"valueRequired\":true,\"valueName\":\"search_term_string\"}}],\"inLanguage\":\"es\"},{\"@type\":\"Organization\",\"@id\":\"https:\\\/\\\/luxpowertek.com\\\/#organization\",\"name\":\"LuxpowerTek\",\"url\":\"https:\\\/\\\/luxpowertek.com\\\/\",\"logo\":{\"@type\":\"ImageObject\",\"inLanguage\":\"es\",\"@id\":\"https:\\\/\\\/luxpowertek.com\\\/#\\\/schema\\\/logo\\\/image\\\/\",\"url\":\"https:\\\/\\\/luxpowertek.com\\\/wp-content\\\/uploads\\\/2024\\\/08\\\/Luxpower_logo_new.webp\",\"contentUrl\":\"https:\\\/\\\/luxpowertek.com\\\/wp-content\\\/uploads\\\/2024\\\/08\\\/Luxpower_logo_new.webp\",\"width\":1030,\"height\":186,\"caption\":\"LuxpowerTek\"},\"image\":{\"@id\":\"https:\\\/\\\/luxpowertek.com\\\/#\\\/schema\\\/logo\\\/image\\\/\"},\"sameAs\":[\"https:\\\/\\\/www.facebook.com\\\/LUXPOWERTEK\"]}]}<\/script>\n<!-- \/ Yoast SEO plugin. -->","yoast_head_json":{"title":"Productos SA -","robots":{"index":"index","follow":"follow","max-snippet":"max-snippet:-1","max-image-preview":"max-image-preview:large","max-video-preview":"max-video-preview:-1"},"canonical":"https:\/\/luxpowertek.com\/es\/saproductos\/","og_locale":"es_ES","og_type":"article","og_title":"SA products -","og_url":"https:\/\/luxpowertek.com\/es\/saproductos\/","article_publisher":"https:\/\/www.facebook.com\/LUXPOWERTEK","article_modified_time":"2023-07-15T10:19:13+00:00","twitter_card":"summary_large_image","twitter_misc":{"Tiempo de lectura":"3 minutos"},"schema":{"@context":"https:\/\/schema.org","@graph":[{"@type":"WebPage","@id":"https:\/\/luxpowertek.com\/saproducts\/","url":"https:\/\/luxpowertek.com\/saproducts\/","name":"Productos SA -","isPartOf":{"@id":"https:\/\/luxpowertek.com\/#website"},"datePublished":"2023-07-14T09:08:17+00:00","dateModified":"2023-07-15T10:19:13+00:00","breadcrumb":{"@id":"https:\/\/luxpowertek.com\/saproducts\/#breadcrumb"},"inLanguage":"es","potentialAction":[{"@type":"ReadAction","target":["https:\/\/luxpowertek.com\/saproducts\/"]}]},{"@type":"BreadcrumbList","@id":"https:\/\/luxpowertek.com\/saproducts\/#breadcrumb","itemListElement":[{"@type":"ListItem","position":1,"name":"Home","item":"https:\/\/luxpowertek.com\/"},{"@type":"ListItem","position":2,"name":"SA products"}]},{"@type":"WebSite","@id":"https:\/\/luxpowertek.com\/#website","url":"https:\/\/luxpowertek.com\/","name":"","description":"","publisher":{"@id":"https:\/\/luxpowertek.com\/#organization"},"potentialAction":[{"@type":"SearchAction","target":{"@type":"EntryPoint","urlTemplate":"https:\/\/luxpowertek.com\/?s={search_term_string}"},"query-input":{"@type":"PropertyValueSpecification","valueRequired":true,"valueName":"search_term_string"}}],"inLanguage":"es"},{"@type":"Organization","@id":"https:\/\/luxpowertek.com\/#organization","name":"LuxPowerTek","url":"https:\/\/luxpowertek.com\/","logo":{"@type":"ImageObject","inLanguage":"es","@id":"https:\/\/luxpowertek.com\/#\/schema\/logo\/image\/","url":"https:\/\/luxpowertek.com\/wp-content\/uploads\/2024\/08\/Luxpower_logo_new.webp","contentUrl":"https:\/\/luxpowertek.com\/wp-content\/uploads\/2024\/08\/Luxpower_logo_new.webp","width":1030,"height":186,"caption":"LuxpowerTek"},"image":{"@id":"https:\/\/luxpowertek.com\/#\/schema\/logo\/image\/"},"sameAs":["https:\/\/www.facebook.com\/LUXPOWERTEK"]}]}},"_links":{"self":[{"href":"https:\/\/luxpowertek.com\/es\/wp-json\/wp\/v2\/pages\/7201","targetHints":{"allow":["GET"]}}],"collection":[{"href":"https:\/\/luxpowertek.com\/es\/wp-json\/wp\/v2\/pages"}],"about":[{"href":"https:\/\/luxpowertek.com\/es\/wp-json\/wp\/v2\/types\/page"}],"author":[{"embeddable":true,"href":"https:\/\/luxpowertek.com\/es\/wp-json\/wp\/v2\/users\/3"}],"replies":[{"embeddable":true,"href":"https:\/\/luxpowertek.com\/es\/wp-json\/wp\/v2\/comments?post=7201"}],"version-history":[{"count":0,"href":"https:\/\/luxpowertek.com\/es\/wp-json\/wp\/v2\/pages\/7201\/revisions"}],"wp:attachment":[{"href":"https:\/\/luxpowertek.com\/es\/wp-json\/wp\/v2\/media?parent=7201"}],"curies":[{"name":"wp","href":"https:\/\/api.w.org\/{rel}","templated":true}]}}