{"id":2364,"date":"2021-12-24T11:21:35","date_gmt":"2021-12-24T03:21:35","guid":{"rendered":"https:\/\/nibianqi.bbswaimao.com\/?page_id=2364"},"modified":"2022-03-24T11:44:50","modified_gmt":"2022-03-24T03:44:50","slug":"inversor-acoplado-en-ca","status":"publish","type":"page","link":"https:\/\/luxpowertek.com\/es\/inversor-acoplado-en-ca\/","title":{"rendered":"Inversor acoplado a CA"},"content":{"rendered":"<section class=\"section custom_title_buttom\" id=\"section_2053563533\">\n\t\t<div class=\"bg section-bg fill bg-fill  bg-loaded\" >\n\n\t\t\t\n\t\t\t\n\t\t\t\n\n\t\t<\/div>\n\n\t\t\n\n\t\t<div class=\"section-content relative\">\n\t\t\t\n<div class=\"row\"  id=\"row-1352456385\">\n\n\t<div id=\"col-1372726687\" class=\"col small-12 large-12\"  >\n\t\t\t\t<div class=\"col-inner text-center\"  >\n\t\t\t\n\t\t\t\n<h1>Inversor acoplado a CA<\/h1>\n<div class=\"row\"  id=\"row-1325097263\">\n\n\t<div id=\"col-1441654119\" class=\"col hide-for-small medium-3 small-6 large-3\"  >\n\t\t\t\t<div class=\"col-inner\"  >\n\t\t\t\n\t\t\t\n\t\t<\/div>\n\t\t\t\t\t<\/div>\n\n\t\n\n\t<div id=\"col-1407584594\" class=\"col medium-3 small-6 large-3\"  >\n\t\t\t\t<div class=\"col-inner\"  >\n\t\t\t\n\t\t\t\n\t<div class=\"box has-hover   has-hover box-text-bottom\" >\n\n\t\t<div class=\"box-image\" >\n\t\t\t<a href=\"https:\/\/luxpowertek.com\/es\/lxp-sqpod-3600\/\" >\t\t\t<div class=\"image-zoom\" >\n\t\t\t\t<img loading=\"lazy\" decoding=\"async\" width=\"800\" height=\"800\" src=\"https:\/\/luxpowertek.com\/wp-content\/uploads\/2021\/12\/Luxpower-inverter-SQPOD-1-min.png\" class=\"attachment-original size-original\" alt=\"uxpower inversor SQPOD 1-min\" \/>\t\t\t\t\t\t\t\t\t\t\t<\/div>\n\t\t\t<\/a>\t\t<\/div>\n\n\t\t<div class=\"box-text text-center\" >\n\t\t\t<div class=\"box-text-inner\">\n\t\t\t\t\n<h3><a href=\"https:\/\/luxpowertek.com\/es\/lxp-sqpod-3600\/\">Inversor Luxpower SQPOD<\/a><\/h3>\n\t\t\t<\/div>\n\t\t<\/div>\n\t<\/div>\n\t\n\t\t<\/div>\n\t\t\t\t\t<\/div>\n\n\t\n\n\t<div id=\"col-1094365400\" class=\"col medium-3 small-6 large-3\"  >\n\t\t\t\t<div class=\"col-inner\"  >\n\t\t\t\n\t\t\t\n\t<div class=\"box has-hover   has-hover box-text-bottom\" >\n\n\t\t<div class=\"box-image\" >\n\t\t\t<a href=\"https:\/\/luxpowertek.com\/es\/lxp-acs-3600\/\" >\t\t\t<div class=\"image-zoom\" >\n\t\t\t\t<img loading=\"lazy\" decoding=\"async\" width=\"800\" height=\"800\" src=\"https:\/\/luxpowertek.com\/wp-content\/uploads\/2021\/12\/Luxpower-inverter-ACS3600-1-min.png\" class=\"attachment-original size-original\" alt=\"\" \/>\t\t\t\t\t\t\t\t\t\t\t<\/div>\n\t\t\t<\/a>\t\t<\/div>\n\n\t\t<div class=\"box-text text-center\" >\n\t\t\t<div class=\"box-text-inner\">\n\t\t\t\t\n<h3><a href=\"https:\/\/luxpowertek.com\/es\/lxp-acs-3600\/\">Inversor Luxpower ACS3600<\/a><\/h3>\n\t\t\t<\/div>\n\t\t<\/div>\n\t<\/div>\n\t\n\t\t<\/div>\n\t\t\t\t\t<\/div>\n\n\t\n\n\t<div id=\"col-1230979542\" class=\"col hide-for-small medium-3 small-6 large-3\"  >\n\t\t\t\t<div class=\"col-inner\"  >\n\t\t\t\n\t\t\t\n\t\t<\/div>\n\t\t\t\t\t<\/div>\n\n\t\n<\/div>\n\t\t<\/div>\n\t\t\t\t\t<\/div>\n\n\t\n<\/div>\n\t\t<\/div>\n\n\t\t\n<style>\n#section_2053563533 {\n  padding-top: 30px;\n  padding-bottom: 30px;\n}\n<\/style>\n\t<\/section>\n\t\n\t<section class=\"section custom_title_buttom custom_title_alian\" id=\"section_750375117\">\n\t\t<div class=\"bg section-bg fill bg-fill  bg-loaded\" >\n\n\t\t\t\n\t\t\t\n\t\t\t\n\n\t\t<\/div>\n\n\t\t\n\n\t\t<div class=\"section-content relative\">\n\t\t\t\n<div class=\"row\"  id=\"row-1151409550\">\n\n\t<div id=\"col-2026443442\" class=\"col small-12 large-12\"  >\n\t\t\t\t<div class=\"col-inner\"  >\n\t\t\t\n\t\t\t\n\t<div id=\"text-477997790\" class=\"text\">\n\t\t\n<h2>Serie de inversores con acoplamiento de CA<\/h2>\n\t\t\n<style>\n#text-477997790 {\n  text-align: center;\n}\n@media (min-width:550px) {\n  #text-477997790 {\n    text-align: center;\n  }\n}\n<\/style>\n\t<\/div>\n\t\n\t\t<\/div>\n\t\t\t\t\t<\/div>\n\n\t\n<\/div>\n<div class=\"row\"  id=\"row-699249853\">\n\n\t<div id=\"col-311269420\" class=\"col small-12 large-12\"  >\n\t\t\t\t<div class=\"col-inner\"  >\n\t\t\t\n\t\t\t\n\t<div id=\"gap-561077932\" class=\"gap-element clearfix\" style=\"display:block; height:auto;\">\n\t\t\n<style>\n#gap-561077932 {\n  padding-top: 30px;\n}\n<\/style>\n\t<\/div>\n\t\n<div class=\"row\"  id=\"row-639129232\">\n\n\t<div id=\"col-77999886\" class=\"col medium-3 small-6 large-3\"  >\n\t\t\t\t<div class=\"col-inner\"  >\n\t\t\t\n\t\t\t\n\n\t\t<div class=\"icon-box featured-box icon-box-center text-center\"  >\n\t\t\t\t\t<div class=\"icon-box-img\" style=\"width: 60px\">\n\t\t\t\t<div class=\"icon\">\n\t\t\t\t\t<div class=\"icon-inner\" >\n\t\t\t\t\t\t<img loading=\"lazy\" decoding=\"async\" width=\"300\" height=\"300\" src=\"https:\/\/luxpowertek.com\/wp-content\/uploads\/2021\/12\/2-3-300x300.png\" class=\"attachment-medium size-medium\" alt=\"\" srcset=\"https:\/\/luxpowertek.com\/wp-content\/uploads\/2021\/12\/2-3-300x300.png 300w, https:\/\/luxpowertek.com\/wp-content\/uploads\/2021\/12\/2-3-100x100.png 100w, https:\/\/luxpowertek.com\/wp-content\/uploads\/2021\/12\/2-3-80x80.png 80w, https:\/\/luxpowertek.com\/wp-content\/uploads\/2021\/12\/2-3-500x500.png 500w, https:\/\/luxpowertek.com\/wp-content\/uploads\/2021\/12\/2-3.png 512w\" sizes=\"auto, (max-width: 300px) 100vw, 300px\" \/>\t\t\t\t\t<\/div>\n\t\t\t\t<\/div>\n\t\t\t<\/div>\n\t\t\t\t<div class=\"icon-box-text last-reset\">\n\t\t\t\t\t\t\t\t\t\n<h3>SAI inteligente<\/h3>\n<p>Plug &amp; Play, conmutaci\u00f3n sin interrupciones en menos de 10 msSuficiente alimentaci\u00f3n de reserva para uso de emergencia<\/p>\n\t\t<\/div>\n\t<\/div>\n\t\n\t\n\t\t<\/div>\n\t\t\t\t\t<\/div>\n\n\t\n\n\t<div id=\"col-2058214371\" class=\"col medium-3 small-6 large-3\"  >\n\t\t\t\t<div class=\"col-inner\"  >\n\t\t\t\n\t\t\t\n\n\t\t<div class=\"icon-box featured-box icon-box-center text-center\"  >\n\t\t\t\t\t<div class=\"icon-box-img\" style=\"width: 60px\">\n\t\t\t\t<div class=\"icon\">\n\t\t\t\t\t<div class=\"icon-inner\" >\n\t\t\t\t\t\t<img loading=\"lazy\" decoding=\"async\" width=\"300\" height=\"300\" src=\"https:\/\/luxpowertek.com\/wp-content\/uploads\/2021\/12\/4-3-300x300.png\" class=\"attachment-medium size-medium\" alt=\"\" srcset=\"https:\/\/luxpowertek.com\/wp-content\/uploads\/2021\/12\/4-3-300x300.png 300w, https:\/\/luxpowertek.com\/wp-content\/uploads\/2021\/12\/4-3-100x100.png 100w, https:\/\/luxpowertek.com\/wp-content\/uploads\/2021\/12\/4-3-80x80.png 80w, https:\/\/luxpowertek.com\/wp-content\/uploads\/2021\/12\/4-3-500x500.png 500w, https:\/\/luxpowertek.com\/wp-content\/uploads\/2021\/12\/4-3.png 512w\" sizes=\"auto, (max-width: 300px) 100vw, 300px\" \/>\t\t\t\t\t<\/div>\n\t\t\t\t<\/div>\n\t\t\t<\/div>\n\t\t\t\t<div class=\"icon-box-text last-reset\">\n\t\t\t\t\t\t\t\t\t\n<h3>Paralelo avanzado para SQPOD<\/h3>\n<p>Hasta 10 unidades en paralelo, ampliable a 36 kWSParalelo monof\u00e1sico y trif\u00e1sico desequilibradoSin l\u00edmites en la longitud del cable de conexi\u00f3n a la bater\u00eda o al inversor ACHost generado autom\u00e1ticamente para gestionar todo el sistema.<\/p>\n\t\t<\/div>\n\t<\/div>\n\t\n\t\n\t\t<\/div>\n\t\t\t\t\t<\/div>\n\n\t\n\n\t<div id=\"col-1647396336\" class=\"col medium-3 small-6 large-3\"  >\n\t\t\t\t<div class=\"col-inner\"  >\n\t\t\t\n\t\t\t\n\n\t\t<div class=\"icon-box featured-box icon-box-center text-center\"  >\n\t\t\t\t\t<div class=\"icon-box-img\" style=\"width: 60px\">\n\t\t\t\t<div class=\"icon\">\n\t\t\t\t\t<div class=\"icon-inner\" >\n\t\t\t\t\t\t<img loading=\"lazy\" decoding=\"async\" width=\"300\" height=\"300\" src=\"https:\/\/luxpowertek.com\/wp-content\/uploads\/2021\/12\/3-3-300x300.png\" class=\"attachment-medium size-medium\" alt=\"\" srcset=\"https:\/\/luxpowertek.com\/wp-content\/uploads\/2021\/12\/3-3-300x300.png 300w, https:\/\/luxpowertek.com\/wp-content\/uploads\/2021\/12\/3-3-100x100.png 100w, https:\/\/luxpowertek.com\/wp-content\/uploads\/2021\/12\/3-3-80x80.png 80w, https:\/\/luxpowertek.com\/wp-content\/uploads\/2021\/12\/3-3-500x500.png 500w, https:\/\/luxpowertek.com\/wp-content\/uploads\/2021\/12\/3-3.png 512w\" sizes=\"auto, (max-width: 300px) 100vw, 300px\" \/>\t\t\t\t\t<\/div>\n\t\t\t\t<\/div>\n\t\t\t<\/div>\n\t\t\t\t<div class=\"icon-box-text last-reset\">\n\t\t\t\t\t\t\t\t\t\n<h3>F\u00e1cil de usar con bater\u00eda<\/h3>\n<p>Actualizaci\u00f3n remota del firmware del BMSAmplia gama de marcas de bater\u00edas compatiblesDespierta la bater\u00eda de litio cuando se apaga la bater\u00edaInformaci\u00f3n esencial cargada en el servidor Lux para un diagn\u00f3stico r\u00e1pido del ESSConexiones flexibles con bater\u00eda, grupo o divisi\u00f3n ambos accesibles<\/p>\n\t\t<\/div>\n\t<\/div>\n\t\n\t\n\t\t<\/div>\n\t\t\t\t\t<\/div>\n\n\t\n\n\t<div id=\"col-147926138\" class=\"col medium-3 small-6 large-3\"  >\n\t\t\t\t<div class=\"col-inner\"  >\n\t\t\t\n\t\t\t\n\n\t\t<div class=\"icon-box featured-box icon-box-center text-center\"  >\n\t\t\t\t\t<div class=\"icon-box-img\" style=\"width: 60px\">\n\t\t\t\t<div class=\"icon\">\n\t\t\t\t\t<div class=\"icon-inner\" >\n\t\t\t\t\t\t<img loading=\"lazy\" decoding=\"async\" width=\"300\" height=\"300\" src=\"https:\/\/luxpowertek.com\/wp-content\/uploads\/2021\/12\/5-1-300x300.png\" class=\"attachment-medium size-medium\" alt=\"\" srcset=\"https:\/\/luxpowertek.com\/wp-content\/uploads\/2021\/12\/5-1-300x300.png 300w, https:\/\/luxpowertek.com\/wp-content\/uploads\/2021\/12\/5-1-100x100.png 100w, https:\/\/luxpowertek.com\/wp-content\/uploads\/2021\/12\/5-1-80x80.png 80w, https:\/\/luxpowertek.com\/wp-content\/uploads\/2021\/12\/5-1-500x500.png 500w, https:\/\/luxpowertek.com\/wp-content\/uploads\/2021\/12\/5-1.png 512w\" sizes=\"auto, (max-width: 300px) 100vw, 300px\" \/>\t\t\t\t\t<\/div>\n\t\t\t\t<\/div>\n\t\t\t<\/div>\n\t\t\t\t<div class=\"icon-box-text last-reset\">\n\t\t\t\t\t\t\t\t\t\n<h3>Modos de trabajo inteligentes<\/h3>\n<p>Modo de autoconsumo para zonas con tarifas elevadasModo de carga prioritaria para zonas en las que la red el\u00e9ctrica es inestableModo de carga y descarga forzadas para zonas en las que la tarifa var\u00eda en funci\u00f3n del tiempo<\/p>\n\t\t<\/div>\n\t<\/div>\n\t\n\t\n\t\t<\/div>\n\t\t\t\t\t<\/div>\n\n\t\n<\/div>\n<div class=\"row\"  id=\"row-1209014901\">\n\n\t<div id=\"col-723576563\" class=\"col small-12 large-12\"  >\n\t\t\t\t<div class=\"col-inner text-center\"  >\n\t\t\t\n\t\t\t\n\t<div id=\"gap-1750186150\" class=\"gap-element clearfix\" style=\"display:block; height:auto;\">\n\t\t\n<style>\n#gap-1750186150 {\n  padding-top: 19px;\n}\n<\/style>\n\t<\/div>\n\t\n<p><a class=\"button white button_green\" style=\"border-radius: 8px;\" data-fancybox=\"\" data-src=\"#hidden-CF7\">Solicitar presupuesto<\/a><\/p>\n\t\t<\/div>\n\t\t\t\t\t<\/div>\n\n\t\n<\/div>\n\t\t<\/div>\n\t\t\t\t\t<\/div>\n\n\t\n<\/div>\n\t\t<\/div>\n\n\t\t\n<style>\n#section_750375117 {\n  padding-top: 30px;\n  padding-bottom: 30px;\n}\n<\/style>\n\t<\/section>\n\t\n\t<section class=\"section custom_title_buttom\" id=\"section_1840396395\">\n\t\t<div class=\"bg section-bg fill bg-fill  bg-loaded\" >\n\n\t\t\t\n\t\t\t\n\t\t\t\n\n\t\t<\/div>\n\n\t\t\n\n\t\t<div class=\"section-content relative\">\n\t\t\t\n<div class=\"row\"  id=\"row-2031263905\">\n\n\t<div id=\"col-836996417\" class=\"col small-12 large-12\"  >\n\t\t\t\t<div class=\"col-inner text-center\"  >\n\t\t\t\n\t\t\t\n\t<div id=\"text-2829548772\" class=\"text\">\n\t\t\n<h2>Funcionamiento del inversor acoplado a CA<\/h2>\n\t\t\n<style>\n#text-2829548772 {\n  text-align: center;\n}\n@media (min-width:550px) {\n  #text-2829548772 {\n    text-align: center;\n  }\n}\n<\/style>\n\t<\/div>\n\t\n<div class=\"row\"  id=\"row-285822343\">\n\n\t<div id=\"col-200857748\" class=\"col medium-6 small-12 large-6\"  >\n\t\t\t\t<div class=\"col-inner\"  >\n\t\t\t\n\t\t\t\n\t<div class=\"img has-hover x md-x lg-x y md-y lg-y\" id=\"image_1470432651\">\n\t\t\t\t\t\t\t\t<div class=\"img-inner image-cover dark\" style=\"padding-top:80%;\">\n\t\t\t<img loading=\"lazy\" decoding=\"async\" width=\"1206\" height=\"1003\" src=\"https:\/\/luxpowertek.com\/wp-content\/uploads\/2021\/12\/Luxpowertek-catalog-20211126-11-1.jpg\" class=\"attachment-original size-original\" alt=\"\" srcset=\"https:\/\/luxpowertek.com\/wp-content\/uploads\/2021\/12\/Luxpowertek-catalog-20211126-11-1.jpg 1206w, https:\/\/luxpowertek.com\/wp-content\/uploads\/2021\/12\/Luxpowertek-catalog-20211126-11-1-300x250.jpg 300w, https:\/\/luxpowertek.com\/wp-content\/uploads\/2021\/12\/Luxpowertek-catalog-20211126-11-1-1030x857.jpg 1030w, https:\/\/luxpowertek.com\/wp-content\/uploads\/2021\/12\/Luxpowertek-catalog-20211126-11-1-768x639.jpg 768w, https:\/\/luxpowertek.com\/wp-content\/uploads\/2021\/12\/Luxpowertek-catalog-20211126-11-1-800x665.jpg 800w\" sizes=\"auto, (max-width: 1206px) 100vw, 1206px\" \/>\t\t\t\t\t\t\n\t\t\t\t\t<\/div>\n\t\t\t\t\t\t\t\t\n<style>\n#image_1470432651 {\n  width: 100%;\n}\n<\/style>\n\t<\/div>\n\t\n\t<div id=\"text-1846648627\" class=\"text\">\n\t\t\n<h3 style=\"text-align: center;\">Conexi\u00f3n del sistema de acoplamiento de CA<\/h3>\n<p>Para reequipar un sistema solar conectado a la red existente con un sistema de almacenamiento de energ\u00eda con acoplamiento de CA. No podr\u00eda ser m\u00e1s f\u00e1cil que instalar un inversor en serie LXP AC acoplado en el lado de CA con un paquete de bater\u00edas.<\/p>\n\t\t\n<style>\n#text-1846648627 {\n  text-align: left;\n}\n<\/style>\n\t<\/div>\n\t\n\t\t<\/div>\n\t\t\t\t\t<\/div>\n\n\t\n\n\t<div id=\"col-503685447\" class=\"col medium-6 small-12 large-6\"  >\n\t\t\t\t<div class=\"col-inner\"  >\n\t\t\t\n\t\t\t\n\t<div class=\"img has-hover x md-x lg-x y md-y lg-y\" id=\"image_189785357\">\n\t\t\t\t\t\t\t\t<div class=\"img-inner image-cover dark\" style=\"padding-top:80%;\">\n\t\t\t<img loading=\"lazy\" decoding=\"async\" width=\"1031\" height=\"827\" src=\"https:\/\/luxpowertek.com\/wp-content\/uploads\/2021\/12\/Luxpowertek-catalog-20211126-11-2.jpg\" class=\"attachment-original size-original\" alt=\"\" srcset=\"https:\/\/luxpowertek.com\/wp-content\/uploads\/2021\/12\/Luxpowertek-catalog-20211126-11-2.jpg 1031w, https:\/\/luxpowertek.com\/wp-content\/uploads\/2021\/12\/Luxpowertek-catalog-20211126-11-2-300x241.jpg 300w, https:\/\/luxpowertek.com\/wp-content\/uploads\/2021\/12\/Luxpowertek-catalog-20211126-11-2-768x616.jpg 768w, https:\/\/luxpowertek.com\/wp-content\/uploads\/2021\/12\/Luxpowertek-catalog-20211126-11-2-800x642.jpg 800w\" sizes=\"auto, (max-width: 1031px) 100vw, 1031px\" \/>\t\t\t\t\t\t\n\t\t\t\t\t<\/div>\n\t\t\t\t\t\t\t\t\n<style>\n#image_189785357 {\n  width: 100%;\n}\n<\/style>\n\t<\/div>\n\t\n\t<div id=\"text-1949841087\" class=\"text\">\n\t\t\n<h3 style=\"text-align: center;\">Autoconsumo del inversor acoplado a CA<\/h3>\n<p>En el modo de autoconsumo con acoplamiento de CA, el inversor con acoplamiento de CA detectar\u00e1 la potencia generada por el inversor conectado a la red, que ser\u00e1 utilizada en primer lugar por las cargas locales, y el resto se almacenar\u00e1 en la bater\u00eda mediante el inversor con acoplamiento de CA. Este es el modo por defecto, que aumentar\u00e1 la tasa de autoconsumo y reducir\u00e1 significativamente la factura energ\u00e9tica.<\/p>\n\t\t\n<style>\n#text-1949841087 {\n  text-align: left;\n}\n<\/style>\n\t<\/div>\n\t\n\t\t<\/div>\n\t\t\t\t\t<\/div>\n\n\t\n<\/div>\n<div class=\"row\"  id=\"row-1483049012\">\n\n\t<div id=\"col-1527703326\" class=\"col medium-6 small-12 large-6\"  >\n\t\t\t\t<div class=\"col-inner\"  >\n\t\t\t\n\t\t\t\n\t<div class=\"img has-hover x md-x lg-x y md-y lg-y\" id=\"image_1285192454\">\n\t\t\t\t\t\t\t\t<div class=\"img-inner image-cover dark\" style=\"padding-top:80%;\">\n\t\t\t<img loading=\"lazy\" decoding=\"async\" width=\"1028\" height=\"796\" src=\"https:\/\/luxpowertek.com\/wp-content\/uploads\/2021\/12\/Luxpowertek-catalog-20211126-11-3.jpg\" class=\"attachment-original size-original\" alt=\"\" srcset=\"https:\/\/luxpowertek.com\/wp-content\/uploads\/2021\/12\/Luxpowertek-catalog-20211126-11-3.jpg 1028w, https:\/\/luxpowertek.com\/wp-content\/uploads\/2021\/12\/Luxpowertek-catalog-20211126-11-3-300x232.jpg 300w, https:\/\/luxpowertek.com\/wp-content\/uploads\/2021\/12\/Luxpowertek-catalog-20211126-11-3-768x595.jpg 768w, https:\/\/luxpowertek.com\/wp-content\/uploads\/2021\/12\/Luxpowertek-catalog-20211126-11-3-800x619.jpg 800w\" sizes=\"auto, (max-width: 1028px) 100vw, 1028px\" \/>\t\t\t\t\t\t\n\t\t\t\t\t<\/div>\n\t\t\t\t\t\t\t\t\n<style>\n#image_1285192454 {\n  width: 100%;\n}\n<\/style>\n\t<\/div>\n\t\n\t\t<\/div>\n\t\t\t\t\t<\/div>\n\n\t\n\n\t<div id=\"col-168393121\" class=\"col medium-6 small-12 large-6\"  >\n\t\t\t\t<div class=\"col-inner\"  >\n\t\t\t\n\t\t\t\n\t<div id=\"gap-1098479475\" class=\"gap-element clearfix\" style=\"display:block; height:auto;\">\n\t\t\n<style>\n#gap-1098479475 {\n  padding-top: 7px;\n}\n<\/style>\n\t<\/div>\n\t\n<div class=\"video video-fit mb\" style=\"padding-top:60%;\"><p><iframe loading=\"lazy\" title=\"LUXPOWER Descripci\u00f3n general del LXP 3.6K Hybrid\" width=\"1020\" height=\"574\" src=\"https:\/\/www.youtube.com\/embed\/v9DIwGmjU0U?list=PLzioA4ti0PD6hU9t7A_9RiXSca4IvOLdo\" frameborder=\"0\" allow=\"accelerometer; autoplay; clipboard-write; encrypted-media; gyroscope; picture-in-picture\" allowfullscreen><\/iframe><\/p>\n<\/div>\n\t\t<\/div>\n\t\t\t\t\t<\/div>\n\n\t\n<\/div>\n<div class=\"row\"  id=\"row-325746208\">\n\n\t<div id=\"col-1540305101\" class=\"col small-12 large-12\"  >\n\t\t\t\t<div class=\"col-inner\"  >\n\t\t\t\n\t\t\t\n<div class=\"row align-middle\"  id=\"row-1213035828\">\n\n\t<div id=\"col-1152235960\" class=\"col medium-6 small-12 large-6\"  >\n\t\t\t\t<div class=\"col-inner\"  >\n\t\t\t\n\t\t\t\n\t<div id=\"text-2440359717\" class=\"text\">\n\t\t\n<h3 style=\"text-align: center;\">Diferencia de Fuerza Amp AC Acoplada Uso del Tiempo<\/h3>\n<p>Este modo es adecuado para situaciones en las que la diferencia de precio de la energ\u00eda es grande. El usuario puede establecer el tiempo de carga y descarga y la prioridad de uso de la energ\u00eda en el modo de uso de tiempo forzado. El usuario tambi\u00e9n puede elegir si desea cargar la bater\u00eda utilizando la red el\u00e9ctrica si la normativa lo permite.<\/p>\n\t\t\n<style>\n#text-2440359717 {\n  text-align: left;\n}\n<\/style>\n\t<\/div>\n\t\n\t\t<\/div>\n\t\t\t\t\t<\/div>\n\n\t\n\n\t<div id=\"col-845793401\" class=\"col medium-6 small-12 large-6\"  >\n\t\t\t\t<div class=\"col-inner\"  >\n\t\t\t\n\t\t\t\n<p><a class=\"button white button_green\" style=\"border-radius: 8px;\" data-fancybox=\"\" data-src=\"#hidden-CF7\">Solicitar presupuesto<\/a><\/p>\n\t\t<\/div>\n\t\t\t\t\t<\/div>\n\n\t\n<\/div>\n\t\t<\/div>\n\t\t\t\t\t<\/div>\n\n\t\n<\/div>\n\t\t<\/div>\n\t\t\t\t\t<\/div>\n\n\t\n<\/div>\n\t\t<\/div>\n\n\t\t\n<style>\n#section_1840396395 {\n  padding-top: 30px;\n  padding-bottom: 30px;\n}\n<\/style>\n\t<\/section>","protected":false},"excerpt":{"rendered":"","protected":false},"author":1,"featured_media":0,"parent":0,"menu_order":0,"comment_status":"closed","ping_status":"closed","template":"page-blank.php","meta":{"rop_custom_images_group":[],"rop_custom_messages_group":[],"rop_publish_now":"initial","rop_publish_now_accounts":[],"rop_publish_now_history":[],"rop_publish_now_status":"pending","footnotes":""},"class_list":["post-2364","page","type-page","status-publish","hentry"],"yoast_head":"<!-- This site is optimized with the Yoast SEO plugin v27.3 - https:\/\/yoast.com\/product\/yoast-seo-wordpress\/ -->\n<title>AC Coupled Inverter | Difference Amp AC Coupled Battery Inverter<\/title>\n<meta name=\"description\" content=\"AC coupling uses your existing system to feed power into a battery-based inverter\/charger to charge the battery pack.\" \/>\n<meta name=\"robots\" content=\"index, follow, max-snippet:-1, max-image-preview:large, max-video-preview:-1\" \/>\n<link rel=\"canonical\" href=\"https:\/\/luxpowertek.com\/es\/inversor-acoplado-en-ca\/\" \/>\n<meta property=\"og:locale\" content=\"es_ES\" \/>\n<meta property=\"og:type\" content=\"article\" \/>\n<meta property=\"og:title\" content=\"AC Coupled Inverter | Difference Amp AC Coupled Battery Inverter\" \/>\n<meta property=\"og:description\" content=\"AC coupling uses your existing system to feed power into a battery-based inverter\/charger to charge the battery pack.\" \/>\n<meta property=\"og:url\" content=\"https:\/\/luxpowertek.com\/es\/inversor-acoplado-en-ca\/\" \/>\n<meta property=\"article:modified_time\" content=\"2022-03-24T03:44:50+00:00\" \/>\n<meta name=\"twitter:card\" content=\"summary_large_image\" \/>\n<meta name=\"twitter:label1\" content=\"Tiempo de lectura\" \/>\n\t<meta name=\"twitter:data1\" content=\"3 minutos\" \/>\n<script type=\"application\/ld+json\" class=\"yoast-schema-graph\">{\"@context\":\"https:\\\/\\\/schema.org\",\"@graph\":[{\"@type\":\"WebPage\",\"@id\":\"https:\\\/\\\/luxpowertek.com\\\/ac-coupled-inverter\\\/\",\"url\":\"https:\\\/\\\/luxpowertek.com\\\/ac-coupled-inverter\\\/\",\"name\":\"AC Coupled Inverter | Difference Amp AC Coupled Battery Inverter\",\"isPartOf\":{\"@id\":\"https:\\\/\\\/luxpowertek.com\\\/#website\"},\"datePublished\":\"2021-12-24T03:21:35+00:00\",\"dateModified\":\"2022-03-24T03:44:50+00:00\",\"description\":\"AC coupling uses your existing system to feed power into a battery-based inverter\\\/charger to charge the battery pack.\",\"breadcrumb\":{\"@id\":\"https:\\\/\\\/luxpowertek.com\\\/ac-coupled-inverter\\\/#breadcrumb\"},\"inLanguage\":\"es\",\"potentialAction\":[{\"@type\":\"ReadAction\",\"target\":[\"https:\\\/\\\/luxpowertek.com\\\/ac-coupled-inverter\\\/\"]}]},{\"@type\":\"BreadcrumbList\",\"@id\":\"https:\\\/\\\/luxpowertek.com\\\/ac-coupled-inverter\\\/#breadcrumb\",\"itemListElement\":[{\"@type\":\"ListItem\",\"position\":1,\"name\":\"Home\",\"item\":\"https:\\\/\\\/luxpowertek.com\\\/\"},{\"@type\":\"ListItem\",\"position\":2,\"name\":\"AC Coupled Inverter\"}]},{\"@type\":\"WebSite\",\"@id\":\"https:\\\/\\\/luxpowertek.com\\\/#website\",\"url\":\"https:\\\/\\\/luxpowertek.com\\\/\",\"name\":\"\",\"description\":\"\",\"potentialAction\":[{\"@type\":\"SearchAction\",\"target\":{\"@type\":\"EntryPoint\",\"urlTemplate\":\"https:\\\/\\\/luxpowertek.com\\\/?s={search_term_string}\"},\"query-input\":{\"@type\":\"PropertyValueSpecification\",\"valueRequired\":true,\"valueName\":\"search_term_string\"}}],\"inLanguage\":\"es\"}]}<\/script>\n<!-- \/ Yoast SEO plugin. -->","yoast_head_json":{"title":"Inversor acoplado a CA | Diferencia Amp Inversor de bater\u00eda acoplado a CA","description":"El acoplamiento de CA utiliza el sistema existente para suministrar energ\u00eda a un inversor\/cargador de bater\u00eda para cargar el pack de bater\u00edas.","robots":{"index":"index","follow":"follow","max-snippet":"max-snippet:-1","max-image-preview":"max-image-preview:large","max-video-preview":"max-video-preview:-1"},"canonical":"https:\/\/luxpowertek.com\/es\/inversor-acoplado-en-ca\/","og_locale":"es_ES","og_type":"article","og_title":"AC Coupled Inverter | Difference Amp AC Coupled Battery Inverter","og_description":"AC coupling uses your existing system to feed power into a battery-based inverter\/charger to charge the battery pack.","og_url":"https:\/\/luxpowertek.com\/es\/inversor-acoplado-en-ca\/","article_modified_time":"2022-03-24T03:44:50+00:00","twitter_card":"summary_large_image","twitter_misc":{"Tiempo de lectura":"3 minutos"},"schema":{"@context":"https:\/\/schema.org","@graph":[{"@type":"WebPage","@id":"https:\/\/luxpowertek.com\/ac-coupled-inverter\/","url":"https:\/\/luxpowertek.com\/ac-coupled-inverter\/","name":"Inversor acoplado a CA | Diferencia Amp Inversor de bater\u00eda acoplado a CA","isPartOf":{"@id":"https:\/\/luxpowertek.com\/#website"},"datePublished":"2021-12-24T03:21:35+00:00","dateModified":"2022-03-24T03:44:50+00:00","description":"El acoplamiento de CA utiliza el sistema existente para suministrar energ\u00eda a un inversor\/cargador de bater\u00eda para cargar el pack de bater\u00edas.","breadcrumb":{"@id":"https:\/\/luxpowertek.com\/ac-coupled-inverter\/#breadcrumb"},"inLanguage":"es","potentialAction":[{"@type":"ReadAction","target":["https:\/\/luxpowertek.com\/ac-coupled-inverter\/"]}]},{"@type":"BreadcrumbList","@id":"https:\/\/luxpowertek.com\/ac-coupled-inverter\/#breadcrumb","itemListElement":[{"@type":"ListItem","position":1,"name":"Home","item":"https:\/\/luxpowertek.com\/"},{"@type":"ListItem","position":2,"name":"AC Coupled Inverter"}]},{"@type":"WebSite","@id":"https:\/\/luxpowertek.com\/#website","url":"https:\/\/luxpowertek.com\/","name":"","description":"","potentialAction":[{"@type":"SearchAction","target":{"@type":"EntryPoint","urlTemplate":"https:\/\/luxpowertek.com\/?s={search_term_string}"},"query-input":{"@type":"PropertyValueSpecification","valueRequired":true,"valueName":"search_term_string"}}],"inLanguage":"es"}]}},"_links":{"self":[{"href":"https:\/\/luxpowertek.com\/es\/wp-json\/wp\/v2\/pages\/2364","targetHints":{"allow":["GET"]}}],"collection":[{"href":"https:\/\/luxpowertek.com\/es\/wp-json\/wp\/v2\/pages"}],"about":[{"href":"https:\/\/luxpowertek.com\/es\/wp-json\/wp\/v2\/types\/page"}],"author":[{"embeddable":true,"href":"https:\/\/luxpowertek.com\/es\/wp-json\/wp\/v2\/users\/1"}],"replies":[{"embeddable":true,"href":"https:\/\/luxpowertek.com\/es\/wp-json\/wp\/v2\/comments?post=2364"}],"version-history":[{"count":0,"href":"https:\/\/luxpowertek.com\/es\/wp-json\/wp\/v2\/pages\/2364\/revisions"}],"wp:attachment":[{"href":"https:\/\/luxpowertek.com\/es\/wp-json\/wp\/v2\/media?parent=2364"}],"curies":[{"name":"wp","href":"https:\/\/api.w.org\/{rel}","templated":true}]}}