{"id":2354,"date":"2021-12-24T11:09:56","date_gmt":"2021-12-24T03:09:56","guid":{"rendered":"https:\/\/nibianqi.bbswaimao.com\/?page_id=2354"},"modified":"2023-12-07T10:32:24","modified_gmt":"2023-12-07T02:32:24","slug":"sna-hibrido-ecologico","status":"publish","type":"page","link":"https:\/\/luxpowertek.com\/es\/sna-hibrido-ecologico\/","title":{"rendered":"ECO h\u00edbrido SNA 3-5k"},"content":{"rendered":"<div class=\"banner has-hover\" id=\"banner-862700310\">\n          <div class=\"banner-inner fill\">\n        <div class=\"banner-bg fill\" >\n            <div class=\"bg fill bg-fill\"><\/div>\n                        <div class=\"overlay\"><\/div>            \n                    <\/div>\n\t\t\n        <div class=\"banner-layers container\">\n            <div class=\"fill banner-link\"><\/div>            \n   <div id=\"text-box-909350886\" class=\"text-box banner-layer x50 md-x50 lg-x50 y50 md-y50 lg-y50 res-text\">\n                                <div class=\"text-box-content text dark\">\n              \n              <div class=\"text-inner text-center\">\n                  \n<h1><span style=\"font-size: 75%\">ECO h\u00edbrido SNA 3-5k<\/span><\/h1>\n<h3>\u00a0 \u00a0 \u00a0 \u00a0 \u00a0 \u00a0 \u00a0 \u00a0 \u00a0 \u00a0 \u00a0 \u00a0\u2013 El inversor fuera de la red m\u00e1s vendido<\/h3>\n              <\/div>\n           <\/div>\n                            \n<style>\n#text-box-909350886 {\n  width: 60%;\n}\n#text-box-909350886 .text-box-content {\n  font-size: 100%;\n}\n<\/style>\n    <\/div>\n \n        <\/div>\n      <\/div>\n\n            \n<style>\n#banner-862700310 {\n  padding-top: 78%;\n}\n#banner-862700310 .bg.bg-loaded {\n  background-image: url(https:\/\/luxpowertek.com\/wp-content\/uploads\/2021\/12\/SNA-3-5kW.jpg);\n}\n#banner-862700310 .overlay {\n  background-color: rgba(0, 0, 0, 0.2);\n}\n@media (min-width:550px) {\n  #banner-862700310 {\n    padding-top: 38%;\n  }\n}\n<\/style>\n  <\/div>\n\n\n\t<section class=\"section custom_title_buttom\" id=\"section_365577854\">\n\t\t<div class=\"bg section-bg fill bg-fill  bg-loaded\" >\n\n\t\t\t\n\t\t\t\n\t\t\t\n\n\t\t<\/div>\n\n\t\t\n\n\t\t<div class=\"section-content relative\">\n\t\t\t\n<div class=\"row\"  id=\"row-1271864628\">\n\n\t<div id=\"col-546421541\" class=\"col small-12 large-12\"  >\n\t\t\t\t<div class=\"col-inner text-center\"  >\n\t\t\t\n\t\t\t\n<h2>Rendimiento del inversor fuera de la red<\/h2>\n\t\t<\/div>\n\t\t\t\t\t<\/div>\n\n\t\n<\/div>\n\t\t<\/div>\n\n\t\t\n<style>\n#section_365577854 {\n  padding-top: 9px;\n  padding-bottom: 9px;\n}\n@media (min-width:550px) {\n  #section_365577854 {\n    padding-top: 30px;\n    padding-bottom: 30px;\n  }\n}\n<\/style>\n\t<\/section>\n\t\n\t<section class=\"section custom_productspage_section\" id=\"section_42900801\">\n\t\t<div class=\"bg section-bg fill bg-fill  bg-loaded\" >\n\n\t\t\t\n\t\t\t\n\t\t\t\n\n\t\t<\/div>\n\n\t\t\n\n\t\t<div class=\"section-content relative\">\n\t\t\t\n<div class=\"row align-middle\"  id=\"row-1004969711\">\n\n\t<div id=\"col-575187393\" class=\"col medium-6 small-12 large-6\"  >\n\t\t\t\t<div class=\"col-inner text-center\"  >\n\t\t\t\n\t\t\t\n\t<div class=\"img has-hover x md-x lg-x y md-y lg-y\" id=\"image_542730294\">\n\t\t\t\t\t\t\t\t<div class=\"img-inner dark\" >\n\t\t\t<img loading=\"lazy\" decoding=\"async\" width=\"630\" height=\"1030\" src=\"https:\/\/luxpowertek.com\/wp-content\/uploads\/2023\/05\/ECO-001-A-630x1030.webp\" class=\"attachment-large size-large\" alt=\"\" srcset=\"https:\/\/luxpowertek.com\/wp-content\/uploads\/2023\/05\/ECO-001-A-630x1030.webp 630w, https:\/\/luxpowertek.com\/wp-content\/uploads\/2023\/05\/ECO-001-A-183x300.webp 183w, https:\/\/luxpowertek.com\/wp-content\/uploads\/2023\/05\/ECO-001-A-768x1256.webp 768w, https:\/\/luxpowertek.com\/wp-content\/uploads\/2023\/05\/ECO-001-A-939x1536.webp 939w, https:\/\/luxpowertek.com\/wp-content\/uploads\/2023\/05\/ECO-001-A-800x1308.webp 800w, https:\/\/luxpowertek.com\/wp-content\/uploads\/2023\/05\/ECO-001-A.webp 1091w\" sizes=\"auto, (max-width: 630px) 100vw, 630px\" \/>\t\t\t\t\t\t\n\t\t\t\t\t<\/div>\n\t\t\t\t\t\t\t\t\n<style>\n#image_542730294 {\n  width: 40%;\n}\n<\/style>\n\t<\/div>\n\t\n\t\t<\/div>\n\t\t\t\t\t<\/div>\n\n\t\n\n\t<div id=\"col-501580803\" class=\"col medium-6 small-12 large-6\"  >\n\t\t\t\t<div class=\"col-inner\"  >\n\t\t\t\n\t\t\t\n<ul>\n<li><span style=\"font-size: 120%\">Modos inteligentes fuera de la red e h\u00edbridos<\/span><\/li>\n<li><span style=\"font-size: 120%\">Cargas de potencia FV y CA simult\u00e1neamente<\/span><\/li>\n<li><span style=\"font-size: 120%\">Amplio rango de voltaje de entrada fotovoltaica: 100 V ~ 480 V<\/span><\/li>\n<\/ul>\n\t\t<\/div>\n\t\t\t\t\t<\/div>\n\n\t\n<\/div>\n\t\t<\/div>\n\n\t\t\n<style>\n#section_42900801 {\n  padding-top: 0px;\n  padding-bottom: 0px;\n}\n@media (min-width:550px) {\n  #section_42900801 {\n    padding-top: 55px;\n    padding-bottom: 55px;\n  }\n}\n<\/style>\n\t<\/section>\n\t\n\t<section class=\"section custom_productspage_section\" id=\"section_692943958\">\n\t\t<div class=\"bg section-bg fill bg-fill  bg-loaded\" >\n\n\t\t\t\n\t\t\t\n\t\t\t\n\t<div class=\"is-border\"\n\t\tstyle=\"border-width:1 0px 0px 0px;\">\n\t<\/div>\n\n\t\t<\/div>\n\n\t\t\n\n\t\t<div class=\"section-content relative\">\n\t\t\t\n<div class=\"row align-middle\"  id=\"row-1456588194\">\n\n\t<div id=\"col-611042915\" class=\"col hide-for-small medium-2 small-12 large-2\"  >\n\t\t\t\t<div class=\"col-inner\"  >\n\t\t\t\n\t\t\t\n\t\t<\/div>\n\t\t\t\t\t<\/div>\n\n\t\n\n\t<div id=\"col-254866284\" class=\"col medium-4 small-12 large-4\"  >\n\t\t\t\t<div class=\"col-inner\"  >\n\t\t\t\n\t\t\t\n<ul>\n<li><span style=\"font-size: 120%\">Convertidor CC a CC f\u00e1cil de usar con bater\u00eda<\/span><\/li>\n<li><span style=\"font-size: 120%\">Supervisi\u00f3n y actualizaci\u00f3n remota gratuitas<\/span><\/li>\n<li><span style=\"font-size: 120%\">Monof\u00e1sico o trif\u00e1sico desequilibrado<\/span><\/li>\n<\/ul>\n\t\t<\/div>\n\t\t\t\t\t<\/div>\n\n\t\n\n\t<div id=\"col-1130392457\" class=\"col medium-6 small-12 large-6\"  >\n\t\t\t\t<div class=\"col-inner text-center\"  >\n\t\t\t\n\t\t\t\n\t<div class=\"img has-hover x md-x lg-x y md-y lg-y\" id=\"image_991666915\">\n\t\t\t\t\t\t\t\t<div class=\"img-inner dark\" >\n\t\t\t<img loading=\"lazy\" decoding=\"async\" width=\"1015\" height=\"1582\" src=\"https:\/\/luxpowertek.com\/wp-content\/uploads\/2023\/05\/ECO-002.webp\" class=\"attachment-original size-original\" alt=\"\" srcset=\"https:\/\/luxpowertek.com\/wp-content\/uploads\/2023\/05\/ECO-002.webp 1015w, https:\/\/luxpowertek.com\/wp-content\/uploads\/2023\/05\/ECO-002-192x300.webp 192w, https:\/\/luxpowertek.com\/wp-content\/uploads\/2023\/05\/ECO-002-661x1030.webp 661w, https:\/\/luxpowertek.com\/wp-content\/uploads\/2023\/05\/ECO-002-768x1197.webp 768w, https:\/\/luxpowertek.com\/wp-content\/uploads\/2023\/05\/ECO-002-985x1536.webp 985w, https:\/\/luxpowertek.com\/wp-content\/uploads\/2023\/05\/ECO-002-800x1247.webp 800w\" sizes=\"auto, (max-width: 1015px) 100vw, 1015px\" \/>\t\t\t\t\t\t\n\t\t\t\t\t<\/div>\n\t\t\t\t\t\t\t\t\n<style>\n#image_991666915 {\n  width: 40%;\n}\n<\/style>\n\t<\/div>\n\t\n\t\t<\/div>\n\t\t\t\t\t<\/div>\n\n\t\n<\/div>\n\t\t<\/div>\n\n\t\t\n<style>\n#section_692943958 {\n  padding-top: 0px;\n  padding-bottom: 0px;\n}\n@media (min-width:550px) {\n  #section_692943958 {\n    padding-top: 55px;\n    padding-bottom: 55px;\n  }\n}\n<\/style>\n\t<\/section>\n\t\n\t<section class=\"section custom_productspage_section\" id=\"section_1119603074\">\n\t\t<div class=\"bg section-bg fill bg-fill  bg-loaded\" >\n\n\t\t\t\n\t\t\t\n\t\t\t\n\n\t\t<\/div>\n\n\t\t\n\n\t\t<div class=\"section-content relative\">\n\t\t\t\n<div class=\"row align-middle\"  id=\"row-801850241\">\n\n\t<div id=\"col-1262411195\" class=\"col medium-6 small-12 large-6\"  >\n\t\t\t\t<div class=\"col-inner text-center\"  >\n\t\t\t\n\t\t\t\n\t<div class=\"img has-hover x md-x lg-x y md-y lg-y\" id=\"image_132453455\">\n\t\t\t\t\t\t\t\t<div class=\"img-inner dark\" >\n\t\t\t<img loading=\"lazy\" decoding=\"async\" width=\"1007\" height=\"1596\" src=\"https:\/\/luxpowertek.com\/wp-content\/uploads\/2023\/05\/ECO-003.webp\" class=\"attachment-original size-original\" alt=\"\" srcset=\"https:\/\/luxpowertek.com\/wp-content\/uploads\/2023\/05\/ECO-003.webp 1007w, https:\/\/luxpowertek.com\/wp-content\/uploads\/2023\/05\/ECO-003-189x300.webp 189w, https:\/\/luxpowertek.com\/wp-content\/uploads\/2023\/05\/ECO-003-650x1030.webp 650w, https:\/\/luxpowertek.com\/wp-content\/uploads\/2023\/05\/ECO-003-768x1217.webp 768w, https:\/\/luxpowertek.com\/wp-content\/uploads\/2023\/05\/ECO-003-969x1536.webp 969w, https:\/\/luxpowertek.com\/wp-content\/uploads\/2023\/05\/ECO-003-800x1268.webp 800w\" sizes=\"auto, (max-width: 1007px) 100vw, 1007px\" \/>\t\t\t\t\t\t\n\t\t\t\t\t<\/div>\n\t\t\t\t\t\t\t\t\n<style>\n#image_132453455 {\n  width: 40%;\n}\n<\/style>\n\t<\/div>\n\t\n\t\t<\/div>\n\t\t\t\t\t<\/div>\n\n\t\n\n\t<div id=\"col-183939494\" class=\"col medium-6 small-12 large-6\"  >\n\t\t\t\t<div class=\"col-inner\"  >\n\t\t\t\n\t\t\t\n<ul>\n<li><span style=\"font-size: 120%\">Paralelo avanzado, hasta 16 unidades<\/span><\/li>\n<li><span style=\"font-size: 120%\">Interfaz de generador independiente<\/span><\/li>\n<li><span style=\"font-size: 120%\">Inversor anfitri\u00f3n generado autom\u00e1ticamente para gestionar todo el sistema<\/span><\/li>\n<\/ul>\n\t\t<\/div>\n\t\t\t\t\t<\/div>\n\n\t\n<\/div>\n\t\t<\/div>\n\n\t\t\n<style>\n#section_1119603074 {\n  padding-top: 0px;\n  padding-bottom: 0px;\n}\n@media (min-width:550px) {\n  #section_1119603074 {\n    padding-top: 55px;\n    padding-bottom: 55px;\n  }\n}\n<\/style>\n\t<\/section>\n\t\n\t<section class=\"section custom_title_buttom has-parallax\" id=\"section_126100281\">\n\t\t<div class=\"bg section-bg fill bg-fill\" data-parallax-container=\".section\" data-parallax-background data-parallax=\"-10\">\n\n\t\t\t\n\t\t\t<div class=\"section-bg-overlay absolute fill\"><\/div>\n\t\t\t\n\n\t\t<\/div>\n\n\t\t\n\n\t\t<div class=\"section-content relative\">\n\t\t\t\n<div class=\"row\"  id=\"row-12878711\">\n\n\t<div id=\"col-1190811979\" class=\"col small-12 large-12\"  >\n\t\t\t\t<div class=\"col-inner text-center\"  >\n\t\t\t\n\t\t\t\n<h2>Eficiencia del inversor fuera de la red<\/h2>\n\t\t<\/div>\n\t\t\t\t\t<\/div>\n\n\t\n<\/div>\n<div class=\"row\"  id=\"row-1271239324\">\n\n\t<div id=\"col-1905492149\" class=\"col medium-8 small-12 large-8\"  >\n\t\t\t\t<div class=\"col-inner\"  >\n\t\t\t\n\t\t\t\n<div class=\"row\"  id=\"row-300443220\">\n\n\t<div id=\"col-1571695116\" class=\"col medium-6 small-12 large-6\"  data-animate=\"flipInX\">\n\t\t\t\t<div class=\"col-inner\"  >\n\t\t\t\n\t\t\t\n\t<div id=\"text-162034084\" class=\"text\">\n\t\t\n<p><span style=\"font-size: 450%\">93%<\/span><\/p>\n<h3>Eficiencia de funcionamiento de la bater\u00eda<\/h3>\n\t\t\n<style>\n#text-162034084 {\n  text-align: center;\n}\n<\/style>\n\t<\/div>\n\t\n\t\t<\/div>\n\t\t\t\t\t<\/div>\n\n\t\n\n\t<div id=\"col-2106629880\" class=\"col medium-6 small-12 large-6\"  data-animate=\"flipInX\">\n\t\t\t\t<div class=\"col-inner\"  >\n\t\t\t\n\t\t\t\n\t<div id=\"text-1101418284\" class=\"text\">\n\t\t\n<p><span style=\"font-size: 450%\">93%<\/span><\/p>\n<h3>Max. Rendimiento<\/h3>\n\t\t\n<style>\n#text-1101418284 {\n  text-align: center;\n}\n<\/style>\n\t<\/div>\n\t\n\t\t<\/div>\n\t\t\t\t\t<\/div>\n\n\t\n<\/div>\n\t\t<\/div>\n\t\t\t\t\t<\/div>\n\n\t\n<\/div>\n\t\t<\/div>\n\n\t\t\n<style>\n#section_126100281 {\n  padding-top: 9px;\n  padding-bottom: 9px;\n}\n#section_126100281 .section-bg-overlay {\n  background-color: rgba(255, 255, 255, 0.9);\n}\n#section_126100281 .section-bg.bg-loaded {\n  background-image: url(https:\/\/luxpowertek.com\/wp-content\/uploads\/2021\/12\/unnamed-1.jpg);\n}\n@media (min-width:550px) {\n  #section_126100281 {\n    padding-top: 30px;\n    padding-bottom: 30px;\n  }\n}\n<\/style>\n\t<\/section>\n\t\n\t<section class=\"section custom_title_buttom\" id=\"section_1150344140\">\n\t\t<div class=\"bg section-bg fill bg-fill  bg-loaded\" >\n\n\t\t\t\n\t\t\t\n\t\t\t\n\n\t\t<\/div>\n\n\t\t\n\n\t\t<div class=\"section-content relative\">\n\t\t\t\n<div class=\"row\"  id=\"row-3981034\">\n\n\t<div id=\"col-444762312\" class=\"col small-12 large-12\"  >\n\t\t\t\t<div class=\"col-inner text-center\"  >\n\t\t\t\n\t\t\t\n<h2>Aplicaci\u00f3n de inversor fuera de red<\/h2>\n\t\t<\/div>\n\t\t\t\t\t<\/div>\n\n\t\n<\/div>\n<div class=\"row\"  id=\"row-915417749\">\n\n\t<div id=\"col-290312859\" class=\"col small-12 large-12\"  >\n\t\t\t\t<div class=\"col-inner text-center\"  >\n\t\t\t\n\t\t\t\n<h3>Soluciones<\/h3>\n<div class=\"is-divider divider clearfix\" style=\"max-width:60px;background-color:rgb(96, 169, 132);\"><\/div>\n\t<div id=\"text-1746861317\" class=\"text\">\n\t\t\n<div class=\"page\" title=\"P\u00e1gina 8\">\n<div class=\"section\">\n<div class=\"layoutArea\">\n<div class=\"column\">\n<p style=\"text-align: left\">Con miles de inversores h\u00edbridos y unidades de CA instaladas en todo el mundo.<\/p>\n<p style=\"text-align: left\">Lux Power ha ido un paso m\u00e1s all\u00e1 y ha llevado la electricidad a todos los hogares, con o sin red el\u00e9ctrica.<\/p>\n<p style=\"text-align: left\"><span style=\"color: #008080;font-size: 95%\"><strong>ECO Hybrid SNA 3-5K ahora est\u00e1 disponible para hogares que buscan un suministro de energ\u00eda constante.<\/strong><\/span><\/p>\n<p style=\"text-align: left\"><span style=\"color: #008080;font-size: 95%\"><strong>Consulta con tu distribuidor local y reorganiza tu suministro el\u00e9ctrico en casa. No m\u00e1s apagones.<\/strong><\/span><\/p>\n<\/div>\n<\/div>\n<\/div>\n<\/div>\n\t\t\n<style>\n#text-1746861317 {\n  text-align: center;\n}\n<\/style>\n\t<\/div>\n\t\n\t<div class=\"img has-hover x md-x lg-x y md-y lg-y\" id=\"image_875316231\">\n\t\t\t\t\t\t\t\t<div class=\"img-inner dark\" >\n\t\t\t<img loading=\"lazy\" decoding=\"async\" width=\"935\" height=\"664\" src=\"https:\/\/luxpowertek.com\/wp-content\/uploads\/2021\/12\/applicationimg1-2.png\" class=\"attachment-original size-original\" alt=\"inversor h\u00edbrido\" srcset=\"https:\/\/luxpowertek.com\/wp-content\/uploads\/2021\/12\/applicationimg1-2.png 935w, https:\/\/luxpowertek.com\/wp-content\/uploads\/2021\/12\/applicationimg1-2-300x213.png 300w, https:\/\/luxpowertek.com\/wp-content\/uploads\/2021\/12\/applicationimg1-2-768x545.png 768w, https:\/\/luxpowertek.com\/wp-content\/uploads\/2021\/12\/applicationimg1-2-800x568.png 800w\" sizes=\"auto, (max-width: 935px) 100vw, 935px\" \/>\t\t\t\t\t\t\n\t\t\t\t\t<\/div>\n\t\t\t\t\t\t\t\t\n<style>\n#image_875316231 {\n  width: 56%;\n}\n<\/style>\n\t<\/div>\n\t\n\t\t<\/div>\n\t\t\t\t\t<\/div>\n\n\t\n<\/div>\n\t\t<\/div>\n\n\t\t\n<style>\n#section_1150344140 {\n  padding-top: 9px;\n  padding-bottom: 9px;\n}\n@media (min-width:550px) {\n  #section_1150344140 {\n    padding-top: 30px;\n    padding-bottom: 30px;\n  }\n}\n<\/style>\n\t<\/section>\n\t\n\t<section class=\"section\" id=\"section_225458447\">\n\t\t<div class=\"bg section-bg fill bg-fill  bg-loaded\" >\n\n\t\t\t\n\t\t\t\n\t\t\t\n\n\t\t<\/div>\n\n\t\t\n\n\t\t<div class=\"section-content relative\">\n\t\t\t\n<div class=\"row\"  id=\"row-1353318884\">\n\n\t<div id=\"col-1189332455\" class=\"col small-12 large-12\"  >\n\t\t\t\t<div class=\"col-inner text-center\"  >\n\t\t\t\n\t\t\t\n<h3>Modos de funcionamiento del inversor fuera de la red<\/h3>\n<div class=\"is-divider divider clearfix\" style=\"max-width:60px;background-color:rgb(96, 169, 132);\"><\/div>\n\t<div class=\"img has-hover x md-x lg-x y md-y lg-y\" id=\"image_1373801046\">\n\t\t\t\t\t\t\t\t<div class=\"img-inner dark\" >\n\t\t\t<img loading=\"lazy\" decoding=\"async\" width=\"935\" height=\"468\" src=\"https:\/\/luxpowertek.com\/wp-content\/uploads\/2021\/12\/applicationimg2-2.jpg\" class=\"attachment-original size-original\" alt=\"\" srcset=\"https:\/\/luxpowertek.com\/wp-content\/uploads\/2021\/12\/applicationimg2-2.jpg 935w, https:\/\/luxpowertek.com\/wp-content\/uploads\/2021\/12\/applicationimg2-2-300x150.jpg 300w, https:\/\/luxpowertek.com\/wp-content\/uploads\/2021\/12\/applicationimg2-2-768x384.jpg 768w, https:\/\/luxpowertek.com\/wp-content\/uploads\/2021\/12\/applicationimg2-2-800x400.jpg 800w\" sizes=\"auto, (max-width: 935px) 100vw, 935px\" \/>\t\t\t\t\t\t\n\t\t\t\t\t<\/div>\n\t\t\t\t\t\t\t\t\n<style>\n#image_1373801046 {\n  width: 64%;\n}\n<\/style>\n\t<\/div>\n\t\n\t<div id=\"text-2892713465\" class=\"text\">\n\t\t\n<p>El inversor fuera de red en serie SNA5000 puede ayudar al sistema de conversi\u00f3n de CC a CC a funcionar como fuente de alimentaci\u00f3n de respaldo o como reemplazo del generador di\u00e9sel. Dado que el inversor admite la funci\u00f3n de conexi\u00f3n en paralelo, la capacidad del sistema puede variar de 3 kW a 80 kW. El inversor admite los modos de funcionamiento del convertidor de CC a CC.<\/p>\n<p><strong>Modo de funcionamiento totalmente fuera de la red: <\/strong>Al funcionar como un inversor tradicional fuera de la red, puede configurar la salida primero como red el\u00e9ctrica, primero como bater\u00eda o primero como energ\u00eda solar.<\/p>\n<p><strong>Modo de trabajo h\u00edbrido:\u00a0<\/strong>Trabajando como un convertidor CC\/CC h\u00edbrido, admite que la energ\u00eda solar y la red p\u00fablica tomen la carga en conjunto, se puede configurar en modo de autoconsumo o modo de prioridad de carga.<\/p>\n\t\t\n<style>\n#text-2892713465 {\n  text-align: left;\n}\n<\/style>\n\t<\/div>\n\t\n\t\t<\/div>\n\t\t\t\t\t<\/div>\n\n\t\n<\/div>\n\t\t<\/div>\n\n\t\t\n<style>\n#section_225458447 {\n  padding-top: 30px;\n  padding-bottom: 30px;\n}\n<\/style>\n\t<\/section>","protected":false},"excerpt":{"rendered":"","protected":false},"author":1,"featured_media":1650,"parent":0,"menu_order":0,"comment_status":"closed","ping_status":"closed","template":"page-transparent-header-light.php","meta":{"rop_custom_images_group":[],"rop_custom_messages_group":[],"rop_publish_now":"initial","rop_publish_now_accounts":[],"rop_publish_now_history":[],"rop_publish_now_status":"pending","footnotes":""},"class_list":["post-2354","page","type-page","status-publish","has-post-thumbnail","hentry"],"yoast_head":"<!-- This site is optimized with the Yoast SEO plugin v27.3 - https:\/\/yoast.com\/product\/yoast-seo-wordpress\/ -->\n<title>ECO Hybrid SNA 3-5k - High Power DCDC Converter<\/title>\n<meta name=\"description\" content=\"A DC DC converter is an electrical system (device) that converts a direct current (DC) source from one voltage level to another.\" \/>\n<meta name=\"robots\" content=\"index, follow, max-snippet:-1, max-image-preview:large, max-video-preview:-1\" \/>\n<link rel=\"canonical\" href=\"https:\/\/luxpowertek.com\/es\/sna-hibrido-ecologico\/\" \/>\n<meta property=\"og:locale\" content=\"es_ES\" \/>\n<meta property=\"og:type\" content=\"article\" \/>\n<meta property=\"og:title\" content=\"ECO Hybrid SNA 3-5k - High Power DCDC Converter\" \/>\n<meta property=\"og:description\" content=\"A DC DC converter is an electrical system (device) that converts a direct current (DC) source from one voltage level to another.\" \/>\n<meta property=\"og:url\" content=\"https:\/\/luxpowertek.com\/es\/sna-hibrido-ecologico\/\" \/>\n<meta property=\"article:modified_time\" content=\"2023-12-07T02:32:24+00:00\" \/>\n<meta property=\"og:image\" content=\"https:\/\/luxpowertek.com\/wp-content\/uploads\/2021\/12\/Luxpower-inverter-LXP-4-6HB-2-min.jpg\" \/>\n\t<meta property=\"og:image:width\" content=\"800\" \/>\n\t<meta property=\"og:image:height\" content=\"800\" \/>\n\t<meta property=\"og:image:type\" content=\"image\/jpeg\" \/>\n<meta name=\"twitter:card\" content=\"summary_large_image\" \/>\n<meta name=\"twitter:label1\" content=\"Tiempo de lectura\" \/>\n\t<meta name=\"twitter:data1\" content=\"2 minutos\" \/>\n<script type=\"application\/ld+json\" class=\"yoast-schema-graph\">{\"@context\":\"https:\\\/\\\/schema.org\",\"@graph\":[{\"@type\":\"WebPage\",\"@id\":\"https:\\\/\\\/luxpowertek.com\\\/eco-hybrid-sna\\\/\",\"url\":\"https:\\\/\\\/luxpowertek.com\\\/eco-hybrid-sna\\\/\",\"name\":\"ECO Hybrid SNA 3-5k - High Power DCDC Converter\",\"isPartOf\":{\"@id\":\"https:\\\/\\\/luxpowertek.com\\\/#website\"},\"primaryImageOfPage\":{\"@id\":\"https:\\\/\\\/luxpowertek.com\\\/eco-hybrid-sna\\\/#primaryimage\"},\"image\":{\"@id\":\"https:\\\/\\\/luxpowertek.com\\\/eco-hybrid-sna\\\/#primaryimage\"},\"thumbnailUrl\":\"https:\\\/\\\/luxpowertek.com\\\/wp-content\\\/uploads\\\/2021\\\/12\\\/Luxpower-inverter-LXP-4-6HB-2-min.jpg\",\"datePublished\":\"2021-12-24T03:09:56+00:00\",\"dateModified\":\"2023-12-07T02:32:24+00:00\",\"description\":\"A DC DC converter is an electrical system (device) that converts a direct current (DC) source from one voltage level to another.\",\"breadcrumb\":{\"@id\":\"https:\\\/\\\/luxpowertek.com\\\/eco-hybrid-sna\\\/#breadcrumb\"},\"inLanguage\":\"es\",\"potentialAction\":[{\"@type\":\"ReadAction\",\"target\":[\"https:\\\/\\\/luxpowertek.com\\\/eco-hybrid-sna\\\/\"]}]},{\"@type\":\"ImageObject\",\"inLanguage\":\"es\",\"@id\":\"https:\\\/\\\/luxpowertek.com\\\/eco-hybrid-sna\\\/#primaryimage\",\"url\":\"https:\\\/\\\/luxpowertek.com\\\/wp-content\\\/uploads\\\/2021\\\/12\\\/Luxpower-inverter-LXP-4-6HB-2-min.jpg\",\"contentUrl\":\"https:\\\/\\\/luxpowertek.com\\\/wp-content\\\/uploads\\\/2021\\\/12\\\/Luxpower-inverter-LXP-4-6HB-2-min.jpg\",\"width\":800,\"height\":800,\"caption\":\"DC DC converter\"},{\"@type\":\"BreadcrumbList\",\"@id\":\"https:\\\/\\\/luxpowertek.com\\\/eco-hybrid-sna\\\/#breadcrumb\",\"itemListElement\":[{\"@type\":\"ListItem\",\"position\":1,\"name\":\"Home\",\"item\":\"https:\\\/\\\/luxpowertek.com\\\/\"},{\"@type\":\"ListItem\",\"position\":2,\"name\":\"ECO Hybrid SNA 3-5k\"}]},{\"@type\":\"WebSite\",\"@id\":\"https:\\\/\\\/luxpowertek.com\\\/#website\",\"url\":\"https:\\\/\\\/luxpowertek.com\\\/\",\"name\":\"\",\"description\":\"\",\"potentialAction\":[{\"@type\":\"SearchAction\",\"target\":{\"@type\":\"EntryPoint\",\"urlTemplate\":\"https:\\\/\\\/luxpowertek.com\\\/?s={search_term_string}\"},\"query-input\":{\"@type\":\"PropertyValueSpecification\",\"valueRequired\":true,\"valueName\":\"search_term_string\"}}],\"inLanguage\":\"es\"}]}<\/script>\n<!-- \/ Yoast SEO plugin. -->","yoast_head_json":{"title":"ECO Hybrid SNA 3-5k - Convertidor DC-DC de alta potencia","description":"Un convertidor de CC\/CC es un sistema el\u00e9ctrico (dispositivo) que convierte una fuente de corriente continua (CC) de un nivel de voltaje a otro.","robots":{"index":"index","follow":"follow","max-snippet":"max-snippet:-1","max-image-preview":"max-image-preview:large","max-video-preview":"max-video-preview:-1"},"canonical":"https:\/\/luxpowertek.com\/es\/sna-hibrido-ecologico\/","og_locale":"es_ES","og_type":"article","og_title":"ECO Hybrid SNA 3-5k - High Power DCDC Converter","og_description":"A DC DC converter is an electrical system (device) that converts a direct current (DC) source from one voltage level to another.","og_url":"https:\/\/luxpowertek.com\/es\/sna-hibrido-ecologico\/","article_modified_time":"2023-12-07T02:32:24+00:00","og_image":[{"width":800,"height":800,"url":"https:\/\/luxpowertek.com\/wp-content\/uploads\/2021\/12\/Luxpower-inverter-LXP-4-6HB-2-min.jpg","type":"image\/jpeg"}],"twitter_card":"summary_large_image","twitter_misc":{"Tiempo de lectura":"2 minutos"},"schema":{"@context":"https:\/\/schema.org","@graph":[{"@type":"WebPage","@id":"https:\/\/luxpowertek.com\/eco-hybrid-sna\/","url":"https:\/\/luxpowertek.com\/eco-hybrid-sna\/","name":"ECO Hybrid SNA 3-5k - Convertidor DC-DC de alta potencia","isPartOf":{"@id":"https:\/\/luxpowertek.com\/#website"},"primaryImageOfPage":{"@id":"https:\/\/luxpowertek.com\/eco-hybrid-sna\/#primaryimage"},"image":{"@id":"https:\/\/luxpowertek.com\/eco-hybrid-sna\/#primaryimage"},"thumbnailUrl":"https:\/\/luxpowertek.com\/wp-content\/uploads\/2021\/12\/Luxpower-inverter-LXP-4-6HB-2-min.jpg","datePublished":"2021-12-24T03:09:56+00:00","dateModified":"2023-12-07T02:32:24+00:00","description":"Un convertidor de CC\/CC es un sistema el\u00e9ctrico (dispositivo) que convierte una fuente de corriente continua (CC) de un nivel de voltaje a otro.","breadcrumb":{"@id":"https:\/\/luxpowertek.com\/eco-hybrid-sna\/#breadcrumb"},"inLanguage":"es","potentialAction":[{"@type":"ReadAction","target":["https:\/\/luxpowertek.com\/eco-hybrid-sna\/"]}]},{"@type":"ImageObject","inLanguage":"es","@id":"https:\/\/luxpowertek.com\/eco-hybrid-sna\/#primaryimage","url":"https:\/\/luxpowertek.com\/wp-content\/uploads\/2021\/12\/Luxpower-inverter-LXP-4-6HB-2-min.jpg","contentUrl":"https:\/\/luxpowertek.com\/wp-content\/uploads\/2021\/12\/Luxpower-inverter-LXP-4-6HB-2-min.jpg","width":800,"height":800,"caption":"DC DC converter"},{"@type":"BreadcrumbList","@id":"https:\/\/luxpowertek.com\/eco-hybrid-sna\/#breadcrumb","itemListElement":[{"@type":"ListItem","position":1,"name":"Home","item":"https:\/\/luxpowertek.com\/"},{"@type":"ListItem","position":2,"name":"ECO Hybrid SNA 3-5k"}]},{"@type":"WebSite","@id":"https:\/\/luxpowertek.com\/#website","url":"https:\/\/luxpowertek.com\/","name":"","description":"","potentialAction":[{"@type":"SearchAction","target":{"@type":"EntryPoint","urlTemplate":"https:\/\/luxpowertek.com\/?s={search_term_string}"},"query-input":{"@type":"PropertyValueSpecification","valueRequired":true,"valueName":"search_term_string"}}],"inLanguage":"es"}]}},"_links":{"self":[{"href":"https:\/\/luxpowertek.com\/es\/wp-json\/wp\/v2\/pages\/2354","targetHints":{"allow":["GET"]}}],"collection":[{"href":"https:\/\/luxpowertek.com\/es\/wp-json\/wp\/v2\/pages"}],"about":[{"href":"https:\/\/luxpowertek.com\/es\/wp-json\/wp\/v2\/types\/page"}],"author":[{"embeddable":true,"href":"https:\/\/luxpowertek.com\/es\/wp-json\/wp\/v2\/users\/1"}],"replies":[{"embeddable":true,"href":"https:\/\/luxpowertek.com\/es\/wp-json\/wp\/v2\/comments?post=2354"}],"version-history":[{"count":0,"href":"https:\/\/luxpowertek.com\/es\/wp-json\/wp\/v2\/pages\/2354\/revisions"}],"wp:featuredmedia":[{"embeddable":true,"href":"https:\/\/luxpowertek.com\/es\/wp-json\/wp\/v2\/media\/1650"}],"wp:attachment":[{"href":"https:\/\/luxpowertek.com\/es\/wp-json\/wp\/v2\/media?parent=2354"}],"curies":[{"name":"wp","href":"https:\/\/api.w.org\/{rel}","templated":true}]}}