{"id":15397,"date":"2025-08-22T10:13:17","date_gmt":"2025-08-22T02:13:17","guid":{"rendered":"https:\/\/luxpowertek.com\/?page_id=15397"},"modified":"2025-08-22T14:37:04","modified_gmt":"2025-08-22T06:37:04","slug":"politica-de-respuesta-a-la-vulnerabilidad","status":"publish","type":"page","link":"https:\/\/luxpowertek.com\/es\/politica-de-respuesta-a-la-vulnerabilidad\/","title":{"rendered":"Pol\u00edtica de respuesta a la vulnerabilidad"},"content":{"rendered":"<div class=\"banner has-hover\" id=\"banner-1382621238\">\n          <div class=\"banner-inner fill\">\n        <div class=\"banner-bg fill\" >\n            <div class=\"bg fill bg-fill\"><\/div>\n                        <div class=\"overlay\"><\/div>            \n                    <\/div>\n\t\t\n        <div class=\"banner-layers container\">\n            <div class=\"fill banner-link\"><\/div>            \n   <div id=\"text-box-402797452\" class=\"text-box banner-layer x50 md-x50 lg-x50 y50 md-y50 lg-y50 res-text\">\n                                <div class=\"text-box-content text dark\">\n              \n              <div class=\"text-inner text-center\">\n                  \n\t<div id=\"text-4039300258\" class=\"text\">\n\t\t\n<h1><b> Pol\u00edtica de respuesta a la vulnerabilidad<\/b><\/h1>\n\t\t\n<style>\n#text-4039300258 {\n  line-height: 1.95;\n  text-align: center;\n  color: rgb(255,255,255);\n}\n#text-4039300258 > * {\n  color: rgb(255,255,255);\n}\n<\/style>\n\t<\/div>\n\t\n              <\/div>\n           <\/div>\n                            \n<style>\n#text-box-402797452 {\n  width: 61%;\n}\n#text-box-402797452 .text-box-content {\n  font-size: 100%;\n}\n<\/style>\n    <\/div>\n \n        <\/div>\n      <\/div>\n\n            \n<style>\n#banner-1382621238 {\n  padding-top: 500px;\n}\n#banner-1382621238 .bg.bg-loaded {\n  background-image: url(https:\/\/luxpowertek.com\/wp-content\/uploads\/2025\/08\/luosidao-1030x687.webp);\n}\n#banner-1382621238 .overlay {\n  background-color: rgba(0,0,0,.5);\n}\n#banner-1382621238 .bg {\n  background-position: 35% 47%;\n}\n<\/style>\n  <\/div>\n\n\n\t<div id=\"gap-1011706793\" class=\"gap-element clearfix\" style=\"display:block; height:auto;\">\n\t\t\n<style>\n#gap-1011706793 {\n  padding-top: 30px;\n}\n<\/style>\n\t<\/div>\n\t\n<div class=\"row\"  id=\"row-2105991368\">\n\n\t<div id=\"col-458679712\" class=\"col medium-5 small-12 large-5\"  >\n\t\t\t\t<div class=\"col-inner\"  >\n\t\t\t\n\t\t\t\n\t<div class=\"img has-hover x md-x lg-x y md-y lg-y\" id=\"image_219439508\">\n\t\t\t\t\t\t\t\t<div class=\"img-inner dark\" >\n\t\t\t<img loading=\"lazy\" decoding=\"async\" width=\"2560\" height=\"1706\" src=\"https:\/\/luxpowertek.com\/wp-content\/uploads\/2025\/08\/fangdajing-2-scaled.webp\" class=\"attachment-original size-original\" alt=\"\" srcset=\"https:\/\/luxpowertek.com\/wp-content\/uploads\/2025\/08\/fangdajing-2-scaled.webp 2560w, https:\/\/luxpowertek.com\/wp-content\/uploads\/2025\/08\/fangdajing-2-300x200.webp 300w, https:\/\/luxpowertek.com\/wp-content\/uploads\/2025\/08\/fangdajing-2-1030x686.webp 1030w, https:\/\/luxpowertek.com\/wp-content\/uploads\/2025\/08\/fangdajing-2-768x512.webp 768w, https:\/\/luxpowertek.com\/wp-content\/uploads\/2025\/08\/fangdajing-2-1536x1024.webp 1536w, https:\/\/luxpowertek.com\/wp-content\/uploads\/2025\/08\/fangdajing-2-2048x1365.webp 2048w, https:\/\/luxpowertek.com\/wp-content\/uploads\/2025\/08\/fangdajing-2-18x12.webp 18w, https:\/\/luxpowertek.com\/wp-content\/uploads\/2025\/08\/fangdajing-2-510x340.webp 510w\" sizes=\"auto, (max-width: 2560px) 100vw, 2560px\" \/>\t\t\t\t\t\t\n\t\t\t\t\t<\/div>\n\t\t\t\t\t\t\t\t\n<style>\n#image_219439508 {\n  width: 100%;\n}\n<\/style>\n\t<\/div>\n\t\n\t\t<\/div>\n\t\t\t\t\t<\/div>\n\n\t\n\n\t<div id=\"col-337996060\" class=\"col medium-7 small-12 large-7\"  >\n\t\t\t\t<div class=\"col-inner\"  >\n\t\t\t\n\t\t\t\n<h2><span style=\"font-size: 140%;\"><b>1. Objetivo de la pol\u00edtica<\/b><\/span><\/h2>\n\t<div id=\"gap-1360146588\" class=\"gap-element clearfix\" style=\"display:block; height:auto;\">\n\t\t\n<style>\n#gap-1360146588 {\n  padding-top: 110px;\n}\n<\/style>\n\t<\/div>\n\t\n<p><span style=\"font-size: 95%;\" data-font-family=\"default\">LuxpowerTek se compromete a ofrecer productos y servicios seguros y confiables a nuestros clientes globales. Animamos a los investigadores de seguridad, socios y clientes a reportar posibles vulnerabilidades a trav\u00e9s de <strong>pr\u00e1cticas de divulgaci\u00f3n responsable<\/strong>, lo que nos permite abordar y mitigar r\u00e1pidamente los riesgos.<\/span><\/p>\n\t\t<\/div>\n\t\t\t\t\t<\/div>\n\n\t\n<\/div>\n<div class=\"row\"  id=\"row-1956899921\">\n\n\t<div id=\"col-1256951890\" class=\"col medium-6 small-12 large-6\"  >\n\t\t\t\t<div class=\"col-inner\"  >\n\t\t\t\n\t\t\t\n<h2><span style=\"font-size: 140%;\"><b>2. Proceso de presentaci\u00f3n de informes<\/b><\/span><\/h2>\n\t<div id=\"gap-1556606630\" class=\"gap-element clearfix\" style=\"display:block; height:auto;\">\n\t\t\n<style>\n#gap-1556606630 {\n  padding-top: 10px;\n}\n<\/style>\n\t<\/div>\n\t\n<p><span style=\"font-size: 95%;\" data-font-family=\"default\">Para enviar un informe de vulnerabilidad, utilice los siguientes canales:<\/span><\/p>\n<div class=\"row\"  id=\"row-1945028188\">\n\n\t<div id=\"col-334772842\" class=\"col medium-2 small-12 large-2\"  >\n\t\t\t\t<div class=\"col-inner\"  >\n\t\t\t\n\t\t\t\n\t<div class=\"img has-hover x md-x lg-x y md-y lg-y\" id=\"image_1245518359\">\n\t\t\t\t\t\t\t\t<div class=\"img-inner dark\" style=\"margin:-4px 0px 0px 0px;\">\n\t\t\t<img loading=\"lazy\" decoding=\"async\" width=\"200\" height=\"200\" src=\"https:\/\/luxpowertek.com\/wp-content\/uploads\/2025\/08\/email.webp\" class=\"attachment-large size-large\" alt=\"\" srcset=\"https:\/\/luxpowertek.com\/wp-content\/uploads\/2025\/08\/email.webp 200w, https:\/\/luxpowertek.com\/wp-content\/uploads\/2025\/08\/email-80x80.webp 80w, https:\/\/luxpowertek.com\/wp-content\/uploads\/2025\/08\/email-12x12.webp 12w, https:\/\/luxpowertek.com\/wp-content\/uploads\/2025\/08\/email-100x100.webp 100w\" sizes=\"auto, (max-width: 200px) 100vw, 200px\" \/>\t\t\t\t\t\t\n\t\t\t\t\t<\/div>\n\t\t\t\t\t\t\t\t\n<style>\n#image_1245518359 {\n  width: 100%;\n}\n<\/style>\n\t<\/div>\n\t\n\t\t<\/div>\n\t\t\t\t\t<\/div>\n\n\t\n\n\t<div id=\"col-651451833\" class=\"col medium-10 small-12 large-10\"  >\n\t\t\t\t<div class=\"col-inner\"  >\n\t\t\t\n\t\t\t\n\t<div id=\"text-1847845864\" class=\"text\">\n\t\t\n<p style=\"text-align: left;\"><b><span data-font-family=\"default\">Correo electr\u00f3nico<\/span><\/b><\/p>\n<p style=\"text-align: left;\"><span data-font-family=\"default\">security@luxpowertek.com <\/span>(Se recomienda el cifrado PGP)<\/p>\n\t\t\n<style>\n#text-1847845864 {\n  line-height: 1.25;\n  text-align: left;\n}\n<\/style>\n\t<\/div>\n\t\n\t\t<\/div>\n\t\t\t\t\t<\/div>\n\n\t\n<\/div>\n<div class=\"row\"  id=\"row-1526878017\">\n\n\t<div id=\"col-318262029\" class=\"col medium-2 small-12 large-2\"  >\n\t\t\t\t<div class=\"col-inner\"  >\n\t\t\t\n\t\t\t\n\t<div class=\"img has-hover x md-x lg-x y md-y lg-y\" id=\"image_971019978\">\n\t\t\t\t\t\t\t\t<div class=\"img-inner dark\" style=\"margin:-4px 0px 0px 0px;\">\n\t\t\t<img loading=\"lazy\" decoding=\"async\" width=\"512\" height=\"512\" src=\"https:\/\/luxpowertek.com\/wp-content\/uploads\/2025\/08\/Lot.webp\" class=\"attachment-large size-large\" alt=\"\" srcset=\"https:\/\/luxpowertek.com\/wp-content\/uploads\/2025\/08\/Lot.webp 512w, https:\/\/luxpowertek.com\/wp-content\/uploads\/2025\/08\/Lot-300x300.webp 300w, https:\/\/luxpowertek.com\/wp-content\/uploads\/2025\/08\/Lot-80x80.webp 80w, https:\/\/luxpowertek.com\/wp-content\/uploads\/2025\/08\/Lot-12x12.webp 12w, https:\/\/luxpowertek.com\/wp-content\/uploads\/2025\/08\/Lot-510x510.webp 510w, https:\/\/luxpowertek.com\/wp-content\/uploads\/2025\/08\/Lot-100x100.webp 100w\" sizes=\"auto, (max-width: 512px) 100vw, 512px\" \/>\t\t\t\t\t\t\n\t\t\t\t\t<\/div>\n\t\t\t\t\t\t\t\t\n<style>\n#image_971019978 {\n  width: 100%;\n}\n<\/style>\n\t<\/div>\n\t\n\t\t<\/div>\n\t\t\t\t\t<\/div>\n\n\t\n\n\t<div id=\"col-1828590552\" class=\"col medium-10 small-12 large-10\"  >\n\t\t\t\t<div class=\"col-inner\"  >\n\t\t\t\n\t\t\t\n\t<div id=\"text-2183504772\" class=\"text\">\n\t\t\n<p><b><span data-font-family=\"default\">Formulario en l\u00ednea\/Portal de seguridad<\/span><\/b><\/p>\n<p><span data-font-family=\"default\">Los detalles de cualquier portal de seguridad dedicado se anunciar\u00e1n por separado.<\/span><\/p>\n\t\t\n<style>\n#text-2183504772 {\n  line-height: 1.25;\n  text-align: left;\n}\n<\/style>\n\t<\/div>\n\t\n\t\t<\/div>\n\t\t\t\t\t<\/div>\n\n\t\n<\/div>\n<p><span data-font-family=\"default\">Incluya la siguiente informaci\u00f3n en su informe:<\/span><\/p>\n<ul>\n<li><span data-font-family=\"default\">Modelo de producto afectado y versi\u00f3n de firmware\/software<\/span><\/li>\n<li><span data-font-family=\"default\">Descripci\u00f3n detallada de la vulnerabilidad y pasos para reproducirla (o prueba de concepto)<\/span><\/li>\n<li><span data-font-family=\"default\">An\u00e1lisis del impacto potencial<\/span><\/li>\n<li><span data-font-family=\"default\">Informaci\u00f3n de contacto para comunicaci\u00f3n de seguimiento<\/span><\/li>\n<\/ul>\n\t\t<\/div>\n\t\t\t\t\t<\/div>\n\n\t\n\n\t<div id=\"col-1154990626\" class=\"col medium-6 small-12 large-6\"  >\n\t\t\t\t<div class=\"col-inner\"  >\n\t\t\t\n\t\t\t\n\t<div class=\"img has-hover x md-x lg-x y md-y lg-y\" id=\"image_1223439266\">\n\t\t\t\t\t\t\t\t<div class=\"img-inner dark\" >\n\t\t\t<img loading=\"lazy\" decoding=\"async\" width=\"1920\" height=\"1280\" src=\"https:\/\/luxpowertek.com\/wp-content\/uploads\/2025\/08\/tijiao.webp\" class=\"attachment-original size-original\" alt=\"\" srcset=\"https:\/\/luxpowertek.com\/wp-content\/uploads\/2025\/08\/tijiao.webp 1920w, https:\/\/luxpowertek.com\/wp-content\/uploads\/2025\/08\/tijiao-300x200.webp 300w, https:\/\/luxpowertek.com\/wp-content\/uploads\/2025\/08\/tijiao-1030x687.webp 1030w, https:\/\/luxpowertek.com\/wp-content\/uploads\/2025\/08\/tijiao-768x512.webp 768w, https:\/\/luxpowertek.com\/wp-content\/uploads\/2025\/08\/tijiao-1536x1024.webp 1536w, https:\/\/luxpowertek.com\/wp-content\/uploads\/2025\/08\/tijiao-18x12.webp 18w, https:\/\/luxpowertek.com\/wp-content\/uploads\/2025\/08\/tijiao-510x340.webp 510w\" sizes=\"auto, (max-width: 1920px) 100vw, 1920px\" \/>\t\t\t\t\t\t\n\t\t\t\t\t<\/div>\n\t\t\t\t\t\t\t\t\n<style>\n#image_1223439266 {\n  width: 100%;\n}\n<\/style>\n\t<\/div>\n\t\n<p><strong>CONSEJOS:<\/strong><\/p>\n<p><span data-font-family=\"default\">Para garantizar una divulgaci\u00f3n responsable, abst\u00e9ngase de revelar p\u00fablicamente la vulnerabilidad hasta que se publique una soluci\u00f3n oficial.<\/span><\/p>\n\t\t<\/div>\n\t\t\t\t\t<\/div>\n\n\t\n<\/div>\n<h2><span style=\"font-size: 140%;\"><b>3. Alcance de las pruebas de seguridad y l\u00edmites de cumplimiento<\/b><\/span><\/h2>\n\t<div id=\"gap-534159778\" class=\"gap-element clearfix\" style=\"display:block; height:auto;\">\n\t\t\n<style>\n#gap-534159778 {\n  padding-top: 30px;\n}\n<\/style>\n\t<\/div>\n\t\n<h2><strong><span style=\"color: #63ad82;\">Actividades de prueba permitidas<\/span>\u2705<\/strong><\/h2>\n<ul>\n<li><span data-font-family=\"default\">Prueba de dispositivos locales<\/span><\/li>\n<li><span data-font-family=\"default\">An\u00e1lisis de la comunicaci\u00f3n en red<\/span><\/li>\n<li><span data-font-family=\"default\">Configuraci\u00f3n y validaci\u00f3n de permisos<\/span><\/li>\n<\/ul>\n\t<div id=\"gap-293530808\" class=\"gap-element clearfix\" style=\"display:block; height:auto;\">\n\t\t\n<style>\n#gap-293530808 {\n  padding-top: 30px;\n}\n<\/style>\n\t<\/div>\n\t\n<h2><span style=\"color: #d83131;\"><b>Actividades prohibidas\u274c<\/b><\/span><\/h2>\n<ul>\n<li><span data-font-family=\"default\">Acceso no autorizado o robo de datos del usuario<\/span><\/li>\n<li><span data-font-family=\"default\">Explotaci\u00f3n de vulnerabilidades que provoquen interrupciones o da\u00f1os en el servicio<\/span><\/li>\n<li><span data-font-family=\"default\">Ataques de escaneo o denegaci\u00f3n de servicio a gran escala dirigidos a entornos de producci\u00f3n<\/span><\/li>\n<\/ul>\n\t<div id=\"gap-1969715676\" class=\"gap-element clearfix\" style=\"display:block; height:auto;\">\n\t\t\n<style>\n#gap-1969715676 {\n  padding-top: 50px;\n}\n<\/style>\n\t<\/div>\n\t\n<h2><span style=\"font-size: 140%;\"><b>4. Proceso y cronograma de respuesta a la vulnerabilidad<\/b><\/span><\/h2>\n<p><span data-font-family=\"default\">LuxpowerTek se adhiere a las mejores pr\u00e1cticas internacionales y ha establecido un proceso de respuesta estandarizado para manejar vulnerabilidades:<\/span><\/p>\n<ol>\n<li><b><span data-font-family=\"default\">Reconocimiento<\/span><\/b><span data-font-family=\"default\">:Dentro de los 5 d\u00edas h\u00e1biles de recibir un informe, confirmaremos la recepci\u00f3n.<\/span><\/li>\n<li><b><span data-font-family=\"default\">Validaci\u00f3n y evaluaci\u00f3n<\/span><\/b><span data-font-family=\"default\">Nuestro equipo de seguridad validar\u00e1 la vulnerabilidad y evaluar\u00e1 su nivel de riesgo utilizando el est\u00e1ndar CVSS v3.1.<\/span><\/li>\n<li><b><span data-font-family=\"default\">Plan de remediaci\u00f3n<\/span><\/b><span data-font-family=\"default\">: Dependiendo de la gravedad, desarrollaremos un plan de soluci\u00f3n o mitigaci\u00f3n.<\/span><\/li>\n<li><b><span data-font-family=\"default\">Comunicaci\u00f3n<\/span><\/b><span data-font-family=\"default\">Mantendremos contacto con el reportero durante todo el proceso, solicitando informaci\u00f3n adicional seg\u00fan sea necesario.<\/span><\/li>\n<li><b><span data-font-family=\"default\">Divulgaci\u00f3n p\u00fablica<\/span><\/b> <b><span data-font-family=\"default\">osure<\/span><\/b><span data-font-family=\"default\">:Una vez resuelta, se publicar\u00e1 un aviso de vulnerabilidad en nuestro bolet\u00edn de seguridad, con reconocimiento al investigador si se proporciona el consentimiento.<\/span><\/li>\n<\/ol>\n<p><span data-font-family=\"default\">El plazo t\u00edpico de resoluci\u00f3n y divulgaci\u00f3n es <strong>90\u2013120<\/strong> d\u00edas, con vulnerabilidades cr\u00edticas priorizadas para un manejo acelerado.<\/span><\/p>\n\t<div id=\"gap-901404402\" class=\"gap-element clearfix\" style=\"display:block; height:auto;\">\n\t\t\n<style>\n#gap-901404402 {\n  padding-top: 60px;\n}\n<\/style>\n\t<\/div>\n\t\n<h2><span style=\"font-size: 140%;\"><b>5. Clasificaci\u00f3n de la gravedad de la vulnerabilidad<\/b><\/span><\/h2>\n<p><span data-font-family=\"default\">Las vulnerabilidades se clasifican seg\u00fan el est\u00e1ndar CVSS v3.1 de la siguiente manera:<\/span><\/p>\n<div class=\"row\"  id=\"row-185234084\">\n\n\t<div id=\"col-1328623165\" class=\"col medium-3 small-6 large-3\"  >\n\t\t\t\t<div class=\"col-inner\"  >\n\t\t\t\n\t\t\t\n<p><b><span data-font-family=\"default\">Bajo (0,1\u20133,9)<\/span><\/b><\/p>\n<p><span data-font-family=\"default\">Impacto m\u00ednimo, resuelto en iteraciones posteriores.<\/span><\/p>\n\t\t<\/div>\n\t\t\t\t\t<\/div>\n\n\t\n\n\t<div id=\"col-1517764529\" class=\"col medium-3 small-6 large-3\"  >\n\t\t\t\t<div class=\"col-inner\"  >\n\t\t\t\n\t\t\t\n<p><b><span data-font-family=\"default\">Mediano (4,0\u20136,9)<\/span><\/b><\/p>\n<p><span data-font-family=\"default\"> Impacto limitado, abordado en actualizaciones de software de rutina.<\/span><\/p>\n\t\t<\/div>\n\t\t\t\t\t<\/div>\n\n\t\n\n\t<div id=\"col-1841267685\" class=\"col medium-3 small-6 large-3\"  >\n\t\t\t\t<div class=\"col-inner\"  >\n\t\t\t\n\t\t\t\n<p><b><span data-font-family=\"default\">Alto (7,0\u20138,9)<\/span><\/b><\/p>\n<p><span data-font-family=\"default\"> Vulnerabilidades de alto impacto priorizadas para una pronta resoluci\u00f3n.<\/span><\/p>\n\t\t<\/div>\n\t\t\t\t\t<\/div>\n\n\t\n\n\t<div id=\"col-1958388472\" class=\"col medium-3 small-6 large-3\"  >\n\t\t\t\t<div class=\"col-inner\"  >\n\t\t\t\n\t\t\t\n<p><b><span data-font-family=\"default\">Cr\u00edtico (9.0\u201310.0)<\/span><\/b><\/p>\n<p><span data-font-family=\"default\"> Soluci\u00f3n inmediata con lanzamiento urgente de parche.<\/span><\/p>\n\t\t<\/div>\n\t\t\t\t\t<\/div>\n\n\t\n<\/div>\n<h2><span style=\"font-size: 140%;\">6. Aviso<\/span><\/h2>\n<h2><b><span data-font-family=\"default\">Principios de divulgaci\u00f3n coordinada<\/span><\/b><\/h2>\n<p><span data-font-family=\"default\">LuxpowerTek se adhiere a un <\/span><b><span data-font-family=\"default\">ECV<\/span><\/b><b><span data-font-family=\"default\">(Divulgaci\u00f3n de vulnerabilidades coordinada)<\/span><\/b><span data-font-family=\"default\"> modelo para garantizar que las vulnerabilidades no se divulguen p\u00fablicamente antes del lanzamiento de un parche. <\/span><\/p>\n<p><span data-font-family=\"default\">Se solicita a los investigadores que proporcionen un per\u00edodo de remediaci\u00f3n razonable, normalmente<\/span><b><span data-font-family=\"default\"> 90 d\u00edas<\/span><\/b><span data-font-family=\"default\">, para facilitar una resoluci\u00f3n oportuna.<\/span><\/p>\n<h2><b><span data-font-family=\"default\">Exenci\u00f3n legal<\/span><\/b><\/h2>\n<p><span data-font-family=\"default\">Siempre que las pruebas y la divulgaci\u00f3n de vulnerabilidades se realicen de conformidad con esta pol\u00edtica, LuxpowerTek no emprender\u00e1 acciones legales contra los investigadores y considerar\u00e1 dichas actividades como <\/span><b><span data-font-family=\"default\">Investigaci\u00f3n de seguridad de buena fe.<\/span><\/b><\/p>\n<h2><b><span data-font-family=\"default\">Descargo de responsabilidad<\/span><\/b><\/h2>\n<p><i><span data-font-family=\"default\">Esta pol\u00edtica puede ser actualizada<\/span><\/i><span data-font-family=\"default\">d para reflejar los avances de la industria y los requisitos legales. LuxpowerTek no asume ninguna garant\u00eda ni responsabilidad por p\u00e9rdidas directas o indirectas derivadas de la divulgaci\u00f3n de vulnerabilidades o de demoras en su remediaci\u00f3n.<\/span><\/p>","protected":false},"excerpt":{"rendered":"<p>3. Alcance de las pruebas de seguridad y l\u00edmites de cumplimiento Actividades de prueba permitidas\u2705 Pruebas de dispositivos locales An\u00e1lisis de comunicaci\u00f3n de red Validaci\u00f3n de configuraci\u00f3n y permisos Actividades prohibidas\u274c Acceso no autorizado o robo de datos de usuario Explotaci\u00f3n de vulnerabilidades que provoquen interrupci\u00f3n o da\u00f1o al servicio Ataques de escaneo o denegaci\u00f3n de servicio a gran escala dirigidos a entornos de producci\u00f3n 4. Proceso y cronograma de respuesta a vulnerabilidades LuxpowerTek se adhiere a las normas internacionales\u2026<\/p>","protected":false},"author":3,"featured_media":0,"parent":0,"menu_order":0,"comment_status":"closed","ping_status":"closed","template":"","meta":{"rop_custom_images_group":[],"rop_custom_messages_group":[],"rop_publish_now":"initial","rop_publish_now_accounts":[],"rop_publish_now_history":[],"rop_publish_now_status":"pending","footnotes":""},"class_list":["post-15397","page","type-page","status-publish","hentry"],"yoast_head":"<!-- This site is optimized with the Yoast SEO plugin v27.3 - https:\/\/yoast.com\/product\/yoast-seo-wordpress\/ -->\n<title>Vulnerability Response Policy -<\/title>\n<meta name=\"robots\" content=\"index, follow, max-snippet:-1, max-image-preview:large, max-video-preview:-1\" \/>\n<link rel=\"canonical\" href=\"https:\/\/luxpowertek.com\/es\/politica-de-respuesta-a-la-vulnerabilidad\/\" \/>\n<meta property=\"og:locale\" content=\"es_ES\" \/>\n<meta property=\"og:type\" content=\"article\" \/>\n<meta property=\"og:title\" content=\"Vulnerability Response Policy -\" \/>\n<meta property=\"og:description\" content=\"3. Security Testing Scope and Compliance Boundaries Permitted Testing Activities\u2705 Local device testing Network communication analysis Configuration and permission validation Prohibited Activities\u274c Unauthorized access or theft of user data Exploitation of vulnerabilities causing service disruption or damage Large-scale scanning or denial-of-service attacks targeting production environments 4. Vulnerability Response Process and Timeline LuxpowerTek adheres to international...\" \/>\n<meta property=\"og:url\" content=\"https:\/\/luxpowertek.com\/es\/politica-de-respuesta-a-la-vulnerabilidad\/\" \/>\n<meta property=\"article:modified_time\" content=\"2025-08-22T06:37:04+00:00\" \/>\n<meta name=\"twitter:card\" content=\"summary_large_image\" \/>\n<meta name=\"twitter:label1\" content=\"Tiempo de lectura\" \/>\n\t<meta name=\"twitter:data1\" content=\"3 minutos\" \/>\n<script type=\"application\/ld+json\" class=\"yoast-schema-graph\">{\"@context\":\"https:\\\/\\\/schema.org\",\"@graph\":[{\"@type\":\"WebPage\",\"@id\":\"https:\\\/\\\/luxpowertek.com\\\/vulnerability-response-policy\\\/\",\"url\":\"https:\\\/\\\/luxpowertek.com\\\/vulnerability-response-policy\\\/\",\"name\":\"Vulnerability Response Policy -\",\"isPartOf\":{\"@id\":\"https:\\\/\\\/luxpowertek.com\\\/#website\"},\"datePublished\":\"2025-08-22T02:13:17+00:00\",\"dateModified\":\"2025-08-22T06:37:04+00:00\",\"breadcrumb\":{\"@id\":\"https:\\\/\\\/luxpowertek.com\\\/vulnerability-response-policy\\\/#breadcrumb\"},\"inLanguage\":\"es\",\"potentialAction\":[{\"@type\":\"ReadAction\",\"target\":[\"https:\\\/\\\/luxpowertek.com\\\/vulnerability-response-policy\\\/\"]}]},{\"@type\":\"BreadcrumbList\",\"@id\":\"https:\\\/\\\/luxpowertek.com\\\/vulnerability-response-policy\\\/#breadcrumb\",\"itemListElement\":[{\"@type\":\"ListItem\",\"position\":1,\"name\":\"Home\",\"item\":\"https:\\\/\\\/luxpowertek.com\\\/\"},{\"@type\":\"ListItem\",\"position\":2,\"name\":\"Vulnerability Response Policy\"}]},{\"@type\":\"WebSite\",\"@id\":\"https:\\\/\\\/luxpowertek.com\\\/#website\",\"url\":\"https:\\\/\\\/luxpowertek.com\\\/\",\"name\":\"\",\"description\":\"\",\"potentialAction\":[{\"@type\":\"SearchAction\",\"target\":{\"@type\":\"EntryPoint\",\"urlTemplate\":\"https:\\\/\\\/luxpowertek.com\\\/?s={search_term_string}\"},\"query-input\":{\"@type\":\"PropertyValueSpecification\",\"valueRequired\":true,\"valueName\":\"search_term_string\"}}],\"inLanguage\":\"es\"}]}<\/script>\n<!-- \/ Yoast SEO plugin. -->","yoast_head_json":{"title":"Pol\u00edtica de respuesta a la vulnerabilidad -","robots":{"index":"index","follow":"follow","max-snippet":"max-snippet:-1","max-image-preview":"max-image-preview:large","max-video-preview":"max-video-preview:-1"},"canonical":"https:\/\/luxpowertek.com\/es\/politica-de-respuesta-a-la-vulnerabilidad\/","og_locale":"es_ES","og_type":"article","og_title":"Vulnerability Response Policy -","og_description":"3. Security Testing Scope and Compliance Boundaries Permitted Testing Activities\u2705 Local device testing Network communication analysis Configuration and permission validation Prohibited Activities\u274c Unauthorized access or theft of user data Exploitation of vulnerabilities causing service disruption or damage Large-scale scanning or denial-of-service attacks targeting production environments 4. Vulnerability Response Process and Timeline LuxpowerTek adheres to international...","og_url":"https:\/\/luxpowertek.com\/es\/politica-de-respuesta-a-la-vulnerabilidad\/","article_modified_time":"2025-08-22T06:37:04+00:00","twitter_card":"summary_large_image","twitter_misc":{"Tiempo de lectura":"3 minutos"},"schema":{"@context":"https:\/\/schema.org","@graph":[{"@type":"WebPage","@id":"https:\/\/luxpowertek.com\/vulnerability-response-policy\/","url":"https:\/\/luxpowertek.com\/vulnerability-response-policy\/","name":"Pol\u00edtica de respuesta a la vulnerabilidad -","isPartOf":{"@id":"https:\/\/luxpowertek.com\/#website"},"datePublished":"2025-08-22T02:13:17+00:00","dateModified":"2025-08-22T06:37:04+00:00","breadcrumb":{"@id":"https:\/\/luxpowertek.com\/vulnerability-response-policy\/#breadcrumb"},"inLanguage":"es","potentialAction":[{"@type":"ReadAction","target":["https:\/\/luxpowertek.com\/vulnerability-response-policy\/"]}]},{"@type":"BreadcrumbList","@id":"https:\/\/luxpowertek.com\/vulnerability-response-policy\/#breadcrumb","itemListElement":[{"@type":"ListItem","position":1,"name":"Home","item":"https:\/\/luxpowertek.com\/"},{"@type":"ListItem","position":2,"name":"Vulnerability Response Policy"}]},{"@type":"WebSite","@id":"https:\/\/luxpowertek.com\/#website","url":"https:\/\/luxpowertek.com\/","name":"","description":"","potentialAction":[{"@type":"SearchAction","target":{"@type":"EntryPoint","urlTemplate":"https:\/\/luxpowertek.com\/?s={search_term_string}"},"query-input":{"@type":"PropertyValueSpecification","valueRequired":true,"valueName":"search_term_string"}}],"inLanguage":"es"}]}},"_links":{"self":[{"href":"https:\/\/luxpowertek.com\/es\/wp-json\/wp\/v2\/pages\/15397","targetHints":{"allow":["GET"]}}],"collection":[{"href":"https:\/\/luxpowertek.com\/es\/wp-json\/wp\/v2\/pages"}],"about":[{"href":"https:\/\/luxpowertek.com\/es\/wp-json\/wp\/v2\/types\/page"}],"author":[{"embeddable":true,"href":"https:\/\/luxpowertek.com\/es\/wp-json\/wp\/v2\/users\/3"}],"replies":[{"embeddable":true,"href":"https:\/\/luxpowertek.com\/es\/wp-json\/wp\/v2\/comments?post=15397"}],"version-history":[{"count":11,"href":"https:\/\/luxpowertek.com\/es\/wp-json\/wp\/v2\/pages\/15397\/revisions"}],"predecessor-version":[{"id":15427,"href":"https:\/\/luxpowertek.com\/es\/wp-json\/wp\/v2\/pages\/15397\/revisions\/15427"}],"wp:attachment":[{"href":"https:\/\/luxpowertek.com\/es\/wp-json\/wp\/v2\/media?parent=15397"}],"curies":[{"name":"wp","href":"https:\/\/api.w.org\/{rel}","templated":true}]}}