{"id":8667,"date":"2024-04-09T22:29:25","date_gmt":"2024-04-09T14:29:25","guid":{"rendered":"https:\/\/luxpowertek.com\/?page_id=8667"},"modified":"2024-08-01T14:02:08","modified_gmt":"2024-08-01T06:02:08","slug":"donglefaqs","status":"publish","type":"page","link":"https:\/\/luxpowertek.com\/de\/donglefaqs\/","title":{"rendered":"Dongle-FAQs"},"content":{"rendered":"<div class=\"banner has-hover\" id=\"banner-1730325207\">\n          <div class=\"banner-inner fill\">\n        <div class=\"banner-bg fill\" >\n            <div class=\"bg fill bg-fill\"><\/div>\n                        <div class=\"overlay\"><\/div>            \n                    <\/div>\n\t\t\n        <div class=\"banner-layers container\">\n            <div class=\"fill banner-link\"><\/div>            \n   <div id=\"text-box-382025927\" class=\"text-box banner-layer x50 md-x50 lg-x50 y50 md-y50 lg-y50 res-text\">\n                                <div class=\"text-box-content text dark\">\n              \n              <div class=\"text-inner text-center\">\n                  \n              <\/div>\n           <\/div>\n                            \n<style>\n#text-box-382025927 {\n  width: 60%;\n}\n#text-box-382025927 .text-box-content {\n  font-size: 100%;\n}\n@media (min-width:550px) {\n  #text-box-382025927 {\n    width: 60%;\n  }\n}\n<\/style>\n    <\/div>\n \n        <\/div>\n      <\/div>\n\n            \n<style>\n#banner-1730325207 {\n  padding-top: 500px;\n}\n#banner-1730325207 .bg.bg-loaded {\n  background-image: url(https:\/\/luxpowertek.com\/wp-content\/uploads\/2024\/04\/six.webp);\n}\n#banner-1730325207 .overlay {\n  background-color: rgba(0, 0, 0, 0.401);\n}\n<\/style>\n  <\/div>\n\n\n\t<section class=\"section\" id=\"section_1259312273\">\n\t\t<div class=\"bg section-bg fill bg-fill  bg-loaded\" >\n\n\t\t\t\n\t\t\t\n\t\t\t\n\n\t\t<\/div>\n\n\t\t\n\n\t\t<div class=\"section-content relative\">\n\t\t\t\n<div class=\"row\"  id=\"row-441870385\">\n\n\t<div id=\"col-2090185695\" class=\"col small-12 large-12\"  >\n\t\t\t\t<div class=\"col-inner\"  >\n\t\t\t\n\t\t\t\n<p class=\"lead\" style=\"text-align: center;\"><span style=\"font-size: 105%;\"><strong>Dongle-FAQs<\/strong><\/span><\/p>\n\t\t<\/div>\n\t\t\t\t\t<\/div>\n\n\t\n<\/div>\n<div class=\"row\"  id=\"row-946846783\">\n\n\t<div id=\"col-2129587195\" class=\"col small-12 large-12\"  >\n\t\t\t\t<div class=\"col-inner\"  >\n\t\t\t\n\t\t\t\n<div class=\"accordion\">\n\t<div id=\"accordion-444191002\" class=\"accordion-item\">\n\t\t<a id=\"accordion-444191002-label\" class=\"accordion-title plain\" href=\"#accordion-item-what-does-\u2018dongle-already-exists\u2019-mean-when-adding-it-to-the-server?\" aria-expanded=\"false\" aria-controls=\"accordion-444191002-content\" >\n\t\t\t<button class=\"toggle\" aria-label=\"Umschalten\"><i class=\"icon-angle-down\"><\/i><\/button>\n\t\t\t<span>Was bedeutet \"Dongle bereits vorhanden\" beim Hinzuf\u00fcgen zum Server?<\/span>\n\t\t<\/a>\n\t\t<div id=\"accordion-444191002-content\" class=\"accordion-inner\" aria-labelledby=\"accordion-444191002-label\" >\n\t\t\t\n<ul>\n<li>A: Die Meldung \"Dongle existiert bereits\" bedeutet, dass der Dongle bereits zum Server hinzugef\u00fcgt wurde. Wenn Sie ihn erneut hinzuf\u00fcgen m\u00f6chten, entfernen Sie den Dongle bitte zuerst von der Station. Wenn der Dongle immer noch unter Ihrem Konto angezeigt wird, wenden Sie sich bitte an Ihren Lieferanten oder an Luxpowertek, um Hilfe zu erhalten.<\/li>\n<\/ul>\n\t\t<\/div>\n\t<\/div>\n\t\n\t<div id=\"accordion-2988897919\" class=\"accordion-item\">\n\t\t<a id=\"accordion-2988897919-label\" class=\"accordion-title plain\" href=\"#accordion-item-how-do-i-connect-the-dongle-to-a-new-wifi-provider-if-i-change-my-router?\" aria-expanded=\"false\" aria-controls=\"accordion-2988897919-content\" >\n\t\t\t<button class=\"toggle\" aria-label=\"Umschalten\"><i class=\"icon-angle-down\"><\/i><\/button>\n\t\t\t<span>Wie verbinde ich den Dongle mit einem neuen WiFi-Anbieter, wenn ich meinen Router wechsle?<\/span>\n\t\t<\/a>\n\t\t<div id=\"accordion-2988897919-content\" class=\"accordion-inner\" aria-labelledby=\"accordion-2988897919-label\" >\n\t\t\t\n<p>A: Befolgen Sie diese Schritte, um das neue WiFi-Passwort \u00fcber die App zu konfigurieren (stellen Sie sicher, dass der neue Router das 2,4-GHz-Frequenzband unterst\u00fctzt):<\/p>\n<ul>\n<li>Stecken Sie den Dongle in den Wechselrichter.<\/li>\n<li>Verbinden Sie Ihr Mobiltelefon oder Ihren Computer mit dem lokalen Hotspot, der vom WiFi-Dongle gesendet wird, wenn die WiFi-LED am Dongle leuchtet.<\/li>\n<li>\u00d6ffnen Sie die Luxpowerview-App und navigieren Sie zur Seite \"WiFi-Dongle verbinden\".<\/li>\n<li>W\u00e4hlen Sie Ihr Heim-WiFi-Netzwerk und geben Sie das Passwort ein.<\/li>\n<li>Klicken Sie auf \"Home WiFi connect\" und warten Sie, bis alle drei LED-Anzeigen leuchten.<\/li>\n<\/ul>\n\t\t<\/div>\n\t<\/div>\n\t\n\t<div id=\"accordion-2587890717\" class=\"accordion-item\">\n\t\t<a id=\"accordion-2587890717-label\" class=\"accordion-title plain\" href=\"#accordion-item-why-isn&#039;t-my-4g-dongle-working?\" aria-expanded=\"false\" aria-controls=\"accordion-2587890717-content\" >\n\t\t\t<button class=\"toggle\" aria-label=\"Umschalten\"><i class=\"icon-angle-down\"><\/i><\/button>\n\t\t\t<span>Warum funktioniert mein 4G-Dongle nicht?<\/span>\n\t\t<\/a>\n\t\t<div id=\"accordion-2587890717-content\" class=\"accordion-inner\" aria-labelledby=\"accordion-2587890717-label\" >\n\t\t\t\n<p class=\"lead\"><span style=\"font-size: 80%;\">A: Stellen Sie sicher, dass Sie die von LUX gelieferte SIM-Karte in den 4G-Dongle eingelegt haben. Wenn die Probleme weiterhin bestehen, geben Sie bitte die Seriennummer des 4G-Dongles, die Seriennummer des Wechselrichters und die Seriennummer der SIM-Karte an Luxpower weiter, um die G\u00fcltigkeitsdauer zu erfragen.<\/span><\/p>\n\t\t<\/div>\n\t<\/div>\n\t\n<\/div>\n<div class=\"accordion\">\n\t<div id=\"accordion-946881967\" class=\"accordion-item\">\n\t\t<a id=\"accordion-946881967-label\" class=\"accordion-title plain\" href=\"#accordion-item-why-isn&#039;t-my-wifi-dongle-connecting-to-my-new-router?\" aria-expanded=\"false\" aria-controls=\"accordion-946881967-content\" >\n\t\t\t<button class=\"toggle\" aria-label=\"Umschalten\"><i class=\"icon-angle-down\"><\/i><\/button>\n\t\t\t<span>Warum l\u00e4sst sich mein WiFi-Dongle nicht mit meinem neuen Router verbinden?<\/span>\n\t\t<\/a>\n\t\t<div id=\"accordion-946881967-content\" class=\"accordion-inner\" aria-labelledby=\"accordion-946881967-label\" >\n\t\t\t\n<p class=\"lead\"><span style=\"font-size: 80%;\">A: \u00dcberpr\u00fcfen Sie bei der Fehlersuche Folgendes:<\/span><\/p>\n<ul>\n<li class=\"lead\">\n<p class=\"lead\"><span style=\"font-size: 80%;\">\u00dcberpr\u00fcfen Sie, ob der Router das Protokoll WiFi 5 unterst\u00fctzt.<\/span><\/p>\n<\/li>\n<li class=\"lead\">\n<p class=\"lead\"><span style=\"font-size: 80%;\">Stellen Sie sicher, dass der Router auf WPA1\/WPA2\/WPA2\/3 konfiguriert ist.<\/span><\/p>\n<\/li>\n<li class=\"lead\">\n<p class=\"lead\"><span style=\"font-size: 80%;\">\u00dcberpr\u00fcfen Sie, ob der Router das 2,4-GHz-Frequenzband unterst\u00fctzt.<\/span><\/p>\n<\/li>\n<li class=\"lead\">\n<p class=\"lead\"><span style=\"font-size: 80%;\">Pr\u00fcfen Sie, ob der Router f\u00fcr DHCP konfiguriert ist (oder vergeben Sie die IP-Adresse f\u00fcr den Dongle manuell).<\/span><\/p>\n<\/li>\n<\/ul>\n\t\t<\/div>\n\t<\/div>\n\t\n\t<div id=\"accordion-203813268\" class=\"accordion-item\">\n\t\t<a id=\"accordion-203813268-label\" class=\"accordion-title plain\" href=\"#accordion-item-can-i-bind-a-dongle-to-more-than-one-station-for-normal-use?\" aria-expanded=\"false\" aria-controls=\"accordion-203813268-content\" >\n\t\t\t<button class=\"toggle\" aria-label=\"Umschalten\"><i class=\"icon-angle-down\"><\/i><\/button>\n\t\t\t<span>Kann ich einen Dongle f\u00fcr den normalen Gebrauch an mehr als eine Station binden?<\/span>\n\t\t<\/a>\n\t\t<div id=\"accordion-203813268-content\" class=\"accordion-inner\" aria-labelledby=\"accordion-203813268-label\" >\n\t\t\t\n<p class=\"lead\"><span style=\"font-size: 80%;\">A: Derzeit kann nur ein Dongle an einen bestimmten Wechselrichter und eine bestimmte Station gebunden werden.<\/span><\/p>\n\t\t<\/div>\n\t<\/div>\n\t\n\t<div id=\"accordion-718983560\" class=\"accordion-item\">\n\t\t<a id=\"accordion-718983560-label\" class=\"accordion-title plain\" href=\"#accordion-item-why-can&#039;t-we-see-the-wifi-hotspot-in-our-phone&#039;s-wifi-list?\" aria-expanded=\"false\" aria-controls=\"accordion-718983560-content\" >\n\t\t\t<button class=\"toggle\" aria-label=\"Umschalten\"><i class=\"icon-angle-down\"><\/i><\/button>\n\t\t\t<span>Warum kann der WiFi-Hotspot nicht in der WiFi-Liste des Telefons angezeigt werden?<\/span>\n\t\t<\/a>\n\t\t<div id=\"accordion-718983560-content\" class=\"accordion-inner\" aria-labelledby=\"accordion-718983560-label\" >\n\t\t\t\n<p class=\"lead\"><span style=\"font-size: 80%;\">A: \u00dcberpr\u00fcfen Sie, ob Sie einen Hotspot mit dem Namen \"MXCHIPXXXX\" sehen k\u00f6nnen. Wenn Sie sich bei 10.10.10.1 anmelden und den WiFi-Modus in den Stationsmodus \u00e4ndern, zeigt der Dongle m\u00f6glicherweise keinen AP an. Au\u00dferdem kann der AP nach einem Werksreset als \"MXCHIPxxxxxxx\" angezeigt werden.<\/span><\/p>\n\t\t<\/div>\n\t<\/div>\n\t\n<\/div>\n\t\t<\/div>\n\t\t\t\t\t<\/div>\n\n\t\n<\/div>\n\t\t<\/div>\n\n\t\t\n<style>\n#section_1259312273 {\n  padding-top: 30px;\n  padding-bottom: 30px;\n}\n<\/style>\n\t<\/section>","protected":false},"excerpt":{"rendered":"","protected":false},"author":3,"featured_media":0,"parent":0,"menu_order":0,"comment_status":"closed","ping_status":"closed","template":"page-transparent-header-light.php","meta":{"rop_custom_images_group":[],"rop_custom_messages_group":[],"rop_publish_now":"initial","rop_publish_now_accounts":[],"rop_publish_now_history":[],"rop_publish_now_status":"pending","footnotes":""},"class_list":["post-8667","page","type-page","status-publish","hentry"],"yoast_head":"<!-- This site is optimized with the Yoast SEO plugin v27.3 - https:\/\/yoast.com\/product\/yoast-seo-wordpress\/ -->\n<title>Dongle FAQs -<\/title>\n<meta name=\"robots\" content=\"index, follow, max-snippet:-1, max-image-preview:large, max-video-preview:-1\" \/>\n<link rel=\"canonical\" href=\"https:\/\/luxpowertek.com\/de\/donglefaqs\/\" \/>\n<meta property=\"og:locale\" content=\"de_DE\" \/>\n<meta property=\"og:type\" content=\"article\" \/>\n<meta property=\"og:title\" content=\"Dongle FAQs -\" \/>\n<meta property=\"og:url\" content=\"https:\/\/luxpowertek.com\/de\/donglefaqs\/\" \/>\n<meta property=\"article:publisher\" content=\"https:\/\/www.facebook.com\/LUXPOWERTEK\" \/>\n<meta property=\"article:modified_time\" content=\"2024-08-01T06:02:08+00:00\" \/>\n<meta name=\"twitter:card\" content=\"summary_large_image\" \/>\n<meta name=\"twitter:label1\" content=\"Gesch\u00e4tzte Lesezeit\" \/>\n\t<meta name=\"twitter:data1\" content=\"2\u00a0Minuten\" \/>\n<script type=\"application\/ld+json\" class=\"yoast-schema-graph\">{\"@context\":\"https:\\\/\\\/schema.org\",\"@graph\":[{\"@type\":\"WebPage\",\"@id\":\"https:\\\/\\\/luxpowertek.com\\\/donglefaqs\\\/\",\"url\":\"https:\\\/\\\/luxpowertek.com\\\/donglefaqs\\\/\",\"name\":\"Dongle FAQs -\",\"isPartOf\":{\"@id\":\"https:\\\/\\\/luxpowertek.com\\\/#website\"},\"datePublished\":\"2024-04-09T14:29:25+00:00\",\"dateModified\":\"2024-08-01T06:02:08+00:00\",\"breadcrumb\":{\"@id\":\"https:\\\/\\\/luxpowertek.com\\\/donglefaqs\\\/#breadcrumb\"},\"inLanguage\":\"de\",\"potentialAction\":[{\"@type\":\"ReadAction\",\"target\":[\"https:\\\/\\\/luxpowertek.com\\\/donglefaqs\\\/\"]}]},{\"@type\":\"BreadcrumbList\",\"@id\":\"https:\\\/\\\/luxpowertek.com\\\/donglefaqs\\\/#breadcrumb\",\"itemListElement\":[{\"@type\":\"ListItem\",\"position\":1,\"name\":\"Home\",\"item\":\"https:\\\/\\\/luxpowertek.com\\\/\"},{\"@type\":\"ListItem\",\"position\":2,\"name\":\"Dongle FAQs\"}]},{\"@type\":\"WebSite\",\"@id\":\"https:\\\/\\\/luxpowertek.com\\\/#website\",\"url\":\"https:\\\/\\\/luxpowertek.com\\\/\",\"name\":\"\",\"description\":\"\",\"publisher\":{\"@id\":\"https:\\\/\\\/luxpowertek.com\\\/#organization\"},\"potentialAction\":[{\"@type\":\"SearchAction\",\"target\":{\"@type\":\"EntryPoint\",\"urlTemplate\":\"https:\\\/\\\/luxpowertek.com\\\/?s={search_term_string}\"},\"query-input\":{\"@type\":\"PropertyValueSpecification\",\"valueRequired\":true,\"valueName\":\"search_term_string\"}}],\"inLanguage\":\"de\"},{\"@type\":\"Organization\",\"@id\":\"https:\\\/\\\/luxpowertek.com\\\/#organization\",\"name\":\"LuxpowerTek\",\"url\":\"https:\\\/\\\/luxpowertek.com\\\/\",\"logo\":{\"@type\":\"ImageObject\",\"inLanguage\":\"de\",\"@id\":\"https:\\\/\\\/luxpowertek.com\\\/#\\\/schema\\\/logo\\\/image\\\/\",\"url\":\"https:\\\/\\\/luxpowertek.com\\\/wp-content\\\/uploads\\\/2024\\\/08\\\/Luxpower_logo_new.webp\",\"contentUrl\":\"https:\\\/\\\/luxpowertek.com\\\/wp-content\\\/uploads\\\/2024\\\/08\\\/Luxpower_logo_new.webp\",\"width\":1030,\"height\":186,\"caption\":\"LuxpowerTek\"},\"image\":{\"@id\":\"https:\\\/\\\/luxpowertek.com\\\/#\\\/schema\\\/logo\\\/image\\\/\"},\"sameAs\":[\"https:\\\/\\\/www.facebook.com\\\/LUXPOWERTEK\"]}]}<\/script>\n<!-- \/ Yoast SEO plugin. -->","yoast_head_json":{"title":"Dongle FAQs -","robots":{"index":"index","follow":"follow","max-snippet":"max-snippet:-1","max-image-preview":"max-image-preview:large","max-video-preview":"max-video-preview:-1"},"canonical":"https:\/\/luxpowertek.com\/de\/donglefaqs\/","og_locale":"de_DE","og_type":"article","og_title":"Dongle FAQs -","og_url":"https:\/\/luxpowertek.com\/de\/donglefaqs\/","article_publisher":"https:\/\/www.facebook.com\/LUXPOWERTEK","article_modified_time":"2024-08-01T06:02:08+00:00","twitter_card":"summary_large_image","twitter_misc":{"Gesch\u00e4tzte Lesezeit":"2\u00a0Minuten"},"schema":{"@context":"https:\/\/schema.org","@graph":[{"@type":"WebPage","@id":"https:\/\/luxpowertek.com\/donglefaqs\/","url":"https:\/\/luxpowertek.com\/donglefaqs\/","name":"Dongle FAQs -","isPartOf":{"@id":"https:\/\/luxpowertek.com\/#website"},"datePublished":"2024-04-09T14:29:25+00:00","dateModified":"2024-08-01T06:02:08+00:00","breadcrumb":{"@id":"https:\/\/luxpowertek.com\/donglefaqs\/#breadcrumb"},"inLanguage":"de","potentialAction":[{"@type":"ReadAction","target":["https:\/\/luxpowertek.com\/donglefaqs\/"]}]},{"@type":"BreadcrumbList","@id":"https:\/\/luxpowertek.com\/donglefaqs\/#breadcrumb","itemListElement":[{"@type":"ListItem","position":1,"name":"Home","item":"https:\/\/luxpowertek.com\/"},{"@type":"ListItem","position":2,"name":"Dongle FAQs"}]},{"@type":"WebSite","@id":"https:\/\/luxpowertek.com\/#website","url":"https:\/\/luxpowertek.com\/","name":"","description":"","publisher":{"@id":"https:\/\/luxpowertek.com\/#organization"},"potentialAction":[{"@type":"SearchAction","target":{"@type":"EntryPoint","urlTemplate":"https:\/\/luxpowertek.com\/?s={search_term_string}"},"query-input":{"@type":"PropertyValueSpecification","valueRequired":true,"valueName":"search_term_string"}}],"inLanguage":"de"},{"@type":"Organization","@id":"https:\/\/luxpowertek.com\/#organization","name":"LuxpowerTek","url":"https:\/\/luxpowertek.com\/","logo":{"@type":"ImageObject","inLanguage":"de","@id":"https:\/\/luxpowertek.com\/#\/schema\/logo\/image\/","url":"https:\/\/luxpowertek.com\/wp-content\/uploads\/2024\/08\/Luxpower_logo_new.webp","contentUrl":"https:\/\/luxpowertek.com\/wp-content\/uploads\/2024\/08\/Luxpower_logo_new.webp","width":1030,"height":186,"caption":"LuxpowerTek"},"image":{"@id":"https:\/\/luxpowertek.com\/#\/schema\/logo\/image\/"},"sameAs":["https:\/\/www.facebook.com\/LUXPOWERTEK"]}]}},"_links":{"self":[{"href":"https:\/\/luxpowertek.com\/de\/wp-json\/wp\/v2\/pages\/8667","targetHints":{"allow":["GET"]}}],"collection":[{"href":"https:\/\/luxpowertek.com\/de\/wp-json\/wp\/v2\/pages"}],"about":[{"href":"https:\/\/luxpowertek.com\/de\/wp-json\/wp\/v2\/types\/page"}],"author":[{"embeddable":true,"href":"https:\/\/luxpowertek.com\/de\/wp-json\/wp\/v2\/users\/3"}],"replies":[{"embeddable":true,"href":"https:\/\/luxpowertek.com\/de\/wp-json\/wp\/v2\/comments?post=8667"}],"version-history":[{"count":20,"href":"https:\/\/luxpowertek.com\/de\/wp-json\/wp\/v2\/pages\/8667\/revisions"}],"predecessor-version":[{"id":11353,"href":"https:\/\/luxpowertek.com\/de\/wp-json\/wp\/v2\/pages\/8667\/revisions\/11353"}],"wp:attachment":[{"href":"https:\/\/luxpowertek.com\/de\/wp-json\/wp\/v2\/media?parent=8667"}],"curies":[{"name":"wp","href":"https:\/\/api.w.org\/{rel}","templated":true}]}}