{"id":8648,"date":"2024-04-09T21:34:36","date_gmt":"2024-04-09T13:34:36","guid":{"rendered":"https:\/\/luxpowertek.com\/?page_id=8648"},"modified":"2024-08-01T10:57:41","modified_gmt":"2024-08-01T02:57:41","slug":"solarwechselrichter-ac-dc-wechselrichterfaq","status":"publish","type":"page","link":"https:\/\/luxpowertek.com\/de\/solarwechselrichter-ac-dc-wechselrichterfaq\/","title":{"rendered":"AC\/DC-Wechselrichter FAQs"},"content":{"rendered":"<div class=\"banner has-hover\" id=\"banner-300478049\">\n          <div class=\"banner-inner fill\">\n        <div class=\"banner-bg fill\" >\n            <div class=\"bg fill bg-fill\"><\/div>\n                        <div class=\"overlay\"><\/div>            \n                    <\/div>\n\t\t\n        <div class=\"banner-layers container\">\n            <div class=\"fill banner-link\"><\/div>            \n   <div id=\"text-box-731645319\" class=\"text-box banner-layer x50 md-x50 lg-x50 y50 md-y50 lg-y50 res-text\">\n                                <div class=\"text-box-content text dark\">\n              \n              <div class=\"text-inner text-center\">\n                  \n              <\/div>\n           <\/div>\n                            \n<style>\n#text-box-731645319 {\n  width: 60%;\n}\n#text-box-731645319 .text-box-content {\n  font-size: 100%;\n}\n@media (min-width:550px) {\n  #text-box-731645319 {\n    width: 60%;\n  }\n}\n<\/style>\n    <\/div>\n \n        <\/div>\n      <\/div>\n\n            \n<style>\n#banner-300478049 {\n  padding-top: 500px;\n}\n#banner-300478049 .bg.bg-loaded {\n  background-image: url(https:\/\/luxpowertek.com\/wp-content\/uploads\/2024\/04\/six.webp);\n}\n#banner-300478049 .overlay {\n  background-color: rgba(0, 0, 0, 0.401);\n}\n<\/style>\n  <\/div>\n\n\n\t<section class=\"section\" id=\"section_1884459989\">\n\t\t<div class=\"bg section-bg fill bg-fill  bg-loaded\" >\n\n\t\t\t\n\t\t\t\n\t\t\t\n\n\t\t<\/div>\n\n\t\t\n\n\t\t<div class=\"section-content relative\">\n\t\t\t\n<div class=\"row\"  id=\"row-152677965\">\n\n\t<div id=\"col-1722396746\" class=\"col small-12 large-12\"  >\n\t\t\t\t<div class=\"col-inner\"  >\n\t\t\t\n\t\t\t\n<p class=\"lead\" style=\"text-align: center;\"><span style=\"font-size: 105%;\"><strong>AC\/DC gekoppelte Wechselrichter FAQs<\/strong><\/span><\/p>\n\t\t<\/div>\n\t\t\t\t\t<\/div>\n\n\t\n<\/div>\n<div class=\"row\"  id=\"row-13545016\">\n\n\t<div id=\"col-67807976\" class=\"col small-12 large-12\"  >\n\t\t\t\t<div class=\"col-inner\"  >\n\t\t\t\n\t\t\t\n<div class=\"accordion\">\n\t<div id=\"accordion-369341625\" class=\"accordion-item\">\n\t\t<a id=\"accordion-369341625-label\" class=\"accordion-title plain\" href=\"#accordion-item-what-does-ac-coupling-mean\uff1f\" aria-expanded=\"false\" aria-controls=\"accordion-369341625-content\" >\n\t\t\t<button class=\"toggle\" aria-label=\"Umschalten\"><i class=\"icon-angle-down\"><\/i><\/button>\n\t\t\t<span>Was bedeutet AC COUPLING\uff1f<\/span>\n\t\t<\/a>\n\t\t<div id=\"accordion-369341625-content\" class=\"accordion-inner\" aria-labelledby=\"accordion-369341625-label\" >\n\t\t\t\n<p class=\"lead\"><span style=\"font-size: 80%;\">A: AC-Kopplung oder AC-gekoppelt bezieht sich in erster Linie auf ein Speichersystem, das mit Wechselstrom geladen wird. Die AC-Kopplung wird in der Regel bei der Nachr\u00fcstung bestehender PV-Anlagen eingesetzt und erm\u00f6glicht den Lastausgleich und das Laden von Batterien, wenn Netzstrom verf\u00fcgbar ist. Bei Netzausf\u00e4llen liefert das Speichersystem eine Spannungsreferenz f\u00fcr die PV-Anlage, um die Stromerzeugung ohne Netzunterst\u00fctzung fortzusetzen.<\/span><\/p>\n\t\t<\/div>\n\t<\/div>\n\t\n\t<div id=\"accordion-2222552967\" class=\"accordion-item\">\n\t\t<a id=\"accordion-2222552967-label\" class=\"accordion-title plain\" href=\"#accordion-item-is-ac-couple-in-on-grid-mode-and-off-grid-mode-available-with-12kw-inverter-?\" aria-expanded=\"false\" aria-controls=\"accordion-2222552967-content\" >\n\t\t\t<button class=\"toggle\" aria-label=\"Umschalten\"><i class=\"icon-angle-down\"><\/i><\/button>\n\t\t\t<span>Ist die AC-Kopplung im netzgebundenen und netzunabh\u00e4ngigen Modus mit dem 12-kW-Wechselrichter m\u00f6glich?<\/span>\n\t\t<\/a>\n\t\t<div id=\"accordion-2222552967-content\" class=\"accordion-inner\" aria-labelledby=\"accordion-2222552967-label\" >\n\t\t\t\n<p class=\"lead\"><span style=\"font-size: 80%;\">A: Es sind sowohl netzgekoppelte als auch netzunabh\u00e4ngige Modi mit einem 12kW-Wechselrichter verf\u00fcgbar. Der vorhandene PV-Wechselrichter muss an den Gen-Port angeschlossen werden, um die AC-Kopplungsfunktion zu aktivieren.<\/span><\/p>\n\t\t<\/div>\n\t<\/div>\n\t\n\t<div id=\"accordion-1930327277\" class=\"accordion-item\">\n\t\t<a id=\"accordion-1930327277-label\" class=\"accordion-title plain\" href=\"#accordion-item-can-acs3600-achieve-zero-export?\" aria-expanded=\"false\" aria-controls=\"accordion-1930327277-content\" >\n\t\t\t<button class=\"toggle\" aria-label=\"Umschalten\"><i class=\"icon-angle-down\"><\/i><\/button>\n\t\t\t<span>Kann ACS3600 einen Nullexport erreichen?<\/span>\n\t\t<\/a>\n\t\t<div id=\"accordion-1930327277-content\" class=\"accordion-inner\" aria-labelledby=\"accordion-1930327277-label\" >\n\t\t\t\n<p>A: Der ACS3600 kann aufgrund bestimmter Einschr\u00e4nkungen keinen echten Nullexport erreichen:<\/p>\n<ul>\n<li>Wenn der PV-Wechselrichter nicht \u00fcber eine Nullexportfunktion verf\u00fcgt, funktioniert die Einstellung des Nullexports nicht, was zu einer R\u00fcckspeisung von \u00fcbersch\u00fcssiger Energie ins Netz f\u00fchrt.<\/li>\n<li>Wenn der PV-Wechselrichter keine Exportkapazit\u00e4t hat, erzeugt er Energie in Abh\u00e4ngigkeit von der Last. Wenn der Strom des Wechselrichters von einem Stromwandler (CT) erfasst wird, wird die PV-Energieerzeugung gestoppt, so dass die Batterie in dieser Zeit nicht geladen werden kann.<\/li>\n<\/ul>\n\t\t<\/div>\n\t<\/div>\n\t\n<\/div>\n<div class=\"accordion\">\n\t<div id=\"accordion-4199032569\" class=\"accordion-item\">\n\t\t<a id=\"accordion-4199032569-label\" class=\"accordion-title plain\" href=\"#accordion-item-what-does-the-acs-3600-provide?\" aria-expanded=\"false\" aria-controls=\"accordion-4199032569-content\" >\n\t\t\t<button class=\"toggle\" aria-label=\"Umschalten\"><i class=\"icon-angle-down\"><\/i><\/button>\n\t\t\t<span>Was bietet das ACS 3600?<\/span>\n\t\t<\/a>\n\t\t<div id=\"accordion-4199032569-content\" class=\"accordion-inner\" aria-labelledby=\"accordion-4199032569-label\" >\n\t\t\t\n<p class=\"lead\"><span style=\"font-size: 80%;\">A: Der ACS 3600, unser AC-gekoppeltes Ger\u00e4t, integriert eine bidirektionale Energieumwandlung, eine Energiespeicherbatterie und eine Batteriemanagementeinheit. Es speichert effizient Energie aus Solar-, Netz- oder Generatorquellen, um Haushaltslasten nach Bedarf zu versorgen. Dieses System optimiert die Nutzung der Solarenergie, reduziert die Stromkosten und sorgt f\u00fcr eine zuverl\u00e4ssige Stromversorgung im Haushalt. Bei Netzausf\u00e4llen dient der Generator nahtlos als Reservestromquelle.<\/span><\/p>\n\t\t<\/div>\n\t<\/div>\n\t\n\t<div id=\"accordion-613112499\" class=\"accordion-item\">\n\t\t<a id=\"accordion-613112499-label\" class=\"accordion-title plain\" href=\"#accordion-item-what-is-the-difference-between-ac-and-dc-coupled?\" aria-expanded=\"false\" aria-controls=\"accordion-613112499-content\" >\n\t\t\t<button class=\"toggle\" aria-label=\"Umschalten\"><i class=\"icon-angle-down\"><\/i><\/button>\n\t\t\t<span>Was ist der Unterschied zwischen AC- und DC-gekoppelt?<\/span>\n\t\t<\/a>\n\t\t<div id=\"accordion-613112499-content\" class=\"accordion-inner\" aria-labelledby=\"accordion-613112499-label\" >\n\t\t\t\n<p class=\"lead\"><span style=\"font-size: 80%;\">A: In einem AC-gekoppelten System erzeugen die Solarmodule Gleichstrom, der von einem Wechselrichter in Wechselstrom umgewandelt wird, um Ger\u00e4te zu betreiben. Jeglicher Strom, der in eine Batterie geleitet wird, wird von einem Wechselrichter in Gleichstrom umgewandelt, bevor er f\u00fcr die Nutzung durch Ger\u00e4te oder die Einspeisung ins Netz wieder in Wechselstrom umgewandelt wird.<\/span><\/p>\n<p class=\"lead\"><span style=\"font-size: 80%;\">In einem gleichstromgekoppelten System l\u00e4dt der Gleichstrom aus den Solarmodulen die Solarbatterien direkt und ohne zwischengeschaltete Wechselstromumwandlung. Der f\u00fcr Ger\u00e4te oder die Netzeinspeisung ben\u00f6tigte Strom wird von einem Wechselrichter in Wechselstrom umgewandelt, ebenso wie der Strom, der aus der Batterie entnommen wird.<\/span><\/p>\n\t\t<\/div>\n\t<\/div>\n\t\n\t<div id=\"accordion-195134981\" class=\"accordion-item\">\n\t\t<a id=\"accordion-195134981-label\" class=\"accordion-title plain\" href=\"#accordion-item-what-is-the-scenario-for-a-dc-coupled-inverter?\" aria-expanded=\"false\" aria-controls=\"accordion-195134981-content\" >\n\t\t\t<button class=\"toggle\" aria-label=\"Umschalten\"><i class=\"icon-angle-down\"><\/i><\/button>\n\t\t\t<span>Was ist das Szenario f\u00fcr einen DC-gekoppelten Wechselrichter?<\/span>\n\t\t<\/a>\n\t\t<div id=\"accordion-195134981-content\" class=\"accordion-inner\" aria-labelledby=\"accordion-195134981-label\" >\n\t\t\t\n<p>A: Im Rahmen eines DC-gekoppelten Wechselrichters ist unser Ger\u00e4t eine Schnittstelle zu bestehenden netzgekoppelten Wechselrichtern. Mit einer maximalen PV-Eingangsleistung von 200 kW und einer PV-Ausgangsleistung von 100 kW sowie der Kompatibilit\u00e4t mit Hochspannungsbatterien von 100-700 V eignet es sich f\u00fcr gro\u00df angelegte gewerbliche und industrielle Anwendungen.<\/p>\n\t\t<\/div>\n\t<\/div>\n\t\n<\/div>\n\t\t<\/div>\n\t\t\t\t\t<\/div>\n\n\t\n\n\t<div id=\"col-2041432664\" class=\"col small-12 large-12\"  >\n\t\t\t\t<div class=\"col-inner\"  >\n\t\t\t\n\t\t\t\n\t\t<\/div>\n\t\t\t\t\t<\/div>\n\n\t\n<\/div>\n\t\t<\/div>\n\n\t\t\n<style>\n#section_1884459989 {\n  padding-top: 30px;\n  padding-bottom: 30px;\n}\n<\/style>\n\t<\/section>","protected":false},"excerpt":{"rendered":"","protected":false},"author":3,"featured_media":0,"parent":0,"menu_order":0,"comment_status":"closed","ping_status":"closed","template":"page-transparent-header-light.php","meta":{"rop_custom_images_group":[],"rop_custom_messages_group":[],"rop_publish_now":"initial","rop_publish_now_accounts":[],"rop_publish_now_history":[],"rop_publish_now_status":"pending","footnotes":""},"class_list":["post-8648","page","type-page","status-publish","hentry"],"yoast_head":"<!-- This site is optimized with the Yoast SEO plugin v27.3 - https:\/\/yoast.com\/product\/yoast-seo-wordpress\/ -->\n<title>AC\/DC inverter FAQs -<\/title>\n<meta name=\"robots\" content=\"index, follow, max-snippet:-1, max-image-preview:large, max-video-preview:-1\" \/>\n<link rel=\"canonical\" href=\"https:\/\/luxpowertek.com\/de\/solarwechselrichter-ac-dc-wechselrichterfaq\/\" \/>\n<meta property=\"og:locale\" content=\"de_DE\" \/>\n<meta property=\"og:type\" content=\"article\" \/>\n<meta property=\"og:title\" content=\"AC\/DC inverter FAQs -\" \/>\n<meta property=\"og:url\" content=\"https:\/\/luxpowertek.com\/de\/solarwechselrichter-ac-dc-wechselrichterfaq\/\" \/>\n<meta property=\"article:modified_time\" content=\"2024-08-01T02:57:41+00:00\" \/>\n<meta name=\"twitter:card\" content=\"summary_large_image\" \/>\n<meta name=\"twitter:label1\" content=\"Gesch\u00e4tzte Lesezeit\" \/>\n\t<meta name=\"twitter:data1\" content=\"2\u00a0Minuten\" \/>\n<script type=\"application\/ld+json\" class=\"yoast-schema-graph\">{\"@context\":\"https:\\\/\\\/schema.org\",\"@graph\":[{\"@type\":\"WebPage\",\"@id\":\"https:\\\/\\\/luxpowertek.com\\\/solarinverter-ac-dc-inverterfaq\\\/\",\"url\":\"https:\\\/\\\/luxpowertek.com\\\/solarinverter-ac-dc-inverterfaq\\\/\",\"name\":\"AC\\\/DC inverter FAQs -\",\"isPartOf\":{\"@id\":\"https:\\\/\\\/luxpowertek.com\\\/#website\"},\"datePublished\":\"2024-04-09T13:34:36+00:00\",\"dateModified\":\"2024-08-01T02:57:41+00:00\",\"breadcrumb\":{\"@id\":\"https:\\\/\\\/luxpowertek.com\\\/solarinverter-ac-dc-inverterfaq\\\/#breadcrumb\"},\"inLanguage\":\"de\",\"potentialAction\":[{\"@type\":\"ReadAction\",\"target\":[\"https:\\\/\\\/luxpowertek.com\\\/solarinverter-ac-dc-inverterfaq\\\/\"]}]},{\"@type\":\"BreadcrumbList\",\"@id\":\"https:\\\/\\\/luxpowertek.com\\\/solarinverter-ac-dc-inverterfaq\\\/#breadcrumb\",\"itemListElement\":[{\"@type\":\"ListItem\",\"position\":1,\"name\":\"Home\",\"item\":\"https:\\\/\\\/luxpowertek.com\\\/\"},{\"@type\":\"ListItem\",\"position\":2,\"name\":\"AC\\\/DC inverter FAQs\"}]},{\"@type\":\"WebSite\",\"@id\":\"https:\\\/\\\/luxpowertek.com\\\/#website\",\"url\":\"https:\\\/\\\/luxpowertek.com\\\/\",\"name\":\"\",\"description\":\"\",\"potentialAction\":[{\"@type\":\"SearchAction\",\"target\":{\"@type\":\"EntryPoint\",\"urlTemplate\":\"https:\\\/\\\/luxpowertek.com\\\/?s={search_term_string}\"},\"query-input\":{\"@type\":\"PropertyValueSpecification\",\"valueRequired\":true,\"valueName\":\"search_term_string\"}}],\"inLanguage\":\"de\"}]}<\/script>\n<!-- \/ Yoast SEO plugin. -->","yoast_head_json":{"title":"AC\/DC-Wechselrichter FAQs -","robots":{"index":"index","follow":"follow","max-snippet":"max-snippet:-1","max-image-preview":"max-image-preview:large","max-video-preview":"max-video-preview:-1"},"canonical":"https:\/\/luxpowertek.com\/de\/solarwechselrichter-ac-dc-wechselrichterfaq\/","og_locale":"de_DE","og_type":"article","og_title":"AC\/DC inverter FAQs -","og_url":"https:\/\/luxpowertek.com\/de\/solarwechselrichter-ac-dc-wechselrichterfaq\/","article_modified_time":"2024-08-01T02:57:41+00:00","twitter_card":"summary_large_image","twitter_misc":{"Gesch\u00e4tzte Lesezeit":"2\u00a0Minuten"},"schema":{"@context":"https:\/\/schema.org","@graph":[{"@type":"WebPage","@id":"https:\/\/luxpowertek.com\/solarinverter-ac-dc-inverterfaq\/","url":"https:\/\/luxpowertek.com\/solarinverter-ac-dc-inverterfaq\/","name":"AC\/DC-Wechselrichter FAQs -","isPartOf":{"@id":"https:\/\/luxpowertek.com\/#website"},"datePublished":"2024-04-09T13:34:36+00:00","dateModified":"2024-08-01T02:57:41+00:00","breadcrumb":{"@id":"https:\/\/luxpowertek.com\/solarinverter-ac-dc-inverterfaq\/#breadcrumb"},"inLanguage":"de","potentialAction":[{"@type":"ReadAction","target":["https:\/\/luxpowertek.com\/solarinverter-ac-dc-inverterfaq\/"]}]},{"@type":"BreadcrumbList","@id":"https:\/\/luxpowertek.com\/solarinverter-ac-dc-inverterfaq\/#breadcrumb","itemListElement":[{"@type":"ListItem","position":1,"name":"Home","item":"https:\/\/luxpowertek.com\/"},{"@type":"ListItem","position":2,"name":"AC\/DC inverter FAQs"}]},{"@type":"WebSite","@id":"https:\/\/luxpowertek.com\/#website","url":"https:\/\/luxpowertek.com\/","name":"","description":"","potentialAction":[{"@type":"SearchAction","target":{"@type":"EntryPoint","urlTemplate":"https:\/\/luxpowertek.com\/?s={search_term_string}"},"query-input":{"@type":"PropertyValueSpecification","valueRequired":true,"valueName":"search_term_string"}}],"inLanguage":"de"}]}},"_links":{"self":[{"href":"https:\/\/luxpowertek.com\/de\/wp-json\/wp\/v2\/pages\/8648","targetHints":{"allow":["GET"]}}],"collection":[{"href":"https:\/\/luxpowertek.com\/de\/wp-json\/wp\/v2\/pages"}],"about":[{"href":"https:\/\/luxpowertek.com\/de\/wp-json\/wp\/v2\/types\/page"}],"author":[{"embeddable":true,"href":"https:\/\/luxpowertek.com\/de\/wp-json\/wp\/v2\/users\/3"}],"replies":[{"embeddable":true,"href":"https:\/\/luxpowertek.com\/de\/wp-json\/wp\/v2\/comments?post=8648"}],"version-history":[{"count":6,"href":"https:\/\/luxpowertek.com\/de\/wp-json\/wp\/v2\/pages\/8648\/revisions"}],"predecessor-version":[{"id":10917,"href":"https:\/\/luxpowertek.com\/de\/wp-json\/wp\/v2\/pages\/8648\/revisions\/10917"}],"wp:attachment":[{"href":"https:\/\/luxpowertek.com\/de\/wp-json\/wp\/v2\/media?parent=8648"}],"curies":[{"name":"wp","href":"https:\/\/api.w.org\/{rel}","templated":true}]}}