{"id":8646,"date":"2024-04-09T21:26:37","date_gmt":"2024-04-09T13:26:37","guid":{"rendered":"https:\/\/luxpowertek.com\/?page_id=8646"},"modified":"2024-07-04T10:34:11","modified_gmt":"2024-07-04T02:34:11","slug":"offgridinverterfaq","status":"publish","type":"page","link":"https:\/\/luxpowertek.com\/de\/offgridinverterfaq\/","title":{"rendered":"FAQs zu netzunabh\u00e4ngigen Wechselrichtern"},"content":{"rendered":"<div class=\"banner has-hover\" id=\"banner-1707648347\">\n          <div class=\"banner-inner fill\">\n        <div class=\"banner-bg fill\" >\n            <div class=\"bg fill bg-fill\"><\/div>\n                        <div class=\"overlay\"><\/div>            \n                    <\/div>\n\t\t\n        <div class=\"banner-layers container\">\n            <div class=\"fill banner-link\"><\/div>            \n   <div id=\"text-box-1956521161\" class=\"text-box banner-layer x50 md-x50 lg-x50 y50 md-y50 lg-y50 res-text\">\n                                <div class=\"text-box-content text dark\">\n              \n              <div class=\"text-inner text-center\">\n                  \n              <\/div>\n           <\/div>\n                            \n<style>\n#text-box-1956521161 {\n  width: 60%;\n}\n#text-box-1956521161 .text-box-content {\n  font-size: 100%;\n}\n@media (min-width:550px) {\n  #text-box-1956521161 {\n    width: 60%;\n  }\n}\n<\/style>\n    <\/div>\n \n        <\/div>\n      <\/div>\n\n            \n<style>\n#banner-1707648347 {\n  padding-top: 500px;\n}\n#banner-1707648347 .bg.bg-loaded {\n  background-image: url(https:\/\/luxpowertek.com\/wp-content\/uploads\/2024\/04\/six.webp);\n}\n#banner-1707648347 .overlay {\n  background-color: rgba(0, 0, 0, 0.401);\n}\n<\/style>\n  <\/div>\n\n\n\t<section class=\"section\" id=\"section_1886504835\">\n\t\t<div class=\"bg section-bg fill bg-fill  bg-loaded\" >\n\n\t\t\t\n\t\t\t\n\t\t\t\n\n\t\t<\/div>\n\n\t\t\n\n\t\t<div class=\"section-content relative\">\n\t\t\t\n<div class=\"row\"  id=\"row-1172243129\">\n\n\t<div id=\"col-607791444\" class=\"col small-12 large-12\"  >\n\t\t\t\t<div class=\"col-inner\"  >\n\t\t\t\n\t\t\t\n<p class=\"lead\" style=\"text-align: center;\"><strong><span style=\"font-size: 100%;\">FAQs zu netzunabh\u00e4ngigen Wechselrichtern<\/span><\/strong><\/p>\n\t\t<\/div>\n\t\t\t\t\t<\/div>\n\n\t\n<\/div>\n<div class=\"row\"  id=\"row-39142738\">\n\n\t<div id=\"col-1711110063\" class=\"col small-12 large-12\"  >\n\t\t\t\t<div class=\"col-inner\"  >\n\t\t\t\n\t\t\t\n<div class=\"accordion\">\n\t<div id=\"accordion-2031493307\" class=\"accordion-item\">\n\t\t<a id=\"accordion-2031493307-label\" class=\"accordion-title plain\" href=\"#accordion-item-why-does-my-sna-inverter-consistently-discharge-with-low-power-even-when-there-is-no-load-connected?\" aria-expanded=\"false\" aria-controls=\"accordion-2031493307-content\" >\n\t\t\t<button class=\"toggle\" aria-label=\"Umschalten\"><i class=\"icon-angle-down\"><\/i><\/button>\n\t\t\t<span>Warum entl\u00e4dt sich mein SNA-Wechselrichter st\u00e4ndig mit geringer Leistung, auch wenn keine Last angeschlossen ist?<\/span>\n\t\t<\/a>\n\t\t<div id=\"accordion-2031493307-content\" class=\"accordion-inner\" aria-labelledby=\"accordion-2031493307-label\" >\n\t\t\t\n<p class=\"lead\"><span style=\"font-size: 80%;\">A: Wenn die EPS-Funktion (Power Backup) aktiviert ist, kann der SNA-Wechselrichter eine Lastanzeige von weniger als 60 Watt anzeigen, auch wenn keine Last am EPS-Ausgang angeschlossen ist.<\/span><\/p>\n\t\t<\/div>\n\t<\/div>\n\t\n\t<div id=\"accordion-2074521258\" class=\"accordion-item\">\n\t\t<a id=\"accordion-2074521258-label\" class=\"accordion-title plain\" href=\"#accordion-item-what-does-warning-code-00-on-the-sna5000-inverter-indicate?\" aria-expanded=\"false\" aria-controls=\"accordion-2074521258-content\" >\n\t\t\t<button class=\"toggle\" aria-label=\"Umschalten\"><i class=\"icon-angle-down\"><\/i><\/button>\n\t\t\t<span>Was bedeutet der Warncode 00 am SNA5000-Wechselrichter?<\/span>\n\t\t<\/a>\n\t\t<div id=\"accordion-2074521258-content\" class=\"accordion-inner\" aria-labelledby=\"accordion-2074521258-label\" >\n\t\t\t\n<p class=\"lead\"><span style=\"font-size: 80%;\">A: Der Warncode 00 bedeutet einen \"Batterie-Kommunikationsfehler\", der auf eine St\u00f6rung der Kommunikation zwischen der Batterie und dem Wechselrichter hinweist. Au\u00dferdem kann der Fehlercode 00 auf ein Kommunikationsproblem zwischen den Steuer-CPUs hinweisen, so dass ein Firmware-Update oder ein Systemneustart erforderlich ist. Statuscode 00 zeigt den \"Standby\"-Modus an, was bedeutet, dass der Wechselrichter im Standby-Modus verbleibt, weil die Bedingungen zum Umschalten des Arbeitsmodus nicht erf\u00fcllt sind.<\/span><\/p>\n\t\t<\/div>\n\t<\/div>\n\t\n\t<div id=\"accordion-650107811\" class=\"accordion-item\">\n\t\t<a id=\"accordion-650107811-label\" class=\"accordion-title plain\" href=\"#accordion-item-i-installed-two-100ah-batteries,-but-the-monitoring-platform-shows-only-100ah.-why-is-that?\" aria-expanded=\"false\" aria-controls=\"accordion-650107811-content\" >\n\t\t\t<button class=\"toggle\" aria-label=\"Umschalten\"><i class=\"icon-angle-down\"><\/i><\/button>\n\t\t\t<span>Ich habe zwei 100Ah-Batterien installiert, aber die \u00dcberwachungsplattform zeigt nur 100Ah an. Warum ist das so?<\/span>\n\t\t<\/a>\n\t\t<div id=\"accordion-650107811-content\" class=\"accordion-inner\" aria-labelledby=\"accordion-650107811-label\" >\n\t\t\t\n<p class=\"lead\"><span style=\"font-size: 80%;\">A: Bei SNA-Wechselrichtern arbeitet der L\u00fcfter auf der Grundlage bestimmter Leistungsschwellen. Wenn die Lade- oder Entladeleistung 300 Watt \u00fcberschreitet, werden der linke und der mittlere L\u00fcfter aktiviert. Zus\u00e4tzlich schaltet sich der rechte L\u00fcfter ein, wenn die PV-Leistung 300 Watt oder die Netzeinspeiseleistung 5000 VA \u00fcbersteigt.<\/span><\/p>\n\t\t<\/div>\n\t<\/div>\n\t\n<\/div>\n<div class=\"accordion\">\n\t<div id=\"accordion-3923426027\" class=\"accordion-item\">\n\t\t<a id=\"accordion-3923426027-label\" class=\"accordion-title plain\" href=\"#accordion-item-what-is-the-recommended-depth-of-discharge-for-the-battery,-and-how-can-it-be-adjusted?\" aria-expanded=\"false\" aria-controls=\"accordion-3923426027-content\" >\n\t\t\t<button class=\"toggle\" aria-label=\"Umschalten\"><i class=\"icon-angle-down\"><\/i><\/button>\n\t\t\t<span>Welche Entladetiefe wird f\u00fcr die Batterie empfohlen, und wie kann sie eingestellt werden?<\/span>\n\t\t<\/a>\n\t\t<div id=\"accordion-3923426027-content\" class=\"accordion-inner\" aria-labelledby=\"accordion-3923426027-label\" >\n\t\t\t\n<p class=\"lead\"><span style=\"font-size: 80%;\">A: Die empfohlene Entladetiefe (DOD) h\u00e4ngt vom Systemdesign ab, einschlie\u00dflich Faktoren wie Batteriekapazit\u00e4t und Lastverbrauch. F\u00fcr Systeme mit stabiler Netzeinspeisung, die eine Entladetiefe von 80% anstreben, stellen Sie \"On-grid cutoff SOC or On-grid EOD\" auf 20%. F\u00fcr Systeme mit instabiler oder fehlender Netzeinspeisung stellen Sie \"Off-grid cutoff SOC or discharge cutoff SOC\" auf 20% ein und stellen sicher, dass dieser Wert niedriger ist als der \"On-grid cutoff SOC\".<\/span><\/p>\n\t\t<\/div>\n\t<\/div>\n\t\n\t<div id=\"accordion-1221192657\" class=\"accordion-item\">\n\t\t<a id=\"accordion-1221192657-label\" class=\"accordion-title plain\" href=\"#accordion-item-why-does-the-inverter-display-voltage-even-when-the-battery-breaker-is-off?\" aria-expanded=\"false\" aria-controls=\"accordion-1221192657-content\" >\n\t\t\t<button class=\"toggle\" aria-label=\"Umschalten\"><i class=\"icon-angle-down\"><\/i><\/button>\n\t\t\t<span>Warum zeigt der Wechselrichter Spannung an, auch wenn der Batterietrennschalter ausgeschaltet ist?<\/span>\n\t\t<\/a>\n\t\t<div id=\"accordion-1221192657-content\" class=\"accordion-inner\" aria-labelledby=\"accordion-1221192657-label\" >\n\t\t\t\n<p class=\"lead\"><span style=\"font-size: 80%;\">A: Wenn die Batterie im Lithium-Modus mit Kommunikation arbeitet, stammen die Spannungsdaten von den BMs der Batterie. Bleiben die Spannungswerte jedoch auch nach dem Ausschalten des Batterietrennschalters bestehen, k\u00f6nnte dies darauf hinweisen, dass die Batterie vor kurzem aktiv war oder der Wechselrichter im Lademodus betrieben wurde.<\/span><\/p>\n\t\t<\/div>\n\t<\/div>\n\t\n\t<div id=\"accordion-2940968598\" class=\"accordion-item\">\n\t\t<a id=\"accordion-2940968598-label\" class=\"accordion-title plain\" href=\"#accordion-item-what-fault-conditions-prompt-the-inverter-to-shut-off-its-output?\" aria-expanded=\"false\" aria-controls=\"accordion-2940968598-content\" >\n\t\t\t<button class=\"toggle\" aria-label=\"Umschalten\"><i class=\"icon-angle-down\"><\/i><\/button>\n\t\t\t<span>Welche Fehlerbedingungen veranlassen den Wechselrichter, seine Leistung abzuschalten?<\/span>\n\t\t<\/a>\n\t\t<div id=\"accordion-2940968598-content\" class=\"accordion-inner\" aria-labelledby=\"accordion-2940968598-label\" >\n\t\t\t\n<p class=\"lead\"><span style=\"font-size: 80%;\">A: Verschiedene Bedingungen wie \u00dcberlast, Kurzschluss, PV-\u00dcberspannung, \u00dcberhitzung oder L\u00fcfterausfall k\u00f6nnen einen Fehler im Wechselrichter ausl\u00f6sen, so dass dieser seinen Ausgang abschaltet. Alle abnormalen Bedingungen, die vom DSP erkannt werden, f\u00fchren zu einer Abschaltung.<\/span><\/p>\n\t\t<\/div>\n\t<\/div>\n\t\n<\/div>\n\t\t<\/div>\n\t\t\t\t\t<\/div>\n\n\t\n\n\t<div id=\"col-295485894\" class=\"col small-12 large-12\"  >\n\t\t\t\t<div class=\"col-inner\"  >\n\t\t\t\n\t\t\t\n<div class=\"accordion\">\n\t<div id=\"accordion-118461486\" class=\"accordion-item\">\n\t\t<a id=\"accordion-118461486-label\" class=\"accordion-title plain\" href=\"#accordion-item-i-installed-two-100ah-batteries,-but-the-monitoring-platform-shows-only-100ah.-why-is-that?\" aria-expanded=\"false\" aria-controls=\"accordion-118461486-content\" >\n\t\t\t<button class=\"toggle\" aria-label=\"Umschalten\"><i class=\"icon-angle-down\"><\/i><\/button>\n\t\t\t<span>Ich habe zwei 100Ah-Batterien installiert, aber die \u00dcberwachungsplattform zeigt nur 100Ah an. Warum ist das so?<\/span>\n\t\t<\/a>\n\t\t<div id=\"accordion-118461486-content\" class=\"accordion-inner\" aria-labelledby=\"accordion-118461486-label\" >\n\t\t\t\n<p>A: Der auf der \u00dcberwachungsplattform angezeigte Strom spiegelt die von den BMs der Batterie gelieferten Daten wider. Wenn die BMs genau einen Gesamtstrom von 200Ah melden, zeigt das \u00dcberwachungssystem 200Ah an. Wenden Sie sich an den Batterielieferanten, um genaue Informationen zu erhalten.<\/p>\n\t\t<\/div>\n\t<\/div>\n\t\n\t<div id=\"accordion-3133131286\" class=\"accordion-item\">\n\t\t<a id=\"accordion-3133131286-label\" class=\"accordion-title plain\" href=\"#accordion-item-why-does-the-battery-state-of-charge-(soc)-experience-sudden-dramatic-increases?\" aria-expanded=\"false\" aria-controls=\"accordion-3133131286-content\" >\n\t\t\t<button class=\"toggle\" aria-label=\"Umschalten\"><i class=\"icon-angle-down\"><\/i><\/button>\n\t\t\t<span>Warum steigt der Ladezustand der Batterie (SOC) pl\u00f6tzlich dramatisch an?<\/span>\n\t\t<\/a>\n\t\t<div id=\"accordion-3133131286-content\" class=\"accordion-inner\" aria-labelledby=\"accordion-3133131286-label\" >\n\t\t\t\n<p class=\"lead\"><span style=\"font-size: 80%;\">A: Pl\u00f6tzliche \u00c4nderungen des SOC k\u00f6nnen auf Probleme bei der SOC-Kalibrierung der Batterie zur\u00fcckzuf\u00fchren sein. Pr\u00fcfen Sie MaxCellVoltage und MinCellVoltage auf unausgeglichene Batteriezellenspannungen.<\/span><\/p>\n\t\t<\/div>\n\t<\/div>\n\t\n\t<div id=\"accordion-3416898750\" class=\"accordion-item\">\n\t\t<a id=\"accordion-3416898750-label\" class=\"accordion-title plain\" href=\"#accordion-item-why-does-the-grid-continue-charging-despite-ac-charge-being-disabled?\" aria-expanded=\"false\" aria-controls=\"accordion-3416898750-content\" >\n\t\t\t<button class=\"toggle\" aria-label=\"Umschalten\"><i class=\"icon-angle-down\"><\/i><\/button>\n\t\t\t<span>Warum l\u00e4dt das Netz weiter, obwohl die AC-Ladung deaktiviert ist?<\/span>\n\t\t<\/a>\n\t\t<div id=\"accordion-3416898750-content\" class=\"accordion-inner\" aria-labelledby=\"accordion-3416898750-label\" >\n\t\t\t\n<p class=\"lead\"><span style=\"font-size: 80%;\">A: \u00dcberpr\u00fcfen Sie den Batteriestatus auf der Startseite. Wenn bestimmte Codes wie 0x10, 0x11, 0x12, 0x13, 0x20, 0x21, 0x22 oder 0x23 angezeigt werden, bedeutet dies, dass der Akku eine Zwangsladung angefordert hat.<\/span><\/p>\n\t\t<\/div>\n\t<\/div>\n\t\n<\/div>\n<div class=\"accordion\">\n\t<div id=\"accordion-925024403\" class=\"accordion-item\">\n\t\t<a id=\"accordion-925024403-label\" class=\"accordion-title plain\" href=\"#accordion-item-the-battery-is-fully-charged,-yet-the-inverter-detects-a-battery-open-condition-(bat-volt-open).-why?\" aria-expanded=\"false\" aria-controls=\"accordion-925024403-content\" >\n\t\t\t<button class=\"toggle\" aria-label=\"Umschalten\"><i class=\"icon-angle-down\"><\/i><\/button>\n\t\t\t<span>Die Batterie ist voll geladen, aber der Wechselrichter erkennt einen offenen Zustand der Batterie (Bat Volt Open). Warum?<\/span>\n\t\t<\/a>\n\t\t<div id=\"accordion-925024403-content\" class=\"accordion-inner\" aria-labelledby=\"accordion-925024403-label\" >\n\t\t\t\n<p>A: Dies kann aufgrund eines pl\u00f6tzlichen Stromausfalls und der Wiederherstellung auftreten. Starten Sie den Wechselrichter nach der Wiederherstellung manuell neu, um den Fehler zu beheben, oder \u00fcberpr\u00fcfen Sie, ob die Ladeleistung des Wechselrichters 300 W \u00fcberschreitet.<\/p>\n\t\t<\/div>\n\t<\/div>\n\t\n\t<div id=\"accordion-3571845595\" class=\"accordion-item\">\n\t\t<a id=\"accordion-3571845595-label\" class=\"accordion-title plain\" href=\"#accordion-item-why-does-my-battery-show-full-charge-while-the-voltage-remains-unusually-low?\" aria-expanded=\"false\" aria-controls=\"accordion-3571845595-content\" >\n\t\t\t<button class=\"toggle\" aria-label=\"Umschalten\"><i class=\"icon-angle-down\"><\/i><\/button>\n\t\t\t<span>Warum zeigt meine Batterie volle Ladung an, w\u00e4hrend die Spannung ungew\u00f6hnlich niedrig bleibt?<\/span>\n\t\t<\/a>\n\t\t<div id=\"accordion-3571845595-content\" class=\"accordion-inner\" aria-labelledby=\"accordion-3571845595-label\" >\n\t\t\t\n<p class=\"lead\"><span style=\"font-size: 80%;\">A: Wenn die Batterie im Lithium-Modus arbeitet, stammen die Spannungsdaten vom Batterie-BMS und haben nichts mit dem Wechselrichter zu tun. Im Blei-S\u00e4ure-Modus kann die Genauigkeit der SOC-Messung variieren, was eine Spannungssteuerung als Alternative nahelegt.<\/span><\/p>\n\t\t<\/div>\n\t<\/div>\n\t\n<\/div>\n\t\t<\/div>\n\t\t\t\t\t<\/div>\n\n\t\n<\/div>\n\t\t<\/div>\n\n\t\t\n<style>\n#section_1886504835 {\n  padding-top: 30px;\n  padding-bottom: 30px;\n}\n<\/style>\n\t<\/section>","protected":false},"excerpt":{"rendered":"","protected":false},"author":3,"featured_media":0,"parent":0,"menu_order":0,"comment_status":"closed","ping_status":"closed","template":"page-transparent-header-light.php","meta":{"rop_custom_images_group":[],"rop_custom_messages_group":[],"rop_publish_now":"initial","rop_publish_now_accounts":[],"rop_publish_now_history":[],"rop_publish_now_status":"pending","footnotes":""},"class_list":["post-8646","page","type-page","status-publish","hentry"],"yoast_head":"<!-- This site is optimized with the Yoast SEO plugin v27.3 - https:\/\/yoast.com\/product\/yoast-seo-wordpress\/ -->\n<title>Off-grid Inverter FAQs -<\/title>\n<meta name=\"robots\" content=\"index, follow, max-snippet:-1, max-image-preview:large, max-video-preview:-1\" \/>\n<link rel=\"canonical\" href=\"https:\/\/luxpowertek.com\/de\/offgridinverterfaq\/\" \/>\n<meta property=\"og:locale\" content=\"de_DE\" \/>\n<meta property=\"og:type\" content=\"article\" \/>\n<meta property=\"og:title\" content=\"Off-grid Inverter FAQs -\" \/>\n<meta property=\"og:url\" content=\"https:\/\/luxpowertek.com\/de\/offgridinverterfaq\/\" \/>\n<meta property=\"article:publisher\" content=\"https:\/\/www.facebook.com\/LUXPOWERTEK\" \/>\n<meta property=\"article:modified_time\" content=\"2024-07-04T02:34:11+00:00\" \/>\n<meta name=\"twitter:card\" content=\"summary_large_image\" \/>\n<meta name=\"twitter:label1\" content=\"Gesch\u00e4tzte Lesezeit\" \/>\n\t<meta name=\"twitter:data1\" content=\"3\u00a0Minuten\" \/>\n<script type=\"application\/ld+json\" class=\"yoast-schema-graph\">{\"@context\":\"https:\\\/\\\/schema.org\",\"@graph\":[{\"@type\":\"WebPage\",\"@id\":\"https:\\\/\\\/luxpowertek.com\\\/offgridinverterfaq\\\/\",\"url\":\"https:\\\/\\\/luxpowertek.com\\\/offgridinverterfaq\\\/\",\"name\":\"Off-grid Inverter FAQs -\",\"isPartOf\":{\"@id\":\"https:\\\/\\\/luxpowertek.com\\\/#website\"},\"datePublished\":\"2024-04-09T13:26:37+00:00\",\"dateModified\":\"2024-07-04T02:34:11+00:00\",\"breadcrumb\":{\"@id\":\"https:\\\/\\\/luxpowertek.com\\\/offgridinverterfaq\\\/#breadcrumb\"},\"inLanguage\":\"de\",\"potentialAction\":[{\"@type\":\"ReadAction\",\"target\":[\"https:\\\/\\\/luxpowertek.com\\\/offgridinverterfaq\\\/\"]}]},{\"@type\":\"BreadcrumbList\",\"@id\":\"https:\\\/\\\/luxpowertek.com\\\/offgridinverterfaq\\\/#breadcrumb\",\"itemListElement\":[{\"@type\":\"ListItem\",\"position\":1,\"name\":\"Home\",\"item\":\"https:\\\/\\\/luxpowertek.com\\\/\"},{\"@type\":\"ListItem\",\"position\":2,\"name\":\"Off-grid Inverter FAQs\"}]},{\"@type\":\"WebSite\",\"@id\":\"https:\\\/\\\/luxpowertek.com\\\/#website\",\"url\":\"https:\\\/\\\/luxpowertek.com\\\/\",\"name\":\"\",\"description\":\"\",\"publisher\":{\"@id\":\"https:\\\/\\\/luxpowertek.com\\\/#organization\"},\"potentialAction\":[{\"@type\":\"SearchAction\",\"target\":{\"@type\":\"EntryPoint\",\"urlTemplate\":\"https:\\\/\\\/luxpowertek.com\\\/?s={search_term_string}\"},\"query-input\":{\"@type\":\"PropertyValueSpecification\",\"valueRequired\":true,\"valueName\":\"search_term_string\"}}],\"inLanguage\":\"de\"},{\"@type\":\"Organization\",\"@id\":\"https:\\\/\\\/luxpowertek.com\\\/#organization\",\"name\":\"LuxpowerTek\",\"url\":\"https:\\\/\\\/luxpowertek.com\\\/\",\"logo\":{\"@type\":\"ImageObject\",\"inLanguage\":\"de\",\"@id\":\"https:\\\/\\\/luxpowertek.com\\\/#\\\/schema\\\/logo\\\/image\\\/\",\"url\":\"https:\\\/\\\/luxpowertek.com\\\/wp-content\\\/uploads\\\/2024\\\/08\\\/Luxpower_logo_new.webp\",\"contentUrl\":\"https:\\\/\\\/luxpowertek.com\\\/wp-content\\\/uploads\\\/2024\\\/08\\\/Luxpower_logo_new.webp\",\"width\":1030,\"height\":186,\"caption\":\"LuxpowerTek\"},\"image\":{\"@id\":\"https:\\\/\\\/luxpowertek.com\\\/#\\\/schema\\\/logo\\\/image\\\/\"},\"sameAs\":[\"https:\\\/\\\/www.facebook.com\\\/LUXPOWERTEK\"]}]}<\/script>\n<!-- \/ Yoast SEO plugin. -->","yoast_head_json":{"title":"FAQs zu netzunabh\u00e4ngigen Wechselrichtern -","robots":{"index":"index","follow":"follow","max-snippet":"max-snippet:-1","max-image-preview":"max-image-preview:large","max-video-preview":"max-video-preview:-1"},"canonical":"https:\/\/luxpowertek.com\/de\/offgridinverterfaq\/","og_locale":"de_DE","og_type":"article","og_title":"Off-grid Inverter FAQs -","og_url":"https:\/\/luxpowertek.com\/de\/offgridinverterfaq\/","article_publisher":"https:\/\/www.facebook.com\/LUXPOWERTEK","article_modified_time":"2024-07-04T02:34:11+00:00","twitter_card":"summary_large_image","twitter_misc":{"Gesch\u00e4tzte Lesezeit":"3\u00a0Minuten"},"schema":{"@context":"https:\/\/schema.org","@graph":[{"@type":"WebPage","@id":"https:\/\/luxpowertek.com\/offgridinverterfaq\/","url":"https:\/\/luxpowertek.com\/offgridinverterfaq\/","name":"FAQs zu netzunabh\u00e4ngigen Wechselrichtern -","isPartOf":{"@id":"https:\/\/luxpowertek.com\/#website"},"datePublished":"2024-04-09T13:26:37+00:00","dateModified":"2024-07-04T02:34:11+00:00","breadcrumb":{"@id":"https:\/\/luxpowertek.com\/offgridinverterfaq\/#breadcrumb"},"inLanguage":"de","potentialAction":[{"@type":"ReadAction","target":["https:\/\/luxpowertek.com\/offgridinverterfaq\/"]}]},{"@type":"BreadcrumbList","@id":"https:\/\/luxpowertek.com\/offgridinverterfaq\/#breadcrumb","itemListElement":[{"@type":"ListItem","position":1,"name":"Home","item":"https:\/\/luxpowertek.com\/"},{"@type":"ListItem","position":2,"name":"Off-grid Inverter FAQs"}]},{"@type":"WebSite","@id":"https:\/\/luxpowertek.com\/#website","url":"https:\/\/luxpowertek.com\/","name":"","description":"","publisher":{"@id":"https:\/\/luxpowertek.com\/#organization"},"potentialAction":[{"@type":"SearchAction","target":{"@type":"EntryPoint","urlTemplate":"https:\/\/luxpowertek.com\/?s={search_term_string}"},"query-input":{"@type":"PropertyValueSpecification","valueRequired":true,"valueName":"search_term_string"}}],"inLanguage":"de"},{"@type":"Organization","@id":"https:\/\/luxpowertek.com\/#organization","name":"LuxpowerTek","url":"https:\/\/luxpowertek.com\/","logo":{"@type":"ImageObject","inLanguage":"de","@id":"https:\/\/luxpowertek.com\/#\/schema\/logo\/image\/","url":"https:\/\/luxpowertek.com\/wp-content\/uploads\/2024\/08\/Luxpower_logo_new.webp","contentUrl":"https:\/\/luxpowertek.com\/wp-content\/uploads\/2024\/08\/Luxpower_logo_new.webp","width":1030,"height":186,"caption":"LuxpowerTek"},"image":{"@id":"https:\/\/luxpowertek.com\/#\/schema\/logo\/image\/"},"sameAs":["https:\/\/www.facebook.com\/LUXPOWERTEK"]}]}},"_links":{"self":[{"href":"https:\/\/luxpowertek.com\/de\/wp-json\/wp\/v2\/pages\/8646","targetHints":{"allow":["GET"]}}],"collection":[{"href":"https:\/\/luxpowertek.com\/de\/wp-json\/wp\/v2\/pages"}],"about":[{"href":"https:\/\/luxpowertek.com\/de\/wp-json\/wp\/v2\/types\/page"}],"author":[{"embeddable":true,"href":"https:\/\/luxpowertek.com\/de\/wp-json\/wp\/v2\/users\/3"}],"replies":[{"embeddable":true,"href":"https:\/\/luxpowertek.com\/de\/wp-json\/wp\/v2\/comments?post=8646"}],"version-history":[{"count":8,"href":"https:\/\/luxpowertek.com\/de\/wp-json\/wp\/v2\/pages\/8646\/revisions"}],"predecessor-version":[{"id":8661,"href":"https:\/\/luxpowertek.com\/de\/wp-json\/wp\/v2\/pages\/8646\/revisions\/8661"}],"wp:attachment":[{"href":"https:\/\/luxpowertek.com\/de\/wp-json\/wp\/v2\/media?parent=8646"}],"curies":[{"name":"wp","href":"https:\/\/api.w.org\/{rel}","templated":true}]}}