{"id":8510,"date":"2024-04-08T14:52:45","date_gmt":"2024-04-08T06:52:45","guid":{"rendered":"https:\/\/luxpowertek.com\/?page_id=8510"},"modified":"2024-08-07T15:06:41","modified_gmt":"2024-08-07T07:06:41","slug":"fragen-zum-solar-hybrid-wechselrichter","status":"publish","type":"page","link":"https:\/\/luxpowertek.com\/de\/fragen-zum-solar-hybrid-wechselrichter\/","title":{"rendered":"FAQs zum Solar-Hybrid-Wechselrichter"},"content":{"rendered":"<div class=\"banner has-hover\" id=\"banner-1585419343\">\n          <div class=\"banner-inner fill\">\n        <div class=\"banner-bg fill\" >\n            <div class=\"bg fill bg-fill\"><\/div>\n                        <div class=\"overlay\"><\/div>            \n                    <\/div>\n\t\t\n        <div class=\"banner-layers container\">\n            <div class=\"fill banner-link\"><\/div>            \n   <div id=\"text-box-1569613593\" class=\"text-box banner-layer x50 md-x50 lg-x50 y50 md-y50 lg-y50 res-text\">\n                                <div class=\"text-box-content text dark\">\n              \n              <div class=\"text-inner text-center\">\n                  \n              <\/div>\n           <\/div>\n                            \n<style>\n#text-box-1569613593 {\n  width: 60%;\n}\n#text-box-1569613593 .text-box-content {\n  font-size: 100%;\n}\n@media (min-width:550px) {\n  #text-box-1569613593 {\n    width: 60%;\n  }\n}\n<\/style>\n    <\/div>\n \n        <\/div>\n      <\/div>\n\n            \n<style>\n#banner-1585419343 {\n  padding-top: 500px;\n}\n#banner-1585419343 .bg.bg-loaded {\n  background-image: url(https:\/\/luxpowertek.com\/wp-content\/uploads\/2024\/04\/six.webp);\n}\n#banner-1585419343 .overlay {\n  background-color: rgba(0, 0, 0, 0.401);\n}\n<\/style>\n  <\/div>\n\n\n\t<section class=\"section\" id=\"section_142750700\">\n\t\t<div class=\"bg section-bg fill bg-fill  bg-loaded\" >\n\n\t\t\t\n\t\t\t\n\t\t\t\n\n\t\t<\/div>\n\n\t\t\n\n\t\t<div class=\"section-content relative\">\n\t\t\t\n<div class=\"row\"  id=\"row-1452321996\">\n\n\t<div id=\"col-1990579770\" class=\"col small-12 large-12\"  >\n\t\t\t\t<div class=\"col-inner\"  >\n\t\t\t\n\t\t\t\n<p class=\"lead\" style=\"text-align: center;\"><strong><span style=\"font-size: 130%;\">FAQs zum Solar-Hybrid-Wechselrichter<\/span><\/strong><\/p>\n\t\t<\/div>\n\t\t\t\t\t<\/div>\n\n\t\n<\/div>\n<div class=\"row\"  id=\"row-1856522543\">\n\n\t<div id=\"col-248768610\" class=\"col small-12 large-12\"  >\n\t\t\t\t<div class=\"col-inner\"  >\n\t\t\t\n\t\t\t\n<div class=\"accordion\">\n\t<div id=\"accordion-3567281953\" class=\"accordion-item\">\n\t\t<a id=\"accordion-3567281953-label\" class=\"accordion-title plain\" href=\"#accordion-item-does-lxp-us-12k-support-generator-remote-start-function-?\" aria-expanded=\"false\" aria-controls=\"accordion-3567281953-content\" >\n\t\t\t<button class=\"toggle\" aria-label=\"Umschalten\"><i class=\"icon-angle-down\"><\/i><\/button>\n\t\t\t<span>Unterst\u00fctzt der LXP-US 12K die Fernstartfunktion des Generators?<\/span>\n\t\t<\/a>\n\t\t<div id=\"accordion-3567281953-content\" class=\"accordion-inner\" aria-labelledby=\"accordion-3567281953-label\" >\n\t\t\t\n<p class=\"lead\"><span style=\"font-size: 80%;\">A: Ja, die Luxpower 12kW Serie erm\u00f6glicht auch die Auto-Start-Funktion des Generators. Um diese Funktion zu aktivieren, stellen Sie sicher, dass Ihr Generator die Autostart-Funktion unterst\u00fctzt. Schlie\u00dfen Sie einfach ein 2-adriges Kabel direkt an den Trockenkontaktanschluss an.<\/span><\/p>\n\t\t<\/div>\n\t<\/div>\n\t\n\t<div id=\"accordion-4276246583\" class=\"accordion-item\">\n\t\t<a id=\"accordion-4276246583-label\" class=\"accordion-title plain\" href=\"#accordion-item-what-does-grid-peak-shaving-mean?\" aria-expanded=\"false\" aria-controls=\"accordion-4276246583-content\" >\n\t\t\t<button class=\"toggle\" aria-label=\"Umschalten\"><i class=\"icon-angle-down\"><\/i><\/button>\n\t\t\t<span>Was bedeutet \"Grid Peak Shaving\"?<\/span>\n\t\t<\/a>\n\t\t<div id=\"accordion-4276246583-content\" class=\"accordion-inner\" aria-labelledby=\"accordion-4276246583-label\" >\n\t\t\t\n<p class=\"lead\"><span style=\"font-size: 80%;\">A: Peak-Shaving bedeutet, dass die Batterie w\u00e4hrend der Peak-Shaving-Periode, wenn die importierte Leistung unter dem Grenzwert liegt, aufgeladen wird. Wenn die importierte Leistung aus dem Netz h\u00f6her ist als der Grenzwert, wird die Batterie entladen, um die \u00fcbersch\u00fcssige Leistung zu kompensieren.<\/span><\/p>\n\t\t<\/div>\n\t<\/div>\n\t\n\t<div id=\"accordion-3272556783\" class=\"accordion-item\">\n\t\t<a id=\"accordion-3272556783-label\" class=\"accordion-title plain\" href=\"#accordion-item-why-is-the-inverter-connected-to-the-ac-grid,-but-there&#039;s-no-eps-output-from-the-inverter?\" aria-expanded=\"false\" aria-controls=\"accordion-3272556783-content\" >\n\t\t\t<button class=\"toggle\" aria-label=\"Umschalten\"><i class=\"icon-angle-down\"><\/i><\/button>\n\t\t\t<span>Warum ist der Wechselrichter an das Wechselstromnetz angeschlossen, aber es gibt keinen EPS-Ausgang vom Wechselrichter?<\/span>\n\t\t<\/a>\n\t\t<div id=\"accordion-3272556783-content\" class=\"accordion-inner\" aria-labelledby=\"accordion-3272556783-label\" >\n\t\t\t\n<p class=\"lead\"><span style=\"font-size: 80%;\">A: Bitte stellen Sie sicher, dass die Eingangsspannung aus dem Netz stabil ist und in den Bereich von 180-270 V f\u00e4llt. Schwankungen in der Netzeinspeisung k\u00f6nnen dazu f\u00fchren, dass h\u00e4ufig zwischen dem netzgebundenen und dem netzunabh\u00e4ngigen Modus gewechselt wird, was zu einem Ausfall des Bypass-Relais f\u00fchren kann. Die Untersuchung der Ursachen f\u00fcr instabile Netzeinspeisung ist unerl\u00e4sslich. Falls erforderlich, sollten die Komponenten der IO-Platine ausgetauscht werden, um das Problem effektiv zu l\u00f6sen.<\/span><\/p>\n\t\t<\/div>\n\t<\/div>\n\t\n\t<div id=\"accordion-3101226394\" class=\"accordion-item\">\n\t\t<a id=\"accordion-3101226394-label\" class=\"accordion-title plain\" href=\"#accordion-item-what&#039;s-the-function-of-dustproof-insulating-foam-for-mainboard\uff1f\" aria-expanded=\"false\" aria-controls=\"accordion-3101226394-content\" >\n\t\t\t<button class=\"toggle\" aria-label=\"Umschalten\"><i class=\"icon-angle-down\"><\/i><\/button>\n\t\t\t<span>Was ist die Funktion von staubdichtem Isolierschaum f\u00fcr Mainboards\uff1f<\/span>\n\t\t<\/a>\n\t\t<div id=\"accordion-3101226394-content\" class=\"accordion-inner\" aria-labelledby=\"accordion-3101226394-label\" >\n\t\t\t\n<p class=\"lead\"><span style=\"font-size: 80%;\">A: Diese Komponente dient dazu, Staubansammlungen zu verhindern und die Hauptplatine zu isolieren. Sie spielt eine entscheidende Rolle beim Schutz der Hauptplatine vor den sch\u00e4dlichen Auswirkungen von Staub, Schmutz und anderen Verunreinigungen. Au\u00dferdem sorgt sie f\u00fcr Isolierung und Sto\u00dfd\u00e4mpfung, um eine optimale Funktionalit\u00e4t und Langlebigkeit der Hauptplatine zu gew\u00e4hrleisten.<\/span><\/p>\n\t\t<\/div>\n\t<\/div>\n\t\n<\/div>\n<div class=\"accordion\">\n\t<div id=\"accordion-2601111861\" class=\"accordion-item\">\n\t\t<a id=\"accordion-2601111861-label\" class=\"accordion-title plain\" href=\"#accordion-item-why-does-the-loss-of-sync-trigger-signal-happen-in-a-parallel-system?\" aria-expanded=\"false\" aria-controls=\"accordion-2601111861-content\" >\n\t\t\t<button class=\"toggle\" aria-label=\"Umschalten\"><i class=\"icon-angle-down\"><\/i><\/button>\n\t\t\t<span>Warum kommt es in einem parallelen System zum Verlust des Sync-Triggersignals?<\/span>\n\t\t<\/a>\n\t\t<div id=\"accordion-2601111861-content\" class=\"accordion-inner\" aria-labelledby=\"accordion-2601111861-label\" >\n\t\t\t\n<p class=\"lead\"><span style=\"font-size: 80%;\">A: Bevor Sie fortfahren, \u00fcberpr\u00fcfen Sie bitte das parallele CAN-Kabel und die Schnittstellenkarte. Falls erforderlich, sollten Sie die Schnittstellenkarte in diesem Ger\u00e4t austauschen und eine gr\u00fcndliche Inspektion durchf\u00fchren. Sollten Sie weitere technische Unterst\u00fctzung ben\u00f6tigen, z\u00f6gern Sie bitte nicht, sich an unser technisches Support-Team zu wenden.<\/span><\/p>\n\t\t<\/div>\n\t<\/div>\n\t\n\t<div id=\"accordion-3525185036\" class=\"accordion-item\">\n\t\t<a id=\"accordion-3525185036-label\" class=\"accordion-title plain\" href=\"#accordion-item-can-i-use-the-installer-account-to-block-an-end-user-from-changing-settings?\" aria-expanded=\"false\" aria-controls=\"accordion-3525185036-content\" >\n\t\t\t<button class=\"toggle\" aria-label=\"Umschalten\"><i class=\"icon-angle-down\"><\/i><\/button>\n\t\t\t<span>Kann ich das Konto des Installateurs verwenden, um einen Endbenutzer daran zu hindern, Einstellungen zu \u00e4ndern?<\/span>\n\t\t<\/a>\n\t\t<div id=\"accordion-3525185036-content\" class=\"accordion-inner\" aria-labelledby=\"accordion-3525185036-label\" >\n\t\t\t\n<p class=\"lead\"><span style=\"font-size: 80%;\">A: Ja, Sie haben den Zugriff auf Nur-Lesen eingestellt. Diese Einstellung scheint jedoch nicht zu gelten, wenn Sie versuchen, das Wechselrichterende \u00fcber den LCD-Bildschirm zu konfigurieren.<\/span><\/p>\n\t\t<\/div>\n\t<\/div>\n\t\n<\/div>\n\t\t<\/div>\n\t\t\t\t\t<\/div>\n\n\t\n\n\t<div id=\"col-104888806\" class=\"col small-12 large-12\"  >\n\t\t\t\t<div class=\"col-inner\"  >\n\t\t\t\n\t\t\t\n<div class=\"accordion\">\n\t<div id=\"accordion-3123578458\" class=\"accordion-item\">\n\t\t<a id=\"accordion-3123578458-label\" class=\"accordion-title plain\" href=\"#accordion-item-why-is-there-no-display-of-battery-voltage-and-soc-despite-connecting-the-battery-to-the-inverter?\" aria-expanded=\"false\" aria-controls=\"accordion-3123578458-content\" >\n\t\t\t<button class=\"toggle\" aria-label=\"Umschalten\"><i class=\"icon-angle-down\"><\/i><\/button>\n\t\t\t<span>Warum wird die Batteriespannung und der SOC nicht angezeigt, obwohl die Batterie an den Wechselrichter angeschlossen ist?<\/span>\n\t\t<\/a>\n\t\t<div id=\"accordion-3123578458-content\" class=\"accordion-inner\" aria-labelledby=\"accordion-3123578458-label\" >\n\t\t\t\n<p class=\"lead\"><span style=\"font-size: 80%;\">A: Wenn Sie eine Lithium-Batterie verwenden, m\u00fcssen Sie unbedingt sicherstellen, dass keine Kommunikationsfehler zwischen dem Wechselrichter und der Batterie vorliegen. Wenn Sie hingegen eine Blei-S\u00e4ure-Batterie verwenden, \u00fcberpr\u00fcfen Sie bitte die Batterieeinstellungen und schalten Sie ggf. auf den Blei-S\u00e4ure-Modus um.<\/span><\/p>\n\t\t<\/div>\n\t<\/div>\n\t\n\t<div id=\"accordion-2682199478\" class=\"accordion-item\">\n\t\t<a id=\"accordion-2682199478-label\" class=\"accordion-title plain\" href=\"#accordion-item-what-should-i-do-to-the-inverter-when-i-leave-home-for-a-long-time\uff1f\" aria-expanded=\"false\" aria-controls=\"accordion-2682199478-content\" >\n\t\t\t<button class=\"toggle\" aria-label=\"Umschalten\"><i class=\"icon-angle-down\"><\/i><\/button>\n\t\t\t<span>Was muss ich mit dem Wechselrichter tun, wenn ich f\u00fcr l\u00e4ngere Zeit das Haus verlasse?<\/span>\n\t\t<\/a>\n\t\t<div id=\"accordion-2682199478-content\" class=\"accordion-inner\" aria-labelledby=\"accordion-2682199478-label\" >\n\t\t\t\n<p class=\"lead\"><span style=\"font-size: 80%;\">A: Es gibt kein Sicherheitsrisiko, wenn Sie das Haus verlassen. Und Sie k\u00f6nnen die Fern\u00fcberwachung und -einstellung \u00fcber Ihre App vornehmen.<\/span><\/p>\n\t\t<\/div>\n\t<\/div>\n\t\n<\/div>\n<div class=\"accordion\">\n<\/div>\n\t\t<\/div>\n\t\t\t\t\t<\/div>\n\n\t\n<\/div>\n\t\t<\/div>\n\n\t\t\n<style>\n#section_142750700 {\n  padding-top: 30px;\n  padding-bottom: 30px;\n}\n<\/style>\n\t<\/section>","protected":false},"excerpt":{"rendered":"","protected":false},"author":3,"featured_media":0,"parent":0,"menu_order":0,"comment_status":"closed","ping_status":"closed","template":"page-transparent-header-light.php","meta":{"rop_custom_images_group":[],"rop_custom_messages_group":[],"rop_publish_now":"initial","rop_publish_now_accounts":[],"rop_publish_now_history":[],"rop_publish_now_status":"pending","footnotes":""},"class_list":["post-8510","page","type-page","status-publish","hentry"],"yoast_head":"<!-- This site is optimized with the Yoast SEO plugin v27.3 - https:\/\/yoast.com\/product\/yoast-seo-wordpress\/ -->\n<title>Solar Hybrid Inverter FAQs -<\/title>\n<meta name=\"robots\" content=\"index, follow, max-snippet:-1, max-image-preview:large, max-video-preview:-1\" \/>\n<link rel=\"canonical\" href=\"https:\/\/luxpowertek.com\/de\/fragen-zum-solar-hybrid-wechselrichter\/\" \/>\n<meta property=\"og:locale\" content=\"de_DE\" \/>\n<meta property=\"og:type\" content=\"article\" \/>\n<meta property=\"og:title\" content=\"Solar Hybrid Inverter FAQs -\" \/>\n<meta property=\"og:url\" content=\"https:\/\/luxpowertek.com\/de\/fragen-zum-solar-hybrid-wechselrichter\/\" \/>\n<meta property=\"article:publisher\" content=\"https:\/\/www.facebook.com\/LUXPOWERTEK\" \/>\n<meta property=\"article:modified_time\" content=\"2024-08-07T07:06:41+00:00\" \/>\n<meta name=\"twitter:card\" content=\"summary_large_image\" \/>\n<meta name=\"twitter:label1\" content=\"Gesch\u00e4tzte Lesezeit\" \/>\n\t<meta name=\"twitter:data1\" content=\"3\u00a0Minuten\" \/>\n<script type=\"application\/ld+json\" class=\"yoast-schema-graph\">{\"@context\":\"https:\\\/\\\/schema.org\",\"@graph\":[{\"@type\":\"WebPage\",\"@id\":\"https:\\\/\\\/luxpowertek.com\\\/solar-hybrid-inverter-faqs\\\/\",\"url\":\"https:\\\/\\\/luxpowertek.com\\\/solar-hybrid-inverter-faqs\\\/\",\"name\":\"Solar Hybrid Inverter FAQs -\",\"isPartOf\":{\"@id\":\"https:\\\/\\\/luxpowertek.com\\\/#website\"},\"datePublished\":\"2024-04-08T06:52:45+00:00\",\"dateModified\":\"2024-08-07T07:06:41+00:00\",\"breadcrumb\":{\"@id\":\"https:\\\/\\\/luxpowertek.com\\\/solar-hybrid-inverter-faqs\\\/#breadcrumb\"},\"inLanguage\":\"de\",\"potentialAction\":[{\"@type\":\"ReadAction\",\"target\":[\"https:\\\/\\\/luxpowertek.com\\\/solar-hybrid-inverter-faqs\\\/\"]}]},{\"@type\":\"BreadcrumbList\",\"@id\":\"https:\\\/\\\/luxpowertek.com\\\/solar-hybrid-inverter-faqs\\\/#breadcrumb\",\"itemListElement\":[{\"@type\":\"ListItem\",\"position\":1,\"name\":\"Home\",\"item\":\"https:\\\/\\\/luxpowertek.com\\\/\"},{\"@type\":\"ListItem\",\"position\":2,\"name\":\"Solar Hybrid Inverter FAQs\"}]},{\"@type\":\"WebSite\",\"@id\":\"https:\\\/\\\/luxpowertek.com\\\/#website\",\"url\":\"https:\\\/\\\/luxpowertek.com\\\/\",\"name\":\"\",\"description\":\"\",\"publisher\":{\"@id\":\"https:\\\/\\\/luxpowertek.com\\\/#organization\"},\"potentialAction\":[{\"@type\":\"SearchAction\",\"target\":{\"@type\":\"EntryPoint\",\"urlTemplate\":\"https:\\\/\\\/luxpowertek.com\\\/?s={search_term_string}\"},\"query-input\":{\"@type\":\"PropertyValueSpecification\",\"valueRequired\":true,\"valueName\":\"search_term_string\"}}],\"inLanguage\":\"de\"},{\"@type\":\"Organization\",\"@id\":\"https:\\\/\\\/luxpowertek.com\\\/#organization\",\"name\":\"LuxpowerTek\",\"url\":\"https:\\\/\\\/luxpowertek.com\\\/\",\"logo\":{\"@type\":\"ImageObject\",\"inLanguage\":\"de\",\"@id\":\"https:\\\/\\\/luxpowertek.com\\\/#\\\/schema\\\/logo\\\/image\\\/\",\"url\":\"https:\\\/\\\/luxpowertek.com\\\/wp-content\\\/uploads\\\/2024\\\/08\\\/Luxpower_logo_new.webp\",\"contentUrl\":\"https:\\\/\\\/luxpowertek.com\\\/wp-content\\\/uploads\\\/2024\\\/08\\\/Luxpower_logo_new.webp\",\"width\":1030,\"height\":186,\"caption\":\"LuxpowerTek\"},\"image\":{\"@id\":\"https:\\\/\\\/luxpowertek.com\\\/#\\\/schema\\\/logo\\\/image\\\/\"},\"sameAs\":[\"https:\\\/\\\/www.facebook.com\\\/LUXPOWERTEK\"]}]}<\/script>\n<!-- \/ Yoast SEO plugin. -->","yoast_head_json":{"title":"Solar-Hybrid-Wechselrichter FAQs -","robots":{"index":"index","follow":"follow","max-snippet":"max-snippet:-1","max-image-preview":"max-image-preview:large","max-video-preview":"max-video-preview:-1"},"canonical":"https:\/\/luxpowertek.com\/de\/fragen-zum-solar-hybrid-wechselrichter\/","og_locale":"de_DE","og_type":"article","og_title":"Solar Hybrid Inverter FAQs -","og_url":"https:\/\/luxpowertek.com\/de\/fragen-zum-solar-hybrid-wechselrichter\/","article_publisher":"https:\/\/www.facebook.com\/LUXPOWERTEK","article_modified_time":"2024-08-07T07:06:41+00:00","twitter_card":"summary_large_image","twitter_misc":{"Gesch\u00e4tzte Lesezeit":"3\u00a0Minuten"},"schema":{"@context":"https:\/\/schema.org","@graph":[{"@type":"WebPage","@id":"https:\/\/luxpowertek.com\/solar-hybrid-inverter-faqs\/","url":"https:\/\/luxpowertek.com\/solar-hybrid-inverter-faqs\/","name":"Solar-Hybrid-Wechselrichter FAQs -","isPartOf":{"@id":"https:\/\/luxpowertek.com\/#website"},"datePublished":"2024-04-08T06:52:45+00:00","dateModified":"2024-08-07T07:06:41+00:00","breadcrumb":{"@id":"https:\/\/luxpowertek.com\/solar-hybrid-inverter-faqs\/#breadcrumb"},"inLanguage":"de","potentialAction":[{"@type":"ReadAction","target":["https:\/\/luxpowertek.com\/solar-hybrid-inverter-faqs\/"]}]},{"@type":"BreadcrumbList","@id":"https:\/\/luxpowertek.com\/solar-hybrid-inverter-faqs\/#breadcrumb","itemListElement":[{"@type":"ListItem","position":1,"name":"Home","item":"https:\/\/luxpowertek.com\/"},{"@type":"ListItem","position":2,"name":"Solar Hybrid Inverter FAQs"}]},{"@type":"WebSite","@id":"https:\/\/luxpowertek.com\/#website","url":"https:\/\/luxpowertek.com\/","name":"","description":"","publisher":{"@id":"https:\/\/luxpowertek.com\/#organization"},"potentialAction":[{"@type":"SearchAction","target":{"@type":"EntryPoint","urlTemplate":"https:\/\/luxpowertek.com\/?s={search_term_string}"},"query-input":{"@type":"PropertyValueSpecification","valueRequired":true,"valueName":"search_term_string"}}],"inLanguage":"de"},{"@type":"Organization","@id":"https:\/\/luxpowertek.com\/#organization","name":"LuxpowerTek","url":"https:\/\/luxpowertek.com\/","logo":{"@type":"ImageObject","inLanguage":"de","@id":"https:\/\/luxpowertek.com\/#\/schema\/logo\/image\/","url":"https:\/\/luxpowertek.com\/wp-content\/uploads\/2024\/08\/Luxpower_logo_new.webp","contentUrl":"https:\/\/luxpowertek.com\/wp-content\/uploads\/2024\/08\/Luxpower_logo_new.webp","width":1030,"height":186,"caption":"LuxpowerTek"},"image":{"@id":"https:\/\/luxpowertek.com\/#\/schema\/logo\/image\/"},"sameAs":["https:\/\/www.facebook.com\/LUXPOWERTEK"]}]}},"_links":{"self":[{"href":"https:\/\/luxpowertek.com\/de\/wp-json\/wp\/v2\/pages\/8510","targetHints":{"allow":["GET"]}}],"collection":[{"href":"https:\/\/luxpowertek.com\/de\/wp-json\/wp\/v2\/pages"}],"about":[{"href":"https:\/\/luxpowertek.com\/de\/wp-json\/wp\/v2\/types\/page"}],"author":[{"embeddable":true,"href":"https:\/\/luxpowertek.com\/de\/wp-json\/wp\/v2\/users\/3"}],"replies":[{"embeddable":true,"href":"https:\/\/luxpowertek.com\/de\/wp-json\/wp\/v2\/comments?post=8510"}],"version-history":[{"count":12,"href":"https:\/\/luxpowertek.com\/de\/wp-json\/wp\/v2\/pages\/8510\/revisions"}],"predecessor-version":[{"id":11626,"href":"https:\/\/luxpowertek.com\/de\/wp-json\/wp\/v2\/pages\/8510\/revisions\/11626"}],"wp:attachment":[{"href":"https:\/\/luxpowertek.com\/de\/wp-json\/wp\/v2\/media?parent=8510"}],"curies":[{"name":"wp","href":"https:\/\/api.w.org\/{rel}","templated":true}]}}