{"id":7201,"date":"2023-07-14T17:08:17","date_gmt":"2023-07-14T09:08:17","guid":{"rendered":"https:\/\/luxpowertek.com\/?page_id=7201"},"modified":"2023-07-15T18:19:13","modified_gmt":"2023-07-15T10:19:13","slug":"saproducts","status":"publish","type":"page","link":"https:\/\/luxpowertek.com\/de\/saproducts\/","title":{"rendered":"SA-Erzeugnisse"},"content":{"rendered":"<div id=\"gap-586638649\" class=\"gap-element clearfix\" style=\"display:block; height:auto;\">\n\t\t\n<style>\n#gap-586638649 {\n  padding-top: 30px;\n}\n<\/style>\n\t<\/div>\n\t\n<div class=\"row\"  id=\"row-888026866\">\n\n\t<div id=\"col-851042309\" class=\"col medium-1 small-12 large-1\"  >\n\t\t\t\t<div class=\"col-inner\"  >\n\t\t\t\n\t\t\t\n\t\t<\/div>\n\t\t\t\t\n<style>\n#col-851042309 > .col-inner {\n  margin: 0px 0px 0px 37px;\n}\n<\/style>\n\t<\/div>\n\n\t\n\n\t<div id=\"col-551565668\" class=\"col medium-4 small-12 large-4\"  >\n\t\t\t\t<div class=\"col-inner\"  >\n\t\t\t\n\t\t\t\n\t<div class=\"img has-hover x md-x lg-x y md-y lg-y\" id=\"image_895990165\">\n\t\t\t\t\t\t\t\t<div class=\"img-inner dark\" >\n\t\t\t<img loading=\"lazy\" decoding=\"async\" width=\"827\" height=\"1030\" src=\"https:\/\/luxpowertek.com\/wp-content\/uploads\/2023\/05\/ECO-6k-827x1030.webp\" class=\"attachment-large size-large\" alt=\"Solar-Wechselrichter\" srcset=\"https:\/\/luxpowertek.com\/wp-content\/uploads\/2023\/05\/ECO-6k-827x1030.webp 827w, https:\/\/luxpowertek.com\/wp-content\/uploads\/2023\/05\/ECO-6k-241x300.webp 241w, https:\/\/luxpowertek.com\/wp-content\/uploads\/2023\/05\/ECO-6k-768x957.webp 768w, https:\/\/luxpowertek.com\/wp-content\/uploads\/2023\/05\/ECO-6k-1233x1536.webp 1233w, https:\/\/luxpowertek.com\/wp-content\/uploads\/2023\/05\/ECO-6k-800x996.webp 800w, https:\/\/luxpowertek.com\/wp-content\/uploads\/2023\/05\/ECO-6k.webp 1580w\" sizes=\"auto, (max-width: 827px) 100vw, 827px\" \/>\t\t\t\t\t\t\n\t\t\t\t\t<\/div>\n\t\t\t\t\t\t\t\t\n<style>\n#image_895990165 {\n  width: 88%;\n}\n<\/style>\n\t<\/div>\n\t\n\t\t<\/div>\n\t\t\t\t\n<style>\n#col-551565668 > .col-inner {\n  margin: 0px 0px 0px 20px;\n}\n<\/style>\n\t<\/div>\n\n\t\n\n\t<div id=\"col-1849616225\" class=\"col medium-5 small-12 large-5\"  >\n\t\t\t\t<div class=\"col-inner\"  >\n\t\t\t\n\t\t\t\n<h3><span style=\"color: #00a859\">SNA 3-6k<\/span><\/h3>\n<ul>\n<li style=\"text-align: left\">Intelligente netzunabh\u00e4ngige und hybride Betriebsarten<\/li>\n<li>PV- und AC-Stromlasten gleichzeitig<\/li>\n<li>Breiter PV-Eingangsspannungsbereich 100V~480V<\/li>\n<li>Gleichstrom-Gleichstrom-Wandler zur einfachen Verwendung mit Batterie<\/li>\n<li>Kostenlose \u00dcberwachung und Fernaktualisierung<\/li>\n<li>Einphasig oder unsymmetrisch dreiphasig<\/li>\n<li>Unterst\u00fctzt bis zu 16 Einheiten parallel<\/li>\n<li>Unabh\u00e4ngige Generatorschnittstelle<\/li>\n<li>Automatisch generierter Host-Wechselrichter zur Verwaltung des gesamten Systems<\/li>\n<\/ul>\n<div class=\"row\"  id=\"row-676527386\">\n\n\t<div id=\"col-534191047\" class=\"col medium-5 small-12 large-5\"  >\n\t\t\t\t<div class=\"col-inner\"  >\n\t\t\t\n\t\t\t\n\n\t\t<div class=\"icon-box featured-box icon-box-left text-left\"  >\n\t\t\t\t\t<div class=\"icon-box-img\" style=\"width: 39px\">\n\t\t\t\t<div class=\"icon\">\n\t\t\t\t\t<div class=\"icon-inner\" >\n\t\t\t\t\t\t<img loading=\"lazy\" decoding=\"async\" width=\"171\" height=\"171\" src=\"https:\/\/luxpowertek.com\/wp-content\/uploads\/2021\/12\/wordpress-pdf-icon-1.png\" class=\"attachment-medium size-medium\" alt=\"\" srcset=\"https:\/\/luxpowertek.com\/wp-content\/uploads\/2021\/12\/wordpress-pdf-icon-1.png 171w, https:\/\/luxpowertek.com\/wp-content\/uploads\/2021\/12\/wordpress-pdf-icon-1-100x100.png 100w, https:\/\/luxpowertek.com\/wp-content\/uploads\/2021\/12\/wordpress-pdf-icon-1-80x80.png 80w\" sizes=\"auto, (max-width: 171px) 100vw, 171px\" \/>\t\t\t\t\t<\/div>\n\t\t\t\t<\/div>\n\t\t\t<\/div>\n\t\t\t\t<div class=\"icon-box-text last-reset\">\n\t\t\t\t\t\t\t\t\t\n\t<div id=\"text-290157837\" class=\"text\">\n\t\t\n<p><a href=\"https:\/\/luxpowertek.com\/wp-content\/uploads\/2023\/07\/SNA-3-6k-Single-phase-specification.pdf\">Spezifikation<\/a><\/p>\n\t\t\n<style>\n#text-290157837 {\n  line-height: 3;\n}\n<\/style>\n\t<\/div>\n\t\n\t\t<\/div>\n\t<\/div>\n\t\n\t\n\t\t<\/div>\n\t\t\t\t\n<style>\n#col-534191047 > .col-inner {\n  margin: 0px 25px 0px 28px;\n}\n<\/style>\n\t<\/div>\n\n\t\n\n\t<div id=\"col-347673240\" class=\"col medium-5 small-12 large-5\"  >\n\t\t\t\t<div class=\"col-inner\"  >\n\t\t\t\n\t\t\t\n\n\t\t<div class=\"icon-box featured-box icon-box-left text-left\"  style=\"margin:0px 0px 0px 75px;\">\n\t\t\t\t\t<div class=\"icon-box-img\" style=\"width: 39px\">\n\t\t\t\t<div class=\"icon\">\n\t\t\t\t\t<div class=\"icon-inner\" >\n\t\t\t\t\t\t<img loading=\"lazy\" decoding=\"async\" width=\"171\" height=\"171\" src=\"https:\/\/luxpowertek.com\/wp-content\/uploads\/2021\/12\/wordpress-pdf-icon-1.png\" class=\"attachment-medium size-medium\" alt=\"\" srcset=\"https:\/\/luxpowertek.com\/wp-content\/uploads\/2021\/12\/wordpress-pdf-icon-1.png 171w, https:\/\/luxpowertek.com\/wp-content\/uploads\/2021\/12\/wordpress-pdf-icon-1-100x100.png 100w, https:\/\/luxpowertek.com\/wp-content\/uploads\/2021\/12\/wordpress-pdf-icon-1-80x80.png 80w\" sizes=\"auto, (max-width: 171px) 100vw, 171px\" \/>\t\t\t\t\t<\/div>\n\t\t\t\t<\/div>\n\t\t\t<\/div>\n\t\t\t\t<div class=\"icon-box-text last-reset\">\n\t\t\t\t\t\t\t\t\t\n\t<div id=\"text-759539980\" class=\"text\">\n\t\t\n<p><a href=\"https:\/\/luxpowertek.com\/wp-content\/uploads\/2023\/07\/Eco-Hybrid-SNA-3-6k-User-Manual.pdf\">\u00a0Benutzerhandbuch<\/a><\/p>\n\t\t\n<style>\n#text-759539980 {\n  line-height: 3;\n}\n<\/style>\n\t<\/div>\n\t\n\t\t<\/div>\n\t<\/div>\n\t\n\t\n\t\t<\/div>\n\t\t\t\t\n<style>\n#col-347673240 > .col-inner {\n  margin: 0px 0px 0px -45px;\n}\n<\/style>\n\t<\/div>\n\n\t\n<\/div>\n\t\t<\/div>\n\t\t\t\t\n<style>\n#col-1849616225 > .col-inner {\n  padding: 0px 0px 0px 0px;\n  margin: 29px 7px -6px -1px;\n}\n<\/style>\n\t<\/div>\n\n\t\n\n\t<div id=\"col-906330061\" class=\"col medium-1 small-12 large-1\"  >\n\t\t\t\t<div class=\"col-inner\"  >\n\t\t\t\n\t\t\t\n\t\t<\/div>\n\t\t\t\t\n<style>\n#col-906330061 > .col-inner {\n  margin: 0px 0px 0px 2px0;\n}\n<\/style>\n\t<\/div>\n\n\t\n<\/div>\n<div class=\"is-divider divider clearfix\" style=\"max-width:1280px;background-color:rgb(27, 129, 71);\"><\/div>\n\t<div id=\"gap-849214289\" class=\"gap-element clearfix\" style=\"display:block; height:auto;\">\n\t\t\n<style>\n#gap-849214289 {\n  padding-top: 50px;\n}\n<\/style>\n\t<\/div>\n\t\n<div class=\"row\"  id=\"row-1746900890\">\n\n\t<div id=\"col-148472240\" class=\"col medium-1 small-12 large-1\"  >\n\t\t\t\t<div class=\"col-inner\"  >\n\t\t\t\n\t\t\t\n\t\t<\/div>\n\t\t\t\t\n<style>\n#col-148472240 > .col-inner {\n  margin: 0px 0px 0px 37px;\n}\n<\/style>\n\t<\/div>\n\n\t\n\n\t<div id=\"col-1274816827\" class=\"col medium-4 small-12 large-4\"  >\n\t\t\t\t<div class=\"col-inner\"  >\n\t\t\t\n\t\t\t\n\t<div class=\"img has-hover x md-x lg-x y md-y lg-y\" id=\"image_1792999857\">\n\t\t\t\t\t\t\t\t<div class=\"img-inner dark\" style=\"margin:0px 16px 29px 0px;\">\n\t\t\t<img loading=\"lazy\" decoding=\"async\" width=\"892\" height=\"1030\" src=\"https:\/\/luxpowertek.com\/wp-content\/uploads\/2023\/05\/EU-8-10k-892x1030.webp\" class=\"attachment-large size-large\" alt=\"\" srcset=\"https:\/\/luxpowertek.com\/wp-content\/uploads\/2023\/05\/EU-8-10k-892x1030.webp 892w, https:\/\/luxpowertek.com\/wp-content\/uploads\/2023\/05\/EU-8-10k-260x300.webp 260w, https:\/\/luxpowertek.com\/wp-content\/uploads\/2023\/05\/EU-8-10k-768x887.webp 768w, https:\/\/luxpowertek.com\/wp-content\/uploads\/2023\/05\/EU-8-10k-1330x1536.webp 1330w, https:\/\/luxpowertek.com\/wp-content\/uploads\/2023\/05\/EU-8-10k-800x924.webp 800w, https:\/\/luxpowertek.com\/wp-content\/uploads\/2023\/05\/EU-8-10k.webp 1546w\" sizes=\"auto, (max-width: 892px) 100vw, 892px\" \/>\t\t\t\t\t\t\n\t\t\t\t\t<\/div>\n\t\t\t\t\t\t\t\t\n<style>\n#image_1792999857 {\n  width: 88%;\n}\n<\/style>\n\t<\/div>\n\t\n\t\t<\/div>\n\t\t\t\t\n<style>\n#col-1274816827 > .col-inner {\n  padding: 0px 0px 0px 44px;\n  margin: 0px 0px 0px 20px;\n}\n<\/style>\n\t<\/div>\n\n\t\n\n\t<div id=\"col-2038116082\" class=\"col medium-6 small-12 large-6\"  >\n\t\t\t\t<div class=\"col-inner\"  >\n\t\t\t\n\t\t\t\n<h3><span style=\"color: #00a859\">LXP-LB-EU 8-10k<\/span><\/h3>\n<ul>\n<li>210 A Lade-\/Entladestrom erm\u00f6glichen ein schnelles Aufladen der Batterien bei gleichzeitiger Deckung des hohen Strombedarfs f\u00fcr Haushaltsger\u00e4te<\/li>\n<li>Mehrere Betriebsmodi, geeignet f\u00fcr unterschiedliche Stromversorgungsbedingungen<\/li>\n<li>Separate Generatorschnittstelle und AC-Kopplungsfunktion verf\u00fcgbar.<\/li>\n<li>90A Durchgangsrelais zur USV, einfache Installation<\/li>\n<li>Fortgeschrittene parallel, bis zu 6 Einheiten<\/li>\n<li>Intelligente Laststeuerung<\/li>\n<li>Einfacher Gebrauch mit Batterien<\/li>\n<li>Farb-Touch-LCD, IP65<\/li>\n<\/ul>\n<div class=\"row\"  id=\"row-500497983\">\n\n\t<div id=\"col-104253283\" class=\"col medium-4 small-12 large-4\"  >\n\t\t\t\t<div class=\"col-inner\"  >\n\t\t\t\n\t\t\t\n\n\t\t<div class=\"icon-box featured-box icon-box-left text-left\"  >\n\t\t\t\t\t<div class=\"icon-box-img\" style=\"width: 39px\">\n\t\t\t\t<div class=\"icon\">\n\t\t\t\t\t<div class=\"icon-inner\" >\n\t\t\t\t\t\t<img loading=\"lazy\" decoding=\"async\" width=\"171\" height=\"171\" src=\"https:\/\/luxpowertek.com\/wp-content\/uploads\/2021\/12\/wordpress-pdf-icon-1.png\" class=\"attachment-medium size-medium\" alt=\"\" srcset=\"https:\/\/luxpowertek.com\/wp-content\/uploads\/2021\/12\/wordpress-pdf-icon-1.png 171w, https:\/\/luxpowertek.com\/wp-content\/uploads\/2021\/12\/wordpress-pdf-icon-1-100x100.png 100w, https:\/\/luxpowertek.com\/wp-content\/uploads\/2021\/12\/wordpress-pdf-icon-1-80x80.png 80w\" sizes=\"auto, (max-width: 171px) 100vw, 171px\" \/>\t\t\t\t\t<\/div>\n\t\t\t\t<\/div>\n\t\t\t<\/div>\n\t\t\t\t<div class=\"icon-box-text last-reset\">\n\t\t\t\t\t\t\t\t\t\n\t<div id=\"text-2241927641\" class=\"text\">\n\t\t\n<p><a href=\"https:\/\/luxpowertek.com\/wp-content\/uploads\/2023\/07\/LXP-LB-EU-8-10k-specification.pdf\">Spezifikation<\/a><\/p>\n\t\t\n<style>\n#text-2241927641 {\n  line-height: 3;\n}\n<\/style>\n\t<\/div>\n\t\n\t\t<\/div>\n\t<\/div>\n\t\n\t\n\t\t<\/div>\n\t\t\t\t\n<style>\n#col-104253283 > .col-inner {\n  margin: 0px 0px 0px 40px;\n}\n<\/style>\n\t<\/div>\n\n\t\n\n\t<div id=\"col-1877648261\" class=\"col medium-4 small-12 large-4\"  >\n\t\t\t\t<div class=\"col-inner\"  >\n\t\t\t\n\t\t\t\n\n\t\t<div class=\"icon-box featured-box icon-box-left text-left\"  style=\"margin:0px 0px 0px 75px;\">\n\t\t\t\t\t<div class=\"icon-box-img\" style=\"width: 39px\">\n\t\t\t\t<div class=\"icon\">\n\t\t\t\t\t<div class=\"icon-inner\" >\n\t\t\t\t\t\t<img loading=\"lazy\" decoding=\"async\" width=\"171\" height=\"171\" src=\"https:\/\/luxpowertek.com\/wp-content\/uploads\/2021\/12\/wordpress-pdf-icon-1.png\" class=\"attachment-medium size-medium\" alt=\"\" srcset=\"https:\/\/luxpowertek.com\/wp-content\/uploads\/2021\/12\/wordpress-pdf-icon-1.png 171w, https:\/\/luxpowertek.com\/wp-content\/uploads\/2021\/12\/wordpress-pdf-icon-1-100x100.png 100w, https:\/\/luxpowertek.com\/wp-content\/uploads\/2021\/12\/wordpress-pdf-icon-1-80x80.png 80w\" sizes=\"auto, (max-width: 171px) 100vw, 171px\" \/>\t\t\t\t\t<\/div>\n\t\t\t\t<\/div>\n\t\t\t<\/div>\n\t\t\t\t<div class=\"icon-box-text last-reset\">\n\t\t\t\t\t\t\t\t\t\n\t<div id=\"text-3956590796\" class=\"text\">\n\t\t\n<p><a href=\"https:\/\/luxpowertek.com\/wp-content\/uploads\/2023\/07\/LXP-LB-EU-8-10k-specification.pdf\">Benutzerhandbuch<\/a><\/p>\n\t\t\n<style>\n#text-3956590796 {\n  line-height: 3;\n}\n<\/style>\n\t<\/div>\n\t\n\t\t<\/div>\n\t<\/div>\n\t\n\t\n\t\t<\/div>\n\t\t\t\t\n<style>\n#col-1877648261 > .col-inner {\n  margin: 0px 0px 0px -35px;\n}\n<\/style>\n\t<\/div>\n\n\t\n<\/div>\n\t\t<\/div>\n\t\t\t\t\t<\/div>\n\n\t\n\n\t<div id=\"col-1345327110\" class=\"col medium-1 small-12 large-1\"  >\n\t\t\t\t<div class=\"col-inner\"  >\n\t\t\t\n\t\t\t\n\t\t<\/div>\n\t\t\t\t\n<style>\n#col-1345327110 > .col-inner {\n  margin: 0px 0px 0px 2px0;\n}\n<\/style>\n\t<\/div>\n\n\t\n<\/div>\n<div class=\"is-divider divider clearfix\" style=\"max-width:1280px;background-color:rgb(27, 129, 71);\"><\/div>\n\t<div id=\"gap-1187240245\" class=\"gap-element clearfix\" style=\"display:block; height:auto;\">\n\t\t\n<style>\n#gap-1187240245 {\n  padding-top: 30px;\n}\n<\/style>\n\t<\/div>\n\t\n<div class=\"row\"  id=\"row-1467640221\">\n\n\t<div id=\"col-309080880\" class=\"col medium-1 small-12 large-1\"  >\n\t\t\t\t<div class=\"col-inner\"  >\n\t\t\t\n\t\t\t\n\t\t<\/div>\n\t\t\t\t\n<style>\n#col-309080880 > .col-inner {\n  margin: 0px 0px 0px 37px;\n}\n<\/style>\n\t<\/div>\n\n\t\n\n\t<div id=\"col-634525624\" class=\"col medium-4 small-12 large-4\"  >\n\t\t\t\t<div class=\"col-inner\"  >\n\t\t\t\n\t\t\t\n\t<div class=\"img has-hover x md-x lg-x y md-y lg-y\" id=\"image_1267209903\">\n\t\t\t\t\t\t\t\t<div class=\"img-inner dark\" >\n\t\t\t<img loading=\"lazy\" decoding=\"async\" width=\"827\" height=\"1030\" src=\"https:\/\/luxpowertek.com\/wp-content\/uploads\/2023\/05\/LXP-12k-827x1030.webp\" class=\"attachment-large size-large\" alt=\"\" srcset=\"https:\/\/luxpowertek.com\/wp-content\/uploads\/2023\/05\/LXP-12k-827x1030.webp 827w, https:\/\/luxpowertek.com\/wp-content\/uploads\/2023\/05\/LXP-12k-241x300.webp 241w, https:\/\/luxpowertek.com\/wp-content\/uploads\/2023\/05\/LXP-12k-768x957.webp 768w, https:\/\/luxpowertek.com\/wp-content\/uploads\/2023\/05\/LXP-12k-1233x1536.webp 1233w, https:\/\/luxpowertek.com\/wp-content\/uploads\/2023\/05\/LXP-12k-800x996.webp 800w, https:\/\/luxpowertek.com\/wp-content\/uploads\/2023\/05\/LXP-12k.webp 1580w\" sizes=\"auto, (max-width: 827px) 100vw, 827px\" \/>\t\t\t\t\t\t\n\t\t\t\t\t<\/div>\n\t\t\t\t\t\t\t\t\n<style>\n#image_1267209903 {\n  width: 84%;\n}\n<\/style>\n\t<\/div>\n\t\n\t\t<\/div>\n\t\t\t\t\n<style>\n#col-634525624 > .col-inner {\n  margin: 0px 0px 0px 39px;\n}\n<\/style>\n\t<\/div>\n\n\t\n\n\t<div id=\"col-59644764\" class=\"col medium-6 small-12 large-6\"  >\n\t\t\t\t<div class=\"col-inner\"  >\n\t\t\t\n\t\t\t\n<h3><span style=\"color: #00a859\">LXP-LB-EU 12k<\/span><\/h3>\n<ul>\n<li>Mit einem maximalen Lade-\/Entladestrom von 250 A erreicht das System eine beeindruckende Effizienz: 99%<\/li>\n<li>Die AC-Kopplungsfunktion erweitert die Schnittstellenm\u00f6glichkeiten bestehender Dieselgeneratoren, so dass sie an bestehende Netzsysteme angeschlossen werden k\u00f6nnen und wieder energieunabh\u00e4ngig werden<\/li>\n<li>Die Nennleistung der netzunabh\u00e4ngigen Stromversorgung betr\u00e4gt 12 kW<\/li>\n<li>Unterst\u00fctzt bis zu 10 St\u00fcck parallel<\/li>\n<li>Intelligente Laststeuerung<\/li>\n<li>Integriertes USV-Modul, nahtlose Ein- und Ausschaltzeit unter 20 ms<\/li>\n<li>3 MPPT-Eing\u00e4nge, maximal bis zu 18 kW<\/li>\n<li>Farb-Touch-LCD, IP65<\/li>\n<\/ul>\n<div class=\"row\"  id=\"row-1715586691\">\n\n\t<div id=\"col-989110426\" class=\"col medium-4 small-12 large-4\"  >\n\t\t\t\t<div class=\"col-inner\"  >\n\t\t\t\n\t\t\t\n\n\t\t<div class=\"icon-box featured-box icon-box-left text-left\"  >\n\t\t\t\t\t<div class=\"icon-box-img\" style=\"width: 39px\">\n\t\t\t\t<div class=\"icon\">\n\t\t\t\t\t<div class=\"icon-inner\" >\n\t\t\t\t\t\t<img loading=\"lazy\" decoding=\"async\" width=\"171\" height=\"171\" src=\"https:\/\/luxpowertek.com\/wp-content\/uploads\/2021\/12\/wordpress-pdf-icon-1.png\" class=\"attachment-medium size-medium\" alt=\"\" srcset=\"https:\/\/luxpowertek.com\/wp-content\/uploads\/2021\/12\/wordpress-pdf-icon-1.png 171w, https:\/\/luxpowertek.com\/wp-content\/uploads\/2021\/12\/wordpress-pdf-icon-1-100x100.png 100w, https:\/\/luxpowertek.com\/wp-content\/uploads\/2021\/12\/wordpress-pdf-icon-1-80x80.png 80w\" sizes=\"auto, (max-width: 171px) 100vw, 171px\" \/>\t\t\t\t\t<\/div>\n\t\t\t\t<\/div>\n\t\t\t<\/div>\n\t\t\t\t<div class=\"icon-box-text last-reset\">\n\t\t\t\t\t\t\t\t\t\n\t<div id=\"text-1972187003\" class=\"text\">\n\t\t\n<p><a href=\"https:\/\/luxpowertek.com\/wp-content\/uploads\/2023\/07\/LXP-LB-EU-12k-specification.pdf\">Spezifikation<\/a><\/p>\n\t\t\n<style>\n#text-1972187003 {\n  line-height: 3;\n}\n<\/style>\n\t<\/div>\n\t\n\t\t<\/div>\n\t<\/div>\n\t\n\t\n\t\t<\/div>\n\t\t\t\t\n<style>\n#col-989110426 > .col-inner {\n  margin: 0px 0px 0px 40px;\n}\n<\/style>\n\t<\/div>\n\n\t\n\n\t<div id=\"col-1249418304\" class=\"col medium-4 small-12 large-4\"  >\n\t\t\t\t<div class=\"col-inner\"  >\n\t\t\t\n\t\t\t\n\n\t\t<div class=\"icon-box featured-box icon-box-left text-left\"  style=\"margin:0px 0px 0px 75px;\">\n\t\t\t\t\t<div class=\"icon-box-img\" style=\"width: 39px\">\n\t\t\t\t<div class=\"icon\">\n\t\t\t\t\t<div class=\"icon-inner\" >\n\t\t\t\t\t\t<img loading=\"lazy\" decoding=\"async\" width=\"171\" height=\"171\" src=\"https:\/\/luxpowertek.com\/wp-content\/uploads\/2021\/12\/wordpress-pdf-icon-1.png\" class=\"attachment-medium size-medium\" alt=\"\" srcset=\"https:\/\/luxpowertek.com\/wp-content\/uploads\/2021\/12\/wordpress-pdf-icon-1.png 171w, https:\/\/luxpowertek.com\/wp-content\/uploads\/2021\/12\/wordpress-pdf-icon-1-100x100.png 100w, https:\/\/luxpowertek.com\/wp-content\/uploads\/2021\/12\/wordpress-pdf-icon-1-80x80.png 80w\" sizes=\"auto, (max-width: 171px) 100vw, 171px\" \/>\t\t\t\t\t<\/div>\n\t\t\t\t<\/div>\n\t\t\t<\/div>\n\t\t\t\t<div class=\"icon-box-text last-reset\">\n\t\t\t\t\t\t\t\t\t\n\t<div id=\"text-3797803215\" class=\"text\">\n\t\t\n<p><a href=\"https:\/\/luxpowertek.com\/wp-content\/uploads\/2023\/07\/LXP-LB-EU-12k-user-manual.pdf\">Benutzerhandbuch<\/a><\/p>\n\t\t\n<style>\n#text-3797803215 {\n  line-height: 3;\n}\n<\/style>\n\t<\/div>\n\t\n\t\t<\/div>\n\t<\/div>\n\t\n\t\n\t\t<\/div>\n\t\t\t\t\n<style>\n#col-1249418304 > .col-inner {\n  margin: 0px 0px 0px -35px;\n}\n<\/style>\n\t<\/div>\n\n\t\n<\/div>\n\t\t<\/div>\n\t\t\t\t\t<\/div>\n\n\t\n\n\t<div id=\"col-1995939699\" class=\"col medium-1 small-12 large-1\"  >\n\t\t\t\t<div class=\"col-inner\"  >\n\t\t\t\n\t\t\t\n\t\t<\/div>\n\t\t\t\t\n<style>\n#col-1995939699 > .col-inner {\n  margin: 0px 0px 0px 2px0;\n}\n<\/style>\n\t<\/div>\n\n\t\n<\/div>\n<div class=\"row\"  id=\"row-2094008250\">\n\n\t<div id=\"col-1388185907\" class=\"col medium-2 small-12 large-2\"  >\n\t\t\t\t<div class=\"col-inner\"  >\n\t\t\t\n\t\t\t\n\t\t<\/div>\n\t\t\t\t\t<\/div>\n\n\t\n\n\t<div id=\"col-908568906\" class=\"col medium-4 small-12 large-4\"  >\n\t\t\t\t<div class=\"col-inner\"  >\n\t\t\t\n\t\t\t\n<a class=\"button secondary expand\"  style=\"border-radius:19px;padding:0px 7px 0px 48px;\">\n    <span>DIY-Unterst\u00fctzung<\/span>\n  <\/a>\n\n\t\t<\/div>\n\t\t\t\t\n<style>\n#col-908568906 > .col-inner {\n  margin: 50px 6px 21px 6px;\n}\n<\/style>\n\t<\/div>\n\n\t\n\n\t<div id=\"col-9701080\" class=\"col medium-4 small-12 large-4\"  >\n\t\t\t\t<div class=\"col-inner\"  >\n\t\t\t\n\t\t\t\n<a class=\"button secondary expand\"  style=\"border-radius:19px;padding:0px 0px 0px 48px;\">\n    <span>Unterst\u00fctzung f\u00fcr Installateure<\/span>\n  <\/a>\n\n\t\t<\/div>\n\t\t\t\t\n<style>\n#col-9701080 > .col-inner {\n  margin: 50px 0px 0px 0px;\n}\n<\/style>\n\t<\/div>\n\n\t\n\n\t<div id=\"col-615329264\" class=\"col medium-2 small-12 large-2\"  >\n\t\t\t\t<div class=\"col-inner\"  >\n\t\t\t\n\t\t\t\n\t\t<\/div>\n\t\t\t\t\t<\/div>\n\n\t\n<\/div>\n<div class=\"row\"  id=\"row-798098363\">\n<\/div>","protected":false},"excerpt":{"rendered":"","protected":false},"author":3,"featured_media":0,"parent":0,"menu_order":0,"comment_status":"closed","ping_status":"closed","template":"","meta":{"rop_custom_images_group":[],"rop_custom_messages_group":[],"rop_publish_now":"initial","rop_publish_now_accounts":[],"rop_publish_now_history":[],"rop_publish_now_status":"pending","footnotes":""},"class_list":["post-7201","page","type-page","status-publish","hentry"],"yoast_head":"<!-- This site is optimized with the Yoast SEO plugin v27.3 - https:\/\/yoast.com\/product\/yoast-seo-wordpress\/ -->\n<title>SA products -<\/title>\n<meta name=\"robots\" content=\"index, follow, max-snippet:-1, max-image-preview:large, max-video-preview:-1\" \/>\n<link rel=\"canonical\" href=\"https:\/\/luxpowertek.com\/de\/saproducts\/\" \/>\n<meta property=\"og:locale\" content=\"de_DE\" \/>\n<meta property=\"og:type\" content=\"article\" \/>\n<meta property=\"og:title\" content=\"SA products -\" \/>\n<meta property=\"og:url\" content=\"https:\/\/luxpowertek.com\/de\/saproducts\/\" \/>\n<meta property=\"article:modified_time\" content=\"2023-07-15T10:19:13+00:00\" \/>\n<meta name=\"twitter:card\" content=\"summary_large_image\" \/>\n<meta name=\"twitter:label1\" content=\"Gesch\u00e4tzte Lesezeit\" \/>\n\t<meta name=\"twitter:data1\" content=\"3\u00a0Minuten\" \/>\n<script type=\"application\/ld+json\" class=\"yoast-schema-graph\">{\"@context\":\"https:\\\/\\\/schema.org\",\"@graph\":[{\"@type\":\"WebPage\",\"@id\":\"https:\\\/\\\/luxpowertek.com\\\/saproducts\\\/\",\"url\":\"https:\\\/\\\/luxpowertek.com\\\/saproducts\\\/\",\"name\":\"SA products -\",\"isPartOf\":{\"@id\":\"https:\\\/\\\/luxpowertek.com\\\/#website\"},\"datePublished\":\"2023-07-14T09:08:17+00:00\",\"dateModified\":\"2023-07-15T10:19:13+00:00\",\"breadcrumb\":{\"@id\":\"https:\\\/\\\/luxpowertek.com\\\/saproducts\\\/#breadcrumb\"},\"inLanguage\":\"de\",\"potentialAction\":[{\"@type\":\"ReadAction\",\"target\":[\"https:\\\/\\\/luxpowertek.com\\\/saproducts\\\/\"]}]},{\"@type\":\"BreadcrumbList\",\"@id\":\"https:\\\/\\\/luxpowertek.com\\\/saproducts\\\/#breadcrumb\",\"itemListElement\":[{\"@type\":\"ListItem\",\"position\":1,\"name\":\"Home\",\"item\":\"https:\\\/\\\/luxpowertek.com\\\/\"},{\"@type\":\"ListItem\",\"position\":2,\"name\":\"SA products\"}]},{\"@type\":\"WebSite\",\"@id\":\"https:\\\/\\\/luxpowertek.com\\\/#website\",\"url\":\"https:\\\/\\\/luxpowertek.com\\\/\",\"name\":\"\",\"description\":\"\",\"potentialAction\":[{\"@type\":\"SearchAction\",\"target\":{\"@type\":\"EntryPoint\",\"urlTemplate\":\"https:\\\/\\\/luxpowertek.com\\\/?s={search_term_string}\"},\"query-input\":{\"@type\":\"PropertyValueSpecification\",\"valueRequired\":true,\"valueName\":\"search_term_string\"}}],\"inLanguage\":\"de\"}]}<\/script>\n<!-- \/ Yoast SEO plugin. -->","yoast_head_json":{"title":"SA-Produkte -","robots":{"index":"index","follow":"follow","max-snippet":"max-snippet:-1","max-image-preview":"max-image-preview:large","max-video-preview":"max-video-preview:-1"},"canonical":"https:\/\/luxpowertek.com\/de\/saproducts\/","og_locale":"de_DE","og_type":"article","og_title":"SA products -","og_url":"https:\/\/luxpowertek.com\/de\/saproducts\/","article_modified_time":"2023-07-15T10:19:13+00:00","twitter_card":"summary_large_image","twitter_misc":{"Gesch\u00e4tzte Lesezeit":"3\u00a0Minuten"},"schema":{"@context":"https:\/\/schema.org","@graph":[{"@type":"WebPage","@id":"https:\/\/luxpowertek.com\/saproducts\/","url":"https:\/\/luxpowertek.com\/saproducts\/","name":"SA-Produkte -","isPartOf":{"@id":"https:\/\/luxpowertek.com\/#website"},"datePublished":"2023-07-14T09:08:17+00:00","dateModified":"2023-07-15T10:19:13+00:00","breadcrumb":{"@id":"https:\/\/luxpowertek.com\/saproducts\/#breadcrumb"},"inLanguage":"de","potentialAction":[{"@type":"ReadAction","target":["https:\/\/luxpowertek.com\/saproducts\/"]}]},{"@type":"BreadcrumbList","@id":"https:\/\/luxpowertek.com\/saproducts\/#breadcrumb","itemListElement":[{"@type":"ListItem","position":1,"name":"Home","item":"https:\/\/luxpowertek.com\/"},{"@type":"ListItem","position":2,"name":"SA products"}]},{"@type":"WebSite","@id":"https:\/\/luxpowertek.com\/#website","url":"https:\/\/luxpowertek.com\/","name":"","description":"","potentialAction":[{"@type":"SearchAction","target":{"@type":"EntryPoint","urlTemplate":"https:\/\/luxpowertek.com\/?s={search_term_string}"},"query-input":{"@type":"PropertyValueSpecification","valueRequired":true,"valueName":"search_term_string"}}],"inLanguage":"de"}]}},"_links":{"self":[{"href":"https:\/\/luxpowertek.com\/de\/wp-json\/wp\/v2\/pages\/7201","targetHints":{"allow":["GET"]}}],"collection":[{"href":"https:\/\/luxpowertek.com\/de\/wp-json\/wp\/v2\/pages"}],"about":[{"href":"https:\/\/luxpowertek.com\/de\/wp-json\/wp\/v2\/types\/page"}],"author":[{"embeddable":true,"href":"https:\/\/luxpowertek.com\/de\/wp-json\/wp\/v2\/users\/3"}],"replies":[{"embeddable":true,"href":"https:\/\/luxpowertek.com\/de\/wp-json\/wp\/v2\/comments?post=7201"}],"version-history":[{"count":0,"href":"https:\/\/luxpowertek.com\/de\/wp-json\/wp\/v2\/pages\/7201\/revisions"}],"wp:attachment":[{"href":"https:\/\/luxpowertek.com\/de\/wp-json\/wp\/v2\/media?parent=7201"}],"curies":[{"name":"wp","href":"https:\/\/api.w.org\/{rel}","templated":true}]}}