{"id":2399,"date":"2021-12-24T13:13:27","date_gmt":"2021-12-24T05:13:27","guid":{"rendered":"https:\/\/nibianqi.bbswaimao.com\/?page_id=2399"},"modified":"2023-05-04T17:18:09","modified_gmt":"2023-05-04T09:18:09","slug":"lxp-sqpod-3600","status":"publish","type":"page","link":"https:\/\/luxpowertek.com\/de\/lxp-sqpod-3600\/","title":{"rendered":"LXP SQPOD 3600"},"content":{"rendered":"<div class=\"banner has-hover\" id=\"banner-1033758457\">\n          <div class=\"banner-inner fill\">\n        <div class=\"banner-bg fill\" >\n            <div class=\"bg fill bg-fill\"><\/div>\n                        <div class=\"overlay\"><\/div>            \n                    <\/div>\n\t\t\n        <div class=\"banner-layers container\">\n            <div class=\"fill banner-link\"><\/div>            \n   <div id=\"text-box-1219832573\" class=\"text-box banner-layer x50 md-x50 lg-x50 y50 md-y50 lg-y50 res-text\">\n                                <div class=\"text-box-content text dark\">\n              \n              <div class=\"text-inner text-center\">\n                  \n<h1><span style=\"font-size: 75%\">LXP SQPOD 3600<\/span><\/h1>\n              <\/div>\n           <\/div>\n                            \n<style>\n#text-box-1219832573 {\n  width: 60%;\n}\n#text-box-1219832573 .text-box-content {\n  font-size: 100%;\n}\n<\/style>\n    <\/div>\n \n        <\/div>\n      <\/div>\n\n            \n<style>\n#banner-1033758457 {\n  padding-top: 78%;\n}\n#banner-1033758457 .bg.bg-loaded {\n  background-image: url(https:\/\/luxpowertek.com\/wp-content\/uploads\/2021\/12\/SQPOD3600.jpg);\n}\n#banner-1033758457 .overlay {\n  background-color: rgba(0, 0, 0, 0.2);\n}\n#banner-1033758457 .bg {\n  background-position: 0% 85%;\n}\n@media (min-width:550px) {\n  #banner-1033758457 {\n    padding-top: 38%;\n  }\n}\n<\/style>\n  <\/div>\n\n\n\t<section class=\"section custom_title_buttom\" id=\"section_386716015\">\n\t\t<div class=\"bg section-bg fill bg-fill  bg-loaded\" >\n\n\t\t\t\n\t\t\t\n\t\t\t\n\n\t\t<\/div>\n\n\t\t\n\n\t\t<div class=\"section-content relative\">\n\t\t\t\n<div class=\"row\"  id=\"row-1765419563\">\n\n\t<div id=\"col-483887229\" class=\"col small-12 large-12\"  >\n\t\t\t\t<div class=\"col-inner text-center\"  >\n\t\t\t\n\t\t\t\n<h2>Leistung des AC-gekoppelten Wechselrichters<\/h2>\n\t\t<\/div>\n\t\t\t\t\t<\/div>\n\n\t\n<\/div>\n\t\t<\/div>\n\n\t\t\n<style>\n#section_386716015 {\n  padding-top: 9px;\n  padding-bottom: 9px;\n}\n@media (min-width:550px) {\n  #section_386716015 {\n    padding-top: 30px;\n    padding-bottom: 30px;\n  }\n}\n<\/style>\n\t<\/section>\n\t\n\t<section class=\"section custom_productspage_section\" id=\"section_2069352064\">\n\t\t<div class=\"bg section-bg fill bg-fill  bg-loaded\" >\n\n\t\t\t\n\t\t\t\n\t\t\t\n\n\t\t<\/div>\n\n\t\t\n\n\t\t<div class=\"section-content relative\">\n\t\t\t\n<div class=\"row align-middle\"  id=\"row-1724610601\">\n\n\t<div id=\"col-1248174926\" class=\"col medium-6 small-12 large-6\"  >\n\t\t\t\t<div class=\"col-inner text-center\"  >\n\t\t\t\n\t\t\t\n\t<div class=\"img has-hover x md-x lg-x y md-y lg-y\" id=\"image_162527048\">\n\t\t\t\t\t\t\t\t<div class=\"img-inner dark\" >\n\t\t\t<img loading=\"lazy\" decoding=\"async\" width=\"1595\" height=\"1198\" src=\"https:\/\/luxpowertek.com\/wp-content\/uploads\/2023\/05\/AC-001.webp\" class=\"attachment-original size-original\" alt=\"\" srcset=\"https:\/\/luxpowertek.com\/wp-content\/uploads\/2023\/05\/AC-001.webp 1595w, https:\/\/luxpowertek.com\/wp-content\/uploads\/2023\/05\/AC-001-300x225.webp 300w, https:\/\/luxpowertek.com\/wp-content\/uploads\/2023\/05\/AC-001-1030x774.webp 1030w, https:\/\/luxpowertek.com\/wp-content\/uploads\/2023\/05\/AC-001-768x577.webp 768w, https:\/\/luxpowertek.com\/wp-content\/uploads\/2023\/05\/AC-001-1536x1154.webp 1536w, https:\/\/luxpowertek.com\/wp-content\/uploads\/2023\/05\/AC-001-800x601.webp 800w\" sizes=\"auto, (max-width: 1595px) 100vw, 1595px\" \/>\t\t\t\t\t\t\n\t\t\t\t\t<\/div>\n\t\t\t\t\t\t\t\t\n<style>\n#image_162527048 {\n  width: 60%;\n}\n<\/style>\n\t<\/div>\n\t\n\t\t<\/div>\n\t\t\t\t\t<\/div>\n\n\t\n\n\t<div id=\"col-712397641\" class=\"col medium-6 small-12 large-6\"  >\n\t\t\t\t<div class=\"col-inner\"  >\n\t\t\t\n\t\t\t\n<ul>\n<li><span style=\"font-size: 120%\">St\u00e4rkerer UPS<\/span><\/li>\n<li><span style=\"font-size: 120%\">Differenzverst\u00e4rker ac-gekoppelte intelligente Betriebsarten<\/span><\/li>\n<li><span style=\"font-size: 120%\">IP65, Innen- und Au\u00dfeneinsatz<\/span><\/li>\n<\/ul>\n\t\t<\/div>\n\t\t\t\t\t<\/div>\n\n\t\n<\/div>\n\t\t<\/div>\n\n\t\t\n<style>\n#section_2069352064 {\n  padding-top: 0px;\n  padding-bottom: 0px;\n}\n@media (min-width:550px) {\n  #section_2069352064 {\n    padding-top: 55px;\n    padding-bottom: 55px;\n  }\n}\n<\/style>\n\t<\/section>\n\t\n\t<section class=\"section custom_productspage_section\" id=\"section_95731437\">\n\t\t<div class=\"bg section-bg fill bg-fill  bg-loaded\" >\n\n\t\t\t\n\t\t\t\n\t\t\t\n\t<div class=\"is-border\"\n\t\tstyle=\"border-width:1 0px 0px 0px;\">\n\t<\/div>\n\n\t\t<\/div>\n\n\t\t\n\n\t\t<div class=\"section-content relative\">\n\t\t\t\n<div class=\"row align-middle\"  id=\"row-39506276\">\n\n\t<div id=\"col-309249651\" class=\"col hide-for-small medium-2 small-12 large-2\"  >\n\t\t\t\t<div class=\"col-inner\"  >\n\t\t\t\n\t\t\t\n\t\t<\/div>\n\t\t\t\t\t<\/div>\n\n\t\n\n\t<div id=\"col-1699195804\" class=\"col medium-4 small-12 large-4\"  >\n\t\t\t\t<div class=\"col-inner\"  >\n\t\t\t\n\t\t\t\n<ul>\n<li><span style=\"font-size: 120%\">Generatorschnittstelle verf\u00fcgbar<\/span><\/li>\n<li><span style=\"font-size: 120%\">Kostenlose \u00dcberwachung und Fernaktualisierung<\/span><\/li>\n<li><span style=\"font-size: 120%\">Advanced Parallel, bis zu 36kW<\/span><\/li>\n<\/ul>\n\t\t<\/div>\n\t\t\t\t\t<\/div>\n\n\t\n\n\t<div id=\"col-2128275100\" class=\"col medium-6 small-12 large-6\"  >\n\t\t\t\t<div class=\"col-inner text-center\"  >\n\t\t\t\n\t\t\t\n\t<div class=\"img has-hover x md-x lg-x y md-y lg-y\" id=\"image_1426787382\">\n\t\t\t\t\t\t\t\t<div class=\"img-inner dark\" >\n\t\t\t<img loading=\"lazy\" decoding=\"async\" width=\"1224\" height=\"1001\" src=\"https:\/\/luxpowertek.com\/wp-content\/uploads\/2023\/05\/AC-003.webp\" class=\"attachment-original size-original\" alt=\"\" srcset=\"https:\/\/luxpowertek.com\/wp-content\/uploads\/2023\/05\/AC-003.webp 1224w, https:\/\/luxpowertek.com\/wp-content\/uploads\/2023\/05\/AC-003-300x245.webp 300w, https:\/\/luxpowertek.com\/wp-content\/uploads\/2023\/05\/AC-003-1030x842.webp 1030w, https:\/\/luxpowertek.com\/wp-content\/uploads\/2023\/05\/AC-003-768x628.webp 768w, https:\/\/luxpowertek.com\/wp-content\/uploads\/2023\/05\/AC-003-800x654.webp 800w\" sizes=\"auto, (max-width: 1224px) 100vw, 1224px\" \/>\t\t\t\t\t\t\n\t\t\t\t\t<\/div>\n\t\t\t\t\t\t\t\t\n<style>\n#image_1426787382 {\n  width: 60%;\n}\n<\/style>\n\t<\/div>\n\t\n\t\t<\/div>\n\t\t\t\t\t<\/div>\n\n\t\n<\/div>\n\t\t<\/div>\n\n\t\t\n<style>\n#section_95731437 {\n  padding-top: 0px;\n  padding-bottom: 0px;\n}\n@media (min-width:550px) {\n  #section_95731437 {\n    padding-top: 55px;\n    padding-bottom: 55px;\n  }\n}\n<\/style>\n\t<\/section>\n\t\n\t<section class=\"section custom_productspage_section\" id=\"section_51130456\">\n\t\t<div class=\"bg section-bg fill bg-fill  bg-loaded\" >\n\n\t\t\t\n\t\t\t\n\t\t\t\n\n\t\t<\/div>\n\n\t\t\n\n\t\t<div class=\"section-content relative\">\n\t\t\t\n<div class=\"row align-middle\"  id=\"row-996191265\">\n\n\t<div id=\"col-1923987254\" class=\"col medium-6 small-12 large-6\"  >\n\t\t\t\t<div class=\"col-inner text-center\"  >\n\t\t\t\n\t\t\t\n\t<div class=\"img has-hover x md-x lg-x y md-y lg-y\" id=\"image_259236553\">\n\t\t\t\t\t\t\t\t<div class=\"img-inner dark\" >\n\t\t\t<img loading=\"lazy\" decoding=\"async\" width=\"1221\" height=\"1000\" src=\"https:\/\/luxpowertek.com\/wp-content\/uploads\/2023\/05\/AC-002.webp\" class=\"attachment-original size-original\" alt=\"\" srcset=\"https:\/\/luxpowertek.com\/wp-content\/uploads\/2023\/05\/AC-002.webp 1221w, https:\/\/luxpowertek.com\/wp-content\/uploads\/2023\/05\/AC-002-300x246.webp 300w, https:\/\/luxpowertek.com\/wp-content\/uploads\/2023\/05\/AC-002-1030x844.webp 1030w, https:\/\/luxpowertek.com\/wp-content\/uploads\/2023\/05\/AC-002-768x629.webp 768w, https:\/\/luxpowertek.com\/wp-content\/uploads\/2023\/05\/AC-002-800x655.webp 800w\" sizes=\"auto, (max-width: 1221px) 100vw, 1221px\" \/>\t\t\t\t\t\t\n\t\t\t\t\t<\/div>\n\t\t\t\t\t\t\t\t\n<style>\n#image_259236553 {\n  width: 60%;\n}\n<\/style>\n\t<\/div>\n\t\n\t\t<\/div>\n\t\t\t\t\t<\/div>\n\n\t\n\n\t<div id=\"col-365535865\" class=\"col medium-6 small-12 large-6\"  >\n\t\t\t\t<div class=\"col-inner\"  >\n\t\t\t\n\t\t\t\n<ul>\n<li><span style=\"font-size: 120%\">Plug &amp; Play, nahtloses Umschalten unter 10ms<\/span><\/li>\n<li><span style=\"font-size: 120%\">Nachr\u00fcstung aller netzgebundenen Systeme f\u00fcr den Batteriebetrieb<\/span><\/li>\n<li><span style=\"font-size: 120%\">AC-gekoppelte Wechselrichter arbeiten mit Energieversorgern zusammen, um die Batterie intelligent zu verwalten und Rechnungen zu sparen<\/span><\/li>\n<\/ul>\n\t\t<\/div>\n\t\t\t\t\t<\/div>\n\n\t\n<\/div>\n\t\t<\/div>\n\n\t\t\n<style>\n#section_51130456 {\n  padding-top: 0px;\n  padding-bottom: 0px;\n}\n@media (min-width:550px) {\n  #section_51130456 {\n    padding-top: 55px;\n    padding-bottom: 55px;\n  }\n}\n<\/style>\n\t<\/section>\n\t\n\t<section class=\"section custom_title_buttom has-parallax\" id=\"section_817115532\">\n\t\t<div class=\"bg section-bg fill bg-fill\" data-parallax-container=\".section\" data-parallax-background data-parallax=\"-10\">\n\n\t\t\t\n\t\t\t<div class=\"section-bg-overlay absolute fill\"><\/div>\n\t\t\t\n\n\t\t<\/div>\n\n\t\t\n\n\t\t<div class=\"section-content relative\">\n\t\t\t\n<div class=\"row\"  id=\"row-2006657288\">\n\n\t<div id=\"col-1737433823\" class=\"col small-12 large-12\"  >\n\t\t\t\t<div class=\"col-inner text-center\"  >\n\t\t\t\n\t\t\t\n<h2>AC-gekoppelter Wechselrichter Wirkungsgrad<\/h2>\n\t\t<\/div>\n\t\t\t\t\t<\/div>\n\n\t\n<\/div>\n<div class=\"row\"  id=\"row-843992726\">\n\n\t<div id=\"col-1611027035\" class=\"col hide-for-small medium-2 small-12 large-2\"  >\n\t\t\t\t<div class=\"col-inner\"  >\n\t\t\t\n\t\t\t\n\t\t<\/div>\n\t\t\t\t\t<\/div>\n\n\t\n\n\t<div id=\"col-1312138382\" class=\"col medium-8 small-12 large-8\"  >\n\t\t\t\t<div class=\"col-inner\"  >\n\t\t\t\n\t\t\t\n<div class=\"row\"  id=\"row-1456268182\">\n\n\t<div id=\"col-911946506\" class=\"col medium-6 small-12 large-6\"  data-animate=\"flipInX\">\n\t\t\t\t<div class=\"col-inner\"  >\n\t\t\t\n\t\t\t\n\t<div id=\"text-3784800879\" class=\"text\">\n\t\t\n<p><span style=\"font-size: 450%\">97.5%<\/span><\/p>\n<h3>Europa Effizienz<\/h3>\n\t\t\n<style>\n#text-3784800879 {\n  text-align: center;\n}\n<\/style>\n\t<\/div>\n\t\n\t\t<\/div>\n\t\t\t\t\t<\/div>\n\n\t\n\n\t<div id=\"col-485170637\" class=\"col medium-6 small-12 large-6\"  data-animate=\"flipInX\">\n\t\t\t\t<div class=\"col-inner\"  >\n\t\t\t\n\t\t\t\n\t<div id=\"text-2993596172\" class=\"text\">\n\t\t\n<p><span style=\"font-size: 450%\">97.9%<\/span><\/p>\n<h3>Maximaler Wirkungsgrad<\/h3>\n\t\t\n<style>\n#text-2993596172 {\n  text-align: center;\n}\n<\/style>\n\t<\/div>\n\t\n\t\t<\/div>\n\t\t\t\t\t<\/div>\n\n\t\n<\/div>\n\t\t<\/div>\n\t\t\t\t\t<\/div>\n\n\t\n\n\t<div id=\"col-821071303\" class=\"col hide-for-small medium-2 small-12 large-2\"  >\n\t\t\t\t<div class=\"col-inner\"  >\n\t\t\t\n\t\t\t\n\t\t<\/div>\n\t\t\t\t\t<\/div>\n\n\t\n<\/div>\n\t\t<\/div>\n\n\t\t\n<style>\n#section_817115532 {\n  padding-top: 9px;\n  padding-bottom: 9px;\n}\n#section_817115532 .section-bg-overlay {\n  background-color: rgba(255, 255, 255, 0.9);\n}\n#section_817115532 .section-bg.bg-loaded {\n  background-image: url(https:\/\/luxpowertek.com\/wp-content\/uploads\/2021\/12\/LXP-8-12kW.jpg);\n}\n@media (min-width:550px) {\n  #section_817115532 {\n    padding-top: 30px;\n    padding-bottom: 30px;\n  }\n}\n<\/style>\n\t<\/section>\n\t\n\t<section class=\"section custom_title_buttom\" id=\"section_1503673710\">\n\t\t<div class=\"bg section-bg fill bg-fill  bg-loaded\" >\n\n\t\t\t\n\t\t\t\n\t\t\t\n\n\t\t<\/div>\n\n\t\t\n\n\t\t<div class=\"section-content relative\">\n\t\t\t\n<div class=\"row\"  id=\"row-885046129\">\n\n\t<div id=\"col-872653837\" class=\"col small-12 large-12\"  >\n\t\t\t\t<div class=\"col-inner text-center\"  >\n\t\t\t\n\t\t\t\n<h2>AC-Kupplung Anwendung<\/h2>\n\t\t<\/div>\n\t\t\t\t\t<\/div>\n\n\t\n<\/div>\n<div class=\"row\"  id=\"row-1635835943\">\n\n\t<div id=\"col-291759326\" class=\"col small-12 large-12\"  >\n\t\t\t\t<div class=\"col-inner text-center\"  >\n\t\t\t\n\t\t\t\n<h3>Anwendungshinweis - AC-gekoppelter Batterie-Wechselrichter<\/h3>\n<div class=\"is-divider divider clearfix\" style=\"max-width:60px;background-color:rgb(96, 169, 132);\"><\/div>\n\t<div id=\"text-3432783592\" class=\"text\">\n\t\t\n<p>Erweiterbare, zukunftssichere Einheiten. Mehr als eine Squirrel Pod-Einheit kann miteinander verbunden (oder sp\u00e4ter hinzugef\u00fcgt) werden, um die Speicherkapazit\u00e4t zu erh\u00f6hen oder die Lade-\/Entladeraten zu steigern.<br \/>\n\t\t\n<style>\n#text-3432783592 {\n  text-align: left;\n}\n@media (min-width:550px) {\n  #text-3432783592 {\n    text-align: left;\n  }\n}\n<\/style>\n\t<\/div>\n\t\n<h3>So funktioniert der Squirrel Pod:<\/h3>\n<div class=\"is-divider divider clearfix\" style=\"max-width:60px;background-color:rgb(96, 169, 132);\"><\/div>\n\t<div id=\"text-2035882835\" class=\"text\">\n\t\t\n<p>Energieversorger wie Octopus Energy bieten jetzt \u00fcber ihre Agile Tariff-Plattform extrem g\u00fcnstigen Strom aus erneuerbaren Energien au\u00dferhalb der Spitzenzeiten an. Das Problem der Wechselstromkopplung ist, dass die Zeit, in der der Strom g\u00fcnstig ist, von Tag zu Tag variiert. Das Lux Power Squirrel Pod ist ein Batteriespeichersystem, das automatisch die g\u00fcnstigsten Preise findet und Ihre Batterien schnell aufl\u00e4dt. Octopus Energy Agile bietet g\u00fcnstige Off-Peak-Tarife zwischen 00:00 und 8:00 Uhr sowie 12:00 und 16:00 Uhr. W\u00e4hlen Sie einfach aus, wie viele halbst\u00fcndige Ladezeitr\u00e4ume Sie innerhalb dieser Zeitfenster w\u00fcnschen, und der Lux Squirrel Pod erledigt den Rest und sucht den g\u00fcnstigsten der g\u00fcnstigsten Tarife heraus und l\u00e4dt die Batterien.<\/p>\n\t\t\n<style>\n#text-2035882835 {\n  text-align: left;\n}\n<\/style>\n\t<\/div>\n\t\n\t\t<\/div>\n\t\t\t\t\t<\/div>\n\n\t\n<\/div>\n\t\t<\/div>\n\n\t\t\n<style>\n#section_1503673710 {\n  padding-top: 9px;\n  padding-bottom: 9px;\n}\n@media (min-width:550px) {\n  #section_1503673710 {\n    padding-top: 30px;\n    padding-bottom: 30px;\n  }\n}\n<\/style>\n\t<\/section>","protected":false},"excerpt":{"rendered":"","protected":false},"author":1,"featured_media":1664,"parent":0,"menu_order":0,"comment_status":"closed","ping_status":"closed","template":"page-transparent-header-light.php","meta":{"rop_custom_images_group":[],"rop_custom_messages_group":[],"rop_publish_now":"initial","rop_publish_now_accounts":[],"rop_publish_now_history":[],"rop_publish_now_status":"pending","footnotes":""},"class_list":["post-2399","page","type-page","status-publish","has-post-thumbnail","hentry"],"yoast_head":"<!-- This site is optimized with the Yoast SEO plugin v27.3 - https:\/\/yoast.com\/product\/yoast-seo-wordpress\/ -->\n<title>LXP SQPOD 3600 - Best Ac Coupled Inverter Charger<\/title>\n<meta name=\"description\" content=\"The ac coupled for systems with battery backup adds a battery-based inverter that serves as an interface between your system and the grid.\" \/>\n<meta name=\"robots\" content=\"index, follow, max-snippet:-1, max-image-preview:large, max-video-preview:-1\" \/>\n<link rel=\"canonical\" href=\"https:\/\/luxpowertek.com\/de\/lxp-sqpod-3600\/\" \/>\n<meta property=\"og:locale\" content=\"de_DE\" \/>\n<meta property=\"og:type\" content=\"article\" \/>\n<meta property=\"og:title\" content=\"LXP SQPOD 3600 - Best Ac Coupled Inverter Charger\" \/>\n<meta property=\"og:description\" content=\"The ac coupled for systems with battery backup adds a battery-based inverter that serves as an interface between your system and the grid.\" \/>\n<meta property=\"og:url\" content=\"https:\/\/luxpowertek.com\/de\/lxp-sqpod-3600\/\" \/>\n<meta property=\"article:modified_time\" content=\"2023-05-04T09:18:09+00:00\" \/>\n<meta property=\"og:image\" content=\"https:\/\/luxpowertek.com\/wp-content\/uploads\/2021\/12\/Luxpower-inverter-SQPOD-3-min.jpg\" \/>\n\t<meta property=\"og:image:width\" content=\"800\" \/>\n\t<meta property=\"og:image:height\" content=\"800\" \/>\n\t<meta property=\"og:image:type\" content=\"image\/jpeg\" \/>\n<meta name=\"twitter:card\" content=\"summary_large_image\" \/>\n<meta name=\"twitter:label1\" content=\"Gesch\u00e4tzte Lesezeit\" \/>\n\t<meta name=\"twitter:data1\" content=\"2\u00a0Minuten\" \/>\n<script type=\"application\/ld+json\" class=\"yoast-schema-graph\">{\"@context\":\"https:\\\/\\\/schema.org\",\"@graph\":[{\"@type\":\"WebPage\",\"@id\":\"https:\\\/\\\/luxpowertek.com\\\/lxp-sqpod-3600\\\/\",\"url\":\"https:\\\/\\\/luxpowertek.com\\\/lxp-sqpod-3600\\\/\",\"name\":\"LXP SQPOD 3600 - Best Ac Coupled Inverter Charger\",\"isPartOf\":{\"@id\":\"https:\\\/\\\/luxpowertek.com\\\/#website\"},\"primaryImageOfPage\":{\"@id\":\"https:\\\/\\\/luxpowertek.com\\\/lxp-sqpod-3600\\\/#primaryimage\"},\"image\":{\"@id\":\"https:\\\/\\\/luxpowertek.com\\\/lxp-sqpod-3600\\\/#primaryimage\"},\"thumbnailUrl\":\"https:\\\/\\\/luxpowertek.com\\\/wp-content\\\/uploads\\\/2021\\\/12\\\/Luxpower-inverter-SQPOD-3-min.jpg\",\"datePublished\":\"2021-12-24T05:13:27+00:00\",\"dateModified\":\"2023-05-04T09:18:09+00:00\",\"description\":\"The ac coupled for systems with battery backup adds a battery-based inverter that serves as an interface between your system and the grid.\",\"breadcrumb\":{\"@id\":\"https:\\\/\\\/luxpowertek.com\\\/lxp-sqpod-3600\\\/#breadcrumb\"},\"inLanguage\":\"de\",\"potentialAction\":[{\"@type\":\"ReadAction\",\"target\":[\"https:\\\/\\\/luxpowertek.com\\\/lxp-sqpod-3600\\\/\"]}]},{\"@type\":\"ImageObject\",\"inLanguage\":\"de\",\"@id\":\"https:\\\/\\\/luxpowertek.com\\\/lxp-sqpod-3600\\\/#primaryimage\",\"url\":\"https:\\\/\\\/luxpowertek.com\\\/wp-content\\\/uploads\\\/2021\\\/12\\\/Luxpower-inverter-SQPOD-3-min.jpg\",\"contentUrl\":\"https:\\\/\\\/luxpowertek.com\\\/wp-content\\\/uploads\\\/2021\\\/12\\\/Luxpower-inverter-SQPOD-3-min.jpg\",\"width\":800,\"height\":800,\"caption\":\"ac coupled inverter\"},{\"@type\":\"BreadcrumbList\",\"@id\":\"https:\\\/\\\/luxpowertek.com\\\/lxp-sqpod-3600\\\/#breadcrumb\",\"itemListElement\":[{\"@type\":\"ListItem\",\"position\":1,\"name\":\"Home\",\"item\":\"https:\\\/\\\/luxpowertek.com\\\/\"},{\"@type\":\"ListItem\",\"position\":2,\"name\":\"LXP SQPOD 3600\"}]},{\"@type\":\"WebSite\",\"@id\":\"https:\\\/\\\/luxpowertek.com\\\/#website\",\"url\":\"https:\\\/\\\/luxpowertek.com\\\/\",\"name\":\"\",\"description\":\"\",\"potentialAction\":[{\"@type\":\"SearchAction\",\"target\":{\"@type\":\"EntryPoint\",\"urlTemplate\":\"https:\\\/\\\/luxpowertek.com\\\/?s={search_term_string}\"},\"query-input\":{\"@type\":\"PropertyValueSpecification\",\"valueRequired\":true,\"valueName\":\"search_term_string\"}}],\"inLanguage\":\"de\"}]}<\/script>\n<!-- \/ Yoast SEO plugin. -->","yoast_head_json":{"title":"LXP SQPOD 3600 - Bestes Wechselrichter-Ladeger\u00e4t mit AC-Kopplung","description":"Die ac-Kopplung f\u00fcr Systeme mit Batteriepufferung f\u00fcgt einen batteriegest\u00fctzten Wechselrichter hinzu, der als Schnittstelle zwischen Ihrem System und dem Netz dient.","robots":{"index":"index","follow":"follow","max-snippet":"max-snippet:-1","max-image-preview":"max-image-preview:large","max-video-preview":"max-video-preview:-1"},"canonical":"https:\/\/luxpowertek.com\/de\/lxp-sqpod-3600\/","og_locale":"de_DE","og_type":"article","og_title":"LXP SQPOD 3600 - Best Ac Coupled Inverter Charger","og_description":"The ac coupled for systems with battery backup adds a battery-based inverter that serves as an interface between your system and the grid.","og_url":"https:\/\/luxpowertek.com\/de\/lxp-sqpod-3600\/","article_modified_time":"2023-05-04T09:18:09+00:00","og_image":[{"width":800,"height":800,"url":"https:\/\/luxpowertek.com\/wp-content\/uploads\/2021\/12\/Luxpower-inverter-SQPOD-3-min.jpg","type":"image\/jpeg"}],"twitter_card":"summary_large_image","twitter_misc":{"Gesch\u00e4tzte Lesezeit":"2\u00a0Minuten"},"schema":{"@context":"https:\/\/schema.org","@graph":[{"@type":"WebPage","@id":"https:\/\/luxpowertek.com\/lxp-sqpod-3600\/","url":"https:\/\/luxpowertek.com\/lxp-sqpod-3600\/","name":"LXP SQPOD 3600 - Bestes Wechselrichter-Ladeger\u00e4t mit AC-Kopplung","isPartOf":{"@id":"https:\/\/luxpowertek.com\/#website"},"primaryImageOfPage":{"@id":"https:\/\/luxpowertek.com\/lxp-sqpod-3600\/#primaryimage"},"image":{"@id":"https:\/\/luxpowertek.com\/lxp-sqpod-3600\/#primaryimage"},"thumbnailUrl":"https:\/\/luxpowertek.com\/wp-content\/uploads\/2021\/12\/Luxpower-inverter-SQPOD-3-min.jpg","datePublished":"2021-12-24T05:13:27+00:00","dateModified":"2023-05-04T09:18:09+00:00","description":"Die ac-Kopplung f\u00fcr Systeme mit Batteriepufferung f\u00fcgt einen batteriegest\u00fctzten Wechselrichter hinzu, der als Schnittstelle zwischen Ihrem System und dem Netz dient.","breadcrumb":{"@id":"https:\/\/luxpowertek.com\/lxp-sqpod-3600\/#breadcrumb"},"inLanguage":"de","potentialAction":[{"@type":"ReadAction","target":["https:\/\/luxpowertek.com\/lxp-sqpod-3600\/"]}]},{"@type":"ImageObject","inLanguage":"de","@id":"https:\/\/luxpowertek.com\/lxp-sqpod-3600\/#primaryimage","url":"https:\/\/luxpowertek.com\/wp-content\/uploads\/2021\/12\/Luxpower-inverter-SQPOD-3-min.jpg","contentUrl":"https:\/\/luxpowertek.com\/wp-content\/uploads\/2021\/12\/Luxpower-inverter-SQPOD-3-min.jpg","width":800,"height":800,"caption":"ac coupled inverter"},{"@type":"BreadcrumbList","@id":"https:\/\/luxpowertek.com\/lxp-sqpod-3600\/#breadcrumb","itemListElement":[{"@type":"ListItem","position":1,"name":"Home","item":"https:\/\/luxpowertek.com\/"},{"@type":"ListItem","position":2,"name":"LXP SQPOD 3600"}]},{"@type":"WebSite","@id":"https:\/\/luxpowertek.com\/#website","url":"https:\/\/luxpowertek.com\/","name":"","description":"","potentialAction":[{"@type":"SearchAction","target":{"@type":"EntryPoint","urlTemplate":"https:\/\/luxpowertek.com\/?s={search_term_string}"},"query-input":{"@type":"PropertyValueSpecification","valueRequired":true,"valueName":"search_term_string"}}],"inLanguage":"de"}]}},"_links":{"self":[{"href":"https:\/\/luxpowertek.com\/de\/wp-json\/wp\/v2\/pages\/2399","targetHints":{"allow":["GET"]}}],"collection":[{"href":"https:\/\/luxpowertek.com\/de\/wp-json\/wp\/v2\/pages"}],"about":[{"href":"https:\/\/luxpowertek.com\/de\/wp-json\/wp\/v2\/types\/page"}],"author":[{"embeddable":true,"href":"https:\/\/luxpowertek.com\/de\/wp-json\/wp\/v2\/users\/1"}],"replies":[{"embeddable":true,"href":"https:\/\/luxpowertek.com\/de\/wp-json\/wp\/v2\/comments?post=2399"}],"version-history":[{"count":0,"href":"https:\/\/luxpowertek.com\/de\/wp-json\/wp\/v2\/pages\/2399\/revisions"}],"wp:featuredmedia":[{"embeddable":true,"href":"https:\/\/luxpowertek.com\/de\/wp-json\/wp\/v2\/media\/1664"}],"wp:attachment":[{"href":"https:\/\/luxpowertek.com\/de\/wp-json\/wp\/v2\/media?parent=2399"}],"curies":[{"name":"wp","href":"https:\/\/api.w.org\/{rel}","templated":true}]}}