{"id":2364,"date":"2021-12-24T11:21:35","date_gmt":"2021-12-24T03:21:35","guid":{"rendered":"https:\/\/nibianqi.bbswaimao.com\/?page_id=2364"},"modified":"2022-03-24T11:44:50","modified_gmt":"2022-03-24T03:44:50","slug":"netzgekoppelter-wechselrichter","status":"publish","type":"page","link":"https:\/\/luxpowertek.com\/de\/netzgekoppelter-wechselrichter\/","title":{"rendered":"AC-gekoppelter Wechselrichter"},"content":{"rendered":"<section class=\"section custom_title_buttom\" id=\"section_1213037372\">\n\t\t<div class=\"bg section-bg fill bg-fill  bg-loaded\" >\n\n\t\t\t\n\t\t\t\n\t\t\t\n\n\t\t<\/div>\n\n\t\t\n\n\t\t<div class=\"section-content relative\">\n\t\t\t\n<div class=\"row\"  id=\"row-199255450\">\n\n\t<div id=\"col-863984764\" class=\"col small-12 large-12\"  >\n\t\t\t\t<div class=\"col-inner text-center\"  >\n\t\t\t\n\t\t\t\n<h1>AC-gekoppelter Wechselrichter<\/h1>\n<div class=\"row\"  id=\"row-687003294\">\n\n\t<div id=\"col-396573650\" class=\"col hide-for-small medium-3 small-6 large-3\"  >\n\t\t\t\t<div class=\"col-inner\"  >\n\t\t\t\n\t\t\t\n\t\t<\/div>\n\t\t\t\t\t<\/div>\n\n\t\n\n\t<div id=\"col-947591226\" class=\"col medium-3 small-6 large-3\"  >\n\t\t\t\t<div class=\"col-inner\"  >\n\t\t\t\n\t\t\t\n\t<div class=\"box has-hover   has-hover box-text-bottom\" >\n\n\t\t<div class=\"box-image\" >\n\t\t\t<a href=\"https:\/\/luxpowertek.com\/de\/lxp-sqpod-3600\/\" >\t\t\t<div class=\"image-zoom\" >\n\t\t\t\t<img loading=\"lazy\" decoding=\"async\" width=\"800\" height=\"800\" src=\"https:\/\/luxpowertek.com\/wp-content\/uploads\/2021\/12\/Luxpower-inverter-SQPOD-1-min.png\" class=\"attachment-original size-original\" alt=\"uxpower Wechselrichter SQPOD 1-min\" \/>\t\t\t\t\t\t\t\t\t\t\t<\/div>\n\t\t\t<\/a>\t\t<\/div>\n\n\t\t<div class=\"box-text text-center\" >\n\t\t\t<div class=\"box-text-inner\">\n\t\t\t\t\n<h3><a href=\"https:\/\/luxpowertek.com\/de\/lxp-sqpod-3600\/\">Luxpower Wechselrichter SQPOD<\/a><\/h3>\n\t\t\t<\/div>\n\t\t<\/div>\n\t<\/div>\n\t\n\t\t<\/div>\n\t\t\t\t\t<\/div>\n\n\t\n\n\t<div id=\"col-632827631\" class=\"col medium-3 small-6 large-3\"  >\n\t\t\t\t<div class=\"col-inner\"  >\n\t\t\t\n\t\t\t\n\t<div class=\"box has-hover   has-hover box-text-bottom\" >\n\n\t\t<div class=\"box-image\" >\n\t\t\t<a href=\"https:\/\/luxpowertek.com\/de\/lxp-acs-3600\/\" >\t\t\t<div class=\"image-zoom\" >\n\t\t\t\t<img loading=\"lazy\" decoding=\"async\" width=\"800\" height=\"800\" src=\"https:\/\/luxpowertek.com\/wp-content\/uploads\/2021\/12\/Luxpower-inverter-ACS3600-1-min.png\" class=\"attachment-original size-original\" alt=\"\" \/>\t\t\t\t\t\t\t\t\t\t\t<\/div>\n\t\t\t<\/a>\t\t<\/div>\n\n\t\t<div class=\"box-text text-center\" >\n\t\t\t<div class=\"box-text-inner\">\n\t\t\t\t\n<h3><a href=\"https:\/\/luxpowertek.com\/de\/lxp-acs-3600\/\">Luxpower Wechselrichter ACS3600<\/a><\/h3>\n\t\t\t<\/div>\n\t\t<\/div>\n\t<\/div>\n\t\n\t\t<\/div>\n\t\t\t\t\t<\/div>\n\n\t\n\n\t<div id=\"col-1681436766\" class=\"col hide-for-small medium-3 small-6 large-3\"  >\n\t\t\t\t<div class=\"col-inner\"  >\n\t\t\t\n\t\t\t\n\t\t<\/div>\n\t\t\t\t\t<\/div>\n\n\t\n<\/div>\n\t\t<\/div>\n\t\t\t\t\t<\/div>\n\n\t\n<\/div>\n\t\t<\/div>\n\n\t\t\n<style>\n#section_1213037372 {\n  padding-top: 30px;\n  padding-bottom: 30px;\n}\n<\/style>\n\t<\/section>\n\t\n\t<section class=\"section custom_title_buttom custom_title_alian\" id=\"section_656970103\">\n\t\t<div class=\"bg section-bg fill bg-fill  bg-loaded\" >\n\n\t\t\t\n\t\t\t\n\t\t\t\n\n\t\t<\/div>\n\n\t\t\n\n\t\t<div class=\"section-content relative\">\n\t\t\t\n<div class=\"row\"  id=\"row-1073224137\">\n\n\t<div id=\"col-66090988\" class=\"col small-12 large-12\"  >\n\t\t\t\t<div class=\"col-inner\"  >\n\t\t\t\n\t\t\t\n\t<div id=\"text-1881384426\" class=\"text\">\n\t\t\n<h2>AC-gekoppelte Wechselrichter-Serie<\/h2>\n\t\t\n<style>\n#text-1881384426 {\n  text-align: center;\n}\n@media (min-width:550px) {\n  #text-1881384426 {\n    text-align: center;\n  }\n}\n<\/style>\n\t<\/div>\n\t\n\t\t<\/div>\n\t\t\t\t\t<\/div>\n\n\t\n<\/div>\n<div class=\"row\"  id=\"row-779050878\">\n\n\t<div id=\"col-1758203898\" class=\"col small-12 large-12\"  >\n\t\t\t\t<div class=\"col-inner\"  >\n\t\t\t\n\t\t\t\n\t<div id=\"gap-880929190\" class=\"gap-element clearfix\" style=\"display:block; height:auto;\">\n\t\t\n<style>\n#gap-880929190 {\n  padding-top: 30px;\n}\n<\/style>\n\t<\/div>\n\t\n<div class=\"row\"  id=\"row-1627017516\">\n\n\t<div id=\"col-1587389115\" class=\"col medium-3 small-6 large-3\"  >\n\t\t\t\t<div class=\"col-inner\"  >\n\t\t\t\n\t\t\t\n\n\t\t<div class=\"icon-box featured-box icon-box-center text-center\"  >\n\t\t\t\t\t<div class=\"icon-box-img\" style=\"width: 60px\">\n\t\t\t\t<div class=\"icon\">\n\t\t\t\t\t<div class=\"icon-inner\" >\n\t\t\t\t\t\t<img loading=\"lazy\" decoding=\"async\" width=\"300\" height=\"300\" src=\"https:\/\/luxpowertek.com\/wp-content\/uploads\/2021\/12\/2-3-300x300.png\" class=\"attachment-medium size-medium\" alt=\"\" srcset=\"https:\/\/luxpowertek.com\/wp-content\/uploads\/2021\/12\/2-3-300x300.png 300w, https:\/\/luxpowertek.com\/wp-content\/uploads\/2021\/12\/2-3-100x100.png 100w, https:\/\/luxpowertek.com\/wp-content\/uploads\/2021\/12\/2-3-80x80.png 80w, https:\/\/luxpowertek.com\/wp-content\/uploads\/2021\/12\/2-3-500x500.png 500w, https:\/\/luxpowertek.com\/wp-content\/uploads\/2021\/12\/2-3.png 512w\" sizes=\"auto, (max-width: 300px) 100vw, 300px\" \/>\t\t\t\t\t<\/div>\n\t\t\t\t<\/div>\n\t\t\t<\/div>\n\t\t\t\t<div class=\"icon-box-text last-reset\">\n\t\t\t\t\t\t\t\t\t\n<h3>Intelligente USV<\/h3>\n<p>Plug &amp; Play, nahtloses Umschalten unter 10 msAusreichend Reservestrom f\u00fcr Notf\u00e4lle<\/p>\n\t\t<\/div>\n\t<\/div>\n\t\n\t\n\t\t<\/div>\n\t\t\t\t\t<\/div>\n\n\t\n\n\t<div id=\"col-1191079133\" class=\"col medium-3 small-6 large-3\"  >\n\t\t\t\t<div class=\"col-inner\"  >\n\t\t\t\n\t\t\t\n\n\t\t<div class=\"icon-box featured-box icon-box-center text-center\"  >\n\t\t\t\t\t<div class=\"icon-box-img\" style=\"width: 60px\">\n\t\t\t\t<div class=\"icon\">\n\t\t\t\t\t<div class=\"icon-inner\" >\n\t\t\t\t\t\t<img loading=\"lazy\" decoding=\"async\" width=\"300\" height=\"300\" src=\"https:\/\/luxpowertek.com\/wp-content\/uploads\/2021\/12\/4-3-300x300.png\" class=\"attachment-medium size-medium\" alt=\"\" srcset=\"https:\/\/luxpowertek.com\/wp-content\/uploads\/2021\/12\/4-3-300x300.png 300w, https:\/\/luxpowertek.com\/wp-content\/uploads\/2021\/12\/4-3-100x100.png 100w, https:\/\/luxpowertek.com\/wp-content\/uploads\/2021\/12\/4-3-80x80.png 80w, https:\/\/luxpowertek.com\/wp-content\/uploads\/2021\/12\/4-3-500x500.png 500w, https:\/\/luxpowertek.com\/wp-content\/uploads\/2021\/12\/4-3.png 512w\" sizes=\"auto, (max-width: 300px) 100vw, 300px\" \/>\t\t\t\t\t<\/div>\n\t\t\t\t<\/div>\n\t\t\t<\/div>\n\t\t\t\t<div class=\"icon-box-text last-reset\">\n\t\t\t\t\t\t\t\t\t\n<h3>Erweiterte Parallele f\u00fcr SQPOD<\/h3>\n<p>Bis zu 10 Ger\u00e4te parallel, erweiterbar auf 36kWSEinphasige und unsymmetrische dreiphasige ParallelschaltungKeine Begrenzung der Kabell\u00e4nge f\u00fcr den Anschluss an die Batterie oder den ACHost-Wechselrichter, der automatisch zur Verwaltung des gesamten Systems generiert wird<\/p>\n\t\t<\/div>\n\t<\/div>\n\t\n\t\n\t\t<\/div>\n\t\t\t\t\t<\/div>\n\n\t\n\n\t<div id=\"col-722252710\" class=\"col medium-3 small-6 large-3\"  >\n\t\t\t\t<div class=\"col-inner\"  >\n\t\t\t\n\t\t\t\n\n\t\t<div class=\"icon-box featured-box icon-box-center text-center\"  >\n\t\t\t\t\t<div class=\"icon-box-img\" style=\"width: 60px\">\n\t\t\t\t<div class=\"icon\">\n\t\t\t\t\t<div class=\"icon-inner\" >\n\t\t\t\t\t\t<img loading=\"lazy\" decoding=\"async\" width=\"300\" height=\"300\" src=\"https:\/\/luxpowertek.com\/wp-content\/uploads\/2021\/12\/3-3-300x300.png\" class=\"attachment-medium size-medium\" alt=\"\" srcset=\"https:\/\/luxpowertek.com\/wp-content\/uploads\/2021\/12\/3-3-300x300.png 300w, https:\/\/luxpowertek.com\/wp-content\/uploads\/2021\/12\/3-3-100x100.png 100w, https:\/\/luxpowertek.com\/wp-content\/uploads\/2021\/12\/3-3-80x80.png 80w, https:\/\/luxpowertek.com\/wp-content\/uploads\/2021\/12\/3-3-500x500.png 500w, https:\/\/luxpowertek.com\/wp-content\/uploads\/2021\/12\/3-3.png 512w\" sizes=\"auto, (max-width: 300px) 100vw, 300px\" \/>\t\t\t\t\t<\/div>\n\t\t\t\t<\/div>\n\t\t\t<\/div>\n\t\t\t\t<div class=\"icon-box-text last-reset\">\n\t\t\t\t\t\t\t\t\t\n<h3>Einfacher Gebrauch mit Batterie<\/h3>\n<p>Fernaktualisierung der BMS-FirmwareGro\u00dfe Auswahl an kompatiblen BatteriemarkenAufwecken der Lithium-Batterie bei Abschaltung der BatterieWesentliche Informationen werden zur schnellen ESS-Diagnose auf den Lux-Server hochgeladenFlexible Verbindungen mit Batterie, Gruppe oder Split, die beide zug\u00e4nglich sind<\/p>\n\t\t<\/div>\n\t<\/div>\n\t\n\t\n\t\t<\/div>\n\t\t\t\t\t<\/div>\n\n\t\n\n\t<div id=\"col-1657231047\" class=\"col medium-3 small-6 large-3\"  >\n\t\t\t\t<div class=\"col-inner\"  >\n\t\t\t\n\t\t\t\n\n\t\t<div class=\"icon-box featured-box icon-box-center text-center\"  >\n\t\t\t\t\t<div class=\"icon-box-img\" style=\"width: 60px\">\n\t\t\t\t<div class=\"icon\">\n\t\t\t\t\t<div class=\"icon-inner\" >\n\t\t\t\t\t\t<img loading=\"lazy\" decoding=\"async\" width=\"300\" height=\"300\" src=\"https:\/\/luxpowertek.com\/wp-content\/uploads\/2021\/12\/5-1-300x300.png\" class=\"attachment-medium size-medium\" alt=\"\" srcset=\"https:\/\/luxpowertek.com\/wp-content\/uploads\/2021\/12\/5-1-300x300.png 300w, https:\/\/luxpowertek.com\/wp-content\/uploads\/2021\/12\/5-1-100x100.png 100w, https:\/\/luxpowertek.com\/wp-content\/uploads\/2021\/12\/5-1-80x80.png 80w, https:\/\/luxpowertek.com\/wp-content\/uploads\/2021\/12\/5-1-500x500.png 500w, https:\/\/luxpowertek.com\/wp-content\/uploads\/2021\/12\/5-1.png 512w\" sizes=\"auto, (max-width: 300px) 100vw, 300px\" \/>\t\t\t\t\t<\/div>\n\t\t\t\t<\/div>\n\t\t\t<\/div>\n\t\t\t\t<div class=\"icon-box-text last-reset\">\n\t\t\t\t\t\t\t\t\t\n<h3>Intelligente Arbeitsmodi<\/h3>\n<p>Eigenverbrauchsmodus f\u00fcr HochtarifgebieteLadepriorit\u00e4tsmodus f\u00fcr Gebiete mit instabilem NetzstromZwangslade- und Entlademodus f\u00fcr Gebiete mit zeitlich schwankendem Tarif<\/p>\n\t\t<\/div>\n\t<\/div>\n\t\n\t\n\t\t<\/div>\n\t\t\t\t\t<\/div>\n\n\t\n<\/div>\n<div class=\"row\"  id=\"row-160342610\">\n\n\t<div id=\"col-568161717\" class=\"col small-12 large-12\"  >\n\t\t\t\t<div class=\"col-inner text-center\"  >\n\t\t\t\n\t\t\t\n\t<div id=\"gap-1093762894\" class=\"gap-element clearfix\" style=\"display:block; height:auto;\">\n\t\t\n<style>\n#gap-1093762894 {\n  padding-top: 19px;\n}\n<\/style>\n\t<\/div>\n\t\n<p><a class=\"button white button_green\" style=\"border-radius: 8px;\" data-fancybox=\"\" data-src=\"#hidden-CF7\">Angebot anfordern<\/a><\/p>\n\t\t<\/div>\n\t\t\t\t\t<\/div>\n\n\t\n<\/div>\n\t\t<\/div>\n\t\t\t\t\t<\/div>\n\n\t\n<\/div>\n\t\t<\/div>\n\n\t\t\n<style>\n#section_656970103 {\n  padding-top: 30px;\n  padding-bottom: 30px;\n}\n<\/style>\n\t<\/section>\n\t\n\t<section class=\"section custom_title_buttom\" id=\"section_1662238498\">\n\t\t<div class=\"bg section-bg fill bg-fill  bg-loaded\" >\n\n\t\t\t\n\t\t\t\n\t\t\t\n\n\t\t<\/div>\n\n\t\t\n\n\t\t<div class=\"section-content relative\">\n\t\t\t\n<div class=\"row\"  id=\"row-1162736596\">\n\n\t<div id=\"col-1299004733\" class=\"col small-12 large-12\"  >\n\t\t\t\t<div class=\"col-inner text-center\"  >\n\t\t\t\n\t\t\t\n\t<div id=\"text-1389243631\" class=\"text\">\n\t\t\n<h2>So funktioniert der AC-gekoppelte Wechselrichter<\/h2>\n\t\t\n<style>\n#text-1389243631 {\n  text-align: center;\n}\n@media (min-width:550px) {\n  #text-1389243631 {\n    text-align: center;\n  }\n}\n<\/style>\n\t<\/div>\n\t\n<div class=\"row\"  id=\"row-1046500991\">\n\n\t<div id=\"col-636485360\" class=\"col medium-6 small-12 large-6\"  >\n\t\t\t\t<div class=\"col-inner\"  >\n\t\t\t\n\t\t\t\n\t<div class=\"img has-hover x md-x lg-x y md-y lg-y\" id=\"image_1806094255\">\n\t\t\t\t\t\t\t\t<div class=\"img-inner image-cover dark\" style=\"padding-top:80%;\">\n\t\t\t<img loading=\"lazy\" decoding=\"async\" width=\"1206\" height=\"1003\" src=\"https:\/\/luxpowertek.com\/wp-content\/uploads\/2021\/12\/Luxpowertek-catalog-20211126-11-1.jpg\" class=\"attachment-original size-original\" alt=\"\" srcset=\"https:\/\/luxpowertek.com\/wp-content\/uploads\/2021\/12\/Luxpowertek-catalog-20211126-11-1.jpg 1206w, https:\/\/luxpowertek.com\/wp-content\/uploads\/2021\/12\/Luxpowertek-catalog-20211126-11-1-300x250.jpg 300w, https:\/\/luxpowertek.com\/wp-content\/uploads\/2021\/12\/Luxpowertek-catalog-20211126-11-1-1030x857.jpg 1030w, https:\/\/luxpowertek.com\/wp-content\/uploads\/2021\/12\/Luxpowertek-catalog-20211126-11-1-768x639.jpg 768w, https:\/\/luxpowertek.com\/wp-content\/uploads\/2021\/12\/Luxpowertek-catalog-20211126-11-1-800x665.jpg 800w\" sizes=\"auto, (max-width: 1206px) 100vw, 1206px\" \/>\t\t\t\t\t\t\n\t\t\t\t\t<\/div>\n\t\t\t\t\t\t\t\t\n<style>\n#image_1806094255 {\n  width: 100%;\n}\n<\/style>\n\t<\/div>\n\t\n\t<div id=\"text-1882835004\" class=\"text\">\n\t\t\n<h3 style=\"text-align: center;\">AC-Kupplungssystem Anschluss<\/h3>\n<p>Nachr\u00fcstung eines bestehenden netzgekoppelten Solarsystems mit einem AC-Kopplungssystem zur Energiespeicherung. Es k\u00f6nnte nicht einfacher sein, als einen LXP AC-Serienwechselrichter zu installieren, der auf der AC-Seite mit einem Batteriesatz gekoppelt ist.<\/p>\n\t\t\n<style>\n#text-1882835004 {\n  text-align: left;\n}\n<\/style>\n\t<\/div>\n\t\n\t\t<\/div>\n\t\t\t\t\t<\/div>\n\n\t\n\n\t<div id=\"col-62442303\" class=\"col medium-6 small-12 large-6\"  >\n\t\t\t\t<div class=\"col-inner\"  >\n\t\t\t\n\t\t\t\n\t<div class=\"img has-hover x md-x lg-x y md-y lg-y\" id=\"image_557979375\">\n\t\t\t\t\t\t\t\t<div class=\"img-inner image-cover dark\" style=\"padding-top:80%;\">\n\t\t\t<img loading=\"lazy\" decoding=\"async\" width=\"1031\" height=\"827\" src=\"https:\/\/luxpowertek.com\/wp-content\/uploads\/2021\/12\/Luxpowertek-catalog-20211126-11-2.jpg\" class=\"attachment-original size-original\" alt=\"\" srcset=\"https:\/\/luxpowertek.com\/wp-content\/uploads\/2021\/12\/Luxpowertek-catalog-20211126-11-2.jpg 1031w, https:\/\/luxpowertek.com\/wp-content\/uploads\/2021\/12\/Luxpowertek-catalog-20211126-11-2-300x241.jpg 300w, https:\/\/luxpowertek.com\/wp-content\/uploads\/2021\/12\/Luxpowertek-catalog-20211126-11-2-768x616.jpg 768w, https:\/\/luxpowertek.com\/wp-content\/uploads\/2021\/12\/Luxpowertek-catalog-20211126-11-2-800x642.jpg 800w\" sizes=\"auto, (max-width: 1031px) 100vw, 1031px\" \/>\t\t\t\t\t\t\n\t\t\t\t\t<\/div>\n\t\t\t\t\t\t\t\t\n<style>\n#image_557979375 {\n  width: 100%;\n}\n<\/style>\n\t<\/div>\n\t\n\t<div id=\"text-1025512963\" class=\"text\">\n\t\t\n<h3 style=\"text-align: center;\">AC-gekoppelter Wechselrichter Eigenverbrauch<\/h3>\n<p>Im Selbstverbrauchsmodus erkennt der AC-gekoppelte Wechselrichter die vom Netz erzeugte Leistung, die zuerst von den lokalen Verbrauchern genutzt wird, und der Rest wird mit Hilfe des AC-gekoppelten Wechselrichters in der Batterie gespeichert, wobei \u00fcbersch\u00fcssige Leistung in das Netz zur\u00fcckgespeist wird. Dies ist der Standardmodus, der die Eigenverbrauchsquote erh\u00f6ht und die Stromrechnung erheblich senkt.<\/p>\n\t\t\n<style>\n#text-1025512963 {\n  text-align: left;\n}\n<\/style>\n\t<\/div>\n\t\n\t\t<\/div>\n\t\t\t\t\t<\/div>\n\n\t\n<\/div>\n<div class=\"row\"  id=\"row-1975555855\">\n\n\t<div id=\"col-1531177850\" class=\"col medium-6 small-12 large-6\"  >\n\t\t\t\t<div class=\"col-inner\"  >\n\t\t\t\n\t\t\t\n\t<div class=\"img has-hover x md-x lg-x y md-y lg-y\" id=\"image_1685079535\">\n\t\t\t\t\t\t\t\t<div class=\"img-inner image-cover dark\" style=\"padding-top:80%;\">\n\t\t\t<img loading=\"lazy\" decoding=\"async\" width=\"1028\" height=\"796\" src=\"https:\/\/luxpowertek.com\/wp-content\/uploads\/2021\/12\/Luxpowertek-catalog-20211126-11-3.jpg\" class=\"attachment-original size-original\" alt=\"\" srcset=\"https:\/\/luxpowertek.com\/wp-content\/uploads\/2021\/12\/Luxpowertek-catalog-20211126-11-3.jpg 1028w, https:\/\/luxpowertek.com\/wp-content\/uploads\/2021\/12\/Luxpowertek-catalog-20211126-11-3-300x232.jpg 300w, https:\/\/luxpowertek.com\/wp-content\/uploads\/2021\/12\/Luxpowertek-catalog-20211126-11-3-768x595.jpg 768w, https:\/\/luxpowertek.com\/wp-content\/uploads\/2021\/12\/Luxpowertek-catalog-20211126-11-3-800x619.jpg 800w\" sizes=\"auto, (max-width: 1028px) 100vw, 1028px\" \/>\t\t\t\t\t\t\n\t\t\t\t\t<\/div>\n\t\t\t\t\t\t\t\t\n<style>\n#image_1685079535 {\n  width: 100%;\n}\n<\/style>\n\t<\/div>\n\t\n\t\t<\/div>\n\t\t\t\t\t<\/div>\n\n\t\n\n\t<div id=\"col-938403042\" class=\"col medium-6 small-12 large-6\"  >\n\t\t\t\t<div class=\"col-inner\"  >\n\t\t\t\n\t\t\t\n\t<div id=\"gap-1984872014\" class=\"gap-element clearfix\" style=\"display:block; height:auto;\">\n\t\t\n<style>\n#gap-1984872014 {\n  padding-top: 7px;\n}\n<\/style>\n\t<\/div>\n\t\n<div class=\"video video-fit mb\" style=\"padding-top:60%;\"><p><iframe loading=\"lazy\" title=\"LUXPOWER \u00dcberblick \u00fcber den LXP 3.6K Hybrid\" width=\"1020\" height=\"574\" src=\"https:\/\/www.youtube.com\/embed\/v9DIwGmjU0U?list=PLzioA4ti0PD6hU9t7A_9RiXSca4IvOLdo\" frameborder=\"0\" allow=\"accelerometer; autoplay; clipboard-write; encrypted-media; gyroscope; picture-in-picture\" allowfullscreen><\/iframe><\/p>\n<\/div>\n\t\t<\/div>\n\t\t\t\t\t<\/div>\n\n\t\n<\/div>\n<div class=\"row\"  id=\"row-1927528842\">\n\n\t<div id=\"col-377962694\" class=\"col small-12 large-12\"  >\n\t\t\t\t<div class=\"col-inner\"  >\n\t\t\t\n\t\t\t\n<div class=\"row align-middle\"  id=\"row-1413456894\">\n\n\t<div id=\"col-978600332\" class=\"col medium-6 small-12 large-6\"  >\n\t\t\t\t<div class=\"col-inner\"  >\n\t\t\t\n\t\t\t\n\t<div id=\"text-3601601473\" class=\"text\">\n\t\t\n<h3 style=\"text-align: center;\">Kraftdifferenz Ampere AC Gekoppelte Zeit Verwendung<\/h3>\n<p>Dieser Modus mit Wechselstromkopplung eignet sich f\u00fcr Situationen, in denen der Preisunterschied der Energie gro\u00df ist. Der Benutzer kann die Lade- und Entladezeit und die Priorit\u00e4t der Energienutzung unterForce Time Use Mode einstellen. Der Benutzer kann auch w\u00e4hlen, ob die Batterie mit Netzstrom geladen werden soll, wenn die Vorschriften dies zulassen.<\/p>\n\t\t\n<style>\n#text-3601601473 {\n  text-align: left;\n}\n<\/style>\n\t<\/div>\n\t\n\t\t<\/div>\n\t\t\t\t\t<\/div>\n\n\t\n\n\t<div id=\"col-657775216\" class=\"col medium-6 small-12 large-6\"  >\n\t\t\t\t<div class=\"col-inner\"  >\n\t\t\t\n\t\t\t\n<p><a class=\"button white button_green\" style=\"border-radius: 8px;\" data-fancybox=\"\" data-src=\"#hidden-CF7\">Angebot anfordern<\/a><\/p>\n\t\t<\/div>\n\t\t\t\t\t<\/div>\n\n\t\n<\/div>\n\t\t<\/div>\n\t\t\t\t\t<\/div>\n\n\t\n<\/div>\n\t\t<\/div>\n\t\t\t\t\t<\/div>\n\n\t\n<\/div>\n\t\t<\/div>\n\n\t\t\n<style>\n#section_1662238498 {\n  padding-top: 30px;\n  padding-bottom: 30px;\n}\n<\/style>\n\t<\/section>","protected":false},"excerpt":{"rendered":"","protected":false},"author":1,"featured_media":0,"parent":0,"menu_order":0,"comment_status":"closed","ping_status":"closed","template":"page-blank.php","meta":{"rop_custom_images_group":[],"rop_custom_messages_group":[],"rop_publish_now":"initial","rop_publish_now_accounts":[],"rop_publish_now_history":[],"rop_publish_now_status":"pending","footnotes":""},"class_list":["post-2364","page","type-page","status-publish","hentry"],"yoast_head":"<!-- This site is optimized with the Yoast SEO plugin v27.3 - https:\/\/yoast.com\/product\/yoast-seo-wordpress\/ -->\n<title>AC Coupled Inverter | Difference Amp AC Coupled Battery Inverter<\/title>\n<meta name=\"description\" content=\"AC coupling uses your existing system to feed power into a battery-based inverter\/charger to charge the battery pack.\" \/>\n<meta name=\"robots\" content=\"index, follow, max-snippet:-1, max-image-preview:large, max-video-preview:-1\" \/>\n<link rel=\"canonical\" href=\"https:\/\/luxpowertek.com\/de\/netzgekoppelter-wechselrichter\/\" \/>\n<meta property=\"og:locale\" content=\"de_DE\" \/>\n<meta property=\"og:type\" content=\"article\" \/>\n<meta property=\"og:title\" content=\"AC Coupled Inverter | Difference Amp AC Coupled Battery Inverter\" \/>\n<meta property=\"og:description\" content=\"AC coupling uses your existing system to feed power into a battery-based inverter\/charger to charge the battery pack.\" \/>\n<meta property=\"og:url\" content=\"https:\/\/luxpowertek.com\/de\/netzgekoppelter-wechselrichter\/\" \/>\n<meta property=\"article:publisher\" content=\"https:\/\/www.facebook.com\/LUXPOWERTEK\" \/>\n<meta property=\"article:modified_time\" content=\"2022-03-24T03:44:50+00:00\" \/>\n<meta name=\"twitter:card\" content=\"summary_large_image\" \/>\n<meta name=\"twitter:label1\" content=\"Gesch\u00e4tzte Lesezeit\" \/>\n\t<meta name=\"twitter:data1\" content=\"3\u00a0Minuten\" \/>\n<script type=\"application\/ld+json\" class=\"yoast-schema-graph\">{\"@context\":\"https:\\\/\\\/schema.org\",\"@graph\":[{\"@type\":\"WebPage\",\"@id\":\"https:\\\/\\\/luxpowertek.com\\\/ac-coupled-inverter\\\/\",\"url\":\"https:\\\/\\\/luxpowertek.com\\\/ac-coupled-inverter\\\/\",\"name\":\"AC Coupled Inverter | Difference Amp AC Coupled Battery Inverter\",\"isPartOf\":{\"@id\":\"https:\\\/\\\/luxpowertek.com\\\/#website\"},\"datePublished\":\"2021-12-24T03:21:35+00:00\",\"dateModified\":\"2022-03-24T03:44:50+00:00\",\"description\":\"AC coupling uses your existing system to feed power into a battery-based inverter\\\/charger to charge the battery pack.\",\"breadcrumb\":{\"@id\":\"https:\\\/\\\/luxpowertek.com\\\/ac-coupled-inverter\\\/#breadcrumb\"},\"inLanguage\":\"de\",\"potentialAction\":[{\"@type\":\"ReadAction\",\"target\":[\"https:\\\/\\\/luxpowertek.com\\\/ac-coupled-inverter\\\/\"]}]},{\"@type\":\"BreadcrumbList\",\"@id\":\"https:\\\/\\\/luxpowertek.com\\\/ac-coupled-inverter\\\/#breadcrumb\",\"itemListElement\":[{\"@type\":\"ListItem\",\"position\":1,\"name\":\"Home\",\"item\":\"https:\\\/\\\/luxpowertek.com\\\/\"},{\"@type\":\"ListItem\",\"position\":2,\"name\":\"AC Coupled Inverter\"}]},{\"@type\":\"WebSite\",\"@id\":\"https:\\\/\\\/luxpowertek.com\\\/#website\",\"url\":\"https:\\\/\\\/luxpowertek.com\\\/\",\"name\":\"\",\"description\":\"\",\"publisher\":{\"@id\":\"https:\\\/\\\/luxpowertek.com\\\/#organization\"},\"potentialAction\":[{\"@type\":\"SearchAction\",\"target\":{\"@type\":\"EntryPoint\",\"urlTemplate\":\"https:\\\/\\\/luxpowertek.com\\\/?s={search_term_string}\"},\"query-input\":{\"@type\":\"PropertyValueSpecification\",\"valueRequired\":true,\"valueName\":\"search_term_string\"}}],\"inLanguage\":\"de\"},{\"@type\":\"Organization\",\"@id\":\"https:\\\/\\\/luxpowertek.com\\\/#organization\",\"name\":\"LuxpowerTek\",\"url\":\"https:\\\/\\\/luxpowertek.com\\\/\",\"logo\":{\"@type\":\"ImageObject\",\"inLanguage\":\"de\",\"@id\":\"https:\\\/\\\/luxpowertek.com\\\/#\\\/schema\\\/logo\\\/image\\\/\",\"url\":\"https:\\\/\\\/luxpowertek.com\\\/wp-content\\\/uploads\\\/2024\\\/08\\\/Luxpower_logo_new.webp\",\"contentUrl\":\"https:\\\/\\\/luxpowertek.com\\\/wp-content\\\/uploads\\\/2024\\\/08\\\/Luxpower_logo_new.webp\",\"width\":1030,\"height\":186,\"caption\":\"LuxpowerTek\"},\"image\":{\"@id\":\"https:\\\/\\\/luxpowertek.com\\\/#\\\/schema\\\/logo\\\/image\\\/\"},\"sameAs\":[\"https:\\\/\\\/www.facebook.com\\\/LUXPOWERTEK\"]}]}<\/script>\n<!-- \/ Yoast SEO plugin. -->","yoast_head_json":{"title":"AC gekoppelter Wechselrichter | Differenz-Ampere AC gekoppelter Batterie-Wechselrichter","description":"Die AC-Kopplung nutzt Ihr bestehendes System zur Einspeisung von Strom in einen batteriegest\u00fctzten Wechselrichter\/Ladeger\u00e4t, um die Batterie zu laden.","robots":{"index":"index","follow":"follow","max-snippet":"max-snippet:-1","max-image-preview":"max-image-preview:large","max-video-preview":"max-video-preview:-1"},"canonical":"https:\/\/luxpowertek.com\/de\/netzgekoppelter-wechselrichter\/","og_locale":"de_DE","og_type":"article","og_title":"AC Coupled Inverter | Difference Amp AC Coupled Battery Inverter","og_description":"AC coupling uses your existing system to feed power into a battery-based inverter\/charger to charge the battery pack.","og_url":"https:\/\/luxpowertek.com\/de\/netzgekoppelter-wechselrichter\/","article_publisher":"https:\/\/www.facebook.com\/LUXPOWERTEK","article_modified_time":"2022-03-24T03:44:50+00:00","twitter_card":"summary_large_image","twitter_misc":{"Gesch\u00e4tzte Lesezeit":"3\u00a0Minuten"},"schema":{"@context":"https:\/\/schema.org","@graph":[{"@type":"WebPage","@id":"https:\/\/luxpowertek.com\/ac-coupled-inverter\/","url":"https:\/\/luxpowertek.com\/ac-coupled-inverter\/","name":"AC gekoppelter Wechselrichter | Differenz-Ampere AC gekoppelter Batterie-Wechselrichter","isPartOf":{"@id":"https:\/\/luxpowertek.com\/#website"},"datePublished":"2021-12-24T03:21:35+00:00","dateModified":"2022-03-24T03:44:50+00:00","description":"Die AC-Kopplung nutzt Ihr bestehendes System zur Einspeisung von Strom in einen batteriegest\u00fctzten Wechselrichter\/Ladeger\u00e4t, um die Batterie zu laden.","breadcrumb":{"@id":"https:\/\/luxpowertek.com\/ac-coupled-inverter\/#breadcrumb"},"inLanguage":"de","potentialAction":[{"@type":"ReadAction","target":["https:\/\/luxpowertek.com\/ac-coupled-inverter\/"]}]},{"@type":"BreadcrumbList","@id":"https:\/\/luxpowertek.com\/ac-coupled-inverter\/#breadcrumb","itemListElement":[{"@type":"ListItem","position":1,"name":"Home","item":"https:\/\/luxpowertek.com\/"},{"@type":"ListItem","position":2,"name":"AC Coupled Inverter"}]},{"@type":"WebSite","@id":"https:\/\/luxpowertek.com\/#website","url":"https:\/\/luxpowertek.com\/","name":"","description":"","publisher":{"@id":"https:\/\/luxpowertek.com\/#organization"},"potentialAction":[{"@type":"SearchAction","target":{"@type":"EntryPoint","urlTemplate":"https:\/\/luxpowertek.com\/?s={search_term_string}"},"query-input":{"@type":"PropertyValueSpecification","valueRequired":true,"valueName":"search_term_string"}}],"inLanguage":"de"},{"@type":"Organization","@id":"https:\/\/luxpowertek.com\/#organization","name":"LuxpowerTek","url":"https:\/\/luxpowertek.com\/","logo":{"@type":"ImageObject","inLanguage":"de","@id":"https:\/\/luxpowertek.com\/#\/schema\/logo\/image\/","url":"https:\/\/luxpowertek.com\/wp-content\/uploads\/2024\/08\/Luxpower_logo_new.webp","contentUrl":"https:\/\/luxpowertek.com\/wp-content\/uploads\/2024\/08\/Luxpower_logo_new.webp","width":1030,"height":186,"caption":"LuxpowerTek"},"image":{"@id":"https:\/\/luxpowertek.com\/#\/schema\/logo\/image\/"},"sameAs":["https:\/\/www.facebook.com\/LUXPOWERTEK"]}]}},"_links":{"self":[{"href":"https:\/\/luxpowertek.com\/de\/wp-json\/wp\/v2\/pages\/2364","targetHints":{"allow":["GET"]}}],"collection":[{"href":"https:\/\/luxpowertek.com\/de\/wp-json\/wp\/v2\/pages"}],"about":[{"href":"https:\/\/luxpowertek.com\/de\/wp-json\/wp\/v2\/types\/page"}],"author":[{"embeddable":true,"href":"https:\/\/luxpowertek.com\/de\/wp-json\/wp\/v2\/users\/1"}],"replies":[{"embeddable":true,"href":"https:\/\/luxpowertek.com\/de\/wp-json\/wp\/v2\/comments?post=2364"}],"version-history":[{"count":0,"href":"https:\/\/luxpowertek.com\/de\/wp-json\/wp\/v2\/pages\/2364\/revisions"}],"wp:attachment":[{"href":"https:\/\/luxpowertek.com\/de\/wp-json\/wp\/v2\/media?parent=2364"}],"curies":[{"name":"wp","href":"https:\/\/api.w.org\/{rel}","templated":true}]}}