{"id":2354,"date":"2021-12-24T11:09:56","date_gmt":"2021-12-24T03:09:56","guid":{"rendered":"https:\/\/nibianqi.bbswaimao.com\/?page_id=2354"},"modified":"2023-12-07T10:32:24","modified_gmt":"2023-12-07T02:32:24","slug":"eco-hybrid-sna","status":"publish","type":"page","link":"https:\/\/luxpowertek.com\/de\/eco-hybrid-sna\/","title":{"rendered":"ECO Hybrid SNA 3-5k"},"content":{"rendered":"<div class=\"banner has-hover\" id=\"banner-1042106457\">\n          <div class=\"banner-inner fill\">\n        <div class=\"banner-bg fill\" >\n            <div class=\"bg fill bg-fill\"><\/div>\n                        <div class=\"overlay\"><\/div>            \n                    <\/div>\n\t\t\n        <div class=\"banner-layers container\">\n            <div class=\"fill banner-link\"><\/div>            \n   <div id=\"text-box-2101621076\" class=\"text-box banner-layer x50 md-x50 lg-x50 y50 md-y50 lg-y50 res-text\">\n                                <div class=\"text-box-content text dark\">\n              \n              <div class=\"text-inner text-center\">\n                  \n<h1><span style=\"font-size: 75%\">ECO Hybrid SNA 3-5k<\/span><\/h1>\n<h3>\u00a0 \u00a0 \u00a0 \u00a0 \u00a0 \u00a0 \u00a0 \u00a0 \u00a0 \u00a0 \u00a0 \u00a0- Best Seller Off Grid Wechselrichter<\/h3>\n              <\/div>\n           <\/div>\n                            \n<style>\n#text-box-2101621076 {\n  width: 60%;\n}\n#text-box-2101621076 .text-box-content {\n  font-size: 100%;\n}\n<\/style>\n    <\/div>\n \n        <\/div>\n      <\/div>\n\n            \n<style>\n#banner-1042106457 {\n  padding-top: 78%;\n}\n#banner-1042106457 .bg.bg-loaded {\n  background-image: url(https:\/\/luxpowertek.com\/wp-content\/uploads\/2021\/12\/SNA-3-5kW.jpg);\n}\n#banner-1042106457 .overlay {\n  background-color: rgba(0, 0, 0, 0.2);\n}\n@media (min-width:550px) {\n  #banner-1042106457 {\n    padding-top: 38%;\n  }\n}\n<\/style>\n  <\/div>\n\n\n\t<section class=\"section custom_title_buttom\" id=\"section_1410862004\">\n\t\t<div class=\"bg section-bg fill bg-fill  bg-loaded\" >\n\n\t\t\t\n\t\t\t\n\t\t\t\n\n\t\t<\/div>\n\n\t\t\n\n\t\t<div class=\"section-content relative\">\n\t\t\t\n<div class=\"row\"  id=\"row-2122566650\">\n\n\t<div id=\"col-1056876937\" class=\"col small-12 large-12\"  >\n\t\t\t\t<div class=\"col-inner text-center\"  >\n\t\t\t\n\t\t\t\n<h2>Off Grid Wechselrichter Leistung<\/h2>\n\t\t<\/div>\n\t\t\t\t\t<\/div>\n\n\t\n<\/div>\n\t\t<\/div>\n\n\t\t\n<style>\n#section_1410862004 {\n  padding-top: 9px;\n  padding-bottom: 9px;\n}\n@media (min-width:550px) {\n  #section_1410862004 {\n    padding-top: 30px;\n    padding-bottom: 30px;\n  }\n}\n<\/style>\n\t<\/section>\n\t\n\t<section class=\"section custom_productspage_section\" id=\"section_1565482358\">\n\t\t<div class=\"bg section-bg fill bg-fill  bg-loaded\" >\n\n\t\t\t\n\t\t\t\n\t\t\t\n\n\t\t<\/div>\n\n\t\t\n\n\t\t<div class=\"section-content relative\">\n\t\t\t\n<div class=\"row align-middle\"  id=\"row-1023625932\">\n\n\t<div id=\"col-1236178074\" class=\"col medium-6 small-12 large-6\"  >\n\t\t\t\t<div class=\"col-inner text-center\"  >\n\t\t\t\n\t\t\t\n\t<div class=\"img has-hover x md-x lg-x y md-y lg-y\" id=\"image_953922351\">\n\t\t\t\t\t\t\t\t<div class=\"img-inner dark\" >\n\t\t\t<img loading=\"lazy\" decoding=\"async\" width=\"630\" height=\"1030\" src=\"https:\/\/luxpowertek.com\/wp-content\/uploads\/2023\/05\/ECO-001-A-630x1030.webp\" class=\"attachment-large size-large\" alt=\"\" srcset=\"https:\/\/luxpowertek.com\/wp-content\/uploads\/2023\/05\/ECO-001-A-630x1030.webp 630w, https:\/\/luxpowertek.com\/wp-content\/uploads\/2023\/05\/ECO-001-A-183x300.webp 183w, https:\/\/luxpowertek.com\/wp-content\/uploads\/2023\/05\/ECO-001-A-768x1256.webp 768w, https:\/\/luxpowertek.com\/wp-content\/uploads\/2023\/05\/ECO-001-A-939x1536.webp 939w, https:\/\/luxpowertek.com\/wp-content\/uploads\/2023\/05\/ECO-001-A-800x1308.webp 800w, https:\/\/luxpowertek.com\/wp-content\/uploads\/2023\/05\/ECO-001-A.webp 1091w\" sizes=\"auto, (max-width: 630px) 100vw, 630px\" \/>\t\t\t\t\t\t\n\t\t\t\t\t<\/div>\n\t\t\t\t\t\t\t\t\n<style>\n#image_953922351 {\n  width: 40%;\n}\n<\/style>\n\t<\/div>\n\t\n\t\t<\/div>\n\t\t\t\t\t<\/div>\n\n\t\n\n\t<div id=\"col-1609548875\" class=\"col medium-6 small-12 large-6\"  >\n\t\t\t\t<div class=\"col-inner\"  >\n\t\t\t\n\t\t\t\n<ul>\n<li><span style=\"font-size: 120%\">Intelligente netzunabh\u00e4ngige und hybride Betriebsarten<\/span><\/li>\n<li><span style=\"font-size: 120%\">PV- und AC-Stromlasten gleichzeitig<\/span><\/li>\n<li><span style=\"font-size: 120%\">Breiter PV-Eingangsspannungsbereich 100V~480V<\/span><\/li>\n<\/ul>\n\t\t<\/div>\n\t\t\t\t\t<\/div>\n\n\t\n<\/div>\n\t\t<\/div>\n\n\t\t\n<style>\n#section_1565482358 {\n  padding-top: 0px;\n  padding-bottom: 0px;\n}\n@media (min-width:550px) {\n  #section_1565482358 {\n    padding-top: 55px;\n    padding-bottom: 55px;\n  }\n}\n<\/style>\n\t<\/section>\n\t\n\t<section class=\"section custom_productspage_section\" id=\"section_1129969985\">\n\t\t<div class=\"bg section-bg fill bg-fill  bg-loaded\" >\n\n\t\t\t\n\t\t\t\n\t\t\t\n\t<div class=\"is-border\"\n\t\tstyle=\"border-width:1 0px 0px 0px;\">\n\t<\/div>\n\n\t\t<\/div>\n\n\t\t\n\n\t\t<div class=\"section-content relative\">\n\t\t\t\n<div class=\"row align-middle\"  id=\"row-2081881071\">\n\n\t<div id=\"col-615350066\" class=\"col hide-for-small medium-2 small-12 large-2\"  >\n\t\t\t\t<div class=\"col-inner\"  >\n\t\t\t\n\t\t\t\n\t\t<\/div>\n\t\t\t\t\t<\/div>\n\n\t\n\n\t<div id=\"col-1776080141\" class=\"col medium-4 small-12 large-4\"  >\n\t\t\t\t<div class=\"col-inner\"  >\n\t\t\t\n\t\t\t\n<ul>\n<li><span style=\"font-size: 120%\">Gleichstrom-Gleichstrom-Wandler zur einfachen Verwendung mit Batterie<\/span><\/li>\n<li><span style=\"font-size: 120%\">Kostenlose \u00dcberwachung und Fernaktualisierung<\/span><\/li>\n<li><span style=\"font-size: 120%\">Einphasig oder unsymmetrisch dreiphasig<\/span><\/li>\n<\/ul>\n\t\t<\/div>\n\t\t\t\t\t<\/div>\n\n\t\n\n\t<div id=\"col-361715974\" class=\"col medium-6 small-12 large-6\"  >\n\t\t\t\t<div class=\"col-inner text-center\"  >\n\t\t\t\n\t\t\t\n\t<div class=\"img has-hover x md-x lg-x y md-y lg-y\" id=\"image_1895386200\">\n\t\t\t\t\t\t\t\t<div class=\"img-inner dark\" >\n\t\t\t<img loading=\"lazy\" decoding=\"async\" width=\"1015\" height=\"1582\" src=\"https:\/\/luxpowertek.com\/wp-content\/uploads\/2023\/05\/ECO-002.webp\" class=\"attachment-original size-original\" alt=\"\" srcset=\"https:\/\/luxpowertek.com\/wp-content\/uploads\/2023\/05\/ECO-002.webp 1015w, https:\/\/luxpowertek.com\/wp-content\/uploads\/2023\/05\/ECO-002-192x300.webp 192w, https:\/\/luxpowertek.com\/wp-content\/uploads\/2023\/05\/ECO-002-661x1030.webp 661w, https:\/\/luxpowertek.com\/wp-content\/uploads\/2023\/05\/ECO-002-768x1197.webp 768w, https:\/\/luxpowertek.com\/wp-content\/uploads\/2023\/05\/ECO-002-985x1536.webp 985w, https:\/\/luxpowertek.com\/wp-content\/uploads\/2023\/05\/ECO-002-800x1247.webp 800w\" sizes=\"auto, (max-width: 1015px) 100vw, 1015px\" \/>\t\t\t\t\t\t\n\t\t\t\t\t<\/div>\n\t\t\t\t\t\t\t\t\n<style>\n#image_1895386200 {\n  width: 40%;\n}\n<\/style>\n\t<\/div>\n\t\n\t\t<\/div>\n\t\t\t\t\t<\/div>\n\n\t\n<\/div>\n\t\t<\/div>\n\n\t\t\n<style>\n#section_1129969985 {\n  padding-top: 0px;\n  padding-bottom: 0px;\n}\n@media (min-width:550px) {\n  #section_1129969985 {\n    padding-top: 55px;\n    padding-bottom: 55px;\n  }\n}\n<\/style>\n\t<\/section>\n\t\n\t<section class=\"section custom_productspage_section\" id=\"section_1518642304\">\n\t\t<div class=\"bg section-bg fill bg-fill  bg-loaded\" >\n\n\t\t\t\n\t\t\t\n\t\t\t\n\n\t\t<\/div>\n\n\t\t\n\n\t\t<div class=\"section-content relative\">\n\t\t\t\n<div class=\"row align-middle\"  id=\"row-1318021875\">\n\n\t<div id=\"col-2103105424\" class=\"col medium-6 small-12 large-6\"  >\n\t\t\t\t<div class=\"col-inner text-center\"  >\n\t\t\t\n\t\t\t\n\t<div class=\"img has-hover x md-x lg-x y md-y lg-y\" id=\"image_919206918\">\n\t\t\t\t\t\t\t\t<div class=\"img-inner dark\" >\n\t\t\t<img loading=\"lazy\" decoding=\"async\" width=\"1007\" height=\"1596\" src=\"https:\/\/luxpowertek.com\/wp-content\/uploads\/2023\/05\/ECO-003.webp\" class=\"attachment-original size-original\" alt=\"\" srcset=\"https:\/\/luxpowertek.com\/wp-content\/uploads\/2023\/05\/ECO-003.webp 1007w, https:\/\/luxpowertek.com\/wp-content\/uploads\/2023\/05\/ECO-003-189x300.webp 189w, https:\/\/luxpowertek.com\/wp-content\/uploads\/2023\/05\/ECO-003-650x1030.webp 650w, https:\/\/luxpowertek.com\/wp-content\/uploads\/2023\/05\/ECO-003-768x1217.webp 768w, https:\/\/luxpowertek.com\/wp-content\/uploads\/2023\/05\/ECO-003-969x1536.webp 969w, https:\/\/luxpowertek.com\/wp-content\/uploads\/2023\/05\/ECO-003-800x1268.webp 800w\" sizes=\"auto, (max-width: 1007px) 100vw, 1007px\" \/>\t\t\t\t\t\t\n\t\t\t\t\t<\/div>\n\t\t\t\t\t\t\t\t\n<style>\n#image_919206918 {\n  width: 40%;\n}\n<\/style>\n\t<\/div>\n\t\n\t\t<\/div>\n\t\t\t\t\t<\/div>\n\n\t\n\n\t<div id=\"col-1021397505\" class=\"col medium-6 small-12 large-6\"  >\n\t\t\t\t<div class=\"col-inner\"  >\n\t\t\t\n\t\t\t\n<ul>\n<li><span style=\"font-size: 120%\">Advanced Parallel, bis zu 16 Einheiten<\/span><\/li>\n<li><span style=\"font-size: 120%\">Unabh\u00e4ngige Generatorschnittstelle<\/span><\/li>\n<li><span style=\"font-size: 120%\">Automatisch generierter Host-Wechselrichter zur Verwaltung des gesamten Systems<\/span><\/li>\n<\/ul>\n\t\t<\/div>\n\t\t\t\t\t<\/div>\n\n\t\n<\/div>\n\t\t<\/div>\n\n\t\t\n<style>\n#section_1518642304 {\n  padding-top: 0px;\n  padding-bottom: 0px;\n}\n@media (min-width:550px) {\n  #section_1518642304 {\n    padding-top: 55px;\n    padding-bottom: 55px;\n  }\n}\n<\/style>\n\t<\/section>\n\t\n\t<section class=\"section custom_title_buttom has-parallax\" id=\"section_2003598858\">\n\t\t<div class=\"bg section-bg fill bg-fill\" data-parallax-container=\".section\" data-parallax-background data-parallax=\"-10\">\n\n\t\t\t\n\t\t\t<div class=\"section-bg-overlay absolute fill\"><\/div>\n\t\t\t\n\n\t\t<\/div>\n\n\t\t\n\n\t\t<div class=\"section-content relative\">\n\t\t\t\n<div class=\"row\"  id=\"row-1015149940\">\n\n\t<div id=\"col-513819889\" class=\"col small-12 large-12\"  >\n\t\t\t\t<div class=\"col-inner text-center\"  >\n\t\t\t\n\t\t\t\n<h2>Off Grid Wechselrichter Effizienz<\/h2>\n\t\t<\/div>\n\t\t\t\t\t<\/div>\n\n\t\n<\/div>\n<div class=\"row\"  id=\"row-1415618377\">\n\n\t<div id=\"col-14800976\" class=\"col medium-8 small-12 large-8\"  >\n\t\t\t\t<div class=\"col-inner\"  >\n\t\t\t\n\t\t\t\n<div class=\"row\"  id=\"row-865441551\">\n\n\t<div id=\"col-1067009824\" class=\"col medium-6 small-12 large-6\"  data-animate=\"flipInX\">\n\t\t\t\t<div class=\"col-inner\"  >\n\t\t\t\n\t\t\t\n\t<div id=\"text-1942077214\" class=\"text\">\n\t\t\n<p><span style=\"font-size: 450%\">93%<\/span><\/p>\n<h3>Wirkungsgrad der Batterie<\/h3>\n\t\t\n<style>\n#text-1942077214 {\n  text-align: center;\n}\n<\/style>\n\t<\/div>\n\t\n\t\t<\/div>\n\t\t\t\t\t<\/div>\n\n\t\n\n\t<div id=\"col-1686282238\" class=\"col medium-6 small-12 large-6\"  data-animate=\"flipInX\">\n\t\t\t\t<div class=\"col-inner\"  >\n\t\t\t\n\t\t\t\n\t<div id=\"text-4018934633\" class=\"text\">\n\t\t\n<p><span style=\"font-size: 450%\">93%<\/span><\/p>\n<h3>Max. Wirkungsgrad<\/h3>\n\t\t\n<style>\n#text-4018934633 {\n  text-align: center;\n}\n<\/style>\n\t<\/div>\n\t\n\t\t<\/div>\n\t\t\t\t\t<\/div>\n\n\t\n<\/div>\n\t\t<\/div>\n\t\t\t\t\t<\/div>\n\n\t\n<\/div>\n\t\t<\/div>\n\n\t\t\n<style>\n#section_2003598858 {\n  padding-top: 9px;\n  padding-bottom: 9px;\n}\n#section_2003598858 .section-bg-overlay {\n  background-color: rgba(255, 255, 255, 0.9);\n}\n#section_2003598858 .section-bg.bg-loaded {\n  background-image: url(https:\/\/luxpowertek.com\/wp-content\/uploads\/2021\/12\/unnamed-1.jpg);\n}\n@media (min-width:550px) {\n  #section_2003598858 {\n    padding-top: 30px;\n    padding-bottom: 30px;\n  }\n}\n<\/style>\n\t<\/section>\n\t\n\t<section class=\"section custom_title_buttom\" id=\"section_805758574\">\n\t\t<div class=\"bg section-bg fill bg-fill  bg-loaded\" >\n\n\t\t\t\n\t\t\t\n\t\t\t\n\n\t\t<\/div>\n\n\t\t\n\n\t\t<div class=\"section-content relative\">\n\t\t\t\n<div class=\"row\"  id=\"row-1614112246\">\n\n\t<div id=\"col-1420375333\" class=\"col small-12 large-12\"  >\n\t\t\t\t<div class=\"col-inner text-center\"  >\n\t\t\t\n\t\t\t\n<h2>Off Grid Wechselrichter Anwendung<\/h2>\n\t\t<\/div>\n\t\t\t\t\t<\/div>\n\n\t\n<\/div>\n<div class=\"row\"  id=\"row-1207710683\">\n\n\t<div id=\"col-1412805053\" class=\"col small-12 large-12\"  >\n\t\t\t\t<div class=\"col-inner text-center\"  >\n\t\t\t\n\t\t\t\n<h3>L\u00f6sungen<\/h3>\n<div class=\"is-divider divider clearfix\" style=\"max-width:60px;background-color:rgb(96, 169, 132);\"><\/div>\n\t<div id=\"text-1663798452\" class=\"text\">\n\t\t\n<div class=\"page\" title=\"Seite 8\">\n<div class=\"section\">\n<div class=\"layoutArea\">\n<div class=\"column\">\n<p style=\"text-align: left\">Tausende von Hybrid-Wechselrichtern und AC-Einheiten sind weltweit installiert.<\/p>\n<p style=\"text-align: left\">Lux Power ist sogar noch einen Schritt weiter gegangen und bringt Strom in jedes Haus, ob mit oder ohne Netzstrom.<\/p>\n<p style=\"text-align: left\"><span style=\"color: #008080;font-size: 95%\"><strong>ECO Hybrid SNA 3-5K ist jetzt f\u00fcr Haushalte erh\u00e4ltlich, die eine konstante Stromversorgung w\u00fcnschen.<\/strong><\/span><\/p>\n<p style=\"text-align: left\"><span style=\"color: #008080;font-size: 95%\"><strong>Erkundigen Sie sich bei Ihrem \u00f6rtlichen Verteiler, organisieren Sie Ihren Strom zu Hause neu. Keine Stromausf\u00e4lle mehr.<\/strong><\/span><\/p>\n<\/div>\n<\/div>\n<\/div>\n<\/div>\n\t\t\n<style>\n#text-1663798452 {\n  text-align: center;\n}\n<\/style>\n\t<\/div>\n\t\n\t<div class=\"img has-hover x md-x lg-x y md-y lg-y\" id=\"image_167471349\">\n\t\t\t\t\t\t\t\t<div class=\"img-inner dark\" >\n\t\t\t<img loading=\"lazy\" decoding=\"async\" width=\"935\" height=\"664\" src=\"https:\/\/luxpowertek.com\/wp-content\/uploads\/2021\/12\/applicationimg1-2.png\" class=\"attachment-original size-original\" alt=\"Hybrid-Wechselrichter\" srcset=\"https:\/\/luxpowertek.com\/wp-content\/uploads\/2021\/12\/applicationimg1-2.png 935w, https:\/\/luxpowertek.com\/wp-content\/uploads\/2021\/12\/applicationimg1-2-300x213.png 300w, https:\/\/luxpowertek.com\/wp-content\/uploads\/2021\/12\/applicationimg1-2-768x545.png 768w, https:\/\/luxpowertek.com\/wp-content\/uploads\/2021\/12\/applicationimg1-2-800x568.png 800w\" sizes=\"auto, (max-width: 935px) 100vw, 935px\" \/>\t\t\t\t\t\t\n\t\t\t\t\t<\/div>\n\t\t\t\t\t\t\t\t\n<style>\n#image_167471349 {\n  width: 56%;\n}\n<\/style>\n\t<\/div>\n\t\n\t\t<\/div>\n\t\t\t\t\t<\/div>\n\n\t\n<\/div>\n\t\t<\/div>\n\n\t\t\n<style>\n#section_805758574 {\n  padding-top: 9px;\n  padding-bottom: 9px;\n}\n@media (min-width:550px) {\n  #section_805758574 {\n    padding-top: 30px;\n    padding-bottom: 30px;\n  }\n}\n<\/style>\n\t<\/section>\n\t\n\t<section class=\"section\" id=\"section_1420768162\">\n\t\t<div class=\"bg section-bg fill bg-fill  bg-loaded\" >\n\n\t\t\t\n\t\t\t\n\t\t\t\n\n\t\t<\/div>\n\n\t\t\n\n\t\t<div class=\"section-content relative\">\n\t\t\t\n<div class=\"row\"  id=\"row-678554257\">\n\n\t<div id=\"col-984002183\" class=\"col small-12 large-12\"  >\n\t\t\t\t<div class=\"col-inner text-center\"  >\n\t\t\t\n\t\t\t\n<h3>Off Grid Wechselrichter Arbeitsmodi<\/h3>\n<div class=\"is-divider divider clearfix\" style=\"max-width:60px;background-color:rgb(96, 169, 132);\"><\/div>\n\t<div class=\"img has-hover x md-x lg-x y md-y lg-y\" id=\"image_1752352139\">\n\t\t\t\t\t\t\t\t<div class=\"img-inner dark\" >\n\t\t\t<img loading=\"lazy\" decoding=\"async\" width=\"935\" height=\"468\" src=\"https:\/\/luxpowertek.com\/wp-content\/uploads\/2021\/12\/applicationimg2-2.jpg\" class=\"attachment-original size-original\" alt=\"\" srcset=\"https:\/\/luxpowertek.com\/wp-content\/uploads\/2021\/12\/applicationimg2-2.jpg 935w, https:\/\/luxpowertek.com\/wp-content\/uploads\/2021\/12\/applicationimg2-2-300x150.jpg 300w, https:\/\/luxpowertek.com\/wp-content\/uploads\/2021\/12\/applicationimg2-2-768x384.jpg 768w, https:\/\/luxpowertek.com\/wp-content\/uploads\/2021\/12\/applicationimg2-2-800x400.jpg 800w\" sizes=\"auto, (max-width: 935px) 100vw, 935px\" \/>\t\t\t\t\t\t\n\t\t\t\t\t<\/div>\n\t\t\t\t\t\t\t\t\n<style>\n#image_1752352139 {\n  width: 64%;\n}\n<\/style>\n\t<\/div>\n\t\n\t<div id=\"text-3531237969\" class=\"text\">\n\t\t\n<p>Der serielle netzunabh\u00e4ngige Wechselrichter SNA5000 kann das Gleichstrom-Gleichstrom-Wandlersystem unterst\u00fctzen, um als Notstromaggregat oder als Ersatz f\u00fcr einen Dieselgenerator zu arbeiten. Da der Wechselrichter die Parallelisierungsfunktion unterst\u00fctzt, kann die Kapazit\u00e4t des Systems von 3kW bis 80kW reichen. Der Wechselrichter unterst\u00fctzt die Arbeitsweise des DC-DC-Wandlers.<\/p>\n<p><strong>Reiner Off-Grid-Betriebsmodus: <\/strong>Funktioniert wie ein herk\u00f6mmlicher netzunabh\u00e4ngiger Wechselrichter, kann den Ausgang zuerst auf das Stromnetz, zuerst auf die Batterie oder zuerst auf die Solaranlage einstellen.<\/p>\n<p><strong>Hybrider Arbeitsmodus:\u00a0<\/strong>Arbeitet als DC-DC-Wandler-Hybrid, unterst\u00fctzt Solar- und Versorgungsunternehmen gemeinsam die Last, kann auf Selbstverbrauchsmodus oder Ladepriorit\u00e4tsmodus eingestellt werden.<\/p>\n\t\t\n<style>\n#text-3531237969 {\n  text-align: left;\n}\n<\/style>\n\t<\/div>\n\t\n\t\t<\/div>\n\t\t\t\t\t<\/div>\n\n\t\n<\/div>\n\t\t<\/div>\n\n\t\t\n<style>\n#section_1420768162 {\n  padding-top: 30px;\n  padding-bottom: 30px;\n}\n<\/style>\n\t<\/section>","protected":false},"excerpt":{"rendered":"","protected":false},"author":1,"featured_media":1650,"parent":0,"menu_order":0,"comment_status":"closed","ping_status":"closed","template":"page-transparent-header-light.php","meta":{"rop_custom_images_group":[],"rop_custom_messages_group":[],"rop_publish_now":"initial","rop_publish_now_accounts":[],"rop_publish_now_history":[],"rop_publish_now_status":"pending","footnotes":""},"class_list":["post-2354","page","type-page","status-publish","has-post-thumbnail","hentry"],"yoast_head":"<!-- This site is optimized with the Yoast SEO plugin v27.3 - https:\/\/yoast.com\/product\/yoast-seo-wordpress\/ -->\n<title>ECO Hybrid SNA 3-5k - High Power DCDC Converter<\/title>\n<meta name=\"description\" content=\"A DC DC converter is an electrical system (device) that converts a direct current (DC) source from one voltage level to another.\" \/>\n<meta name=\"robots\" content=\"index, follow, max-snippet:-1, max-image-preview:large, max-video-preview:-1\" \/>\n<link rel=\"canonical\" href=\"https:\/\/luxpowertek.com\/de\/eco-hybrid-sna\/\" \/>\n<meta property=\"og:locale\" content=\"de_DE\" \/>\n<meta property=\"og:type\" content=\"article\" \/>\n<meta property=\"og:title\" content=\"ECO Hybrid SNA 3-5k - High Power DCDC Converter\" \/>\n<meta property=\"og:description\" content=\"A DC DC converter is an electrical system (device) that converts a direct current (DC) source from one voltage level to another.\" \/>\n<meta property=\"og:url\" content=\"https:\/\/luxpowertek.com\/de\/eco-hybrid-sna\/\" \/>\n<meta property=\"article:modified_time\" content=\"2023-12-07T02:32:24+00:00\" \/>\n<meta property=\"og:image\" content=\"https:\/\/luxpowertek.com\/wp-content\/uploads\/2021\/12\/Luxpower-inverter-LXP-4-6HB-2-min.jpg\" \/>\n\t<meta property=\"og:image:width\" content=\"800\" \/>\n\t<meta property=\"og:image:height\" content=\"800\" \/>\n\t<meta property=\"og:image:type\" content=\"image\/jpeg\" \/>\n<meta name=\"twitter:card\" content=\"summary_large_image\" \/>\n<meta name=\"twitter:label1\" content=\"Gesch\u00e4tzte Lesezeit\" \/>\n\t<meta name=\"twitter:data1\" content=\"2\u00a0Minuten\" \/>\n<script type=\"application\/ld+json\" class=\"yoast-schema-graph\">{\"@context\":\"https:\\\/\\\/schema.org\",\"@graph\":[{\"@type\":\"WebPage\",\"@id\":\"https:\\\/\\\/luxpowertek.com\\\/eco-hybrid-sna\\\/\",\"url\":\"https:\\\/\\\/luxpowertek.com\\\/eco-hybrid-sna\\\/\",\"name\":\"ECO Hybrid SNA 3-5k - High Power DCDC Converter\",\"isPartOf\":{\"@id\":\"https:\\\/\\\/luxpowertek.com\\\/#website\"},\"primaryImageOfPage\":{\"@id\":\"https:\\\/\\\/luxpowertek.com\\\/eco-hybrid-sna\\\/#primaryimage\"},\"image\":{\"@id\":\"https:\\\/\\\/luxpowertek.com\\\/eco-hybrid-sna\\\/#primaryimage\"},\"thumbnailUrl\":\"https:\\\/\\\/luxpowertek.com\\\/wp-content\\\/uploads\\\/2021\\\/12\\\/Luxpower-inverter-LXP-4-6HB-2-min.jpg\",\"datePublished\":\"2021-12-24T03:09:56+00:00\",\"dateModified\":\"2023-12-07T02:32:24+00:00\",\"description\":\"A DC DC converter is an electrical system (device) that converts a direct current (DC) source from one voltage level to another.\",\"breadcrumb\":{\"@id\":\"https:\\\/\\\/luxpowertek.com\\\/eco-hybrid-sna\\\/#breadcrumb\"},\"inLanguage\":\"de\",\"potentialAction\":[{\"@type\":\"ReadAction\",\"target\":[\"https:\\\/\\\/luxpowertek.com\\\/eco-hybrid-sna\\\/\"]}]},{\"@type\":\"ImageObject\",\"inLanguage\":\"de\",\"@id\":\"https:\\\/\\\/luxpowertek.com\\\/eco-hybrid-sna\\\/#primaryimage\",\"url\":\"https:\\\/\\\/luxpowertek.com\\\/wp-content\\\/uploads\\\/2021\\\/12\\\/Luxpower-inverter-LXP-4-6HB-2-min.jpg\",\"contentUrl\":\"https:\\\/\\\/luxpowertek.com\\\/wp-content\\\/uploads\\\/2021\\\/12\\\/Luxpower-inverter-LXP-4-6HB-2-min.jpg\",\"width\":800,\"height\":800,\"caption\":\"DC DC converter\"},{\"@type\":\"BreadcrumbList\",\"@id\":\"https:\\\/\\\/luxpowertek.com\\\/eco-hybrid-sna\\\/#breadcrumb\",\"itemListElement\":[{\"@type\":\"ListItem\",\"position\":1,\"name\":\"Home\",\"item\":\"https:\\\/\\\/luxpowertek.com\\\/\"},{\"@type\":\"ListItem\",\"position\":2,\"name\":\"ECO Hybrid SNA 3-5k\"}]},{\"@type\":\"WebSite\",\"@id\":\"https:\\\/\\\/luxpowertek.com\\\/#website\",\"url\":\"https:\\\/\\\/luxpowertek.com\\\/\",\"name\":\"\",\"description\":\"\",\"potentialAction\":[{\"@type\":\"SearchAction\",\"target\":{\"@type\":\"EntryPoint\",\"urlTemplate\":\"https:\\\/\\\/luxpowertek.com\\\/?s={search_term_string}\"},\"query-input\":{\"@type\":\"PropertyValueSpecification\",\"valueRequired\":true,\"valueName\":\"search_term_string\"}}],\"inLanguage\":\"de\"}]}<\/script>\n<!-- \/ Yoast SEO plugin. -->","yoast_head_json":{"title":"ECO Hybrid SNA 3-5k - DCDC-Wandler mit hoher Leistung","description":"Ein Gleichstromwandler ist ein elektrisches System (Ger\u00e4t), das eine Gleichstromquelle von einem Spannungsniveau in ein anderes umwandelt.","robots":{"index":"index","follow":"follow","max-snippet":"max-snippet:-1","max-image-preview":"max-image-preview:large","max-video-preview":"max-video-preview:-1"},"canonical":"https:\/\/luxpowertek.com\/de\/eco-hybrid-sna\/","og_locale":"de_DE","og_type":"article","og_title":"ECO Hybrid SNA 3-5k - High Power DCDC Converter","og_description":"A DC DC converter is an electrical system (device) that converts a direct current (DC) source from one voltage level to another.","og_url":"https:\/\/luxpowertek.com\/de\/eco-hybrid-sna\/","article_modified_time":"2023-12-07T02:32:24+00:00","og_image":[{"width":800,"height":800,"url":"https:\/\/luxpowertek.com\/wp-content\/uploads\/2021\/12\/Luxpower-inverter-LXP-4-6HB-2-min.jpg","type":"image\/jpeg"}],"twitter_card":"summary_large_image","twitter_misc":{"Gesch\u00e4tzte Lesezeit":"2\u00a0Minuten"},"schema":{"@context":"https:\/\/schema.org","@graph":[{"@type":"WebPage","@id":"https:\/\/luxpowertek.com\/eco-hybrid-sna\/","url":"https:\/\/luxpowertek.com\/eco-hybrid-sna\/","name":"ECO Hybrid SNA 3-5k - DCDC-Wandler mit hoher Leistung","isPartOf":{"@id":"https:\/\/luxpowertek.com\/#website"},"primaryImageOfPage":{"@id":"https:\/\/luxpowertek.com\/eco-hybrid-sna\/#primaryimage"},"image":{"@id":"https:\/\/luxpowertek.com\/eco-hybrid-sna\/#primaryimage"},"thumbnailUrl":"https:\/\/luxpowertek.com\/wp-content\/uploads\/2021\/12\/Luxpower-inverter-LXP-4-6HB-2-min.jpg","datePublished":"2021-12-24T03:09:56+00:00","dateModified":"2023-12-07T02:32:24+00:00","description":"Ein Gleichstromwandler ist ein elektrisches System (Ger\u00e4t), das eine Gleichstromquelle von einem Spannungsniveau in ein anderes umwandelt.","breadcrumb":{"@id":"https:\/\/luxpowertek.com\/eco-hybrid-sna\/#breadcrumb"},"inLanguage":"de","potentialAction":[{"@type":"ReadAction","target":["https:\/\/luxpowertek.com\/eco-hybrid-sna\/"]}]},{"@type":"ImageObject","inLanguage":"de","@id":"https:\/\/luxpowertek.com\/eco-hybrid-sna\/#primaryimage","url":"https:\/\/luxpowertek.com\/wp-content\/uploads\/2021\/12\/Luxpower-inverter-LXP-4-6HB-2-min.jpg","contentUrl":"https:\/\/luxpowertek.com\/wp-content\/uploads\/2021\/12\/Luxpower-inverter-LXP-4-6HB-2-min.jpg","width":800,"height":800,"caption":"DC DC converter"},{"@type":"BreadcrumbList","@id":"https:\/\/luxpowertek.com\/eco-hybrid-sna\/#breadcrumb","itemListElement":[{"@type":"ListItem","position":1,"name":"Home","item":"https:\/\/luxpowertek.com\/"},{"@type":"ListItem","position":2,"name":"ECO Hybrid SNA 3-5k"}]},{"@type":"WebSite","@id":"https:\/\/luxpowertek.com\/#website","url":"https:\/\/luxpowertek.com\/","name":"","description":"","potentialAction":[{"@type":"SearchAction","target":{"@type":"EntryPoint","urlTemplate":"https:\/\/luxpowertek.com\/?s={search_term_string}"},"query-input":{"@type":"PropertyValueSpecification","valueRequired":true,"valueName":"search_term_string"}}],"inLanguage":"de"}]}},"_links":{"self":[{"href":"https:\/\/luxpowertek.com\/de\/wp-json\/wp\/v2\/pages\/2354","targetHints":{"allow":["GET"]}}],"collection":[{"href":"https:\/\/luxpowertek.com\/de\/wp-json\/wp\/v2\/pages"}],"about":[{"href":"https:\/\/luxpowertek.com\/de\/wp-json\/wp\/v2\/types\/page"}],"author":[{"embeddable":true,"href":"https:\/\/luxpowertek.com\/de\/wp-json\/wp\/v2\/users\/1"}],"replies":[{"embeddable":true,"href":"https:\/\/luxpowertek.com\/de\/wp-json\/wp\/v2\/comments?post=2354"}],"version-history":[{"count":0,"href":"https:\/\/luxpowertek.com\/de\/wp-json\/wp\/v2\/pages\/2354\/revisions"}],"wp:featuredmedia":[{"embeddable":true,"href":"https:\/\/luxpowertek.com\/de\/wp-json\/wp\/v2\/media\/1650"}],"wp:attachment":[{"href":"https:\/\/luxpowertek.com\/de\/wp-json\/wp\/v2\/media?parent=2354"}],"curies":[{"name":"wp","href":"https:\/\/api.w.org\/{rel}","templated":true}]}}