{"id":16172,"date":"2025-10-24T18:04:40","date_gmt":"2025-10-24T10:04:40","guid":{"rendered":"https:\/\/luxpowertek.com\/?page_id=16172"},"modified":"2025-11-19T11:25:41","modified_gmt":"2025-11-19T03:25:41","slug":"wechselrichter-und-wlan-dongle-2","status":"publish","type":"page","link":"https:\/\/luxpowertek.com\/de\/wechselrichter-und-wlan-dongle-2\/","title":{"rendered":"WL-Link"},"content":{"rendered":"<section class=\"section hide-for-small\" id=\"section_1125676912\">\n\t\t<div class=\"bg section-bg fill bg-fill  bg-loaded\" >\n\n\t\t\t\n\t\t\t\n\t\t\t\n\n\t\t<\/div>\n\n\t\t\n\n\t\t<div class=\"section-content relative\">\n\t\t\t\n\n  <div class=\"banner has-hover\" id=\"banner-2079777520\">\n          <div class=\"banner-inner fill\">\n        <div class=\"banner-bg fill\" >\n            <div class=\"bg fill bg-fill\"><\/div>\n                        <div class=\"overlay\"><\/div>            \n                    <\/div>\n\t\t\n        <div class=\"banner-layers container\">\n            <div class=\"fill banner-link\"><\/div>            \n   <div id=\"text-box-853332776\" class=\"text-box banner-layer x50 md-x50 lg-x50 y50 md-y50 lg-y50 res-text\">\n                                <div class=\"text-box-content text dark\">\n              \n              <div class=\"text-inner text-center\">\n                  \n<p class=\"uppercase lead\"><span style=\"font-size: 200%; color: #282828;\"><strong>WL-Link-Dongle<\/strong><\/span><\/p>\n<p class=\"uppercase lead\"><span style=\"color: #282828;\">Modul Kommunikation<\/span><\/p>\n              <\/div>\n           <\/div>\n                            \n<style>\n#text-box-853332776 {\n  width: 65%;\n}\n#text-box-853332776 .text-box-content {\n  font-size: 100%;\n}\n<\/style>\n    <\/div>\n \n        <\/div>\n      <\/div>\n\n            \n<style>\n#banner-2079777520 {\n  padding-top: 30%;\n}\n#banner-2079777520 .overlay {\n  background-color: rgb(255, 255, 255);\n}\n<\/style>\n  <\/div>\n\n\n\n  <div class=\"banner has-hover\" id=\"banner-258695345\">\n          <div class=\"banner-inner fill\">\n        <div class=\"banner-bg fill\" >\n            <div class=\"bg fill bg-fill\"><\/div>\n                        <div class=\"overlay\"><\/div>            \n                    <\/div>\n\t\t\n        <div class=\"banner-layers container\">\n            <div class=\"fill banner-link\"><\/div>            \n   <div id=\"text-box-1305146251\" class=\"text-box banner-layer x10 md-x10 lg-x10 y90 md-y90 lg-y90 res-text\">\n                                <div class=\"text-box-content text dark\">\n              \n              <div class=\"text-inner text-center\">\n                  \n<p style=\"text-align: left;\"><span style=\"color: #282828;\">Der WL-Link-Dongle ist ein flexibles Kommunikationsger\u00e4t, das Nutzern vielseitige Verbindungsoptionen bietet. Er unterst\u00fctzt WLAN, LAN und Bluetooth und verf\u00fcgt \u00fcber eine integrierte Antenne f\u00fcr eine stabile und zuverl\u00e4ssige Kommunikation. Dank der benutzerfreundlichen Einrichtung per App und Weboberfl\u00e4che l\u00e4sst sich der WL-Link m\u00fchelos konfigurieren. Diese Kombination aus Anpassungsf\u00e4higkeit und Benutzerfreundlichkeit macht den WL-Link zu einer umfassenden L\u00f6sung, die den vielf\u00e4ltigen Anforderungen an stabile Netzwerke in unterschiedlichsten Anwendungsszenarien gerecht wird.<\/span><\/p>\n<a href=\"https:\/\/luxpowertek.com\/wp-content\/uploads\/2025\/10\/WL-Link-Dongle-User-Manual-Communication-Dongle-Luxpowertek-1.pdf\" class=\"button secondary\"  style=\"border-radius:10px;\">\n    <span>Benutzerhandbuch herunterladen<\/span>\n  <\/a>\n\n              <\/div>\n           <\/div>\n                            \n<style>\n#text-box-1305146251 {\n  width: 41%;\n}\n#text-box-1305146251 .text-box-content {\n  font-size: 100%;\n}\n<\/style>\n    <\/div>\n \n   <div id=\"text-box-1156631089\" class=\"text-box banner-layer x95 md-x95 lg-x95 y50 md-y50 lg-y50 res-text\">\n                                <div class=\"text-box-content text dark\">\n              \n              <div class=\"text-inner text-center\">\n                  \n\t<div class=\"img has-hover x md-x lg-x y md-y lg-y\" id=\"image_1096350684\">\n\t\t\t\t\t\t\t\t<div class=\"img-inner dark\" >\n\t\t\t<img loading=\"lazy\" decoding=\"async\" width=\"2560\" height=\"1920\" src=\"https:\/\/luxpowertek.com\/wp-content\/uploads\/2025\/10\/WL-Link-Dongle-Solar-energy-storage-inverter-Accessories-Luxpowertek-scaled.webp\" class=\"attachment-original size-original\" alt=\"\" srcset=\"https:\/\/luxpowertek.com\/wp-content\/uploads\/2025\/10\/WL-Link-Dongle-Solar-energy-storage-inverter-Accessories-Luxpowertek-scaled.webp 2560w, https:\/\/luxpowertek.com\/wp-content\/uploads\/2025\/10\/WL-Link-Dongle-Solar-energy-storage-inverter-Accessories-Luxpowertek-300x225.webp 300w, https:\/\/luxpowertek.com\/wp-content\/uploads\/2025\/10\/WL-Link-Dongle-Solar-energy-storage-inverter-Accessories-Luxpowertek-1030x773.webp 1030w, https:\/\/luxpowertek.com\/wp-content\/uploads\/2025\/10\/WL-Link-Dongle-Solar-energy-storage-inverter-Accessories-Luxpowertek-768x576.webp 768w, https:\/\/luxpowertek.com\/wp-content\/uploads\/2025\/10\/WL-Link-Dongle-Solar-energy-storage-inverter-Accessories-Luxpowertek-1536x1152.webp 1536w, https:\/\/luxpowertek.com\/wp-content\/uploads\/2025\/10\/WL-Link-Dongle-Solar-energy-storage-inverter-Accessories-Luxpowertek-2048x1536.webp 2048w, https:\/\/luxpowertek.com\/wp-content\/uploads\/2025\/10\/WL-Link-Dongle-Solar-energy-storage-inverter-Accessories-Luxpowertek-16x12.webp 16w, https:\/\/luxpowertek.com\/wp-content\/uploads\/2025\/10\/WL-Link-Dongle-Solar-energy-storage-inverter-Accessories-Luxpowertek-510x383.webp 510w\" sizes=\"auto, (max-width: 2560px) 100vw, 2560px\" \/>\t\t\t\t\t\t\n\t\t\t\t\t<\/div>\n\t\t\t\t\t\t\t\t\n<style>\n#image_1096350684 {\n  width: 100%;\n}\n<\/style>\n\t<\/div>\n\t\n              <\/div>\n           <\/div>\n                            \n<style>\n#text-box-1156631089 {\n  width: 40%;\n}\n#text-box-1156631089 .text-box-content {\n  font-size: 100%;\n}\n<\/style>\n    <\/div>\n \n        <\/div>\n      <\/div>\n\n            \n<style>\n#banner-258695345 {\n  padding-top: 507px;\n}\n#banner-258695345 .overlay {\n  background-color: rgba(249, 247, 247, 0.959);\n}\n<\/style>\n  <\/div>\n\n\n\n  <div class=\"banner has-hover\" id=\"banner-340714554\">\n          <div class=\"banner-inner fill\">\n        <div class=\"banner-bg fill\" >\n            <div class=\"bg fill bg-fill\"><\/div>\n                        <div class=\"overlay\"><\/div>            \n                    <\/div>\n\t\t\n        <div class=\"banner-layers container\">\n            <div class=\"fill banner-link\"><\/div>            \n   <div id=\"text-box-1363537168\" class=\"text-box banner-layer x10 md-x10 lg-x10 y15 md-y15 lg-y15 res-text\">\n                                <div class=\"text-box-content text dark\">\n              \n              <div class=\"text-inner text-center\">\n                  \n<a class=\"button primary\"  style=\"border-radius:10px;\">\n    <span>Unterst\u00fctzt WLAN-, LAN- und Bluetooth-Verbindungen<\/span>\n  <\/a>\n\n<a class=\"button primary\"  style=\"border-radius:10px;\">\n    <span>Integrierte Antennenkonstruktion f\u00fcr stabile Kommunikation<\/span>\n  <\/a>\n\n<a class=\"button primary\"  style=\"border-radius:10px;\">\n    <span>App-\/Web-Konfiguration, benutzerfreundliche Einrichtung<\/span>\n  <\/a>\n\n<a class=\"button primary\"  style=\"border-radius:10px;\">\n    <span>Unterst\u00fctzt Remote-Update<\/span>\n  <\/a>\n\n<a class=\"button primary\"  style=\"border-radius:10px;\">\n    <span>Unterst\u00fctzt App-Onlinekonfiguration und Bluetooth-Verbindung<\/span>\n  <\/a>\n\n              <\/div>\n           <\/div>\n                            \n<style>\n#text-box-1363537168 {\n  width: 46%;\n}\n#text-box-1363537168 .text-box-content {\n  font-size: 100%;\n}\n<\/style>\n    <\/div>\n \n   <div id=\"text-box-1059294969\" class=\"text-box banner-layer x95 md-x95 lg-x95 y50 md-y50 lg-y50 res-text\">\n                                <div class=\"text-box-content text dark\">\n              \n              <div class=\"text-inner text-center\">\n                  \n\t<div class=\"img has-hover x md-x lg-x y md-y lg-y\" id=\"image_1973078579\">\n\t\t\t\t\t\t\t\t<div class=\"img-inner dark\" >\n\t\t\t<img loading=\"lazy\" decoding=\"async\" width=\"2560\" height=\"1920\" src=\"https:\/\/luxpowertek.com\/wp-content\/uploads\/2025\/10\/Luxpowertek-WL-Link-Dongle-Solar-energy-storage-inverter-Accessories-scaled.webp\" class=\"attachment-original size-original\" alt=\"\" srcset=\"https:\/\/luxpowertek.com\/wp-content\/uploads\/2025\/10\/Luxpowertek-WL-Link-Dongle-Solar-energy-storage-inverter-Accessories-scaled.webp 2560w, https:\/\/luxpowertek.com\/wp-content\/uploads\/2025\/10\/Luxpowertek-WL-Link-Dongle-Solar-energy-storage-inverter-Accessories-300x225.webp 300w, https:\/\/luxpowertek.com\/wp-content\/uploads\/2025\/10\/Luxpowertek-WL-Link-Dongle-Solar-energy-storage-inverter-Accessories-1030x773.webp 1030w, https:\/\/luxpowertek.com\/wp-content\/uploads\/2025\/10\/Luxpowertek-WL-Link-Dongle-Solar-energy-storage-inverter-Accessories-768x576.webp 768w, https:\/\/luxpowertek.com\/wp-content\/uploads\/2025\/10\/Luxpowertek-WL-Link-Dongle-Solar-energy-storage-inverter-Accessories-1536x1152.webp 1536w, https:\/\/luxpowertek.com\/wp-content\/uploads\/2025\/10\/Luxpowertek-WL-Link-Dongle-Solar-energy-storage-inverter-Accessories-2048x1536.webp 2048w, https:\/\/luxpowertek.com\/wp-content\/uploads\/2025\/10\/Luxpowertek-WL-Link-Dongle-Solar-energy-storage-inverter-Accessories-16x12.webp 16w, https:\/\/luxpowertek.com\/wp-content\/uploads\/2025\/10\/Luxpowertek-WL-Link-Dongle-Solar-energy-storage-inverter-Accessories-510x383.webp 510w\" sizes=\"auto, (max-width: 2560px) 100vw, 2560px\" \/>\t\t\t\t\t\t\n\t\t\t\t\t<\/div>\n\t\t\t\t\t\t\t\t\n<style>\n#image_1973078579 {\n  width: 100%;\n}\n<\/style>\n\t<\/div>\n\t\n              <\/div>\n           <\/div>\n                            \n<style>\n#text-box-1059294969 {\n  width: 33%;\n}\n#text-box-1059294969 .text-box-content {\n  font-size: 100%;\n  transform: rotate(-65deg);\n}\n<\/style>\n    <\/div>\n \n        <\/div>\n      <\/div>\n\n            \n<style>\n#banner-340714554 {\n  padding-top: 426px;\n}\n#banner-340714554 .overlay {\n  background-color: rgba(210, 210, 210, 0.965);\n}\n<\/style>\n  <\/div>\n\n\n\n  <div class=\"banner has-hover\" id=\"banner-865241601\">\n          <div class=\"banner-inner fill\">\n        <div class=\"banner-bg fill\" >\n            <div class=\"bg fill bg-fill\"><\/div>\n                        <div class=\"overlay\"><\/div>            \n                    <\/div>\n\t\t\n        <div class=\"banner-layers container\">\n            <div class=\"fill banner-link\"><\/div>            \n   <div id=\"text-box-926575708\" class=\"text-box banner-layer x50 md-x50 lg-x50 y25 md-y25 lg-y25 res-text\">\n                                <div class=\"text-box-content text dark\">\n              \n              <div class=\"text-inner text-center\">\n                  \n<p><span style=\"font-size: 150%;\"><strong>Finden Sie andere Luxpower's Produkte<\/strong><\/span><\/p>\n<a href=\"https:\/\/luxpowertek.com\/de\/produkte\/\" class=\"button white\"  style=\"border-radius:38px;\">\n    <span>Produktliste<\/span>\n  <i class=\"icon-angle-right\" aria-hidden=\"true\" ><\/i><\/a>\n\n<a href=\"https:\/\/luxpowertek.com\/de\/kontakt_uns\/\" target=\"_blank\" class=\"button secondary\" rel=\"noopener\"  style=\"border-radius:99px;\">\n    <span>Kontakt<\/span>\n  <i class=\"icon-angle-right\" aria-hidden=\"true\" ><\/i><\/a>\n\n              <\/div>\n           <\/div>\n                            \n<style>\n#text-box-926575708 {\n  width: 60%;\n}\n#text-box-926575708 .text-box-content {\n  font-size: 100%;\n}\n<\/style>\n    <\/div>\n \n        <\/div>\n      <\/div>\n\n            \n<style>\n#banner-865241601 {\n  padding-top: 32.29%;\n}\n#banner-865241601 .bg.bg-loaded {\n  background-image: url(https:\/\/luxpowertek.com\/wp-content\/uploads\/2024\/04\/seven-scaled.webp);\n}\n#banner-865241601 .overlay {\n  background-color: rgba(0, 0, 0, 0.599);\n}\n<\/style>\n  <\/div>\n\n\n\t\t<\/div>\n\n\t\t\n<style>\n#section_1125676912 {\n  padding-top: 30px;\n  padding-bottom: 30px;\n}\n<\/style>\n\t<\/section>\n\t\n\t<section class=\"section show-for-small\" id=\"section_1355687685\">\n\t\t<div class=\"bg section-bg fill bg-fill  bg-loaded\" >\n\n\t\t\t\n\t\t\t\n\t\t\t\n\n\t\t<\/div>\n\n\t\t\n\n\t\t<div class=\"section-content relative\">\n\t\t\t\n\t<div id=\"gap-755159919\" class=\"gap-element clearfix\" style=\"display:block; height:auto;\">\n\t\t\n<style>\n#gap-755159919 {\n  padding-top: 60px;\n}\n<\/style>\n\t<\/div>\n\t\n<div class=\"row\"  id=\"row-1961904029\">\n\n\t<div id=\"col-1750144644\" class=\"col small-12 large-12\"  >\n\t\t\t\t<div class=\"col-inner text-center\"  >\n\t\t\t\n\t\t\t\n\t<div id=\"text-4029367711\" class=\"text\">\n\t\t\n<p class=\"uppercase lead\"><span style=\"font-size: 200%;\"><strong>WL-LINK Dongle<\/strong><\/span><\/p>\n<p class=\"lead\"><strong>Kommunikationsmodul<\/strong><\/p>\n\t\t\n<style>\n#text-4029367711 {\n  font-size: 0.87rem;\n  line-height: 1.5;\n  text-align: center;\n}\n<\/style>\n\t<\/div>\n\t\n<div class=\"text-center\"><div class=\"is-divider divider clearfix\" style=\"max-width:1280px;background-color:rgb(99, 173, 130);\"><\/div><\/div>\n\n  <div class=\"banner has-hover\" id=\"banner-210298987\">\n          <div class=\"banner-inner fill\">\n        <div class=\"banner-bg fill\" >\n            <div class=\"bg fill bg-fill\"><\/div>\n                                    \n                    <\/div>\n\t\t\n        <div class=\"banner-layers container\">\n            <div class=\"fill banner-link\"><\/div>            \n\t<div class=\"img has-hover x50 md-x50 lg-x50 y15 md-y50 lg-y50\" id=\"image_1492179482\">\n\t\t\t\t\t\t\t\t<div class=\"img-inner dark\" style=\"margin:-100px 0px -100px 0px;\">\n\t\t\t\t\t\t\t\t\t\n\t\t\t\t\t<\/div>\n\t\t\t\t\t\t\t\t\n<style>\n#image_1492179482 {\n  width: 70%;\n}\n@media (min-width:550px) {\n  #image_1492179482 {\n    width: 100%;\n  }\n}\n<\/style>\n\t<\/div>\n\t\n        <\/div>\n      <\/div>\n\n            \n<style>\n#banner-210298987 {\n  padding-top: 92.9%;\n  background-color: rgba(249, 247, 247, 0.959);\n}\n#banner-210298987 .bg.bg-loaded {\n  background-image: 16185;\n}\n@media (min-width:550px) {\n  #banner-210298987 {\n    padding-top: 500px;\n  }\n}\n<\/style>\n  <\/div>\n\n\n\t<div id=\"gap-996077753\" class=\"gap-element clearfix\" style=\"display:block; height:auto;\">\n\t\t\n<style>\n#gap-996077753 {\n  padding-top: 15px;\n}\n@media (min-width:550px) {\n  #gap-996077753 {\n    padding-top: 30px;\n  }\n}\n<\/style>\n\t<\/div>\n\t\n\t<div id=\"text-1693112782\" class=\"text\">\n\t\t\n<p style=\"text-align: left;\"><span style=\"color: #282828;\">Der WL-Link-Dongle ist ein flexibles Kommunikationsger\u00e4t, das Nutzern vielseitige Verbindungsoptionen bietet. Er unterst\u00fctzt WLAN, LAN und Bluetooth und verf\u00fcgt \u00fcber eine integrierte Antenne f\u00fcr eine stabile und zuverl\u00e4ssige Kommunikation. Dank der benutzerfreundlichen Einrichtung per App und Weboberfl\u00e4che l\u00e4sst sich der WL-Link m\u00fchelos konfigurieren. Diese Kombination aus Anpassungsf\u00e4higkeit und Benutzerfreundlichkeit macht den WL-Link zu einer umfassenden L\u00f6sung, die den vielf\u00e4ltigen Anforderungen an stabile Netzwerke in unterschiedlichsten Anwendungsszenarien gerecht wird.<\/span><\/p>\n\t\t\n<style>\n#text-1693112782 {\n  font-size: 0.96rem;\n  line-height: 1.75;\n  text-align: center;\n}\n<\/style>\n\t<\/div>\n\t\n<a href=\"https:\/\/luxpowertek.com\/wp-content\/uploads\/2024\/07\/02-02-01-01-WiFi-Setting-Guildance_E-WiFi-Dongle_20231028.pdf\" class=\"button secondary is-outline\"  style=\"border-radius:10px;\">\n    <span>Benutzerhandbuch herunterladen<\/span>\n  <\/a>\n\n\t<div id=\"gap-879155657\" class=\"gap-element clearfix\" style=\"display:block; height:auto;\">\n\t\t\n<style>\n#gap-879155657 {\n  padding-top: 15px;\n}\n@media (min-width:550px) {\n  #gap-879155657 {\n    padding-top: 30px;\n  }\n}\n<\/style>\n\t<\/div>\n\t\n\n  <div class=\"banner has-hover\" id=\"banner-1412134291\">\n          <div class=\"banner-inner fill\">\n        <div class=\"banner-bg fill\" >\n            <div class=\"bg fill bg-fill\"><\/div>\n                                    \n                    <\/div>\n\t\t\n        <div class=\"banner-layers container\">\n            <div class=\"fill banner-link\"><\/div>            \n\t<div class=\"img has-hover x5 md-x50 lg-x50 y50 md-y50 lg-y50\" id=\"image_1477565313\">\n\t\t\t\t\t\t\t\t<div class=\"img-inner dark\" style=\"margin:-100px -20px -100px -20px;\">\n\t\t\t\t\t\t\t\t\t\n\t\t\t\t\t<\/div>\n\t\t\t\t\t\t\t\t\n<style>\n#image_1477565313 {\n  width: 89%;\n}\n@media (min-width:550px) {\n  #image_1477565313 {\n    width: 100%;\n  }\n}\n<\/style>\n\t<\/div>\n\t\n        <\/div>\n      <\/div>\n\n            \n<style>\n#banner-1412134291 {\n  padding-top: 99.99%;\n  background-color: rgba(210, 210, 210, 0.965);\n}\n@media (min-width:550px) {\n  #banner-1412134291 {\n    padding-top: 500px;\n  }\n}\n<\/style>\n  <\/div>\n\n\n\t<div id=\"gap-727722825\" class=\"gap-element clearfix\" style=\"display:block; height:auto;\">\n\t\t\n<style>\n#gap-727722825 {\n  padding-top: 15px;\n}\n@media (min-width:550px) {\n  #gap-727722825 {\n    padding-top: 30px;\n  }\n}\n<\/style>\n\t<\/div>\n\t\n\t<div id=\"text-2427129011\" class=\"text\">\n\t\t\n<ul>\n<li>Unterst\u00fctzt WLAN-, LAN- und Bluetooth-Verbindungen<\/li>\n<li>Integrierte Antennenkonstruktion f\u00fcr stabile Kommunikation<\/li>\n<li>App-\/Web-Konfiguration, benutzerfreundliche Einrichtung<\/li>\n<li>Unterst\u00fctzt Remote-Update<\/li>\n<li>Unterst\u00fctzt App-Onlinekonfiguration und Bluetooth-Verbindung<\/li>\n<\/ul>\n\t\t\n<style>\n#text-2427129011 {\n  text-align: left;\n}\n<\/style>\n\t<\/div>\n\t\n\t\t<\/div>\n\t\t\t\t\t<\/div>\n\n\t\n<\/div>\n\t<div id=\"gap-39017828\" class=\"gap-element clearfix\" style=\"display:block; height:auto;\">\n\t\t\n<style>\n#gap-39017828 {\n  padding-top: 15px;\n}\n@media (min-width:550px) {\n  #gap-39017828 {\n    padding-top: 60px;\n  }\n}\n<\/style>\n\t<\/div>\n\t\n\n  <div class=\"banner has-hover show-for-small\" id=\"banner-664345988\">\n          <div class=\"banner-inner fill\">\n        <div class=\"banner-bg fill\" >\n            <div class=\"bg fill bg-fill\"><\/div>\n                        <div class=\"overlay\"><\/div>            \n                    <\/div>\n\t\t\n        <div class=\"banner-layers container\">\n            <div class=\"fill banner-link\"><\/div>            \n   <div id=\"text-box-1586932845\" class=\"text-box banner-layer x50 md-x50 lg-x50 y25 md-y25 lg-y25 res-text\">\n                                <div class=\"text-box-content text dark\">\n              \n              <div class=\"text-inner text-center\">\n                  \n<p><span style=\"font-size: 150%;\"><strong>Finden Sie andere Luxpower's Produkte<\/strong><\/span><\/p>\n<a href=\"https:\/\/luxpowertek.com\/de\/produkte\/\" class=\"button white\"  style=\"border-radius:38px;\">\n    <span>Produktliste<\/span>\n  <i class=\"icon-angle-right\" aria-hidden=\"true\" ><\/i><\/a>\n\n<a href=\"https:\/\/luxpowertek.com\/de\/kontakt_uns\/\" target=\"_blank\" class=\"button secondary\" rel=\"noopener\"  style=\"border-radius:99px;\">\n    <span>Kontakt<\/span>\n  <i class=\"icon-angle-right\" aria-hidden=\"true\" ><\/i><\/a>\n\n              <\/div>\n           <\/div>\n                            \n<style>\n#text-box-1586932845 {\n  width: 60%;\n}\n#text-box-1586932845 .text-box-content {\n  font-size: 100%;\n}\n@media (min-width:550px) {\n  #text-box-1586932845 {\n    width: 60%;\n  }\n}\n<\/style>\n    <\/div>\n \n        <\/div>\n      <\/div>\n\n            \n<style>\n#banner-664345988 {\n  padding-top: 200px;\n}\n#banner-664345988 .bg.bg-loaded {\n  background-image: url(https:\/\/luxpowertek.com\/wp-content\/uploads\/2024\/04\/seven-scaled.webp);\n}\n#banner-664345988 .overlay {\n  background-color: rgba(0, 0, 0, 0.599);\n}\n@media (min-width:550px) {\n  #banner-664345988 {\n    padding-top: 32.29%;\n  }\n}\n<\/style>\n  <\/div>\n\n\n\t\t<\/div>\n\n\t\t\n<style>\n#section_1355687685 {\n  padding-top: 30px;\n  padding-bottom: 30px;\n}\n<\/style>\n\t<\/section>","protected":false},"excerpt":{"rendered":"","protected":false},"author":3,"featured_media":0,"parent":0,"menu_order":0,"comment_status":"closed","ping_status":"closed","template":"page-transparent-header-light.php","meta":{"rop_custom_images_group":[],"rop_custom_messages_group":[],"rop_publish_now":"initial","rop_publish_now_accounts":[],"rop_publish_now_history":[],"rop_publish_now_status":"pending","footnotes":""},"class_list":["post-16172","page","type-page","status-publish","hentry"],"yoast_head":"<!-- This site is optimized with the Yoast SEO plugin v27.3 - https:\/\/yoast.com\/product\/yoast-seo-wordpress\/ -->\n<title>Wl-Link Dongle - LuxpowerTek<\/title>\n<meta name=\"description\" content=\"The WL-Link dongle is a flexible communication device designed to provide users with versatile connectivity options.\" \/>\n<meta name=\"robots\" content=\"index, follow, max-snippet:-1, max-image-preview:large, max-video-preview:-1\" \/>\n<link rel=\"canonical\" href=\"https:\/\/luxpowertek.com\/de\/wechselrichter-und-wlan-dongle-2\/\" \/>\n<meta property=\"og:locale\" content=\"de_DE\" \/>\n<meta property=\"og:type\" content=\"article\" \/>\n<meta property=\"og:title\" content=\"Wl-Link Dongle - LuxpowerTek\" \/>\n<meta property=\"og:description\" content=\"The WL-Link dongle is a flexible communication device designed to provide users with versatile connectivity options.\" \/>\n<meta property=\"og:url\" content=\"https:\/\/luxpowertek.com\/de\/wechselrichter-und-wlan-dongle-2\/\" \/>\n<meta property=\"article:modified_time\" content=\"2025-11-19T03:25:41+00:00\" \/>\n<meta name=\"twitter:card\" content=\"summary_large_image\" \/>\n<meta name=\"twitter:label1\" content=\"Gesch\u00e4tzte Lesezeit\" \/>\n\t<meta name=\"twitter:data1\" content=\"2\u00a0Minuten\" \/>\n<script type=\"application\/ld+json\" class=\"yoast-schema-graph\">{\"@context\":\"https:\\\/\\\/schema.org\",\"@graph\":[{\"@type\":\"WebPage\",\"@id\":\"https:\\\/\\\/luxpowertek.com\\\/wl-link\\\/\",\"url\":\"https:\\\/\\\/luxpowertek.com\\\/wl-link\\\/\",\"name\":\"Wl-Link Dongle - LuxpowerTek\",\"isPartOf\":{\"@id\":\"https:\\\/\\\/luxpowertek.com\\\/#website\"},\"datePublished\":\"2025-10-24T10:04:40+00:00\",\"dateModified\":\"2025-11-19T03:25:41+00:00\",\"description\":\"The WL-Link dongle is a flexible communication device designed to provide users with versatile connectivity options.\",\"breadcrumb\":{\"@id\":\"https:\\\/\\\/luxpowertek.com\\\/wl-link\\\/#breadcrumb\"},\"inLanguage\":\"de\",\"potentialAction\":[{\"@type\":\"ReadAction\",\"target\":[\"https:\\\/\\\/luxpowertek.com\\\/wl-link\\\/\"]}]},{\"@type\":\"BreadcrumbList\",\"@id\":\"https:\\\/\\\/luxpowertek.com\\\/wl-link\\\/#breadcrumb\",\"itemListElement\":[{\"@type\":\"ListItem\",\"position\":1,\"name\":\"Home\",\"item\":\"https:\\\/\\\/luxpowertek.com\\\/\"},{\"@type\":\"ListItem\",\"position\":2,\"name\":\"WL-Link\"}]},{\"@type\":\"WebSite\",\"@id\":\"https:\\\/\\\/luxpowertek.com\\\/#website\",\"url\":\"https:\\\/\\\/luxpowertek.com\\\/\",\"name\":\"\",\"description\":\"\",\"potentialAction\":[{\"@type\":\"SearchAction\",\"target\":{\"@type\":\"EntryPoint\",\"urlTemplate\":\"https:\\\/\\\/luxpowertek.com\\\/?s={search_term_string}\"},\"query-input\":{\"@type\":\"PropertyValueSpecification\",\"valueRequired\":true,\"valueName\":\"search_term_string\"}}],\"inLanguage\":\"de\"}]}<\/script>\n<!-- \/ Yoast SEO plugin. -->","yoast_head_json":{"title":"Wl-Link Dongle - LuxpowerTek","description":"The WL-Link dongle is a flexible communication device designed to provide users with versatile connectivity options.","robots":{"index":"index","follow":"follow","max-snippet":"max-snippet:-1","max-image-preview":"max-image-preview:large","max-video-preview":"max-video-preview:-1"},"canonical":"https:\/\/luxpowertek.com\/de\/wechselrichter-und-wlan-dongle-2\/","og_locale":"de_DE","og_type":"article","og_title":"Wl-Link Dongle - LuxpowerTek","og_description":"The WL-Link dongle is a flexible communication device designed to provide users with versatile connectivity options.","og_url":"https:\/\/luxpowertek.com\/de\/wechselrichter-und-wlan-dongle-2\/","article_modified_time":"2025-11-19T03:25:41+00:00","twitter_card":"summary_large_image","twitter_misc":{"Gesch\u00e4tzte Lesezeit":"2\u00a0Minuten"},"schema":{"@context":"https:\/\/schema.org","@graph":[{"@type":"WebPage","@id":"https:\/\/luxpowertek.com\/wl-link\/","url":"https:\/\/luxpowertek.com\/wl-link\/","name":"Wl-Link Dongle - LuxpowerTek","isPartOf":{"@id":"https:\/\/luxpowertek.com\/#website"},"datePublished":"2025-10-24T10:04:40+00:00","dateModified":"2025-11-19T03:25:41+00:00","description":"The WL-Link dongle is a flexible communication device designed to provide users with versatile connectivity options.","breadcrumb":{"@id":"https:\/\/luxpowertek.com\/wl-link\/#breadcrumb"},"inLanguage":"de","potentialAction":[{"@type":"ReadAction","target":["https:\/\/luxpowertek.com\/wl-link\/"]}]},{"@type":"BreadcrumbList","@id":"https:\/\/luxpowertek.com\/wl-link\/#breadcrumb","itemListElement":[{"@type":"ListItem","position":1,"name":"Home","item":"https:\/\/luxpowertek.com\/"},{"@type":"ListItem","position":2,"name":"WL-Link"}]},{"@type":"WebSite","@id":"https:\/\/luxpowertek.com\/#website","url":"https:\/\/luxpowertek.com\/","name":"","description":"","potentialAction":[{"@type":"SearchAction","target":{"@type":"EntryPoint","urlTemplate":"https:\/\/luxpowertek.com\/?s={search_term_string}"},"query-input":{"@type":"PropertyValueSpecification","valueRequired":true,"valueName":"search_term_string"}}],"inLanguage":"de"}]}},"_links":{"self":[{"href":"https:\/\/luxpowertek.com\/de\/wp-json\/wp\/v2\/pages\/16172","targetHints":{"allow":["GET"]}}],"collection":[{"href":"https:\/\/luxpowertek.com\/de\/wp-json\/wp\/v2\/pages"}],"about":[{"href":"https:\/\/luxpowertek.com\/de\/wp-json\/wp\/v2\/types\/page"}],"author":[{"embeddable":true,"href":"https:\/\/luxpowertek.com\/de\/wp-json\/wp\/v2\/users\/3"}],"replies":[{"embeddable":true,"href":"https:\/\/luxpowertek.com\/de\/wp-json\/wp\/v2\/comments?post=16172"}],"version-history":[{"count":10,"href":"https:\/\/luxpowertek.com\/de\/wp-json\/wp\/v2\/pages\/16172\/revisions"}],"predecessor-version":[{"id":16616,"href":"https:\/\/luxpowertek.com\/de\/wp-json\/wp\/v2\/pages\/16172\/revisions\/16616"}],"wp:attachment":[{"href":"https:\/\/luxpowertek.com\/de\/wp-json\/wp\/v2\/media?parent=16172"}],"curies":[{"name":"wp","href":"https:\/\/api.w.org\/{rel}","templated":true}]}}