{"id":15397,"date":"2025-08-22T10:13:17","date_gmt":"2025-08-22T02:13:17","guid":{"rendered":"https:\/\/luxpowertek.com\/?page_id=15397"},"modified":"2025-08-22T14:37:04","modified_gmt":"2025-08-22T06:37:04","slug":"richtlinie-zur-reaktion-auf-sicherheitslucken","status":"publish","type":"page","link":"https:\/\/luxpowertek.com\/de\/richtlinie-zur-reaktion-auf-sicherheitslucken\/","title":{"rendered":"Richtlinie zur Reaktion auf Sicherheitsl\u00fccken"},"content":{"rendered":"<div class=\"banner has-hover\" id=\"banner-181551049\">\n          <div class=\"banner-inner fill\">\n        <div class=\"banner-bg fill\" >\n            <div class=\"bg fill bg-fill\"><\/div>\n                        <div class=\"overlay\"><\/div>            \n                    <\/div>\n\t\t\n        <div class=\"banner-layers container\">\n            <div class=\"fill banner-link\"><\/div>            \n   <div id=\"text-box-722342459\" class=\"text-box banner-layer x50 md-x50 lg-x50 y50 md-y50 lg-y50 res-text\">\n                                <div class=\"text-box-content text dark\">\n              \n              <div class=\"text-inner text-center\">\n                  \n\t<div id=\"text-2593678162\" class=\"text\">\n\t\t\n<h1><b> Richtlinie zur Reaktion auf Sicherheitsl\u00fccken<\/b><\/h1>\n\t\t\n<style>\n#text-2593678162 {\n  line-height: 1.95;\n  text-align: center;\n  color: rgb(255,255,255);\n}\n#text-2593678162 > * {\n  color: rgb(255,255,255);\n}\n<\/style>\n\t<\/div>\n\t\n              <\/div>\n           <\/div>\n                            \n<style>\n#text-box-722342459 {\n  width: 61%;\n}\n#text-box-722342459 .text-box-content {\n  font-size: 100%;\n}\n<\/style>\n    <\/div>\n \n        <\/div>\n      <\/div>\n\n            \n<style>\n#banner-181551049 {\n  padding-top: 500px;\n}\n#banner-181551049 .bg.bg-loaded {\n  background-image: url(https:\/\/luxpowertek.com\/wp-content\/uploads\/2025\/08\/luosidao-1030x687.webp);\n}\n#banner-181551049 .overlay {\n  background-color: rgba(0,0,0,.5);\n}\n#banner-181551049 .bg {\n  background-position: 35% 47%;\n}\n<\/style>\n  <\/div>\n\n\n\t<div id=\"gap-2000452934\" class=\"gap-element clearfix\" style=\"display:block; height:auto;\">\n\t\t\n<style>\n#gap-2000452934 {\n  padding-top: 30px;\n}\n<\/style>\n\t<\/div>\n\t\n<div class=\"row\"  id=\"row-1746253062\">\n\n\t<div id=\"col-1117232811\" class=\"col medium-5 small-12 large-5\"  >\n\t\t\t\t<div class=\"col-inner\"  >\n\t\t\t\n\t\t\t\n\t<div class=\"img has-hover x md-x lg-x y md-y lg-y\" id=\"image_1107688996\">\n\t\t\t\t\t\t\t\t<div class=\"img-inner dark\" >\n\t\t\t<img loading=\"lazy\" decoding=\"async\" width=\"2560\" height=\"1706\" src=\"https:\/\/luxpowertek.com\/wp-content\/uploads\/2025\/08\/fangdajing-2-scaled.webp\" class=\"attachment-original size-original\" alt=\"\" srcset=\"https:\/\/luxpowertek.com\/wp-content\/uploads\/2025\/08\/fangdajing-2-scaled.webp 2560w, https:\/\/luxpowertek.com\/wp-content\/uploads\/2025\/08\/fangdajing-2-300x200.webp 300w, https:\/\/luxpowertek.com\/wp-content\/uploads\/2025\/08\/fangdajing-2-1030x686.webp 1030w, https:\/\/luxpowertek.com\/wp-content\/uploads\/2025\/08\/fangdajing-2-768x512.webp 768w, https:\/\/luxpowertek.com\/wp-content\/uploads\/2025\/08\/fangdajing-2-1536x1024.webp 1536w, https:\/\/luxpowertek.com\/wp-content\/uploads\/2025\/08\/fangdajing-2-2048x1365.webp 2048w, https:\/\/luxpowertek.com\/wp-content\/uploads\/2025\/08\/fangdajing-2-18x12.webp 18w, https:\/\/luxpowertek.com\/wp-content\/uploads\/2025\/08\/fangdajing-2-510x340.webp 510w\" sizes=\"auto, (max-width: 2560px) 100vw, 2560px\" \/>\t\t\t\t\t\t\n\t\t\t\t\t<\/div>\n\t\t\t\t\t\t\t\t\n<style>\n#image_1107688996 {\n  width: 100%;\n}\n<\/style>\n\t<\/div>\n\t\n\t\t<\/div>\n\t\t\t\t\t<\/div>\n\n\t\n\n\t<div id=\"col-1557349050\" class=\"col medium-7 small-12 large-7\"  >\n\t\t\t\t<div class=\"col-inner\"  >\n\t\t\t\n\t\t\t\n<h2><span style=\"font-size: 140%;\"><b>1. Politisches Ziel<\/b><\/span><\/h2>\n\t<div id=\"gap-343362796\" class=\"gap-element clearfix\" style=\"display:block; height:auto;\">\n\t\t\n<style>\n#gap-343362796 {\n  padding-top: 110px;\n}\n<\/style>\n\t<\/div>\n\t\n<p><span style=\"font-size: 95%;\" data-font-family=\"default\">LuxpowerTek ist bestrebt, seinen Kunden weltweit sichere und zuverl\u00e4ssige Produkte und Dienstleistungen zu bieten. Wir ermutigen Sicherheitsforscher, Partner und Kunden, potenzielle Schwachstellen zu melden \u00fcber <strong>verantwortungsvolle Offenlegungspraktiken<\/strong>, sodass wir Risiken umgehend angehen und mindern k\u00f6nnen.<\/span><\/p>\n\t\t<\/div>\n\t\t\t\t\t<\/div>\n\n\t\n<\/div>\n<div class=\"row\"  id=\"row-219025192\">\n\n\t<div id=\"col-509109911\" class=\"col medium-6 small-12 large-6\"  >\n\t\t\t\t<div class=\"col-inner\"  >\n\t\t\t\n\t\t\t\n<h2><span style=\"font-size: 140%;\"><b>2. Berichtsprozess<\/b><\/span><\/h2>\n\t<div id=\"gap-581917116\" class=\"gap-element clearfix\" style=\"display:block; height:auto;\">\n\t\t\n<style>\n#gap-581917116 {\n  padding-top: 10px;\n}\n<\/style>\n\t<\/div>\n\t\n<p><span style=\"font-size: 95%;\" data-font-family=\"default\">Um einen Schwachstellenbericht einzureichen, verwenden Sie bitte die folgenden Kan\u00e4le:<\/span><\/p>\n<div class=\"row\"  id=\"row-1043057003\">\n\n\t<div id=\"col-343541605\" class=\"col medium-2 small-12 large-2\"  >\n\t\t\t\t<div class=\"col-inner\"  >\n\t\t\t\n\t\t\t\n\t<div class=\"img has-hover x md-x lg-x y md-y lg-y\" id=\"image_337414895\">\n\t\t\t\t\t\t\t\t<div class=\"img-inner dark\" style=\"margin:-4px 0px 0px 0px;\">\n\t\t\t<img loading=\"lazy\" decoding=\"async\" width=\"200\" height=\"200\" src=\"https:\/\/luxpowertek.com\/wp-content\/uploads\/2025\/08\/email.webp\" class=\"attachment-large size-large\" alt=\"\" srcset=\"https:\/\/luxpowertek.com\/wp-content\/uploads\/2025\/08\/email.webp 200w, https:\/\/luxpowertek.com\/wp-content\/uploads\/2025\/08\/email-80x80.webp 80w, https:\/\/luxpowertek.com\/wp-content\/uploads\/2025\/08\/email-12x12.webp 12w, https:\/\/luxpowertek.com\/wp-content\/uploads\/2025\/08\/email-100x100.webp 100w\" sizes=\"auto, (max-width: 200px) 100vw, 200px\" \/>\t\t\t\t\t\t\n\t\t\t\t\t<\/div>\n\t\t\t\t\t\t\t\t\n<style>\n#image_337414895 {\n  width: 100%;\n}\n<\/style>\n\t<\/div>\n\t\n\t\t<\/div>\n\t\t\t\t\t<\/div>\n\n\t\n\n\t<div id=\"col-331630226\" class=\"col medium-10 small-12 large-10\"  >\n\t\t\t\t<div class=\"col-inner\"  >\n\t\t\t\n\t\t\t\n\t<div id=\"text-2975004182\" class=\"text\">\n\t\t\n<p style=\"text-align: left;\"><b><span data-font-family=\"default\">E-Mail<\/span><\/b><\/p>\n<p style=\"text-align: left;\"><span data-font-family=\"default\">security@luxpowertek.com <\/span>(PGP-Verschl\u00fcsselung empfohlen)<\/p>\n\t\t\n<style>\n#text-2975004182 {\n  line-height: 1.25;\n  text-align: left;\n}\n<\/style>\n\t<\/div>\n\t\n\t\t<\/div>\n\t\t\t\t\t<\/div>\n\n\t\n<\/div>\n<div class=\"row\"  id=\"row-1517964561\">\n\n\t<div id=\"col-419386491\" class=\"col medium-2 small-12 large-2\"  >\n\t\t\t\t<div class=\"col-inner\"  >\n\t\t\t\n\t\t\t\n\t<div class=\"img has-hover x md-x lg-x y md-y lg-y\" id=\"image_1630029289\">\n\t\t\t\t\t\t\t\t<div class=\"img-inner dark\" style=\"margin:-4px 0px 0px 0px;\">\n\t\t\t<img loading=\"lazy\" decoding=\"async\" width=\"512\" height=\"512\" src=\"https:\/\/luxpowertek.com\/wp-content\/uploads\/2025\/08\/Lot.webp\" class=\"attachment-large size-large\" alt=\"\" srcset=\"https:\/\/luxpowertek.com\/wp-content\/uploads\/2025\/08\/Lot.webp 512w, https:\/\/luxpowertek.com\/wp-content\/uploads\/2025\/08\/Lot-300x300.webp 300w, https:\/\/luxpowertek.com\/wp-content\/uploads\/2025\/08\/Lot-80x80.webp 80w, https:\/\/luxpowertek.com\/wp-content\/uploads\/2025\/08\/Lot-12x12.webp 12w, https:\/\/luxpowertek.com\/wp-content\/uploads\/2025\/08\/Lot-510x510.webp 510w, https:\/\/luxpowertek.com\/wp-content\/uploads\/2025\/08\/Lot-100x100.webp 100w\" sizes=\"auto, (max-width: 512px) 100vw, 512px\" \/>\t\t\t\t\t\t\n\t\t\t\t\t<\/div>\n\t\t\t\t\t\t\t\t\n<style>\n#image_1630029289 {\n  width: 100%;\n}\n<\/style>\n\t<\/div>\n\t\n\t\t<\/div>\n\t\t\t\t\t<\/div>\n\n\t\n\n\t<div id=\"col-1875458957\" class=\"col medium-10 small-12 large-10\"  >\n\t\t\t\t<div class=\"col-inner\"  >\n\t\t\t\n\t\t\t\n\t<div id=\"text-1731500301\" class=\"text\">\n\t\t\n<p><b><span data-font-family=\"default\">Online-Formular\/Sicherheitsportal<\/span><\/b><\/p>\n<p><span data-font-family=\"default\">Details zu einem dedizierten Sicherheitsportal werden separat bekannt gegeben.<\/span><\/p>\n\t\t\n<style>\n#text-1731500301 {\n  line-height: 1.25;\n  text-align: left;\n}\n<\/style>\n\t<\/div>\n\t\n\t\t<\/div>\n\t\t\t\t\t<\/div>\n\n\t\n<\/div>\n<p><span data-font-family=\"default\">Bitte f\u00fcgen Sie Ihrem Bericht die folgenden Informationen bei:<\/span><\/p>\n<ul>\n<li><span data-font-family=\"default\">Betroffenes Produktmodell und Firmware-\/Softwareversion<\/span><\/li>\n<li><span data-font-family=\"default\">Detaillierte Beschreibung der Sicherheitsl\u00fccke und Schritte zur Reproduktion (oder Proof of Concept)<\/span><\/li>\n<li><span data-font-family=\"default\">Analyse der potenziellen Auswirkungen<\/span><\/li>\n<li><span data-font-family=\"default\">Kontaktinformationen f\u00fcr Folgekommunikation<\/span><\/li>\n<\/ul>\n\t\t<\/div>\n\t\t\t\t\t<\/div>\n\n\t\n\n\t<div id=\"col-1049653164\" class=\"col medium-6 small-12 large-6\"  >\n\t\t\t\t<div class=\"col-inner\"  >\n\t\t\t\n\t\t\t\n\t<div class=\"img has-hover x md-x lg-x y md-y lg-y\" id=\"image_1203827050\">\n\t\t\t\t\t\t\t\t<div class=\"img-inner dark\" >\n\t\t\t<img loading=\"lazy\" decoding=\"async\" width=\"1920\" height=\"1280\" src=\"https:\/\/luxpowertek.com\/wp-content\/uploads\/2025\/08\/tijiao.webp\" class=\"attachment-original size-original\" alt=\"\" srcset=\"https:\/\/luxpowertek.com\/wp-content\/uploads\/2025\/08\/tijiao.webp 1920w, https:\/\/luxpowertek.com\/wp-content\/uploads\/2025\/08\/tijiao-300x200.webp 300w, https:\/\/luxpowertek.com\/wp-content\/uploads\/2025\/08\/tijiao-1030x687.webp 1030w, https:\/\/luxpowertek.com\/wp-content\/uploads\/2025\/08\/tijiao-768x512.webp 768w, https:\/\/luxpowertek.com\/wp-content\/uploads\/2025\/08\/tijiao-1536x1024.webp 1536w, https:\/\/luxpowertek.com\/wp-content\/uploads\/2025\/08\/tijiao-18x12.webp 18w, https:\/\/luxpowertek.com\/wp-content\/uploads\/2025\/08\/tijiao-510x340.webp 510w\" sizes=\"auto, (max-width: 1920px) 100vw, 1920px\" \/>\t\t\t\t\t\t\n\t\t\t\t\t<\/div>\n\t\t\t\t\t\t\t\t\n<style>\n#image_1203827050 {\n  width: 100%;\n}\n<\/style>\n\t<\/div>\n\t\n<p><strong>TIPPS:<\/strong><\/p>\n<p><span data-font-family=\"default\">Um eine verantwortungsvolle Offenlegung zu gew\u00e4hrleisten, geben Sie die Sicherheitsl\u00fccke bitte erst dann \u00f6ffentlich bekannt, wenn ein offizieller Fix ver\u00f6ffentlicht wurde.<\/span><\/p>\n\t\t<\/div>\n\t\t\t\t\t<\/div>\n\n\t\n<\/div>\n<h2><span style=\"font-size: 140%;\"><b>3. Umfang der Sicherheitstests und Compliance-Grenzen<\/b><\/span><\/h2>\n\t<div id=\"gap-842408313\" class=\"gap-element clearfix\" style=\"display:block; height:auto;\">\n\t\t\n<style>\n#gap-842408313 {\n  padding-top: 30px;\n}\n<\/style>\n\t<\/div>\n\t\n<h2><strong><span style=\"color: #63ad82;\">Erlaubte Testaktivit\u00e4ten<\/span>\u2705<\/strong><\/h2>\n<ul>\n<li><span data-font-family=\"default\">Lokales Ger\u00e4tetesten<\/span><\/li>\n<li><span data-font-family=\"default\">Netzwerkkommunikationsanalyse<\/span><\/li>\n<li><span data-font-family=\"default\">Konfigurations- und Berechtigungs\u00fcberpr\u00fcfung<\/span><\/li>\n<\/ul>\n\t<div id=\"gap-213406098\" class=\"gap-element clearfix\" style=\"display:block; height:auto;\">\n\t\t\n<style>\n#gap-213406098 {\n  padding-top: 30px;\n}\n<\/style>\n\t<\/div>\n\t\n<h2><span style=\"color: #d83131;\"><b>Verbotene Aktivit\u00e4ten\u274c<\/b><\/span><\/h2>\n<ul>\n<li><span data-font-family=\"default\">Unbefugter Zugriff oder Diebstahl von Benutzerdaten<\/span><\/li>\n<li><span data-font-family=\"default\">Ausnutzung von Schwachstellen, die zu Dienstunterbrechungen oder Sch\u00e4den f\u00fchren<\/span><\/li>\n<li><span data-font-family=\"default\">Gro\u00df angelegte Scan- oder Denial-of-Service-Angriffe auf Produktionsumgebungen<\/span><\/li>\n<\/ul>\n\t<div id=\"gap-1345446566\" class=\"gap-element clearfix\" style=\"display:block; height:auto;\">\n\t\t\n<style>\n#gap-1345446566 {\n  padding-top: 50px;\n}\n<\/style>\n\t<\/div>\n\t\n<h2><span style=\"font-size: 140%;\"><b>4. Prozess und Zeitplan f\u00fcr die Reaktion auf Sicherheitsl\u00fccken<\/b><\/span><\/h2>\n<p><span data-font-family=\"default\">LuxpowerTek h\u00e4lt sich an internationale Best Practices und hat einen standardisierten Reaktionsprozess f\u00fcr den Umgang mit Schwachstellen etabliert:<\/span><\/p>\n<ol>\n<li><b><span data-font-family=\"default\">Anerkennung<\/span><\/b><span data-font-family=\"default\">: Innerhalb von 5 Werktagen nach Eingang einer Meldung best\u00e4tigen wir den Eingang.<\/span><\/li>\n<li><b><span data-font-family=\"default\">Validierung und Bewertung<\/span><\/b><span data-font-family=\"default\">: Unser Sicherheitsteam validiert die Sicherheitsl\u00fccke und bewertet ihr Risikoniveau anhand des CVSS v3.1-Standards.<\/span><\/li>\n<li><b><span data-font-family=\"default\">Sanierungsplan<\/span><\/b><span data-font-family=\"default\">: Je nach Schweregrad entwickeln wir einen Fix- oder Minderungsplan.<\/span><\/li>\n<li><b><span data-font-family=\"default\">Kommunikation<\/span><\/b><span data-font-family=\"default\">: Wir bleiben w\u00e4hrend des gesamten Prozesses mit dem Berichterstatter in Kontakt und fordern bei Bedarf zus\u00e4tzliche Informationen an.<\/span><\/li>\n<li><b><span data-font-family=\"default\">\u00d6ffentliche Offenlegung<\/span><\/b> <b><span data-font-family=\"default\">osure<\/span><\/b><span data-font-family=\"default\">: Nach der L\u00f6sung des Problems wird in unserem Sicherheitsbulletin ein Hinweis zur Sicherheitsl\u00fccke ver\u00f6ffentlicht, mit einer Best\u00e4tigung an den Forscher, sofern dieser seine Zustimmung erteilt.<\/span><\/li>\n<\/ol>\n<p><span data-font-family=\"default\">Der typische Zeitplan f\u00fcr die L\u00f6sung und Offenlegung betr\u00e4gt <strong>90\u2013120<\/strong> Tage, wobei kritische Schwachstellen f\u00fcr eine beschleunigte Bearbeitung priorisiert werden.<\/span><\/p>\n\t<div id=\"gap-425329268\" class=\"gap-element clearfix\" style=\"display:block; height:auto;\">\n\t\t\n<style>\n#gap-425329268 {\n  padding-top: 60px;\n}\n<\/style>\n\t<\/div>\n\t\n<h2><span style=\"font-size: 140%;\"><b>5. Klassifizierung der Schwachstellen<\/b><\/span><\/h2>\n<p><span data-font-family=\"default\">Schwachstellen werden basierend auf dem CVSS v3.1-Standard wie folgt klassifiziert:<\/span><\/p>\n<div class=\"row\"  id=\"row-1683308345\">\n\n\t<div id=\"col-1664730888\" class=\"col medium-3 small-6 large-3\"  >\n\t\t\t\t<div class=\"col-inner\"  >\n\t\t\t\n\t\t\t\n<p><b><span data-font-family=\"default\">Niedrig (0,1\u20133,9)<\/span><\/b><\/p>\n<p><span data-font-family=\"default\">Minimale Auswirkungen, die in nachfolgenden Iterationen behoben werden.<\/span><\/p>\n\t\t<\/div>\n\t\t\t\t\t<\/div>\n\n\t\n\n\t<div id=\"col-321091483\" class=\"col medium-3 small-6 large-3\"  >\n\t\t\t\t<div class=\"col-inner\"  >\n\t\t\t\n\t\t\t\n<p><b><span data-font-family=\"default\">Mittel (4,0\u20136,9)<\/span><\/b><\/p>\n<p><span data-font-family=\"default\"> Begrenzte Auswirkungen, werden in routinem\u00e4\u00dfigen Softwareupdates behoben.<\/span><\/p>\n\t\t<\/div>\n\t\t\t\t\t<\/div>\n\n\t\n\n\t<div id=\"col-338712891\" class=\"col medium-3 small-6 large-3\"  >\n\t\t\t\t<div class=\"col-inner\"  >\n\t\t\t\n\t\t\t\n<p><b><span data-font-family=\"default\">Hoch (7,0\u20138,9)<\/span><\/b><\/p>\n<p><span data-font-family=\"default\"> Schwachstellen mit schwerwiegenden Auswirkungen werden zur schnellen Behebung priorisiert.<\/span><\/p>\n\t\t<\/div>\n\t\t\t\t\t<\/div>\n\n\t\n\n\t<div id=\"col-48272767\" class=\"col medium-3 small-6 large-3\"  >\n\t\t\t\t<div class=\"col-inner\"  >\n\t\t\t\n\t\t\t\n<p><b><span data-font-family=\"default\">Kritisch (9,0\u201310,0)<\/span><\/b><\/p>\n<p><span data-font-family=\"default\"> Sofortige Behebung durch dringende Patch-Ver\u00f6ffentlichung.<\/span><\/p>\n\t\t<\/div>\n\t\t\t\t\t<\/div>\n\n\t\n<\/div>\n<h2><span style=\"font-size: 140%;\">6. Hinweis<\/span><\/h2>\n<h2><b><span data-font-family=\"default\">Grunds\u00e4tze der koordinierten Offenlegung<\/span><\/b><\/h2>\n<p><span data-font-family=\"default\">LuxpowerTek h\u00e4lt sich an eine <\/span><b><span data-font-family=\"default\">Herz-Kreislauf-Erkrankungen<\/span><\/b><b><span data-font-family=\"default\">(Koordinierte Offenlegung von Sicherheitsl\u00fccken)<\/span><\/b><span data-font-family=\"default\"> Modell, um sicherzustellen, dass Schwachstellen vor der Ver\u00f6ffentlichung eines Patches nicht \u00f6ffentlich bekannt gegeben werden. <\/span><\/p>\n<p><span data-font-family=\"default\">Von den Forschern wird verlangt, ein angemessenes Zeitfenster f\u00fcr die Abhilfe bereitzustellen, in der Regel<\/span><b><span data-font-family=\"default\"> 90 Tage<\/span><\/b><span data-font-family=\"default\">, um eine zeitnahe L\u00f6sung zu erm\u00f6glichen.<\/span><\/p>\n<h2><b><span data-font-family=\"default\">Gesetzliche Ausnahme<\/span><\/b><\/h2>\n<p><span data-font-family=\"default\">Vorausgesetzt, dass Schwachstellentests und Offenlegungen in \u00dcbereinstimmung mit dieser Richtlinie durchgef\u00fchrt werden, wird LuxpowerTek keine rechtlichen Schritte gegen Forscher einleiten und solche Aktivit\u00e4ten als <\/span><b><span data-font-family=\"default\">Sicherheitsforschung in gutem Glauben.<\/span><\/b><\/p>\n<h2><b><span data-font-family=\"default\">Haftungsausschluss<\/span><\/b><\/h2>\n<p><i><span data-font-family=\"default\">Diese Richtlinie kann aktualisiert werden<\/span><\/i><span data-font-family=\"default\">d, um Branchenentwicklungen und rechtlichen Anforderungen Rechnung zu tragen. LuxpowerTek \u00fcbernimmt keine Garantie oder Haftung f\u00fcr direkte oder indirekte Verluste, die aus der Offenlegung von Sicherheitsl\u00fccken oder Verz\u00f6gerungen bei der Behebung entstehen.<\/span><\/p>","protected":false},"excerpt":{"rendered":"<p>3. Umfang und Konformit\u00e4tsgrenzen von Sicherheitstests Erlaubte Testaktivit\u00e4ten\u2705 Tests lokaler Ger\u00e4te Analyse der Netzwerkkommunikation Validierung von Konfiguration und Berechtigungen Verbotene Aktivit\u00e4ten\u274c Unbefugter Zugriff auf oder Diebstahl von Benutzerdaten Ausnutzung von Schwachstellen, die zu Dienstunterbrechungen oder -sch\u00e4den f\u00fchren Gro\u00df angelegte Scans oder Denial-of-Service-Angriffe auf Produktionsumgebungen 4. Prozess und Zeitplan f\u00fcr die Reaktion auf Schwachstellen LuxpowerTek h\u00e4lt sich an internationale\u2026<\/p>","protected":false},"author":3,"featured_media":0,"parent":0,"menu_order":0,"comment_status":"closed","ping_status":"closed","template":"","meta":{"rop_custom_images_group":[],"rop_custom_messages_group":[],"rop_publish_now":"initial","rop_publish_now_accounts":[],"rop_publish_now_history":[],"rop_publish_now_status":"pending","footnotes":""},"class_list":["post-15397","page","type-page","status-publish","hentry"],"yoast_head":"<!-- This site is optimized with the Yoast SEO plugin v27.3 - https:\/\/yoast.com\/product\/yoast-seo-wordpress\/ -->\n<title>Vulnerability Response Policy -<\/title>\n<meta name=\"robots\" content=\"index, follow, max-snippet:-1, max-image-preview:large, max-video-preview:-1\" \/>\n<link rel=\"canonical\" href=\"https:\/\/luxpowertek.com\/de\/richtlinie-zur-reaktion-auf-sicherheitslucken\/\" \/>\n<meta property=\"og:locale\" content=\"de_DE\" \/>\n<meta property=\"og:type\" content=\"article\" \/>\n<meta property=\"og:title\" content=\"Vulnerability Response Policy -\" \/>\n<meta property=\"og:description\" content=\"3. Security Testing Scope and Compliance Boundaries Permitted Testing Activities\u2705 Local device testing Network communication analysis Configuration and permission validation Prohibited Activities\u274c Unauthorized access or theft of user data Exploitation of vulnerabilities causing service disruption or damage Large-scale scanning or denial-of-service attacks targeting production environments 4. Vulnerability Response Process and Timeline LuxpowerTek adheres to international...\" \/>\n<meta property=\"og:url\" content=\"https:\/\/luxpowertek.com\/de\/richtlinie-zur-reaktion-auf-sicherheitslucken\/\" \/>\n<meta property=\"article:modified_time\" content=\"2025-08-22T06:37:04+00:00\" \/>\n<meta name=\"twitter:card\" content=\"summary_large_image\" \/>\n<meta name=\"twitter:label1\" content=\"Gesch\u00e4tzte Lesezeit\" \/>\n\t<meta name=\"twitter:data1\" content=\"3\u00a0Minuten\" \/>\n<script type=\"application\/ld+json\" class=\"yoast-schema-graph\">{\"@context\":\"https:\\\/\\\/schema.org\",\"@graph\":[{\"@type\":\"WebPage\",\"@id\":\"https:\\\/\\\/luxpowertek.com\\\/vulnerability-response-policy\\\/\",\"url\":\"https:\\\/\\\/luxpowertek.com\\\/vulnerability-response-policy\\\/\",\"name\":\"Vulnerability Response Policy -\",\"isPartOf\":{\"@id\":\"https:\\\/\\\/luxpowertek.com\\\/#website\"},\"datePublished\":\"2025-08-22T02:13:17+00:00\",\"dateModified\":\"2025-08-22T06:37:04+00:00\",\"breadcrumb\":{\"@id\":\"https:\\\/\\\/luxpowertek.com\\\/vulnerability-response-policy\\\/#breadcrumb\"},\"inLanguage\":\"de\",\"potentialAction\":[{\"@type\":\"ReadAction\",\"target\":[\"https:\\\/\\\/luxpowertek.com\\\/vulnerability-response-policy\\\/\"]}]},{\"@type\":\"BreadcrumbList\",\"@id\":\"https:\\\/\\\/luxpowertek.com\\\/vulnerability-response-policy\\\/#breadcrumb\",\"itemListElement\":[{\"@type\":\"ListItem\",\"position\":1,\"name\":\"Home\",\"item\":\"https:\\\/\\\/luxpowertek.com\\\/\"},{\"@type\":\"ListItem\",\"position\":2,\"name\":\"Vulnerability Response Policy\"}]},{\"@type\":\"WebSite\",\"@id\":\"https:\\\/\\\/luxpowertek.com\\\/#website\",\"url\":\"https:\\\/\\\/luxpowertek.com\\\/\",\"name\":\"\",\"description\":\"\",\"potentialAction\":[{\"@type\":\"SearchAction\",\"target\":{\"@type\":\"EntryPoint\",\"urlTemplate\":\"https:\\\/\\\/luxpowertek.com\\\/?s={search_term_string}\"},\"query-input\":{\"@type\":\"PropertyValueSpecification\",\"valueRequired\":true,\"valueName\":\"search_term_string\"}}],\"inLanguage\":\"de\"}]}<\/script>\n<!-- \/ Yoast SEO plugin. -->","yoast_head_json":{"title":"Richtlinie zur Reaktion auf Sicherheitsl\u00fccken \u2013","robots":{"index":"index","follow":"follow","max-snippet":"max-snippet:-1","max-image-preview":"max-image-preview:large","max-video-preview":"max-video-preview:-1"},"canonical":"https:\/\/luxpowertek.com\/de\/richtlinie-zur-reaktion-auf-sicherheitslucken\/","og_locale":"de_DE","og_type":"article","og_title":"Vulnerability Response Policy -","og_description":"3. Security Testing Scope and Compliance Boundaries Permitted Testing Activities\u2705 Local device testing Network communication analysis Configuration and permission validation Prohibited Activities\u274c Unauthorized access or theft of user data Exploitation of vulnerabilities causing service disruption or damage Large-scale scanning or denial-of-service attacks targeting production environments 4. Vulnerability Response Process and Timeline LuxpowerTek adheres to international...","og_url":"https:\/\/luxpowertek.com\/de\/richtlinie-zur-reaktion-auf-sicherheitslucken\/","article_modified_time":"2025-08-22T06:37:04+00:00","twitter_card":"summary_large_image","twitter_misc":{"Gesch\u00e4tzte Lesezeit":"3\u00a0Minuten"},"schema":{"@context":"https:\/\/schema.org","@graph":[{"@type":"WebPage","@id":"https:\/\/luxpowertek.com\/vulnerability-response-policy\/","url":"https:\/\/luxpowertek.com\/vulnerability-response-policy\/","name":"Richtlinie zur Reaktion auf Sicherheitsl\u00fccken \u2013","isPartOf":{"@id":"https:\/\/luxpowertek.com\/#website"},"datePublished":"2025-08-22T02:13:17+00:00","dateModified":"2025-08-22T06:37:04+00:00","breadcrumb":{"@id":"https:\/\/luxpowertek.com\/vulnerability-response-policy\/#breadcrumb"},"inLanguage":"de","potentialAction":[{"@type":"ReadAction","target":["https:\/\/luxpowertek.com\/vulnerability-response-policy\/"]}]},{"@type":"BreadcrumbList","@id":"https:\/\/luxpowertek.com\/vulnerability-response-policy\/#breadcrumb","itemListElement":[{"@type":"ListItem","position":1,"name":"Home","item":"https:\/\/luxpowertek.com\/"},{"@type":"ListItem","position":2,"name":"Vulnerability Response Policy"}]},{"@type":"WebSite","@id":"https:\/\/luxpowertek.com\/#website","url":"https:\/\/luxpowertek.com\/","name":"","description":"","potentialAction":[{"@type":"SearchAction","target":{"@type":"EntryPoint","urlTemplate":"https:\/\/luxpowertek.com\/?s={search_term_string}"},"query-input":{"@type":"PropertyValueSpecification","valueRequired":true,"valueName":"search_term_string"}}],"inLanguage":"de"}]}},"_links":{"self":[{"href":"https:\/\/luxpowertek.com\/de\/wp-json\/wp\/v2\/pages\/15397","targetHints":{"allow":["GET"]}}],"collection":[{"href":"https:\/\/luxpowertek.com\/de\/wp-json\/wp\/v2\/pages"}],"about":[{"href":"https:\/\/luxpowertek.com\/de\/wp-json\/wp\/v2\/types\/page"}],"author":[{"embeddable":true,"href":"https:\/\/luxpowertek.com\/de\/wp-json\/wp\/v2\/users\/3"}],"replies":[{"embeddable":true,"href":"https:\/\/luxpowertek.com\/de\/wp-json\/wp\/v2\/comments?post=15397"}],"version-history":[{"count":11,"href":"https:\/\/luxpowertek.com\/de\/wp-json\/wp\/v2\/pages\/15397\/revisions"}],"predecessor-version":[{"id":15427,"href":"https:\/\/luxpowertek.com\/de\/wp-json\/wp\/v2\/pages\/15397\/revisions\/15427"}],"wp:attachment":[{"href":"https:\/\/luxpowertek.com\/de\/wp-json\/wp\/v2\/media?parent=15397"}],"curies":[{"name":"wp","href":"https:\/\/api.w.org\/{rel}","templated":true}]}}