{"id":13289,"date":"2024-09-18T18:26:34","date_gmt":"2024-09-18T10:26:34","guid":{"rendered":"https:\/\/luxpowertek.com\/?page_id=13289"},"modified":"2024-09-18T21:15:03","modified_gmt":"2024-09-18T13:15:03","slug":"solarspeicher-grosbritannien-2024","status":"publish","type":"page","link":"https:\/\/luxpowertek.com\/de\/solarspeicher-grosbritannien-2024\/","title":{"rendered":"Solar &amp; Storage UK 2024"},"content":{"rendered":"<div class=\"slider-wrapper relative\" id=\"slider-1367328744\" >\n    <div class=\"slider slider-nav-circle slider-nav-large slider-nav-light slider-style-normal\"\n        data-flickity-options='{            \"cellAlign\": \"center\",            \"imagesLoaded\": true,            \"lazyLoad\": 1,            \"freeScroll\": false,            \"wrapAround\": true,            \"autoPlay\": 6000,            \"pauseAutoPlayOnHover\" : true,            \"prevNextButtons\": true,            \"contain\" : true,            \"adaptiveHeight\" : true,            \"dragThreshold\" : 10,            \"percentPosition\": true,            \"pageDots\": true,            \"rightToLeft\": false,            \"draggable\": true,            \"selectedAttraction\": 0.1,            \"parallax\" : 0,            \"friction\": 0.6        }'\n        >\n        \n\n  <div class=\"banner has-hover\" id=\"banner-2037616075\">\n          <div class=\"banner-inner fill\">\n        <div class=\"banner-bg fill\" >\n            <div class=\"bg fill bg-fill\"><\/div>\n                        <div class=\"overlay\"><\/div>            \n                    <\/div>\n\t\t\n        <div class=\"banner-layers container\">\n            <div class=\"fill banner-link\"><\/div>            \n   <div id=\"text-box-554096159\" class=\"text-box banner-layer x50 md-x50 lg-x50 y50 md-y50 lg-y50 res-text\">\n                                <div class=\"text-box-content text dark\">\n              \n              <div class=\"text-inner text-center\">\n                  \n<h1>Treffen Sie Luxpower am Stand #B48<\/h1>\n<div id=\"timer-1487410194\" class=\"ux-timer light\" data-text-plural=\"s\" data-text-hour=\"hour\" data-text-day=\"day\" data-text-week=\"week\" data-text-min=\"min\" data-text-sec=\"sec\" data-text-hour-p=\"\" data-text-day-p=\"\" data-text-week-p=\"\" data-text-min-p=\"\" data-text-sec-p=\"\" data-countdown=\"2024\/9\/24 18:00\"><span>&nbsp;<div class=\"loading-spin dark centered\"><\/div><strong>&nbsp;<\/strong><\/span><\/div>\n<style>\n#timer-1487410194 {\n  font-size: 307%;\n}\n#timer-1487410194 span {\n  background-color: rgba(255, 255, 255, 0.86);\n}\n<\/style>\n\n\t<div id=\"gap-1370247501\" class=\"gap-element clearfix\" style=\"display:block; height:auto;\">\n\t\t\n<style>\n#gap-1370247501 {\n  padding-top: 30px;\n}\n<\/style>\n\t<\/div>\n\t\n<a href=\"https:\/\/secure.terrapinn.com\/V5\/step2.aspx?q=3759484CPSS&#038;TMID=4251512&#038;EID=10835\" target=\"_blank\" class=\"button secondary is-larger\" rel=\"noopener\"  style=\"border-radius:10px;\">\n    <span>Jetzt registrieren<\/span>\n  <i class=\"icon-angle-right\" aria-hidden=\"true\" ><\/i><\/a>\n\n              <\/div>\n           <\/div>\n                            \n<style>\n#text-box-554096159 {\n  width: 80%;\n}\n#text-box-554096159 .text-box-content {\n  font-size: 100%;\n}\n@media (min-width:550px) {\n  #text-box-554096159 {\n    width: 69%;\n  }\n}\n<\/style>\n    <\/div>\n \n        <\/div>\n      <\/div>\n\n            \n<style>\n#banner-2037616075 {\n  padding-top: 706px;\n}\n#banner-2037616075 .bg.bg-loaded {\n  background-image: url(https:\/\/luxpowertek.com\/wp-content\/uploads\/2024\/08\/UK-EXPO-scaled.webp);\n}\n#banner-2037616075 .overlay {\n  background-color: rgba(79, 79, 79, 0.5);\n}\n#banner-2037616075 .bg {\n  background-position: 40% 54%;\n}\n<\/style>\n  <\/div>\n\n\n     <\/div>\n\n     <div class=\"loading-spin dark large centered\"><\/div>\n\n\t<\/div>\n\n\n<div class=\"row\"  id=\"row-1500212362\">\n\n\t<div id=\"col-1594105563\" class=\"col small-12 large-12\"  >\n\t\t\t\t<div class=\"col-inner\"  >\n\t\t\t\n\t\t\t\n\t<div id=\"text-238226671\" class=\"text\">\n\t\t\n<h1 class=\"uppercase\" style=\"text-align: center;\">Besuchen Sie uns bei Solar &amp; Storage Live UK 2024!<\/h1>\n<h1 class=\"uppercase\" style=\"text-align: center;\">Antrieb f\u00fcr die Zukunft sauberer Energiel\u00f6sungen<\/h1>\n\t\t\n<style>\n#text-238226671 {\n  text-align: center;\n}\n<\/style>\n\t<\/div>\n\t\n\t\t<\/div>\n\t\t\t\t\t<\/div>\n\n\t\n<\/div>\n<div class=\"row\"  id=\"row-1305759489\">\n\n\t<div id=\"col-1985733328\" class=\"col medium-6 small-12 large-6\"  >\n\t\t\t\t<div class=\"col-inner\"  >\n\t\t\t\n\t\t\t\n\t<div id=\"text-510936399\" class=\"text\">\n\t\t\n\t\t\n<style>\n#text-510936399 {\n  text-align: left;\n}\n<\/style>\n\t<\/div>\n\t\n<ul>\n<li><span style=\"font-size: 120%;\"><strong>Datum<\/strong>: 24.-26. September 2024<\/span><\/li>\n<li><span style=\"font-size: 120%;\"><strong>Standort<\/strong>: The NEC, Birmingham, Gro\u00dfbritannien<\/span><\/li>\n<li><span style=\"font-size: 120%;\"><strong>Verkaufsstand<\/strong>Modell: #B48<\/span><\/li>\n<\/ul>\n<p><span style=\"font-size: 100%;\">Luxpower freut sich, seine hochmodernen Energiespeicherl\u00f6sungen auf der Solar &amp; Storage Live UK 2024 pr\u00e4sentieren zu k\u00f6nnen. Im Zuge der Weiterentwicklung der Energielandschaft sind unsere Hybrid- und netzunabh\u00e4ngigen Wechselrichter darauf ausgelegt, nachhaltige und effiziente Energiel\u00f6sungen f\u00fcr private und gewerbliche Anwendungen bereitzustellen.<\/span><\/p>\n<a href=\"https:\/\/luxpowertek.com\/de\/produkte\/\" class=\"button secondary\"  style=\"border-radius:10px;\">\n    <span>Entdecken Sie unsere Produkte<\/span>\n  <i class=\"icon-angle-right\" aria-hidden=\"true\" ><\/i><\/a>\n\n\t\t<\/div>\n\t\t\t\t\t<\/div>\n\n\t\n\n\t<div id=\"col-1935217278\" class=\"col medium-6 small-12 large-6\"  >\n\t\t\t\t<div class=\"col-inner\"  >\n\t\t\t\n\t\t\t\n\t<div id=\"gap-1422571247\" class=\"gap-element clearfix\" style=\"display:block; height:auto;\">\n\t\t\n<style>\n#gap-1422571247 {\n  padding-top: 30px;\n}\n<\/style>\n\t<\/div>\n\t\n\n  <div class=\"banner has-hover\" id=\"banner-968585346\">\n          <div class=\"banner-inner fill\">\n        <div class=\"banner-bg fill\" >\n            <div class=\"bg fill bg-fill\"><\/div>\n                                    \n                    <\/div>\n\t\t\n        <div class=\"banner-layers container\">\n            <div class=\"fill banner-link\"><\/div>            \n   <div id=\"text-box-2093857238\" class=\"text-box banner-layer x50 md-x50 lg-x50 y50 md-y50 lg-y50 res-text\">\n                                <div class=\"text-box-content text dark\">\n              \n              <div class=\"text-inner text-center\">\n                  \n              <\/div>\n           <\/div>\n                            \n<style>\n#text-box-2093857238 {\n  width: 60%;\n}\n#text-box-2093857238 .text-box-content {\n  font-size: 100%;\n}\n<\/style>\n    <\/div>\n \n        <\/div>\n      <\/div>\n\n            \n<style>\n#banner-968585346 {\n  padding-top: 56.25%;\n}\n#banner-968585346 .bg.bg-loaded {\n  background-image: url(https:\/\/luxpowertek.com\/wp-content\/uploads\/2024\/09\/EU-Series.webp);\n}\n<\/style>\n  <\/div>\n\n\n\t\t<\/div>\n\t\t\t\t\t<\/div>\n\n\t\n<\/div>\n<div class=\"row\"  id=\"row-1490550596\">\n\n\t<div id=\"col-2033421387\" class=\"col medium-4 small-12 large-4\"  >\n\t\t\t\t<div class=\"col-inner\"  >\n\t\t\t\n\t\t\t\n\t\t<\/div>\n\t\t\t\t\t<\/div>\n\n\t\n\n\t<div id=\"col-425159371\" class=\"col medium-4 small-12 large-4\"  >\n\t\t\t\t<div class=\"col-inner\"  >\n\t\t\t\n\t\t\t\n\t\t<\/div>\n\t\t\t\t\t<\/div>\n\n\t\n\n\t<div id=\"col-435447211\" class=\"col medium-4 small-12 large-4\"  >\n\t\t\t\t<div class=\"col-inner\"  >\n\t\t\t\n\t\t\t\n\t\t<\/div>\n\t\t\t\t\t<\/div>\n\n\t\n<\/div>\n\t<div id=\"gap-1564466219\" class=\"gap-element clearfix\" style=\"display:block; height:auto;\">\n\t\t\n<style>\n#gap-1564466219 {\n  padding-top: 30px;\n}\n<\/style>\n\t<\/div>\n\t\n<div class=\"row\"  id=\"row-1053758626\">\n\n\t<div id=\"col-1278526200\" class=\"col medium-6 small-12 large-6\"  >\n\t\t\t\t<div class=\"col-inner\"  >\n\t\t\t\n\t\t\t\n<h2>Was uns im Bereich Solar &amp; Storage UK 2024 erwartet<\/h2>\n<ul>\n<li><span style=\"font-size: 100%;\"><strong>Innovative Hybrid- und Off-Grid-Wechselrichter<\/strong>: Pr\u00e4sentation hochmoderner Hybrid- und Offgrid-Wechselrichter von Luxpower, die mit Split-Phase-Technologie sowohl f\u00fcr private als auch kleine gewerbliche Anwendungen geeignet sind.<\/span><\/li>\n<li><span style=\"font-size: 100%;\"><strong>Neueste Smart Load- und AC-Kopplungsl\u00f6sungen<\/strong>: Wie Luxpower-Wechselrichter den Stromverbrauch intelligent verwalten und in verschiedene Systeme f\u00fcr erneuerbare Energien integrieren k\u00f6nnen.<\/span><\/li>\n<li><span style=\"font-size: 100%;\"><strong>Neue Produkteinf\u00fchrungen<\/strong>: Einf\u00fchrung in die neuesten SNA 12K Off-Grid-Produktmodelle und -Funktionen von luxpower, die exklusiv auf der Veranstaltung vorgestellt werden.<\/span><\/li>\n<\/ul>\n<a href=\"https:\/\/secure.terrapinn.com\/V5\/step2.aspx?q=3759484CPSS&#038;TMID=4251512&#038;EID=10835\" target=\"_blank\" class=\"button secondary\" rel=\"noopener\"  style=\"border-radius:10px;\">\n    <span>So erhalten Sie Ihre Freikarten<\/span>\n  <i class=\"icon-angle-right\" aria-hidden=\"true\" ><\/i><\/a>\n\n\t\t<\/div>\n\t\t\t\t\n<style>\n#col-1278526200 > .col-inner {\n  padding: 0px 17px 34px 0px;\n}\n<\/style>\n\t<\/div>\n\n\t\n\n\t<div id=\"col-690781156\" class=\"col medium-6 small-12 large-6\"  >\n\t\t\t\t<div class=\"col-inner\"  >\n\t\t\t\n\t\t\t\n<div class=\"slider-wrapper relative\" id=\"slider-599780826\" >\n    <div class=\"slider slider-nav-circle slider-nav-large slider-nav-light slider-style-normal\"\n        data-flickity-options='{            \"cellAlign\": \"center\",            \"imagesLoaded\": true,            \"lazyLoad\": 1,            \"freeScroll\": false,            \"wrapAround\": true,            \"autoPlay\": 6000,            \"pauseAutoPlayOnHover\" : true,            \"prevNextButtons\": true,            \"contain\" : true,            \"adaptiveHeight\" : true,            \"dragThreshold\" : 10,            \"percentPosition\": true,            \"pageDots\": true,            \"rightToLeft\": false,            \"draggable\": true,            \"selectedAttraction\": 0.1,            \"parallax\" : 0,            \"friction\": 0.6        }'\n        >\n        \n\n  <div class=\"banner has-hover\" id=\"banner-1651999819\">\n          <div class=\"banner-inner fill\">\n        <div class=\"banner-bg fill\" >\n            <div class=\"bg fill bg-fill\"><\/div>\n                                    \n                    <\/div>\n\t\t\n        <div class=\"banner-layers container\">\n            <div class=\"fill banner-link\"><\/div>            \n   <div id=\"text-box-590469098\" class=\"text-box banner-layer x50 md-x50 lg-x50 y50 md-y50 lg-y50 res-text\">\n                                <div class=\"text-box-content text dark\">\n              \n              <div class=\"text-inner text-center\">\n                  \n              <\/div>\n           <\/div>\n                            \n<style>\n#text-box-590469098 {\n  width: 60%;\n}\n#text-box-590469098 .text-box-content {\n  font-size: 100%;\n}\n<\/style>\n    <\/div>\n \n        <\/div>\n      <\/div>\n\n            \n<style>\n#banner-1651999819 {\n  padding-top: 500px;\n}\n#banner-1651999819 .bg.bg-loaded {\n  background-image: url(https:\/\/luxpowertek.com\/wp-content\/uploads\/2024\/08\/three-2.webp);\n}\n#banner-1651999819 .bg {\n  background-position: 0% 14%;\n}\n<\/style>\n  <\/div>\n\n\n     <\/div>\n\n     <div class=\"loading-spin dark large centered\"><\/div>\n\n\t<\/div>\n\n\n\t\t<\/div>\n\t\t\t\t\t<\/div>\n\n\t\n<\/div>\n\t<div id=\"gap-1339589453\" class=\"gap-element clearfix\" style=\"display:block; height:auto;\">\n\t\t\n<style>\n#gap-1339589453 {\n  padding-top: 30px;\n}\n<\/style>\n\t<\/div>\n\t\n<div class=\"row\"  id=\"row-515470295\">\n\n\t<div id=\"col-1009591963\" class=\"col small-12 large-12\"  >\n\t\t\t\t<div class=\"col-inner\"  >\n\t\t\t\n\t\t\t\n\t<div id=\"text-4112122339\" class=\"text\">\n\t\t\n<h3>Luxpower-Agenda<\/h3>\n\t\t\n<style>\n#text-4112122339 {\n  text-align: center;\n}\n<\/style>\n\t<\/div>\n\t\n<ul>\n<li>\n<p><strong>Produktdemonstrationen<\/strong><\/p>\n<p>Wir pr\u00e4sentieren unsere neuesten Produkte, darunter die <strong>SNA 12K US<\/strong> Off-Grid-Wechselrichter, <strong>Hybrid-Wechselrichter<\/strong>, Und <strong>Energiespeicherl\u00f6sungen<\/strong>Besucher k\u00f6nnen sich aus erster Hand davon \u00fcberzeugen, wie sich unsere Systeme nahtlos in die Solarenergie integrieren lassen, um die Energieeffizienz zu optimieren.<\/li>\n<li>\n<p><strong>Technische Erkl\u00e4rungen &amp; Live-Demos<\/strong><\/p>\n<p>Unsere erfahrenen Ingenieure werden zu festgelegten Zeiten im Laufe des Tages Live-Demos abhalten und ausf\u00fchrliche Erkl\u00e4rungen dazu geben, wie unsere <strong>Intelligentes Lastmanagement<\/strong>, <strong>AC-Kopplung<\/strong>, Und <strong>GEN Port-Integration<\/strong> Arbeit. Dies ist eine gro\u00dfartige Gelegenheit, zu erfahren, wie unsere L\u00f6sungen sowohl in Wohn- als auch in Gewerbeanwendungen passen.<\/li>\n<li>\n<p><strong>Technischer Support vor Ort<\/strong><\/p>\n<p>Unser technisches Team ist vor Ort, um sofortige Unterst\u00fctzung zu leisten und alle produktbezogenen Fragen zu beantworten. Egal, ob Sie H\u00e4ndler, Installateur oder Endbenutzer sind, unser Team steht bereit, um bei allen Anfragen behilflich zu sein und Anleitungen zur Systemkonfiguration zu geben.<\/li>\n<li>\n<p><strong>Gesch\u00e4ftstreffen und Networking<\/strong><\/p>\n<p>Wir hei\u00dfen H\u00e4ndler, Installateure und Fachleute aus der Branche willkommen, um m\u00f6gliche gesch\u00e4ftliche Kooperationen zu besprechen. Unser Vertriebsteam steht Ihnen w\u00e4hrend der gesamten Veranstaltung zur Verf\u00fcgung, um Partnerschaftsm\u00f6glichkeiten zu erkunden und ma\u00dfgeschneiderte L\u00f6sungen f\u00fcr spezifische Marktanforderungen zu entwickeln.<\/li>\n<li>\n<p><strong>Exklusive kommerzielle Pr\u00e4sentationen<\/strong><\/p>\n<p>Jeden Tag bieten wir exklusive Sitzungen an, die sich darauf konzentrieren, wie <strong>Die L\u00f6sungen von Luxpower<\/strong> kann Unternehmen dabei helfen, ihre Energieunabh\u00e4ngigkeit zu verbessern, Kosten zu senken und neue Nachhaltigkeitsziele zu erreichen.<\/li>\n<\/ul>\n\t\t<\/div>\n\t\t\t\t\t<\/div>\n\n\t\n<\/div>\n\t<div id=\"gap-640045084\" class=\"gap-element clearfix\" style=\"display:block; height:auto;\">\n\t\t\n<style>\n#gap-640045084 {\n  padding-top: 30px;\n}\n<\/style>\n\t<\/div>\n\t\n<div class=\"row\"  id=\"row-1625198488\">\n\n\t<div id=\"col-131736247\" class=\"col small-12 large-12\"  >\n\t\t\t\t<div class=\"col-inner\"  >\n\t\t\t\n\t\t\t\n<div class=\"text-center\"><div class=\"is-divider divider clearfix\" style=\"max-width:1080px;\"><\/div><\/div>\n\t\t<\/div>\n\t\t\t\t\t<\/div>\n\n\t\n<\/div>\n\n  <div class=\"banner has-hover\" id=\"banner-1523112206\">\n          <div class=\"banner-inner fill\">\n        <div class=\"banner-bg fill\" >\n            <div class=\"bg fill bg-fill\"><\/div>\n                                    \n                    <\/div>\n\t\t\t<div class=\"ux-shape-divider ux-shape-divider--top ux-shape-divider--style-triangle-opacity\">\n\t\t<svg viewbox=\"0 0 1000 100\" xmlns=\"http:\/\/www.w3.org\/2000\/svg\" preserveaspectratio=\"none\">\n\t<path class=\"ux-shape-fill\" d=\"M1025 100H-25L500 24L1025 100Z\"\/>\n\t<path class=\"ux-shape-fill\" opacity=\"0.3\" d=\"M1025 100H-25L500 0L1025 100Z\"\/>\n<\/svg>\n\t<\/div>\n\n        <div class=\"banner-layers container\">\n            <div class=\"fill banner-link\"><\/div>            \n   <div id=\"text-box-439659459\" class=\"text-box banner-layer x50 md-x50 lg-x50 y50 md-y50 lg-y50 res-text\">\n                                <div class=\"text-box-content text dark\">\n              \n              <div class=\"text-inner text-center\">\n                  \n<a href=\"https:\/\/secure.terrapinn.com\/V5\/step2.aspx?q=3759484CPSS&#038;TMID=4251512&#038;EID=10835\" target=\"_blank\" class=\"button primary\" rel=\"noopener\"  style=\"border-radius:10px;\">\n    <span>So erhalten Sie Ihre Freikarten<\/span>\n  <\/a>\n\n              <\/div>\n           <\/div>\n                            \n<style>\n#text-box-439659459 {\n  width: 60%;\n}\n#text-box-439659459 .text-box-content {\n  font-size: 100%;\n}\n<\/style>\n    <\/div>\n \n        <\/div>\n      <\/div>\n\n            \n<style>\n#banner-1523112206 {\n  padding-top: 500px;\n}\n#banner-1523112206 .bg.bg-loaded {\n  background-image: url(https:\/\/luxpowertek.com\/wp-content\/uploads\/2024\/08\/a10-scaled.webp);\n}\n#banner-1523112206 .ux-shape-divider--top svg {\n  height: 150px;\n  --divider-top-width: 100%;\n}\n<\/style>\n  <\/div>\n\n\n\t<div id=\"gap-1941363179\" class=\"gap-element clearfix\" style=\"display:block; height:auto;\">\n\t\t\n<style>\n#gap-1941363179 {\n  padding-top: 54px;\n}\n<\/style>\n\t<\/div>","protected":false},"excerpt":{"rendered":"","protected":false},"author":3,"featured_media":0,"parent":0,"menu_order":0,"comment_status":"closed","ping_status":"closed","template":"page-blank.php","meta":{"rop_custom_images_group":[],"rop_custom_messages_group":[],"rop_publish_now":"initial","rop_publish_now_accounts":[],"rop_publish_now_history":[],"rop_publish_now_status":"pending","footnotes":""},"class_list":["post-13289","page","type-page","status-publish","hentry"],"yoast_head":"<!-- This site is optimized with the Yoast SEO plugin v27.3 - https:\/\/yoast.com\/product\/yoast-seo-wordpress\/ -->\n<title>Solar &amp; Storage UK 2024 -<\/title>\n<meta name=\"robots\" content=\"index, follow, max-snippet:-1, max-image-preview:large, max-video-preview:-1\" \/>\n<link rel=\"canonical\" href=\"https:\/\/luxpowertek.com\/de\/solarspeicher-grosbritannien-2024\/\" \/>\n<meta property=\"og:locale\" content=\"de_DE\" \/>\n<meta property=\"og:type\" content=\"article\" \/>\n<meta property=\"og:title\" content=\"Solar &amp; Storage UK 2024 -\" \/>\n<meta property=\"og:url\" content=\"https:\/\/luxpowertek.com\/de\/solarspeicher-grosbritannien-2024\/\" \/>\n<meta property=\"article:publisher\" content=\"https:\/\/www.facebook.com\/LUXPOWERTEK\" \/>\n<meta property=\"article:modified_time\" content=\"2024-09-18T13:15:03+00:00\" \/>\n<meta name=\"twitter:card\" content=\"summary_large_image\" \/>\n<script type=\"application\/ld+json\" class=\"yoast-schema-graph\">{\"@context\":\"https:\\\/\\\/schema.org\",\"@graph\":[{\"@type\":\"WebPage\",\"@id\":\"https:\\\/\\\/luxpowertek.com\\\/es\\\/almacenamiento-solar-reino-unido-2024\\\/\",\"url\":\"https:\\\/\\\/luxpowertek.com\\\/es\\\/almacenamiento-solar-reino-unido-2024\\\/\",\"name\":\"Solar & Storage UK 2024 -\",\"isPartOf\":{\"@id\":\"https:\\\/\\\/luxpowertek.com\\\/#website\"},\"datePublished\":\"2024-09-18T10:26:34+00:00\",\"dateModified\":\"2024-09-18T13:15:03+00:00\",\"breadcrumb\":{\"@id\":\"https:\\\/\\\/luxpowertek.com\\\/es\\\/almacenamiento-solar-reino-unido-2024\\\/#breadcrumb\"},\"inLanguage\":\"de\",\"potentialAction\":[{\"@type\":\"ReadAction\",\"target\":[\"https:\\\/\\\/luxpowertek.com\\\/es\\\/almacenamiento-solar-reino-unido-2024\\\/\"]}]},{\"@type\":\"BreadcrumbList\",\"@id\":\"https:\\\/\\\/luxpowertek.com\\\/es\\\/almacenamiento-solar-reino-unido-2024\\\/#breadcrumb\",\"itemListElement\":[{\"@type\":\"ListItem\",\"position\":1,\"name\":\"Home\",\"item\":\"https:\\\/\\\/luxpowertek.com\\\/\"},{\"@type\":\"ListItem\",\"position\":2,\"name\":\"Solar &#038; Storage UK 2024\"}]},{\"@type\":\"WebSite\",\"@id\":\"https:\\\/\\\/luxpowertek.com\\\/#website\",\"url\":\"https:\\\/\\\/luxpowertek.com\\\/\",\"name\":\"\",\"description\":\"\",\"publisher\":{\"@id\":\"https:\\\/\\\/luxpowertek.com\\\/#organization\"},\"potentialAction\":[{\"@type\":\"SearchAction\",\"target\":{\"@type\":\"EntryPoint\",\"urlTemplate\":\"https:\\\/\\\/luxpowertek.com\\\/?s={search_term_string}\"},\"query-input\":{\"@type\":\"PropertyValueSpecification\",\"valueRequired\":true,\"valueName\":\"search_term_string\"}}],\"inLanguage\":\"de\"},{\"@type\":\"Organization\",\"@id\":\"https:\\\/\\\/luxpowertek.com\\\/#organization\",\"name\":\"LuxpowerTek\",\"url\":\"https:\\\/\\\/luxpowertek.com\\\/\",\"logo\":{\"@type\":\"ImageObject\",\"inLanguage\":\"de\",\"@id\":\"https:\\\/\\\/luxpowertek.com\\\/#\\\/schema\\\/logo\\\/image\\\/\",\"url\":\"https:\\\/\\\/luxpowertek.com\\\/wp-content\\\/uploads\\\/2024\\\/08\\\/Luxpower_logo_new.webp\",\"contentUrl\":\"https:\\\/\\\/luxpowertek.com\\\/wp-content\\\/uploads\\\/2024\\\/08\\\/Luxpower_logo_new.webp\",\"width\":1030,\"height\":186,\"caption\":\"LuxpowerTek\"},\"image\":{\"@id\":\"https:\\\/\\\/luxpowertek.com\\\/#\\\/schema\\\/logo\\\/image\\\/\"},\"sameAs\":[\"https:\\\/\\\/www.facebook.com\\\/LUXPOWERTEK\"]}]}<\/script>\n<!-- \/ Yoast SEO plugin. -->","yoast_head_json":{"title":"Solar &amp; Storage UK 2024 -","robots":{"index":"index","follow":"follow","max-snippet":"max-snippet:-1","max-image-preview":"max-image-preview:large","max-video-preview":"max-video-preview:-1"},"canonical":"https:\/\/luxpowertek.com\/de\/solarspeicher-grosbritannien-2024\/","og_locale":"de_DE","og_type":"article","og_title":"Solar & Storage UK 2024 -","og_url":"https:\/\/luxpowertek.com\/de\/solarspeicher-grosbritannien-2024\/","article_publisher":"https:\/\/www.facebook.com\/LUXPOWERTEK","article_modified_time":"2024-09-18T13:15:03+00:00","twitter_card":"summary_large_image","schema":{"@context":"https:\/\/schema.org","@graph":[{"@type":"WebPage","@id":"https:\/\/luxpowertek.com\/es\/almacenamiento-solar-reino-unido-2024\/","url":"https:\/\/luxpowertek.com\/es\/almacenamiento-solar-reino-unido-2024\/","name":"Solar &amp; Storage UK 2024 -","isPartOf":{"@id":"https:\/\/luxpowertek.com\/#website"},"datePublished":"2024-09-18T10:26:34+00:00","dateModified":"2024-09-18T13:15:03+00:00","breadcrumb":{"@id":"https:\/\/luxpowertek.com\/es\/almacenamiento-solar-reino-unido-2024\/#breadcrumb"},"inLanguage":"de","potentialAction":[{"@type":"ReadAction","target":["https:\/\/luxpowertek.com\/es\/almacenamiento-solar-reino-unido-2024\/"]}]},{"@type":"BreadcrumbList","@id":"https:\/\/luxpowertek.com\/es\/almacenamiento-solar-reino-unido-2024\/#breadcrumb","itemListElement":[{"@type":"ListItem","position":1,"name":"Home","item":"https:\/\/luxpowertek.com\/"},{"@type":"ListItem","position":2,"name":"Solar &#038; Storage UK 2024"}]},{"@type":"WebSite","@id":"https:\/\/luxpowertek.com\/#website","url":"https:\/\/luxpowertek.com\/","name":"","description":"","publisher":{"@id":"https:\/\/luxpowertek.com\/#organization"},"potentialAction":[{"@type":"SearchAction","target":{"@type":"EntryPoint","urlTemplate":"https:\/\/luxpowertek.com\/?s={search_term_string}"},"query-input":{"@type":"PropertyValueSpecification","valueRequired":true,"valueName":"search_term_string"}}],"inLanguage":"de"},{"@type":"Organization","@id":"https:\/\/luxpowertek.com\/#organization","name":"LuxpowerTek","url":"https:\/\/luxpowertek.com\/","logo":{"@type":"ImageObject","inLanguage":"de","@id":"https:\/\/luxpowertek.com\/#\/schema\/logo\/image\/","url":"https:\/\/luxpowertek.com\/wp-content\/uploads\/2024\/08\/Luxpower_logo_new.webp","contentUrl":"https:\/\/luxpowertek.com\/wp-content\/uploads\/2024\/08\/Luxpower_logo_new.webp","width":1030,"height":186,"caption":"LuxpowerTek"},"image":{"@id":"https:\/\/luxpowertek.com\/#\/schema\/logo\/image\/"},"sameAs":["https:\/\/www.facebook.com\/LUXPOWERTEK"]}]}},"_links":{"self":[{"href":"https:\/\/luxpowertek.com\/de\/wp-json\/wp\/v2\/pages\/13289","targetHints":{"allow":["GET"]}}],"collection":[{"href":"https:\/\/luxpowertek.com\/de\/wp-json\/wp\/v2\/pages"}],"about":[{"href":"https:\/\/luxpowertek.com\/de\/wp-json\/wp\/v2\/types\/page"}],"author":[{"embeddable":true,"href":"https:\/\/luxpowertek.com\/de\/wp-json\/wp\/v2\/users\/3"}],"replies":[{"embeddable":true,"href":"https:\/\/luxpowertek.com\/de\/wp-json\/wp\/v2\/comments?post=13289"}],"version-history":[{"count":7,"href":"https:\/\/luxpowertek.com\/de\/wp-json\/wp\/v2\/pages\/13289\/revisions"}],"predecessor-version":[{"id":13303,"href":"https:\/\/luxpowertek.com\/de\/wp-json\/wp\/v2\/pages\/13289\/revisions\/13303"}],"wp:attachment":[{"href":"https:\/\/luxpowertek.com\/de\/wp-json\/wp\/v2\/media?parent=13289"}],"curies":[{"name":"wp","href":"https:\/\/api.w.org\/{rel}","templated":true}]}}