{"id":11452,"date":"2024-08-03T21:50:21","date_gmt":"2024-08-03T13:50:21","guid":{"rendered":"https:\/\/luxpowertek.com\/?page_id=11452"},"modified":"2025-11-07T16:32:09","modified_gmt":"2025-11-07T08:32:09","slug":"anwendungen","status":"publish","type":"page","link":"https:\/\/luxpowertek.com\/de\/anwendungen\/","title":{"rendered":"Anwendungen"},"content":{"rendered":"<div class=\"banner has-hover\" id=\"banner-1777269796\">\n          <div class=\"banner-inner fill\">\n        <div class=\"banner-bg fill\" >\n            <div class=\"bg fill bg-fill\"><\/div>\n                                    \n                    <\/div>\n\t\t\n        <div class=\"banner-layers container\">\n            <div class=\"fill banner-link\"><\/div>            \n   <div id=\"text-box-272633327\" class=\"text-box banner-layer x50 md-x50 lg-x50 y50 md-y50 lg-y50 res-text\">\n                                <div class=\"text-box-content text dark\">\n              \n              <div class=\"text-inner text-center\">\n                  \n              <\/div>\n           <\/div>\n                            \n<style>\n#text-box-272633327 {\n  width: 60%;\n}\n#text-box-272633327 .text-box-content {\n  font-size: 100%;\n}\n<\/style>\n    <\/div>\n \n        <\/div>\n      <\/div>\n\n            \n<style>\n#banner-1777269796 {\n  padding-top: 40%;\n}\n#banner-1777269796 .bg.bg-loaded {\n  background-image: url(https:\/\/luxpowertek.com\/wp-content\/uploads\/2024\/07\/Case-Study-scaled.webp);\n}\n<\/style>\n  <\/div>\n\n\n\t<section class=\"section\" id=\"section_51500050\">\n\t\t<div class=\"bg section-bg fill bg-fill  bg-loaded\" >\n\n\t\t\t\n\t\t\t\n\t\t\t\n\n\t\t<\/div>\n\n\t\t\n\n\t\t<div class=\"section-content relative\">\n\t\t\t\n<div class=\"row\"  id=\"row-304614630\">\n\n\t<div id=\"col-706817626\" class=\"col small-12 large-12\"  >\n\t\t\t\t<div class=\"col-inner\"  >\n\t\t\t\n\t\t\t\n\t<div id=\"text-2720204033\" class=\"text\">\n\t\t\n<h1 class=\"lead\"><span style=\"font-size: 115%;\"><strong>Kundenf\u00e4lle<\/strong><\/span><\/h1>\n\t\t\n<style>\n#text-2720204033 {\n  text-align: center;\n}\n<\/style>\n\t<\/div>\n\t\n\t\t<\/div>\n\t\t\t\t\t<\/div>\n\n\t\n<\/div>\n<div class=\"row\"  id=\"row-503055005\">\n\n\t<div id=\"col-1663392511\" class=\"col medium-4 small-12 large-4\"  >\n\t\t\t\t<div class=\"col-inner\" style=\"background-color:rgb(255,255,255);\" >\n\t\t\t\n\t\t\t\n<div class=\"row\"  id=\"row-1245678024\">\n\n\t<div id=\"col-809912633\" class=\"col small-12 large-12\"  >\n\t\t\t\t<div class=\"col-inner\"  >\n\t\t\t\n\t\t\t\n\t<div class=\"box has-hover   has-hover box-text-bottom\" >\n\n\t\t<div class=\"box-image\" >\n\t\t\t\t\t\t<div class=\"image-cover\" style=\"padding-top:100%;\">\n\t\t\t\t<img loading=\"lazy\" decoding=\"async\" width=\"1440\" height=\"1080\" src=\"https:\/\/luxpowertek.com\/wp-content\/uploads\/2024\/07\/Japan-case.webp\" class=\"attachment-original size-original\" alt=\"\" srcset=\"https:\/\/luxpowertek.com\/wp-content\/uploads\/2024\/07\/Japan-case.webp 1440w, https:\/\/luxpowertek.com\/wp-content\/uploads\/2024\/07\/Japan-case-300x225.webp 300w, https:\/\/luxpowertek.com\/wp-content\/uploads\/2024\/07\/Japan-case-1030x773.webp 1030w, https:\/\/luxpowertek.com\/wp-content\/uploads\/2024\/07\/Japan-case-768x576.webp 768w, https:\/\/luxpowertek.com\/wp-content\/uploads\/2024\/07\/Japan-case-510x383.webp 510w\" sizes=\"auto, (max-width: 1440px) 100vw, 1440px\" \/>\t\t\t\t\t\t\t\t\t\t\t<\/div>\n\t\t\t\t\t<\/div>\n\n\t\t<div class=\"box-text text-center\" >\n\t\t\t<div class=\"box-text-inner\">\n\t\t\t\t\n\t<div id=\"text-3561441825\" class=\"text\">\n\t\t\n<p class=\"lead\" style=\"text-align: center;\"><strong>LSP 100K in Japan<\/strong><\/p>\n<p class=\"lead\" style=\"text-align: center;\"><strong><span style=\"color: #63ad80;\">3,6 MWh PV-Farm<\/span><\/strong><\/p>\n<p class=\"lead\"><span style=\"font-size: 90%;\">Mit 9 Einheiten Luxpower 100K wurde dieser Solarpark in Japan zu einem Energiespeicherkraftwerk umger\u00fcstet, das 1,8 MW an PV-Leistung verarbeiten und bis zu 900 kW in die Batterien laden kann.<\/span><\/p>\n<p>\u00a0<\/p>\n<p>\u00a0<\/p>\n<p>\u00a0<\/p>\n<p>\u00a0<\/p>\n\t\t\n<style>\n#text-3561441825 {\n  text-align: left;\n}\n<\/style>\n\t<\/div>\n\t\n<a href=\"https:\/\/www.tiktok.com\/t\/ZTN9ojcxU\/\" class=\"button secondary is-outline is-large\"  style=\"border-radius:99px;\">\n    <span>Mehr sehen<\/span>\n  <\/a>\n\n\t\t\t<\/div>\n\t\t<\/div>\n\t<\/div>\n\t\n\t\t<\/div>\n\t\t\t\t\t<\/div>\n\n\t\n\n<style>\n#row-1245678024 > .col > .col-inner {\n  background-color: rgba(9, 1, 1, 0.116);\n  border-radius: 15px;\n}\n<\/style>\n<\/div>\n\t\t<\/div>\n\t\t\t\t\t<\/div>\n\n\t\n\n\t<div id=\"col-901661436\" class=\"col medium-4 small-12 large-4\"  >\n\t\t\t\t<div class=\"col-inner\"  >\n\t\t\t\n\t\t\t\n<div class=\"row\"  id=\"row-736282697\">\n\n\t<div id=\"col-1109938111\" class=\"col small-12 large-12\"  >\n\t\t\t\t<div class=\"col-inner\"  >\n\t\t\t\n\t\t\t\n\t<div class=\"box has-hover   has-hover box-text-bottom\" >\n\n\t\t<div class=\"box-image\" >\n\t\t\t\t\t\t<div class=\"image-cover\" style=\"padding-top:100%;\">\n\t\t\t\t<img loading=\"lazy\" decoding=\"async\" width=\"1440\" height=\"1080\" src=\"https:\/\/luxpowertek.com\/wp-content\/uploads\/2024\/07\/UK-case.webp\" class=\"attachment-original size-original\" alt=\"\" srcset=\"https:\/\/luxpowertek.com\/wp-content\/uploads\/2024\/07\/UK-case.webp 1440w, https:\/\/luxpowertek.com\/wp-content\/uploads\/2024\/07\/UK-case-300x225.webp 300w, https:\/\/luxpowertek.com\/wp-content\/uploads\/2024\/07\/UK-case-1030x773.webp 1030w, https:\/\/luxpowertek.com\/wp-content\/uploads\/2024\/07\/UK-case-768x576.webp 768w, https:\/\/luxpowertek.com\/wp-content\/uploads\/2024\/07\/UK-case-510x383.webp 510w\" sizes=\"auto, (max-width: 1440px) 100vw, 1440px\" \/>\t\t\t\t\t\t\t\t\t\t\t<\/div>\n\t\t\t\t\t<\/div>\n\n\t\t<div class=\"box-text text-center\" >\n\t\t\t<div class=\"box-text-inner\">\n\t\t\t\t\n\t<div id=\"text-804738645\" class=\"text\">\n\t\t\n<p class=\"lead\" style=\"text-align: center;\"><strong>TriP 20K im Vereinigten K\u00f6nigreich<\/strong><\/p>\n<p class=\"lead\" style=\"text-align: center;\"><span style=\"color: #63ad80;\"><strong>76,8 KWh PV&amp;ESS Campingpl\u00e4tze<\/strong><\/span><\/p>\n<p class=\"lead\"><span style=\"font-size: 80%;\">Sehen Sie sich die Installation von 2 Einheiten des Luxpower 3-Phasen-Energiespeicher-Hybrid-Wechselrichters TriP 6-20K in Gro\u00dfbritannien an, der einen Campingplatz komplett netzunabh\u00e4ngig mit Strom versorgt!<\/span><\/p>\n<p class=\"lead\"><span style=\"font-size: 80%;\">Mit seinem robusten Design kann es 30 kW PV-Eingang verarbeiten und liefert 20 kW USV-Ausgang, was eine zuverl\u00e4ssige Leistung sowohl f\u00fcr private als auch f\u00fcr gewerbliche Szenarien gew\u00e4hrleistet.<\/span><\/p>\n\t\t\n<style>\n#text-804738645 {\n  text-align: left;\n}\n<\/style>\n\t<\/div>\n\t\n<a class=\"button secondary is-outline is-large\"  style=\"border-radius:99px;\">\n    <span>Mehr sehen<\/span>\n  <\/a>\n\n\t\t\t<\/div>\n\t\t<\/div>\n\t<\/div>\n\t\n\t\t<\/div>\n\t\t\t\t\t<\/div>\n\n\t\n\n<style>\n#row-736282697 > .col > .col-inner {\n  background-color: rgba(9, 1, 1, 0.116);\n  border-radius: 15px;\n}\n<\/style>\n<\/div>\n\t\t<\/div>\n\t\t\t\t\t<\/div>\n\n\t\n\n\t<div id=\"col-517759387\" class=\"col medium-4 small-12 large-4\"  >\n\t\t\t\t<div class=\"col-inner\"  >\n\t\t\t\n\t\t\t\n<div class=\"row\"  id=\"row-141890888\">\n\n\t<div id=\"col-724724926\" class=\"col small-12 large-12\"  >\n\t\t\t\t<div class=\"col-inner\"  >\n\t\t\t\n\t\t\t\n\t<div class=\"box has-hover   has-hover box-text-bottom\" >\n\n\t\t<div class=\"box-image\" >\n\t\t\t\t\t\t<div class=\"\" >\n\t\t\t\t<img loading=\"lazy\" decoding=\"async\" width=\"1280\" height=\"1280\" src=\"https:\/\/luxpowertek.com\/wp-content\/uploads\/2024\/07\/Vietnam-case.webp\" class=\"attachment-original size-original\" alt=\"\" srcset=\"https:\/\/luxpowertek.com\/wp-content\/uploads\/2024\/07\/Vietnam-case.webp 1280w, https:\/\/luxpowertek.com\/wp-content\/uploads\/2024\/07\/Vietnam-case-300x300.webp 300w, https:\/\/luxpowertek.com\/wp-content\/uploads\/2024\/07\/Vietnam-case-1030x1030.webp 1030w, https:\/\/luxpowertek.com\/wp-content\/uploads\/2024\/07\/Vietnam-case-80x80.webp 80w, https:\/\/luxpowertek.com\/wp-content\/uploads\/2024\/07\/Vietnam-case-768x768.webp 768w, https:\/\/luxpowertek.com\/wp-content\/uploads\/2024\/07\/Vietnam-case-510x510.webp 510w, https:\/\/luxpowertek.com\/wp-content\/uploads\/2024\/07\/Vietnam-case-100x100.webp 100w\" sizes=\"auto, (max-width: 1280px) 100vw, 1280px\" \/>\t\t\t\t\t\t\t\t\t\t\t<\/div>\n\t\t\t\t\t<\/div>\n\n\t\t<div class=\"box-text text-center\" >\n\t\t\t<div class=\"box-text-inner\">\n\t\t\t\t\n\t<div id=\"text-3260083386\" class=\"text\">\n\t\t\n<p class=\"lead\" style=\"text-align: center;\"><strong>LXP-EU 10K in Vietnam<\/strong><\/p>\n<p class=\"lead\" style=\"text-align: center;\"><span style=\"color: #63ad80;\"><strong>Erweiterung des Systems von 3 auf 7 Einheiten<\/strong><\/span><\/p>\n<p class=\"lead\"><span style=\"font-size: 80%;\">In den letzten vier Monaten haben sich unsere Kunden auf eine spannende Reise der Energiewende begeben. Sie entschieden sich f\u00fcr die Installation von 3 LXP-EU 10K Solarwechselrichtern und erreichten eine netzgekoppelte Stromerzeugung. Mit zunehmender Nachfrage wurde das System von anf\u00e4nglich 3 Wechselrichtern auf 5 und schlie\u00dflich auf 7 erweitert.\u00a0<\/span><\/p>\n\t\t\n<style>\n#text-3260083386 {\n  text-align: left;\n}\n<\/style>\n\t<\/div>\n\t\n<a href=\"https:\/\/www.tiktok.com\/t\/ZTNx1dcTC\/\" class=\"button secondary is-outline is-large\"  style=\"border-radius:99px;\">\n    <span>Mehr sehen<\/span>\n  <\/a>\n\n\t\t\t<\/div>\n\t\t<\/div>\n\t<\/div>\n\t\n\t\t<\/div>\n\t\t\t\t\t<\/div>\n\n\t\n\n<style>\n#row-141890888 > .col > .col-inner {\n  background-color: rgba(9, 1, 1, 0.116);\n  border-radius: 15px;\n}\n<\/style>\n<\/div>\n\t\t<\/div>\n\t\t\t\t\t<\/div>\n\n\t\n<\/div>\n<div class=\"row\"  id=\"row-1087016317\">\n\n\t<div id=\"col-570206183\" class=\"col medium-4 small-12 large-4\"  >\n\t\t\t\t<div class=\"col-inner\"  >\n\t\t\t\n\t\t\t\n<div class=\"row\"  id=\"row-2111079189\">\n\n\t<div id=\"col-545000635\" class=\"col small-12 large-12\"  >\n\t\t\t\t<div class=\"col-inner\"  >\n\t\t\t\n\t\t\t\n\t<div class=\"box has-hover   has-hover box-text-bottom\" >\n\n\t\t<div class=\"box-image\" >\n\t\t\t\t\t\t<div class=\"image-cover\" style=\"padding-top:100%;\">\n\t\t\t\t<img loading=\"lazy\" decoding=\"async\" width=\"1200\" height=\"1600\" src=\"https:\/\/luxpowertek.com\/wp-content\/uploads\/2024\/07\/Lebanon-case.webp\" class=\"attachment-original size-original\" alt=\"\" srcset=\"https:\/\/luxpowertek.com\/wp-content\/uploads\/2024\/07\/Lebanon-case.webp 1200w, https:\/\/luxpowertek.com\/wp-content\/uploads\/2024\/07\/Lebanon-case-225x300.webp 225w, https:\/\/luxpowertek.com\/wp-content\/uploads\/2024\/07\/Lebanon-case-773x1030.webp 773w, https:\/\/luxpowertek.com\/wp-content\/uploads\/2024\/07\/Lebanon-case-768x1024.webp 768w, https:\/\/luxpowertek.com\/wp-content\/uploads\/2024\/07\/Lebanon-case-1152x1536.webp 1152w, https:\/\/luxpowertek.com\/wp-content\/uploads\/2024\/07\/Lebanon-case-510x680.webp 510w\" sizes=\"auto, (max-width: 1200px) 100vw, 1200px\" \/>\t\t\t\t\t\t\t\t\t\t\t<\/div>\n\t\t\t\t\t<\/div>\n\n\t\t<div class=\"box-text text-center\" >\n\t\t\t<div class=\"box-text-inner\">\n\t\t\t\t\n\t<div id=\"text-164454351\" class=\"text\">\n\t\t\n<p class=\"lead\" style=\"text-align: center;\"><strong>LXP 12K im Libanon<\/strong><\/p>\n<h4><\/h4>\n<p class=\"lead\" style=\"text-align: center;\"><span style=\"color: #63ad80;\"><strong>30 KWh Whole-Home-Backup<\/strong><\/span><\/p>\n<p>Mit einem 30-kWh-Batteriesystem und einer intelligenten Steuerung durch den Luxpower-Hybrid-Wechselrichter LXP 12kW h\u00e4rtet er die Mittelmeersonne effizient f\u00fcr eine nahtlose Unterst\u00fctzung des gesamten Hauses ab.<br \/>\n\t\t\n<style>\n#text-164454351 {\n  text-align: left;\n}\n<\/style>\n\t<\/div>\n\t\n<a href=\"https:\/\/www.tiktok.com\/t\/ZTNx1x38T\/\" class=\"button secondary is-outline is-large\"  style=\"border-radius:99px;\">\n    <span>Mehr sehen<\/span>\n  <\/a>\n\n\t\t\t<\/div>\n\t\t<\/div>\n\t<\/div>\n\t\n\t\t<\/div>\n\t\t\t\t\t<\/div>\n\n\t\n\n<style>\n#row-2111079189 > .col > .col-inner {\n  background-color: rgba(9, 1, 1, 0.116);\n  border-radius: 15px;\n}\n<\/style>\n<\/div>\n\t\t<\/div>\n\t\t\t\t\t<\/div>\n\n\t\n\n\t<div id=\"col-1926647713\" class=\"col medium-4 small-12 large-4\"  >\n\t\t\t\t<div class=\"col-inner\"  >\n\t\t\t\n\t\t\t\n<div class=\"row\"  id=\"row-535362989\">\n\n\t<div id=\"col-1032299128\" class=\"col small-12 large-12\"  >\n\t\t\t\t<div class=\"col-inner\"  >\n\t\t\t\n\t\t\t\n\t<div class=\"box has-hover   has-hover box-text-bottom\" >\n\n\t\t<div class=\"box-image\" >\n\t\t\t\t\t\t<div class=\"image-cover\" style=\"padding-top:100%;\">\n\t\t\t\t<img loading=\"lazy\" decoding=\"async\" width=\"1284\" height=\"963\" src=\"https:\/\/luxpowertek.com\/wp-content\/uploads\/2024\/07\/CA-Case.webp\" class=\"attachment-original size-original\" alt=\"\" srcset=\"https:\/\/luxpowertek.com\/wp-content\/uploads\/2024\/07\/CA-Case.webp 1284w, https:\/\/luxpowertek.com\/wp-content\/uploads\/2024\/07\/CA-Case-300x225.webp 300w, https:\/\/luxpowertek.com\/wp-content\/uploads\/2024\/07\/CA-Case-1030x773.webp 1030w, https:\/\/luxpowertek.com\/wp-content\/uploads\/2024\/07\/CA-Case-768x576.webp 768w, https:\/\/luxpowertek.com\/wp-content\/uploads\/2024\/07\/CA-Case-510x383.webp 510w\" sizes=\"auto, (max-width: 1284px) 100vw, 1284px\" \/>\t\t\t\t\t\t\t\t\t\t\t<\/div>\n\t\t\t\t\t<\/div>\n\n\t\t<div class=\"box-text text-center\" >\n\t\t\t<div class=\"box-text-inner\">\n\t\t\t\t\n\t<div id=\"text-904936475\" class=\"text\">\n\t\t\n<p class=\"lead\" style=\"text-align: center;\"><strong>LXP-US 10K in CA<\/strong><\/p>\n<h4><\/h4>\n<p class=\"lead\" style=\"text-align: center;\"><span style=\"color: #63ad80;\"><strong>20 KWh System f\u00fcr die gesamte Lagerhalle<\/strong><\/span><\/p>\n<p>Wir haben ein kleines Lagerhaus zuverl\u00e4ssig mit Strom versorgt. Wir haben einen LXP-LB-US 10K-Wechselrichter installiert, der mit zwei S\u00e4tzen von 10-kWh-Batterien ausgestattet ist, die insgesamt eine Speicherkapazit\u00e4t von 20 kWh haben. Dieses System sorgt f\u00fcr eine kontinuierliche Stromversorgung des Lagers und tr\u00e4gt dazu bei, die Energiekosten und die Abh\u00e4ngigkeit vom herk\u00f6mmlichen Stromnetz zu senken.<br \/>\n\t\t\n<style>\n#text-904936475 {\n  text-align: left;\n}\n<\/style>\n\t<\/div>\n\t\n<a href=\"https:\/\/www.tiktok.com\/t\/ZTNx1x38T\/\" class=\"button secondary is-outline is-large\"  style=\"border-radius:99px;\">\n    <span>Mehr sehen<\/span>\n  <\/a>\n\n\t\t\t<\/div>\n\t\t<\/div>\n\t<\/div>\n\t\n\t\t<\/div>\n\t\t\t\t\t<\/div>\n\n\t\n\n<style>\n#row-535362989 > .col > .col-inner {\n  background-color: rgba(9, 1, 1, 0.116);\n  border-radius: 15px;\n}\n<\/style>\n<\/div>\n\t\t<\/div>\n\t\t\t\t\t<\/div>\n\n\t\n<\/div>\n\t\t<\/div>\n\n\t\t\n<style>\n#section_51500050 {\n  padding-top: 30px;\n  padding-bottom: 30px;\n}\n<\/style>\n\t<\/section>","protected":false},"excerpt":{"rendered":"","protected":false},"author":1,"featured_media":0,"parent":0,"menu_order":0,"comment_status":"closed","ping_status":"closed","template":"page-blank.php","meta":{"rop_custom_images_group":[],"rop_custom_messages_group":[],"rop_publish_now":"initial","rop_publish_now_accounts":[],"rop_publish_now_history":[],"rop_publish_now_status":"pending","footnotes":""},"class_list":["post-11452","page","type-page","status-publish","hentry"],"yoast_head":"<!-- This site is optimized with the Yoast SEO plugin v27.3 - https:\/\/yoast.com\/product\/yoast-seo-wordpress\/ -->\n<title>Customer Cases - Luxpower<\/title>\n<meta name=\"description\" content=\"Click here to view real cases of using our solar inverters in various countries.\" \/>\n<meta name=\"robots\" content=\"index, follow, max-snippet:-1, max-image-preview:large, max-video-preview:-1\" \/>\n<link rel=\"canonical\" href=\"https:\/\/luxpowertek.com\/de\/anwendungen\/\" \/>\n<meta property=\"og:locale\" content=\"de_DE\" \/>\n<meta property=\"og:type\" content=\"article\" \/>\n<meta property=\"og:title\" content=\"Customer Cases - Luxpower\" \/>\n<meta property=\"og:description\" content=\"Click here to view real cases of using our solar inverters in various countries.\" \/>\n<meta property=\"og:url\" content=\"https:\/\/luxpowertek.com\/de\/anwendungen\/\" \/>\n<meta property=\"article:modified_time\" content=\"2025-11-07T08:32:09+00:00\" \/>\n<meta name=\"twitter:card\" content=\"summary_large_image\" \/>\n<meta name=\"twitter:label1\" content=\"Gesch\u00e4tzte Lesezeit\" \/>\n\t<meta name=\"twitter:data1\" content=\"2\u00a0Minuten\" \/>\n<script type=\"application\/ld+json\" class=\"yoast-schema-graph\">{\"@context\":\"https:\\\/\\\/schema.org\",\"@graph\":[{\"@type\":\"WebPage\",\"@id\":\"https:\\\/\\\/luxpowertek.com\\\/applications\\\/\",\"url\":\"https:\\\/\\\/luxpowertek.com\\\/applications\\\/\",\"name\":\"Customer Cases - Luxpower\",\"isPartOf\":{\"@id\":\"https:\\\/\\\/luxpowertek.com\\\/#website\"},\"datePublished\":\"2024-08-03T13:50:21+00:00\",\"dateModified\":\"2025-11-07T08:32:09+00:00\",\"description\":\"Click here to view real cases of using our solar inverters in various countries.\",\"breadcrumb\":{\"@id\":\"https:\\\/\\\/luxpowertek.com\\\/applications\\\/#breadcrumb\"},\"inLanguage\":\"de\",\"potentialAction\":[{\"@type\":\"ReadAction\",\"target\":[\"https:\\\/\\\/luxpowertek.com\\\/applications\\\/\"]}]},{\"@type\":\"BreadcrumbList\",\"@id\":\"https:\\\/\\\/luxpowertek.com\\\/applications\\\/#breadcrumb\",\"itemListElement\":[{\"@type\":\"ListItem\",\"position\":1,\"name\":\"Home\",\"item\":\"https:\\\/\\\/luxpowertek.com\\\/\"},{\"@type\":\"ListItem\",\"position\":2,\"name\":\"Applications\"}]},{\"@type\":\"WebSite\",\"@id\":\"https:\\\/\\\/luxpowertek.com\\\/#website\",\"url\":\"https:\\\/\\\/luxpowertek.com\\\/\",\"name\":\"\",\"description\":\"\",\"potentialAction\":[{\"@type\":\"SearchAction\",\"target\":{\"@type\":\"EntryPoint\",\"urlTemplate\":\"https:\\\/\\\/luxpowertek.com\\\/?s={search_term_string}\"},\"query-input\":{\"@type\":\"PropertyValueSpecification\",\"valueRequired\":true,\"valueName\":\"search_term_string\"}}],\"inLanguage\":\"de\"}]}<\/script>\n<!-- \/ Yoast SEO plugin. -->","yoast_head_json":{"title":"Kundenf\u00e4lle - Luxpower","description":"Klicken Sie hier, um Beispiele f\u00fcr den Einsatz unserer Solarwechselrichter in verschiedenen L\u00e4ndern zu sehen.","robots":{"index":"index","follow":"follow","max-snippet":"max-snippet:-1","max-image-preview":"max-image-preview:large","max-video-preview":"max-video-preview:-1"},"canonical":"https:\/\/luxpowertek.com\/de\/anwendungen\/","og_locale":"de_DE","og_type":"article","og_title":"Customer Cases - Luxpower","og_description":"Click here to view real cases of using our solar inverters in various countries.","og_url":"https:\/\/luxpowertek.com\/de\/anwendungen\/","article_modified_time":"2025-11-07T08:32:09+00:00","twitter_card":"summary_large_image","twitter_misc":{"Gesch\u00e4tzte Lesezeit":"2\u00a0Minuten"},"schema":{"@context":"https:\/\/schema.org","@graph":[{"@type":"WebPage","@id":"https:\/\/luxpowertek.com\/applications\/","url":"https:\/\/luxpowertek.com\/applications\/","name":"Kundenf\u00e4lle - Luxpower","isPartOf":{"@id":"https:\/\/luxpowertek.com\/#website"},"datePublished":"2024-08-03T13:50:21+00:00","dateModified":"2025-11-07T08:32:09+00:00","description":"Klicken Sie hier, um Beispiele f\u00fcr den Einsatz unserer Solarwechselrichter in verschiedenen L\u00e4ndern zu sehen.","breadcrumb":{"@id":"https:\/\/luxpowertek.com\/applications\/#breadcrumb"},"inLanguage":"de","potentialAction":[{"@type":"ReadAction","target":["https:\/\/luxpowertek.com\/applications\/"]}]},{"@type":"BreadcrumbList","@id":"https:\/\/luxpowertek.com\/applications\/#breadcrumb","itemListElement":[{"@type":"ListItem","position":1,"name":"Home","item":"https:\/\/luxpowertek.com\/"},{"@type":"ListItem","position":2,"name":"Applications"}]},{"@type":"WebSite","@id":"https:\/\/luxpowertek.com\/#website","url":"https:\/\/luxpowertek.com\/","name":"","description":"","potentialAction":[{"@type":"SearchAction","target":{"@type":"EntryPoint","urlTemplate":"https:\/\/luxpowertek.com\/?s={search_term_string}"},"query-input":{"@type":"PropertyValueSpecification","valueRequired":true,"valueName":"search_term_string"}}],"inLanguage":"de"}]}},"_links":{"self":[{"href":"https:\/\/luxpowertek.com\/de\/wp-json\/wp\/v2\/pages\/11452","targetHints":{"allow":["GET"]}}],"collection":[{"href":"https:\/\/luxpowertek.com\/de\/wp-json\/wp\/v2\/pages"}],"about":[{"href":"https:\/\/luxpowertek.com\/de\/wp-json\/wp\/v2\/types\/page"}],"author":[{"embeddable":true,"href":"https:\/\/luxpowertek.com\/de\/wp-json\/wp\/v2\/users\/1"}],"replies":[{"embeddable":true,"href":"https:\/\/luxpowertek.com\/de\/wp-json\/wp\/v2\/comments?post=11452"}],"version-history":[{"count":10,"href":"https:\/\/luxpowertek.com\/de\/wp-json\/wp\/v2\/pages\/11452\/revisions"}],"predecessor-version":[{"id":16466,"href":"https:\/\/luxpowertek.com\/de\/wp-json\/wp\/v2\/pages\/11452\/revisions\/16466"}],"wp:attachment":[{"href":"https:\/\/luxpowertek.com\/de\/wp-json\/wp\/v2\/media?parent=11452"}],"curies":[{"name":"wp","href":"https:\/\/api.w.org\/{rel}","templated":true}]}}